{"id":8208,"date":"2026-04-30T02:36:25","date_gmt":"2026-04-30T02:36:25","guid":{"rendered":"https:\/\/jinsuncarbon.com\/?post_type=product&#038;p=8208"},"modified":"2026-04-30T02:36:26","modified_gmt":"2026-04-30T02:36:26","slug":"carbon-graphite-mechanical-seal","status":"publish","type":"product","link":"https:\/\/jinsuncarbon.com\/tr\/urun\/carbon-graphite-mechanical-seal\/","title":{"rendered":"Carbon Graphite Mechanical Seal"},"content":{"rendered":"<h2>Advantages of carbon graphite seals<\/h2>\n<p>It has very prominent advantages, and you can process it into various structures such as <a href=\"https:\/\/jinsuncarbon.com\/tr\/urun\/karbon-conta-halkasi\/\">s\u0131zd\u0131rmazl\u0131k halkalar\u0131<\/a>, shaft sleeves, gaskets, dynamic and static rings, etc.<\/p>\n<p><span data-type=\"0\" data-index=\"3\" data-gid=\"1\">M\u00fckemmel termal kararl\u0131l\u0131k<\/span><\/p>\n<p><span data-type=\"0\" data-index=\"5\" data-gid=\"1\">It can maintain stable performance within<\/span>\u00a0a wide temperature range of -200\u00b0C to 500\u00b0C.<\/p>\n<p>&nbsp;<\/p>\n<p>Excellent self-lubricating properties<\/p>\n<p>It can operate smoothly without the need for additional lubricating oil.<\/p>\n<p>&nbsp;<\/p>\n<p><span data-type=\"2\" data-index=\"7\" data-gid=\"2\">Kararl\u0131 kimyasal \u00f6zellikler<\/span><\/p>\n<p><span data-type=\"2\" data-index=\"9\" data-gid=\"2\">It does not react with most acids, bases, organic solvents, oil and gas media.<\/span><\/p>\n<p>&nbsp;<\/p>\n<p>D\u00fc\u015f\u00fck s\u00fcrt\u00fcnme katsay\u0131s\u0131<\/p>\n<p>When using it, its wear is minimal, so it has a long service life.<\/p>\n<p>&nbsp;<\/p>\n<p>Orta d\u00fczeyde mekanik dayan\u0131m<\/p>\n<p>It has good thermal shock resistance, which is not prone to cracking.<\/p>\n<p>&nbsp;<\/p>\n<p>High processing accuracy<\/p>\n<p>Its sealing surfaces are closely fitted and the sealing performance is reliable.<\/p>\n<p>&nbsp;<\/p>\n<p>Good heat conductivity<\/p>\n<p>It can quickly dissipate and transfer friction heat, avoiding damage to the sealing surface.<\/p>\n<p>&nbsp;<\/p>\n<h2>Uses of carbon graphite seals<\/h2>\n<p>&nbsp;<\/p>\n<h3>Mekanik end\u00fcstrisi<\/h3>\n<p>Sealing of rotating equipment<\/p>\n<p>You can use it as the core sealing components of rotating equipment such as pumps, compressors, mixers, centrifuges, and reducers. It can effectively prevent the leakage of liquids, gases, and oil-based media, ensuring the long-term stable operation of the equipment.<\/p>\n<p>Sealing of valves and pipelines<\/p>\n<p>You can use it in the static and dynamic sealing parts of various valves, flanges, and pipe fittings. And it has strong sealing performance and a long service life, suitable for various fluids such as water, steam, oil products, and chemical media.<\/p>\n<p>&nbsp;<\/p>\n<h3>Petrokimya end\u00fcstrisi<\/h3>\n<p>Chemical equipment sealing<\/p>\n<p>It is resistant to corrosion, suitable for strong corrosive environments such as reaction vessels, <a href=\"https:\/\/en.wikipedia.org\/wiki\/Heat_exchanger\" target=\"_blank\" rel=\"noopener\">\u0131s\u0131 e\u015fanj\u00f6rleri<\/a>, metering pumps, and conveying pumps.<\/p>\n<p>Oil and gas extraction and transportation<\/p>\n<p>You can use it in oilfield drilling equipment, oil pipelines, and oil and gas compressors, suitable for harsh outdoor conditions.<\/p>\n<p>&nbsp;<\/p>\n<h3>Energy and power sector<\/h3>\n<p>Sealing for pumps and fans<\/p>\n<p>With high-temperature resistance, you can use it in the circulating pumps, feed pumps and fan systems of power plants and power stations. It can reduce maintenance frequency, improving the operational efficiency of power generation equipment.<\/p>\n<p>New energy equipment<\/p>\n<p>Due to the good chemical stability, you can use it to seals of fuel cells, hydrogen energy equipment, and energy storage systems. It can release impurities, which is suitable for high-purity media and special atmosphere environments.<\/p>\n<p>&nbsp;<\/p>\n<h4>Food, medicine and light industry fields<\/h4>\n<p>Hygienic equipment sealing<\/p>\n<p>It complies with hygiene and safety standards and can be used for sealing components of food machinery, pharmaceutical equipment, and beverage equipment.<\/p>\n<p>Papermaking and printing equipment<\/p>\n<p>You can use it for lubrication and sealing parts of paper machines and printing machines to improve equipment operation efficiency.<\/p>\n<p>&nbsp;<\/p>\n<p>Aerospace and high-end equipment<\/p>\n<p>Special power device sealing<\/p>\n<p>With high-temperature resistant and lightweight, it is used for sealing and wear-reducing parts of aircraft engines and high-end precision instruments.<\/p>","protected":false},"excerpt":{"rendered":"<p>Carbon graphite seals is a sealing component made from high-strength carbon graphite materials through precise processing. It has excellent self-lubrication, high-temperature resistance, corrosion resistance and wear resistance, commonly used in the moving and static sealing parts of rotating, reciprocating and stationary equipment. It performs stably in various industrial fluid equipment, which is a highly applicable and reliable sealing material. It is particularly suitable for high-speed, high-temperature, oil-free and corrosive conditions, which is used in key equipment such as water pumps, compressors, chemical valves, etc.<\/p>","protected":false},"featured_media":8255,"template":"","meta":[],"product_brand":[],"product_cat":[67],"product_tag":[],"class_list":{"0":"post-8208","1":"product","2":"type-product","3":"status-publish","4":"has-post-thumbnail","6":"product_cat-graphite-material","8":"first","9":"instock","10":"shipping-taxable","11":"product-type-simple"},"yoast_head":"<!-- This site is optimized with the Yoast SEO Premium plugin v19.2.1 (Yoast SEO v25.3) - https:\/\/yoast.com\/wordpress\/plugins\/seo\/ -->\n<title>Carbon Graphite Mechanical Seal<\/title>\n<meta name=\"description\" content=\"Carbon graphite mechanical seal manufacturer in China, e can provide customized carbon graphite seal to meet your production needs.\" \/>\n<meta name=\"robots\" content=\"index, follow, max-snippet:-1, max-image-preview:large, max-video-preview:-1\" \/>\n<link rel=\"canonical\" href=\"https:\/\/jinsuncarbon.com\/tr\/urun\/carbon-graphite-mechanical-seal\/\" \/>\n<meta property=\"og:locale\" content=\"tr_TR\" \/>\n<meta property=\"og:type\" content=\"article\" \/>\n<meta property=\"og:title\" content=\"Carbon Graphite Mechanical Seal\" \/>\n<meta property=\"og:description\" content=\"Carbon graphite mechanical seal manufacturer in China, e can provide customized carbon graphite seal to meet your production needs.\" \/>\n<meta property=\"og:url\" content=\"https:\/\/jinsuncarbon.com\/tr\/urun\/carbon-graphite-mechanical-seal\/\" \/>\n<meta property=\"og:site_name\" content=\"Jinsun Carbon\" \/>\n<meta property=\"article:publisher\" content=\"https:\/\/www.facebook.com\/Graphite-Electrode-109336238661595\" \/>\n<meta property=\"article:modified_time\" content=\"2026-04-30T02:36:26+00:00\" \/>\n<meta property=\"og:image\" content=\"https:\/\/jinsuncarbon.com\/wp-content\/uploads\/2026\/04\/Carbon-Graphite-Seal.jpg\" \/>\n\t<meta property=\"og:image:width\" content=\"1024\" \/>\n\t<meta property=\"og:image:height\" content=\"763\" \/>\n\t<meta property=\"og:image:type\" content=\"image\/jpeg\" \/>\n<meta name=\"twitter:card\" content=\"summary_large_image\" \/>\n<meta name=\"twitter:site\" content=\"@jinsuncarbon_\" \/>\n<meta name=\"twitter:label1\" content=\"Tahmini okuma s\u00fcresi\" \/>\n\t<meta name=\"twitter:data1\" content=\"3 dakika\" \/>\n<script type=\"application\/ld+json\" class=\"yoast-schema-graph\">{\"@context\":\"https:\/\/schema.org\",\"@graph\":[{\"@type\":\"WebPage\",\"@id\":\"https:\/\/jinsuncarbon.com\/product\/carbon-graphite-mechanical-seal\/\",\"url\":\"https:\/\/jinsuncarbon.com\/product\/carbon-graphite-mechanical-seal\/\",\"name\":\"Carbon Graphite Mechanical Seal\",\"isPartOf\":{\"@id\":\"https:\/\/jinsuncarbon.com\/#website\"},\"primaryImageOfPage\":{\"@id\":\"https:\/\/jinsuncarbon.com\/product\/carbon-graphite-mechanical-seal\/#primaryimage\"},\"image\":{\"@id\":\"https:\/\/jinsuncarbon.com\/product\/carbon-graphite-mechanical-seal\/#primaryimage\"},\"thumbnailUrl\":\"https:\/\/jinsuncarbon.com\/wp-content\/uploads\/2026\/04\/Carbon-Graphite-Seal.jpg\",\"datePublished\":\"2026-04-30T02:36:25+00:00\",\"dateModified\":\"2026-04-30T02:36:26+00:00\",\"description\":\"Carbon graphite mechanical seal manufacturer in China, e can provide customized carbon graphite seal to meet your production needs.\",\"breadcrumb\":{\"@id\":\"https:\/\/jinsuncarbon.com\/product\/carbon-graphite-mechanical-seal\/#breadcrumb\"},\"inLanguage\":\"tr\",\"potentialAction\":[{\"@type\":\"ReadAction\",\"target\":[\"https:\/\/jinsuncarbon.com\/product\/carbon-graphite-mechanical-seal\/\"]}]},{\"@type\":\"ImageObject\",\"inLanguage\":\"tr\",\"@id\":\"https:\/\/jinsuncarbon.com\/product\/carbon-graphite-mechanical-seal\/#primaryimage\",\"url\":\"https:\/\/jinsuncarbon.com\/wp-content\/uploads\/2026\/04\/Carbon-Graphite-Seal.jpg\",\"contentUrl\":\"https:\/\/jinsuncarbon.com\/wp-content\/uploads\/2026\/04\/Carbon-Graphite-Seal.jpg\",\"width\":1024,\"height\":763,\"caption\":\"carbon graphite mechanical seal\"},{\"@type\":\"BreadcrumbList\",\"@id\":\"https:\/\/jinsuncarbon.com\/product\/carbon-graphite-mechanical-seal\/#breadcrumb\",\"itemListElement\":[{\"@type\":\"ListItem\",\"position\":1,\"name\":\"Home\",\"item\":\"https:\/\/jinsuncarbon.com\/\"},{\"@type\":\"ListItem\",\"position\":2,\"name\":\"Products\",\"item\":\"https:\/\/jinsuncarbon.com\/graphite-carbon\/\"},{\"@type\":\"ListItem\",\"position\":3,\"name\":\"Carbon Graphite Mechanical Seal\"}]},{\"@type\":\"WebSite\",\"@id\":\"https:\/\/jinsuncarbon.com\/#website\",\"url\":\"https:\/\/jinsuncarbon.com\/\",\"name\":\"Jinsun Carbon\",\"description\":\"We are the successful graphite electrode manufacturer in China\",\"publisher\":{\"@id\":\"https:\/\/jinsuncarbon.com\/#organization\"},\"potentialAction\":[{\"@type\":\"SearchAction\",\"target\":{\"@type\":\"EntryPoint\",\"urlTemplate\":\"https:\/\/jinsuncarbon.com\/?s={search_term_string}\"},\"query-input\":{\"@type\":\"PropertyValueSpecification\",\"valueRequired\":true,\"valueName\":\"search_term_string\"}}],\"inLanguage\":\"tr\"},{\"@type\":\"Organization\",\"@id\":\"https:\/\/jinsuncarbon.com\/#organization\",\"name\":\"Jinsun Carbon\",\"alternateName\":\"Jinsun Carbon\",\"url\":\"https:\/\/jinsuncarbon.com\/\",\"logo\":{\"@type\":\"ImageObject\",\"inLanguage\":\"tr\",\"@id\":\"https:\/\/jinsuncarbon.com\/#\/schema\/logo\/image\/\",\"url\":\"https:\/\/jinsuncarbon.com\/wp-content\/uploads\/2022\/12\/LOGO-1.png\",\"contentUrl\":\"https:\/\/jinsuncarbon.com\/wp-content\/uploads\/2022\/12\/LOGO-1.png\",\"width\":207,\"height\":80,\"caption\":\"Jinsun Carbon\"},\"image\":{\"@id\":\"https:\/\/jinsuncarbon.com\/#\/schema\/logo\/image\/\"},\"sameAs\":[\"https:\/\/www.facebook.com\/Graphite-Electrode-109336238661595\",\"https:\/\/x.com\/jinsuncarbon_\",\"https:\/\/www.linkedin.com\/in\/jinsungraphite\",\"https:\/\/www.youtube.com\/channel\/UCysDNyvyR5-3cCWEmpkVC0g\"]}]}<\/script>\n<!-- \/ Yoast SEO Premium plugin. -->","yoast_head_json":{"title":"Carbon Graphite Mechanical Seal","description":"Carbon graphite mechanical seal manufacturer in China, e can provide customized carbon graphite seal to meet your production needs.","robots":{"index":"index","follow":"follow","max-snippet":"max-snippet:-1","max-image-preview":"max-image-preview:large","max-video-preview":"max-video-preview:-1"},"canonical":"https:\/\/jinsuncarbon.com\/tr\/urun\/carbon-graphite-mechanical-seal\/","og_locale":"tr_TR","og_type":"article","og_title":"Carbon Graphite Mechanical Seal","og_description":"Carbon graphite mechanical seal manufacturer in China, e can provide customized carbon graphite seal to meet your production needs.","og_url":"https:\/\/jinsuncarbon.com\/tr\/urun\/carbon-graphite-mechanical-seal\/","og_site_name":"Jinsun Carbon","article_publisher":"https:\/\/www.facebook.com\/Graphite-Electrode-109336238661595","article_modified_time":"2026-04-30T02:36:26+00:00","og_image":[{"width":1024,"height":763,"url":"https:\/\/jinsuncarbon.com\/wp-content\/uploads\/2026\/04\/Carbon-Graphite-Seal.jpg","type":"image\/jpeg"}],"twitter_card":"summary_large_image","twitter_site":"@jinsuncarbon_","twitter_misc":{"Tahmini okuma s\u00fcresi":"3 dakika"},"schema":{"@context":"https:\/\/schema.org","@graph":[{"@type":"WebPage","@id":"https:\/\/jinsuncarbon.com\/product\/carbon-graphite-mechanical-seal\/","url":"https:\/\/jinsuncarbon.com\/product\/carbon-graphite-mechanical-seal\/","name":"Carbon Graphite Mechanical Seal","isPartOf":{"@id":"https:\/\/jinsuncarbon.com\/#website"},"primaryImageOfPage":{"@id":"https:\/\/jinsuncarbon.com\/product\/carbon-graphite-mechanical-seal\/#primaryimage"},"image":{"@id":"https:\/\/jinsuncarbon.com\/product\/carbon-graphite-mechanical-seal\/#primaryimage"},"thumbnailUrl":"https:\/\/jinsuncarbon.com\/wp-content\/uploads\/2026\/04\/Carbon-Graphite-Seal.jpg","datePublished":"2026-04-30T02:36:25+00:00","dateModified":"2026-04-30T02:36:26+00:00","description":"Carbon graphite mechanical seal manufacturer in China, e can provide customized carbon graphite seal to meet your production needs.","breadcrumb":{"@id":"https:\/\/jinsuncarbon.com\/product\/carbon-graphite-mechanical-seal\/#breadcrumb"},"inLanguage":"tr","potentialAction":[{"@type":"ReadAction","target":["https:\/\/jinsuncarbon.com\/product\/carbon-graphite-mechanical-seal\/"]}]},{"@type":"ImageObject","inLanguage":"tr","@id":"https:\/\/jinsuncarbon.com\/product\/carbon-graphite-mechanical-seal\/#primaryimage","url":"https:\/\/jinsuncarbon.com\/wp-content\/uploads\/2026\/04\/Carbon-Graphite-Seal.jpg","contentUrl":"https:\/\/jinsuncarbon.com\/wp-content\/uploads\/2026\/04\/Carbon-Graphite-Seal.jpg","width":1024,"height":763,"caption":"carbon graphite mechanical seal"},{"@type":"BreadcrumbList","@id":"https:\/\/jinsuncarbon.com\/product\/carbon-graphite-mechanical-seal\/#breadcrumb","itemListElement":[{"@type":"ListItem","position":1,"name":"Home","item":"https:\/\/jinsuncarbon.com\/"},{"@type":"ListItem","position":2,"name":"Products","item":"https:\/\/jinsuncarbon.com\/graphite-carbon\/"},{"@type":"ListItem","position":3,"name":"Carbon Graphite Mechanical Seal"}]},{"@type":"WebSite","@id":"https:\/\/jinsuncarbon.com\/#website","url":"https:\/\/jinsuncarbon.com\/","name":"Jinsun Karbon","description":"\u00c7in'deki ba\u015far\u0131l\u0131 grafit elektrot \u00fcreticisiyiz","publisher":{"@id":"https:\/\/jinsuncarbon.com\/#organization"},"potentialAction":[{"@type":"SearchAction","target":{"@type":"EntryPoint","urlTemplate":"https:\/\/jinsuncarbon.com\/?s={search_term_string}"},"query-input":{"@type":"PropertyValueSpecification","valueRequired":true,"valueName":"search_term_string"}}],"inLanguage":"tr"},{"@type":"Organization","@id":"https:\/\/jinsuncarbon.com\/#organization","name":"Jinsun Karbon","alternateName":"Jinsun Carbon","url":"https:\/\/jinsuncarbon.com\/","logo":{"@type":"ImageObject","inLanguage":"tr","@id":"https:\/\/jinsuncarbon.com\/#\/schema\/logo\/image\/","url":"https:\/\/jinsuncarbon.com\/wp-content\/uploads\/2022\/12\/LOGO-1.png","contentUrl":"https:\/\/jinsuncarbon.com\/wp-content\/uploads\/2022\/12\/LOGO-1.png","width":207,"height":80,"caption":"Jinsun Carbon"},"image":{"@id":"https:\/\/jinsuncarbon.com\/#\/schema\/logo\/image\/"},"sameAs":["https:\/\/www.facebook.com\/Graphite-Electrode-109336238661595","https:\/\/x.com\/jinsuncarbon_","https:\/\/www.linkedin.com\/in\/jinsungraphite","https:\/\/www.youtube.com\/channel\/UCysDNyvyR5-3cCWEmpkVC0g"]}]}},"_links":{"self":[{"href":"https:\/\/jinsuncarbon.com\/tr\/wp-json\/wp\/v2\/product\/8208","targetHints":{"allow":["GET"]}}],"collection":[{"href":"https:\/\/jinsuncarbon.com\/tr\/wp-json\/wp\/v2\/product"}],"about":[{"href":"https:\/\/jinsuncarbon.com\/tr\/wp-json\/wp\/v2\/types\/product"}],"wp:featuredmedia":[{"embeddable":true,"href":"https:\/\/jinsuncarbon.com\/tr\/wp-json\/wp\/v2\/media\/8255"}],"wp:attachment":[{"href":"https:\/\/jinsuncarbon.com\/tr\/wp-json\/wp\/v2\/media?parent=8208"}],"wp:term":[{"taxonomy":"product_brand","embeddable":true,"href":"https:\/\/jinsuncarbon.com\/tr\/wp-json\/wp\/v2\/product_brand?post=8208"},{"taxonomy":"product_cat","embeddable":true,"href":"https:\/\/jinsuncarbon.com\/tr\/wp-json\/wp\/v2\/product_cat?post=8208"},{"taxonomy":"product_tag","embeddable":true,"href":"https:\/\/jinsuncarbon.com\/tr\/wp-json\/wp\/v2\/product_tag?post=8208"}],"curies":[{"name":"wp","href":"https:\/\/api.w.org\/{rel}","templated":true}]}}