{"id":8089,"date":"2025-09-30T01:33:01","date_gmt":"2025-09-30T01:33:01","guid":{"rendered":"https:\/\/jinsuncarbon.com\/?post_type=product&#038;p=8089"},"modified":"2025-09-30T01:33:01","modified_gmt":"2025-09-30T01:33:01","slug":"ince-taneli-grafit-cubuk","status":"publish","type":"product","link":"https:\/\/jinsuncarbon.com\/tr\/urun\/ince-taneli-grafit-cubuk\/","title":{"rendered":"\u0130nce Taneli Grafit \u00c7ubuk"},"content":{"rendered":"<h2>\u0130nce taneli grafit \u00e7ubu\u011fun avantajlar\u0131<\/h2>\n<p>Avantajlar\u0131, \u00f6zellikle a\u015fa\u011f\u0131daki birka\u00e7 nokta dahil olmak \u00fczere performans kararl\u0131l\u0131\u011f\u0131 ve uygulama uyumlulu\u011funda yatmaktad\u0131r.<\/p>\n<p><strong><b>Son derece y\u00fcksek \u0131s\u0131 direnci<\/b><\/strong><\/p>\n<p>Grafit \u00e7ubuklar, 2000\u00b0C'nin \u00fczerindeki s\u0131cakl\u0131klara sahip ortamlarda yumu\u015famadan veya deforme olmadan yap\u0131sal stabiliteyi koruyabilir. Ve y\u00fcksek s\u0131cakl\u0131kta \u0131s\u0131tma ve eritme senaryolar\u0131 i\u00e7in uygundur.<\/p>\n<p>&nbsp;<\/p>\n<p><strong><b>M\u00fckemmel elektrik iletkenli\u011fi ve termal iletkenlik<\/b><\/strong><\/p>\n<p>Elektrik ak\u0131m\u0131 e\u015fit \u015fekilde iletilir ve \u0131s\u0131 kayb\u0131 d\u00fc\u015f\u00fckt\u00fcr, bu da hassas bir elektrot bile\u015feni olarak uygundur.<\/p>\n<p>&nbsp;<\/p>\n<p><strong><b>\u0130yi kimyasal inertlik<\/b><\/strong><\/p>\n<p>G\u00fc\u00e7l\u00fc asitlere, g\u00fc\u00e7l\u00fc bazlara ve \u00e7o\u011fu a\u015f\u0131nd\u0131r\u0131c\u0131 gaza kar\u015f\u0131 dayan\u0131kl\u0131d\u0131r. Bu nedenle kimya end\u00fcstrisi ve elektroliz gibi zorlu ortamlarda uzun bir hizmet \u00f6mr\u00fcne sahiptir.<\/p>\n<p>&nbsp;<\/p>\n<p><strong><b>D\u00fc\u015f\u00fck s\u00fcrt\u00fcnme katsay\u0131s\u0131 ve y\u00fcksek a\u015f\u0131nma direnci<\/b><\/strong><\/p>\n<p>Y\u00fczey p\u00fcr\u00fczs\u00fcz ve yap\u0131 yo\u011fundur, bu da ekipman a\u015f\u0131nmas\u0131n\u0131 azaltabilecek d\u00fc\u015f\u00fck bir a\u015f\u0131nma oran\u0131na neden olur.<\/p>\n<p>&nbsp;<\/p>\n<p><strong><b>Y\u00fcksek yap\u0131sal yo\u011funluk<\/b><\/strong><\/p>\n<p>\u0130nce tanecik \u00f6zellikleri daha y\u00fcksek yo\u011funlu\u011fa ve daha d\u00fc\u015f\u00fck g\u00f6zeneklili\u011fe sahip olmas\u0131n\u0131 sa\u011flar. Bu, yabanc\u0131 maddelerin n\u00fcfuz etmesini \u00f6nler ve hassas uygulamalarda g\u00fcvenilirli\u011fi art\u0131r\u0131r.<\/p>\n<p><strong><b>\u00a0<\/b><\/strong><\/p>\n<h2>\u0130nce taneli grafit \u00e7ubu\u011fun kullan\u0131m alanlar\u0131<\/h2>\n<h3>Hassas \u00dcretim Alan\u0131<\/h3>\n<p><strong><b>E<\/b><\/strong><strong><b>elektriksel de\u015farj ile i\u015fleme (EDM)<\/b><\/strong><strong><b>\u00a0elektrot<\/b><\/strong><\/p>\n<p>Karma\u015f\u0131k metal kal\u0131plar\u0131 (otomotiv bile\u015fen kal\u0131plar\u0131 ve elektronik bile\u015fen kal\u0131plar\u0131 gibi) i\u015flemek i\u00e7in kullanabilirsiniz. \u0130nce taneli yap\u0131s\u0131 d\u00fczg\u00fcn ak\u0131m iletimi sa\u011flar, elektrot a\u015f\u0131nmas\u0131n\u0131 azalt\u0131r ve kal\u0131p i\u015fleme hassasiyetini art\u0131r\u0131r.<\/p>\n<p><strong><b>S<\/b><\/strong><strong><b>emi\u0307kond\u00fckt\u00f6r end\u00fcstri\u0307si\u0307<\/b><\/strong><\/p>\n<p>Y\u00fcksek safl\u0131k \u00f6zellikleri nedeniyle yar\u0131 iletken tek kristal f\u0131r\u0131nlar i\u00e7in gofret ta\u015f\u0131y\u0131c\u0131 \u00e7ubuk olarak ince taneli grafit \u00e7ubuk kullanabilirsiniz. Yar\u0131 iletken malzemelerin kirlenmesini \u00f6nleyebilir ve \u00e7ip \u00fcretiminin hassas gereksinimlerini kar\u015f\u0131layabilir.<\/p>\n<p>&nbsp;<\/p>\n<h3>Y\u00fcksek S\u0131cakl\u0131k End\u00fcstriyel Alan\u0131<\/h3>\n<p><strong><b>Y\u00fcksek s\u0131cakl\u0131k deney ekipmanlar\u0131<\/b><\/strong><\/p>\n<p>olarak kullanabilirsiniz. <a href=\"https:\/\/jinsuncarbon.com\/tr\/urun\/grafit-isitma-elemani\/\">\u0131s\u0131tma eleman\u0131<\/a> Mufla f\u0131r\u0131nlar\u0131 ve vakum f\u0131r\u0131nlar\u0131 gibi y\u00fcksek s\u0131cakl\u0131k deney ekipmanlar\u0131 i\u00e7in. Malzeme y\u00fcksek s\u0131cakl\u0131k testi gibi deneysel ihtiya\u00e7lar\u0131 kar\u015f\u0131layarak 3000\u00b0C'nin \u00fczerindeki s\u0131cakl\u0131klarda kararl\u0131 bir \u015fekilde \u0131s\u0131 \u00fcretebilir.<\/p>\n<p><strong><b>Metal eritme<\/b><\/strong><\/p>\n<p>Demir d\u0131\u015f\u0131 metallerin (al\u00fcminyum, bak\u0131r) eritilmesinde yard\u0131mc\u0131 elektrot olarak kullanabilirsiniz. Y\u00fcksek s\u0131cakl\u0131kta eritmeye dayan\u0131rken ak\u0131m\u0131 iletir ve eritme i\u015fleminin stabilitesini sa\u011flar.<\/p>\n<p>&nbsp;<\/p>\n<h3>Kimya ve Elektroliz Alan\u0131<\/h3>\n<p><strong><b>Elektrolitik h\u00fccrenin elektrodu<\/b><\/strong><\/p>\n<p>Klor-alkali end\u00fcstrisi ve metal end\u00fcstrisi gibi senaryolarda <a href=\"https:\/\/en.wikipedia.org\/wiki\/Electrolysis\" target=\"_blank\" rel=\"noopener\">elektroliz<\/a> safla\u015ft\u0131rma, elektrolitik h\u00fccrenin elektrodu olarak hizmet eder. G\u00fc\u00e7l\u00fc asitler ve g\u00fc\u00e7l\u00fc alkaliler gibi a\u015f\u0131nd\u0131r\u0131c\u0131 ortamlara kar\u015f\u0131 dayan\u0131kl\u0131d\u0131r ve uzun s\u00fcreli istikrarl\u0131 \u00e7al\u0131\u015fma kapasitesine sahiptir.<\/p>\n<p><strong><b>Kimyasal ekipman bile\u015fenleri<\/b><\/strong><\/p>\n<p>Kimyasal reakt\u00f6rlerde destek \u00e7ubuklar\u0131 ve ak\u0131\u015f y\u00f6nlendirme \u00e7ubuklar\u0131 olarak, reakt\u00f6rdeki a\u015f\u0131nd\u0131r\u0131c\u0131 gazlar\u0131n veya s\u0131v\u0131lar\u0131n erozyonuna kar\u015f\u0131 diren\u00e7 g\u00f6sterir. B\u00f6ylece ekipman\u0131n hizmet \u00f6mr\u00fcn\u00fc uzatabilir.<\/p>\n<p>&nbsp;<\/p>\n<h3>Mekanik ve Genel Alan<\/h3>\n<p><strong><b>P<\/b><\/strong><strong><b>recision mekani\u0307k bi\u0307le\u015fenleri\u0307<\/b><\/strong><\/p>\n<p>Y\u00fcksek s\u0131cakl\u0131k yataklar\u0131 ve s\u0131zd\u0131rmazl\u0131k man\u015fonu olarak kullanabilirsiniz. D\u00fc\u015f\u00fck s\u00fcrt\u00fcnme \u00f6zelli\u011fi mekanik bile\u015fenlerin a\u015f\u0131nmas\u0131n\u0131 azaltabilir ve ekipman bak\u0131m maliyetlerini d\u00fc\u015f\u00fcrebilir.<\/p>\n<p><strong><b>P<\/b><\/strong><strong><b>rotective sleeve<\/b><\/strong><strong><b>s<\/b><\/strong><strong><b>\u00a0y\u00fcksek s\u0131cakl\u0131k s\u0131cakl\u0131k sens\u00f6rleri i\u00e7in<\/b><\/strong><\/p>\n<p>Y\u00fcksek s\u0131cakl\u0131k direnci ve termal iletkenli\u011fi, y\u00fcksek s\u0131cakl\u0131k senaryolar\u0131nda sens\u00f6r taraf\u0131ndan do\u011fru s\u0131cakl\u0131k alg\u0131lamas\u0131n\u0131 sa\u011flayabilir.<\/p>","protected":false},"excerpt":{"rendered":"<p>\u0130nce taneli grafit \u00e7ubuk, \u015fekillendirme, f\u0131r\u0131nlama ve grafitle\u015ftirme gibi i\u015flemlerle y\u00fcksek safl\u0131kta grafitten yap\u0131lan \u00e7ubuk \u015feklinde bir \u00fcr\u00fcnd\u00fcr. Temel \u00f6zelli\u011fi, grafit kristal par\u00e7ac\u0131klar\u0131n\u0131n k\u00fc\u00e7\u00fck ve e\u015fit da\u011f\u0131lm\u0131\u015f olmas\u0131 ve m\u00fckemmel y\u00fcksek s\u0131cakl\u0131k direncine, elektrik iletkenli\u011fine, kimyasal stabiliteye ve d\u00fc\u015f\u00fck s\u00fcrt\u00fcnme \u00f6zelliklerine sahip olmas\u0131d\u0131r. Bu nedenle, zorlu senaryolar i\u00e7in uygun dayan\u0131kl\u0131 fonksiyonel malzemeler olan hassas imalat, y\u00fcksek s\u0131cakl\u0131k end\u00fcstrileri vb. alanlarda ola\u011fan\u00fcst\u00fc iyi performans g\u00f6sterir. Elektrik de\u015farjl\u0131 i\u015fleme i\u00e7in hassas elektrotlar, y\u00fcksek s\u0131cakl\u0131k deney f\u0131r\u0131nlar\u0131 i\u00e7in \u0131s\u0131tma elemanlar\u0131 olarak kullanabilirsiniz. Ve \u00e7ok \u00e7e\u015fitli kritik uygulama senaryolar\u0131n\u0131 kapsayan kimyasal elektrolitik h\u00fccreler i\u00e7in korozyona dayan\u0131kl\u0131 elektrotlar.<\/p>","protected":false},"featured_media":8090,"template":"","meta":[],"product_brand":[],"product_cat":[38],"product_tag":[],"class_list":{"0":"post-8089","1":"product","2":"type-product","3":"status-publish","4":"has-post-thumbnail","6":"product_cat-graphite-products","8":"first","9":"instock","10":"shipping-taxable","11":"product-type-simple"},"yoast_head":"<!-- This site is optimized with the Yoast SEO Premium plugin v19.2.1 (Yoast SEO v25.3) - https:\/\/yoast.com\/wordpress\/plugins\/seo\/ -->\n<title>Fine Grain Graphite Rod Manufacturer in China | Jinsun Carbon<\/title>\n<meta name=\"description\" content=\"Fine grain graphite rod manufacturer in China, Jinsun can supply products of different sizes to meet your industrial production needs.\" \/>\n<meta name=\"robots\" content=\"index, follow, max-snippet:-1, max-image-preview:large, max-video-preview:-1\" \/>\n<link rel=\"canonical\" href=\"https:\/\/jinsuncarbon.com\/tr\/urun\/ince-taneli-grafit-cubuk\/\" \/>\n<meta property=\"og:locale\" content=\"tr_TR\" \/>\n<meta property=\"og:type\" content=\"article\" \/>\n<meta property=\"og:title\" content=\"Fine Grain Graphite Rod\" \/>\n<meta property=\"og:description\" content=\"Fine grain graphite rod manufacturer in China, Jinsun can supply products of different sizes to meet your industrial production needs.\" \/>\n<meta property=\"og:url\" content=\"https:\/\/jinsuncarbon.com\/tr\/urun\/ince-taneli-grafit-cubuk\/\" \/>\n<meta property=\"og:site_name\" content=\"Jinsun Carbon\" \/>\n<meta property=\"article:publisher\" content=\"https:\/\/www.facebook.com\/Graphite-Electrode-109336238661595\" \/>\n<meta property=\"og:image\" content=\"https:\/\/jinsuncarbon.com\/wp-content\/uploads\/2025\/09\/Fine-grain-graphite-rod.jpg\" \/>\n\t<meta property=\"og:image:width\" content=\"1024\" \/>\n\t<meta property=\"og:image:height\" content=\"763\" \/>\n\t<meta property=\"og:image:type\" content=\"image\/jpeg\" \/>\n<meta name=\"twitter:card\" content=\"summary_large_image\" \/>\n<meta name=\"twitter:site\" content=\"@jinsuncarbon_\" \/>\n<meta name=\"twitter:label1\" content=\"Tahmini okuma s\u00fcresi\" \/>\n\t<meta name=\"twitter:data1\" content=\"3 dakika\" \/>\n<script type=\"application\/ld+json\" class=\"yoast-schema-graph\">{\"@context\":\"https:\/\/schema.org\",\"@graph\":[{\"@type\":\"WebPage\",\"@id\":\"https:\/\/jinsuncarbon.com\/product\/fine-grain-graphite-rod\/\",\"url\":\"https:\/\/jinsuncarbon.com\/product\/fine-grain-graphite-rod\/\",\"name\":\"Fine Grain Graphite Rod Manufacturer in China | Jinsun Carbon\",\"isPartOf\":{\"@id\":\"https:\/\/jinsuncarbon.com\/#website\"},\"primaryImageOfPage\":{\"@id\":\"https:\/\/jinsuncarbon.com\/product\/fine-grain-graphite-rod\/#primaryimage\"},\"image\":{\"@id\":\"https:\/\/jinsuncarbon.com\/product\/fine-grain-graphite-rod\/#primaryimage\"},\"thumbnailUrl\":\"https:\/\/jinsuncarbon.com\/wp-content\/uploads\/2025\/09\/Fine-grain-graphite-rod.jpg\",\"datePublished\":\"2025-09-30T01:33:01+00:00\",\"description\":\"Fine grain graphite rod manufacturer in China, Jinsun can supply products of different sizes to meet your industrial production needs.\",\"breadcrumb\":{\"@id\":\"https:\/\/jinsuncarbon.com\/product\/fine-grain-graphite-rod\/#breadcrumb\"},\"inLanguage\":\"tr\",\"potentialAction\":[{\"@type\":\"ReadAction\",\"target\":[\"https:\/\/jinsuncarbon.com\/product\/fine-grain-graphite-rod\/\"]}]},{\"@type\":\"ImageObject\",\"inLanguage\":\"tr\",\"@id\":\"https:\/\/jinsuncarbon.com\/product\/fine-grain-graphite-rod\/#primaryimage\",\"url\":\"https:\/\/jinsuncarbon.com\/wp-content\/uploads\/2025\/09\/Fine-grain-graphite-rod.jpg\",\"contentUrl\":\"https:\/\/jinsuncarbon.com\/wp-content\/uploads\/2025\/09\/Fine-grain-graphite-rod.jpg\",\"width\":1024,\"height\":763,\"caption\":\"Fine grain graphite rod\"},{\"@type\":\"BreadcrumbList\",\"@id\":\"https:\/\/jinsuncarbon.com\/product\/fine-grain-graphite-rod\/#breadcrumb\",\"itemListElement\":[{\"@type\":\"ListItem\",\"position\":1,\"name\":\"Home\",\"item\":\"https:\/\/jinsuncarbon.com\/\"},{\"@type\":\"ListItem\",\"position\":2,\"name\":\"Products\",\"item\":\"https:\/\/jinsuncarbon.com\/graphite-carbon\/\"},{\"@type\":\"ListItem\",\"position\":3,\"name\":\"Fine Grain Graphite Rod\"}]},{\"@type\":\"WebSite\",\"@id\":\"https:\/\/jinsuncarbon.com\/#website\",\"url\":\"https:\/\/jinsuncarbon.com\/\",\"name\":\"Jinsun Carbon\",\"description\":\"We are the successful graphite electrode manufacturer in China\",\"publisher\":{\"@id\":\"https:\/\/jinsuncarbon.com\/#organization\"},\"potentialAction\":[{\"@type\":\"SearchAction\",\"target\":{\"@type\":\"EntryPoint\",\"urlTemplate\":\"https:\/\/jinsuncarbon.com\/?s={search_term_string}\"},\"query-input\":{\"@type\":\"PropertyValueSpecification\",\"valueRequired\":true,\"valueName\":\"search_term_string\"}}],\"inLanguage\":\"tr\"},{\"@type\":\"Organization\",\"@id\":\"https:\/\/jinsuncarbon.com\/#organization\",\"name\":\"Jinsun Carbon\",\"alternateName\":\"Jinsun Carbon\",\"url\":\"https:\/\/jinsuncarbon.com\/\",\"logo\":{\"@type\":\"ImageObject\",\"inLanguage\":\"tr\",\"@id\":\"https:\/\/jinsuncarbon.com\/#\/schema\/logo\/image\/\",\"url\":\"https:\/\/jinsuncarbon.com\/wp-content\/uploads\/2022\/12\/LOGO-1.png\",\"contentUrl\":\"https:\/\/jinsuncarbon.com\/wp-content\/uploads\/2022\/12\/LOGO-1.png\",\"width\":207,\"height\":80,\"caption\":\"Jinsun Carbon\"},\"image\":{\"@id\":\"https:\/\/jinsuncarbon.com\/#\/schema\/logo\/image\/\"},\"sameAs\":[\"https:\/\/www.facebook.com\/Graphite-Electrode-109336238661595\",\"https:\/\/x.com\/jinsuncarbon_\",\"https:\/\/www.linkedin.com\/in\/jinsungraphite\",\"https:\/\/www.youtube.com\/channel\/UCysDNyvyR5-3cCWEmpkVC0g\"]}]}<\/script>\n<!-- \/ Yoast SEO Premium plugin. -->","yoast_head_json":{"title":"\u00c7in'de \u0130nce Taneli Grafit \u00c7ubuk \u00dcreticisi | Jinsun Carbon","description":"\u00c7in'deki ince taneli grafit \u00e7ubuk \u00fcreticisi Jinsun, end\u00fcstriyel \u00fcretim ihtiya\u00e7lar\u0131n\u0131z\u0131 kar\u015f\u0131lamak i\u00e7in farkl\u0131 boyutlarda \u00fcr\u00fcnler tedarik edebilir.","robots":{"index":"index","follow":"follow","max-snippet":"max-snippet:-1","max-image-preview":"max-image-preview:large","max-video-preview":"max-video-preview:-1"},"canonical":"https:\/\/jinsuncarbon.com\/tr\/urun\/ince-taneli-grafit-cubuk\/","og_locale":"tr_TR","og_type":"article","og_title":"Fine Grain Graphite Rod","og_description":"Fine grain graphite rod manufacturer in China, Jinsun can supply products of different sizes to meet your industrial production needs.","og_url":"https:\/\/jinsuncarbon.com\/tr\/urun\/ince-taneli-grafit-cubuk\/","og_site_name":"Jinsun Carbon","article_publisher":"https:\/\/www.facebook.com\/Graphite-Electrode-109336238661595","og_image":[{"width":1024,"height":763,"url":"https:\/\/jinsuncarbon.com\/wp-content\/uploads\/2025\/09\/Fine-grain-graphite-rod.jpg","type":"image\/jpeg"}],"twitter_card":"summary_large_image","twitter_site":"@jinsuncarbon_","twitter_misc":{"Tahmini okuma s\u00fcresi":"3 dakika"},"schema":{"@context":"https:\/\/schema.org","@graph":[{"@type":"WebPage","@id":"https:\/\/jinsuncarbon.com\/product\/fine-grain-graphite-rod\/","url":"https:\/\/jinsuncarbon.com\/product\/fine-grain-graphite-rod\/","name":"\u00c7in'de \u0130nce Taneli Grafit \u00c7ubuk \u00dcreticisi | Jinsun Carbon","isPartOf":{"@id":"https:\/\/jinsuncarbon.com\/#website"},"primaryImageOfPage":{"@id":"https:\/\/jinsuncarbon.com\/product\/fine-grain-graphite-rod\/#primaryimage"},"image":{"@id":"https:\/\/jinsuncarbon.com\/product\/fine-grain-graphite-rod\/#primaryimage"},"thumbnailUrl":"https:\/\/jinsuncarbon.com\/wp-content\/uploads\/2025\/09\/Fine-grain-graphite-rod.jpg","datePublished":"2025-09-30T01:33:01+00:00","description":"\u00c7in'deki ince taneli grafit \u00e7ubuk \u00fcreticisi Jinsun, end\u00fcstriyel \u00fcretim ihtiya\u00e7lar\u0131n\u0131z\u0131 kar\u015f\u0131lamak i\u00e7in farkl\u0131 boyutlarda \u00fcr\u00fcnler tedarik edebilir.","breadcrumb":{"@id":"https:\/\/jinsuncarbon.com\/product\/fine-grain-graphite-rod\/#breadcrumb"},"inLanguage":"tr","potentialAction":[{"@type":"ReadAction","target":["https:\/\/jinsuncarbon.com\/product\/fine-grain-graphite-rod\/"]}]},{"@type":"ImageObject","inLanguage":"tr","@id":"https:\/\/jinsuncarbon.com\/product\/fine-grain-graphite-rod\/#primaryimage","url":"https:\/\/jinsuncarbon.com\/wp-content\/uploads\/2025\/09\/Fine-grain-graphite-rod.jpg","contentUrl":"https:\/\/jinsuncarbon.com\/wp-content\/uploads\/2025\/09\/Fine-grain-graphite-rod.jpg","width":1024,"height":763,"caption":"Fine grain graphite rod"},{"@type":"BreadcrumbList","@id":"https:\/\/jinsuncarbon.com\/product\/fine-grain-graphite-rod\/#breadcrumb","itemListElement":[{"@type":"ListItem","position":1,"name":"Home","item":"https:\/\/jinsuncarbon.com\/"},{"@type":"ListItem","position":2,"name":"Products","item":"https:\/\/jinsuncarbon.com\/graphite-carbon\/"},{"@type":"ListItem","position":3,"name":"Fine Grain Graphite Rod"}]},{"@type":"WebSite","@id":"https:\/\/jinsuncarbon.com\/#website","url":"https:\/\/jinsuncarbon.com\/","name":"Jinsun Karbon","description":"\u00c7in'deki ba\u015far\u0131l\u0131 grafit elektrot \u00fcreticisiyiz","publisher":{"@id":"https:\/\/jinsuncarbon.com\/#organization"},"potentialAction":[{"@type":"SearchAction","target":{"@type":"EntryPoint","urlTemplate":"https:\/\/jinsuncarbon.com\/?s={search_term_string}"},"query-input":{"@type":"PropertyValueSpecification","valueRequired":true,"valueName":"search_term_string"}}],"inLanguage":"tr"},{"@type":"Organization","@id":"https:\/\/jinsuncarbon.com\/#organization","name":"Jinsun Karbon","alternateName":"Jinsun Carbon","url":"https:\/\/jinsuncarbon.com\/","logo":{"@type":"ImageObject","inLanguage":"tr","@id":"https:\/\/jinsuncarbon.com\/#\/schema\/logo\/image\/","url":"https:\/\/jinsuncarbon.com\/wp-content\/uploads\/2022\/12\/LOGO-1.png","contentUrl":"https:\/\/jinsuncarbon.com\/wp-content\/uploads\/2022\/12\/LOGO-1.png","width":207,"height":80,"caption":"Jinsun Carbon"},"image":{"@id":"https:\/\/jinsuncarbon.com\/#\/schema\/logo\/image\/"},"sameAs":["https:\/\/www.facebook.com\/Graphite-Electrode-109336238661595","https:\/\/x.com\/jinsuncarbon_","https:\/\/www.linkedin.com\/in\/jinsungraphite","https:\/\/www.youtube.com\/channel\/UCysDNyvyR5-3cCWEmpkVC0g"]}]}},"_links":{"self":[{"href":"https:\/\/jinsuncarbon.com\/tr\/wp-json\/wp\/v2\/product\/8089","targetHints":{"allow":["GET"]}}],"collection":[{"href":"https:\/\/jinsuncarbon.com\/tr\/wp-json\/wp\/v2\/product"}],"about":[{"href":"https:\/\/jinsuncarbon.com\/tr\/wp-json\/wp\/v2\/types\/product"}],"wp:featuredmedia":[{"embeddable":true,"href":"https:\/\/jinsuncarbon.com\/tr\/wp-json\/wp\/v2\/media\/8090"}],"wp:attachment":[{"href":"https:\/\/jinsuncarbon.com\/tr\/wp-json\/wp\/v2\/media?parent=8089"}],"wp:term":[{"taxonomy":"product_brand","embeddable":true,"href":"https:\/\/jinsuncarbon.com\/tr\/wp-json\/wp\/v2\/product_brand?post=8089"},{"taxonomy":"product_cat","embeddable":true,"href":"https:\/\/jinsuncarbon.com\/tr\/wp-json\/wp\/v2\/product_cat?post=8089"},{"taxonomy":"product_tag","embeddable":true,"href":"https:\/\/jinsuncarbon.com\/tr\/wp-json\/wp\/v2\/product_tag?post=8089"}],"curies":[{"name":"wp","href":"https:\/\/api.w.org\/{rel}","templated":true}]}}