{"id":8067,"date":"2025-09-20T02:43:17","date_gmt":"2025-09-20T02:43:17","guid":{"rendered":"https:\/\/jinsuncarbon.com\/?post_type=product&#038;p=8067"},"modified":"2025-09-20T02:43:18","modified_gmt":"2025-09-20T02:43:18","slug":"karbon-pota","status":"publish","type":"product","link":"https:\/\/jinsuncarbon.com\/tr\/urun\/karbon-pota\/","title":{"rendered":"Karbon Pota"},"content":{"rendered":"<p>Karbon potalar silindirik, konik ve kare gibi \u00e7e\u015fitli \u015fekillerde gelir ve avantajlar\u0131 olduk\u00e7a dikkat \u00e7ekicidir.<\/p>\n<h2>Karbon Pota Avantajlar\u0131<\/h2>\n<p>Son derece g\u00fc\u00e7l\u00fc \u0131s\u0131 direnci<br \/>\nErimesi veya \u00e7atlamas\u0131 kolay olmayan 1500\u00b0C ila 2200\u00b0C gibi son derece y\u00fcksek bir s\u0131cakl\u0131k aral\u0131\u011f\u0131nda yap\u0131sal kararl\u0131l\u0131\u011f\u0131n\u0131 koruyabilir.<\/p>\n<p>Kararl\u0131 kimyasal \u00f6zellikler<br \/>\nY\u00fcksek s\u0131cakl\u0131klarda metal eriyikleri ile reaksiyona girmeye e\u011filimli de\u011fildir, bu da \u0131s\u0131t\u0131lan maddelerin safl\u0131\u011f\u0131n\u0131 sa\u011flar.<\/p>\n<p>D\u00fczg\u00fcn \u0131s\u0131 iletkenli\u011fi<br \/>\nH\u0131zl\u0131 \u0131s\u0131 transferi sa\u011flar ve i\u00e7 malzemelerin tutarl\u0131 bir \u015fekilde \u0131s\u0131t\u0131lmas\u0131n\u0131 sa\u011flar, bu da erime veya reaksiyonlar\u0131n verimlili\u011fini art\u0131r\u0131r.<\/p>\n<p>Y\u00fcksek mekanik dayan\u0131m<br \/>\nEriyi\u011fin a\u011f\u0131rl\u0131\u011f\u0131na ve belirli darbelere ve titre\u015fimlere dayanabilir. Ta\u015f\u0131ma ve d\u00f6kme s\u0131ras\u0131nda hasar g\u00f6rmesi olas\u0131 de\u011fildir.<\/p>\n<p>P\u00fcr\u00fczs\u00fcz y\u00fczey<br \/>\nMalzemelere kolayca yap\u0131\u015fmaz, kullan\u0131mdan sonra temizli\u011fi kolayla\u015ft\u0131r\u0131r ve kullan\u0131m maliyetini d\u00fc\u015f\u00fcrerek birden \u00e7ok kez yeniden kullan\u0131labilir.<\/p>\n<p>G\u00fc\u00e7l\u00fc uyarlanabilirlik<br \/>\nA\u015fa\u011f\u0131dakiler gibi \u00e7e\u015fitli \u0131s\u0131tma cihazlar\u0131yla e\u015fle\u015ftirilebilir <a href=\"https:\/\/en.wikipedia.org\/wiki\/Induction_furnace\" target=\"_blank\" rel=\"noopener\">ind\u00fcksiyon ocaklar\u0131<\/a> Farkl\u0131 senaryolar\u0131n kullan\u0131m gereksinimlerini kar\u015f\u0131lamak i\u00e7in.<\/p>\n<h2>Karbon Pota Kullan\u0131m Alanlar\u0131<\/h2>\n<h3>Metalurji alan\u0131nda<\/h3>\n<p>\u00c7e\u015fitli metalleri ve di\u011fer demir d\u0131\u015f\u0131 metallerin yan\u0131 s\u0131ra \u00e7e\u015fitli ala\u015f\u0131mlar\u0131 eritmek i\u00e7in kullanabilirsiniz. Eritme i\u015flemi s\u0131ras\u0131nda metalin pota ile reaksiyona girmemesini sa\u011flayabilir. Ayr\u0131ca, metal eriyi\u011finin homojen bile\u015fimini sa\u011flayarak sonraki i\u015fleme ad\u0131mlar\u0131 i\u00e7in y\u00fcksek kaliteli hammaddeler sa\u011flar. Bu nedenle \u00f6zellikle \u00f6zel ala\u015f\u0131mlar\u0131n ve de\u011ferli metallerin k\u00fc\u00e7\u00fck \u00f6l\u00e7ekli \u00fcretimi i\u00e7in uygundur.<\/p>\n<h3>Laboratuvarda ve ara\u015ft\u0131rma alan\u0131nda<\/h3>\n<p>Malzeme sentezinde<br \/>\nSeramik malzemelerin, nanomalzemelerin ve kompozit malzemelerin vb. y\u00fcksek s\u0131cakl\u0131kta haz\u0131rlanmas\u0131 i\u00e7in kullanabilirsiniz.<\/p>\n<p>\u00d6rnek i\u015flemede<br \/>\nOrganik safs\u0131zl\u0131klar\u0131 gidermek i\u00e7in kat\u0131 numunelerin yak\u0131lmas\u0131 ve k\u00fcllenmesi ve ard\u0131ndan bile\u015fen analizi yapmak i\u00e7in kullanabilirsiniz.<\/p>\n<p>Kimyasal deneylerde<br \/>\nErimi\u015f tuz elektrolizi, metal oksit indirgeme reaksiyonlar\u0131 gibi y\u00fcksek s\u0131cakl\u0131kta erimi\u015f reaksiyonlar\u0131 ger\u00e7ekle\u015ftiren reaksiyon kaplar\u0131 olarak hizmet edebilir. Ara\u015ft\u0131rmac\u0131lar\u0131n yeni malzemeleri ke\u015ffetmeleri ve reaksiyon mekanizmalar\u0131n\u0131 incelemeleri i\u00e7in istikrarl\u0131 bir ortam sa\u011flar.<\/p>\n<h3>Cam ve seramik end\u00fcstrisinde<\/h3>\n<p>Optik cam \u00fcretiminde<br \/>\nY\u00fcksek s\u0131cakl\u0131k direnci ve d\u00fc\u015f\u00fck safs\u0131zl\u0131k \u00f6zellikleri, cam eriyi\u011finin kabarc\u0131klardan ve safs\u0131zl\u0131klardan ar\u0131nm\u0131\u015f olmas\u0131n\u0131 sa\u011flar. B\u00f6ylece optik cam\u0131n \u0131\u015f\u0131k ge\u00e7irgenli\u011fini ve optik performans\u0131n\u0131 art\u0131rabilir.<\/p>\n<p>Seramik end\u00fcstrisinde<br \/>\n\u00d6zel seramik g\u00f6vdeleri pi\u015firmek veya seramik s\u0131rlar\u0131 eritmek i\u00e7in kullanabilirsiniz. S\u0131cakl\u0131\u011f\u0131 hassas bir \u015fekilde kontrol edebilir, bu da seramik \u00fcr\u00fcnlerin doku ve g\u00f6r\u00fcn\u00fcm kalitesini sa\u011flar.<\/p>\n<h3>Elektronik ve yar\u0131 iletken end\u00fcstrisinde<\/h3>\n<p><br class=\"yoast-text-mark\" \/>Yar\u0131 iletken malzemelerin \u00fcretiminde<br \/>\nYar\u0131 iletken tek kristallerin \u00e7ekilmeden \u00f6nce \u00f6n i\u015flemden ge\u00e7irilmesi ve i\u00e7lerindeki safs\u0131zl\u0131klar\u0131n giderilmesi i\u00e7in kullanabilirsiniz.<\/p>\n<p>Elektronik bile\u015fenlerin \u00fcretiminde<br \/>\nSeramik kapasit\u00f6rler ve ind\u00fckt\u00f6rler gibi elektronik seramik bile\u015fenlerin \u0131s\u0131tma i\u015flemi i\u00e7in kullanabilirsiniz. Ya da kullanabilirsiniz <a href=\"https:\/\/jinsuncarbon.com\/tr\/urun\/grafit-pota\/\">karbon pota<\/a> tungsten ve molibden gibi metal elektrot malzemelerinin eritilmesi ve safla\u015ft\u0131r\u0131lmas\u0131 i\u00e7in kullan\u0131l\u0131r. Elektronik bile\u015fen performans\u0131n\u0131n istikrar\u0131n\u0131 sa\u011flayabilir ve bunlar\u0131n \u00fcretimi i\u00e7in destek sa\u011flayabilir.<\/p>","protected":false},"excerpt":{"rendered":"<p>Karbon pota, y\u00fcksek s\u0131cakl\u0131kta erimi\u015f pota olarak da adland\u0131r\u0131lan, y\u00fcksek safl\u0131kta karbon malzemelerden yap\u0131lm\u0131\u015f y\u00fcksek s\u0131cakl\u0131\u011fa dayan\u0131kl\u0131 bir kapt\u0131r. M\u00fckemmel y\u00fcksek s\u0131cakl\u0131k direnci, kimyasal kararl\u0131l\u0131\u011f\u0131 ve termal iletkenli\u011fi ile modern end\u00fcstriyel alanlarda ola\u011fan\u00fcst\u00fc performans g\u00f6sterir. G\u00fc\u00e7l\u00fc ve dayan\u0131kl\u0131 bir alet oldu\u011fu i\u00e7in metalurji, bilimsel ara\u015ft\u0131rma ve malzeme i\u015flemede kullanabilirsiniz. Ayr\u0131ca y\u00fcksek s\u0131cakl\u0131kta eritme ve \u0131s\u0131tma reaksiyonlar\u0131 gibi zorlu senaryolar i\u00e7in son derece uygundur.<\/p>","protected":false},"featured_media":8070,"template":"","meta":[],"product_brand":[],"product_cat":[38],"product_tag":[],"class_list":{"0":"post-8067","1":"product","2":"type-product","3":"status-publish","4":"has-post-thumbnail","6":"product_cat-graphite-products","8":"first","9":"instock","10":"shipping-taxable","11":"product-type-simple"},"yoast_head":"<!-- This site is optimized with the Yoast SEO Premium plugin v19.2.1 (Yoast SEO v25.3) - https:\/\/yoast.com\/wordpress\/plugins\/seo\/ -->\n<title>Carbon Crucible Manufacturer in China | Jinsun Carbon<\/title>\n<meta name=\"robots\" content=\"index, follow, max-snippet:-1, max-image-preview:large, max-video-preview:-1\" \/>\n<link rel=\"canonical\" href=\"https:\/\/jinsuncarbon.com\/tr\/urun\/karbon-pota\/\" \/>\n<meta property=\"og:locale\" content=\"tr_TR\" \/>\n<meta property=\"og:type\" content=\"article\" \/>\n<meta property=\"og:title\" content=\"Carbon Crucible\" \/>\n<meta property=\"og:description\" content=\"The carbon crucible is a high-temperature-resistant container made from high-purity carbon materials, which is also called a high-temperature molten crucible. With the excellent high-temperature resistance, chemical stability and thermal conductivity, it performs outstandingly in modern industrial fields. You can use it in metallurgy, scientific research and material processing, because it is a strong and durable utensil. And it is highly suitable for demanding scenarios such as high-temperature melting and heating reactions.\" \/>\n<meta property=\"og:url\" content=\"https:\/\/jinsuncarbon.com\/tr\/urun\/karbon-pota\/\" \/>\n<meta property=\"og:site_name\" content=\"Jinsun Carbon\" \/>\n<meta property=\"article:publisher\" content=\"https:\/\/www.facebook.com\/Graphite-Electrode-109336238661595\" \/>\n<meta property=\"article:modified_time\" content=\"2025-09-20T02:43:18+00:00\" \/>\n<meta property=\"og:image\" content=\"https:\/\/jinsuncarbon.com\/wp-content\/uploads\/2025\/09\/Carbon-Crucible.jpg\" \/>\n\t<meta property=\"og:image:width\" content=\"1024\" \/>\n\t<meta property=\"og:image:height\" content=\"763\" \/>\n\t<meta property=\"og:image:type\" content=\"image\/jpeg\" \/>\n<meta name=\"twitter:card\" content=\"summary_large_image\" \/>\n<meta name=\"twitter:site\" content=\"@jinsuncarbon_\" \/>\n<meta name=\"twitter:label1\" content=\"Tahmini okuma s\u00fcresi\" \/>\n\t<meta name=\"twitter:data1\" content=\"3 dakika\" \/>\n<script type=\"application\/ld+json\" class=\"yoast-schema-graph\">{\"@context\":\"https:\/\/schema.org\",\"@graph\":[{\"@type\":\"WebPage\",\"@id\":\"https:\/\/jinsuncarbon.com\/product\/carbon-crucible\/\",\"url\":\"https:\/\/jinsuncarbon.com\/product\/carbon-crucible\/\",\"name\":\"Carbon Crucible Manufacturer in China | Jinsun Carbon\",\"isPartOf\":{\"@id\":\"https:\/\/jinsuncarbon.com\/#website\"},\"primaryImageOfPage\":{\"@id\":\"https:\/\/jinsuncarbon.com\/product\/carbon-crucible\/#primaryimage\"},\"image\":{\"@id\":\"https:\/\/jinsuncarbon.com\/product\/carbon-crucible\/#primaryimage\"},\"thumbnailUrl\":\"https:\/\/jinsuncarbon.com\/wp-content\/uploads\/2025\/09\/Carbon-Crucible.jpg\",\"datePublished\":\"2025-09-20T02:43:17+00:00\",\"dateModified\":\"2025-09-20T02:43:18+00:00\",\"breadcrumb\":{\"@id\":\"https:\/\/jinsuncarbon.com\/product\/carbon-crucible\/#breadcrumb\"},\"inLanguage\":\"tr\",\"potentialAction\":[{\"@type\":\"ReadAction\",\"target\":[\"https:\/\/jinsuncarbon.com\/product\/carbon-crucible\/\"]}]},{\"@type\":\"ImageObject\",\"inLanguage\":\"tr\",\"@id\":\"https:\/\/jinsuncarbon.com\/product\/carbon-crucible\/#primaryimage\",\"url\":\"https:\/\/jinsuncarbon.com\/wp-content\/uploads\/2025\/09\/Carbon-Crucible.jpg\",\"contentUrl\":\"https:\/\/jinsuncarbon.com\/wp-content\/uploads\/2025\/09\/Carbon-Crucible.jpg\",\"width\":1024,\"height\":763,\"caption\":\"Carbon Crucible\"},{\"@type\":\"BreadcrumbList\",\"@id\":\"https:\/\/jinsuncarbon.com\/product\/carbon-crucible\/#breadcrumb\",\"itemListElement\":[{\"@type\":\"ListItem\",\"position\":1,\"name\":\"Home\",\"item\":\"https:\/\/jinsuncarbon.com\/\"},{\"@type\":\"ListItem\",\"position\":2,\"name\":\"Products\",\"item\":\"https:\/\/jinsuncarbon.com\/graphite-carbon\/\"},{\"@type\":\"ListItem\",\"position\":3,\"name\":\"Carbon Crucible\"}]},{\"@type\":\"WebSite\",\"@id\":\"https:\/\/jinsuncarbon.com\/#website\",\"url\":\"https:\/\/jinsuncarbon.com\/\",\"name\":\"Jinsun Carbon\",\"description\":\"We are the successful graphite electrode manufacturer in China\",\"publisher\":{\"@id\":\"https:\/\/jinsuncarbon.com\/#organization\"},\"potentialAction\":[{\"@type\":\"SearchAction\",\"target\":{\"@type\":\"EntryPoint\",\"urlTemplate\":\"https:\/\/jinsuncarbon.com\/?s={search_term_string}\"},\"query-input\":{\"@type\":\"PropertyValueSpecification\",\"valueRequired\":true,\"valueName\":\"search_term_string\"}}],\"inLanguage\":\"tr\"},{\"@type\":\"Organization\",\"@id\":\"https:\/\/jinsuncarbon.com\/#organization\",\"name\":\"Jinsun Carbon\",\"alternateName\":\"Jinsun Carbon\",\"url\":\"https:\/\/jinsuncarbon.com\/\",\"logo\":{\"@type\":\"ImageObject\",\"inLanguage\":\"tr\",\"@id\":\"https:\/\/jinsuncarbon.com\/#\/schema\/logo\/image\/\",\"url\":\"https:\/\/jinsuncarbon.com\/wp-content\/uploads\/2022\/12\/LOGO-1.png\",\"contentUrl\":\"https:\/\/jinsuncarbon.com\/wp-content\/uploads\/2022\/12\/LOGO-1.png\",\"width\":207,\"height\":80,\"caption\":\"Jinsun Carbon\"},\"image\":{\"@id\":\"https:\/\/jinsuncarbon.com\/#\/schema\/logo\/image\/\"},\"sameAs\":[\"https:\/\/www.facebook.com\/Graphite-Electrode-109336238661595\",\"https:\/\/x.com\/jinsuncarbon_\",\"https:\/\/www.linkedin.com\/in\/jinsungraphite\",\"https:\/\/www.youtube.com\/channel\/UCysDNyvyR5-3cCWEmpkVC0g\"]}]}<\/script>\n<!-- \/ Yoast SEO Premium plugin. -->","yoast_head_json":{"title":"\u00c7in'de Karbon Pota \u00dcreticisi | Jinsun Carbon","robots":{"index":"index","follow":"follow","max-snippet":"max-snippet:-1","max-image-preview":"max-image-preview:large","max-video-preview":"max-video-preview:-1"},"canonical":"https:\/\/jinsuncarbon.com\/tr\/urun\/karbon-pota\/","og_locale":"tr_TR","og_type":"article","og_title":"Carbon Crucible","og_description":"The carbon crucible is a high-temperature-resistant container made from high-purity carbon materials, which is also called a high-temperature molten crucible. With the excellent high-temperature resistance, chemical stability and thermal conductivity, it performs outstandingly in modern industrial fields. You can use it in metallurgy, scientific research and material processing, because it is a strong and durable utensil. And it is highly suitable for demanding scenarios such as high-temperature melting and heating reactions.","og_url":"https:\/\/jinsuncarbon.com\/tr\/urun\/karbon-pota\/","og_site_name":"Jinsun Carbon","article_publisher":"https:\/\/www.facebook.com\/Graphite-Electrode-109336238661595","article_modified_time":"2025-09-20T02:43:18+00:00","og_image":[{"width":1024,"height":763,"url":"https:\/\/jinsuncarbon.com\/wp-content\/uploads\/2025\/09\/Carbon-Crucible.jpg","type":"image\/jpeg"}],"twitter_card":"summary_large_image","twitter_site":"@jinsuncarbon_","twitter_misc":{"Tahmini okuma s\u00fcresi":"3 dakika"},"schema":{"@context":"https:\/\/schema.org","@graph":[{"@type":"WebPage","@id":"https:\/\/jinsuncarbon.com\/product\/carbon-crucible\/","url":"https:\/\/jinsuncarbon.com\/product\/carbon-crucible\/","name":"\u00c7in'de Karbon Pota \u00dcreticisi | Jinsun Carbon","isPartOf":{"@id":"https:\/\/jinsuncarbon.com\/#website"},"primaryImageOfPage":{"@id":"https:\/\/jinsuncarbon.com\/product\/carbon-crucible\/#primaryimage"},"image":{"@id":"https:\/\/jinsuncarbon.com\/product\/carbon-crucible\/#primaryimage"},"thumbnailUrl":"https:\/\/jinsuncarbon.com\/wp-content\/uploads\/2025\/09\/Carbon-Crucible.jpg","datePublished":"2025-09-20T02:43:17+00:00","dateModified":"2025-09-20T02:43:18+00:00","breadcrumb":{"@id":"https:\/\/jinsuncarbon.com\/product\/carbon-crucible\/#breadcrumb"},"inLanguage":"tr","potentialAction":[{"@type":"ReadAction","target":["https:\/\/jinsuncarbon.com\/product\/carbon-crucible\/"]}]},{"@type":"ImageObject","inLanguage":"tr","@id":"https:\/\/jinsuncarbon.com\/product\/carbon-crucible\/#primaryimage","url":"https:\/\/jinsuncarbon.com\/wp-content\/uploads\/2025\/09\/Carbon-Crucible.jpg","contentUrl":"https:\/\/jinsuncarbon.com\/wp-content\/uploads\/2025\/09\/Carbon-Crucible.jpg","width":1024,"height":763,"caption":"Carbon Crucible"},{"@type":"BreadcrumbList","@id":"https:\/\/jinsuncarbon.com\/product\/carbon-crucible\/#breadcrumb","itemListElement":[{"@type":"ListItem","position":1,"name":"Home","item":"https:\/\/jinsuncarbon.com\/"},{"@type":"ListItem","position":2,"name":"Products","item":"https:\/\/jinsuncarbon.com\/graphite-carbon\/"},{"@type":"ListItem","position":3,"name":"Carbon Crucible"}]},{"@type":"WebSite","@id":"https:\/\/jinsuncarbon.com\/#website","url":"https:\/\/jinsuncarbon.com\/","name":"Jinsun Karbon","description":"\u00c7in'deki ba\u015far\u0131l\u0131 grafit elektrot \u00fcreticisiyiz","publisher":{"@id":"https:\/\/jinsuncarbon.com\/#organization"},"potentialAction":[{"@type":"SearchAction","target":{"@type":"EntryPoint","urlTemplate":"https:\/\/jinsuncarbon.com\/?s={search_term_string}"},"query-input":{"@type":"PropertyValueSpecification","valueRequired":true,"valueName":"search_term_string"}}],"inLanguage":"tr"},{"@type":"Organization","@id":"https:\/\/jinsuncarbon.com\/#organization","name":"Jinsun Karbon","alternateName":"Jinsun Carbon","url":"https:\/\/jinsuncarbon.com\/","logo":{"@type":"ImageObject","inLanguage":"tr","@id":"https:\/\/jinsuncarbon.com\/#\/schema\/logo\/image\/","url":"https:\/\/jinsuncarbon.com\/wp-content\/uploads\/2022\/12\/LOGO-1.png","contentUrl":"https:\/\/jinsuncarbon.com\/wp-content\/uploads\/2022\/12\/LOGO-1.png","width":207,"height":80,"caption":"Jinsun Carbon"},"image":{"@id":"https:\/\/jinsuncarbon.com\/#\/schema\/logo\/image\/"},"sameAs":["https:\/\/www.facebook.com\/Graphite-Electrode-109336238661595","https:\/\/x.com\/jinsuncarbon_","https:\/\/www.linkedin.com\/in\/jinsungraphite","https:\/\/www.youtube.com\/channel\/UCysDNyvyR5-3cCWEmpkVC0g"]}]}},"_links":{"self":[{"href":"https:\/\/jinsuncarbon.com\/tr\/wp-json\/wp\/v2\/product\/8067","targetHints":{"allow":["GET"]}}],"collection":[{"href":"https:\/\/jinsuncarbon.com\/tr\/wp-json\/wp\/v2\/product"}],"about":[{"href":"https:\/\/jinsuncarbon.com\/tr\/wp-json\/wp\/v2\/types\/product"}],"wp:featuredmedia":[{"embeddable":true,"href":"https:\/\/jinsuncarbon.com\/tr\/wp-json\/wp\/v2\/media\/8070"}],"wp:attachment":[{"href":"https:\/\/jinsuncarbon.com\/tr\/wp-json\/wp\/v2\/media?parent=8067"}],"wp:term":[{"taxonomy":"product_brand","embeddable":true,"href":"https:\/\/jinsuncarbon.com\/tr\/wp-json\/wp\/v2\/product_brand?post=8067"},{"taxonomy":"product_cat","embeddable":true,"href":"https:\/\/jinsuncarbon.com\/tr\/wp-json\/wp\/v2\/product_cat?post=8067"},{"taxonomy":"product_tag","embeddable":true,"href":"https:\/\/jinsuncarbon.com\/tr\/wp-json\/wp\/v2\/product_tag?post=8067"}],"curies":[{"name":"wp","href":"https:\/\/api.w.org\/{rel}","templated":true}]}}