{"id":8065,"date":"2025-09-23T00:07:38","date_gmt":"2025-09-23T00:07:38","guid":{"rendered":"https:\/\/jinsuncarbon.com\/?post_type=product&#038;p=8065"},"modified":"2025-09-23T00:07:39","modified_gmt":"2025-09-23T00:07:39","slug":"karbon-puskurtme-hedefi","status":"publish","type":"product","link":"https:\/\/jinsuncarbon.com\/tr\/urun\/karbon-puskurtme-hedefi\/","title":{"rendered":"Karbon P\u00fcsk\u00fcrtme Hedefi"},"content":{"rendered":"<h2>Karbon P\u00fcsk\u00fcrtme Hedefinin Avantajlar\u0131<\/h2>\n<p>Yayg\u0131n \u015fekilleri aras\u0131nda dairesel, dikd\u00f6rtgen veya \u00f6zel \u015fekilli d\u00fczensiz yap\u0131lar bulunur ve avantajlar\u0131 \u00f6zellikle kaplama i\u015fleminde \u00f6ne \u00e7\u0131kar.<\/p>\n<p><strong><b>E<\/b><\/strong><strong><b>m\u00fckemmel ki\u0307myasal kararlilik<\/b><\/strong><\/p>\n<p>Y\u00fcksek vakum ve y\u00fcksek enerjili par\u00e7ac\u0131k bombard\u0131man\u0131 ko\u015fullar\u0131 alt\u0131nda di\u011fer elementlerle reaksiyona girme olas\u0131l\u0131\u011f\u0131 daha d\u00fc\u015f\u00fckt\u00fcr. B\u00f6ylece kaplama bile\u015fiminin safl\u0131\u011f\u0131 sa\u011flan\u0131r.<\/p>\n<p>&nbsp;<\/p>\n<p><strong><b>H<\/b><\/strong><strong><b>son derece kontrol edilebilir p\u00fcsk\u00fcrtme h\u0131z\u0131<\/b><\/strong><\/p>\n<p>Karbon filmin kal\u0131nl\u0131\u011f\u0131, farkl\u0131 kal\u0131nl\u0131k gereksinimlerini kar\u015f\u0131lamak i\u00e7in proses parametreleri ayarlanarak hassas bir \u015fekilde kontrol edilebilir.<\/p>\n<p><strong><b>\u00a0<\/b><\/strong><\/p>\n<p><strong><b>W<\/b><\/strong><strong><b>ide uyarlanabilirlik<\/b><\/strong><\/p>\n<p>A\u015fa\u011f\u0131dakiler gibi \u00e7e\u015fitli alt tabakalarla birle\u015ftirebilirsiniz <a href=\"https:\/\/en.wikipedia.org\/wiki\/Silicon\" target=\"_blank\" rel=\"noopener\">S\u0130L\u0130KON<\/a> ve metallerin karbon filmler olu\u015fturmas\u0131 i\u00e7in kullan\u0131l\u0131r. Karbon filmler y\u00fcksek sertlik, d\u00fc\u015f\u00fck s\u00fcrt\u00fcnme katsay\u0131s\u0131 veya m\u00fckemmel iletkenlik gibi \u00f6zelliklere sahiptir.<\/p>\n<p><strong><b>\u00a0<\/b><\/strong><\/p>\n<p><strong><b>\u00c7ok \u00e7e\u015fitli safl\u0131k kontrol yetenekleri<\/b><\/strong><\/p>\n<p>\u0130htiya\u00e7lar\u0131n\u0131za g\u00f6re y\u00fcksek safl\u0131ktan (99,99%'nin \u00fczerinde) katk\u0131l\u0131 t\u00fcrlere kadar de\u011fi\u015fen hedef malzemeler haz\u0131rlayabilir ve karbon filmin performans\u0131n\u0131 esnek bir \u015fekilde ayarlayabilirsiniz.<\/p>\n<p>&nbsp;<\/p>\n<p><strong><b>\u0130stikrarl\u0131 hizmet \u00f6mr\u00fc<\/b><\/strong><\/p>\n<p>Standart kullan\u0131m ko\u015fullar\u0131 alt\u0131nda, hedef malzeme kayb\u0131 e\u015fittir ve bu da toplu kaplama \u00fcretiminin tutarl\u0131l\u0131\u011f\u0131n\u0131 sa\u011flar.<\/p>\n<p><strong><b>\u00a0<\/b><\/strong><\/p>\n<h2>Karbon P\u00fcsk\u00fcrtme Hedefinin Kullan\u0131m Alanlar\u0131<\/h2>\n<h3>Elektronik yar\u0131 iletken alan\u0131<\/h3>\n<p><strong><b>\u00c7ip ara ba\u011flant\u0131 katman\u0131 kaplamas\u0131<\/b><\/strong><\/p>\n<p>Y\u00fcksek safl\u0131kta karbon p\u00fcsk\u00fcrtme hedefleriyle olu\u015fturulan karbon filmleri dif\u00fczyon bariyerleri veya iletken katmanlar olarak kullanabilirsiniz. \u00c7iplerdeki metal ara ba\u011flant\u0131 katmanlar\u0131 i\u00e7in kullan\u0131lmas\u0131, \u00e7iplerin iletkenli\u011fini ve kararl\u0131l\u0131\u011f\u0131n\u0131 art\u0131rabilir.<\/p>\n<p>&nbsp;<\/p>\n<p><strong><b>Sens\u00f6r elektrot haz\u0131rl\u0131\u011f\u0131<\/b><\/strong><\/p>\n<p>Y\u00fcksek hassasiyetli gaz sens\u00f6rleri ve biyosens\u00f6rler olu\u015fturmak i\u00e7in gaz sens\u00f6rlerinin ve biyosens\u00f6rlerin y\u00fczeylerinde kullanabilirsiniz. <a href=\"https:\/\/jinsuncarbon.com\/tr\/urun\/karbon-cubuk-elektrot\/\">elektrotlar<\/a>sens\u00f6rlerin alg\u0131lama do\u011frulu\u011funu sa\u011flar.<\/p>\n<p>&nbsp;<\/p>\n<h3>Optik alan<\/h3>\n<p><strong><b>Optik lens yans\u0131ma \u00f6nleyici\/k\u0131r\u0131lma \u00f6nleyici kaplamalar<\/b><\/strong><\/p>\n<p>Karbon p\u00fcsk\u00fcrtme hedefleriyle olu\u015fturulan karbon filmlerin kullan\u0131lmas\u0131, lenslerin optik yans\u0131t\u0131c\u0131l\u0131\u011f\u0131n\u0131 ve ge\u00e7irgenli\u011fini ayarlayabilir. Kamera lensleri ve lazer lensleri gibi optik bile\u015fenler i\u00e7in uygundur.<\/p>\n<p>&nbsp;<\/p>\n<p><strong><b>K\u0131z\u0131l\u00f6tesi pencere kaplamas\u0131<\/b><\/strong><\/p>\n<p>K\u0131z\u0131l\u00f6tesi alg\u0131lama ekipmanlar\u0131n\u0131n pencerelerinin y\u00fczeyinde kullanabilirsiniz. Pencerelerin a\u015f\u0131nma direncini ve k\u0131z\u0131l\u00f6tesi iletim performans\u0131n\u0131 art\u0131rabilir.<\/p>\n<p>&nbsp;<\/p>\n<h3>Mekanik \u00fcretim alan\u0131<\/h3>\n<p><strong><b>Hassas tak\u0131m kaplamas\u0131<\/b><\/strong><\/p>\n<p>Sert ala\u015f\u0131ml\u0131 aletlerin y\u00fczeylerini kaplamak i\u00e7in elmas benzeri karbon hedeflerle p\u00fcsk\u00fcrtme yoluyla olu\u015fturulan DLC filmleri kullanabilirsiniz. Tak\u0131mlar\u0131n sertli\u011fini ve a\u015f\u0131nma direncini \u00f6nemli \u00f6l\u00e7\u00fcde art\u0131rabilir ve hizmet \u00f6m\u00fcrlerini uzatabilir.<\/p>\n<p>&nbsp;<\/p>\n<p><strong><b>Kal\u0131p y\u00fczey g\u00fc\u00e7lendirme<\/b><\/strong><\/p>\n<p>A\u015f\u0131nmay\u0131 azaltmak i\u00e7in damgalama kal\u0131plar\u0131n\u0131n ve enjeksiyon kal\u0131plar\u0131n\u0131n y\u00fczeylerine kaplama yapabilirsiniz. Kal\u0131plar ve i\u015f par\u00e7alar\u0131 aras\u0131ndaki s\u00fcrt\u00fcnme katsay\u0131s\u0131n\u0131 azalt\u0131r ve kal\u0131plar\u0131n \u00fcretim verimlili\u011fini art\u0131r\u0131r.<\/p>\n<p>&nbsp;<\/p>\n<h3>Yeni enerji alan\u0131<\/h3>\n<p><strong><b>Yak\u0131t h\u00fccresi bipolar plaka kaplamas\u0131<\/b><\/strong><\/p>\n<p>Metal bipolar plakalar\u0131n y\u00fczeylerinde kullan\u0131lmas\u0131, bipolar plakalar\u0131n korozyon direncini ve iletkenli\u011fini art\u0131rabilir. B\u00f6ylece yak\u0131t h\u00fccrelerinin g\u00fc\u00e7 \u00fcretim verimlili\u011fi ve \u00f6mr\u00fc artar.<\/p>\n<p>&nbsp;<\/p>\n<p><strong><b>Lityum pil elektrot modifikasyonu<\/b><\/strong><\/p>\n<p>Lityum pillerin pozitif veya negatif elektrot malzemelerinin y\u00fczeylerinde de kullanabilirsiniz. Elektrotlar\u0131n elektronik iletkenli\u011fini art\u0131rarak pillerin \u015farj ve de\u015farj verimlili\u011fini ve \u00e7evrim \u00f6mr\u00fcn\u00fc art\u0131r\u0131r.<\/p>","protected":false},"excerpt":{"rendered":"<p>Karbon p\u00fcsk\u00fcrtme hedefi, grafit, elmas filmler vb. gibi y\u00fcksek safl\u0131kta karbon malzemelerden yap\u0131lm\u0131\u015f i\u015flevsel bir hedef malzemedir. M\u00fckemmel iletkenli\u011fe, kararl\u0131l\u0131\u011fa ve kontrol edilebilir p\u00fcsk\u00fcrtme verimlili\u011fine sahip olan fiziksel buhar biriktirme teknolojisindeki p\u00fcsk\u00fcrtme kaplama i\u015fleminin temel bile\u015fenidir. \u00c7ipler, optik bile\u015fenler ve kaplamal\u0131 kesme aletleri gibi alt tabakalar\u0131n y\u00fczeylerinde d\u00fczg\u00fcn karbon filmler olu\u015fturabilir. Ve elektronik, optik ve mekanik alanlar\u0131ndaki hassas kaplama gereksinimlerine yayg\u0131n olarak uygulanabilir.<\/p>","protected":false},"featured_media":8073,"template":"","meta":[],"product_brand":[],"product_cat":[39],"product_tag":[],"class_list":{"0":"post-8065","1":"product","2":"type-product","3":"status-publish","4":"has-post-thumbnail","6":"product_cat-carbon-products","8":"first","9":"instock","10":"shipping-taxable","11":"product-type-simple"},"yoast_head":"<!-- This site is optimized with the Yoast SEO Premium plugin v19.2.1 (Yoast SEO v25.3) - https:\/\/yoast.com\/wordpress\/plugins\/seo\/ -->\n<title>Carbon Sputtering Target | Jinsun Carbon<\/title>\n<meta name=\"robots\" content=\"index, follow, max-snippet:-1, max-image-preview:large, max-video-preview:-1\" \/>\n<link rel=\"canonical\" href=\"https:\/\/jinsuncarbon.com\/tr\/urun\/karbon-puskurtme-hedefi\/\" \/>\n<meta property=\"og:locale\" content=\"tr_TR\" \/>\n<meta property=\"og:type\" content=\"article\" \/>\n<meta property=\"og:title\" content=\"Carbon Sputtering Target\" \/>\n<meta property=\"og:description\" content=\"Carbon sputtering target is a functional target material made of high-purity carbon materials such as graphite, diamond films, etc. It is the core component of the sputtering coating process in physical vapor deposition technology, which has\u00a0excellent conductivity, stability and controllable sputtering efficiency. It can form uniform carbon films on the surfaces of substrates such as chips, optical components, and coated cutting tools. And it is widely applicable to the precise coating requirements in the fields of electronics, optics, and mechanics.\" \/>\n<meta property=\"og:url\" content=\"https:\/\/jinsuncarbon.com\/tr\/urun\/karbon-puskurtme-hedefi\/\" \/>\n<meta property=\"og:site_name\" content=\"Jinsun Carbon\" \/>\n<meta property=\"article:publisher\" content=\"https:\/\/www.facebook.com\/Graphite-Electrode-109336238661595\" \/>\n<meta property=\"article:modified_time\" content=\"2025-09-23T00:07:39+00:00\" \/>\n<meta property=\"og:image\" content=\"https:\/\/jinsuncarbon.com\/wp-content\/uploads\/2025\/09\/Carbon-Sputtering-Target.jpg\" \/>\n\t<meta property=\"og:image:width\" content=\"1024\" \/>\n\t<meta property=\"og:image:height\" content=\"763\" \/>\n\t<meta property=\"og:image:type\" content=\"image\/jpeg\" \/>\n<meta name=\"twitter:card\" content=\"summary_large_image\" \/>\n<meta name=\"twitter:site\" content=\"@jinsuncarbon_\" \/>\n<meta name=\"twitter:label1\" content=\"Tahmini okuma s\u00fcresi\" \/>\n\t<meta name=\"twitter:data1\" content=\"3 dakika\" \/>\n<script type=\"application\/ld+json\" class=\"yoast-schema-graph\">{\"@context\":\"https:\/\/schema.org\",\"@graph\":[{\"@type\":\"WebPage\",\"@id\":\"https:\/\/jinsuncarbon.com\/product\/carbon-sputtering-target\/\",\"url\":\"https:\/\/jinsuncarbon.com\/product\/carbon-sputtering-target\/\",\"name\":\"Carbon Sputtering Target | Jinsun Carbon\",\"isPartOf\":{\"@id\":\"https:\/\/jinsuncarbon.com\/#website\"},\"primaryImageOfPage\":{\"@id\":\"https:\/\/jinsuncarbon.com\/product\/carbon-sputtering-target\/#primaryimage\"},\"image\":{\"@id\":\"https:\/\/jinsuncarbon.com\/product\/carbon-sputtering-target\/#primaryimage\"},\"thumbnailUrl\":\"https:\/\/jinsuncarbon.com\/wp-content\/uploads\/2025\/09\/Carbon-Sputtering-Target.jpg\",\"datePublished\":\"2025-09-23T00:07:38+00:00\",\"dateModified\":\"2025-09-23T00:07:39+00:00\",\"breadcrumb\":{\"@id\":\"https:\/\/jinsuncarbon.com\/product\/carbon-sputtering-target\/#breadcrumb\"},\"inLanguage\":\"tr\",\"potentialAction\":[{\"@type\":\"ReadAction\",\"target\":[\"https:\/\/jinsuncarbon.com\/product\/carbon-sputtering-target\/\"]}]},{\"@type\":\"ImageObject\",\"inLanguage\":\"tr\",\"@id\":\"https:\/\/jinsuncarbon.com\/product\/carbon-sputtering-target\/#primaryimage\",\"url\":\"https:\/\/jinsuncarbon.com\/wp-content\/uploads\/2025\/09\/Carbon-Sputtering-Target.jpg\",\"contentUrl\":\"https:\/\/jinsuncarbon.com\/wp-content\/uploads\/2025\/09\/Carbon-Sputtering-Target.jpg\",\"width\":1024,\"height\":763,\"caption\":\"Carbon Sputtering Target\"},{\"@type\":\"BreadcrumbList\",\"@id\":\"https:\/\/jinsuncarbon.com\/product\/carbon-sputtering-target\/#breadcrumb\",\"itemListElement\":[{\"@type\":\"ListItem\",\"position\":1,\"name\":\"Home\",\"item\":\"https:\/\/jinsuncarbon.com\/\"},{\"@type\":\"ListItem\",\"position\":2,\"name\":\"Products\",\"item\":\"https:\/\/jinsuncarbon.com\/graphite-carbon\/\"},{\"@type\":\"ListItem\",\"position\":3,\"name\":\"Carbon Sputtering Target\"}]},{\"@type\":\"WebSite\",\"@id\":\"https:\/\/jinsuncarbon.com\/#website\",\"url\":\"https:\/\/jinsuncarbon.com\/\",\"name\":\"Jinsun Carbon\",\"description\":\"We are the successful graphite electrode manufacturer in China\",\"publisher\":{\"@id\":\"https:\/\/jinsuncarbon.com\/#organization\"},\"potentialAction\":[{\"@type\":\"SearchAction\",\"target\":{\"@type\":\"EntryPoint\",\"urlTemplate\":\"https:\/\/jinsuncarbon.com\/?s={search_term_string}\"},\"query-input\":{\"@type\":\"PropertyValueSpecification\",\"valueRequired\":true,\"valueName\":\"search_term_string\"}}],\"inLanguage\":\"tr\"},{\"@type\":\"Organization\",\"@id\":\"https:\/\/jinsuncarbon.com\/#organization\",\"name\":\"Jinsun Carbon\",\"alternateName\":\"Jinsun Carbon\",\"url\":\"https:\/\/jinsuncarbon.com\/\",\"logo\":{\"@type\":\"ImageObject\",\"inLanguage\":\"tr\",\"@id\":\"https:\/\/jinsuncarbon.com\/#\/schema\/logo\/image\/\",\"url\":\"https:\/\/jinsuncarbon.com\/wp-content\/uploads\/2022\/12\/LOGO-1.png\",\"contentUrl\":\"https:\/\/jinsuncarbon.com\/wp-content\/uploads\/2022\/12\/LOGO-1.png\",\"width\":207,\"height\":80,\"caption\":\"Jinsun Carbon\"},\"image\":{\"@id\":\"https:\/\/jinsuncarbon.com\/#\/schema\/logo\/image\/\"},\"sameAs\":[\"https:\/\/www.facebook.com\/Graphite-Electrode-109336238661595\",\"https:\/\/x.com\/jinsuncarbon_\",\"https:\/\/www.linkedin.com\/in\/jinsungraphite\",\"https:\/\/www.youtube.com\/channel\/UCysDNyvyR5-3cCWEmpkVC0g\"]}]}<\/script>\n<!-- \/ Yoast SEO Premium plugin. -->","yoast_head_json":{"title":"Karbon P\u00fcsk\u00fcrtme Hedefi | Jinsun Carbon","robots":{"index":"index","follow":"follow","max-snippet":"max-snippet:-1","max-image-preview":"max-image-preview:large","max-video-preview":"max-video-preview:-1"},"canonical":"https:\/\/jinsuncarbon.com\/tr\/urun\/karbon-puskurtme-hedefi\/","og_locale":"tr_TR","og_type":"article","og_title":"Carbon Sputtering Target","og_description":"Carbon sputtering target is a functional target material made of high-purity carbon materials such as graphite, diamond films, etc. It is the core component of the sputtering coating process in physical vapor deposition technology, which has\u00a0excellent conductivity, stability and controllable sputtering efficiency. It can form uniform carbon films on the surfaces of substrates such as chips, optical components, and coated cutting tools. And it is widely applicable to the precise coating requirements in the fields of electronics, optics, and mechanics.","og_url":"https:\/\/jinsuncarbon.com\/tr\/urun\/karbon-puskurtme-hedefi\/","og_site_name":"Jinsun Carbon","article_publisher":"https:\/\/www.facebook.com\/Graphite-Electrode-109336238661595","article_modified_time":"2025-09-23T00:07:39+00:00","og_image":[{"width":1024,"height":763,"url":"https:\/\/jinsuncarbon.com\/wp-content\/uploads\/2025\/09\/Carbon-Sputtering-Target.jpg","type":"image\/jpeg"}],"twitter_card":"summary_large_image","twitter_site":"@jinsuncarbon_","twitter_misc":{"Tahmini okuma s\u00fcresi":"3 dakika"},"schema":{"@context":"https:\/\/schema.org","@graph":[{"@type":"WebPage","@id":"https:\/\/jinsuncarbon.com\/product\/carbon-sputtering-target\/","url":"https:\/\/jinsuncarbon.com\/product\/carbon-sputtering-target\/","name":"Karbon P\u00fcsk\u00fcrtme Hedefi | Jinsun Carbon","isPartOf":{"@id":"https:\/\/jinsuncarbon.com\/#website"},"primaryImageOfPage":{"@id":"https:\/\/jinsuncarbon.com\/product\/carbon-sputtering-target\/#primaryimage"},"image":{"@id":"https:\/\/jinsuncarbon.com\/product\/carbon-sputtering-target\/#primaryimage"},"thumbnailUrl":"https:\/\/jinsuncarbon.com\/wp-content\/uploads\/2025\/09\/Carbon-Sputtering-Target.jpg","datePublished":"2025-09-23T00:07:38+00:00","dateModified":"2025-09-23T00:07:39+00:00","breadcrumb":{"@id":"https:\/\/jinsuncarbon.com\/product\/carbon-sputtering-target\/#breadcrumb"},"inLanguage":"tr","potentialAction":[{"@type":"ReadAction","target":["https:\/\/jinsuncarbon.com\/product\/carbon-sputtering-target\/"]}]},{"@type":"ImageObject","inLanguage":"tr","@id":"https:\/\/jinsuncarbon.com\/product\/carbon-sputtering-target\/#primaryimage","url":"https:\/\/jinsuncarbon.com\/wp-content\/uploads\/2025\/09\/Carbon-Sputtering-Target.jpg","contentUrl":"https:\/\/jinsuncarbon.com\/wp-content\/uploads\/2025\/09\/Carbon-Sputtering-Target.jpg","width":1024,"height":763,"caption":"Carbon Sputtering Target"},{"@type":"BreadcrumbList","@id":"https:\/\/jinsuncarbon.com\/product\/carbon-sputtering-target\/#breadcrumb","itemListElement":[{"@type":"ListItem","position":1,"name":"Home","item":"https:\/\/jinsuncarbon.com\/"},{"@type":"ListItem","position":2,"name":"Products","item":"https:\/\/jinsuncarbon.com\/graphite-carbon\/"},{"@type":"ListItem","position":3,"name":"Carbon Sputtering Target"}]},{"@type":"WebSite","@id":"https:\/\/jinsuncarbon.com\/#website","url":"https:\/\/jinsuncarbon.com\/","name":"Jinsun Karbon","description":"\u00c7in'deki ba\u015far\u0131l\u0131 grafit elektrot \u00fcreticisiyiz","publisher":{"@id":"https:\/\/jinsuncarbon.com\/#organization"},"potentialAction":[{"@type":"SearchAction","target":{"@type":"EntryPoint","urlTemplate":"https:\/\/jinsuncarbon.com\/?s={search_term_string}"},"query-input":{"@type":"PropertyValueSpecification","valueRequired":true,"valueName":"search_term_string"}}],"inLanguage":"tr"},{"@type":"Organization","@id":"https:\/\/jinsuncarbon.com\/#organization","name":"Jinsun Karbon","alternateName":"Jinsun Carbon","url":"https:\/\/jinsuncarbon.com\/","logo":{"@type":"ImageObject","inLanguage":"tr","@id":"https:\/\/jinsuncarbon.com\/#\/schema\/logo\/image\/","url":"https:\/\/jinsuncarbon.com\/wp-content\/uploads\/2022\/12\/LOGO-1.png","contentUrl":"https:\/\/jinsuncarbon.com\/wp-content\/uploads\/2022\/12\/LOGO-1.png","width":207,"height":80,"caption":"Jinsun Carbon"},"image":{"@id":"https:\/\/jinsuncarbon.com\/#\/schema\/logo\/image\/"},"sameAs":["https:\/\/www.facebook.com\/Graphite-Electrode-109336238661595","https:\/\/x.com\/jinsuncarbon_","https:\/\/www.linkedin.com\/in\/jinsungraphite","https:\/\/www.youtube.com\/channel\/UCysDNyvyR5-3cCWEmpkVC0g"]}]}},"_links":{"self":[{"href":"https:\/\/jinsuncarbon.com\/tr\/wp-json\/wp\/v2\/product\/8065","targetHints":{"allow":["GET"]}}],"collection":[{"href":"https:\/\/jinsuncarbon.com\/tr\/wp-json\/wp\/v2\/product"}],"about":[{"href":"https:\/\/jinsuncarbon.com\/tr\/wp-json\/wp\/v2\/types\/product"}],"wp:featuredmedia":[{"embeddable":true,"href":"https:\/\/jinsuncarbon.com\/tr\/wp-json\/wp\/v2\/media\/8073"}],"wp:attachment":[{"href":"https:\/\/jinsuncarbon.com\/tr\/wp-json\/wp\/v2\/media?parent=8065"}],"wp:term":[{"taxonomy":"product_brand","embeddable":true,"href":"https:\/\/jinsuncarbon.com\/tr\/wp-json\/wp\/v2\/product_brand?post=8065"},{"taxonomy":"product_cat","embeddable":true,"href":"https:\/\/jinsuncarbon.com\/tr\/wp-json\/wp\/v2\/product_cat?post=8065"},{"taxonomy":"product_tag","embeddable":true,"href":"https:\/\/jinsuncarbon.com\/tr\/wp-json\/wp\/v2\/product_tag?post=8065"}],"curies":[{"name":"wp","href":"https:\/\/api.w.org\/{rel}","templated":true}]}}