{"id":8064,"date":"2025-09-23T00:40:49","date_gmt":"2025-09-23T00:40:49","guid":{"rendered":"https:\/\/jinsuncarbon.com\/?post_type=product&#038;p=8064"},"modified":"2025-09-23T00:40:50","modified_gmt":"2025-09-23T00:40:50","slug":"karbon-kompozi%cc%87t-pota","status":"publish","type":"product","link":"https:\/\/jinsuncarbon.com\/tr\/urun\/karbon-kompozi%cc%87t-pota\/","title":{"rendered":"Karbon Kompozit Pota"},"content":{"rendered":"<h2>Karbon kompozit potan\u0131n avantajlar\u0131<\/h2>\n<p>Yayg\u0131n \u015fekilleri aras\u0131nda silindirik, kare ve konik yer al\u0131r ve avantajlar\u0131 \u00e7ok \u00f6nemlidir.<\/p>\n<p><strong><b>E<\/b><\/strong><strong><b>xson derece g\u00fc\u00e7l\u00fc termal kararl\u0131l\u0131k<\/b><\/strong><\/p>\n<p>\u00c7atlamaya e\u011filimli olmayan 1500\u00b0C ila 2800\u00b0C aras\u0131nda de\u011fi\u015fen s\u0131cakl\u0131klara uzun s\u00fcre dayanabilir. Ve termal \u015fok direnci geleneksel grafit potalar\u0131n \u00e7ok \u00fczerindedir.<\/p>\n<p>&nbsp;<\/p>\n<p><strong><b>E<\/b><\/strong><strong><b>m\u00fckemmel mekani\u0307k \u00f6zelli\u0307kler<\/b><\/strong><\/p>\n<p>Yo\u011funlu\u011fu geleneksel metal potalar\u0131n sadece \u00fc\u00e7te biri ila yar\u0131s\u0131 kadard\u0131r, ancak daha y\u00fcksek e\u011filme mukavemetine ve darbe direncine sahiptir.<\/p>\n<p>&nbsp;<\/p>\n<p><strong><b>O<\/b><\/strong><strong><b>Kimyasal inertlikte \u00fcst\u00fcnl\u00fck<\/b><\/strong><\/p>\n<p>G\u00fc\u00e7l\u00fc oksitleyici gazlar hari\u00e7, erimi\u015f metaller, erimi\u015f tuzlar ve \u00e7o\u011fu y\u00fcksek s\u0131cakl\u0131ktaki ortamla kimyasal reaksiyona girmez.<\/p>\n<p>&nbsp;<\/p>\n<p><strong><b>\u00dcniforma<\/b><\/strong><strong><b>\u00a0termal iletkenlik<\/b><\/strong><\/p>\n<p>\u0130\u00e7indeki malzemelerin daha homojen bir \u015fekilde \u0131s\u0131t\u0131lmas\u0131n\u0131 sa\u011flar <a href=\"https:\/\/jinsuncarbon.com\/tr\/urun\/buyuk-grafit-pota\/\">POTA<\/a>ve ard\u0131ndan malzemenin bozulmas\u0131na neden olan yerel a\u015f\u0131r\u0131 \u0131s\u0131nmay\u0131 azalt\u0131r.<\/p>\n<p>&nbsp;<\/p>\n<p><strong><b>P\u00fcr\u00fczs\u00fcz<\/b><\/strong><strong><b>\u00a0y\u00fczey ve<\/b><\/strong><strong><b>\u00a0yo\u011fun<\/b><\/strong><strong><b>\u00a0yap\u0131<\/b><\/strong><\/p>\n<p>D\u00fc\u015f\u00fck malzeme yap\u0131\u015fmas\u0131 ile temizlenmesi uygundur ve malzeme kayb\u0131n\u0131 azaltabilir.<\/p>\n<p><strong><b>\u00a0<\/b><\/strong><\/p>\n<p>Ayr\u0131ca, \u00f6zel gereksinimlerinize g\u00f6re, hacim, \u00e7ap ve duvar kal\u0131nl\u0131\u011f\u0131 spesifikasyonlar\u0131n\u0131z\u0131 kar\u015f\u0131layacak \u015fekilde i\u015flenecektir. Ayr\u0131ca y\u00fcksek yo\u011funluklu karbon kompozit krozeler, g\u00fc\u00e7lendirilmi\u015f karbon kompozit krozeler, ultra ince duvarl\u0131 karbon kompozit krozeler veya di\u011fer \u00f6zelle\u015ftirilmi\u015f karbon kompozit kroze t\u00fcrlerini de se\u00e7ebilirsiniz.<\/p>\n<p><strong><b>\u00a0<\/b><\/strong><\/p>\n<h2>Karbon kompozit pota kullan\u0131m alanlar\u0131<\/h2>\n<p><strong><b>Yar\u0131 iletken ve fotovoltaik alan\u0131nda<\/b><\/strong><strong><b>s<\/b><\/strong><\/p>\n<p>Kimyasal inertli\u011fi nedeniyle tek kristal silikon ve polikristal silikon b\u00fcy\u00fcmesi i\u00e7in kullanabilirsiniz. Erimi\u015f silikon malzemeleri 2000\u00b0C'nin \u00fczerindeki s\u0131cakl\u0131klarda kararl\u0131 bir \u015fekilde ta\u015f\u0131yabilir. Silikon malzemelerin yabanc\u0131 maddelerle kirlenmesini \u00f6nler, silikon gofretlerin safl\u0131\u011f\u0131n\u0131 ve elektriksel \u00f6zelliklerini sa\u011flar. Bu nedenle fotovoltaik h\u00fccrelerin ve yar\u0131 iletken \u00e7iplerin \u00fcretimi i\u00e7in temel bir sarf malzemesidir.<\/p>\n<p>&nbsp;<\/p>\n<p><strong><b>Y\u00fcksek s\u0131cakl\u0131k metal\u00fcrjisi alan\u0131nda<\/b><\/strong><strong><b>s<\/b><\/strong><\/p>\n<p>Titanyum ala\u015f\u0131mlar\u0131 ve y\u00fcksek s\u0131cakl\u0131k ala\u015f\u0131mlar\u0131 gibi \u00f6zel ala\u015f\u0131mlar\u0131n vakumla eritilmesi i\u00e7in kullanabilirsiniz. \u00c7\u00fcnk\u00fc y\u00fcksek s\u0131cakl\u0131k direncine ve ala\u015f\u0131m elementlerinin pota ile reaksiyona girmesini \u00f6nleyen korozyon direncine sahiptir. D\u00fczg\u00fcn \u0131s\u0131 iletkenli\u011fi, ala\u015f\u0131m\u0131n d\u00fczg\u00fcn bile\u015fimini sa\u011flar ve ala\u015f\u0131m malzemesinin mekanik \u00f6zelliklerini geli\u015ftirir.<\/p>\n<p>&nbsp;<\/p>\n<p><strong><b>\u0130leri seramik alan\u0131nda<\/b><\/strong><strong><b>s<\/b><\/strong><\/p>\n<p>Silisyum nitr\u00fcr gibi y\u00fcksek performansl\u0131 seramiklerin sinterlenmesi i\u00e7in kullanabilirsiniz. <a href=\"https:\/\/en.wikipedia.org\/wiki\/Silicon_carbide\" target=\"_blank\" rel=\"noopener\">silisyum karb\u00fcr<\/a>. Seramiklerin oksitlenmesini \u00f6nlemek i\u00e7in y\u00fcksek s\u0131cakl\u0131ktaki indirgeyici atmosferler alt\u0131nda seramik g\u00f6vdeler i\u00e7in kararl\u0131 bir sinterleme ortam\u0131 sa\u011flayabilir. Bu arada, sinterleme i\u015flemi s\u0131ras\u0131nda bas\u0131nca dayanabilir, seramik \u00fcr\u00fcnlerin yo\u011funlu\u011funu ve boyutsal do\u011frulu\u011funu sa\u011flar.<\/p>\n<p>&nbsp;<\/p>\n<p><strong><b>Laboratuvar ve ara\u015ft\u0131rma alanlar\u0131nda<\/b><\/strong><\/p>\n<p>A\u015f\u0131r\u0131 ortamlara dayanma \u00f6zelli\u011fi ile y\u00fcksek s\u0131cakl\u0131k deneyleri i\u00e7in temel kap olarak hizmet eder. Yeni malzemelerin sentezi ve y\u00fcksek s\u0131cakl\u0131ktaki fiziksel ve kimyasal \u00f6zelliklerin test edilmesi i\u00e7in kullanabilirsiniz. Yeni y\u00fcksek s\u0131cakl\u0131k malzemelerinin geli\u015ftirilmesine ve do\u011frulanmas\u0131na yard\u0131mc\u0131 olarak \u00e7e\u015fitli son teknoloji ara\u015ft\u0131rmalar\u0131n s\u00fcre\u00e7 gereksinimlerini kar\u015f\u0131layabilir.<\/p>","protected":false},"excerpt":{"rendered":"<p>Karbon kompozit pota, \u00f6zel bir i\u015flemle olu\u015fturulan y\u00fcksek s\u0131cakl\u0131kta bir kapt\u0131r. Takviye malzemesi olarak karbon fiberleri veya bunlar\u0131n kuma\u015flar\u0131n\u0131 matris olarak karbon bazl\u0131 malzemelerle birle\u015ftirir. Geleneksel tek grafit potalardan veya seramik potalardan farkl\u0131d\u0131r ve a\u015f\u0131r\u0131 y\u00fcksek s\u0131cakl\u0131kl\u0131 ortamlarda yap\u0131sal stabiliteyi koruyabilir. Karbon fiberler ve karbon bazl\u0131 matris aras\u0131ndaki sinerjiden yararlanarak, y\u00fcksek mukavemet, termal \u015foka kar\u015f\u0131 diren\u00e7 ve korozyon direnci gibi temel \u00f6zelliklere sahiptir. Y\u00fcksek s\u0131cakl\u0131ktaki eriyiklerin ve kristal b\u00fcy\u00fctme i\u015flemlerinin i\u015flenmesi i\u00e7in modern \u00fcst d\u00fczey malzeme haz\u0131rlama alanlar\u0131ndaki ekipman\u0131n \u00f6nemli bir bile\u015fenidir.<\/p>","protected":false},"featured_media":8076,"template":"","meta":[],"product_brand":[],"product_cat":[39],"product_tag":[],"class_list":{"0":"post-8064","1":"product","2":"type-product","3":"status-publish","4":"has-post-thumbnail","6":"product_cat-carbon-products","8":"first","9":"instock","10":"shipping-taxable","11":"product-type-simple"},"yoast_head":"<!-- This site is optimized with the Yoast SEO Premium plugin v19.2.1 (Yoast SEO v25.3) - https:\/\/yoast.com\/wordpress\/plugins\/seo\/ -->\n<title>Carbon Composite Crucible Manufacturer in China | Jinsun Carbon<\/title>\n<meta name=\"robots\" content=\"index, follow, max-snippet:-1, max-image-preview:large, max-video-preview:-1\" \/>\n<link rel=\"canonical\" href=\"https:\/\/jinsuncarbon.com\/tr\/urun\/karbon-kompozi\u0307t-pota\/\" \/>\n<meta property=\"og:locale\" content=\"tr_TR\" \/>\n<meta property=\"og:type\" content=\"article\" \/>\n<meta property=\"og:title\" content=\"Carbon Composite Crucible\" \/>\n<meta property=\"og:description\" content=\"Carbon composite crucible is a high-temperature container formed through a special process. It\u00a0combines\u00a0carbon fibers or their fabrics as reinforcement materials with carbon-based materials as the matrix. It is different from traditional single graphite crucibles or ceramic crucibles, which can maintain structural stability in extremely high-temperature environments. By leveraging the synergy between carbon fibers and the carbon-based matrix, it possesses core characteristics such as high strength, resistance to thermal shock, and corrosion resistance. It is a key component of equipment in modern high-end material preparation fields for processing high-temperature melts and crystal growth processes.\" \/>\n<meta property=\"og:url\" content=\"https:\/\/jinsuncarbon.com\/tr\/urun\/karbon-kompozi\u0307t-pota\/\" \/>\n<meta property=\"og:site_name\" content=\"Jinsun Carbon\" \/>\n<meta property=\"article:publisher\" content=\"https:\/\/www.facebook.com\/Graphite-Electrode-109336238661595\" \/>\n<meta property=\"article:modified_time\" content=\"2025-09-23T00:40:50+00:00\" \/>\n<meta property=\"og:image\" content=\"https:\/\/jinsuncarbon.com\/wp-content\/uploads\/2025\/09\/Carbon-Composite-Crucible-1.jpg\" \/>\n\t<meta property=\"og:image:width\" content=\"1024\" \/>\n\t<meta property=\"og:image:height\" content=\"763\" \/>\n\t<meta property=\"og:image:type\" content=\"image\/jpeg\" \/>\n<meta name=\"twitter:card\" content=\"summary_large_image\" \/>\n<meta name=\"twitter:site\" content=\"@jinsuncarbon_\" \/>\n<meta name=\"twitter:label1\" content=\"Tahmini okuma s\u00fcresi\" \/>\n\t<meta name=\"twitter:data1\" content=\"3 dakika\" \/>\n<script type=\"application\/ld+json\" class=\"yoast-schema-graph\">{\"@context\":\"https:\/\/schema.org\",\"@graph\":[{\"@type\":\"WebPage\",\"@id\":\"https:\/\/jinsuncarbon.com\/product\/carbon-composite-crucible\/\",\"url\":\"https:\/\/jinsuncarbon.com\/product\/carbon-composite-crucible\/\",\"name\":\"Carbon Composite Crucible Manufacturer in China | Jinsun Carbon\",\"isPartOf\":{\"@id\":\"https:\/\/jinsuncarbon.com\/#website\"},\"primaryImageOfPage\":{\"@id\":\"https:\/\/jinsuncarbon.com\/product\/carbon-composite-crucible\/#primaryimage\"},\"image\":{\"@id\":\"https:\/\/jinsuncarbon.com\/product\/carbon-composite-crucible\/#primaryimage\"},\"thumbnailUrl\":\"https:\/\/jinsuncarbon.com\/wp-content\/uploads\/2025\/09\/Carbon-Composite-Crucible-1.jpg\",\"datePublished\":\"2025-09-23T00:40:49+00:00\",\"dateModified\":\"2025-09-23T00:40:50+00:00\",\"breadcrumb\":{\"@id\":\"https:\/\/jinsuncarbon.com\/product\/carbon-composite-crucible\/#breadcrumb\"},\"inLanguage\":\"tr\",\"potentialAction\":[{\"@type\":\"ReadAction\",\"target\":[\"https:\/\/jinsuncarbon.com\/product\/carbon-composite-crucible\/\"]}]},{\"@type\":\"ImageObject\",\"inLanguage\":\"tr\",\"@id\":\"https:\/\/jinsuncarbon.com\/product\/carbon-composite-crucible\/#primaryimage\",\"url\":\"https:\/\/jinsuncarbon.com\/wp-content\/uploads\/2025\/09\/Carbon-Composite-Crucible-1.jpg\",\"contentUrl\":\"https:\/\/jinsuncarbon.com\/wp-content\/uploads\/2025\/09\/Carbon-Composite-Crucible-1.jpg\",\"width\":1024,\"height\":763,\"caption\":\"Carbon Composite Crucible\"},{\"@type\":\"BreadcrumbList\",\"@id\":\"https:\/\/jinsuncarbon.com\/product\/carbon-composite-crucible\/#breadcrumb\",\"itemListElement\":[{\"@type\":\"ListItem\",\"position\":1,\"name\":\"Home\",\"item\":\"https:\/\/jinsuncarbon.com\/\"},{\"@type\":\"ListItem\",\"position\":2,\"name\":\"Products\",\"item\":\"https:\/\/jinsuncarbon.com\/graphite-carbon\/\"},{\"@type\":\"ListItem\",\"position\":3,\"name\":\"Carbon Composite Crucible\"}]},{\"@type\":\"WebSite\",\"@id\":\"https:\/\/jinsuncarbon.com\/#website\",\"url\":\"https:\/\/jinsuncarbon.com\/\",\"name\":\"Jinsun Carbon\",\"description\":\"We are the successful graphite electrode manufacturer in China\",\"publisher\":{\"@id\":\"https:\/\/jinsuncarbon.com\/#organization\"},\"potentialAction\":[{\"@type\":\"SearchAction\",\"target\":{\"@type\":\"EntryPoint\",\"urlTemplate\":\"https:\/\/jinsuncarbon.com\/?s={search_term_string}\"},\"query-input\":{\"@type\":\"PropertyValueSpecification\",\"valueRequired\":true,\"valueName\":\"search_term_string\"}}],\"inLanguage\":\"tr\"},{\"@type\":\"Organization\",\"@id\":\"https:\/\/jinsuncarbon.com\/#organization\",\"name\":\"Jinsun Carbon\",\"alternateName\":\"Jinsun Carbon\",\"url\":\"https:\/\/jinsuncarbon.com\/\",\"logo\":{\"@type\":\"ImageObject\",\"inLanguage\":\"tr\",\"@id\":\"https:\/\/jinsuncarbon.com\/#\/schema\/logo\/image\/\",\"url\":\"https:\/\/jinsuncarbon.com\/wp-content\/uploads\/2022\/12\/LOGO-1.png\",\"contentUrl\":\"https:\/\/jinsuncarbon.com\/wp-content\/uploads\/2022\/12\/LOGO-1.png\",\"width\":207,\"height\":80,\"caption\":\"Jinsun Carbon\"},\"image\":{\"@id\":\"https:\/\/jinsuncarbon.com\/#\/schema\/logo\/image\/\"},\"sameAs\":[\"https:\/\/www.facebook.com\/Graphite-Electrode-109336238661595\",\"https:\/\/x.com\/jinsuncarbon_\",\"https:\/\/www.linkedin.com\/in\/jinsungraphite\",\"https:\/\/www.youtube.com\/channel\/UCysDNyvyR5-3cCWEmpkVC0g\"]}]}<\/script>\n<!-- \/ Yoast SEO Premium plugin. -->","yoast_head_json":{"title":"\u00c7in'de Karbon Kompozit Pota \u00dcreticisi | Jinsun Carbon","robots":{"index":"index","follow":"follow","max-snippet":"max-snippet:-1","max-image-preview":"max-image-preview:large","max-video-preview":"max-video-preview:-1"},"canonical":"https:\/\/jinsuncarbon.com\/tr\/urun\/karbon-kompozi\u0307t-pota\/","og_locale":"tr_TR","og_type":"article","og_title":"Carbon Composite Crucible","og_description":"Carbon composite crucible is a high-temperature container formed through a special process. It\u00a0combines\u00a0carbon fibers or their fabrics as reinforcement materials with carbon-based materials as the matrix. It is different from traditional single graphite crucibles or ceramic crucibles, which can maintain structural stability in extremely high-temperature environments. By leveraging the synergy between carbon fibers and the carbon-based matrix, it possesses core characteristics such as high strength, resistance to thermal shock, and corrosion resistance. It is a key component of equipment in modern high-end material preparation fields for processing high-temperature melts and crystal growth processes.","og_url":"https:\/\/jinsuncarbon.com\/tr\/urun\/karbon-kompozi\u0307t-pota\/","og_site_name":"Jinsun Carbon","article_publisher":"https:\/\/www.facebook.com\/Graphite-Electrode-109336238661595","article_modified_time":"2025-09-23T00:40:50+00:00","og_image":[{"width":1024,"height":763,"url":"https:\/\/jinsuncarbon.com\/wp-content\/uploads\/2025\/09\/Carbon-Composite-Crucible-1.jpg","type":"image\/jpeg"}],"twitter_card":"summary_large_image","twitter_site":"@jinsuncarbon_","twitter_misc":{"Tahmini okuma s\u00fcresi":"3 dakika"},"schema":{"@context":"https:\/\/schema.org","@graph":[{"@type":"WebPage","@id":"https:\/\/jinsuncarbon.com\/product\/carbon-composite-crucible\/","url":"https:\/\/jinsuncarbon.com\/product\/carbon-composite-crucible\/","name":"\u00c7in'de Karbon Kompozit Pota \u00dcreticisi | Jinsun Carbon","isPartOf":{"@id":"https:\/\/jinsuncarbon.com\/#website"},"primaryImageOfPage":{"@id":"https:\/\/jinsuncarbon.com\/product\/carbon-composite-crucible\/#primaryimage"},"image":{"@id":"https:\/\/jinsuncarbon.com\/product\/carbon-composite-crucible\/#primaryimage"},"thumbnailUrl":"https:\/\/jinsuncarbon.com\/wp-content\/uploads\/2025\/09\/Carbon-Composite-Crucible-1.jpg","datePublished":"2025-09-23T00:40:49+00:00","dateModified":"2025-09-23T00:40:50+00:00","breadcrumb":{"@id":"https:\/\/jinsuncarbon.com\/product\/carbon-composite-crucible\/#breadcrumb"},"inLanguage":"tr","potentialAction":[{"@type":"ReadAction","target":["https:\/\/jinsuncarbon.com\/product\/carbon-composite-crucible\/"]}]},{"@type":"ImageObject","inLanguage":"tr","@id":"https:\/\/jinsuncarbon.com\/product\/carbon-composite-crucible\/#primaryimage","url":"https:\/\/jinsuncarbon.com\/wp-content\/uploads\/2025\/09\/Carbon-Composite-Crucible-1.jpg","contentUrl":"https:\/\/jinsuncarbon.com\/wp-content\/uploads\/2025\/09\/Carbon-Composite-Crucible-1.jpg","width":1024,"height":763,"caption":"Carbon Composite Crucible"},{"@type":"BreadcrumbList","@id":"https:\/\/jinsuncarbon.com\/product\/carbon-composite-crucible\/#breadcrumb","itemListElement":[{"@type":"ListItem","position":1,"name":"Home","item":"https:\/\/jinsuncarbon.com\/"},{"@type":"ListItem","position":2,"name":"Products","item":"https:\/\/jinsuncarbon.com\/graphite-carbon\/"},{"@type":"ListItem","position":3,"name":"Carbon Composite Crucible"}]},{"@type":"WebSite","@id":"https:\/\/jinsuncarbon.com\/#website","url":"https:\/\/jinsuncarbon.com\/","name":"Jinsun Karbon","description":"\u00c7in'deki ba\u015far\u0131l\u0131 grafit elektrot \u00fcreticisiyiz","publisher":{"@id":"https:\/\/jinsuncarbon.com\/#organization"},"potentialAction":[{"@type":"SearchAction","target":{"@type":"EntryPoint","urlTemplate":"https:\/\/jinsuncarbon.com\/?s={search_term_string}"},"query-input":{"@type":"PropertyValueSpecification","valueRequired":true,"valueName":"search_term_string"}}],"inLanguage":"tr"},{"@type":"Organization","@id":"https:\/\/jinsuncarbon.com\/#organization","name":"Jinsun Karbon","alternateName":"Jinsun Carbon","url":"https:\/\/jinsuncarbon.com\/","logo":{"@type":"ImageObject","inLanguage":"tr","@id":"https:\/\/jinsuncarbon.com\/#\/schema\/logo\/image\/","url":"https:\/\/jinsuncarbon.com\/wp-content\/uploads\/2022\/12\/LOGO-1.png","contentUrl":"https:\/\/jinsuncarbon.com\/wp-content\/uploads\/2022\/12\/LOGO-1.png","width":207,"height":80,"caption":"Jinsun Carbon"},"image":{"@id":"https:\/\/jinsuncarbon.com\/#\/schema\/logo\/image\/"},"sameAs":["https:\/\/www.facebook.com\/Graphite-Electrode-109336238661595","https:\/\/x.com\/jinsuncarbon_","https:\/\/www.linkedin.com\/in\/jinsungraphite","https:\/\/www.youtube.com\/channel\/UCysDNyvyR5-3cCWEmpkVC0g"]}]}},"_links":{"self":[{"href":"https:\/\/jinsuncarbon.com\/tr\/wp-json\/wp\/v2\/product\/8064","targetHints":{"allow":["GET"]}}],"collection":[{"href":"https:\/\/jinsuncarbon.com\/tr\/wp-json\/wp\/v2\/product"}],"about":[{"href":"https:\/\/jinsuncarbon.com\/tr\/wp-json\/wp\/v2\/types\/product"}],"wp:featuredmedia":[{"embeddable":true,"href":"https:\/\/jinsuncarbon.com\/tr\/wp-json\/wp\/v2\/media\/8076"}],"wp:attachment":[{"href":"https:\/\/jinsuncarbon.com\/tr\/wp-json\/wp\/v2\/media?parent=8064"}],"wp:term":[{"taxonomy":"product_brand","embeddable":true,"href":"https:\/\/jinsuncarbon.com\/tr\/wp-json\/wp\/v2\/product_brand?post=8064"},{"taxonomy":"product_cat","embeddable":true,"href":"https:\/\/jinsuncarbon.com\/tr\/wp-json\/wp\/v2\/product_cat?post=8064"},{"taxonomy":"product_tag","embeddable":true,"href":"https:\/\/jinsuncarbon.com\/tr\/wp-json\/wp\/v2\/product_tag?post=8064"}],"curies":[{"name":"wp","href":"https:\/\/api.w.org\/{rel}","templated":true}]}}