{"id":8063,"date":"2025-09-23T01:17:40","date_gmt":"2025-09-23T01:17:40","guid":{"rendered":"https:\/\/jinsuncarbon.com\/?post_type=product&#038;p=8063"},"modified":"2025-09-23T01:17:41","modified_gmt":"2025-09-23T01:17:41","slug":"karbon-nanotup","status":"publish","type":"product","link":"https:\/\/jinsuncarbon.com\/tr\/urun\/karbon-nanotup\/","title":{"rendered":"Karbon Nanot\u00fcp"},"content":{"rendered":"<h2>Karbon nanot\u00fcp\u00fcn avantajlar\u0131<\/h2>\n<p>Karbon nanot\u00fcp \u00e7e\u015fitli formlarda gelir, tozlar, filmler veya kompozit malzemeler haline getirilebilir ve avantajlar\u0131 son derece dikkat \u00e7ekicidir.<\/p>\n<p><strong><b>E<\/b><\/strong><strong><b>xson derece g\u00fc\u00e7l\u00fc mekanik \u00f6zellikler<\/b><\/strong><\/p>\n<p>\u00c7ekme mukavemeti \u00e7eli\u011fin 100 kat\u0131ndan fazlad\u0131r ve a\u011f\u0131rl\u0131\u011f\u0131 \u00e7eli\u011fin yaln\u0131zca 1\/6's\u0131 kadard\u0131r. Bunlar, hafif yap\u0131sal malzemeler i\u00e7in ideal bir se\u00e7im olmas\u0131n\u0131 sa\u011flar.<\/p>\n<p>&nbsp;<\/p>\n<p><strong><b>O<\/b><\/strong><strong><b>Elektriksel iletkenli\u011fe dayanma<\/b><\/strong><\/p>\n<p>Metal bak\u0131r ile kar\u015f\u0131la\u015ft\u0131r\u0131labilir ve hatta baz\u0131 t\u00fcrleri farkl\u0131 elektronik cihazlar i\u00e7in uygun yar\u0131 iletken \u00f6zelliklere sahiptir.<\/p>\n<p>&nbsp;<\/p>\n<p><strong><b>Y\u00fcksek<\/b><\/strong><strong><b>\u00a0termal iletkenlik<\/b><\/strong><\/p>\n<p>Geleneksel termal iletken malzemelerin \u00e7ok \u00f6tesine ge\u00e7erek h\u0131zl\u0131 \u0131s\u0131 transferi ve homojen da\u011f\u0131l\u0131m sa\u011flar.<\/p>\n<p>&nbsp;<\/p>\n<p><strong><b>E<\/b><\/strong><strong><b>m\u00fckemmel ki\u0307myasal kararlilik<\/b><\/strong><\/p>\n<p>Asidik ve alkali ortamlarda ve y\u00fcksek s\u0131cakl\u0131klarda stabil kal\u0131r ve baz\u0131 t\u00fcrleri 1000\u00b0C'nin \u00fczerindeki s\u0131cakl\u0131klara dayanabilir.<\/p>\n<p>&nbsp;<\/p>\n<p><strong><b>U<\/b><\/strong><strong><b>ni\u0307kel i\u0307\u00e7i\u0307 bo\u015f yapi<\/b><\/strong><\/p>\n<p>Fonksiyonel uygulamalarda son derece y\u00fcksek esneklik sa\u011flayabilen ila\u00e7lar\u0131, kataliz\u00f6rleri vb. y\u00fcklemek i\u00e7in kullanabilirsiniz.<\/p>\n<p>&nbsp;<\/p>\n<h2>Karbon nanot\u00fcp t\u00fcrleri<\/h2>\n<p><strong><b>Duvar katmanlar\u0131n\u0131n say\u0131s\u0131na g\u00f6re<\/b><\/strong><\/p>\n<p><strong><b>S<\/b><\/strong><strong><b>tek duvarl\u0131 karbon nanot\u00fcp<\/b><\/strong><\/p>\n<p>Sadece bir karbon atomik t\u00fcp katman\u0131ndan olu\u015fur ve tipik olarak 0,4 ila 2 nanometre aras\u0131nda de\u011fi\u015fen bir \u00e7apa sahiptir. Y\u00fcksek hassasiyetli elektronik cihazlar, nano sens\u00f6rler ve di\u011fer senaryolar i\u00e7in uygun olan saf elektronik \u00f6zelliklere sahiptir.<\/p>\n<p>&nbsp;<\/p>\n<p><strong><b>M<\/b><\/strong><strong><b>\u00e7ok duvarl\u0131 karbon nanot\u00fcp<\/b><\/strong><\/p>\n<p>\u00c7ap\u0131 genellikle 2 ila 100 nanometre aras\u0131nda de\u011fi\u015fen \u00e7ok say\u0131da karbon atomik t\u00fcp katman\u0131n\u0131n e\u015f eksenli olarak i\u00e7 i\u00e7e ge\u00e7irilmesiyle olu\u015fturulur. Maliyeti nispeten daha d\u00fc\u015f\u00fckt\u00fcr ve daha iyi mekanik dayan\u0131ma sahiptir. Bu y\u00fczden a\u015fa\u011f\u0131daki gibi end\u00fcstriyel senaryolar i\u00e7in uygundur <a href=\"https:\/\/jinsuncarbon.com\/tr\/grafit-kompozit-bir-malzeme-midir\/\">kompozi\u0307t malzeme<\/a> takviye ve iletken kaplamalar.<\/p>\n<p>&nbsp;<\/p>\n<h2>Karbon nanot\u00fcp\u00fcn kullan\u0131m alanlar\u0131<\/h2>\n<p><strong><b>Elektronik alan\u0131nda<\/b><\/strong><\/p>\n<p>Esnek ekranlar i\u00e7in iletken elektrotlar \u00fcretmek i\u00e7in kullanabilirsiniz. Y\u00fcksek iletkenli\u011fi ve esnekli\u011fi, ekran b\u00fckme gereksinimlerini kar\u015f\u0131lamak i\u00e7in \u00e7ok uygundur.<\/p>\n<p>&nbsp;<\/p>\n<p>Ayr\u0131ca y\u00fcksek performansl\u0131 <a href=\"https:\/\/en.wikipedia.org\/wiki\/Transistor\" target=\"_blank\" rel=\"noopener\">transist\u00f6rler<\/a>Geleneksel silikon tabanl\u0131 cihazlar\u0131n performans s\u0131n\u0131rlamalar\u0131n\u0131 k\u0131rarak \u00e7ip minyat\u00fcrle\u015ftirmesini kolayla\u015ft\u0131r\u0131r.<\/p>\n<p>&nbsp;<\/p>\n<p><strong><b>Enerji alan\u0131nda<\/b><\/strong><\/p>\n<p>Lityum pillere karbon nanot\u00fcp ekleyerek elektrotlar\u0131n iletkenli\u011fini ve yap\u0131sal kararl\u0131l\u0131\u011f\u0131n\u0131 art\u0131rabilirsiniz. Ayr\u0131ca pil \u00f6mr\u00fcn\u00fc uzatabilir ve h\u0131zl\u0131 \u015farj performans\u0131n\u0131 art\u0131rabilir.<\/p>\n<p>&nbsp;<\/p>\n<p>S\u00fcper kapasit\u00f6rlerde kullan\u0131ld\u0131\u011f\u0131nda, y\u00fcksek spesifik y\u00fczey alan\u0131 enerji depolama kapasitesini art\u0131rabilir ve h\u0131zl\u0131 \u015farj ve de\u015farj\u0131 m\u00fcmk\u00fcn k\u0131labilir.<\/p>\n<p><strong><b>\u00a0<\/b><\/strong><\/p>\n<p><strong><b>Biyot\u0131p alan\u0131nda<\/b><\/strong><\/p>\n<p>\u0130\u00e7i bo\u015f yap\u0131ya anti-kanser ila\u00e7lar\u0131 y\u00fckleyerek, t\u00fcm\u00f6r h\u00fccrelerini hassas bir \u015fekilde hedeflemek m\u00fcmk\u00fcnd\u00fcr. B\u00f6ylece ila\u00e7lar\u0131n normal dokulara verdi\u011fi zarar en aza indirilir.<\/p>\n<p>&nbsp;<\/p>\n<p>Ayr\u0131ca, kandaki iz belirte\u00e7lerini h\u0131zl\u0131 bir \u015fekilde tespit edebilen ve erken hastal\u0131k te\u015fhisini kolayla\u015ft\u0131ran biyosens\u00f6rlere de d\u00f6n\u00fc\u015ft\u00fcrebilirsiniz.<\/p>\n<p>&nbsp;<\/p>\n<p><strong><b>Kompozit malzemeler alan\u0131nda<\/b><\/strong><\/p>\n<p>Plastiklere, metallere veya seramiklere dahil ederek hafif ve y\u00fcksek mukavemetli havac\u0131l\u0131k bile\u015fenleri, otomotiv yap\u0131sal par\u00e7alar\u0131 \u00fcretebilirsiniz. U\u00e7ak kanatlar\u0131nda kullan\u0131lan kompozit malzemeler gibi, sadece a\u011f\u0131rl\u0131\u011f\u0131 azaltmakla kalmaz, ayn\u0131 zamanda g\u00fcvenlik performans\u0131n\u0131 da art\u0131r\u0131r.<\/p>\n<p>&nbsp;<\/p>\n<p>Ayr\u0131ca, ultra y\u00fcksek mukavemetli darbelere etkili bir \u015fekilde direnebilen kur\u015fun ge\u00e7irmez malzemeler yapmak i\u00e7in de kullanabilirsiniz.<\/p>","protected":false},"excerpt":{"rendered":"<p>Karbon nanot\u00fcp, karbon atomlar\u0131n\u0131n alt\u0131gen bir \u0131zgara yap\u0131s\u0131na k\u0131vr\u0131lmas\u0131yla olu\u015fan boru \u015feklinde bir nanomalzeme t\u00fcr\u00fcd\u00fcr. \u00c7aplar\u0131 genellikle yaln\u0131zca birka\u00e7 nanometre ila birka\u00e7 on nanometre aras\u0131ndayken, uzunluklar\u0131 mikrometreye hatta milimetreye ula\u015fabilir. Geleneksel malzemelerin \u00e7ok \u00f6tesinde mekanik mukavemete, m\u00fckemmel elektrik ve \u0131s\u0131 iletkenli\u011fine ve benzersiz tek boyutlu i\u00e7i bo\u015f yap\u0131ya sahiptir. Bunlar, \u00e7e\u015fitli \u00fcst d\u00fczey senaryolar\u0131n teknik gereksinimlerini kar\u015f\u0131layarak \u00fcst d\u00fczey end\u00fcstrilerde, yeni enerjide, biyot\u0131pta ve di\u011fer alanlarda b\u00fcy\u00fck potansiyel g\u00f6stermesini sa\u011flar.<\/p>","protected":false},"featured_media":8079,"template":"","meta":[],"product_brand":[],"product_cat":[39],"product_tag":[],"class_list":{"0":"post-8063","1":"product","2":"type-product","3":"status-publish","4":"has-post-thumbnail","6":"product_cat-carbon-products","8":"first","9":"instock","10":"shipping-taxable","11":"product-type-simple"},"yoast_head":"<!-- This site is optimized with the Yoast SEO Premium plugin v19.2.1 (Yoast SEO v25.3) - https:\/\/yoast.com\/wordpress\/plugins\/seo\/ -->\n<title>Carbon Nanotube Supplier in China | Jinsun Carbon<\/title>\n<meta name=\"robots\" content=\"index, follow, max-snippet:-1, max-image-preview:large, max-video-preview:-1\" \/>\n<link rel=\"canonical\" href=\"https:\/\/jinsuncarbon.com\/tr\/urun\/karbon-nanotup\/\" \/>\n<meta property=\"og:locale\" content=\"tr_TR\" \/>\n<meta property=\"og:type\" content=\"article\" \/>\n<meta property=\"og:title\" content=\"Carbon Nanotube\" \/>\n<meta property=\"og:description\" content=\"Carbon nanotube\u00a0is\u00a0a type of tubular nanomaterial formed by curling carbon atoms into a hexagonal grid structure. Its\u00a0diameters are usually only a few nanometers to several tens of nanometers, while its\u00a0lengths can reach micrometers or even millimeters. It has\u00a0mechanical strength far exceeding that of traditional materials, excellent electrical and thermal conductivity, and unique one-dimensional hollow structure. These make it\u00a0have shown great potential in high-end industries, new energy, biomedicine and other fields,\u00a0meeting\u00a0the technical requirements of various high-end scenarios.\" \/>\n<meta property=\"og:url\" content=\"https:\/\/jinsuncarbon.com\/tr\/urun\/karbon-nanotup\/\" \/>\n<meta property=\"og:site_name\" content=\"Jinsun Carbon\" \/>\n<meta property=\"article:publisher\" content=\"https:\/\/www.facebook.com\/Graphite-Electrode-109336238661595\" \/>\n<meta property=\"article:modified_time\" content=\"2025-09-23T01:17:41+00:00\" \/>\n<meta property=\"og:image\" content=\"https:\/\/jinsuncarbon.com\/wp-content\/uploads\/2025\/09\/Carbon-Nanotube.jpg\" \/>\n\t<meta property=\"og:image:width\" content=\"1024\" \/>\n\t<meta property=\"og:image:height\" content=\"763\" \/>\n\t<meta property=\"og:image:type\" content=\"image\/jpeg\" \/>\n<meta name=\"twitter:card\" content=\"summary_large_image\" \/>\n<meta name=\"twitter:site\" content=\"@jinsuncarbon_\" \/>\n<meta name=\"twitter:label1\" content=\"Tahmini okuma s\u00fcresi\" \/>\n\t<meta name=\"twitter:data1\" content=\"3 dakika\" \/>\n<script type=\"application\/ld+json\" class=\"yoast-schema-graph\">{\"@context\":\"https:\/\/schema.org\",\"@graph\":[{\"@type\":\"WebPage\",\"@id\":\"https:\/\/jinsuncarbon.com\/product\/carbon-nanotube\/\",\"url\":\"https:\/\/jinsuncarbon.com\/product\/carbon-nanotube\/\",\"name\":\"Carbon Nanotube Supplier in China | Jinsun Carbon\",\"isPartOf\":{\"@id\":\"https:\/\/jinsuncarbon.com\/#website\"},\"primaryImageOfPage\":{\"@id\":\"https:\/\/jinsuncarbon.com\/product\/carbon-nanotube\/#primaryimage\"},\"image\":{\"@id\":\"https:\/\/jinsuncarbon.com\/product\/carbon-nanotube\/#primaryimage\"},\"thumbnailUrl\":\"https:\/\/jinsuncarbon.com\/wp-content\/uploads\/2025\/09\/Carbon-Nanotube.jpg\",\"datePublished\":\"2025-09-23T01:17:40+00:00\",\"dateModified\":\"2025-09-23T01:17:41+00:00\",\"breadcrumb\":{\"@id\":\"https:\/\/jinsuncarbon.com\/product\/carbon-nanotube\/#breadcrumb\"},\"inLanguage\":\"tr\",\"potentialAction\":[{\"@type\":\"ReadAction\",\"target\":[\"https:\/\/jinsuncarbon.com\/product\/carbon-nanotube\/\"]}]},{\"@type\":\"ImageObject\",\"inLanguage\":\"tr\",\"@id\":\"https:\/\/jinsuncarbon.com\/product\/carbon-nanotube\/#primaryimage\",\"url\":\"https:\/\/jinsuncarbon.com\/wp-content\/uploads\/2025\/09\/Carbon-Nanotube.jpg\",\"contentUrl\":\"https:\/\/jinsuncarbon.com\/wp-content\/uploads\/2025\/09\/Carbon-Nanotube.jpg\",\"width\":1024,\"height\":763,\"caption\":\"Carbon Nanotube\"},{\"@type\":\"BreadcrumbList\",\"@id\":\"https:\/\/jinsuncarbon.com\/product\/carbon-nanotube\/#breadcrumb\",\"itemListElement\":[{\"@type\":\"ListItem\",\"position\":1,\"name\":\"Home\",\"item\":\"https:\/\/jinsuncarbon.com\/\"},{\"@type\":\"ListItem\",\"position\":2,\"name\":\"Products\",\"item\":\"https:\/\/jinsuncarbon.com\/graphite-carbon\/\"},{\"@type\":\"ListItem\",\"position\":3,\"name\":\"Carbon Nanotube\"}]},{\"@type\":\"WebSite\",\"@id\":\"https:\/\/jinsuncarbon.com\/#website\",\"url\":\"https:\/\/jinsuncarbon.com\/\",\"name\":\"Jinsun Carbon\",\"description\":\"We are the successful graphite electrode manufacturer in China\",\"publisher\":{\"@id\":\"https:\/\/jinsuncarbon.com\/#organization\"},\"potentialAction\":[{\"@type\":\"SearchAction\",\"target\":{\"@type\":\"EntryPoint\",\"urlTemplate\":\"https:\/\/jinsuncarbon.com\/?s={search_term_string}\"},\"query-input\":{\"@type\":\"PropertyValueSpecification\",\"valueRequired\":true,\"valueName\":\"search_term_string\"}}],\"inLanguage\":\"tr\"},{\"@type\":\"Organization\",\"@id\":\"https:\/\/jinsuncarbon.com\/#organization\",\"name\":\"Jinsun Carbon\",\"alternateName\":\"Jinsun Carbon\",\"url\":\"https:\/\/jinsuncarbon.com\/\",\"logo\":{\"@type\":\"ImageObject\",\"inLanguage\":\"tr\",\"@id\":\"https:\/\/jinsuncarbon.com\/#\/schema\/logo\/image\/\",\"url\":\"https:\/\/jinsuncarbon.com\/wp-content\/uploads\/2022\/12\/LOGO-1.png\",\"contentUrl\":\"https:\/\/jinsuncarbon.com\/wp-content\/uploads\/2022\/12\/LOGO-1.png\",\"width\":207,\"height\":80,\"caption\":\"Jinsun Carbon\"},\"image\":{\"@id\":\"https:\/\/jinsuncarbon.com\/#\/schema\/logo\/image\/\"},\"sameAs\":[\"https:\/\/www.facebook.com\/Graphite-Electrode-109336238661595\",\"https:\/\/x.com\/jinsuncarbon_\",\"https:\/\/www.linkedin.com\/in\/jinsungraphite\",\"https:\/\/www.youtube.com\/channel\/UCysDNyvyR5-3cCWEmpkVC0g\"]}]}<\/script>\n<!-- \/ Yoast SEO Premium plugin. -->","yoast_head_json":{"title":"\u00c7in'de Karbon Nanot\u00fcp Tedarik\u00e7isi | Jinsun Carbon","robots":{"index":"index","follow":"follow","max-snippet":"max-snippet:-1","max-image-preview":"max-image-preview:large","max-video-preview":"max-video-preview:-1"},"canonical":"https:\/\/jinsuncarbon.com\/tr\/urun\/karbon-nanotup\/","og_locale":"tr_TR","og_type":"article","og_title":"Carbon Nanotube","og_description":"Carbon nanotube\u00a0is\u00a0a type of tubular nanomaterial formed by curling carbon atoms into a hexagonal grid structure. Its\u00a0diameters are usually only a few nanometers to several tens of nanometers, while its\u00a0lengths can reach micrometers or even millimeters. It has\u00a0mechanical strength far exceeding that of traditional materials, excellent electrical and thermal conductivity, and unique one-dimensional hollow structure. These make it\u00a0have shown great potential in high-end industries, new energy, biomedicine and other fields,\u00a0meeting\u00a0the technical requirements of various high-end scenarios.","og_url":"https:\/\/jinsuncarbon.com\/tr\/urun\/karbon-nanotup\/","og_site_name":"Jinsun Carbon","article_publisher":"https:\/\/www.facebook.com\/Graphite-Electrode-109336238661595","article_modified_time":"2025-09-23T01:17:41+00:00","og_image":[{"width":1024,"height":763,"url":"https:\/\/jinsuncarbon.com\/wp-content\/uploads\/2025\/09\/Carbon-Nanotube.jpg","type":"image\/jpeg"}],"twitter_card":"summary_large_image","twitter_site":"@jinsuncarbon_","twitter_misc":{"Tahmini okuma s\u00fcresi":"3 dakika"},"schema":{"@context":"https:\/\/schema.org","@graph":[{"@type":"WebPage","@id":"https:\/\/jinsuncarbon.com\/product\/carbon-nanotube\/","url":"https:\/\/jinsuncarbon.com\/product\/carbon-nanotube\/","name":"\u00c7in'de Karbon Nanot\u00fcp Tedarik\u00e7isi | Jinsun Carbon","isPartOf":{"@id":"https:\/\/jinsuncarbon.com\/#website"},"primaryImageOfPage":{"@id":"https:\/\/jinsuncarbon.com\/product\/carbon-nanotube\/#primaryimage"},"image":{"@id":"https:\/\/jinsuncarbon.com\/product\/carbon-nanotube\/#primaryimage"},"thumbnailUrl":"https:\/\/jinsuncarbon.com\/wp-content\/uploads\/2025\/09\/Carbon-Nanotube.jpg","datePublished":"2025-09-23T01:17:40+00:00","dateModified":"2025-09-23T01:17:41+00:00","breadcrumb":{"@id":"https:\/\/jinsuncarbon.com\/product\/carbon-nanotube\/#breadcrumb"},"inLanguage":"tr","potentialAction":[{"@type":"ReadAction","target":["https:\/\/jinsuncarbon.com\/product\/carbon-nanotube\/"]}]},{"@type":"ImageObject","inLanguage":"tr","@id":"https:\/\/jinsuncarbon.com\/product\/carbon-nanotube\/#primaryimage","url":"https:\/\/jinsuncarbon.com\/wp-content\/uploads\/2025\/09\/Carbon-Nanotube.jpg","contentUrl":"https:\/\/jinsuncarbon.com\/wp-content\/uploads\/2025\/09\/Carbon-Nanotube.jpg","width":1024,"height":763,"caption":"Carbon Nanotube"},{"@type":"BreadcrumbList","@id":"https:\/\/jinsuncarbon.com\/product\/carbon-nanotube\/#breadcrumb","itemListElement":[{"@type":"ListItem","position":1,"name":"Home","item":"https:\/\/jinsuncarbon.com\/"},{"@type":"ListItem","position":2,"name":"Products","item":"https:\/\/jinsuncarbon.com\/graphite-carbon\/"},{"@type":"ListItem","position":3,"name":"Carbon Nanotube"}]},{"@type":"WebSite","@id":"https:\/\/jinsuncarbon.com\/#website","url":"https:\/\/jinsuncarbon.com\/","name":"Jinsun Karbon","description":"\u00c7in'deki ba\u015far\u0131l\u0131 grafit elektrot \u00fcreticisiyiz","publisher":{"@id":"https:\/\/jinsuncarbon.com\/#organization"},"potentialAction":[{"@type":"SearchAction","target":{"@type":"EntryPoint","urlTemplate":"https:\/\/jinsuncarbon.com\/?s={search_term_string}"},"query-input":{"@type":"PropertyValueSpecification","valueRequired":true,"valueName":"search_term_string"}}],"inLanguage":"tr"},{"@type":"Organization","@id":"https:\/\/jinsuncarbon.com\/#organization","name":"Jinsun Karbon","alternateName":"Jinsun Carbon","url":"https:\/\/jinsuncarbon.com\/","logo":{"@type":"ImageObject","inLanguage":"tr","@id":"https:\/\/jinsuncarbon.com\/#\/schema\/logo\/image\/","url":"https:\/\/jinsuncarbon.com\/wp-content\/uploads\/2022\/12\/LOGO-1.png","contentUrl":"https:\/\/jinsuncarbon.com\/wp-content\/uploads\/2022\/12\/LOGO-1.png","width":207,"height":80,"caption":"Jinsun Carbon"},"image":{"@id":"https:\/\/jinsuncarbon.com\/#\/schema\/logo\/image\/"},"sameAs":["https:\/\/www.facebook.com\/Graphite-Electrode-109336238661595","https:\/\/x.com\/jinsuncarbon_","https:\/\/www.linkedin.com\/in\/jinsungraphite","https:\/\/www.youtube.com\/channel\/UCysDNyvyR5-3cCWEmpkVC0g"]}]}},"_links":{"self":[{"href":"https:\/\/jinsuncarbon.com\/tr\/wp-json\/wp\/v2\/product\/8063","targetHints":{"allow":["GET"]}}],"collection":[{"href":"https:\/\/jinsuncarbon.com\/tr\/wp-json\/wp\/v2\/product"}],"about":[{"href":"https:\/\/jinsuncarbon.com\/tr\/wp-json\/wp\/v2\/types\/product"}],"wp:featuredmedia":[{"embeddable":true,"href":"https:\/\/jinsuncarbon.com\/tr\/wp-json\/wp\/v2\/media\/8079"}],"wp:attachment":[{"href":"https:\/\/jinsuncarbon.com\/tr\/wp-json\/wp\/v2\/media?parent=8063"}],"wp:term":[{"taxonomy":"product_brand","embeddable":true,"href":"https:\/\/jinsuncarbon.com\/tr\/wp-json\/wp\/v2\/product_brand?post=8063"},{"taxonomy":"product_cat","embeddable":true,"href":"https:\/\/jinsuncarbon.com\/tr\/wp-json\/wp\/v2\/product_cat?post=8063"},{"taxonomy":"product_tag","embeddable":true,"href":"https:\/\/jinsuncarbon.com\/tr\/wp-json\/wp\/v2\/product_tag?post=8063"}],"curies":[{"name":"wp","href":"https:\/\/api.w.org\/{rel}","templated":true}]}}