{"id":8059,"date":"2025-09-09T02:29:18","date_gmt":"2025-09-09T02:29:18","guid":{"rendered":"https:\/\/jinsuncarbon.com\/?post_type=product&#038;p=8059"},"modified":"2026-02-28T00:47:48","modified_gmt":"2026-02-28T00:47:48","slug":"dokum-icin-grafit-blok","status":"publish","type":"product","link":"https:\/\/jinsuncarbon.com\/tr\/urun\/dokum-icin-grafit-blok\/","title":{"rendered":"D\u00f6k\u00fcm \u0130\u00e7in Grafit Blok"},"content":{"rendered":"<h2>D\u00f6k\u00fcm i\u00e7in grafit blo\u011fun avantajlar\u0131<\/h2>\n<p>Dikd\u00f6rtgen, k\u00fcbik ve d\u00fczensiz bloklar gibi \u00e7e\u015fitli \u015fekillerde gelir ve olduk\u00e7a dikkat \u00e7ekici avantajlar\u0131 vard\u0131r.<\/p>\n<p><strong><b>E<\/b><\/strong><strong><b>m\u00fckemmel y\u00fcksek s\u0131cakl\u0131k direnci<\/b><\/strong><\/p>\n<p>1200\u00b0C ila 1800\u00b0C aras\u0131nda de\u011fi\u015fen y\u00fcksek s\u0131cakl\u0131ktaki d\u00f6k\u00fcm ortam\u0131nda yap\u0131sal stabiliteyi korur. Metal s\u0131v\u0131 etkisi veya y\u00fcksek s\u0131cakl\u0131k nedeniyle deforme olmaz veya \u00e7atlamaz.<\/p>\n<p>&nbsp;<\/p>\n<p><strong><b>L<\/b><\/strong><strong><b>ow termal genle\u015fme katsay\u0131s\u0131<\/b><\/strong><\/p>\n<p>Y\u00fcksek s\u0131cakl\u0131kta \u0131s\u0131tma ve so\u011futma s\u0131ras\u0131nda, d\u00f6k\u00fcm\u00fcn \u015fekillendirme do\u011frulu\u011funu sa\u011flayabilir ve d\u00f6k\u00fcm deformasyon hatalar\u0131n\u0131 azalt\u0131r.<\/p>\n<p>&nbsp;<\/p>\n<p><strong><b>Kararl\u0131 <\/b><\/strong><strong><b>ki\u0307myasal \u00f6zelli\u0307kler<\/b><\/strong><\/p>\n<p><a href=\"https:\/\/jinsuncarbon.com\/tr\/urun\/grafit-blok\/\">Grafit bloklar<\/a> y\u00fcksek s\u0131cakl\u0131klarda demir d\u0131\u015f\u0131 metal s\u0131v\u0131lar\u0131 ile kimyasal reaksiyona girmeye e\u011filimli de\u011fildir. B\u00f6ylece d\u00f6k\u00fcm\u00fcn kirlenmesini \u00f6nler ve d\u00f6k\u00fcm\u00fcn safl\u0131\u011f\u0131n\u0131 sa\u011flar.<\/p>\n<p>&nbsp;<\/p>\n<p><strong><b>P\u00fcr\u00fczs\u00fcz<\/b><\/strong><strong><b>\u00a0y\u00fczey p\u00fcr\u00fczs\u00fczd\u00fcr ve metal s\u0131v\u0131ya yap\u0131\u015fmaz<\/b><\/strong><\/p>\n<p>Bu, d\u00f6k\u00fcm y\u00fczeyindeki kum yap\u0131\u015fmas\u0131 ve \u00e7apak gibi kusurlar\u0131 azaltarak d\u00f6k\u00fcm\u00fcn y\u00fczey kalitesini art\u0131r\u0131r.<\/p>\n<p>&nbsp;<\/p>\n<p><strong><b>G<\/b><\/strong><strong><b>ood mekanik i\u015fleme performans\u0131<\/b><\/strong><\/p>\n<p>D\u00f6k\u00fcm\u00fc, \u00e7e\u015fitli d\u00f6k\u00fcm gereksinimlerine uyum sa\u011flayan \u015fekline g\u00f6re d\u00fczensiz bir yap\u0131ya hassas bir \u015fekilde i\u015fleyebilirsiniz.<\/p>\n<p>&nbsp;<\/p>\n<p><strong><b>L<\/b><\/strong><strong><b>ong hizmet \u00f6mr\u00fc<\/b><\/strong><\/p>\n<p>A\u015f\u0131nmaya ve darbeye kar\u015f\u0131 dayan\u0131kl\u0131d\u0131r, bu nedenle birden fazla d\u00f6k\u00fcm \u00fcretimi i\u00e7in yeniden kullan\u0131labilir ve d\u00f6k\u00fcm maliyetlerini d\u00fc\u015f\u00fcr\u00fcr.<\/p>\n<p>&nbsp;<\/p>\n<h2>D\u00f6k\u00fcm i\u00e7in grafit blok kullan\u0131mlar\u0131<\/h2>\n<h3>Demir d\u0131\u015f\u0131 metal d\u00f6k\u00fcm alan\u0131<\/h3>\n<p><strong><b>T<\/b><\/strong><strong><b>o bo\u015flu\u011fu <a href=\"https:\/\/en.wikipedia.org\/wiki\/Die_casting\" target=\"_blank\" rel=\"noopener\">kal\u0131p d\u00f6k\u00fcm<\/a> KALIPLAR<\/b><\/strong><\/p>\n<p>Araba tekerlekleri ve diz\u00fcst\u00fc bilgisayar kasalar\u0131 gibi hassas al\u00fcminyum ala\u015f\u0131ml\u0131 par\u00e7alar\u0131n \u00fcretiminde kullanabilirsiniz. Kal\u0131p s\u00f6kme direncini azaltabilir ve d\u00f6k\u00fcmlerin p\u00fcr\u00fczs\u00fcz bir y\u00fczeye sahip olmas\u0131n\u0131 sa\u011flar.<\/p>\n<p>&nbsp;<\/p>\n<p><strong><b>\u00c7ekirdek \u015fapel<\/b><\/strong><\/p>\n<p>Bak\u0131r ala\u015f\u0131ml\u0131 vanalar\u0131n ve boru ba\u011flant\u0131 par\u00e7alar\u0131n\u0131n d\u00f6k\u00fcm\u00fcnde i\u00e7ten delikli yap\u0131lar olu\u015fturmak i\u00e7in grafit bloklar kullanabilirsiniz. D\u00f6k\u00fcmlerde b\u00fcz\u00fclme bo\u015fluklar\u0131 ve g\u00f6zeneklilik gibi kusurlar\u0131n olu\u015fmas\u0131n\u0131 \u00f6nleyerek mekanik \u00f6zellikleri geli\u015ftirir.<\/p>\n<p>&nbsp;<\/p>\n<h3>\u00d6zel ala\u015f\u0131m d\u00f6k\u00fcm alan\u0131<\/h3>\n<p><strong><b>I<\/b><\/strong><strong><b>u\u00e7ak motor kanatlar\u0131n\u0131n d\u00f6k\u00fcm\u00fcnde<\/b><\/strong><\/p>\n<p>Y\u00fcksek s\u0131cakl\u0131k direnci ve d\u00fc\u015f\u00fck kirlilik \u00f6zellikleri ile hassas \u00e7ekirdekler olu\u015fturmak i\u00e7in grafit bloklar\u0131 kullanabilirsiniz. Y\u00fcksek s\u0131cakl\u0131ktaki ala\u015f\u0131m s\u0131v\u0131s\u0131n\u0131n olu\u015fumunu destekleyerek kanatlar\u0131n i\u00e7indeki karma\u015f\u0131k so\u011futma kanallar\u0131n\u0131n do\u011frulu\u011funu sa\u011flar.<\/p>\n<p>&nbsp;<\/p>\n<p><strong><b>N\u00fckleer enerji alan\u0131nda \u00f6zel \u00e7elik bile\u015fenlerin d\u00f6k\u00fcm\u00fcnde<\/b><\/strong><\/p>\n<p>D\u00f6k\u00fcmlerin so\u011futma h\u0131z\u0131n\u0131 kontrol etmek ve i\u00e7 gerilimi azaltmak i\u00e7in kal\u0131plar i\u00e7in yard\u0131mc\u0131 bloklar g\u00f6revi g\u00f6r\u00fcr.<\/p>\n<p>&nbsp;<\/p>\n<h3>Hassas d\u00f6k\u00fcm alan\u0131<\/h3>\n<p><strong><b>I<\/b><\/strong><strong><b>n m\u00fccevher d\u00f6k\u00fcm\u00fc<\/b><\/strong><\/p>\n<p>M\u00fccevher kal\u0131plar\u0131n\u0131n bo\u015flu\u011funu olu\u015fturmak i\u00e7in grafit blo\u011fu i\u015fleyebilir ve i\u00e7ine de\u011ferli metal s\u0131v\u0131lar\u0131 d\u00f6kebilirsiniz. Y\u00fcksek hassasiyetli i\u015fleme performans\u0131, m\u00fccevherlerin net desenlere ve hassas boyutlara sahip olmas\u0131n\u0131 sa\u011flar.<\/p>\n<p>&nbsp;<\/p>\n<p><strong><b>T\u0131bbi cihaz par\u00e7alar\u0131n\u0131n d\u00f6k\u00fcm\u00fcnde (yapay eklem bile\u015fenleri gibi)<\/b><\/strong><\/p>\n<p>Par\u00e7alar\u0131n karma\u015f\u0131k i\u00e7 yap\u0131s\u0131n\u0131 olu\u015fturmak i\u00e7in \u00e7ekirdek bloklar olarak kullanabilirsiniz. Kimyasal kararl\u0131l\u0131\u011f\u0131, biyouyumlu ala\u015f\u0131mlar\u0131 kirletmemesini sa\u011flar.<\/p>\n<p>&nbsp;<\/p>\n<h3>Genel mekanik d\u00f6k\u00fcm alan\u0131<\/h3>\n<h5>Genel mekanik par\u00e7alar\u0131n d\u00f6k\u00fcm\u00fcnde<\/h5>\n<p><strong><b>I<\/b><\/strong><strong><b>n d\u00f6kme demir veya d\u00f6kme \u00e7elik par\u00e7alar\u0131n d\u00f6k\u00fcm\u00fc<\/b><\/strong><\/p>\n<p>Kal\u0131pla i\u015fbirli\u011fi yapmak i\u00e7in yard\u0131mc\u0131 konumland\u0131rma bloklar\u0131 olarak kullanabilir, d\u00f6k\u00fcmlerin eksantrik hatas\u0131n\u0131 azaltabilirsiniz.<\/p>\n<p>&nbsp;<\/p>\n<p><strong><b>I<\/b><\/strong><strong><b>n tar\u0131m makineleri par\u00e7alar\u0131n\u0131n d\u00f6k\u00fcm\u00fc (di\u015fliler ve yatak yuvalar\u0131 gibi)<\/b><\/strong><\/p>\n<p>Basit ma\u00e7a blo\u011fu yapmak i\u00e7in kullanabilir, karma\u015f\u0131k d\u00f6k\u00fcmlerin \u00fcretim zorlu\u011funu azaltabilirsiniz.<\/p>","protected":false},"excerpt":{"rendered":"<p>D\u00f6k\u00fcm i\u00e7in grafit blok, y\u00fcksek safl\u0131kta grafit malzemelerden yap\u0131lm\u0131\u015f bir t\u00fcr blok \u015feklindeki \u00fcr\u00fcnlerdir. M\u00fckemmel y\u00fcksek s\u0131cakl\u0131k direncine, d\u00fc\u015f\u00fck termal genle\u015fme katsay\u0131s\u0131na, kimyasal stabiliteye ve yap\u0131\u015fmaz metal \u00f6zelli\u011fine sahiptir. Bu nedenle grafit bloklar, demir d\u0131\u015f\u0131 metaller ve ala\u015f\u0131ml\u0131 d\u00f6k\u00fcm gibi modern end\u00fcstriyel alanlarda son derece iyi performans g\u00f6sterir. Y\u00fcksek mukavemet ve iyi \u015fekillendirme do\u011frulu\u011fu ile d\u00f6k\u00fcm par\u00e7as\u0131 olu\u015fumu ve ma\u00e7a deste\u011fi gibi d\u00f6k\u00fcm senaryolar\u0131ndaki dinamik gereksinimler i\u00e7in son derece uygundur.<\/p>","protected":false},"featured_media":8060,"template":"","meta":[],"product_brand":[],"product_cat":[38],"product_tag":[],"class_list":{"0":"post-8059","1":"product","2":"type-product","3":"status-publish","4":"has-post-thumbnail","6":"product_cat-graphite-products","8":"first","9":"instock","10":"shipping-taxable","11":"product-type-simple"},"yoast_head":"<!-- This site is optimized with the Yoast SEO Premium plugin v19.2.1 (Yoast SEO v25.3) - https:\/\/yoast.com\/wordpress\/plugins\/seo\/ -->\n<title>Graphite Block For Casting | Jinsun Carbon<\/title>\n<meta name=\"robots\" content=\"index, follow, max-snippet:-1, max-image-preview:large, max-video-preview:-1\" \/>\n<link rel=\"canonical\" href=\"https:\/\/jinsuncarbon.com\/tr\/urun\/dokum-icin-grafit-blok\/\" \/>\n<meta property=\"og:locale\" content=\"tr_TR\" \/>\n<meta property=\"og:type\" content=\"article\" \/>\n<meta property=\"og:title\" content=\"Graphite Block For Casting\" \/>\n<meta property=\"og:description\" content=\"Graphite block for casting is a kind of block-shaped products made from high-purity graphite materials. It has excellent high-temperature resistance, low thermal expansion coefficient, chemical stability, and non-stick metal property. So graphite blocks perform exceptionally well in modern industrial fields such as non-ferrous metals and alloy casting. With high strength and good forming accuracy, it is highly suitable for dynamic requirements in casting scenarios such as casting part formation and core support.\" \/>\n<meta property=\"og:url\" content=\"https:\/\/jinsuncarbon.com\/tr\/urun\/dokum-icin-grafit-blok\/\" \/>\n<meta property=\"og:site_name\" content=\"Jinsun Carbon\" \/>\n<meta property=\"article:publisher\" content=\"https:\/\/www.facebook.com\/Graphite-Electrode-109336238661595\" \/>\n<meta property=\"article:modified_time\" content=\"2026-02-28T00:47:48+00:00\" \/>\n<meta property=\"og:image\" content=\"https:\/\/jinsuncarbon.com\/wp-content\/uploads\/2025\/09\/Graphite-block-for-casting.jpg\" \/>\n\t<meta property=\"og:image:width\" content=\"1024\" \/>\n\t<meta property=\"og:image:height\" content=\"763\" \/>\n\t<meta property=\"og:image:type\" content=\"image\/jpeg\" \/>\n<meta name=\"twitter:card\" content=\"summary_large_image\" \/>\n<meta name=\"twitter:site\" content=\"@jinsuncarbon_\" \/>\n<meta name=\"twitter:label1\" content=\"Tahmini okuma s\u00fcresi\" \/>\n\t<meta name=\"twitter:data1\" content=\"3 dakika\" \/>\n<script type=\"application\/ld+json\" class=\"yoast-schema-graph\">{\"@context\":\"https:\/\/schema.org\",\"@graph\":[{\"@type\":\"WebPage\",\"@id\":\"https:\/\/jinsuncarbon.com\/product\/graphite-block-for-casting\/\",\"url\":\"https:\/\/jinsuncarbon.com\/product\/graphite-block-for-casting\/\",\"name\":\"Graphite Block For Casting | Jinsun Carbon\",\"isPartOf\":{\"@id\":\"https:\/\/jinsuncarbon.com\/#website\"},\"primaryImageOfPage\":{\"@id\":\"https:\/\/jinsuncarbon.com\/product\/graphite-block-for-casting\/#primaryimage\"},\"image\":{\"@id\":\"https:\/\/jinsuncarbon.com\/product\/graphite-block-for-casting\/#primaryimage\"},\"thumbnailUrl\":\"https:\/\/jinsuncarbon.com\/wp-content\/uploads\/2025\/09\/Graphite-block-for-casting.jpg\",\"datePublished\":\"2025-09-09T02:29:18+00:00\",\"dateModified\":\"2026-02-28T00:47:48+00:00\",\"breadcrumb\":{\"@id\":\"https:\/\/jinsuncarbon.com\/product\/graphite-block-for-casting\/#breadcrumb\"},\"inLanguage\":\"tr\",\"potentialAction\":[{\"@type\":\"ReadAction\",\"target\":[\"https:\/\/jinsuncarbon.com\/product\/graphite-block-for-casting\/\"]}]},{\"@type\":\"ImageObject\",\"inLanguage\":\"tr\",\"@id\":\"https:\/\/jinsuncarbon.com\/product\/graphite-block-for-casting\/#primaryimage\",\"url\":\"https:\/\/jinsuncarbon.com\/wp-content\/uploads\/2025\/09\/Graphite-block-for-casting.jpg\",\"contentUrl\":\"https:\/\/jinsuncarbon.com\/wp-content\/uploads\/2025\/09\/Graphite-block-for-casting.jpg\",\"width\":1024,\"height\":763,\"caption\":\"Graphite block for casting\"},{\"@type\":\"BreadcrumbList\",\"@id\":\"https:\/\/jinsuncarbon.com\/product\/graphite-block-for-casting\/#breadcrumb\",\"itemListElement\":[{\"@type\":\"ListItem\",\"position\":1,\"name\":\"Home\",\"item\":\"https:\/\/jinsuncarbon.com\/\"},{\"@type\":\"ListItem\",\"position\":2,\"name\":\"Products\",\"item\":\"https:\/\/jinsuncarbon.com\/graphite-carbon\/\"},{\"@type\":\"ListItem\",\"position\":3,\"name\":\"Graphite Block For Casting\"}]},{\"@type\":\"WebSite\",\"@id\":\"https:\/\/jinsuncarbon.com\/#website\",\"url\":\"https:\/\/jinsuncarbon.com\/\",\"name\":\"Jinsun Carbon\",\"description\":\"We are the successful graphite electrode manufacturer in China\",\"publisher\":{\"@id\":\"https:\/\/jinsuncarbon.com\/#organization\"},\"potentialAction\":[{\"@type\":\"SearchAction\",\"target\":{\"@type\":\"EntryPoint\",\"urlTemplate\":\"https:\/\/jinsuncarbon.com\/?s={search_term_string}\"},\"query-input\":{\"@type\":\"PropertyValueSpecification\",\"valueRequired\":true,\"valueName\":\"search_term_string\"}}],\"inLanguage\":\"tr\"},{\"@type\":\"Organization\",\"@id\":\"https:\/\/jinsuncarbon.com\/#organization\",\"name\":\"Jinsun Carbon\",\"alternateName\":\"Jinsun Carbon\",\"url\":\"https:\/\/jinsuncarbon.com\/\",\"logo\":{\"@type\":\"ImageObject\",\"inLanguage\":\"tr\",\"@id\":\"https:\/\/jinsuncarbon.com\/#\/schema\/logo\/image\/\",\"url\":\"https:\/\/jinsuncarbon.com\/wp-content\/uploads\/2022\/12\/LOGO-1.png\",\"contentUrl\":\"https:\/\/jinsuncarbon.com\/wp-content\/uploads\/2022\/12\/LOGO-1.png\",\"width\":207,\"height\":80,\"caption\":\"Jinsun Carbon\"},\"image\":{\"@id\":\"https:\/\/jinsuncarbon.com\/#\/schema\/logo\/image\/\"},\"sameAs\":[\"https:\/\/www.facebook.com\/Graphite-Electrode-109336238661595\",\"https:\/\/x.com\/jinsuncarbon_\",\"https:\/\/www.linkedin.com\/in\/jinsungraphite\",\"https:\/\/www.youtube.com\/channel\/UCysDNyvyR5-3cCWEmpkVC0g\"]}]}<\/script>\n<!-- \/ Yoast SEO Premium plugin. -->","yoast_head_json":{"title":"D\u00f6k\u00fcm i\u00e7in Grafit Blok | Jinsun Carbon","robots":{"index":"index","follow":"follow","max-snippet":"max-snippet:-1","max-image-preview":"max-image-preview:large","max-video-preview":"max-video-preview:-1"},"canonical":"https:\/\/jinsuncarbon.com\/tr\/urun\/dokum-icin-grafit-blok\/","og_locale":"tr_TR","og_type":"article","og_title":"Graphite Block For Casting","og_description":"Graphite block for casting is a kind of block-shaped products made from high-purity graphite materials. It has excellent high-temperature resistance, low thermal expansion coefficient, chemical stability, and non-stick metal property. So graphite blocks perform exceptionally well in modern industrial fields such as non-ferrous metals and alloy casting. With high strength and good forming accuracy, it is highly suitable for dynamic requirements in casting scenarios such as casting part formation and core support.","og_url":"https:\/\/jinsuncarbon.com\/tr\/urun\/dokum-icin-grafit-blok\/","og_site_name":"Jinsun Carbon","article_publisher":"https:\/\/www.facebook.com\/Graphite-Electrode-109336238661595","article_modified_time":"2026-02-28T00:47:48+00:00","og_image":[{"width":1024,"height":763,"url":"https:\/\/jinsuncarbon.com\/wp-content\/uploads\/2025\/09\/Graphite-block-for-casting.jpg","type":"image\/jpeg"}],"twitter_card":"summary_large_image","twitter_site":"@jinsuncarbon_","twitter_misc":{"Tahmini okuma s\u00fcresi":"3 dakika"},"schema":{"@context":"https:\/\/schema.org","@graph":[{"@type":"WebPage","@id":"https:\/\/jinsuncarbon.com\/product\/graphite-block-for-casting\/","url":"https:\/\/jinsuncarbon.com\/product\/graphite-block-for-casting\/","name":"D\u00f6k\u00fcm i\u00e7in Grafit Blok | Jinsun Carbon","isPartOf":{"@id":"https:\/\/jinsuncarbon.com\/#website"},"primaryImageOfPage":{"@id":"https:\/\/jinsuncarbon.com\/product\/graphite-block-for-casting\/#primaryimage"},"image":{"@id":"https:\/\/jinsuncarbon.com\/product\/graphite-block-for-casting\/#primaryimage"},"thumbnailUrl":"https:\/\/jinsuncarbon.com\/wp-content\/uploads\/2025\/09\/Graphite-block-for-casting.jpg","datePublished":"2025-09-09T02:29:18+00:00","dateModified":"2026-02-28T00:47:48+00:00","breadcrumb":{"@id":"https:\/\/jinsuncarbon.com\/product\/graphite-block-for-casting\/#breadcrumb"},"inLanguage":"tr","potentialAction":[{"@type":"ReadAction","target":["https:\/\/jinsuncarbon.com\/product\/graphite-block-for-casting\/"]}]},{"@type":"ImageObject","inLanguage":"tr","@id":"https:\/\/jinsuncarbon.com\/product\/graphite-block-for-casting\/#primaryimage","url":"https:\/\/jinsuncarbon.com\/wp-content\/uploads\/2025\/09\/Graphite-block-for-casting.jpg","contentUrl":"https:\/\/jinsuncarbon.com\/wp-content\/uploads\/2025\/09\/Graphite-block-for-casting.jpg","width":1024,"height":763,"caption":"Graphite block for casting"},{"@type":"BreadcrumbList","@id":"https:\/\/jinsuncarbon.com\/product\/graphite-block-for-casting\/#breadcrumb","itemListElement":[{"@type":"ListItem","position":1,"name":"Home","item":"https:\/\/jinsuncarbon.com\/"},{"@type":"ListItem","position":2,"name":"Products","item":"https:\/\/jinsuncarbon.com\/graphite-carbon\/"},{"@type":"ListItem","position":3,"name":"Graphite Block For Casting"}]},{"@type":"WebSite","@id":"https:\/\/jinsuncarbon.com\/#website","url":"https:\/\/jinsuncarbon.com\/","name":"Jinsun Karbon","description":"\u00c7in'deki ba\u015far\u0131l\u0131 grafit elektrot \u00fcreticisiyiz","publisher":{"@id":"https:\/\/jinsuncarbon.com\/#organization"},"potentialAction":[{"@type":"SearchAction","target":{"@type":"EntryPoint","urlTemplate":"https:\/\/jinsuncarbon.com\/?s={search_term_string}"},"query-input":{"@type":"PropertyValueSpecification","valueRequired":true,"valueName":"search_term_string"}}],"inLanguage":"tr"},{"@type":"Organization","@id":"https:\/\/jinsuncarbon.com\/#organization","name":"Jinsun Karbon","alternateName":"Jinsun Carbon","url":"https:\/\/jinsuncarbon.com\/","logo":{"@type":"ImageObject","inLanguage":"tr","@id":"https:\/\/jinsuncarbon.com\/#\/schema\/logo\/image\/","url":"https:\/\/jinsuncarbon.com\/wp-content\/uploads\/2022\/12\/LOGO-1.png","contentUrl":"https:\/\/jinsuncarbon.com\/wp-content\/uploads\/2022\/12\/LOGO-1.png","width":207,"height":80,"caption":"Jinsun Carbon"},"image":{"@id":"https:\/\/jinsuncarbon.com\/#\/schema\/logo\/image\/"},"sameAs":["https:\/\/www.facebook.com\/Graphite-Electrode-109336238661595","https:\/\/x.com\/jinsuncarbon_","https:\/\/www.linkedin.com\/in\/jinsungraphite","https:\/\/www.youtube.com\/channel\/UCysDNyvyR5-3cCWEmpkVC0g"]}]}},"_links":{"self":[{"href":"https:\/\/jinsuncarbon.com\/tr\/wp-json\/wp\/v2\/product\/8059","targetHints":{"allow":["GET"]}}],"collection":[{"href":"https:\/\/jinsuncarbon.com\/tr\/wp-json\/wp\/v2\/product"}],"about":[{"href":"https:\/\/jinsuncarbon.com\/tr\/wp-json\/wp\/v2\/types\/product"}],"wp:featuredmedia":[{"embeddable":true,"href":"https:\/\/jinsuncarbon.com\/tr\/wp-json\/wp\/v2\/media\/8060"}],"wp:attachment":[{"href":"https:\/\/jinsuncarbon.com\/tr\/wp-json\/wp\/v2\/media?parent=8059"}],"wp:term":[{"taxonomy":"product_brand","embeddable":true,"href":"https:\/\/jinsuncarbon.com\/tr\/wp-json\/wp\/v2\/product_brand?post=8059"},{"taxonomy":"product_cat","embeddable":true,"href":"https:\/\/jinsuncarbon.com\/tr\/wp-json\/wp\/v2\/product_cat?post=8059"},{"taxonomy":"product_tag","embeddable":true,"href":"https:\/\/jinsuncarbon.com\/tr\/wp-json\/wp\/v2\/product_tag?post=8059"}],"curies":[{"name":"wp","href":"https:\/\/api.w.org\/{rel}","templated":true}]}}