{"id":8057,"date":"2025-09-11T14:18:48","date_gmt":"2025-09-11T14:18:48","guid":{"rendered":"https:\/\/jinsuncarbon.com\/?post_type=product&#038;p=8057"},"modified":"2025-09-11T14:18:48","modified_gmt":"2025-09-11T14:18:48","slug":"karbon-fren-balatalari","status":"publish","type":"product","link":"https:\/\/jinsuncarbon.com\/tr\/urun\/karbon-fren-balatalari\/","title":{"rendered":"Karbon Fren Balatalar\u0131"},"content":{"rendered":"<h2 class=\"ql-align-justify\">Karbon fren balatalar\u0131n\u0131n avantajlar\u0131<\/h2>\n<p class=\"ql-align-justify\"><strong>S\u00fcper y\u00fcksek \u0131s\u0131 direnci<\/strong><\/p>\n<p class=\"ql-align-justify\">Frenleme stabilitesini sa\u011flayabilen 800\u00b0C ila 1200\u00b0C aras\u0131nda de\u011fi\u015fen a\u015f\u0131r\u0131 s\u0131cakl\u0131klara dayanabilir.<\/p>\n<p class=\"ql-align-justify\"><strong>Kararl\u0131 s\u00fcrt\u00fcnme katsay\u0131s\u0131<\/strong><\/p>\n<p class=\"ql-align-justify\">Farkl\u0131 s\u0131cakl\u0131k ve nem ko\u015fullar\u0131 alt\u0131nda, s\u00fcrt\u00fcnme katsay\u0131s\u0131n\u0131n dalgalanmas\u0131 k\u00fc\u00e7\u00fckt\u00fcr. Her zaman tek tip ve kontrol edilebilir frenleme kuvveti sa\u011flayarak s\u00fcr\u00fc\u015f g\u00fcvenli\u011fini art\u0131r\u0131r.<\/p>\n<p class=\"ql-align-justify\"><strong>Hafiflik \u00f6zellikleri<\/strong><\/p>\n<p class=\"ql-align-justify\">A\u011f\u0131rl\u0131\u011f\u0131 geleneksel metal fren balatalar\u0131n\u0131n sadece 1\/3 ila 1\/2'si kadard\u0131r, bu da arac\u0131n enerji t\u00fcketimini azalt\u0131r.<\/p>\n<p class=\"ql-align-justify\"><strong>D\u00fc\u015f\u00fck a\u015f\u0131nma oran\u0131<\/strong><\/p>\n<p class=\"ql-align-justify\">Hizmet \u00f6mr\u00fc, geleneksel metal fren balatalar\u0131n\u0131n 2-3 kat\u0131d\u0131r ve bu da de\u011fi\u015ftirme s\u0131kl\u0131\u011f\u0131n\u0131 azaltabilir.<\/p>\n<p class=\"ql-align-justify\"><strong>D\u00fc\u015f\u00fck g\u00fcr\u00fclt\u00fc ve d\u00fc\u015f\u00fck toz<\/strong><\/p>\n<p class=\"ql-align-justify\">Fren diski ile frenleme s\u0131ras\u0131nda s\u00fcrt\u00fcnme g\u00fcr\u00fclt\u00fcs\u00fc d\u00fc\u015f\u00fckt\u00fcr ve neredeyse hi\u00e7 metal tozu olu\u015fmaz.<\/p>\n<p class=\"ql-align-justify\"><strong>Orta d\u00fczeyde <a href=\"https:\/\/jinsuncarbon.com\/tr\/grafi%cc%87t-isi-i%cc%87letkenli%cc%87gi%cc%87-hakkinda-bi%cc%87lgi%cc%87-edi%cc%87ni%cc%87n\/\">termal iletkenlik<\/a><\/strong><\/p>\n<p class=\"ql-align-justify\">Frenlemeden kaynaklanan \u0131s\u0131n\u0131n g\u00f6be\u011fe ve lastiklere iletilmesini etkili bir \u015fekilde \u00f6nleyerek lastik ya\u015flanmas\u0131n\u0131 \u00f6nleyebilir.<\/p>\n<p>&nbsp;<\/p>\n<h2 class=\"ql-align-justify\">Karbon fren balatas\u0131n\u0131n kullan\u0131m alanlar\u0131<\/h2>\n<h3 class=\"ql-align-justify\">Sivil otomotiv alan\u0131nda<\/h3>\n<p class=\"ql-align-justify\"><strong>Ev tipi ara\u00e7larda<\/strong><\/p>\n<p class=\"ql-align-justify\">G\u00fcnl\u00fck yumu\u015fak frenleme sa\u011flayabilir, g\u00fcr\u00fclt\u00fcy\u00fc ve tozu azaltabilir ve s\u00fcr\u00fc\u015f konforunu art\u0131rabilir.<\/p>\n<p class=\"ql-align-justify\"><strong>\u00dcst d\u00fczey spor otomobillerde<\/strong><\/p>\n<p class=\"ql-align-justify\">Y\u00fcksek s\u0131cakl\u0131k direnci, pistteki yar\u0131\u015f arabalar\u0131n\u0131n s\u00fcrekli acil frenlemesini destekleyebilir. Ayr\u0131ca fren ar\u0131zas\u0131n\u0131 \u00f6nleyebilir ve yar\u0131\u015f s\u00fcr\u00fcc\u00fcs\u00fcn\u00fcn operasyon g\u00fcvenli\u011fini sa\u011flayabilir.<\/p>\n<p class=\"ql-align-justify\"><strong>Yeni enerji ara\u00e7lar\u0131nda<\/strong><\/p>\n<p class=\"ql-align-justify\">Hafiflik avantaj\u0131, ara\u00e7 enerji t\u00fcketimini azaltabilir ve a\u015fa\u011f\u0131dakilerin gereksinimlerini kar\u015f\u0131layabilir <a href=\"https:\/\/en.wikipedia.org\/wiki\/Plug-in_electric_vehicles_in_China\" target=\"_blank\" rel=\"noopener\">yeni\u0307 enerji\u0307li\u0307 ara\u00e7lar<\/a> menzil ve a\u011f\u0131rl\u0131k azalt\u0131m\u0131 i\u00e7in. Ayn\u0131 zamanda, istikrarl\u0131 s\u00fcrt\u00fcnme performans\u0131, motor tahriki alt\u0131nda anl\u0131k frenleme tepkisini kar\u015f\u0131layabilir.<\/p>\n<h3 class=\"ql-align-justify\">Demiryolu ta\u015f\u0131mac\u0131l\u0131\u011f\u0131 alan\u0131nda<\/h3>\n<p class=\"ql-align-justify\"><strong>Y\u00fcksek h\u0131zl\u0131 trende<\/strong><\/p>\n<p class=\"ql-align-justify\">Y\u00fcksek h\u0131zl\u0131 demiryolu y\u00fcksek h\u0131zda \u00e7al\u0131\u015f\u0131r ve h\u0131z\u0131 saatte 300 km'yi a\u015far. Ve karbon fren balatas\u0131, y\u00fcksek s\u0131cakl\u0131ktan kaynaklanan ar\u0131zalar\u0131 \u00f6nlemek i\u00e7in y\u00fcksek h\u0131zl\u0131 frenleme s\u0131ras\u0131nda kinetik enerjiyi h\u0131zla emebilir.<\/p>\n<p class=\"ql-align-justify\"><strong>Metrolarda<\/strong><\/p>\n<p class=\"ql-align-justify\">Metrolar s\u0131k s\u0131k ba\u015flar ve durur, d\u00fc\u015f\u00fck a\u015f\u0131nma \u00f6zellikleri nedeniyle bak\u0131m s\u0131kl\u0131\u011f\u0131n\u0131 azaltmak ve i\u015fletme maliyetlerini d\u00fc\u015f\u00fcrmek i\u00e7in kullanabilirsiniz.<\/p>\n<p class=\"ql-align-justify\"><strong>A\u011f\u0131r y\u00fck trenlerinde<\/strong><\/p>\n<p class=\"ql-align-justify\">Y\u00fcksek y\u00fck kapasitesine sahiptirler, ula\u015f\u0131m g\u00fcvenli\u011fini sa\u011flamak i\u00e7in karbon fren balatalar\u0131n\u0131 kullanabilirsiniz. Y\u00fcksek y\u00fck ta\u015f\u0131ma kapasitesine sahiptirler ve karbon fren balatalar\u0131n\u0131n sabit frenleme kuvveti trenin kaymamas\u0131n\u0131 sa\u011flayabilir.<\/p>\n<h3 class=\"ql-align-justify\">Havac\u0131l\u0131k ve uzay alan\u0131nda<\/h3>\n<p class=\"ql-align-justify\"><strong>U\u00e7ak ini\u015finde<\/strong><\/p>\n<p class=\"ql-align-justify\">Karbon fren balatalar\u0131 u\u00e7a\u011f\u0131n y\u00fcksek h\u0131zl\u0131 kinetik enerjisini an\u0131nda frenleme kuvvetine d\u00f6n\u00fc\u015ft\u00fcrebilir. Ayr\u0131ca frenleme bile\u015fenlerinin zarar g\u00f6rmesini \u00f6nlemek i\u00e7in a\u015f\u0131r\u0131 y\u00fcksek s\u0131cakl\u0131klara dayanabilirler.<\/p>\n<p class=\"ql-align-justify\"><strong>B\u00fcy\u00fck insans\u0131z hava ara\u00e7lar\u0131nda<\/strong><\/p>\n<p class=\"ql-align-justify\">Karbon fren balatalar\u0131n\u0131n hafif ve d\u00fc\u015f\u00fck g\u00fcr\u00fclt\u00fcl\u00fc \u00f6zellikleri, insans\u0131z hava ara\u00e7lar\u0131n\u0131n hassas kalk\u0131\u015f ve ini\u015f gereksinimlerine uyum sa\u011flayabilir. B\u00f6ylece fren sisteminin insans\u0131z hava arac\u0131n\u0131n u\u00e7u\u015f dengesi \u00fczerindeki etkisi azalt\u0131labilir.<\/p>","protected":false},"excerpt":{"rendered":"<p>Karbon fren balatalar\u0131, karbon fiberler ve grafit gibi \u00e7ekirdek malzemelerden yap\u0131lan bir t\u00fcr frenleme bile\u015fenidir. Bunlar\u0131 \u00e7o\u011funlukla otomobillerin, rayl\u0131 ula\u015f\u0131m ara\u00e7lar\u0131n\u0131n, havac\u0131l\u0131k ve uzay ekipmanlar\u0131n\u0131n vb. fren sistemlerinde kullanabilirsiniz. Ola\u011fan\u00fcst\u00fc y\u00fcksek s\u0131cakl\u0131k direnci, istikrarl\u0131 s\u00fcrt\u00fcnme performans\u0131 ve hafiflik avantajlar\u0131 nedeniyle, y\u00fcksek mukavemetli frenleme senaryolar\u0131nda frenleme kuvvetini hassas bir \u015fekilde aktarabilirler. Ve modern y\u00fcksek performansl\u0131 frenleme sistemlerinde vazge\u00e7ilmez bir anahtar bile\u015fen olan frenleme ar\u0131zas\u0131n\u0131 etkili bir \u015fekilde \u00f6nler. Ve \u00f6zellikle frenleme verimlili\u011fi ve g\u00fcvenli\u011fi i\u00e7in son derece y\u00fcksek gereksinimleri olan uygulamalar i\u00e7in uygundurlar.<\/p>","protected":false},"featured_media":8058,"template":"","meta":[],"product_brand":[],"product_cat":[39],"product_tag":[],"class_list":{"0":"post-8057","1":"product","2":"type-product","3":"status-publish","4":"has-post-thumbnail","6":"product_cat-carbon-products","8":"first","9":"instock","10":"shipping-taxable","11":"product-type-simple"},"yoast_head":"<!-- This site is optimized with the Yoast SEO Premium plugin v19.2.1 (Yoast SEO v25.3) - https:\/\/yoast.com\/wordpress\/plugins\/seo\/ -->\n<title>Carbon Brake Pad | Jinsun Carbon<\/title>\n<meta name=\"robots\" content=\"index, follow, max-snippet:-1, max-image-preview:large, max-video-preview:-1\" \/>\n<link rel=\"canonical\" href=\"https:\/\/jinsuncarbon.com\/tr\/urun\/karbon-fren-balatalari\/\" \/>\n<meta property=\"og:locale\" content=\"tr_TR\" \/>\n<meta property=\"og:type\" content=\"article\" \/>\n<meta property=\"og:title\" content=\"Carbon Brake Pads\" \/>\n<meta property=\"og:description\" content=\"Carbon brake pads are a type of braking component made from core materials such as carbon fibers and graphite. You can mainly use them in braking systems of automobiles, rail transportation tools, aerospace equipment, etc. Because of the outstanding high-temperature resistance, stable friction performance, and lightweight advantages, they can precisely transfer braking force in high-strength braking scenarios. And effectively avoiding braking failure, which is an indispensable key component in modern high-performance braking systems. And they are particularly suitable for applications with extremely high requirements for braking efficiency and safety.\" \/>\n<meta property=\"og:url\" content=\"https:\/\/jinsuncarbon.com\/tr\/urun\/karbon-fren-balatalari\/\" \/>\n<meta property=\"og:site_name\" content=\"Jinsun Carbon\" \/>\n<meta property=\"article:publisher\" content=\"https:\/\/www.facebook.com\/Graphite-Electrode-109336238661595\" \/>\n<meta property=\"og:image\" content=\"https:\/\/jinsuncarbon.com\/wp-content\/uploads\/2025\/09\/carbon-brake-pad.jpg\" \/>\n\t<meta property=\"og:image:width\" content=\"1024\" \/>\n\t<meta property=\"og:image:height\" content=\"763\" \/>\n\t<meta property=\"og:image:type\" content=\"image\/jpeg\" \/>\n<meta name=\"twitter:card\" content=\"summary_large_image\" \/>\n<meta name=\"twitter:site\" content=\"@jinsuncarbon_\" \/>\n<meta name=\"twitter:label1\" content=\"Tahmini okuma s\u00fcresi\" \/>\n\t<meta name=\"twitter:data1\" content=\"3 dakika\" \/>\n<script type=\"application\/ld+json\" class=\"yoast-schema-graph\">{\"@context\":\"https:\/\/schema.org\",\"@graph\":[{\"@type\":\"WebPage\",\"@id\":\"https:\/\/jinsuncarbon.com\/product\/carbon-brake-pads\/\",\"url\":\"https:\/\/jinsuncarbon.com\/product\/carbon-brake-pads\/\",\"name\":\"Carbon Brake Pad | Jinsun Carbon\",\"isPartOf\":{\"@id\":\"https:\/\/jinsuncarbon.com\/#website\"},\"primaryImageOfPage\":{\"@id\":\"https:\/\/jinsuncarbon.com\/product\/carbon-brake-pads\/#primaryimage\"},\"image\":{\"@id\":\"https:\/\/jinsuncarbon.com\/product\/carbon-brake-pads\/#primaryimage\"},\"thumbnailUrl\":\"https:\/\/jinsuncarbon.com\/wp-content\/uploads\/2025\/09\/carbon-brake-pad.jpg\",\"datePublished\":\"2025-09-11T14:18:48+00:00\",\"breadcrumb\":{\"@id\":\"https:\/\/jinsuncarbon.com\/product\/carbon-brake-pads\/#breadcrumb\"},\"inLanguage\":\"tr\",\"potentialAction\":[{\"@type\":\"ReadAction\",\"target\":[\"https:\/\/jinsuncarbon.com\/product\/carbon-brake-pads\/\"]}]},{\"@type\":\"ImageObject\",\"inLanguage\":\"tr\",\"@id\":\"https:\/\/jinsuncarbon.com\/product\/carbon-brake-pads\/#primaryimage\",\"url\":\"https:\/\/jinsuncarbon.com\/wp-content\/uploads\/2025\/09\/carbon-brake-pad.jpg\",\"contentUrl\":\"https:\/\/jinsuncarbon.com\/wp-content\/uploads\/2025\/09\/carbon-brake-pad.jpg\",\"width\":1024,\"height\":763,\"caption\":\"carbon brake pad\"},{\"@type\":\"BreadcrumbList\",\"@id\":\"https:\/\/jinsuncarbon.com\/product\/carbon-brake-pads\/#breadcrumb\",\"itemListElement\":[{\"@type\":\"ListItem\",\"position\":1,\"name\":\"Home\",\"item\":\"https:\/\/jinsuncarbon.com\/\"},{\"@type\":\"ListItem\",\"position\":2,\"name\":\"Products\",\"item\":\"https:\/\/jinsuncarbon.com\/graphite-carbon\/\"},{\"@type\":\"ListItem\",\"position\":3,\"name\":\"Carbon Brake Pads\"}]},{\"@type\":\"WebSite\",\"@id\":\"https:\/\/jinsuncarbon.com\/#website\",\"url\":\"https:\/\/jinsuncarbon.com\/\",\"name\":\"Jinsun Carbon\",\"description\":\"We are the successful graphite electrode manufacturer in China\",\"publisher\":{\"@id\":\"https:\/\/jinsuncarbon.com\/#organization\"},\"potentialAction\":[{\"@type\":\"SearchAction\",\"target\":{\"@type\":\"EntryPoint\",\"urlTemplate\":\"https:\/\/jinsuncarbon.com\/?s={search_term_string}\"},\"query-input\":{\"@type\":\"PropertyValueSpecification\",\"valueRequired\":true,\"valueName\":\"search_term_string\"}}],\"inLanguage\":\"tr\"},{\"@type\":\"Organization\",\"@id\":\"https:\/\/jinsuncarbon.com\/#organization\",\"name\":\"Jinsun Carbon\",\"alternateName\":\"Jinsun Carbon\",\"url\":\"https:\/\/jinsuncarbon.com\/\",\"logo\":{\"@type\":\"ImageObject\",\"inLanguage\":\"tr\",\"@id\":\"https:\/\/jinsuncarbon.com\/#\/schema\/logo\/image\/\",\"url\":\"https:\/\/jinsuncarbon.com\/wp-content\/uploads\/2022\/12\/LOGO-1.png\",\"contentUrl\":\"https:\/\/jinsuncarbon.com\/wp-content\/uploads\/2022\/12\/LOGO-1.png\",\"width\":207,\"height\":80,\"caption\":\"Jinsun Carbon\"},\"image\":{\"@id\":\"https:\/\/jinsuncarbon.com\/#\/schema\/logo\/image\/\"},\"sameAs\":[\"https:\/\/www.facebook.com\/Graphite-Electrode-109336238661595\",\"https:\/\/x.com\/jinsuncarbon_\",\"https:\/\/www.linkedin.com\/in\/jinsungraphite\",\"https:\/\/www.youtube.com\/channel\/UCysDNyvyR5-3cCWEmpkVC0g\"]}]}<\/script>\n<!-- \/ Yoast SEO Premium plugin. -->","yoast_head_json":{"title":"Karbon Fren Balatas\u0131 | Jinsun Carbon","robots":{"index":"index","follow":"follow","max-snippet":"max-snippet:-1","max-image-preview":"max-image-preview:large","max-video-preview":"max-video-preview:-1"},"canonical":"https:\/\/jinsuncarbon.com\/tr\/urun\/karbon-fren-balatalari\/","og_locale":"tr_TR","og_type":"article","og_title":"Carbon Brake Pads","og_description":"Carbon brake pads are a type of braking component made from core materials such as carbon fibers and graphite. You can mainly use them in braking systems of automobiles, rail transportation tools, aerospace equipment, etc. Because of the outstanding high-temperature resistance, stable friction performance, and lightweight advantages, they can precisely transfer braking force in high-strength braking scenarios. And effectively avoiding braking failure, which is an indispensable key component in modern high-performance braking systems. And they are particularly suitable for applications with extremely high requirements for braking efficiency and safety.","og_url":"https:\/\/jinsuncarbon.com\/tr\/urun\/karbon-fren-balatalari\/","og_site_name":"Jinsun Carbon","article_publisher":"https:\/\/www.facebook.com\/Graphite-Electrode-109336238661595","og_image":[{"width":1024,"height":763,"url":"https:\/\/jinsuncarbon.com\/wp-content\/uploads\/2025\/09\/carbon-brake-pad.jpg","type":"image\/jpeg"}],"twitter_card":"summary_large_image","twitter_site":"@jinsuncarbon_","twitter_misc":{"Tahmini okuma s\u00fcresi":"3 dakika"},"schema":{"@context":"https:\/\/schema.org","@graph":[{"@type":"WebPage","@id":"https:\/\/jinsuncarbon.com\/product\/carbon-brake-pads\/","url":"https:\/\/jinsuncarbon.com\/product\/carbon-brake-pads\/","name":"Karbon Fren Balatas\u0131 | Jinsun Carbon","isPartOf":{"@id":"https:\/\/jinsuncarbon.com\/#website"},"primaryImageOfPage":{"@id":"https:\/\/jinsuncarbon.com\/product\/carbon-brake-pads\/#primaryimage"},"image":{"@id":"https:\/\/jinsuncarbon.com\/product\/carbon-brake-pads\/#primaryimage"},"thumbnailUrl":"https:\/\/jinsuncarbon.com\/wp-content\/uploads\/2025\/09\/carbon-brake-pad.jpg","datePublished":"2025-09-11T14:18:48+00:00","breadcrumb":{"@id":"https:\/\/jinsuncarbon.com\/product\/carbon-brake-pads\/#breadcrumb"},"inLanguage":"tr","potentialAction":[{"@type":"ReadAction","target":["https:\/\/jinsuncarbon.com\/product\/carbon-brake-pads\/"]}]},{"@type":"ImageObject","inLanguage":"tr","@id":"https:\/\/jinsuncarbon.com\/product\/carbon-brake-pads\/#primaryimage","url":"https:\/\/jinsuncarbon.com\/wp-content\/uploads\/2025\/09\/carbon-brake-pad.jpg","contentUrl":"https:\/\/jinsuncarbon.com\/wp-content\/uploads\/2025\/09\/carbon-brake-pad.jpg","width":1024,"height":763,"caption":"carbon brake pad"},{"@type":"BreadcrumbList","@id":"https:\/\/jinsuncarbon.com\/product\/carbon-brake-pads\/#breadcrumb","itemListElement":[{"@type":"ListItem","position":1,"name":"Home","item":"https:\/\/jinsuncarbon.com\/"},{"@type":"ListItem","position":2,"name":"Products","item":"https:\/\/jinsuncarbon.com\/graphite-carbon\/"},{"@type":"ListItem","position":3,"name":"Carbon Brake Pads"}]},{"@type":"WebSite","@id":"https:\/\/jinsuncarbon.com\/#website","url":"https:\/\/jinsuncarbon.com\/","name":"Jinsun Karbon","description":"\u00c7in'deki ba\u015far\u0131l\u0131 grafit elektrot \u00fcreticisiyiz","publisher":{"@id":"https:\/\/jinsuncarbon.com\/#organization"},"potentialAction":[{"@type":"SearchAction","target":{"@type":"EntryPoint","urlTemplate":"https:\/\/jinsuncarbon.com\/?s={search_term_string}"},"query-input":{"@type":"PropertyValueSpecification","valueRequired":true,"valueName":"search_term_string"}}],"inLanguage":"tr"},{"@type":"Organization","@id":"https:\/\/jinsuncarbon.com\/#organization","name":"Jinsun Karbon","alternateName":"Jinsun Carbon","url":"https:\/\/jinsuncarbon.com\/","logo":{"@type":"ImageObject","inLanguage":"tr","@id":"https:\/\/jinsuncarbon.com\/#\/schema\/logo\/image\/","url":"https:\/\/jinsuncarbon.com\/wp-content\/uploads\/2022\/12\/LOGO-1.png","contentUrl":"https:\/\/jinsuncarbon.com\/wp-content\/uploads\/2022\/12\/LOGO-1.png","width":207,"height":80,"caption":"Jinsun Carbon"},"image":{"@id":"https:\/\/jinsuncarbon.com\/#\/schema\/logo\/image\/"},"sameAs":["https:\/\/www.facebook.com\/Graphite-Electrode-109336238661595","https:\/\/x.com\/jinsuncarbon_","https:\/\/www.linkedin.com\/in\/jinsungraphite","https:\/\/www.youtube.com\/channel\/UCysDNyvyR5-3cCWEmpkVC0g"]}]}},"_links":{"self":[{"href":"https:\/\/jinsuncarbon.com\/tr\/wp-json\/wp\/v2\/product\/8057","targetHints":{"allow":["GET"]}}],"collection":[{"href":"https:\/\/jinsuncarbon.com\/tr\/wp-json\/wp\/v2\/product"}],"about":[{"href":"https:\/\/jinsuncarbon.com\/tr\/wp-json\/wp\/v2\/types\/product"}],"wp:featuredmedia":[{"embeddable":true,"href":"https:\/\/jinsuncarbon.com\/tr\/wp-json\/wp\/v2\/media\/8058"}],"wp:attachment":[{"href":"https:\/\/jinsuncarbon.com\/tr\/wp-json\/wp\/v2\/media?parent=8057"}],"wp:term":[{"taxonomy":"product_brand","embeddable":true,"href":"https:\/\/jinsuncarbon.com\/tr\/wp-json\/wp\/v2\/product_brand?post=8057"},{"taxonomy":"product_cat","embeddable":true,"href":"https:\/\/jinsuncarbon.com\/tr\/wp-json\/wp\/v2\/product_cat?post=8057"},{"taxonomy":"product_tag","embeddable":true,"href":"https:\/\/jinsuncarbon.com\/tr\/wp-json\/wp\/v2\/product_tag?post=8057"}],"curies":[{"name":"wp","href":"https:\/\/api.w.org\/{rel}","templated":true}]}}