{"id":8025,"date":"2025-08-18T02:43:58","date_gmt":"2025-08-18T02:43:58","guid":{"rendered":"https:\/\/jinsuncarbon.com\/?post_type=product&#038;p=8025"},"modified":"2025-08-18T02:43:59","modified_gmt":"2025-08-18T02:43:59","slug":"esnek-grafit-conta","status":"publish","type":"product","link":"https:\/\/jinsuncarbon.com\/tr\/urun\/esnek-grafit-conta\/","title":{"rendered":"Esnek Grafit Conta"},"content":{"rendered":"<h2 class=\"ql-align-justify\">Esnek grafit contan\u0131n avantajlar\u0131<\/h2>\n<p class=\"ql-align-justify\">Genel olarak, esnek grafit conta dairesel, kare ve \u00e7e\u015fitli d\u00fczensiz formlar gibi \u00e7e\u015fitli \u015fekillerde gelir ve dikkate de\u011fer avantajlara sahiptir.<\/p>\n<p class=\"ql-align-justify\"><strong>M\u00fckemmel termal kararl\u0131l\u0131k<\/strong><\/p>\n<p class=\"ql-align-justify\">S\u0131zd\u0131rmazl\u0131\u011f\u0131 koruyabilir\u00a0<span data-type=\"0\" data-index=\"3\" data-gid=\"0\">ile -200\u00b0C aras\u0131nda geni\u015f bir s\u0131cakl\u0131k aral\u0131\u011f\u0131nda performans<\/span>\u00a0650\u00b0C.<\/p>\n<p class=\"ql-align-justify\"><strong><span data-type=\"2\" data-index=\"5\" data-gid=\"1\">Kararl\u0131 kimyasal \u00f6zellikler<\/span><\/strong><\/p>\n<p class=\"ql-align-justify\"><span data-type=\"2\" data-index=\"7\" data-gid=\"1\">\u00c7o\u011fu asit, baz, organik \u00e7\u00f6z\u00fcc\u00fc ve di\u011fer a\u015f\u0131nd\u0131r\u0131c\u0131 ortamlara kar\u015f\u0131 inertlik g\u00f6sterir.<\/span><\/p>\n<p class=\"ql-align-justify\"><strong>G\u00fcvenilir s\u0131zd\u0131rmazl\u0131k performans\u0131<\/strong><\/p>\n<p class=\"ql-align-justify\">Mikro esnekli\u011fi sayesinde, s\u0131zd\u0131rmazl\u0131k y\u00fczeyindeki k\u00fc\u00e7\u00fck \u00e7izikleri ve p\u00fcr\u00fczleri doldurabilir.<\/p>\n<p class=\"ql-align-justify\"><strong><span data-type=\"2\" data-index=\"9\" data-gid=\"2\">D\u00fc\u015f\u00fck s\u00fcrt\u00fcnme katsay\u0131s\u0131<\/span><\/strong><\/p>\n<p class=\"ql-align-justify\"><span data-type=\"2\" data-index=\"11\" data-gid=\"2\">Bu da s\u0131zd\u0131rmazl\u0131k y\u00fczeyindeki a\u015f\u0131nmay\u0131 azalt\u0131r.<\/span><\/p>\n<p class=\"ql-align-justify\"><strong>\u0130yi s\u0131k\u0131\u015ft\u0131rma geri tepme performans\u0131<\/strong><\/p>\n<p class=\"ql-align-justify\">S\u0131zd\u0131rmazl\u0131k y\u00fczeyindeki k\u00fc\u00e7\u00fck kusurlar\u0131 telafi edebilir ve bas\u0131n\u00e7 dalgalanmalar\u0131 alt\u0131nda bile istikrarl\u0131 s\u0131zd\u0131rmazl\u0131\u011f\u0131 koruyabilir.<\/p>\n<p class=\"ql-align-justify\"><strong>3. Esnek grafit conta \u00e7e\u015fitleri<\/strong><\/p>\n<p class=\"ql-align-justify\">Malzeme ve takviye y\u00f6ntemine g\u00f6re, esnek grafit conta a\u015fa\u011f\u0131daki iki tipte s\u0131n\u0131fland\u0131r\u0131labilir:<\/p>\n<p class=\"ql-align-justify\"><strong>Saf esnek grafit conta<\/strong><\/p>\n<p class=\"ql-align-justify\">Bu, saf esnek grafit malzemeden yap\u0131lm\u0131\u015ft\u0131r, bu nedenle m\u00fckemmel esnekli\u011fe sahiptir. Ve maliyeti nispeten d\u00fc\u015f\u00fck olan d\u00fc\u015f\u00fck bas\u0131n\u00e7l\u0131, normal s\u0131cakl\u0131ktaki genel s\u0131zd\u0131rmazl\u0131k senaryolar\u0131 i\u00e7in uygundur.<\/p>\n<p class=\"ql-align-justify\"><strong>Geli\u015ftirilmi\u015f esnek grafit conta<\/strong><\/p>\n<p class=\"ql-align-justify\">Takviye tabakas\u0131 olarak metal a\u011f, metal folyo veya fiber kuma\u015f kullan\u0131r ve d\u0131\u015f tabaka a\u015fa\u011f\u0131dakilerle sar\u0131l\u0131r <a href=\"https:\/\/jinsuncarbon.com\/tr\/grafi%cc%87t-nedi%cc%87r-ve-grafi%cc%87t-neyden-yapilir\/\">esnek grafit<\/a>. Bu nedenle, orta ve y\u00fcksek bas\u0131nc\u0131n yan\u0131 s\u0131ra zorlu \u00e7al\u0131\u015fma ko\u015fullar\u0131 i\u00e7in uygun olan daha iyi mukavemet ve bas\u0131n\u00e7 direncine sahiptir. Kimyasal y\u00fcksek bas\u0131n\u00e7l\u0131 boru hatlar\u0131 ve bas\u0131n\u00e7l\u0131 kaplar gibi.<\/p>\n<h2 class=\"ql-align-justify\">Esnek grafit conta kullan\u0131m alanlar\u0131<\/h2>\n<p class=\"ql-align-justify\"><strong>Petrokimya end\u00fcstrisinde<\/strong><\/p>\n<p class=\"ql-align-justify\">\u00c7e\u015fitli boru hatlar\u0131n\u0131, pompalar\u0131, vanalar\u0131 ve bas\u0131n\u00e7l\u0131 kaplar\u0131 s\u0131zd\u0131rmaz hale getirmek i\u00e7in kullanabilirsiniz.\u00a0<span class=\"\" data-type=\"2\" data-index=\"13\" data-gid=\"1\">Kararl\u0131 kimyasal \u00f6zellikleri sayesinde ham petrol, asitler ve alkaliler gibi a\u015f\u0131nd\u0131r\u0131c\u0131 ortamlara dayanabilir.<\/span>\u00a0Ve y\u00fcksek s\u0131cakl\u0131k ve y\u00fcksek bas\u0131n\u00e7 ko\u015fullar\u0131 i\u00e7in uygundur, bu da ortam s\u0131z\u0131nt\u0131s\u0131n\u0131 etkili bir \u015fekilde \u00f6nleyebilir.<\/p>\n<p class=\"ql-align-justify\"><strong>Enerji end\u00fcstrisi<\/strong><\/p>\n<p class=\"ql-align-justify\">Y\u00fcksek s\u0131cakl\u0131k ve y\u00fcksek buhar bas\u0131nc\u0131na dayanabilir ve \u00fcnitelerin istikrarl\u0131 \u00e7al\u0131\u015fmas\u0131n\u0131 sa\u011flayabilir. B\u00f6ylece buhar t\u00fcrbinleri, kazan borular\u0131 ve enerji \u00fcretim \u00fcniteleri gibi ekipmanlar\u0131n s\u0131zd\u0131rmazl\u0131\u011f\u0131nda kullanabilirsiniz.<\/p>\n<p class=\"ql-align-justify\"><strong>Metalurji end\u00fcstrisi<\/strong><\/p>\n<p class=\"ql-align-justify\">Eritme ekipmanlar\u0131n\u0131n borular\u0131n\u0131, vanalar\u0131n\u0131 ve reaksiyon kaplar\u0131n\u0131 s\u0131zd\u0131rmaz hale getirmek i\u00e7in kullanabilirsiniz. Y\u00fcksek s\u0131cakl\u0131ktaki f\u0131r\u0131n gaz\u0131n\u0131n ve erimi\u015f metallerin erozyonuna kar\u015f\u0131 koyabilir, b\u00f6ylece ekipman\u0131n hizmet \u00f6mr\u00fcn\u00fc uzat\u0131r.<\/p>\n<p class=\"ql-align-justify\"><strong><span data-type=\"2\" data-index=\"15\" data-gid=\"3\">\u0130la\u00e7 ve g\u0131da end\u00fcstrileri<\/span><\/strong><\/p>\n<p class=\"ql-align-justify\"><span class=\"\" data-type=\"2\" data-index=\"17\" data-gid=\"3\">Kimyasal inertli\u011fi ve kirlenmeye kar\u015f\u0131 d\u00fc\u015f\u00fck hassasiyeti ile farmas\u00f6tik reaksiyon kaplar\u0131nda ve g\u0131da i\u015fleme ekipmanlar\u0131nda s\u0131zd\u0131rmazl\u0131k i\u00e7in kullan\u0131labilir.<\/span><\/p>\n<p class=\"ql-align-justify\"><strong>So\u011futma ve HVAC alanlar\u0131nda<\/strong><\/p>\n<p class=\"ql-align-justify\">So\u011futma borular\u0131n\u0131n ve klima sistemlerinin aray\u00fcz contalar\u0131nda da \u00f6nemli bir rol oynar. \u00c7\u00fcnk\u00fc so\u011futucu ak\u0131\u015fkanlar\u0131n d\u00fc\u015f\u00fck s\u0131cakl\u0131k \u00f6zelliklerine dayanabilir, b\u00f6ylece s\u0131z\u0131nt\u0131n\u0131n sistemin verimlili\u011fini etkilemesini \u00f6nler.<\/p>\n<p class=\"ql-align-justify\"><strong>Gemi ve Havac\u0131l\u0131k Alanlar\u0131<\/strong><\/p>\n<p class=\"ql-align-justify\">Ayn\u0131 zamanda gemi motorlar\u0131n\u0131n boru ve bile\u015fen s\u0131zd\u0131rmazl\u0131\u011f\u0131 i\u00e7in de ge\u00e7erlidir. <a href=\"https:\/\/www.aircraftspruce.com\/\" target=\"_blank\" rel=\"noopener\">havac\u0131l\u0131k ekipmanlar\u0131<\/a>. \u00d6nemli titre\u015fim ve s\u0131cakl\u0131k de\u011fi\u015fimlerinin oldu\u011fu ortamlarda bile g\u00fcvenilir bir s\u0131zd\u0131rmazl\u0131k sa\u011flayabilir.<\/p>\n<p class=\"ql-align-justify\">","protected":false},"excerpt":{"rendered":"<p class=\"ql-align-justify\">Esnek grafit conta, esas olarak esnek grafitten yap\u0131lan ve mukavemeti art\u0131rmak i\u00e7in genellikle metal \u00e7er\u00e7evelerle g\u00fc\u00e7lendirilen bir t\u00fcr s\u0131zd\u0131rmazl\u0131k bile\u015fenidir. Kimyasal i\u015flem ve y\u00fcksek s\u0131cakl\u0131kta genle\u015fmeden sonra do\u011fal grafitin s\u0131k\u0131\u015ft\u0131r\u0131lmas\u0131 ve i\u015flenmesiyle \u00fcretilir. M\u00fckemmel y\u00fcksek s\u0131cakl\u0131k direnci, s\u0131zd\u0131rmazl\u0131k performans\u0131 vb. nedeniyle, end\u00fcstriyel boru hatlar\u0131n\u0131n ve ekipmanlar\u0131n\u0131n flan\u015f ba\u011flant\u0131 s\u0131zd\u0131rmazl\u0131\u011f\u0131nda yayg\u0131n olarak kullanabilirsiniz. Y\u00fcksek s\u0131cakl\u0131k, y\u00fcksek bas\u0131n\u00e7 ve g\u00fc\u00e7l\u00fc korozyon gibi karma\u015f\u0131k \u00e7al\u0131\u015fma ko\u015fullar\u0131nda s\u0131zd\u0131rmazl\u0131k sorunlar\u0131n\u0131 \u00e7\u00f6zmek i\u00e7in \u00f6nemli bir bile\u015fendir.<\/p>\n<p class=\"ql-align-justify\">","protected":false},"featured_media":8027,"template":"","meta":[],"product_brand":[],"product_cat":[37],"product_tag":[],"class_list":{"0":"post-8025","1":"product","2":"type-product","3":"status-publish","4":"has-post-thumbnail","6":"product_cat-graphite-electrode","8":"first","9":"instock","10":"shipping-taxable","11":"product-type-simple"},"yoast_head":"<!-- This site is optimized with the Yoast SEO Premium plugin v19.2.1 (Yoast SEO v25.3) - https:\/\/yoast.com\/wordpress\/plugins\/seo\/ -->\n<title>Flexible Graphite Gasket Manufacturer in China<\/title>\n<meta name=\"description\" content=\"Flexible graphite gasket comes in various shapes such as circular, square, and various irregular forms and has remarkable advantages.\" \/>\n<meta name=\"robots\" content=\"index, follow, max-snippet:-1, max-image-preview:large, max-video-preview:-1\" \/>\n<link rel=\"canonical\" href=\"https:\/\/jinsuncarbon.com\/tr\/urun\/esnek-grafit-conta\/\" \/>\n<meta property=\"og:locale\" content=\"tr_TR\" \/>\n<meta property=\"og:type\" content=\"article\" \/>\n<meta property=\"og:title\" content=\"Flexible Graphite Gasket\" \/>\n<meta property=\"og:description\" content=\"Flexible graphite gasket comes in various shapes such as circular, square, and various irregular forms and has remarkable advantages.\" \/>\n<meta property=\"og:url\" content=\"https:\/\/jinsuncarbon.com\/tr\/urun\/esnek-grafit-conta\/\" \/>\n<meta property=\"og:site_name\" content=\"Jinsun Carbon\" \/>\n<meta property=\"article:publisher\" content=\"https:\/\/www.facebook.com\/Graphite-Electrode-109336238661595\" \/>\n<meta property=\"article:modified_time\" content=\"2025-08-18T02:43:59+00:00\" \/>\n<meta property=\"og:image\" content=\"https:\/\/jinsuncarbon.com\/wp-content\/uploads\/2025\/08\/Flexible-Graphite-Gasket.jpg\" \/>\n\t<meta property=\"og:image:width\" content=\"1024\" \/>\n\t<meta property=\"og:image:height\" content=\"763\" \/>\n\t<meta property=\"og:image:type\" content=\"image\/jpeg\" \/>\n<meta name=\"twitter:card\" content=\"summary_large_image\" \/>\n<meta name=\"twitter:site\" content=\"@jinsuncarbon_\" \/>\n<meta name=\"twitter:label1\" content=\"Tahmini okuma s\u00fcresi\" \/>\n\t<meta name=\"twitter:data1\" content=\"3 dakika\" \/>\n<script type=\"application\/ld+json\" class=\"yoast-schema-graph\">{\"@context\":\"https:\/\/schema.org\",\"@graph\":[{\"@type\":\"WebPage\",\"@id\":\"https:\/\/jinsuncarbon.com\/product\/flexible-graphite-gasket\/\",\"url\":\"https:\/\/jinsuncarbon.com\/product\/flexible-graphite-gasket\/\",\"name\":\"Flexible Graphite Gasket Manufacturer in China\",\"isPartOf\":{\"@id\":\"https:\/\/jinsuncarbon.com\/#website\"},\"primaryImageOfPage\":{\"@id\":\"https:\/\/jinsuncarbon.com\/product\/flexible-graphite-gasket\/#primaryimage\"},\"image\":{\"@id\":\"https:\/\/jinsuncarbon.com\/product\/flexible-graphite-gasket\/#primaryimage\"},\"thumbnailUrl\":\"https:\/\/jinsuncarbon.com\/wp-content\/uploads\/2025\/08\/Flexible-Graphite-Gasket.jpg\",\"datePublished\":\"2025-08-18T02:43:58+00:00\",\"dateModified\":\"2025-08-18T02:43:59+00:00\",\"description\":\"Flexible graphite gasket comes in various shapes such as circular, square, and various irregular forms and has remarkable advantages.\",\"breadcrumb\":{\"@id\":\"https:\/\/jinsuncarbon.com\/product\/flexible-graphite-gasket\/#breadcrumb\"},\"inLanguage\":\"tr\",\"potentialAction\":[{\"@type\":\"ReadAction\",\"target\":[\"https:\/\/jinsuncarbon.com\/product\/flexible-graphite-gasket\/\"]}]},{\"@type\":\"ImageObject\",\"inLanguage\":\"tr\",\"@id\":\"https:\/\/jinsuncarbon.com\/product\/flexible-graphite-gasket\/#primaryimage\",\"url\":\"https:\/\/jinsuncarbon.com\/wp-content\/uploads\/2025\/08\/Flexible-Graphite-Gasket.jpg\",\"contentUrl\":\"https:\/\/jinsuncarbon.com\/wp-content\/uploads\/2025\/08\/Flexible-Graphite-Gasket.jpg\",\"width\":1024,\"height\":763,\"caption\":\"Flexible Graphite Gasket\"},{\"@type\":\"BreadcrumbList\",\"@id\":\"https:\/\/jinsuncarbon.com\/product\/flexible-graphite-gasket\/#breadcrumb\",\"itemListElement\":[{\"@type\":\"ListItem\",\"position\":1,\"name\":\"Home\",\"item\":\"https:\/\/jinsuncarbon.com\/\"},{\"@type\":\"ListItem\",\"position\":2,\"name\":\"Products\",\"item\":\"https:\/\/jinsuncarbon.com\/graphite-carbon\/\"},{\"@type\":\"ListItem\",\"position\":3,\"name\":\"Flexible Graphite Gasket\"}]},{\"@type\":\"WebSite\",\"@id\":\"https:\/\/jinsuncarbon.com\/#website\",\"url\":\"https:\/\/jinsuncarbon.com\/\",\"name\":\"Jinsun Carbon\",\"description\":\"We are the successful graphite electrode manufacturer in China\",\"publisher\":{\"@id\":\"https:\/\/jinsuncarbon.com\/#organization\"},\"potentialAction\":[{\"@type\":\"SearchAction\",\"target\":{\"@type\":\"EntryPoint\",\"urlTemplate\":\"https:\/\/jinsuncarbon.com\/?s={search_term_string}\"},\"query-input\":{\"@type\":\"PropertyValueSpecification\",\"valueRequired\":true,\"valueName\":\"search_term_string\"}}],\"inLanguage\":\"tr\"},{\"@type\":\"Organization\",\"@id\":\"https:\/\/jinsuncarbon.com\/#organization\",\"name\":\"Jinsun Carbon\",\"alternateName\":\"Jinsun Carbon\",\"url\":\"https:\/\/jinsuncarbon.com\/\",\"logo\":{\"@type\":\"ImageObject\",\"inLanguage\":\"tr\",\"@id\":\"https:\/\/jinsuncarbon.com\/#\/schema\/logo\/image\/\",\"url\":\"https:\/\/jinsuncarbon.com\/wp-content\/uploads\/2022\/12\/LOGO-1.png\",\"contentUrl\":\"https:\/\/jinsuncarbon.com\/wp-content\/uploads\/2022\/12\/LOGO-1.png\",\"width\":207,\"height\":80,\"caption\":\"Jinsun Carbon\"},\"image\":{\"@id\":\"https:\/\/jinsuncarbon.com\/#\/schema\/logo\/image\/\"},\"sameAs\":[\"https:\/\/www.facebook.com\/Graphite-Electrode-109336238661595\",\"https:\/\/x.com\/jinsuncarbon_\",\"https:\/\/www.linkedin.com\/in\/jinsungraphite\",\"https:\/\/www.youtube.com\/channel\/UCysDNyvyR5-3cCWEmpkVC0g\"]}]}<\/script>\n<!-- \/ Yoast SEO Premium plugin. -->","yoast_head_json":{"title":"\u00c7in'de Esnek Grafit Conta \u00dcreticisi","description":"Esnek grafit conta, dairesel, kare ve \u00e7e\u015fitli d\u00fczensiz formlar gibi \u00e7e\u015fitli \u015fekillerde gelir ve dikkate de\u011fer avantajlara sahiptir.","robots":{"index":"index","follow":"follow","max-snippet":"max-snippet:-1","max-image-preview":"max-image-preview:large","max-video-preview":"max-video-preview:-1"},"canonical":"https:\/\/jinsuncarbon.com\/tr\/urun\/esnek-grafit-conta\/","og_locale":"tr_TR","og_type":"article","og_title":"Flexible Graphite Gasket","og_description":"Flexible graphite gasket comes in various shapes such as circular, square, and various irregular forms and has remarkable advantages.","og_url":"https:\/\/jinsuncarbon.com\/tr\/urun\/esnek-grafit-conta\/","og_site_name":"Jinsun Carbon","article_publisher":"https:\/\/www.facebook.com\/Graphite-Electrode-109336238661595","article_modified_time":"2025-08-18T02:43:59+00:00","og_image":[{"width":1024,"height":763,"url":"https:\/\/jinsuncarbon.com\/wp-content\/uploads\/2025\/08\/Flexible-Graphite-Gasket.jpg","type":"image\/jpeg"}],"twitter_card":"summary_large_image","twitter_site":"@jinsuncarbon_","twitter_misc":{"Tahmini okuma s\u00fcresi":"3 dakika"},"schema":{"@context":"https:\/\/schema.org","@graph":[{"@type":"WebPage","@id":"https:\/\/jinsuncarbon.com\/product\/flexible-graphite-gasket\/","url":"https:\/\/jinsuncarbon.com\/product\/flexible-graphite-gasket\/","name":"\u00c7in'de Esnek Grafit Conta \u00dcreticisi","isPartOf":{"@id":"https:\/\/jinsuncarbon.com\/#website"},"primaryImageOfPage":{"@id":"https:\/\/jinsuncarbon.com\/product\/flexible-graphite-gasket\/#primaryimage"},"image":{"@id":"https:\/\/jinsuncarbon.com\/product\/flexible-graphite-gasket\/#primaryimage"},"thumbnailUrl":"https:\/\/jinsuncarbon.com\/wp-content\/uploads\/2025\/08\/Flexible-Graphite-Gasket.jpg","datePublished":"2025-08-18T02:43:58+00:00","dateModified":"2025-08-18T02:43:59+00:00","description":"Esnek grafit conta, dairesel, kare ve \u00e7e\u015fitli d\u00fczensiz formlar gibi \u00e7e\u015fitli \u015fekillerde gelir ve dikkate de\u011fer avantajlara sahiptir.","breadcrumb":{"@id":"https:\/\/jinsuncarbon.com\/product\/flexible-graphite-gasket\/#breadcrumb"},"inLanguage":"tr","potentialAction":[{"@type":"ReadAction","target":["https:\/\/jinsuncarbon.com\/product\/flexible-graphite-gasket\/"]}]},{"@type":"ImageObject","inLanguage":"tr","@id":"https:\/\/jinsuncarbon.com\/product\/flexible-graphite-gasket\/#primaryimage","url":"https:\/\/jinsuncarbon.com\/wp-content\/uploads\/2025\/08\/Flexible-Graphite-Gasket.jpg","contentUrl":"https:\/\/jinsuncarbon.com\/wp-content\/uploads\/2025\/08\/Flexible-Graphite-Gasket.jpg","width":1024,"height":763,"caption":"Flexible Graphite Gasket"},{"@type":"BreadcrumbList","@id":"https:\/\/jinsuncarbon.com\/product\/flexible-graphite-gasket\/#breadcrumb","itemListElement":[{"@type":"ListItem","position":1,"name":"Home","item":"https:\/\/jinsuncarbon.com\/"},{"@type":"ListItem","position":2,"name":"Products","item":"https:\/\/jinsuncarbon.com\/graphite-carbon\/"},{"@type":"ListItem","position":3,"name":"Flexible Graphite Gasket"}]},{"@type":"WebSite","@id":"https:\/\/jinsuncarbon.com\/#website","url":"https:\/\/jinsuncarbon.com\/","name":"Jinsun Karbon","description":"\u00c7in'deki ba\u015far\u0131l\u0131 grafit elektrot \u00fcreticisiyiz","publisher":{"@id":"https:\/\/jinsuncarbon.com\/#organization"},"potentialAction":[{"@type":"SearchAction","target":{"@type":"EntryPoint","urlTemplate":"https:\/\/jinsuncarbon.com\/?s={search_term_string}"},"query-input":{"@type":"PropertyValueSpecification","valueRequired":true,"valueName":"search_term_string"}}],"inLanguage":"tr"},{"@type":"Organization","@id":"https:\/\/jinsuncarbon.com\/#organization","name":"Jinsun Karbon","alternateName":"Jinsun Carbon","url":"https:\/\/jinsuncarbon.com\/","logo":{"@type":"ImageObject","inLanguage":"tr","@id":"https:\/\/jinsuncarbon.com\/#\/schema\/logo\/image\/","url":"https:\/\/jinsuncarbon.com\/wp-content\/uploads\/2022\/12\/LOGO-1.png","contentUrl":"https:\/\/jinsuncarbon.com\/wp-content\/uploads\/2022\/12\/LOGO-1.png","width":207,"height":80,"caption":"Jinsun Carbon"},"image":{"@id":"https:\/\/jinsuncarbon.com\/#\/schema\/logo\/image\/"},"sameAs":["https:\/\/www.facebook.com\/Graphite-Electrode-109336238661595","https:\/\/x.com\/jinsuncarbon_","https:\/\/www.linkedin.com\/in\/jinsungraphite","https:\/\/www.youtube.com\/channel\/UCysDNyvyR5-3cCWEmpkVC0g"]}]}},"_links":{"self":[{"href":"https:\/\/jinsuncarbon.com\/tr\/wp-json\/wp\/v2\/product\/8025","targetHints":{"allow":["GET"]}}],"collection":[{"href":"https:\/\/jinsuncarbon.com\/tr\/wp-json\/wp\/v2\/product"}],"about":[{"href":"https:\/\/jinsuncarbon.com\/tr\/wp-json\/wp\/v2\/types\/product"}],"wp:featuredmedia":[{"embeddable":true,"href":"https:\/\/jinsuncarbon.com\/tr\/wp-json\/wp\/v2\/media\/8027"}],"wp:attachment":[{"href":"https:\/\/jinsuncarbon.com\/tr\/wp-json\/wp\/v2\/media?parent=8025"}],"wp:term":[{"taxonomy":"product_brand","embeddable":true,"href":"https:\/\/jinsuncarbon.com\/tr\/wp-json\/wp\/v2\/product_brand?post=8025"},{"taxonomy":"product_cat","embeddable":true,"href":"https:\/\/jinsuncarbon.com\/tr\/wp-json\/wp\/v2\/product_cat?post=8025"},{"taxonomy":"product_tag","embeddable":true,"href":"https:\/\/jinsuncarbon.com\/tr\/wp-json\/wp\/v2\/product_tag?post=8025"}],"curies":[{"name":"wp","href":"https:\/\/api.w.org\/{rel}","templated":true}]}}