{"id":8019,"date":"2025-08-02T08:47:55","date_gmt":"2025-08-02T08:47:55","guid":{"rendered":"https:\/\/jinsuncarbon.com\/?post_type=product&#038;p=8019"},"modified":"2025-08-26T05:00:16","modified_gmt":"2025-08-26T05:00:16","slug":"grafi%cc%87t-rekarburi%cc%87zer","status":"publish","type":"product","link":"https:\/\/jinsuncarbon.com\/tr\/urun\/grafi%cc%87t-rekarburi%cc%87zer\/","title":{"rendered":"Grafit Recarburizer"},"content":{"rendered":"<h2>Grafit Recarburizer \u00dcreticisi<\/h2>\n<p><strong><b>Y\u00fcksek<\/b><\/strong><strong><b>\u00a0karbon i\u00e7eri\u011fi <\/b><\/strong><\/p>\n<p>Karbon i\u00e7eri\u011fi genellikle 90%'nin \u00fczerine ula\u015f\u0131r ve baz\u0131 y\u00fcksek kaliteli \u00fcr\u00fcnler i\u00e7in 98%'nin \u00fczerine bile ula\u015fabilir. Bu, karbon elementlerini erimi\u015f \u00e7eli\u011fe h\u0131zl\u0131 bir \u015fekilde yenileyebilmesini ve eritme verimlili\u011fini art\u0131rmas\u0131n\u0131 sa\u011flar.<\/p>\n<p>&nbsp;<\/p>\n<p><strong><b>D\u00fc\u015f\u00fck<\/b><\/strong><strong><b>\u00a0safs\u0131zl\u0131k i\u00e7eri\u011fi<\/b><\/strong><\/p>\n<p>Safla\u015ft\u0131rma i\u015fleminden sonra k\u00fck\u00fcrt, fosfor ve azot gibi zararl\u0131 safs\u0131zl\u0131klar\u0131n i\u00e7eri\u011fi d\u00fc\u015f\u00fckt\u00fcr. B\u00f6ylece metalik \u00f6zellikler \u00fczerindeki olumsuz etkiler azalt\u0131l\u0131r.<\/p>\n<p>&nbsp;<\/p>\n<p><strong><b>I<\/b><\/strong><strong><b>grafit morfolojisini iyile\u015ftirmek<\/b><\/strong><\/p>\n<p>Bu, erimi\u015f metalde \u00e7\u00f6z\u00fcnmesini ve h\u0131zla emilmesini kolayla\u015ft\u0131r\u0131r, bu da metalin karbon i\u00e7eri\u011fini h\u0131zla art\u0131rabilir.<\/p>\n<p>&nbsp;<\/p>\n<p><strong><b>G<\/b><\/strong><strong><b>ood kimyasal kararl\u0131l\u0131k<\/b><\/strong><\/p>\n<p>Y\u00fcksek s\u0131cakl\u0131ktaki eritme ortamlar\u0131nda istikrarl\u0131 performans\u0131n\u0131 koruyabilir ve di\u011fer maddelerle olumsuz reaksiyonlara girmesi olas\u0131 de\u011fildir.<\/p>\n<p>&nbsp;<\/p>\n<p><strong><b>Tek tip kompozisyon<\/b><\/strong><\/p>\n<p>Bu, karbon art\u0131r\u0131c\u0131 etkinin tutarl\u0131l\u0131\u011f\u0131n\u0131 sa\u011flar.<\/p>\n<p>&nbsp;<\/p>\n<p><strong><b>C<\/b><\/strong><strong><b>kullanimi elveri\u0307\u015fli\u0307<\/b><\/strong><\/p>\n<p>\u0130lave miktar\u0131n\u0131 ihtiyaca g\u00f6re ayarlayabilir, b\u00f6ylece metalin karbon i\u00e7eri\u011fini hassas bir \u015fekilde kontrol edebilirsiniz.<\/p>\n<p>&nbsp;<\/p>\n<h2>Teknik \u00d6zellikler<\/h2>\n<table>\n<tbody>\n<tr>\n<td width=\"53\">ITEM<\/td>\n<td width=\"53\">Spesifik Diren\u00e7<\/td>\n<td width=\"53\">S\u00fclf\u00fcr<\/p>\n<p>\u0130\u00e7erik<\/td>\n<td width=\"53\">K\u00fcl<\/td>\n<td width=\"53\">U\u00e7ucu<\/p>\n<p>Madde<\/td>\n<td width=\"53\">Nem<\/td>\n<td width=\"53\">Karbon<\/p>\n<p>\u0130\u00e7erik<\/td>\n<td width=\"53\">Azot<\/p>\n<p>\u0130\u00e7erik<\/td>\n<\/tr>\n<tr>\n<td width=\"53\">Karb\u00fcrat\u00f6r<\/p>\n<p>0-2<\/td>\n<td width=\"53\">&lt;120<\/td>\n<td width=\"53\">&lt;0.3<\/td>\n<td width=\"53\">&lt;1<\/td>\n<td width=\"53\">&lt;0.5<\/td>\n<td width=\"53\">&lt;0.05<\/td>\n<td width=\"53\">&gt;98.5<\/td>\n<td width=\"53\">&lt;300<\/td>\n<\/tr>\n<tr>\n<td width=\"53\">Karb\u00fcrat\u00f6r<\/p>\n<p>2-5<\/td>\n<td width=\"53\">&lt;120<\/td>\n<td width=\"53\">&lt;0.05<\/td>\n<td width=\"53\">&lt;1<\/td>\n<td width=\"53\">&lt;0.5<\/td>\n<td width=\"53\">&lt;0.05<\/td>\n<td width=\"53\">&gt;98.5<\/td>\n<td width=\"53\">&lt;300<\/td>\n<\/tr>\n<tr>\n<td width=\"53\">Karb\u00fcrat\u00f6r<\/p>\n<p>5-30<\/td>\n<td width=\"53\">80-100<\/td>\n<td width=\"53\">&lt;0.05<\/td>\n<td width=\"53\">&lt;0.7<\/td>\n<td width=\"53\">&lt;0.5<\/td>\n<td width=\"53\">&lt;0.05<\/td>\n<td width=\"53\">&gt;98.5<\/td>\n<td width=\"53\">&lt;300<\/td>\n<\/tr>\n<\/tbody>\n<\/table>\n<h2><\/h2>\n<h2>Grafit rekarburizat\u00f6r\u00fcn kullan\u0131m alanlar\u0131<\/h2>\n<p>Grafit yeniden karbonla\u015ft\u0131r\u0131c\u0131 yayg\u0131n olarak kullan\u0131lmaktad\u0131r ve baz\u0131 yayg\u0131n uygulama alanlar\u0131 vard\u0131r.<\/p>\n<h3><strong><b>Demir d\u00f6k\u00fcm end\u00fcstrisi: <\/b><\/strong><\/h3>\n<p><strong><b>I. Gri d\u00f6kme demir \u00fcretimi<\/b><\/strong><\/p>\n<p>Gri d\u00f6kme demirin eritme i\u015flemi s\u0131ras\u0131nda ekleyerek, karbon i\u00e7eri\u011fini uygun bir aral\u0131\u011fa ayarlayabilirsiniz. Bu aral\u0131k genellikle 2.5% - 4%'dir, bu da a\u015fa\u011f\u0131dakileri te\u015fvik edebilir\u00a0<a href=\"https:\/\/jinsuncarbon.com\/tr\/grafi%cc%87tleme-nedi%cc%87r\/\">grafitle\u015ftirme<\/a>. Ayr\u0131ca, a\u015f\u0131nma direncini ve bas\u0131n\u00e7 dayan\u0131m\u0131n\u0131 artt\u0131rmak gibi d\u00f6k\u00fcmlerin i\u015fleme performans\u0131n\u0131 ve mekanik \u00f6zelliklerini geli\u015ftirir.<\/p>\n<p>&nbsp;<\/p>\n<p><strong><b>II. K\u00fcresel grafitli d\u00f6kme demir \u00fcretimi<\/b><\/strong><\/p>\n<p>Karbon i\u00e7eri\u011fini stabilize edebildi\u011fi i\u00e7in k\u00fcresel grafitli d\u00f6kme demirin eritilmesinde kullanabilirsiniz. K\u00fcreselle\u015ftirme ajanlar\u0131 ile birlikte kullan\u0131ld\u0131\u011f\u0131nda, k\u00fcreselle\u015ftirme etkisini sa\u011flayabilir. Ayr\u0131ca otomotiv par\u00e7alar\u0131, borular vb. \u00fcretimi i\u00e7in uygun olan d\u00f6k\u00fcmlerin toklu\u011funu ve mukavemetini art\u0131rabilir.<\/p>\n<p>&nbsp;<\/p>\n<p><strong><b>III. D\u00f6v\u00fclebilir d\u00f6kme demir<\/b><\/strong><strong><b>\u00a0<\/b><\/strong><strong><b>\u00dcRET\u0130M<\/b><\/strong><\/p>\n<p>Erimi\u015f demirin karbon i\u00e7eri\u011finin ayarlanmas\u0131na yard\u0131mc\u0131 olabilir ve sonraki tavlama i\u015flemi s\u0131ras\u0131nda grafitin \u00e7\u00f6kelmesi i\u00e7in ko\u015fullar yaratabilir. Ve ard\u0131ndan d\u00f6v\u00fclebilir d\u00f6kme demirin i\u015flenebilirli\u011fini sa\u011flar.<\/p>\n<p>&nbsp;<\/p>\n<p><strong><b>IV. D\u00f6kme \u00c7elik End\u00fcstrisi: <\/b><\/strong><\/p>\n<p>Eritme i\u015flemi s\u0131ras\u0131nda kaybolan karbon elementlerini yerine koyan \u00e7e\u015fitli karbon \u00e7elikleri ve ala\u015f\u0131ml\u0131 d\u00f6kme \u00e7eliklerin \u00fcretiminde kullanabilirsiniz. Makine yatak \u00e7er\u00e7eveleri, m\u00fchendislik makineleri bile\u015fenleri vb. \u00fcretiminde kullan\u0131lan karbon i\u00e7eri\u011fini tasarlanan aral\u0131kta kontrol eder. Ayr\u0131ca \u00e7eli\u011fin sertlik, mukavemet ve di\u011fer \u00f6zelliklerinin standartlar\u0131 kar\u015f\u0131lamas\u0131n\u0131 sa\u011flayabilir.<\/p>\n<p>&nbsp;<\/p>\n<h3><strong><b>Di\u011fer metal\u00fcrji alanlar\u0131: <\/b><\/strong><\/h3>\n<p><strong><b>Toz metalurjisi<\/b><\/strong><\/p>\n<p>\u0130\u00e7inde<a href=\"https:\/\/en.wikipedia.org\/wiki\/Powder_metallurgy\" target=\"_blank\" rel=\"noopener\"> toz metalurjisi<\/a> i\u015fleminde, karbon kayna\u011f\u0131 olarak ekleyebilirsiniz. Ala\u015f\u0131m\u0131n karbon i\u00e7eri\u011fini ayarlayabilir ve belirli \u00f6zelliklere sahip metal tozu \u00fcr\u00fcnleri \u00fcretebilir.<\/p>\n<p>&nbsp;<\/p>\n<p><strong><b>Demir ala\u015f\u0131m\u0131 \u00fcretimi<\/b><\/strong><\/p>\n<p>Baz\u0131 demir ala\u015f\u0131m\u0131 \u00fcretim s\u00fcre\u00e7lerinde karbon i\u00e7eri\u011fini kontrol etmeniz gerekir. Bu nedenle, \u00fcr\u00fcn kalitesini sa\u011flamak i\u00e7in grafit yeniden karbonla\u015ft\u0131r\u0131c\u0131y\u0131 hassas bir karbon katk\u0131s\u0131 olarak kullanabilirsiniz.<\/p>","protected":false},"excerpt":{"rendered":"<p>Grafit yeniden karbonla\u015ft\u0131r\u0131c\u0131, ana hammadde olarak do\u011fal grafit veya yapay grafitten yap\u0131lan, k\u0131rma, eleme ve di\u011fer tekniklerle i\u015flenen bir t\u00fcr karbon katk\u0131 maddesidir. Y\u00fcksek karbon i\u00e7eri\u011fine, d\u00fc\u015f\u00fck safs\u0131zl\u0131klara ve m\u00fckemmel karbon emme performans\u0131na sahiptir, bu nedenle verimli bir karbon art\u0131r\u0131c\u0131 malzemedir. \u00c7elik eritme ve d\u00f6k\u00fcm end\u00fcstrilerinde \u00f6nemli bir rol oynar ve metal eritmede karbon i\u00e7eri\u011fi d\u00fczenleme talebini kar\u015f\u0131lar. Formlar\u0131 genellikle gran\u00fcl, toz ve blok benzeri olmak \u00fczere \u00e7e\u015fitlidir. Ve belirli formu eritme i\u015fleminin gereksinimlerine g\u00f6re ayarlayabilirsiniz.<\/p>","protected":false},"featured_media":8020,"template":"","meta":[],"product_brand":[],"product_cat":[40],"product_tag":[],"class_list":{"0":"post-8019","1":"product","2":"type-product","3":"status-publish","4":"has-post-thumbnail","6":"product_cat-petroleum-coke","8":"first","9":"instock","10":"shipping-taxable","11":"product-type-simple"},"yoast_head":"<!-- This site is optimized with the Yoast SEO Premium plugin v19.2.1 (Yoast SEO v25.3) - https:\/\/yoast.com\/wordpress\/plugins\/seo\/ -->\n<title>Graphite Recarburizer | Jinsun Carbon<\/title>\n<meta name=\"description\" content=\"Graphite recarburizer manufacturer and supplier, graphite recarburizercan be used in steelmaking, cast iron, alloy casting or as an auxiliary material for smelting.\" \/>\n<meta name=\"robots\" content=\"index, follow, max-snippet:-1, max-image-preview:large, max-video-preview:-1\" \/>\n<link rel=\"canonical\" href=\"https:\/\/jinsuncarbon.com\/tr\/urun\/grafi\u0307t-rekarburi\u0307zer\/\" \/>\n<meta property=\"og:locale\" content=\"tr_TR\" \/>\n<meta property=\"og:type\" content=\"article\" \/>\n<meta property=\"og:title\" content=\"Graphite Recarburizer\" \/>\n<meta property=\"og:description\" content=\"Graphite recarburizer manufacturer and supplier, graphite recarburizercan be used in steelmaking, cast iron, alloy casting or as an auxiliary material for smelting.\" \/>\n<meta property=\"og:url\" content=\"https:\/\/jinsuncarbon.com\/tr\/urun\/grafi\u0307t-rekarburi\u0307zer\/\" \/>\n<meta property=\"og:site_name\" content=\"Jinsun Carbon\" \/>\n<meta property=\"article:publisher\" content=\"https:\/\/www.facebook.com\/Graphite-Electrode-109336238661595\" \/>\n<meta property=\"article:modified_time\" content=\"2025-08-26T05:00:16+00:00\" \/>\n<meta property=\"og:image\" content=\"https:\/\/jinsuncarbon.com\/wp-content\/uploads\/2025\/08\/Graphite-Recarburizer.jpg\" \/>\n\t<meta property=\"og:image:width\" content=\"1024\" \/>\n\t<meta property=\"og:image:height\" content=\"763\" \/>\n\t<meta property=\"og:image:type\" content=\"image\/jpeg\" \/>\n<meta name=\"twitter:card\" content=\"summary_large_image\" \/>\n<meta name=\"twitter:site\" content=\"@jinsuncarbon_\" \/>\n<meta name=\"twitter:label1\" content=\"Tahmini okuma s\u00fcresi\" \/>\n\t<meta name=\"twitter:data1\" content=\"3 dakika\" \/>\n<script type=\"application\/ld+json\" class=\"yoast-schema-graph\">{\"@context\":\"https:\/\/schema.org\",\"@graph\":[{\"@type\":\"WebPage\",\"@id\":\"https:\/\/jinsuncarbon.com\/product\/graphite-recarburizer\/\",\"url\":\"https:\/\/jinsuncarbon.com\/product\/graphite-recarburizer\/\",\"name\":\"Graphite Recarburizer | Jinsun Carbon\",\"isPartOf\":{\"@id\":\"https:\/\/jinsuncarbon.com\/#website\"},\"primaryImageOfPage\":{\"@id\":\"https:\/\/jinsuncarbon.com\/product\/graphite-recarburizer\/#primaryimage\"},\"image\":{\"@id\":\"https:\/\/jinsuncarbon.com\/product\/graphite-recarburizer\/#primaryimage\"},\"thumbnailUrl\":\"https:\/\/jinsuncarbon.com\/wp-content\/uploads\/2025\/08\/Graphite-Recarburizer.jpg\",\"datePublished\":\"2025-08-02T08:47:55+00:00\",\"dateModified\":\"2025-08-26T05:00:16+00:00\",\"description\":\"Graphite recarburizer manufacturer and supplier, graphite recarburizercan be used in steelmaking, cast iron, alloy casting or as an auxiliary material for smelting.\",\"breadcrumb\":{\"@id\":\"https:\/\/jinsuncarbon.com\/product\/graphite-recarburizer\/#breadcrumb\"},\"inLanguage\":\"tr\",\"potentialAction\":[{\"@type\":\"ReadAction\",\"target\":[\"https:\/\/jinsuncarbon.com\/product\/graphite-recarburizer\/\"]}]},{\"@type\":\"ImageObject\",\"inLanguage\":\"tr\",\"@id\":\"https:\/\/jinsuncarbon.com\/product\/graphite-recarburizer\/#primaryimage\",\"url\":\"https:\/\/jinsuncarbon.com\/wp-content\/uploads\/2025\/08\/Graphite-Recarburizer.jpg\",\"contentUrl\":\"https:\/\/jinsuncarbon.com\/wp-content\/uploads\/2025\/08\/Graphite-Recarburizer.jpg\",\"width\":1024,\"height\":763,\"caption\":\"Graphite Recarburizer\"},{\"@type\":\"BreadcrumbList\",\"@id\":\"https:\/\/jinsuncarbon.com\/product\/graphite-recarburizer\/#breadcrumb\",\"itemListElement\":[{\"@type\":\"ListItem\",\"position\":1,\"name\":\"Home\",\"item\":\"https:\/\/jinsuncarbon.com\/\"},{\"@type\":\"ListItem\",\"position\":2,\"name\":\"Products\",\"item\":\"https:\/\/jinsuncarbon.com\/graphite-carbon\/\"},{\"@type\":\"ListItem\",\"position\":3,\"name\":\"Graphite Recarburizer\"}]},{\"@type\":\"WebSite\",\"@id\":\"https:\/\/jinsuncarbon.com\/#website\",\"url\":\"https:\/\/jinsuncarbon.com\/\",\"name\":\"Jinsun Carbon\",\"description\":\"We are the successful graphite electrode manufacturer in China\",\"publisher\":{\"@id\":\"https:\/\/jinsuncarbon.com\/#organization\"},\"potentialAction\":[{\"@type\":\"SearchAction\",\"target\":{\"@type\":\"EntryPoint\",\"urlTemplate\":\"https:\/\/jinsuncarbon.com\/?s={search_term_string}\"},\"query-input\":{\"@type\":\"PropertyValueSpecification\",\"valueRequired\":true,\"valueName\":\"search_term_string\"}}],\"inLanguage\":\"tr\"},{\"@type\":\"Organization\",\"@id\":\"https:\/\/jinsuncarbon.com\/#organization\",\"name\":\"Jinsun Carbon\",\"alternateName\":\"Jinsun Carbon\",\"url\":\"https:\/\/jinsuncarbon.com\/\",\"logo\":{\"@type\":\"ImageObject\",\"inLanguage\":\"tr\",\"@id\":\"https:\/\/jinsuncarbon.com\/#\/schema\/logo\/image\/\",\"url\":\"https:\/\/jinsuncarbon.com\/wp-content\/uploads\/2022\/12\/LOGO-1.png\",\"contentUrl\":\"https:\/\/jinsuncarbon.com\/wp-content\/uploads\/2022\/12\/LOGO-1.png\",\"width\":207,\"height\":80,\"caption\":\"Jinsun Carbon\"},\"image\":{\"@id\":\"https:\/\/jinsuncarbon.com\/#\/schema\/logo\/image\/\"},\"sameAs\":[\"https:\/\/www.facebook.com\/Graphite-Electrode-109336238661595\",\"https:\/\/x.com\/jinsuncarbon_\",\"https:\/\/www.linkedin.com\/in\/jinsungraphite\",\"https:\/\/www.youtube.com\/channel\/UCysDNyvyR5-3cCWEmpkVC0g\"]}]}<\/script>\n<!-- \/ Yoast SEO Premium plugin. -->","yoast_head_json":{"title":"Grafit Yeniden Karb\u00fcrle\u015ftirici | Jinsun Carbon","description":"Grafit rekarburizat\u00f6r \u00fcreticisi ve tedarik\u00e7isi, grafit rekarburizat\u00f6r \u00e7elik yap\u0131m\u0131nda, d\u00f6kme demirde, ala\u015f\u0131ml\u0131 d\u00f6k\u00fcmde veya eritme i\u00e7in yard\u0131mc\u0131 malzeme olarak kullan\u0131labilir.","robots":{"index":"index","follow":"follow","max-snippet":"max-snippet:-1","max-image-preview":"max-image-preview:large","max-video-preview":"max-video-preview:-1"},"canonical":"https:\/\/jinsuncarbon.com\/tr\/urun\/grafi\u0307t-rekarburi\u0307zer\/","og_locale":"tr_TR","og_type":"article","og_title":"Graphite Recarburizer","og_description":"Graphite recarburizer manufacturer and supplier, graphite recarburizercan be used in steelmaking, cast iron, alloy casting or as an auxiliary material for smelting.","og_url":"https:\/\/jinsuncarbon.com\/tr\/urun\/grafi\u0307t-rekarburi\u0307zer\/","og_site_name":"Jinsun Carbon","article_publisher":"https:\/\/www.facebook.com\/Graphite-Electrode-109336238661595","article_modified_time":"2025-08-26T05:00:16+00:00","og_image":[{"width":1024,"height":763,"url":"https:\/\/jinsuncarbon.com\/wp-content\/uploads\/2025\/08\/Graphite-Recarburizer.jpg","type":"image\/jpeg"}],"twitter_card":"summary_large_image","twitter_site":"@jinsuncarbon_","twitter_misc":{"Tahmini okuma s\u00fcresi":"3 dakika"},"schema":{"@context":"https:\/\/schema.org","@graph":[{"@type":"WebPage","@id":"https:\/\/jinsuncarbon.com\/product\/graphite-recarburizer\/","url":"https:\/\/jinsuncarbon.com\/product\/graphite-recarburizer\/","name":"Grafit Yeniden Karb\u00fcrle\u015ftirici | Jinsun Carbon","isPartOf":{"@id":"https:\/\/jinsuncarbon.com\/#website"},"primaryImageOfPage":{"@id":"https:\/\/jinsuncarbon.com\/product\/graphite-recarburizer\/#primaryimage"},"image":{"@id":"https:\/\/jinsuncarbon.com\/product\/graphite-recarburizer\/#primaryimage"},"thumbnailUrl":"https:\/\/jinsuncarbon.com\/wp-content\/uploads\/2025\/08\/Graphite-Recarburizer.jpg","datePublished":"2025-08-02T08:47:55+00:00","dateModified":"2025-08-26T05:00:16+00:00","description":"Grafit rekarburizat\u00f6r \u00fcreticisi ve tedarik\u00e7isi, grafit rekarburizat\u00f6r \u00e7elik yap\u0131m\u0131nda, d\u00f6kme demirde, ala\u015f\u0131ml\u0131 d\u00f6k\u00fcmde veya eritme i\u00e7in yard\u0131mc\u0131 malzeme olarak kullan\u0131labilir.","breadcrumb":{"@id":"https:\/\/jinsuncarbon.com\/product\/graphite-recarburizer\/#breadcrumb"},"inLanguage":"tr","potentialAction":[{"@type":"ReadAction","target":["https:\/\/jinsuncarbon.com\/product\/graphite-recarburizer\/"]}]},{"@type":"ImageObject","inLanguage":"tr","@id":"https:\/\/jinsuncarbon.com\/product\/graphite-recarburizer\/#primaryimage","url":"https:\/\/jinsuncarbon.com\/wp-content\/uploads\/2025\/08\/Graphite-Recarburizer.jpg","contentUrl":"https:\/\/jinsuncarbon.com\/wp-content\/uploads\/2025\/08\/Graphite-Recarburizer.jpg","width":1024,"height":763,"caption":"Graphite Recarburizer"},{"@type":"BreadcrumbList","@id":"https:\/\/jinsuncarbon.com\/product\/graphite-recarburizer\/#breadcrumb","itemListElement":[{"@type":"ListItem","position":1,"name":"Home","item":"https:\/\/jinsuncarbon.com\/"},{"@type":"ListItem","position":2,"name":"Products","item":"https:\/\/jinsuncarbon.com\/graphite-carbon\/"},{"@type":"ListItem","position":3,"name":"Graphite Recarburizer"}]},{"@type":"WebSite","@id":"https:\/\/jinsuncarbon.com\/#website","url":"https:\/\/jinsuncarbon.com\/","name":"Jinsun Karbon","description":"\u00c7in'deki ba\u015far\u0131l\u0131 grafit elektrot \u00fcreticisiyiz","publisher":{"@id":"https:\/\/jinsuncarbon.com\/#organization"},"potentialAction":[{"@type":"SearchAction","target":{"@type":"EntryPoint","urlTemplate":"https:\/\/jinsuncarbon.com\/?s={search_term_string}"},"query-input":{"@type":"PropertyValueSpecification","valueRequired":true,"valueName":"search_term_string"}}],"inLanguage":"tr"},{"@type":"Organization","@id":"https:\/\/jinsuncarbon.com\/#organization","name":"Jinsun Karbon","alternateName":"Jinsun Carbon","url":"https:\/\/jinsuncarbon.com\/","logo":{"@type":"ImageObject","inLanguage":"tr","@id":"https:\/\/jinsuncarbon.com\/#\/schema\/logo\/image\/","url":"https:\/\/jinsuncarbon.com\/wp-content\/uploads\/2022\/12\/LOGO-1.png","contentUrl":"https:\/\/jinsuncarbon.com\/wp-content\/uploads\/2022\/12\/LOGO-1.png","width":207,"height":80,"caption":"Jinsun Carbon"},"image":{"@id":"https:\/\/jinsuncarbon.com\/#\/schema\/logo\/image\/"},"sameAs":["https:\/\/www.facebook.com\/Graphite-Electrode-109336238661595","https:\/\/x.com\/jinsuncarbon_","https:\/\/www.linkedin.com\/in\/jinsungraphite","https:\/\/www.youtube.com\/channel\/UCysDNyvyR5-3cCWEmpkVC0g"]}]}},"_links":{"self":[{"href":"https:\/\/jinsuncarbon.com\/tr\/wp-json\/wp\/v2\/product\/8019","targetHints":{"allow":["GET"]}}],"collection":[{"href":"https:\/\/jinsuncarbon.com\/tr\/wp-json\/wp\/v2\/product"}],"about":[{"href":"https:\/\/jinsuncarbon.com\/tr\/wp-json\/wp\/v2\/types\/product"}],"wp:featuredmedia":[{"embeddable":true,"href":"https:\/\/jinsuncarbon.com\/tr\/wp-json\/wp\/v2\/media\/8020"}],"wp:attachment":[{"href":"https:\/\/jinsuncarbon.com\/tr\/wp-json\/wp\/v2\/media?parent=8019"}],"wp:term":[{"taxonomy":"product_brand","embeddable":true,"href":"https:\/\/jinsuncarbon.com\/tr\/wp-json\/wp\/v2\/product_brand?post=8019"},{"taxonomy":"product_cat","embeddable":true,"href":"https:\/\/jinsuncarbon.com\/tr\/wp-json\/wp\/v2\/product_cat?post=8019"},{"taxonomy":"product_tag","embeddable":true,"href":"https:\/\/jinsuncarbon.com\/tr\/wp-json\/wp\/v2\/product_tag?post=8019"}],"curies":[{"name":"wp","href":"https:\/\/api.w.org\/{rel}","templated":true}]}}