{"id":8016,"date":"2025-09-25T07:43:05","date_gmt":"2025-09-25T07:43:05","guid":{"rendered":"https:\/\/jinsuncarbon.com\/?post_type=product&#038;p=8016"},"modified":"2025-09-25T07:43:07","modified_gmt":"2025-09-25T07:43:07","slug":"akti%cc%87f-karbon-elyaf","status":"publish","type":"product","link":"https:\/\/jinsuncarbon.com\/tr\/urun\/akti%cc%87f-karbon-elyaf\/","title":{"rendered":"Aktif Karbon Elyaf"},"content":{"rendered":"<p>Aktif karbon elyaf genellikle paspas, bez \u015feklindedir, <a href=\"https:\/\/jinsuncarbon.com\/tr\/urun\/karbon-fiber-levha\/\">\u00e7ar\u015faflar<\/a> veya ipliklerdir ve dikkate de\u011fer avantajlar\u0131 vard\u0131r.<\/p>\n<p><strong><b>E<\/b><\/strong><strong><b>xson derece y\u00fcksek \u00f6zg\u00fcl y\u00fczey alan\u0131<\/b><\/strong><\/p>\n<p>Spesifik y\u00fczey alan\u0131 1000-3000 m\u00b2\/g'a ula\u015f\u0131r, bu nedenle b\u00fcy\u00fck bir adsorpsiyon kapasitesine sahiptir.<\/p>\n<p>&nbsp;<\/p>\n<p><strong><b>E\u015fit da\u011f\u0131l\u0131ml\u0131 mikro g\u00f6zenekler<\/b><\/strong><strong><b>\u00a0ve k\u00fc\u00e7\u00fck \u00e7aplar<\/b><\/strong><\/p>\n<p>\u00c7aplar\u0131 \u00e7o\u011funlukla 1-2 nm'dir, bu da h\u0131zl\u0131 adsorpsiyon h\u0131z\u0131na neden olur. Dolay\u0131s\u0131yla, k\u00fc\u00e7\u00fck molek\u00fcll\u00fc maddeler i\u00e7in adsorpsiyon verimlili\u011fi geleneksel aktif karbondan \u00e7ok daha y\u00fcksektir.<\/p>\n<p>&nbsp;<\/p>\n<p><strong><b>G<\/b><\/strong><strong><b>ood kimyasal kararl\u0131l\u0131k<\/b><\/strong><\/p>\n<p>Asitlere ve alkalilere kar\u015f\u0131 dayan\u0131kl\u0131d\u0131r ve genellikle -100\u00b0C ila 300\u00b0C olmak \u00fczere geni\u015f bir s\u0131cakl\u0131k aral\u0131\u011f\u0131nda istikrarl\u0131 performans\u0131n\u0131 korur.<\/p>\n<p>&nbsp;<\/p>\n<p><strong><b>E<\/b><\/strong><strong><b>yenilenmek i\u00e7in asy<\/b><\/strong><\/p>\n<p>Adsorpsiyon kapasitesi \u0131s\u0131tma, suyla y\u0131kama vb. yollarla geri kazan\u0131labilir ve tekrar kullan\u0131labilir.<\/p>\n<p>&nbsp;<\/p>\n<p><strong><b>G<\/b><\/strong><strong><b>i\u0307yi\u0307 esnekli\u0307k<\/b><\/strong><\/p>\n<p>Bu, \u00e7e\u015fitli \u015fekillerde i\u015flenmesini kolayla\u015ft\u0131r\u0131r. \u00d6zel gereksinimlerinize g\u00f6re, spesifikasyon standartlar\u0131n\u0131z\u0131 kar\u015f\u0131lamak i\u00e7in i\u015flenecektir.<\/p>\n<p>&nbsp;<\/p>\n<p>Ayr\u0131ca, viskon bazl\u0131 aktif karbon elyaflar\u0131, poliakrilonitril bazl\u0131 aktif karbon elyaflar\u0131, fenolik bazl\u0131 aktif karbon elyaflar\u0131 veya di\u011fer aktif karbon elyaf t\u00fcrlerini de se\u00e7ebilirsiniz.<\/p>\n<p>&nbsp;<\/p>\n<p><strong><b>E<\/b><\/strong><strong><b>m\u00fckemmel elektrik iletkenli\u011fi<\/b><\/strong><\/p>\n<p>Elektriksel iletkenlik gerektiren senaryolarda kullan\u0131labilen a\u011f\u0131r metal iyonlar\u0131 i\u00e7in iyi adsorpsiyon yeteneklerine sahiptir.<\/p>\n<p><strong><b>\u00a0<\/b><\/strong><\/p>\n<h2>Aktif karbon elyaf\u0131n kullan\u0131m alanlar\u0131<\/h2>\n<p><strong><b>\u00c7evresel ar\u0131tma alan\u0131 <\/b><\/strong><\/p>\n<p><strong><b>Hava temizleme<\/b><\/strong><\/p>\n<p>Havadaki formaldehit, benzen ve TVOC gibi zararl\u0131 gazlar\u0131 adsorbe edebilir, bu da hava kalitesini etkili bir \u015fekilde art\u0131rabilir. B\u00f6ylece i\u00e7 mekan hava temizleyicilerinde, araba klima filtrelerinde, end\u00fcstriyel at\u0131k gaz ar\u0131tma ekipmanlar\u0131nda vb. kullanabilirsiniz.<\/p>\n<p><strong><b>\u00a0<\/b><\/strong><\/p>\n<p><strong><b>Su ar\u0131tma<\/b><\/strong><\/p>\n<p>Organik maddeleri etkili bir \u015fekilde temizleyebilir, <a href=\"https:\/\/www.sciencedirect.com\/topics\/engineering\/heavy-metal-ion\" target=\"_blank\" rel=\"noopener\">a\u011f\u0131r metal iyonlar\u0131<\/a>, kokular\u0131 ve pigmentleri sudan ar\u0131nd\u0131r\u0131r. B\u00f6ylece i\u00e7me suyu ar\u0131tma, end\u00fcstriyel at\u0131k su ar\u0131tma ve kanalizasyon ar\u0131tma senaryolar\u0131nda uygulayabilirsiniz.<\/p>\n<p>&nbsp;<\/p>\n<p><strong><b>Koruma alan\u0131 <\/b><\/strong><\/p>\n<p>Gaz maskeleri ve koruyucu giysiler i\u00e7in temel filtre malzemesi olarak, zehirli gazlar\u0131, buharlar\u0131 ve partik\u00fclleri h\u0131zla adsorbe edebilir. Bu nedenle, kimya ve askeri end\u00fcstrilerdeki gibi tehlikeli ortamlarda personelin g\u00fcvenli\u011fini koruyabilir.<\/p>\n<p>&nbsp;<\/p>\n<p><strong><b>Enerji sekt\u00f6r\u00fc <\/b><\/strong><\/p>\n<p>G\u00f6zenekli yap\u0131s\u0131 ve iletkenli\u011fi nedeniyle s\u00fcperkapasit\u00f6rler ve lityum iyon piller i\u00e7in elektrot malzemesi olarak kullanabilirsiniz. Pilin depolama kapasitesini art\u0131rabilir ve \u015farj ve de\u015farj verimlili\u011fini art\u0131rabilir.<\/p>\n<p>&nbsp;<\/p>\n<p><strong><b>T\u0131bbi alan<\/b><\/strong><\/p>\n<p>Kandaki toksinleri adsorbe etmek i\u00e7in kan ar\u0131tma cihazlar\u0131nda kullanabilirsiniz. Ayr\u0131ca, yaralardan s\u0131zan zararl\u0131 maddeleri adsorbe edebilir ve iyile\u015fmeyi te\u015fvik edebilir, bu da antibakteriyel yara \u00f6rt\u00fcleri haline getirilebilir.<\/p>\n<p><strong><b>\u00a0<\/b><\/strong><\/p>\n<p><strong><b>End\u00fcstriyel sekt\u00f6r <\/b><\/strong><\/p>\n<p><strong><b>Solvent geri kazan\u0131m\u0131<\/b><\/strong><\/p>\n<p>Kimyasal \u00fcretimde, aseton ve etanol gibi organik \u00e7\u00f6z\u00fcc\u00fcleri geri kazanarak kaynaklar\u0131n geri d\u00f6n\u00fc\u015f\u00fcm\u00fcn\u00fc ve yeniden kullan\u0131m\u0131n\u0131 sa\u011flayabilir.<\/p>\n<p>&nbsp;<\/p>\n<p><strong><b>Kataliz\u00f6r deste\u011fi<\/b><\/strong><\/p>\n<p>Kataliz\u00f6rler i\u00e7in destek olarak kullan\u0131ld\u0131\u011f\u0131nda, g\u00f6zenekli yap\u0131s\u0131 katalitik reaksiyonlar\u0131n verimlili\u011fini art\u0131rmak i\u00e7in kullan\u0131l\u0131r.<\/p>","protected":false},"excerpt":{"rendered":"<p>Aktif karbon elyaf, elyaf benzeri malzemelerden (poliakrilonitril, fenolik re\u00e7ine, viskoz elyaf vb.) \u00fcretilen g\u00f6zenekli bir karbon malzemedir. Karbonizasyon ve aktivasyon gibi i\u015flemlerle yap\u0131l\u0131r ve ACF olarak k\u0131salt\u0131l\u0131r. Son derece geni\u015f spesifik y\u00fczey alan\u0131na, bol miktarda mikro g\u00f6zenekli yap\u0131ya ve m\u00fckemmel adsorpsiyon performans\u0131na sahiptir. Bu nedenle \u00e7evre koruma ve ar\u0131tma gibi \u00e7e\u015fitli alanlarda y\u00fcksek uygulama de\u011feri g\u00f6sterir. \u00c7e\u015fitli hassas ay\u0131rma ve safla\u015ft\u0131rma ihtiya\u00e7lar\u0131n\u0131 kar\u015f\u0131layabilen y\u00fcksek performansl\u0131 bir fonksiyonel adsorpsiyon malzemesidir. \u00d6rne\u011fin, gaz maskelerinde toksik gazlar\u0131 h\u0131zl\u0131 bir \u015fekilde adsorbe edebilir, su ar\u0131t\u0131m\u0131nda eser kirleticileri verimli bir \u015fekilde giderebilir.<\/p>","protected":false},"featured_media":8081,"template":"","meta":[],"product_brand":[],"product_cat":[39],"product_tag":[],"class_list":{"0":"post-8016","1":"product","2":"type-product","3":"status-publish","4":"has-post-thumbnail","6":"product_cat-carbon-products","8":"first","9":"instock","10":"shipping-taxable","11":"product-type-simple"},"yoast_head":"<!-- This site is optimized with the Yoast SEO Premium plugin v19.2.1 (Yoast SEO v25.3) - https:\/\/yoast.com\/wordpress\/plugins\/seo\/ -->\n<title>Activated Carbon Fiber | Jinsun Carbon<\/title>\n<meta name=\"robots\" content=\"index, follow, max-snippet:-1, max-image-preview:large, max-video-preview:-1\" \/>\n<link rel=\"canonical\" href=\"https:\/\/jinsuncarbon.com\/tr\/urun\/akti\u0307f-karbon-elyaf\/\" \/>\n<meta property=\"og:locale\" content=\"tr_TR\" \/>\n<meta property=\"og:type\" content=\"article\" \/>\n<meta property=\"og:title\" content=\"Activated Carbon Fiber\" \/>\n<meta property=\"og:description\" content=\"Activated carbon fiber is a porous carbon material produced from fiber-like materials (such as polyacrylonitrile, phenolic resin, viscose fiber, etc.). It is made through processes such as carbonization and activation and is abbreviated as ACF. And it has extremely large specific surface area, abundant microporous structure, and excellent adsorption performance. So it demonstrates high application value in various fields such as environmental protection and purification. It is a highly performing functional adsorption material, which can meet the needs of various precise separation and purification. For example, in gas masks, it can quickly adsorb toxic gases, in water treatment, it can efficiently remove trace pollutants.\" \/>\n<meta property=\"og:url\" content=\"https:\/\/jinsuncarbon.com\/tr\/urun\/akti\u0307f-karbon-elyaf\/\" \/>\n<meta property=\"og:site_name\" content=\"Jinsun Carbon\" \/>\n<meta property=\"article:publisher\" content=\"https:\/\/www.facebook.com\/Graphite-Electrode-109336238661595\" \/>\n<meta property=\"article:modified_time\" content=\"2025-09-25T07:43:07+00:00\" \/>\n<meta property=\"og:image\" content=\"https:\/\/jinsuncarbon.com\/wp-content\/uploads\/2025\/08\/Activated-carbon-fiber.png\" \/>\n\t<meta property=\"og:image:width\" content=\"936\" \/>\n\t<meta property=\"og:image:height\" content=\"852\" \/>\n\t<meta property=\"og:image:type\" content=\"image\/png\" \/>\n<meta name=\"twitter:card\" content=\"summary_large_image\" \/>\n<meta name=\"twitter:site\" content=\"@jinsuncarbon_\" \/>\n<meta name=\"twitter:label1\" content=\"Tahmini okuma s\u00fcresi\" \/>\n\t<meta name=\"twitter:data1\" content=\"3 dakika\" \/>\n<script type=\"application\/ld+json\" class=\"yoast-schema-graph\">{\"@context\":\"https:\/\/schema.org\",\"@graph\":[{\"@type\":\"WebPage\",\"@id\":\"https:\/\/jinsuncarbon.com\/product\/activated-carbon-fiber\/\",\"url\":\"https:\/\/jinsuncarbon.com\/product\/activated-carbon-fiber\/\",\"name\":\"Activated Carbon Fiber | Jinsun Carbon\",\"isPartOf\":{\"@id\":\"https:\/\/jinsuncarbon.com\/#website\"},\"primaryImageOfPage\":{\"@id\":\"https:\/\/jinsuncarbon.com\/product\/activated-carbon-fiber\/#primaryimage\"},\"image\":{\"@id\":\"https:\/\/jinsuncarbon.com\/product\/activated-carbon-fiber\/#primaryimage\"},\"thumbnailUrl\":\"https:\/\/jinsuncarbon.com\/wp-content\/uploads\/2025\/08\/Activated-carbon-fiber.png\",\"datePublished\":\"2025-09-25T07:43:05+00:00\",\"dateModified\":\"2025-09-25T07:43:07+00:00\",\"breadcrumb\":{\"@id\":\"https:\/\/jinsuncarbon.com\/product\/activated-carbon-fiber\/#breadcrumb\"},\"inLanguage\":\"tr\",\"potentialAction\":[{\"@type\":\"ReadAction\",\"target\":[\"https:\/\/jinsuncarbon.com\/product\/activated-carbon-fiber\/\"]}]},{\"@type\":\"ImageObject\",\"inLanguage\":\"tr\",\"@id\":\"https:\/\/jinsuncarbon.com\/product\/activated-carbon-fiber\/#primaryimage\",\"url\":\"https:\/\/jinsuncarbon.com\/wp-content\/uploads\/2025\/08\/Activated-carbon-fiber.png\",\"contentUrl\":\"https:\/\/jinsuncarbon.com\/wp-content\/uploads\/2025\/08\/Activated-carbon-fiber.png\",\"width\":936,\"height\":852,\"caption\":\"Activated carbon fiber\"},{\"@type\":\"BreadcrumbList\",\"@id\":\"https:\/\/jinsuncarbon.com\/product\/activated-carbon-fiber\/#breadcrumb\",\"itemListElement\":[{\"@type\":\"ListItem\",\"position\":1,\"name\":\"Home\",\"item\":\"https:\/\/jinsuncarbon.com\/\"},{\"@type\":\"ListItem\",\"position\":2,\"name\":\"Products\",\"item\":\"https:\/\/jinsuncarbon.com\/graphite-carbon\/\"},{\"@type\":\"ListItem\",\"position\":3,\"name\":\"Activated Carbon Fiber\"}]},{\"@type\":\"WebSite\",\"@id\":\"https:\/\/jinsuncarbon.com\/#website\",\"url\":\"https:\/\/jinsuncarbon.com\/\",\"name\":\"Jinsun Carbon\",\"description\":\"We are the successful graphite electrode manufacturer in China\",\"publisher\":{\"@id\":\"https:\/\/jinsuncarbon.com\/#organization\"},\"potentialAction\":[{\"@type\":\"SearchAction\",\"target\":{\"@type\":\"EntryPoint\",\"urlTemplate\":\"https:\/\/jinsuncarbon.com\/?s={search_term_string}\"},\"query-input\":{\"@type\":\"PropertyValueSpecification\",\"valueRequired\":true,\"valueName\":\"search_term_string\"}}],\"inLanguage\":\"tr\"},{\"@type\":\"Organization\",\"@id\":\"https:\/\/jinsuncarbon.com\/#organization\",\"name\":\"Jinsun Carbon\",\"alternateName\":\"Jinsun Carbon\",\"url\":\"https:\/\/jinsuncarbon.com\/\",\"logo\":{\"@type\":\"ImageObject\",\"inLanguage\":\"tr\",\"@id\":\"https:\/\/jinsuncarbon.com\/#\/schema\/logo\/image\/\",\"url\":\"https:\/\/jinsuncarbon.com\/wp-content\/uploads\/2022\/12\/LOGO-1.png\",\"contentUrl\":\"https:\/\/jinsuncarbon.com\/wp-content\/uploads\/2022\/12\/LOGO-1.png\",\"width\":207,\"height\":80,\"caption\":\"Jinsun Carbon\"},\"image\":{\"@id\":\"https:\/\/jinsuncarbon.com\/#\/schema\/logo\/image\/\"},\"sameAs\":[\"https:\/\/www.facebook.com\/Graphite-Electrode-109336238661595\",\"https:\/\/x.com\/jinsuncarbon_\",\"https:\/\/www.linkedin.com\/in\/jinsungraphite\",\"https:\/\/www.youtube.com\/channel\/UCysDNyvyR5-3cCWEmpkVC0g\"]}]}<\/script>\n<!-- \/ Yoast SEO Premium plugin. -->","yoast_head_json":{"title":"Aktif Karbon Elyaf | Jinsun Carbon","robots":{"index":"index","follow":"follow","max-snippet":"max-snippet:-1","max-image-preview":"max-image-preview:large","max-video-preview":"max-video-preview:-1"},"canonical":"https:\/\/jinsuncarbon.com\/tr\/urun\/akti\u0307f-karbon-elyaf\/","og_locale":"tr_TR","og_type":"article","og_title":"Activated Carbon Fiber","og_description":"Activated carbon fiber is a porous carbon material produced from fiber-like materials (such as polyacrylonitrile, phenolic resin, viscose fiber, etc.). It is made through processes such as carbonization and activation and is abbreviated as ACF. And it has extremely large specific surface area, abundant microporous structure, and excellent adsorption performance. So it demonstrates high application value in various fields such as environmental protection and purification. It is a highly performing functional adsorption material, which can meet the needs of various precise separation and purification. For example, in gas masks, it can quickly adsorb toxic gases, in water treatment, it can efficiently remove trace pollutants.","og_url":"https:\/\/jinsuncarbon.com\/tr\/urun\/akti\u0307f-karbon-elyaf\/","og_site_name":"Jinsun Carbon","article_publisher":"https:\/\/www.facebook.com\/Graphite-Electrode-109336238661595","article_modified_time":"2025-09-25T07:43:07+00:00","og_image":[{"width":936,"height":852,"url":"https:\/\/jinsuncarbon.com\/wp-content\/uploads\/2025\/08\/Activated-carbon-fiber.png","type":"image\/png"}],"twitter_card":"summary_large_image","twitter_site":"@jinsuncarbon_","twitter_misc":{"Tahmini okuma s\u00fcresi":"3 dakika"},"schema":{"@context":"https:\/\/schema.org","@graph":[{"@type":"WebPage","@id":"https:\/\/jinsuncarbon.com\/product\/activated-carbon-fiber\/","url":"https:\/\/jinsuncarbon.com\/product\/activated-carbon-fiber\/","name":"Aktif Karbon Elyaf | Jinsun Carbon","isPartOf":{"@id":"https:\/\/jinsuncarbon.com\/#website"},"primaryImageOfPage":{"@id":"https:\/\/jinsuncarbon.com\/product\/activated-carbon-fiber\/#primaryimage"},"image":{"@id":"https:\/\/jinsuncarbon.com\/product\/activated-carbon-fiber\/#primaryimage"},"thumbnailUrl":"https:\/\/jinsuncarbon.com\/wp-content\/uploads\/2025\/08\/Activated-carbon-fiber.png","datePublished":"2025-09-25T07:43:05+00:00","dateModified":"2025-09-25T07:43:07+00:00","breadcrumb":{"@id":"https:\/\/jinsuncarbon.com\/product\/activated-carbon-fiber\/#breadcrumb"},"inLanguage":"tr","potentialAction":[{"@type":"ReadAction","target":["https:\/\/jinsuncarbon.com\/product\/activated-carbon-fiber\/"]}]},{"@type":"ImageObject","inLanguage":"tr","@id":"https:\/\/jinsuncarbon.com\/product\/activated-carbon-fiber\/#primaryimage","url":"https:\/\/jinsuncarbon.com\/wp-content\/uploads\/2025\/08\/Activated-carbon-fiber.png","contentUrl":"https:\/\/jinsuncarbon.com\/wp-content\/uploads\/2025\/08\/Activated-carbon-fiber.png","width":936,"height":852,"caption":"Activated carbon fiber"},{"@type":"BreadcrumbList","@id":"https:\/\/jinsuncarbon.com\/product\/activated-carbon-fiber\/#breadcrumb","itemListElement":[{"@type":"ListItem","position":1,"name":"Home","item":"https:\/\/jinsuncarbon.com\/"},{"@type":"ListItem","position":2,"name":"Products","item":"https:\/\/jinsuncarbon.com\/graphite-carbon\/"},{"@type":"ListItem","position":3,"name":"Activated Carbon Fiber"}]},{"@type":"WebSite","@id":"https:\/\/jinsuncarbon.com\/#website","url":"https:\/\/jinsuncarbon.com\/","name":"Jinsun Karbon","description":"\u00c7in'deki ba\u015far\u0131l\u0131 grafit elektrot \u00fcreticisiyiz","publisher":{"@id":"https:\/\/jinsuncarbon.com\/#organization"},"potentialAction":[{"@type":"SearchAction","target":{"@type":"EntryPoint","urlTemplate":"https:\/\/jinsuncarbon.com\/?s={search_term_string}"},"query-input":{"@type":"PropertyValueSpecification","valueRequired":true,"valueName":"search_term_string"}}],"inLanguage":"tr"},{"@type":"Organization","@id":"https:\/\/jinsuncarbon.com\/#organization","name":"Jinsun Karbon","alternateName":"Jinsun Carbon","url":"https:\/\/jinsuncarbon.com\/","logo":{"@type":"ImageObject","inLanguage":"tr","@id":"https:\/\/jinsuncarbon.com\/#\/schema\/logo\/image\/","url":"https:\/\/jinsuncarbon.com\/wp-content\/uploads\/2022\/12\/LOGO-1.png","contentUrl":"https:\/\/jinsuncarbon.com\/wp-content\/uploads\/2022\/12\/LOGO-1.png","width":207,"height":80,"caption":"Jinsun Carbon"},"image":{"@id":"https:\/\/jinsuncarbon.com\/#\/schema\/logo\/image\/"},"sameAs":["https:\/\/www.facebook.com\/Graphite-Electrode-109336238661595","https:\/\/x.com\/jinsuncarbon_","https:\/\/www.linkedin.com\/in\/jinsungraphite","https:\/\/www.youtube.com\/channel\/UCysDNyvyR5-3cCWEmpkVC0g"]}]}},"_links":{"self":[{"href":"https:\/\/jinsuncarbon.com\/tr\/wp-json\/wp\/v2\/product\/8016","targetHints":{"allow":["GET"]}}],"collection":[{"href":"https:\/\/jinsuncarbon.com\/tr\/wp-json\/wp\/v2\/product"}],"about":[{"href":"https:\/\/jinsuncarbon.com\/tr\/wp-json\/wp\/v2\/types\/product"}],"wp:featuredmedia":[{"embeddable":true,"href":"https:\/\/jinsuncarbon.com\/tr\/wp-json\/wp\/v2\/media\/8081"}],"wp:attachment":[{"href":"https:\/\/jinsuncarbon.com\/tr\/wp-json\/wp\/v2\/media?parent=8016"}],"wp:term":[{"taxonomy":"product_brand","embeddable":true,"href":"https:\/\/jinsuncarbon.com\/tr\/wp-json\/wp\/v2\/product_brand?post=8016"},{"taxonomy":"product_cat","embeddable":true,"href":"https:\/\/jinsuncarbon.com\/tr\/wp-json\/wp\/v2\/product_cat?post=8016"},{"taxonomy":"product_tag","embeddable":true,"href":"https:\/\/jinsuncarbon.com\/tr\/wp-json\/wp\/v2\/product_tag?post=8016"}],"curies":[{"name":"wp","href":"https:\/\/api.w.org\/{rel}","templated":true}]}}