{"id":8015,"date":"2025-08-02T00:04:39","date_gmt":"2025-08-02T00:04:39","guid":{"rendered":"https:\/\/jinsuncarbon.com\/?post_type=product&#038;p=8015"},"modified":"2025-08-02T00:04:40","modified_gmt":"2025-08-02T00:04:40","slug":"grafit-yikayici","status":"publish","type":"product","link":"https:\/\/jinsuncarbon.com\/tr\/urun\/grafit-yikayici\/","title":{"rendered":"Grafit Y\u0131kay\u0131c\u0131"},"content":{"rendered":"<h2>Grafit y\u0131kay\u0131c\u0131n\u0131n avantajlar\u0131<\/h2>\n<p><strong><b>\u00dcst\u00fcn termal stabilite<\/b><\/strong><strong><b>y<\/b><\/strong><\/p>\n<p>A\u015f\u0131r\u0131 s\u0131cakl\u0131k ortamlar\u0131 i\u00e7in uygun olan -200\u00b0C ila 600\u00b0C gibi geni\u015f bir s\u0131cakl\u0131k aral\u0131\u011f\u0131nda istikrarl\u0131 performans\u0131 koruyabilir.<\/p>\n<p>&nbsp;<\/p>\n<p><strong><b>Kimyasal inertlik<\/b><\/strong><\/p>\n<p>\u00c7o\u011fu asit, baz ve organik \u00e7\u00f6z\u00fcc\u00fcye kar\u015f\u0131 m\u00fckemmel korozyon direnci g\u00f6sterir.<\/p>\n<p>&nbsp;<\/p>\n<p><strong><b>Kendi kendini ya\u011flama<\/b><\/strong><\/p>\n<p>S\u00fcrt\u00fcnme katsay\u0131s\u0131 d\u00fc\u015f\u00fckt\u00fcr, bu da s\u0131zd\u0131rmazl\u0131k y\u00fczeylerindeki a\u015f\u0131nmay\u0131 azaltabilir ve hizmet \u00f6mr\u00fcn\u00fc uzatabilir.<\/p>\n<p>&nbsp;<\/p>\n<p><strong><b>\u0130yi esneklik<\/b><\/strong><\/p>\n<p>S\u0131k\u0131\u015ft\u0131r\u0131lmas\u0131 ve geri tepmesi kolayd\u0131r, d\u00fcz olmayan s\u0131zd\u0131rmazl\u0131k y\u00fczeylerine uyum sa\u011flayabilir, b\u00f6ylece s\u0131k\u0131 bir uyum sa\u011flar.<\/p>\n<p>&nbsp;<\/p>\n<p><strong><b>Y\u00fcksek s\u0131zd\u0131rmazl\u0131k performans\u0131<\/b><\/strong><\/p>\n<p>Y\u00fcksek bas\u0131n\u00e7 veya vakum ko\u015fullar\u0131 alt\u0131nda hala iyi s\u0131zd\u0131rmazl\u0131k etkisini koruyabilir.<\/p>\n<p>&nbsp;<\/p>\n<p><strong><b>Termal ve elektriksel iletkenlik<\/b><\/strong><\/p>\n<p>Is\u0131 ve ak\u0131m\u0131 h\u0131zl\u0131 bir \u015fekilde iletebilir ve \u0131s\u0131 y\u00f6netimi veya elektrik iletkenli\u011fi gerektiren s\u0131zd\u0131rmazl\u0131k senaryolar\u0131 i\u00e7in uygundur.<\/p>\n<p>&nbsp;<\/p>\n<h2>Grafit y\u0131kay\u0131c\u0131 \u00e7e\u015fitleri<\/h2>\n<p><strong><b>Safl\u0131\u011fa g\u00f6re s\u0131n\u0131fland\u0131r\u0131lm\u0131\u015f<\/b><\/strong><\/p>\n<p><strong><b>Standart safl\u0131kta grafit <\/b><\/strong><strong><b>y\u0131kay\u0131c\u0131<\/b><\/strong><\/p>\n<p>Karbon i\u00e7eri\u011fi yakla\u015f\u0131k 99%'dir, bu nedenle borular, vanalar vb. gibi genel end\u00fcstriyel s\u0131zd\u0131rmazl\u0131k gereksinimleri i\u00e7in uygundur.<\/p>\n<p>&nbsp;<\/p>\n<p><strong><b>Y\u00fcksek safl\u0131kta grafit <\/b><\/strong><strong><b>y\u0131kay\u0131c\u0131<\/b><\/strong><\/p>\n<p>Karbon i\u00e7eri\u011fi 99,5%'nin \u00fczerindedir ve yar\u0131 iletkenler gibi son derece y\u00fcksek safl\u0131k gereksinimleri olan alanlar i\u00e7in kullan\u0131labilir.<\/p>\n<p>&nbsp;<\/p>\n<p><strong><b>\u015eekle g\u00f6re s\u0131n\u0131fland\u0131r\u0131lm\u0131\u015f<\/b><\/strong><\/p>\n<p><strong><b>D\u00fcz<\/b><\/strong><strong><b>\u00a0<\/b><\/strong><strong><b>grafit <\/b><\/strong><strong><b>y\u0131kay\u0131c\u0131<\/b><\/strong><\/p>\n<p>Bu, flan\u015flar\u0131n, pompalar\u0131n, vanalar\u0131n vb. statik s\u0131zd\u0131rmazl\u0131\u011f\u0131 i\u00e7in uygun olan en yayg\u0131n dairesel rondelad\u0131r.<\/p>\n<p><strong><b>G<\/b><\/strong><strong><b>RAF\u0130T <\/b><\/strong><strong><b>y\u0131kay\u0131c\u0131<\/b><\/strong><strong><b>\u00a0g\u00f6m\u00fcl\u00fc yap\u0131 ile<\/b><\/strong><\/p>\n<p>Metal takviyeli grafit rondela gibi, metal bir \u00e7er\u00e7eveyi birle\u015ftirerek mukavemeti ve bas\u0131n\u00e7 direncini art\u0131r\u0131r.<\/p>\n<p>&nbsp;<\/p>\n<p><strong><b>\u00d6zel \u015fekilli<\/b><\/strong><strong><b>\u00a0<\/b><\/strong><strong><b>grafit<\/b><\/strong><strong><b>\u00a0y\u0131kay\u0131c\u0131<\/b><\/strong><\/p>\n<p>Dikd\u00f6rtgen, eliptik vb. gibi ekipman gereksinimlerine g\u00f6re belirli \u015fekillerde \u00f6zelle\u015ftirebilirsiniz.<\/p>\n<p>&nbsp;<\/p>\n<h2>Grafit y\u0131kay\u0131c\u0131n\u0131n kullan\u0131m alanlar\u0131<\/h2>\n<p><strong><b>Kimya end\u00fcstrisi<\/b><\/strong><\/p>\n<p>M\u00fckemmel korozyon direnci ile, \u00fcretim g\u00fcvenli\u011fini ve ekipman stabilitesini sa\u011flayan orta s\u0131z\u0131nt\u0131y\u0131 etkili bir \u015fekilde \u00f6nleyebilir.<\/p>\n<p>&nbsp;<\/p>\n<p><strong><b>Enerji end\u00fcstrisi<\/b><\/strong><\/p>\n<p><strong><b>Petrol ta\u015f\u0131ma boru hatlar\u0131nda<\/b><\/strong><\/p>\n<p>Ham petrol ve y\u00fcksek bas\u0131n\u00e7l\u0131 ortamlar\u0131n korozyonuna direnmek i\u00e7in flan\u015f s\u0131zd\u0131rmazl\u0131k bile\u015fenleri olarak grafit rondela kullanabilirsiniz. B\u00f6ylece ta\u015f\u0131ma sisteminin s\u0131zd\u0131rmazl\u0131\u011f\u0131 sa\u011flan\u0131r.<\/p>\n<p>&nbsp;<\/p>\n<p><strong><b>\u0130\u00e7inde n<\/b><\/strong><strong><b>atural gaz eki\u0307pmanlari <\/b><\/strong><\/p>\n<p>Y\u00fcksek s\u0131cakl\u0131k ve y\u00fcksek bas\u0131n\u00e7 direnci \u00f6zelliklerine sahiptir, bu nedenle aray\u00fcz s\u0131zd\u0131rmazl\u0131\u011f\u0131 i\u00e7in de kullanabilirsiniz. Do\u011fal gaz depolama tanklar\u0131nda ve kompres\u00f6rlerde, ekipman\u0131n operasyonel g\u00fcvenli\u011fini art\u0131rmaya yard\u0131mc\u0131 olabilir.<\/p>\n<p>&nbsp;<\/p>\n<p><strong><b>Mekanik end\u00fcstrisi<\/b><\/strong><\/p>\n<p><strong><b>Boru hatt\u0131 s\u0131zd\u0131rmazl\u0131\u011f\u0131<\/b><\/strong><\/p>\n<p>M\u00fckemmel s\u0131zd\u0131rmazl\u0131k performans\u0131, termal direnci ve esnekli\u011fi nedeniyle boru hatlar\u0131, pompalar, vanalar vb. s\u0131zd\u0131rmazl\u0131k bile\u015fenlerinin \u00fcretimi i\u00e7in ideal bir malzemedir. S\u0131v\u0131 ve gaz s\u0131z\u0131nt\u0131s\u0131n\u0131 etkili bir \u015fekilde \u00f6nleyen otomobil, enerji ve ka\u011f\u0131t yap\u0131m\u0131 gibi end\u00fcstrilerde kullanabilirsiniz.<\/p>\n<p>&nbsp;<\/p>\n<p><strong><b>Ekipman aray\u00fcz s\u0131zd\u0131rmazl\u0131\u011f\u0131<\/b><\/strong><\/p>\n<p>\u0130yi s\u0131k\u0131\u015ft\u0131rma ve geri tepme performans\u0131 nedeniyle, \u00e7e\u015fitli mekanik ekipman aray\u00fczleri i\u00e7in s\u0131zd\u0131rmazl\u0131k bile\u015fenleri olarak dava edebilirsiniz. Titre\u015fim ve bas\u0131n\u00e7 de\u011fi\u015fikliklerinin neden oldu\u011fu s\u0131z\u0131nt\u0131y\u0131 azaltabilir ve mekanik \u00e7al\u0131\u015fma verimlili\u011fini art\u0131rabilir.<\/p>\n<p>&nbsp;<\/p>\n<p><strong><b>G\u0131da ve ila\u00e7 end\u00fcstrisi<\/b><\/strong><\/p>\n<p><strong><b>Reakt\u00f6r kab\u0131 s\u0131zd\u0131rmazl\u0131\u011f\u0131<\/b><\/strong><\/p>\n<p>G\u00fc\u00e7l\u00fc kimyasal inertli\u011fi nedeniyle g\u0131da ve farmas\u00f6tik reakt\u00f6rler i\u00e7in s\u0131zd\u0131rmazl\u0131k malzemesi olarak kullanabilirsiniz. Malzemeleri kirletmez, bu nedenle \u00fcr\u00fcn safl\u0131\u011f\u0131n\u0131 sa\u011flayabilir ve ekipman\u0131n hizmet \u00f6mr\u00fcn\u00fc uzatabilir.<\/p>\n<p>&nbsp;<\/p>\n<p><strong><b>So\u011futma end\u00fcstrisi<\/b><\/strong><\/p>\n<p><strong><b>So\u011futma ekipman\u0131 s\u0131zd\u0131rmazl\u0131\u011f\u0131<\/b><\/strong><\/p>\n<p>So\u011futma sistemlerinde d\u00fc\u015f\u00fck s\u0131cakl\u0131klara, so\u011futucu ak\u0131\u015fkanlar\u0131n kimyasal \u00f6zelliklerine ve di\u011fer zorlu ortamlara dayanabilir. So\u011futma sisteminin verimlili\u011fini ve kararl\u0131l\u0131\u011f\u0131n\u0131 art\u0131rmak i\u00e7in borular ve bile\u015fenler i\u00e7in s\u0131zd\u0131rmazl\u0131k bile\u015fenleri olarak kullanabilirsiniz.<\/p>","protected":false},"excerpt":{"rendered":"<p>Grafit rondela, karbon bazl\u0131 rondela olarak da adland\u0131r\u0131lan, \u00e7ekirdek malzeme olarak grafitten yap\u0131lm\u0131\u015f halka \u015feklinde bir s\u0131zd\u0131rmazl\u0131k bile\u015fenidir. Do\u011fal grafit veya y\u00fcksek safl\u0131kta yapay grafitten presleme, kesme ve di\u011fer i\u015flemlerle \u00fcretilir ve baz\u0131 \u00fcr\u00fcnler genel mukavemeti art\u0131rmak i\u00e7in metal astarlar i\u00e7erebilir. Statik s\u0131zd\u0131rmazl\u0131k gereksinimleri i\u00e7in son derece uygun olan ola\u011fan\u00fcst\u00fc s\u0131zd\u0131rmazl\u0131k performans\u0131, s\u0131cakl\u0131k direnci, korozyon direnci ve kimyasal stabiliteye sahiptir.<\/p>","protected":false},"featured_media":0,"template":"","meta":[],"product_brand":[],"product_cat":[38],"product_tag":[],"class_list":{"0":"post-8015","1":"product","2":"type-product","3":"status-publish","5":"product_cat-graphite-products","7":"first","8":"instock","9":"shipping-taxable","10":"product-type-simple"},"yoast_head":"<!-- This site is optimized with the Yoast SEO Premium plugin v19.2.1 (Yoast SEO v25.3) - https:\/\/yoast.com\/wordpress\/plugins\/seo\/ -->\n<title>Graphite Washer | Jinsun Carbon<\/title>\n<meta name=\"robots\" content=\"index, follow, max-snippet:-1, max-image-preview:large, max-video-preview:-1\" \/>\n<link rel=\"canonical\" href=\"https:\/\/jinsuncarbon.com\/tr\/urun\/grafit-yikayici\/\" \/>\n<meta property=\"og:locale\" content=\"tr_TR\" \/>\n<meta property=\"og:type\" content=\"article\" \/>\n<meta property=\"og:title\" content=\"Graphite Washer\" \/>\n<meta property=\"og:description\" content=\"Graphite washer\u00a0is a ring-shaped sealing component made of graphite as the core material, which\u00a0is also called carbon-based washer. It\u00a0is manufactured by pressing, cutting and other processes from natural graphite or high-purity artificial graphite, and some products may incorporate metal linings to enhance overall strength. It has\u00a0outstanding sealing performance, temperature resistance, corrosion resistance and chemical stability, which is\u00a0highly suitable for static sealing requirements.\" \/>\n<meta property=\"og:url\" content=\"https:\/\/jinsuncarbon.com\/tr\/urun\/grafit-yikayici\/\" \/>\n<meta property=\"og:site_name\" content=\"Jinsun Carbon\" \/>\n<meta property=\"article:publisher\" content=\"https:\/\/www.facebook.com\/Graphite-Electrode-109336238661595\" \/>\n<meta property=\"article:modified_time\" content=\"2025-08-02T00:04:40+00:00\" \/>\n<meta property=\"og:image\" content=\"https:\/\/jinsuncarbon.com\/wp-content\/uploads\/2022\/12\/1f16999dc0b243ed0868893795772a5.jpg\" \/>\n\t<meta property=\"og:image:width\" content=\"1024\" \/>\n\t<meta property=\"og:image:height\" content=\"777\" \/>\n\t<meta property=\"og:image:type\" content=\"image\/jpeg\" \/>\n<meta name=\"twitter:card\" content=\"summary_large_image\" \/>\n<meta name=\"twitter:site\" content=\"@jinsuncarbon_\" \/>\n<meta name=\"twitter:label1\" content=\"Tahmini okuma s\u00fcresi\" \/>\n\t<meta name=\"twitter:data1\" content=\"3 dakika\" \/>\n<script type=\"application\/ld+json\" class=\"yoast-schema-graph\">{\"@context\":\"https:\/\/schema.org\",\"@graph\":[{\"@type\":\"WebPage\",\"@id\":\"https:\/\/jinsuncarbon.com\/product\/graphite-washer\/\",\"url\":\"https:\/\/jinsuncarbon.com\/product\/graphite-washer\/\",\"name\":\"Graphite Washer | Jinsun Carbon\",\"isPartOf\":{\"@id\":\"https:\/\/jinsuncarbon.com\/#website\"},\"datePublished\":\"2025-08-02T00:04:39+00:00\",\"dateModified\":\"2025-08-02T00:04:40+00:00\",\"breadcrumb\":{\"@id\":\"https:\/\/jinsuncarbon.com\/product\/graphite-washer\/#breadcrumb\"},\"inLanguage\":\"tr\",\"potentialAction\":[{\"@type\":\"ReadAction\",\"target\":[\"https:\/\/jinsuncarbon.com\/product\/graphite-washer\/\"]}]},{\"@type\":\"BreadcrumbList\",\"@id\":\"https:\/\/jinsuncarbon.com\/product\/graphite-washer\/#breadcrumb\",\"itemListElement\":[{\"@type\":\"ListItem\",\"position\":1,\"name\":\"Home\",\"item\":\"https:\/\/jinsuncarbon.com\/\"},{\"@type\":\"ListItem\",\"position\":2,\"name\":\"Products\",\"item\":\"https:\/\/jinsuncarbon.com\/graphite-carbon\/\"},{\"@type\":\"ListItem\",\"position\":3,\"name\":\"Graphite Washer\"}]},{\"@type\":\"WebSite\",\"@id\":\"https:\/\/jinsuncarbon.com\/#website\",\"url\":\"https:\/\/jinsuncarbon.com\/\",\"name\":\"Jinsun Carbon\",\"description\":\"We are the successful graphite electrode manufacturer in China\",\"publisher\":{\"@id\":\"https:\/\/jinsuncarbon.com\/#organization\"},\"potentialAction\":[{\"@type\":\"SearchAction\",\"target\":{\"@type\":\"EntryPoint\",\"urlTemplate\":\"https:\/\/jinsuncarbon.com\/?s={search_term_string}\"},\"query-input\":{\"@type\":\"PropertyValueSpecification\",\"valueRequired\":true,\"valueName\":\"search_term_string\"}}],\"inLanguage\":\"tr\"},{\"@type\":\"Organization\",\"@id\":\"https:\/\/jinsuncarbon.com\/#organization\",\"name\":\"Jinsun Carbon\",\"alternateName\":\"Jinsun Carbon\",\"url\":\"https:\/\/jinsuncarbon.com\/\",\"logo\":{\"@type\":\"ImageObject\",\"inLanguage\":\"tr\",\"@id\":\"https:\/\/jinsuncarbon.com\/#\/schema\/logo\/image\/\",\"url\":\"https:\/\/jinsuncarbon.com\/wp-content\/uploads\/2022\/12\/LOGO-1.png\",\"contentUrl\":\"https:\/\/jinsuncarbon.com\/wp-content\/uploads\/2022\/12\/LOGO-1.png\",\"width\":207,\"height\":80,\"caption\":\"Jinsun Carbon\"},\"image\":{\"@id\":\"https:\/\/jinsuncarbon.com\/#\/schema\/logo\/image\/\"},\"sameAs\":[\"https:\/\/www.facebook.com\/Graphite-Electrode-109336238661595\",\"https:\/\/x.com\/jinsuncarbon_\",\"https:\/\/www.linkedin.com\/in\/jinsungraphite\",\"https:\/\/www.youtube.com\/channel\/UCysDNyvyR5-3cCWEmpkVC0g\"]}]}<\/script>\n<!-- \/ Yoast SEO Premium plugin. -->","yoast_head_json":{"title":"Grafit Y\u0131kay\u0131c\u0131 | Jinsun Carbon","robots":{"index":"index","follow":"follow","max-snippet":"max-snippet:-1","max-image-preview":"max-image-preview:large","max-video-preview":"max-video-preview:-1"},"canonical":"https:\/\/jinsuncarbon.com\/tr\/urun\/grafit-yikayici\/","og_locale":"tr_TR","og_type":"article","og_title":"Graphite Washer","og_description":"Graphite washer\u00a0is a ring-shaped sealing component made of graphite as the core material, which\u00a0is also called carbon-based washer. It\u00a0is manufactured by pressing, cutting and other processes from natural graphite or high-purity artificial graphite, and some products may incorporate metal linings to enhance overall strength. It has\u00a0outstanding sealing performance, temperature resistance, corrosion resistance and chemical stability, which is\u00a0highly suitable for static sealing requirements.","og_url":"https:\/\/jinsuncarbon.com\/tr\/urun\/grafit-yikayici\/","og_site_name":"Jinsun Carbon","article_publisher":"https:\/\/www.facebook.com\/Graphite-Electrode-109336238661595","article_modified_time":"2025-08-02T00:04:40+00:00","og_image":[{"width":1024,"height":777,"url":"https:\/\/jinsuncarbon.com\/wp-content\/uploads\/2022\/12\/1f16999dc0b243ed0868893795772a5.jpg","type":"image\/jpeg"}],"twitter_card":"summary_large_image","twitter_site":"@jinsuncarbon_","twitter_misc":{"Tahmini okuma s\u00fcresi":"3 dakika"},"schema":{"@context":"https:\/\/schema.org","@graph":[{"@type":"WebPage","@id":"https:\/\/jinsuncarbon.com\/product\/graphite-washer\/","url":"https:\/\/jinsuncarbon.com\/product\/graphite-washer\/","name":"Grafit Y\u0131kay\u0131c\u0131 | Jinsun Carbon","isPartOf":{"@id":"https:\/\/jinsuncarbon.com\/#website"},"datePublished":"2025-08-02T00:04:39+00:00","dateModified":"2025-08-02T00:04:40+00:00","breadcrumb":{"@id":"https:\/\/jinsuncarbon.com\/product\/graphite-washer\/#breadcrumb"},"inLanguage":"tr","potentialAction":[{"@type":"ReadAction","target":["https:\/\/jinsuncarbon.com\/product\/graphite-washer\/"]}]},{"@type":"BreadcrumbList","@id":"https:\/\/jinsuncarbon.com\/product\/graphite-washer\/#breadcrumb","itemListElement":[{"@type":"ListItem","position":1,"name":"Home","item":"https:\/\/jinsuncarbon.com\/"},{"@type":"ListItem","position":2,"name":"Products","item":"https:\/\/jinsuncarbon.com\/graphite-carbon\/"},{"@type":"ListItem","position":3,"name":"Graphite Washer"}]},{"@type":"WebSite","@id":"https:\/\/jinsuncarbon.com\/#website","url":"https:\/\/jinsuncarbon.com\/","name":"Jinsun Karbon","description":"\u00c7in'deki ba\u015far\u0131l\u0131 grafit elektrot \u00fcreticisiyiz","publisher":{"@id":"https:\/\/jinsuncarbon.com\/#organization"},"potentialAction":[{"@type":"SearchAction","target":{"@type":"EntryPoint","urlTemplate":"https:\/\/jinsuncarbon.com\/?s={search_term_string}"},"query-input":{"@type":"PropertyValueSpecification","valueRequired":true,"valueName":"search_term_string"}}],"inLanguage":"tr"},{"@type":"Organization","@id":"https:\/\/jinsuncarbon.com\/#organization","name":"Jinsun Karbon","alternateName":"Jinsun Carbon","url":"https:\/\/jinsuncarbon.com\/","logo":{"@type":"ImageObject","inLanguage":"tr","@id":"https:\/\/jinsuncarbon.com\/#\/schema\/logo\/image\/","url":"https:\/\/jinsuncarbon.com\/wp-content\/uploads\/2022\/12\/LOGO-1.png","contentUrl":"https:\/\/jinsuncarbon.com\/wp-content\/uploads\/2022\/12\/LOGO-1.png","width":207,"height":80,"caption":"Jinsun Carbon"},"image":{"@id":"https:\/\/jinsuncarbon.com\/#\/schema\/logo\/image\/"},"sameAs":["https:\/\/www.facebook.com\/Graphite-Electrode-109336238661595","https:\/\/x.com\/jinsuncarbon_","https:\/\/www.linkedin.com\/in\/jinsungraphite","https:\/\/www.youtube.com\/channel\/UCysDNyvyR5-3cCWEmpkVC0g"]}]}},"_links":{"self":[{"href":"https:\/\/jinsuncarbon.com\/tr\/wp-json\/wp\/v2\/product\/8015","targetHints":{"allow":["GET"]}}],"collection":[{"href":"https:\/\/jinsuncarbon.com\/tr\/wp-json\/wp\/v2\/product"}],"about":[{"href":"https:\/\/jinsuncarbon.com\/tr\/wp-json\/wp\/v2\/types\/product"}],"wp:attachment":[{"href":"https:\/\/jinsuncarbon.com\/tr\/wp-json\/wp\/v2\/media?parent=8015"}],"wp:term":[{"taxonomy":"product_brand","embeddable":true,"href":"https:\/\/jinsuncarbon.com\/tr\/wp-json\/wp\/v2\/product_brand?post=8015"},{"taxonomy":"product_cat","embeddable":true,"href":"https:\/\/jinsuncarbon.com\/tr\/wp-json\/wp\/v2\/product_cat?post=8015"},{"taxonomy":"product_tag","embeddable":true,"href":"https:\/\/jinsuncarbon.com\/tr\/wp-json\/wp\/v2\/product_tag?post=8015"}],"curies":[{"name":"wp","href":"https:\/\/api.w.org\/{rel}","templated":true}]}}