{"id":8013,"date":"2025-08-23T07:48:55","date_gmt":"2025-08-23T07:48:55","guid":{"rendered":"https:\/\/jinsuncarbon.com\/?post_type=product&#038;p=8013"},"modified":"2025-08-23T07:48:56","modified_gmt":"2025-08-23T07:48:56","slug":"grafit-tepsi","status":"publish","type":"product","link":"https:\/\/jinsuncarbon.com\/tr\/urun\/grafit-tepsi\/","title":{"rendered":"Grafit Tepsi"},"content":{"rendered":"<h2>Grafit tepsinin avantajlar\u0131<\/h2>\n<p><strong><b>Y\u00fcksek s\u0131cakl\u0131\u011fa dayan\u0131kl\u0131<\/b><\/strong><\/p>\n<p>\u0130nert bir ortamda 2800\u00b0C'nin \u00fczerindeki s\u0131cakl\u0131klara dayanabilir, bu da son derece y\u00fcksek s\u0131cakl\u0131ktaki i\u015fleme ortamlar\u0131na uyum sa\u011flayabilir.<\/p>\n<p>&nbsp;<\/p>\n<p><strong><b>Termal \u015foka kar\u015f\u0131 dayan\u0131kl\u0131<\/b><\/strong><\/p>\n<p>Son derece d\u00fc\u015f\u00fck bir termal genle\u015fme katsay\u0131s\u0131na sahiptir, ani so\u011futma ve \u0131s\u0131tma ortamlar\u0131nda \u00e7atlama veya deforme olma olas\u0131l\u0131\u011f\u0131 d\u00fc\u015f\u00fckt\u00fcr.<\/p>\n<p>&nbsp;<\/p>\n<p><strong><b>\u0130yi <\/b><\/strong><strong><b>kimyasal kararl\u0131l\u0131k<\/b><\/strong><\/p>\n<p>Asitlere, alkalilere ve a\u015f\u0131nd\u0131r\u0131c\u0131 gazlara kar\u015f\u0131 dayan\u0131kl\u0131d\u0131r, y\u00fck ile reaksiyona girmez ve kirlilik kirlili\u011fi yoktur.<\/p>\n<p>&nbsp;<\/p>\n<p><strong><b>D\u00fczg\u00fcn \u0131s\u0131 iletimi<\/b><\/strong><\/p>\n<p>Y\u00fcksek \u0131s\u0131 iletkenli\u011fi ve d\u00fczg\u00fcn iletim sayesinde, i\u015f par\u00e7as\u0131n\u0131n tutarl\u0131 bir \u015fekilde \u0131s\u0131t\u0131lmas\u0131n\u0131 sa\u011flayabilir.<\/p>\n<p>&nbsp;<\/p>\n<p><strong><b>Hafif ve sa\u011flam<\/b><\/strong><\/p>\n<p>Yo\u011funlu\u011fu sadece 2,2 g\/cm\u00b3't\u00fcr ve anti-bas\u0131n\u00e7 mukavemeti 80MPa'n\u0131n \u00fczerindedir, bu nedenle g\u00fc\u00e7l\u00fc y\u00fck ta\u015f\u0131ma kapasitesine sahiptir.<\/p>\n<p>&nbsp;<\/p>\n<p>Ayr\u0131ca, \u00f6zel gereksinimlerinize g\u00f6re, ihtiyac\u0131n\u0131z olan boyut ve \u015fekilde i\u015flenebilir. Genellikle grafit tepsi d\u00fcz, oluklu veya delikli gibi \u00e7e\u015fitli \u015fekillere sahiptir.<\/p>\n<p><strong><b>\u00a0<\/b><\/strong><\/p>\n<h2>Grafit tepsinin kullan\u0131m alanlar\u0131<\/h2>\n<p><strong><b>Yar\u0131 \u0130letken \u00dcretimi<\/b><\/strong><\/p>\n<p>Metal organik kimyasal buhar biriktirme (MOCVD) ekipman\u0131ndaki substratlar\u0131 desteklemek i\u00e7in kullanabilirsiniz. Y\u00fcksek s\u0131cakl\u0131k ve y\u00fcksek vakum ko\u015fullar\u0131 alt\u0131nda epitaksiyel biriktirme ger\u00e7ekle\u015ftirebilir ve safs\u0131zl\u0131k kontaminasyonunu \u00f6nleyerek epitaksiyel tabakan\u0131n kalitesini garanti eder. Ve deformasyon veya hasar olmadan y\u00fcksek s\u0131cakl\u0131klarda (genellikle 1000 \u2103'nin \u00fczerinde) kararl\u0131 bir \u015fekilde \u00e7al\u0131\u015fabilir.<\/p>\n<p>&nbsp;<\/p>\n<p><strong><b>Tek kristal b\u00fcy\u00fcmesi<\/b><\/strong><\/p>\n<p>Tek kristalde <a href=\"https:\/\/www.azom.com\/equipment-details.aspx?EquipID=9177\" target=\"_blank\" rel=\"noopener\">F\u0131r\u0131n,<\/a> alt\u0131na yerle\u015ftirebilirsiniz. <a href=\"https:\/\/jinsuncarbon.com\/tr\/urun\/yuksek-saflikta-grafit-pota\/\">grafit pota<\/a>\u00a0potan\u0131n sabit kalmas\u0131n\u0131 sa\u011flamak i\u00e7in. Erimi\u015f metallere ve kimyasal gazlara kar\u015f\u0131 m\u00fckemmel korozyon direnci sayesinde uzun s\u00fcre kullan\u0131labilir. Is\u0131y\u0131 e\u015fit \u015fekilde ileterek pota i\u00e7inde e\u015fit bir s\u0131cakl\u0131k da\u011f\u0131l\u0131m\u0131 sa\u011flar ve y\u00fcksek kaliteli tek kristallerin b\u00fcy\u00fcmesini kolayla\u015ft\u0131r\u0131r.<\/p>\n<p>&nbsp;<\/p>\n<p><strong><b>Kimya End\u00fcstrisi<\/b><\/strong><\/p>\n<p>Reaktanlar\u0131 desteklemek ve korumak, reaksiyon verimlili\u011fini art\u0131rmak i\u00e7in y\u00fcksek s\u0131cakl\u0131k reakt\u00f6rlerinde de kullanabilirsiniz. Reaktanlar\u0131n reakt\u00f6rle do\u011frudan temas etmesini ve olumsuz reaksiyonlara neden olmas\u0131n\u0131 \u00f6nleyebilir. Ve \u00e7e\u015fitli kimyasal maddelere kar\u015f\u0131 m\u00fckemmel korozyon direnci nedeniyle, \u00e7e\u015fitli kimyasal reaksiyonlar i\u00e7in uygundur.<\/p>\n<p>&nbsp;<\/p>\n<p><strong><b>LED \u00dcretimi<\/b><\/strong><\/p>\n<p>LED epitaksiyel gofret \u00fcretim s\u00fcrecinde, gofret alt tabakalar\u0131n\u0131 desteklemek i\u00e7in grafit tepsi kullanabilirsiniz. Y\u00fcksek s\u0131cakl\u0131kta epitaksiyel biriktirme i\u015flemi s\u0131ras\u0131nda, gofret alt tabakalar\u0131n\u0131 ta\u015f\u0131mak i\u00e7in kullan\u0131l\u0131r ve alt tabaka y\u00fczeyinde e\u015fit s\u0131cakl\u0131k sa\u011flar. Ayr\u0131ca, i\u015flem s\u0131ras\u0131nda yonga plakas\u0131 alt tabakalar\u0131n\u0131n a\u011f\u0131rl\u0131\u011f\u0131na ve mekanik gerilime de dayanabilir. Bu arada, grafitin p\u00fcr\u00fczs\u00fcz ve kimyasal olarak kararl\u0131 y\u00fczeyi ile bile\u015fenlerle reaksiyona girmez. B\u00f6ylece bile\u015fenlerin hassas yap\u0131s\u0131n\u0131 ve y\u00fczey kalitesini etkili bir \u015fekilde korur.<\/p>\n<p>&nbsp;<\/p>","protected":false},"excerpt":{"rendered":"<p>Grafit tepsi, grafit destek plakas\u0131 olarak da bilinen grafit malzemelerden yap\u0131lm\u0131\u015f tepsi \u015feklinde bir bile\u015fendir. Genellikle 99,9%'nin \u00fczerinde safl\u0131\u011fa sahip izostatik preslenmi\u015f grafitten yap\u0131l\u0131r ve izostatik presleme, sinterleme vb. gibi \u00e7oklu i\u015flemlerle \u00fcretilir. Bu, ona m\u00fckemmel y\u00fcksek s\u0131cakl\u0131k direnci, d\u00fczg\u00fcn \u0131s\u0131 iletimi, kimyasal stabilite ve a\u015f\u0131nma direnci sa\u011flar. Bu nedenle, y\u00fcksek s\u0131cakl\u0131ktaki ortamlarda malzeme ta\u015f\u0131ma gereksinimleri i\u00e7in son derece uygun olan pratik ve dayan\u0131kl\u0131 bir destek malzemesidir. Tek kristal f\u0131r\u0131nlar ve epitaksiyel f\u0131r\u0131nlar gibi ekipmanlarda destekleme ve koruma amac\u0131na hizmet etmek i\u00e7in kullan\u0131l\u0131r.<\/p>","protected":false},"featured_media":8032,"template":"","meta":[],"product_brand":[],"product_cat":[38],"product_tag":[],"class_list":{"0":"post-8013","1":"product","2":"type-product","3":"status-publish","4":"has-post-thumbnail","6":"product_cat-graphite-products","8":"first","9":"instock","10":"shipping-taxable","11":"product-type-simple"},"yoast_head":"<!-- This site is optimized with the Yoast SEO Premium plugin v19.2.1 (Yoast SEO v25.3) - https:\/\/yoast.com\/wordpress\/plugins\/seo\/ -->\n<title>Graphite Tray Manufacturer<\/title>\n<meta name=\"description\" content=\"Graphite tray manufacturer in China, made from isostatic pressed graphite with a purity of over 99.9% for semiconductor, metallurgy and chemical industries.\" \/>\n<meta name=\"robots\" content=\"index, follow, max-snippet:-1, max-image-preview:large, max-video-preview:-1\" \/>\n<link rel=\"canonical\" href=\"https:\/\/jinsuncarbon.com\/tr\/urun\/grafit-tepsi\/\" \/>\n<meta property=\"og:locale\" content=\"tr_TR\" \/>\n<meta property=\"og:type\" content=\"article\" \/>\n<meta property=\"og:title\" content=\"Graphite Tray\" \/>\n<meta property=\"og:description\" content=\"Graphite tray manufacturer in China, made from isostatic pressed graphite with a purity of over 99.9% for semiconductor, metallurgy and chemical industries.\" \/>\n<meta property=\"og:url\" content=\"https:\/\/jinsuncarbon.com\/tr\/urun\/grafit-tepsi\/\" \/>\n<meta property=\"og:site_name\" content=\"Jinsun Carbon\" \/>\n<meta property=\"article:publisher\" content=\"https:\/\/www.facebook.com\/Graphite-Electrode-109336238661595\" \/>\n<meta property=\"article:modified_time\" content=\"2025-08-23T07:48:56+00:00\" \/>\n<meta property=\"og:image\" content=\"https:\/\/jinsuncarbon.com\/wp-content\/uploads\/2025\/08\/Graphite-Tray.jpg\" \/>\n\t<meta property=\"og:image:width\" content=\"1024\" \/>\n\t<meta property=\"og:image:height\" content=\"763\" \/>\n\t<meta property=\"og:image:type\" content=\"image\/jpeg\" \/>\n<meta name=\"twitter:card\" content=\"summary_large_image\" \/>\n<meta name=\"twitter:site\" content=\"@jinsuncarbon_\" \/>\n<meta name=\"twitter:label1\" content=\"Tahmini okuma s\u00fcresi\" \/>\n\t<meta name=\"twitter:data1\" content=\"2 dakika\" \/>\n<script type=\"application\/ld+json\" class=\"yoast-schema-graph\">{\"@context\":\"https:\/\/schema.org\",\"@graph\":[{\"@type\":\"WebPage\",\"@id\":\"https:\/\/jinsuncarbon.com\/product\/graphite-tray\/\",\"url\":\"https:\/\/jinsuncarbon.com\/product\/graphite-tray\/\",\"name\":\"Graphite Tray Manufacturer\",\"isPartOf\":{\"@id\":\"https:\/\/jinsuncarbon.com\/#website\"},\"primaryImageOfPage\":{\"@id\":\"https:\/\/jinsuncarbon.com\/product\/graphite-tray\/#primaryimage\"},\"image\":{\"@id\":\"https:\/\/jinsuncarbon.com\/product\/graphite-tray\/#primaryimage\"},\"thumbnailUrl\":\"https:\/\/jinsuncarbon.com\/wp-content\/uploads\/2025\/08\/Graphite-Tray.jpg\",\"datePublished\":\"2025-08-23T07:48:55+00:00\",\"dateModified\":\"2025-08-23T07:48:56+00:00\",\"description\":\"Graphite tray manufacturer in China, made from isostatic pressed graphite with a purity of over 99.9% for semiconductor, metallurgy and chemical industries.\",\"breadcrumb\":{\"@id\":\"https:\/\/jinsuncarbon.com\/product\/graphite-tray\/#breadcrumb\"},\"inLanguage\":\"tr\",\"potentialAction\":[{\"@type\":\"ReadAction\",\"target\":[\"https:\/\/jinsuncarbon.com\/product\/graphite-tray\/\"]}]},{\"@type\":\"ImageObject\",\"inLanguage\":\"tr\",\"@id\":\"https:\/\/jinsuncarbon.com\/product\/graphite-tray\/#primaryimage\",\"url\":\"https:\/\/jinsuncarbon.com\/wp-content\/uploads\/2025\/08\/Graphite-Tray.jpg\",\"contentUrl\":\"https:\/\/jinsuncarbon.com\/wp-content\/uploads\/2025\/08\/Graphite-Tray.jpg\",\"width\":1024,\"height\":763,\"caption\":\"Graphite Tray\"},{\"@type\":\"BreadcrumbList\",\"@id\":\"https:\/\/jinsuncarbon.com\/product\/graphite-tray\/#breadcrumb\",\"itemListElement\":[{\"@type\":\"ListItem\",\"position\":1,\"name\":\"Home\",\"item\":\"https:\/\/jinsuncarbon.com\/\"},{\"@type\":\"ListItem\",\"position\":2,\"name\":\"Products\",\"item\":\"https:\/\/jinsuncarbon.com\/graphite-carbon\/\"},{\"@type\":\"ListItem\",\"position\":3,\"name\":\"Graphite Tray\"}]},{\"@type\":\"WebSite\",\"@id\":\"https:\/\/jinsuncarbon.com\/#website\",\"url\":\"https:\/\/jinsuncarbon.com\/\",\"name\":\"Jinsun Carbon\",\"description\":\"We are the successful graphite electrode manufacturer in China\",\"publisher\":{\"@id\":\"https:\/\/jinsuncarbon.com\/#organization\"},\"potentialAction\":[{\"@type\":\"SearchAction\",\"target\":{\"@type\":\"EntryPoint\",\"urlTemplate\":\"https:\/\/jinsuncarbon.com\/?s={search_term_string}\"},\"query-input\":{\"@type\":\"PropertyValueSpecification\",\"valueRequired\":true,\"valueName\":\"search_term_string\"}}],\"inLanguage\":\"tr\"},{\"@type\":\"Organization\",\"@id\":\"https:\/\/jinsuncarbon.com\/#organization\",\"name\":\"Jinsun Carbon\",\"alternateName\":\"Jinsun Carbon\",\"url\":\"https:\/\/jinsuncarbon.com\/\",\"logo\":{\"@type\":\"ImageObject\",\"inLanguage\":\"tr\",\"@id\":\"https:\/\/jinsuncarbon.com\/#\/schema\/logo\/image\/\",\"url\":\"https:\/\/jinsuncarbon.com\/wp-content\/uploads\/2022\/12\/LOGO-1.png\",\"contentUrl\":\"https:\/\/jinsuncarbon.com\/wp-content\/uploads\/2022\/12\/LOGO-1.png\",\"width\":207,\"height\":80,\"caption\":\"Jinsun Carbon\"},\"image\":{\"@id\":\"https:\/\/jinsuncarbon.com\/#\/schema\/logo\/image\/\"},\"sameAs\":[\"https:\/\/www.facebook.com\/Graphite-Electrode-109336238661595\",\"https:\/\/x.com\/jinsuncarbon_\",\"https:\/\/www.linkedin.com\/in\/jinsungraphite\",\"https:\/\/www.youtube.com\/channel\/UCysDNyvyR5-3cCWEmpkVC0g\"]}]}<\/script>\n<!-- \/ Yoast SEO Premium plugin. -->","yoast_head_json":{"title":"Grafit Tepsi \u00dcreticisi","description":"\u00c7in'de grafit tepsi \u00fcreticisi, yar\u0131 iletken, metalurji ve kimya end\u00fcstrileri i\u00e7in 99.9%'nin \u00fczerinde safl\u0131\u011fa sahip izostatik preslenmi\u015f grafitten yap\u0131lm\u0131\u015ft\u0131r.","robots":{"index":"index","follow":"follow","max-snippet":"max-snippet:-1","max-image-preview":"max-image-preview:large","max-video-preview":"max-video-preview:-1"},"canonical":"https:\/\/jinsuncarbon.com\/tr\/urun\/grafit-tepsi\/","og_locale":"tr_TR","og_type":"article","og_title":"Graphite Tray","og_description":"Graphite tray manufacturer in China, made from isostatic pressed graphite with a purity of over 99.9% for semiconductor, metallurgy and chemical industries.","og_url":"https:\/\/jinsuncarbon.com\/tr\/urun\/grafit-tepsi\/","og_site_name":"Jinsun Carbon","article_publisher":"https:\/\/www.facebook.com\/Graphite-Electrode-109336238661595","article_modified_time":"2025-08-23T07:48:56+00:00","og_image":[{"width":1024,"height":763,"url":"https:\/\/jinsuncarbon.com\/wp-content\/uploads\/2025\/08\/Graphite-Tray.jpg","type":"image\/jpeg"}],"twitter_card":"summary_large_image","twitter_site":"@jinsuncarbon_","twitter_misc":{"Tahmini okuma s\u00fcresi":"2 dakika"},"schema":{"@context":"https:\/\/schema.org","@graph":[{"@type":"WebPage","@id":"https:\/\/jinsuncarbon.com\/product\/graphite-tray\/","url":"https:\/\/jinsuncarbon.com\/product\/graphite-tray\/","name":"Grafit Tepsi \u00dcreticisi","isPartOf":{"@id":"https:\/\/jinsuncarbon.com\/#website"},"primaryImageOfPage":{"@id":"https:\/\/jinsuncarbon.com\/product\/graphite-tray\/#primaryimage"},"image":{"@id":"https:\/\/jinsuncarbon.com\/product\/graphite-tray\/#primaryimage"},"thumbnailUrl":"https:\/\/jinsuncarbon.com\/wp-content\/uploads\/2025\/08\/Graphite-Tray.jpg","datePublished":"2025-08-23T07:48:55+00:00","dateModified":"2025-08-23T07:48:56+00:00","description":"\u00c7in'de grafit tepsi \u00fcreticisi, yar\u0131 iletken, metalurji ve kimya end\u00fcstrileri i\u00e7in 99.9%'nin \u00fczerinde safl\u0131\u011fa sahip izostatik preslenmi\u015f grafitten yap\u0131lm\u0131\u015ft\u0131r.","breadcrumb":{"@id":"https:\/\/jinsuncarbon.com\/product\/graphite-tray\/#breadcrumb"},"inLanguage":"tr","potentialAction":[{"@type":"ReadAction","target":["https:\/\/jinsuncarbon.com\/product\/graphite-tray\/"]}]},{"@type":"ImageObject","inLanguage":"tr","@id":"https:\/\/jinsuncarbon.com\/product\/graphite-tray\/#primaryimage","url":"https:\/\/jinsuncarbon.com\/wp-content\/uploads\/2025\/08\/Graphite-Tray.jpg","contentUrl":"https:\/\/jinsuncarbon.com\/wp-content\/uploads\/2025\/08\/Graphite-Tray.jpg","width":1024,"height":763,"caption":"Graphite Tray"},{"@type":"BreadcrumbList","@id":"https:\/\/jinsuncarbon.com\/product\/graphite-tray\/#breadcrumb","itemListElement":[{"@type":"ListItem","position":1,"name":"Home","item":"https:\/\/jinsuncarbon.com\/"},{"@type":"ListItem","position":2,"name":"Products","item":"https:\/\/jinsuncarbon.com\/graphite-carbon\/"},{"@type":"ListItem","position":3,"name":"Graphite Tray"}]},{"@type":"WebSite","@id":"https:\/\/jinsuncarbon.com\/#website","url":"https:\/\/jinsuncarbon.com\/","name":"Jinsun Karbon","description":"\u00c7in'deki ba\u015far\u0131l\u0131 grafit elektrot \u00fcreticisiyiz","publisher":{"@id":"https:\/\/jinsuncarbon.com\/#organization"},"potentialAction":[{"@type":"SearchAction","target":{"@type":"EntryPoint","urlTemplate":"https:\/\/jinsuncarbon.com\/?s={search_term_string}"},"query-input":{"@type":"PropertyValueSpecification","valueRequired":true,"valueName":"search_term_string"}}],"inLanguage":"tr"},{"@type":"Organization","@id":"https:\/\/jinsuncarbon.com\/#organization","name":"Jinsun Karbon","alternateName":"Jinsun Carbon","url":"https:\/\/jinsuncarbon.com\/","logo":{"@type":"ImageObject","inLanguage":"tr","@id":"https:\/\/jinsuncarbon.com\/#\/schema\/logo\/image\/","url":"https:\/\/jinsuncarbon.com\/wp-content\/uploads\/2022\/12\/LOGO-1.png","contentUrl":"https:\/\/jinsuncarbon.com\/wp-content\/uploads\/2022\/12\/LOGO-1.png","width":207,"height":80,"caption":"Jinsun Carbon"},"image":{"@id":"https:\/\/jinsuncarbon.com\/#\/schema\/logo\/image\/"},"sameAs":["https:\/\/www.facebook.com\/Graphite-Electrode-109336238661595","https:\/\/x.com\/jinsuncarbon_","https:\/\/www.linkedin.com\/in\/jinsungraphite","https:\/\/www.youtube.com\/channel\/UCysDNyvyR5-3cCWEmpkVC0g"]}]}},"_links":{"self":[{"href":"https:\/\/jinsuncarbon.com\/tr\/wp-json\/wp\/v2\/product\/8013","targetHints":{"allow":["GET"]}}],"collection":[{"href":"https:\/\/jinsuncarbon.com\/tr\/wp-json\/wp\/v2\/product"}],"about":[{"href":"https:\/\/jinsuncarbon.com\/tr\/wp-json\/wp\/v2\/types\/product"}],"wp:featuredmedia":[{"embeddable":true,"href":"https:\/\/jinsuncarbon.com\/tr\/wp-json\/wp\/v2\/media\/8032"}],"wp:attachment":[{"href":"https:\/\/jinsuncarbon.com\/tr\/wp-json\/wp\/v2\/media?parent=8013"}],"wp:term":[{"taxonomy":"product_brand","embeddable":true,"href":"https:\/\/jinsuncarbon.com\/tr\/wp-json\/wp\/v2\/product_brand?post=8013"},{"taxonomy":"product_cat","embeddable":true,"href":"https:\/\/jinsuncarbon.com\/tr\/wp-json\/wp\/v2\/product_cat?post=8013"},{"taxonomy":"product_tag","embeddable":true,"href":"https:\/\/jinsuncarbon.com\/tr\/wp-json\/wp\/v2\/product_tag?post=8013"}],"curies":[{"name":"wp","href":"https:\/\/api.w.org\/{rel}","templated":true}]}}