{"id":7991,"date":"2025-07-12T10:29:13","date_gmt":"2025-07-12T10:29:13","guid":{"rendered":"https:\/\/jinsuncarbon.com\/?post_type=product&#038;p=7991"},"modified":"2025-07-12T10:29:14","modified_gmt":"2025-07-12T10:29:14","slug":"recarburizer","status":"publish","type":"product","link":"https:\/\/jinsuncarbon.com\/tr\/urun\/recarburizer\/","title":{"rendered":"Recarburizer"},"content":{"rendered":"<h2>Rekarburizat\u00f6r\u00fcn avantajlar\u0131<\/h2>\n<p><strong><b>H<\/b><\/strong><strong><b>y\u00fcksek karbon i\u0307\u00e7eri\u0307\u011fi\u0307<\/b><\/strong><\/p>\n<p>Karbon emme oran\u0131 y\u00fcksektir, bu nedenle metal eriyi\u011findeki karbonu h\u0131zl\u0131 ve etkili bir \u015fekilde yenileyebilir.<\/p>\n<p>&nbsp;<\/p>\n<p><strong><b>G<\/b><\/strong><strong><b>ood kimyasal kararl\u0131l\u0131k<\/b><\/strong><\/p>\n<p>Y\u00fcksek s\u0131cakl\u0131ktaki eritme ortamlar\u0131nda ayr\u0131\u015fmaya veya bozulmaya e\u011filimli de\u011fildir.<\/p>\n<p>&nbsp;<\/p>\n<p><strong><b>Saf<\/b><\/strong><strong><b>\u00a0Kompozisyon<\/b><\/strong><\/p>\n<p>Metal \u00f6zellikleri \u00fczerindeki olumsuz etkileri azaltabilen d\u00fc\u015f\u00fck zararl\u0131 safs\u0131zl\u0131k i\u00e7eri\u011fine (k\u00fck\u00fcrt, nitrojen, hidrojen vb.) sahiptir.<\/p>\n<p>&nbsp;<\/p>\n<p><strong><b>Orta derecede reaktivite<\/b><\/strong><\/p>\n<p>Metal eriyi\u011fi ile tamamen entegre olabilir, bu da d\u00fczg\u00fcn ve kararl\u0131 karbon ekleme etkisi sa\u011flar.<\/p>\n<p>&nbsp;<\/p>\n<p><strong><b>H<\/b><\/strong><strong><b>y\u00fcksek performans mali\u0307yet orani<\/b><\/strong><\/p>\n<p>Farkl\u0131 rekarburizat\u00f6r tipleri \u00e7e\u015fitli senaryolar\u0131n gereksinimlerini kar\u015f\u0131layabilir, b\u00f6ylece maliyet kontrol\u00fc de dikkate al\u0131nabilir.<\/p>\n<p>&nbsp;<\/p>\n<p><strong><b>Rahat ve esnek kullan\u0131m<\/b><\/strong><\/p>\n<p>Gran\u00fcl, blok benzeri, toz benzeri vb. gibi \u00e7e\u015fitli formlara sahiptir, bu nedenle ekleme y\u00f6ntemi esnektir. Ayr\u0131ca, farkl\u0131 eritme prosesleri i\u00e7in uygundur ve depolanmas\u0131 ve ta\u015f\u0131nmas\u0131 kolayd\u0131r.<\/p>\n<p><strong><b>\u00a0<\/b><\/strong><\/p>\n<p>\u00d6zel gereksinimlerinize g\u00f6re, taneciklik standartlar\u0131n\u0131z\u0131 kar\u015f\u0131lamak i\u00e7in i\u015flenecektir. Ek olarak, grafit rekarburizat\u00f6r, kok rekarburizat\u00f6r, k\u00f6m\u00fcr bazl\u0131 rekarburizat\u00f6r veya di\u011fer rekarburizat\u00f6r t\u00fcrlerini de se\u00e7ebilirsiniz.<\/p>\n<p><strong><b>\u00a0<\/b><\/strong><\/p>\n<h2>Rekarburizat\u00f6r\u00fcn kullan\u0131m alanlar\u0131<\/h2>\n<p><strong><b>\u00c7elik eritme<\/b><\/strong><\/p>\n<p>Bir konvert\u00f6rde veya elektrik ark f\u0131r\u0131n\u0131nda \u00e7elik eritirken, karbon i\u00e7eri\u011fini hassas bir \u015fekilde yenilemek i\u00e7in kullanabilirsiniz. Erimi\u015f \u00e7elik, oksidasyon reaksiyonlar\u0131 nedeniyle karbon kaybedecektir ve yeniden karbonla\u015ft\u0131r\u0131c\u0131 ilavesi, \u00e7elik bile\u015fiminin standartlar\u0131 kar\u015f\u0131lamas\u0131n\u0131 sa\u011flayabilir.<\/p>\n<p>&nbsp;<\/p>\n<p>Y\u00fcksek karbonlu \u00e7elik \u00fcretirken, karbon i\u00e7eri\u011fini artt\u0131rmak ve b\u00f6ylece sertli\u011fi artt\u0131rmak i\u00e7in kullanabilirsiniz. Orta karbonlu \u00e7elik \u00fcretimi i\u00e7in, karbon i\u00e7eri\u011fini belirli bir aral\u0131kta kontrol ederek mukavemet ve tokluk aras\u0131nda bir denge sa\u011flar.<\/p>\n<p>&nbsp;<\/p>\n<p><strong><b>D\u00f6kme demir d\u00f6k\u00fcm<\/b><\/strong><\/p>\n<p>\u00dcretiminde <a href=\"https:\/\/en.wikipedia.org\/wiki\/Gray_iron\" target=\"_blank\" rel=\"noopener\">gri d\u00f6kme demir<\/a>Erimi\u015f demirin karbon e\u015fde\u011ferini ayarlayabilir, ak\u0131\u015fkanl\u0131\u011f\u0131 art\u0131rabilir. Daha sonra g\u00f6zenekler ve b\u00fcz\u00fclme bo\u015fluklar\u0131 gibi kusurlar\u0131 azaltarak d\u00f6k\u00fcm yap\u0131s\u0131n\u0131 daha yo\u011fun hale getirir.<\/p>\n<p>&nbsp;<\/p>\n<p>Sfero d\u00f6k\u00fcm \u00fcretiminde, stabil bir karbon kayna\u011f\u0131 sa\u011flamak i\u00e7in kullanabilirsiniz. Karbon olu\u015fumunu te\u015fvik edecektir. <a href=\"https:\/\/jinsuncarbon.com\/tr\/kuresel-grafi%cc%87t-dokme-demi%cc%87r-hakkinda-bi%cc%87lgi%cc%87-edi%cc%87ni%cc%87n\/\">k\u00fcresel grafit<\/a>D\u00f6k\u00fcm\u00fcn toklu\u011funu \u00f6nemli \u00f6l\u00e7\u00fcde art\u0131r\u0131r.  B\u00f6ylece otomotiv motor bloklar\u0131 gibi temel bile\u015fenlerde yayg\u0131n olarak kullanabilirsiniz.<\/p>\n<p>&nbsp;<\/p>\n<p><strong><b>Geri d\u00f6n\u00fc\u015ft\u00fcr\u00fclm\u00fc\u015f metal i\u015fleme<\/b><\/strong><\/p>\n<p>K\u00fc\u00e7\u00fck ve orta \u00f6l\u00e7ekli d\u00f6k\u00fcmhanelerin at\u0131k geri d\u00f6n\u00fc\u015f\u00fcm s\u00fcrecindeki karbon i\u00e7eri\u011fini desteklemek i\u00e7in kullanabilirsiniz. Hurda \u00e7elik ve hurda demir gibi geri d\u00f6n\u00fc\u015ft\u00fcr\u00fclm\u00fc\u015f metallerin geri d\u00f6n\u00fc\u015f\u00fcm s\u00fcreci s\u0131ras\u0131nda eklenmesi, karbon elementlerinin kayb\u0131n\u0131 dengelemeye yard\u0131mc\u0131 olabilir. Bu sadece geri d\u00f6n\u00fc\u015ft\u00fcr\u00fclm\u00fc\u015f metallerin kullan\u0131m de\u011ferini art\u0131rmakla kalmaz, ayn\u0131 zamanda hammadde maliyetlerini de d\u00fc\u015f\u00fcrerek d\u00f6ng\u00fcsel ekonomiye katk\u0131da bulunur.<\/p>\n<p>&nbsp;<\/p>\n<p><strong><b>\u00d6zel ala\u015f\u0131m haz\u0131rlama<\/b><\/strong><\/p>\n<p>Ayr\u0131ca y\u00fcksek s\u0131cakl\u0131k ala\u015f\u0131mlar\u0131, a\u015f\u0131nmaya dayan\u0131kl\u0131 ala\u015f\u0131mlar vb. \u00fcretiminde hassas bir karbon kayna\u011f\u0131 olarak da kullan\u0131labilir. A\u015f\u0131nma direncini art\u0131rabilir ve sertli\u011fi art\u0131rabilir, \u00fcst d\u00fczey sekt\u00f6rdeki malzeme performans\u0131 i\u00e7in kat\u0131 gereksinimleri kar\u015f\u0131layabilir.<\/p>","protected":false},"excerpt":{"rendered":"<p>Recarburizer, karbon katk\u0131s\u0131 olarak da adland\u0131r\u0131lan y\u00fcksek karbon i\u00e7erikli malzemelerden yap\u0131lan metalurjik bir yard\u0131mc\u0131 malzemedir. Karbon elementlerini, kararl\u0131 bile\u015fimi ve iyi reaktiviteyi yenilemek i\u00e7in etkili bir yetene\u011fe sahip g\u00fcvenilir bir malzemedir. Metal eritme i\u015flemlerinde karbon i\u00e7eri\u011fini d\u00fczenleyebilir, bu nedenle \u00e7elik eritme ve d\u00f6k\u00fcm gibi end\u00fcstriyel alanlarda yayg\u0131n olarak kullan\u0131l\u0131r. Sfero d\u00f6k\u00fcm \u00fcretiminde karbon e\u015fde\u011ferinin hassas bir \u015fekilde ayarlanmas\u0131 ve elektrik ark ocakl\u0131 \u00e7elik \u00fcretiminde erimi\u015f \u00e7eli\u011fin karbon i\u00e7eri\u011finin h\u0131zl\u0131 bir \u015fekilde yenilenmesi gibi.<\/p>","protected":false},"featured_media":7997,"template":"","meta":[],"product_brand":[],"product_cat":[37],"product_tag":[],"class_list":{"0":"post-7991","1":"product","2":"type-product","3":"status-publish","4":"has-post-thumbnail","6":"product_cat-graphite-electrode","8":"first","9":"instock","10":"shipping-taxable","11":"product-type-simple"},"yoast_head":"<!-- This site is optimized with the Yoast SEO Premium plugin v19.2.1 (Yoast SEO v25.3) - https:\/\/yoast.com\/wordpress\/plugins\/seo\/ -->\n<title>Recarburizer Manufacturer in China<\/title>\n<meta name=\"description\" content=\"A recarburizer is a material with a high carbon content that is used in metal production. It increases the carbon content of molten metal to achieve the desired properties.\" \/>\n<meta name=\"robots\" content=\"index, follow, max-snippet:-1, max-image-preview:large, max-video-preview:-1\" \/>\n<link rel=\"canonical\" href=\"https:\/\/jinsuncarbon.com\/tr\/urun\/recarburizer\/\" \/>\n<meta property=\"og:locale\" content=\"tr_TR\" \/>\n<meta property=\"og:type\" content=\"article\" \/>\n<meta property=\"og:title\" content=\"Recarburizer\" \/>\n<meta property=\"og:description\" content=\"A recarburizer is a material with a high carbon content that is used in metal production. It increases the carbon content of molten metal to achieve the desired properties.\" \/>\n<meta property=\"og:url\" content=\"https:\/\/jinsuncarbon.com\/tr\/urun\/recarburizer\/\" \/>\n<meta property=\"og:site_name\" content=\"Jinsun Carbon\" \/>\n<meta property=\"article:publisher\" content=\"https:\/\/www.facebook.com\/Graphite-Electrode-109336238661595\" \/>\n<meta property=\"article:modified_time\" content=\"2025-07-12T10:29:14+00:00\" \/>\n<meta property=\"og:image\" content=\"https:\/\/jinsuncarbon.com\/wp-content\/uploads\/2025\/07\/Recarburizer.jpg\" \/>\n\t<meta property=\"og:image:width\" content=\"1024\" \/>\n\t<meta property=\"og:image:height\" content=\"763\" \/>\n\t<meta property=\"og:image:type\" content=\"image\/jpeg\" \/>\n<meta name=\"twitter:card\" content=\"summary_large_image\" \/>\n<meta name=\"twitter:site\" content=\"@jinsuncarbon_\" \/>\n<meta name=\"twitter:label1\" content=\"Tahmini okuma s\u00fcresi\" \/>\n\t<meta name=\"twitter:data1\" content=\"3 dakika\" \/>\n<script type=\"application\/ld+json\" class=\"yoast-schema-graph\">{\"@context\":\"https:\/\/schema.org\",\"@graph\":[{\"@type\":\"WebPage\",\"@id\":\"https:\/\/jinsuncarbon.com\/product\/recarburizer\/\",\"url\":\"https:\/\/jinsuncarbon.com\/product\/recarburizer\/\",\"name\":\"Recarburizer Manufacturer in China\",\"isPartOf\":{\"@id\":\"https:\/\/jinsuncarbon.com\/#website\"},\"primaryImageOfPage\":{\"@id\":\"https:\/\/jinsuncarbon.com\/product\/recarburizer\/#primaryimage\"},\"image\":{\"@id\":\"https:\/\/jinsuncarbon.com\/product\/recarburizer\/#primaryimage\"},\"thumbnailUrl\":\"https:\/\/jinsuncarbon.com\/wp-content\/uploads\/2025\/07\/Recarburizer.jpg\",\"datePublished\":\"2025-07-12T10:29:13+00:00\",\"dateModified\":\"2025-07-12T10:29:14+00:00\",\"description\":\"A recarburizer is a material with a high carbon content that is used in metal production. It increases the carbon content of molten metal to achieve the desired properties.\",\"breadcrumb\":{\"@id\":\"https:\/\/jinsuncarbon.com\/product\/recarburizer\/#breadcrumb\"},\"inLanguage\":\"tr\",\"potentialAction\":[{\"@type\":\"ReadAction\",\"target\":[\"https:\/\/jinsuncarbon.com\/product\/recarburizer\/\"]}]},{\"@type\":\"ImageObject\",\"inLanguage\":\"tr\",\"@id\":\"https:\/\/jinsuncarbon.com\/product\/recarburizer\/#primaryimage\",\"url\":\"https:\/\/jinsuncarbon.com\/wp-content\/uploads\/2025\/07\/Recarburizer.jpg\",\"contentUrl\":\"https:\/\/jinsuncarbon.com\/wp-content\/uploads\/2025\/07\/Recarburizer.jpg\",\"width\":1024,\"height\":763,\"caption\":\"Recarburizer\"},{\"@type\":\"BreadcrumbList\",\"@id\":\"https:\/\/jinsuncarbon.com\/product\/recarburizer\/#breadcrumb\",\"itemListElement\":[{\"@type\":\"ListItem\",\"position\":1,\"name\":\"Home\",\"item\":\"https:\/\/jinsuncarbon.com\/\"},{\"@type\":\"ListItem\",\"position\":2,\"name\":\"Products\",\"item\":\"https:\/\/jinsuncarbon.com\/graphite-carbon\/\"},{\"@type\":\"ListItem\",\"position\":3,\"name\":\"Recarburizer\"}]},{\"@type\":\"WebSite\",\"@id\":\"https:\/\/jinsuncarbon.com\/#website\",\"url\":\"https:\/\/jinsuncarbon.com\/\",\"name\":\"Jinsun Carbon\",\"description\":\"We are the successful graphite electrode manufacturer in China\",\"publisher\":{\"@id\":\"https:\/\/jinsuncarbon.com\/#organization\"},\"potentialAction\":[{\"@type\":\"SearchAction\",\"target\":{\"@type\":\"EntryPoint\",\"urlTemplate\":\"https:\/\/jinsuncarbon.com\/?s={search_term_string}\"},\"query-input\":{\"@type\":\"PropertyValueSpecification\",\"valueRequired\":true,\"valueName\":\"search_term_string\"}}],\"inLanguage\":\"tr\"},{\"@type\":\"Organization\",\"@id\":\"https:\/\/jinsuncarbon.com\/#organization\",\"name\":\"Jinsun Carbon\",\"alternateName\":\"Jinsun Carbon\",\"url\":\"https:\/\/jinsuncarbon.com\/\",\"logo\":{\"@type\":\"ImageObject\",\"inLanguage\":\"tr\",\"@id\":\"https:\/\/jinsuncarbon.com\/#\/schema\/logo\/image\/\",\"url\":\"https:\/\/jinsuncarbon.com\/wp-content\/uploads\/2022\/12\/LOGO-1.png\",\"contentUrl\":\"https:\/\/jinsuncarbon.com\/wp-content\/uploads\/2022\/12\/LOGO-1.png\",\"width\":207,\"height\":80,\"caption\":\"Jinsun Carbon\"},\"image\":{\"@id\":\"https:\/\/jinsuncarbon.com\/#\/schema\/logo\/image\/\"},\"sameAs\":[\"https:\/\/www.facebook.com\/Graphite-Electrode-109336238661595\",\"https:\/\/x.com\/jinsuncarbon_\",\"https:\/\/www.linkedin.com\/in\/jinsungraphite\",\"https:\/\/www.youtube.com\/channel\/UCysDNyvyR5-3cCWEmpkVC0g\"]}]}<\/script>\n<!-- \/ Yoast SEO Premium plugin. -->","yoast_head_json":{"title":"\u00c7in'de Recarburizer \u00dcreticisi","description":"Rekarb\u00fcrat\u00f6r, metal \u00fcretiminde kullan\u0131lan y\u00fcksek karbon i\u00e7eri\u011fine sahip bir malzemedir. \u0130stenen \u00f6zellikleri elde etmek i\u00e7in erimi\u015f metalin karbon i\u00e7eri\u011fini art\u0131r\u0131r.","robots":{"index":"index","follow":"follow","max-snippet":"max-snippet:-1","max-image-preview":"max-image-preview:large","max-video-preview":"max-video-preview:-1"},"canonical":"https:\/\/jinsuncarbon.com\/tr\/urun\/recarburizer\/","og_locale":"tr_TR","og_type":"article","og_title":"Recarburizer","og_description":"A recarburizer is a material with a high carbon content that is used in metal production. It increases the carbon content of molten metal to achieve the desired properties.","og_url":"https:\/\/jinsuncarbon.com\/tr\/urun\/recarburizer\/","og_site_name":"Jinsun Carbon","article_publisher":"https:\/\/www.facebook.com\/Graphite-Electrode-109336238661595","article_modified_time":"2025-07-12T10:29:14+00:00","og_image":[{"width":1024,"height":763,"url":"https:\/\/jinsuncarbon.com\/wp-content\/uploads\/2025\/07\/Recarburizer.jpg","type":"image\/jpeg"}],"twitter_card":"summary_large_image","twitter_site":"@jinsuncarbon_","twitter_misc":{"Tahmini okuma s\u00fcresi":"3 dakika"},"schema":{"@context":"https:\/\/schema.org","@graph":[{"@type":"WebPage","@id":"https:\/\/jinsuncarbon.com\/product\/recarburizer\/","url":"https:\/\/jinsuncarbon.com\/product\/recarburizer\/","name":"\u00c7in'de Recarburizer \u00dcreticisi","isPartOf":{"@id":"https:\/\/jinsuncarbon.com\/#website"},"primaryImageOfPage":{"@id":"https:\/\/jinsuncarbon.com\/product\/recarburizer\/#primaryimage"},"image":{"@id":"https:\/\/jinsuncarbon.com\/product\/recarburizer\/#primaryimage"},"thumbnailUrl":"https:\/\/jinsuncarbon.com\/wp-content\/uploads\/2025\/07\/Recarburizer.jpg","datePublished":"2025-07-12T10:29:13+00:00","dateModified":"2025-07-12T10:29:14+00:00","description":"Rekarb\u00fcrat\u00f6r, metal \u00fcretiminde kullan\u0131lan y\u00fcksek karbon i\u00e7eri\u011fine sahip bir malzemedir. \u0130stenen \u00f6zellikleri elde etmek i\u00e7in erimi\u015f metalin karbon i\u00e7eri\u011fini art\u0131r\u0131r.","breadcrumb":{"@id":"https:\/\/jinsuncarbon.com\/product\/recarburizer\/#breadcrumb"},"inLanguage":"tr","potentialAction":[{"@type":"ReadAction","target":["https:\/\/jinsuncarbon.com\/product\/recarburizer\/"]}]},{"@type":"ImageObject","inLanguage":"tr","@id":"https:\/\/jinsuncarbon.com\/product\/recarburizer\/#primaryimage","url":"https:\/\/jinsuncarbon.com\/wp-content\/uploads\/2025\/07\/Recarburizer.jpg","contentUrl":"https:\/\/jinsuncarbon.com\/wp-content\/uploads\/2025\/07\/Recarburizer.jpg","width":1024,"height":763,"caption":"Recarburizer"},{"@type":"BreadcrumbList","@id":"https:\/\/jinsuncarbon.com\/product\/recarburizer\/#breadcrumb","itemListElement":[{"@type":"ListItem","position":1,"name":"Home","item":"https:\/\/jinsuncarbon.com\/"},{"@type":"ListItem","position":2,"name":"Products","item":"https:\/\/jinsuncarbon.com\/graphite-carbon\/"},{"@type":"ListItem","position":3,"name":"Recarburizer"}]},{"@type":"WebSite","@id":"https:\/\/jinsuncarbon.com\/#website","url":"https:\/\/jinsuncarbon.com\/","name":"Jinsun Karbon","description":"\u00c7in'deki ba\u015far\u0131l\u0131 grafit elektrot \u00fcreticisiyiz","publisher":{"@id":"https:\/\/jinsuncarbon.com\/#organization"},"potentialAction":[{"@type":"SearchAction","target":{"@type":"EntryPoint","urlTemplate":"https:\/\/jinsuncarbon.com\/?s={search_term_string}"},"query-input":{"@type":"PropertyValueSpecification","valueRequired":true,"valueName":"search_term_string"}}],"inLanguage":"tr"},{"@type":"Organization","@id":"https:\/\/jinsuncarbon.com\/#organization","name":"Jinsun Karbon","alternateName":"Jinsun Carbon","url":"https:\/\/jinsuncarbon.com\/","logo":{"@type":"ImageObject","inLanguage":"tr","@id":"https:\/\/jinsuncarbon.com\/#\/schema\/logo\/image\/","url":"https:\/\/jinsuncarbon.com\/wp-content\/uploads\/2022\/12\/LOGO-1.png","contentUrl":"https:\/\/jinsuncarbon.com\/wp-content\/uploads\/2022\/12\/LOGO-1.png","width":207,"height":80,"caption":"Jinsun Carbon"},"image":{"@id":"https:\/\/jinsuncarbon.com\/#\/schema\/logo\/image\/"},"sameAs":["https:\/\/www.facebook.com\/Graphite-Electrode-109336238661595","https:\/\/x.com\/jinsuncarbon_","https:\/\/www.linkedin.com\/in\/jinsungraphite","https:\/\/www.youtube.com\/channel\/UCysDNyvyR5-3cCWEmpkVC0g"]}]}},"_links":{"self":[{"href":"https:\/\/jinsuncarbon.com\/tr\/wp-json\/wp\/v2\/product\/7991","targetHints":{"allow":["GET"]}}],"collection":[{"href":"https:\/\/jinsuncarbon.com\/tr\/wp-json\/wp\/v2\/product"}],"about":[{"href":"https:\/\/jinsuncarbon.com\/tr\/wp-json\/wp\/v2\/types\/product"}],"wp:featuredmedia":[{"embeddable":true,"href":"https:\/\/jinsuncarbon.com\/tr\/wp-json\/wp\/v2\/media\/7997"}],"wp:attachment":[{"href":"https:\/\/jinsuncarbon.com\/tr\/wp-json\/wp\/v2\/media?parent=7991"}],"wp:term":[{"taxonomy":"product_brand","embeddable":true,"href":"https:\/\/jinsuncarbon.com\/tr\/wp-json\/wp\/v2\/product_brand?post=7991"},{"taxonomy":"product_cat","embeddable":true,"href":"https:\/\/jinsuncarbon.com\/tr\/wp-json\/wp\/v2\/product_cat?post=7991"},{"taxonomy":"product_tag","embeddable":true,"href":"https:\/\/jinsuncarbon.com\/tr\/wp-json\/wp\/v2\/product_tag?post=7991"}],"curies":[{"name":"wp","href":"https:\/\/api.w.org\/{rel}","templated":true}]}}