{"id":7941,"date":"2025-05-10T09:15:32","date_gmt":"2025-05-10T09:15:32","guid":{"rendered":"https:\/\/jinsuncarbon.com\/?post_type=product&#038;p=7941"},"modified":"2025-05-10T09:15:33","modified_gmt":"2025-05-10T09:15:33","slug":"grafit-kanat","status":"publish","type":"product","link":"https:\/\/jinsuncarbon.com\/tr\/urun\/grafit-kanat\/","title":{"rendered":"Grafit Kanat"},"content":{"rendered":"<h2>Grafit kanad\u0131n avantajlar\u0131<\/h2>\n<p><strong><b>Harika<\/b><\/strong><strong><b>\u00a0termal kararl\u0131l\u0131k <\/b><\/strong><\/p>\n<p>Y\u00fcksek veya d\u00fc\u015f\u00fck s\u0131cakl\u0131kl\u0131 ortamlarla etkili bir \u015fekilde ba\u015fa \u00e7\u0131karak -200 \u2103 ila 450 \u2103 aras\u0131nda geni\u015f bir s\u0131cakl\u0131k aral\u0131\u011f\u0131nda yap\u0131sal ve performans kararl\u0131l\u0131\u011f\u0131n\u0131 koruyabilir.<\/p>\n<p>&nbsp;<\/p>\n<p><strong><b>Kararl\u0131 <\/b><\/strong><strong><b>ki\u0307myasal \u00f6zelli\u0307kler<\/b><\/strong><\/p>\n<p>Yayg\u0131n kimyasal maddelerle neredeyse hi\u00e7 reaksiyona girmez, bu nedenle kimyasal olarak a\u015f\u0131nd\u0131r\u0131c\u0131 ortamlarda bile uzun s\u00fcre kullan\u0131lmas\u0131n\u0131 sa\u011flar.<\/p>\n<p>&nbsp;<\/p>\n<p><strong><b>Son derece d\u00fc\u015f\u00fck s\u00fcrt\u00fcnme katsay\u0131s\u0131 <\/b><\/strong><\/p>\n<p>Bu, di\u011fer bile\u015fenlerle s\u00fcrt\u00fcnme kayb\u0131n\u0131 \u00f6nemli \u00f6l\u00e7\u00fcde azaltabilen ve bak\u0131m s\u0131kl\u0131\u011f\u0131n\u0131 azaltabilen kendi kendini ya\u011flama \u00f6zelli\u011fine sahip olmas\u0131n\u0131 sa\u011flar.<\/p>\n<p>&nbsp;<\/p>\n<p><strong><b>M\u00fckemmel termal ve elektriksel iletkenlik<\/b><\/strong><\/p>\n<p>Is\u0131y\u0131 h\u0131zl\u0131 bir \u015fekilde iletebilir, yerel a\u015f\u0131r\u0131 \u0131s\u0131nmay\u0131 \u00f6nleyebilir ve ayr\u0131ca belirli elektromanyetik ortamlardaki uygulama gereksinimlerini kar\u015f\u0131layabilir.<\/p>\n<p>&nbsp;<\/p>\n<p><strong><b>D\u00fc\u015f\u00fck yo\u011funluk<\/b><\/strong><\/p>\n<p>A\u011f\u0131rl\u0131k hafiftir, bu da ekipman\u0131n genel y\u00fck\u00fcn\u00fc azaltmaya ve operasyonel verimlili\u011fi art\u0131rmaya yard\u0131mc\u0131 olur.<\/p>\n<p>&nbsp;<\/p>\n<p><strong><b>\u0130yi i\u015fleme performans\u0131<\/b><\/strong><\/p>\n<p>\u0130\u00e7i bo\u015f grafit kanatlar, kat\u0131 grafit kanatlar vb. gibi farkl\u0131 ihtiya\u00e7lara g\u00f6re \u015fekil ve boyutlar\u0131 \u00f6zelle\u015ftirmeyi uygun hale getirebilirsiniz. Ayr\u0131ca, presleme i\u015flemleri ve hassas i\u015fleme teknikleri ile yap\u0131lan farkl\u0131 grafit kanat t\u00fcrlerini de se\u00e7ebilirsiniz.<\/p>\n<p><strong><b>\u00a0<\/b><\/strong><\/p>\n<h2>Grafit kanad\u0131n kullan\u0131m alanlar\u0131<\/h2>\n<h3>Enerji alan\u0131:<\/h3>\n<p><strong><b>R\u00fczgar enerjisi \u00fcretimi<\/b><\/strong><\/p>\n<p>Y\u00fcksek mukavemet ve hava ko\u015fullar\u0131na dayan\u0131kl\u0131l\u0131k nedeniyle grafit kanatlar r\u00fczgar t\u00fcrbini kanatlar\u0131 olarak kullan\u0131labilir. Uzun s\u00fcreli r\u00fczgar, g\u00fcne\u015f, kum ve toz erozyonuna maruz kalan d\u0131\u015f ortamlarda istikrarl\u0131 bir \u015fekilde \u00e7al\u0131\u015fabilirler. B\u00f6ylece r\u00fczgar enerjisini etkin bir \u015fekilde yakalar ve enerji \u00fcretim verimlili\u011fini art\u0131r\u0131r.<\/p>\n<p>&nbsp;<\/p>\n<p><strong><b>N\u00fckleer g\u00fc\u00e7 sistemi<\/b><\/strong><\/p>\n<p>Y\u00fcksek safl\u0131kta grafit kanatlar, y\u00fcksek s\u0131cakl\u0131k ve radyasyon ortamlar\u0131nda g\u00fcvenilir bir \u015fekilde \u00e7al\u0131\u015fabilir.<\/p>\n<p>Bu y\u00fczden bunlar\u0131 so\u011futma sirk\u00fclasyon sistemine uygulayabilirsiniz. <a href=\"https:\/\/en.wikipedia.org\/wiki\/Nuclear_reactor\" target=\"_blank\" rel=\"noopener\">n\u00fckleer reakt\u00f6rler<\/a>\u00a0So\u011futma ortam\u0131n\u0131n istikrarl\u0131 bir \u015fekilde iletilmesini sa\u011flamak i\u00e7in.<\/p>\n<p>&nbsp;<\/p>\n<h3>End\u00fcstriyel \u00fcretim:<\/h3>\n<p><strong><b>Kimyasal ekipman<\/b><\/strong><\/p>\n<p>Bunlar\u0131 kimyasal reaksiyon kaplar\u0131n\u0131n kar\u0131\u015ft\u0131rma cihazlar\u0131nda ve asit ve alkali \u00e7\u00f6zelti transfer pompalar\u0131nda kullanabilirsiniz. Kimyasal inertlikleri nedeniyle, g\u00fc\u00e7l\u00fc a\u015f\u0131nd\u0131r\u0131c\u0131 ortam\u0131n erozyonuna kar\u015f\u0131 diren\u00e7 g\u00f6stererek ekipman\u0131n hizmet \u00f6mr\u00fcn\u00fc uzat\u0131rlar. Santrif\u00fcjde ise kendinden ya\u011flama \u00f6zelli\u011fi s\u00fcrt\u00fcnmeyi azalt\u0131r ve ay\u0131rma verimlili\u011fini art\u0131r\u0131r.<\/p>\n<p>&nbsp;<\/p>\n<p><strong><b>Metalurji end\u00fcstrisi<\/b><\/strong><\/p>\n<p>Bunlar\u0131 y\u00fcksek s\u0131cakl\u0131k f\u0131r\u0131nlar\u0131n\u0131n havaland\u0131rma sisteminde de kullanabilirsiniz. Y\u00fcksek s\u0131cakl\u0131ktaki toz ortamlar\u0131na dayanabilir ve f\u0131r\u0131n i\u00e7indeki hava sirk\u00fclasyonunu ve s\u0131cakl\u0131k dengesini koruyabilirler. <a href=\"https:\/\/jinsuncarbon.com\/tr\/vakumlu-firinda-grafit\/\">F\u0131r\u0131nlar<\/a>.<\/p>\n<p>&nbsp;<\/p>\n<h3>Elektronik ve havac\u0131l\u0131k:<\/h3>\n<p><strong><b>Elektronik \u0131s\u0131 da\u011f\u0131t\u0131m\u0131<\/b><\/strong><\/p>\n<p>Sunucular\u0131n ve y\u00fcksek performansl\u0131 bilgisayarlar\u0131n so\u011futma fanlar\u0131nda grafit kanatlar da \u00f6nemli bir rol oynar. Y\u00fcksek \u0131s\u0131 iletkenli\u011fi ve d\u00fc\u015f\u00fck r\u00fczgar direnci sayesinde \u0131s\u0131y\u0131 h\u0131zla da\u011f\u0131tarak elektronik bile\u015fenlerin istikrarl\u0131 bir \u015fekilde \u00e7al\u0131\u015fmas\u0131n\u0131 sa\u011flarlar.<\/p>\n<p>&nbsp;<\/p>\n<p><strong><b>Havac\u0131l\u0131k ve Uzay<\/b><\/strong><\/p>\n<p>Ayr\u0131ca, kabin i\u00e7indeki hava sirk\u00fclasyonunu d\u00fczenlemek i\u00e7in u\u00e7aklar\u0131n \u00e7evre kontrol sisteminde uygulan\u0131rlar. Hafif, \u0131s\u0131ya dayan\u0131kl\u0131 ve y\u00fcksek mukavemetli olma \u00f6zellikleri, havac\u0131l\u0131k ekipmanlar\u0131n\u0131n hafiflik ve g\u00fcvenilirlik konusundaki kat\u0131 gereksinimlerini kar\u015f\u0131lamaktad\u0131r.<\/p>","protected":false},"excerpt":{"rendered":"<p>Grafit kanatlar, belirli end\u00fcstriyel ekipmanlarda veya mekanik sistemlerde yayg\u0131n olarak bulunan, temel malzeme olarak y\u00fcksek safl\u0131kta grafitten yap\u0131lm\u0131\u015f kanatlar veya y\u00f6nlendirici bile\u015fenlerdir. \u00d6rne\u011fin, kimyasal reaksiyon kaplar\u0131n\u0131n kar\u0131\u015ft\u0131rma sisteminde, r\u00fczgar t\u00fcrbinlerinde, elektronik ekipmanlar\u0131n so\u011futma fanlar\u0131nda vb. Grafit kristal yap\u0131s\u0131n\u0131n optimizasyonu sayesinde, grafit malzemelerin kendine \u00f6zg\u00fc \u00f6zelliklerini ve kanatlar\u0131n \u00f6zel i\u015flevsel morfolojisini birle\u015ftirir. Bu nedenle ola\u011fan\u00fcst\u00fc y\u00fcksek s\u0131cakl\u0131k direncine, kimyasal korozyon direncine, kendinden ya\u011flamaya ve iyi mekanik mukavemete sahiptir. Ve y\u00fcksek s\u0131cakl\u0131k, g\u00fc\u00e7l\u00fc korozyon ve y\u00fcksek s\u00fcrt\u00fcnme gibi zorlu \u00e7al\u0131\u015fma ko\u015fullar\u0131 alt\u0131nda geleneksel kanat malzemelerinin \u00e7ok \u00f6tesinde performans avantajlar\u0131 sergiler.<\/p>","protected":false},"featured_media":7948,"template":"","meta":[],"product_brand":[],"product_cat":[38],"product_tag":[],"class_list":{"0":"post-7941","1":"product","2":"type-product","3":"status-publish","4":"has-post-thumbnail","6":"product_cat-graphite-products","8":"first","9":"instock","10":"shipping-taxable","11":"product-type-simple"},"yoast_head":"<!-- This site is optimized with the Yoast SEO Premium plugin v19.2.1 (Yoast SEO v25.3) - https:\/\/yoast.com\/wordpress\/plugins\/seo\/ -->\n<title>Graphite Vane Manufacturer in China | Jinsun Carbon<\/title>\n<meta name=\"robots\" content=\"index, follow, max-snippet:-1, max-image-preview:large, max-video-preview:-1\" \/>\n<link rel=\"canonical\" href=\"https:\/\/jinsuncarbon.com\/tr\/urun\/grafit-kanat\/\" \/>\n<meta property=\"og:locale\" content=\"tr_TR\" \/>\n<meta property=\"og:type\" content=\"article\" \/>\n<meta property=\"og:title\" content=\"Graphite Vane\" \/>\n<meta property=\"og:description\" content=\"Graphite vanes are blades or guiding components made from high-purity graphite as the base material, which are commonly found in certain industrial equipment or mechanical systems. For example, in the stirring system of chemical reaction vessels, wind turbines, cooling fans of electronic equipment, etc. Through the optimization of the graphite crystal structure, it combines the intrinsic characteristics of graphite materials and the special functional morphology of vanes. So it has outstanding high-temperature resistance, chemical corrosion resistance, self-lubrication and good mechanical strength. And it demonstrates performance advantages far exceeding those of traditional blade materials under harsh working conditions such as high temperature, strong corrosion and high friction.\" \/>\n<meta property=\"og:url\" content=\"https:\/\/jinsuncarbon.com\/tr\/urun\/grafit-kanat\/\" \/>\n<meta property=\"og:site_name\" content=\"Jinsun Carbon\" \/>\n<meta property=\"article:publisher\" content=\"https:\/\/www.facebook.com\/Graphite-Electrode-109336238661595\" \/>\n<meta property=\"article:modified_time\" content=\"2025-05-10T09:15:33+00:00\" \/>\n<meta property=\"og:image\" content=\"https:\/\/jinsuncarbon.com\/wp-content\/uploads\/2025\/05\/Graphite-Vane.jpg\" \/>\n\t<meta property=\"og:image:width\" content=\"1024\" \/>\n\t<meta property=\"og:image:height\" content=\"774\" \/>\n\t<meta property=\"og:image:type\" content=\"image\/jpeg\" \/>\n<meta name=\"twitter:card\" content=\"summary_large_image\" \/>\n<meta name=\"twitter:site\" content=\"@jinsuncarbon_\" \/>\n<meta name=\"twitter:label1\" content=\"Tahmini okuma s\u00fcresi\" \/>\n\t<meta name=\"twitter:data1\" content=\"3 dakika\" \/>\n<script type=\"application\/ld+json\" class=\"yoast-schema-graph\">{\"@context\":\"https:\/\/schema.org\",\"@graph\":[{\"@type\":\"WebPage\",\"@id\":\"https:\/\/jinsuncarbon.com\/product\/graphite-vane\/\",\"url\":\"https:\/\/jinsuncarbon.com\/product\/graphite-vane\/\",\"name\":\"Graphite Vane Manufacturer in China | Jinsun Carbon\",\"isPartOf\":{\"@id\":\"https:\/\/jinsuncarbon.com\/#website\"},\"primaryImageOfPage\":{\"@id\":\"https:\/\/jinsuncarbon.com\/product\/graphite-vane\/#primaryimage\"},\"image\":{\"@id\":\"https:\/\/jinsuncarbon.com\/product\/graphite-vane\/#primaryimage\"},\"thumbnailUrl\":\"https:\/\/jinsuncarbon.com\/wp-content\/uploads\/2025\/05\/Graphite-Vane.jpg\",\"datePublished\":\"2025-05-10T09:15:32+00:00\",\"dateModified\":\"2025-05-10T09:15:33+00:00\",\"breadcrumb\":{\"@id\":\"https:\/\/jinsuncarbon.com\/product\/graphite-vane\/#breadcrumb\"},\"inLanguage\":\"tr\",\"potentialAction\":[{\"@type\":\"ReadAction\",\"target\":[\"https:\/\/jinsuncarbon.com\/product\/graphite-vane\/\"]}]},{\"@type\":\"ImageObject\",\"inLanguage\":\"tr\",\"@id\":\"https:\/\/jinsuncarbon.com\/product\/graphite-vane\/#primaryimage\",\"url\":\"https:\/\/jinsuncarbon.com\/wp-content\/uploads\/2025\/05\/Graphite-Vane.jpg\",\"contentUrl\":\"https:\/\/jinsuncarbon.com\/wp-content\/uploads\/2025\/05\/Graphite-Vane.jpg\",\"width\":1024,\"height\":774,\"caption\":\"Graphite Vane\"},{\"@type\":\"BreadcrumbList\",\"@id\":\"https:\/\/jinsuncarbon.com\/product\/graphite-vane\/#breadcrumb\",\"itemListElement\":[{\"@type\":\"ListItem\",\"position\":1,\"name\":\"Home\",\"item\":\"https:\/\/jinsuncarbon.com\/\"},{\"@type\":\"ListItem\",\"position\":2,\"name\":\"Products\",\"item\":\"https:\/\/jinsuncarbon.com\/graphite-carbon\/\"},{\"@type\":\"ListItem\",\"position\":3,\"name\":\"Graphite Vane\"}]},{\"@type\":\"WebSite\",\"@id\":\"https:\/\/jinsuncarbon.com\/#website\",\"url\":\"https:\/\/jinsuncarbon.com\/\",\"name\":\"Jinsun Carbon\",\"description\":\"We are the successful graphite electrode manufacturer in China\",\"publisher\":{\"@id\":\"https:\/\/jinsuncarbon.com\/#organization\"},\"potentialAction\":[{\"@type\":\"SearchAction\",\"target\":{\"@type\":\"EntryPoint\",\"urlTemplate\":\"https:\/\/jinsuncarbon.com\/?s={search_term_string}\"},\"query-input\":{\"@type\":\"PropertyValueSpecification\",\"valueRequired\":true,\"valueName\":\"search_term_string\"}}],\"inLanguage\":\"tr\"},{\"@type\":\"Organization\",\"@id\":\"https:\/\/jinsuncarbon.com\/#organization\",\"name\":\"Jinsun Carbon\",\"alternateName\":\"Jinsun Carbon\",\"url\":\"https:\/\/jinsuncarbon.com\/\",\"logo\":{\"@type\":\"ImageObject\",\"inLanguage\":\"tr\",\"@id\":\"https:\/\/jinsuncarbon.com\/#\/schema\/logo\/image\/\",\"url\":\"https:\/\/jinsuncarbon.com\/wp-content\/uploads\/2022\/12\/LOGO-1.png\",\"contentUrl\":\"https:\/\/jinsuncarbon.com\/wp-content\/uploads\/2022\/12\/LOGO-1.png\",\"width\":207,\"height\":80,\"caption\":\"Jinsun Carbon\"},\"image\":{\"@id\":\"https:\/\/jinsuncarbon.com\/#\/schema\/logo\/image\/\"},\"sameAs\":[\"https:\/\/www.facebook.com\/Graphite-Electrode-109336238661595\",\"https:\/\/x.com\/jinsuncarbon_\",\"https:\/\/www.linkedin.com\/in\/jinsungraphite\",\"https:\/\/www.youtube.com\/channel\/UCysDNyvyR5-3cCWEmpkVC0g\"]}]}<\/script>\n<!-- \/ Yoast SEO Premium plugin. -->","yoast_head_json":{"title":"\u00c7in'de Grafit Kanat \u00dcreticisi | Jinsun Carbon","robots":{"index":"index","follow":"follow","max-snippet":"max-snippet:-1","max-image-preview":"max-image-preview:large","max-video-preview":"max-video-preview:-1"},"canonical":"https:\/\/jinsuncarbon.com\/tr\/urun\/grafit-kanat\/","og_locale":"tr_TR","og_type":"article","og_title":"Graphite Vane","og_description":"Graphite vanes are blades or guiding components made from high-purity graphite as the base material, which are commonly found in certain industrial equipment or mechanical systems. For example, in the stirring system of chemical reaction vessels, wind turbines, cooling fans of electronic equipment, etc. Through the optimization of the graphite crystal structure, it combines the intrinsic characteristics of graphite materials and the special functional morphology of vanes. So it has outstanding high-temperature resistance, chemical corrosion resistance, self-lubrication and good mechanical strength. And it demonstrates performance advantages far exceeding those of traditional blade materials under harsh working conditions such as high temperature, strong corrosion and high friction.","og_url":"https:\/\/jinsuncarbon.com\/tr\/urun\/grafit-kanat\/","og_site_name":"Jinsun Carbon","article_publisher":"https:\/\/www.facebook.com\/Graphite-Electrode-109336238661595","article_modified_time":"2025-05-10T09:15:33+00:00","og_image":[{"width":1024,"height":774,"url":"https:\/\/jinsuncarbon.com\/wp-content\/uploads\/2025\/05\/Graphite-Vane.jpg","type":"image\/jpeg"}],"twitter_card":"summary_large_image","twitter_site":"@jinsuncarbon_","twitter_misc":{"Tahmini okuma s\u00fcresi":"3 dakika"},"schema":{"@context":"https:\/\/schema.org","@graph":[{"@type":"WebPage","@id":"https:\/\/jinsuncarbon.com\/product\/graphite-vane\/","url":"https:\/\/jinsuncarbon.com\/product\/graphite-vane\/","name":"\u00c7in'de Grafit Kanat \u00dcreticisi | Jinsun Carbon","isPartOf":{"@id":"https:\/\/jinsuncarbon.com\/#website"},"primaryImageOfPage":{"@id":"https:\/\/jinsuncarbon.com\/product\/graphite-vane\/#primaryimage"},"image":{"@id":"https:\/\/jinsuncarbon.com\/product\/graphite-vane\/#primaryimage"},"thumbnailUrl":"https:\/\/jinsuncarbon.com\/wp-content\/uploads\/2025\/05\/Graphite-Vane.jpg","datePublished":"2025-05-10T09:15:32+00:00","dateModified":"2025-05-10T09:15:33+00:00","breadcrumb":{"@id":"https:\/\/jinsuncarbon.com\/product\/graphite-vane\/#breadcrumb"},"inLanguage":"tr","potentialAction":[{"@type":"ReadAction","target":["https:\/\/jinsuncarbon.com\/product\/graphite-vane\/"]}]},{"@type":"ImageObject","inLanguage":"tr","@id":"https:\/\/jinsuncarbon.com\/product\/graphite-vane\/#primaryimage","url":"https:\/\/jinsuncarbon.com\/wp-content\/uploads\/2025\/05\/Graphite-Vane.jpg","contentUrl":"https:\/\/jinsuncarbon.com\/wp-content\/uploads\/2025\/05\/Graphite-Vane.jpg","width":1024,"height":774,"caption":"Graphite Vane"},{"@type":"BreadcrumbList","@id":"https:\/\/jinsuncarbon.com\/product\/graphite-vane\/#breadcrumb","itemListElement":[{"@type":"ListItem","position":1,"name":"Home","item":"https:\/\/jinsuncarbon.com\/"},{"@type":"ListItem","position":2,"name":"Products","item":"https:\/\/jinsuncarbon.com\/graphite-carbon\/"},{"@type":"ListItem","position":3,"name":"Graphite Vane"}]},{"@type":"WebSite","@id":"https:\/\/jinsuncarbon.com\/#website","url":"https:\/\/jinsuncarbon.com\/","name":"Jinsun Karbon","description":"\u00c7in'deki ba\u015far\u0131l\u0131 grafit elektrot \u00fcreticisiyiz","publisher":{"@id":"https:\/\/jinsuncarbon.com\/#organization"},"potentialAction":[{"@type":"SearchAction","target":{"@type":"EntryPoint","urlTemplate":"https:\/\/jinsuncarbon.com\/?s={search_term_string}"},"query-input":{"@type":"PropertyValueSpecification","valueRequired":true,"valueName":"search_term_string"}}],"inLanguage":"tr"},{"@type":"Organization","@id":"https:\/\/jinsuncarbon.com\/#organization","name":"Jinsun Karbon","alternateName":"Jinsun Carbon","url":"https:\/\/jinsuncarbon.com\/","logo":{"@type":"ImageObject","inLanguage":"tr","@id":"https:\/\/jinsuncarbon.com\/#\/schema\/logo\/image\/","url":"https:\/\/jinsuncarbon.com\/wp-content\/uploads\/2022\/12\/LOGO-1.png","contentUrl":"https:\/\/jinsuncarbon.com\/wp-content\/uploads\/2022\/12\/LOGO-1.png","width":207,"height":80,"caption":"Jinsun Carbon"},"image":{"@id":"https:\/\/jinsuncarbon.com\/#\/schema\/logo\/image\/"},"sameAs":["https:\/\/www.facebook.com\/Graphite-Electrode-109336238661595","https:\/\/x.com\/jinsuncarbon_","https:\/\/www.linkedin.com\/in\/jinsungraphite","https:\/\/www.youtube.com\/channel\/UCysDNyvyR5-3cCWEmpkVC0g"]}]}},"_links":{"self":[{"href":"https:\/\/jinsuncarbon.com\/tr\/wp-json\/wp\/v2\/product\/7941","targetHints":{"allow":["GET"]}}],"collection":[{"href":"https:\/\/jinsuncarbon.com\/tr\/wp-json\/wp\/v2\/product"}],"about":[{"href":"https:\/\/jinsuncarbon.com\/tr\/wp-json\/wp\/v2\/types\/product"}],"wp:featuredmedia":[{"embeddable":true,"href":"https:\/\/jinsuncarbon.com\/tr\/wp-json\/wp\/v2\/media\/7948"}],"wp:attachment":[{"href":"https:\/\/jinsuncarbon.com\/tr\/wp-json\/wp\/v2\/media?parent=7941"}],"wp:term":[{"taxonomy":"product_brand","embeddable":true,"href":"https:\/\/jinsuncarbon.com\/tr\/wp-json\/wp\/v2\/product_brand?post=7941"},{"taxonomy":"product_cat","embeddable":true,"href":"https:\/\/jinsuncarbon.com\/tr\/wp-json\/wp\/v2\/product_cat?post=7941"},{"taxonomy":"product_tag","embeddable":true,"href":"https:\/\/jinsuncarbon.com\/tr\/wp-json\/wp\/v2\/product_tag?post=7941"}],"curies":[{"name":"wp","href":"https:\/\/api.w.org\/{rel}","templated":true}]}}