{"id":7932,"date":"2025-05-09T08:57:21","date_gmt":"2025-05-09T08:57:21","guid":{"rendered":"https:\/\/jinsuncarbon.com\/?post_type=product&#038;p=7932"},"modified":"2025-05-09T08:57:23","modified_gmt":"2025-05-09T08:57:23","slug":"grafit-tapa","status":"publish","type":"product","link":"https:\/\/jinsuncarbon.com\/tr\/urun\/grafit-tapa\/","title":{"rendered":"Grafit Tapa"},"content":{"rendered":"<h2>Grafit tapalar\u0131n avantajlar\u0131<\/h2>\n<p>Grafit tapan\u0131n yayg\u0131n bi\u00e7imleri aras\u0131nda silindirik, konik ve \u00f6zel yap\u0131m \u00f6zel \u015fekiller bulunur ve avantajlar\u0131 \u00e7ok \u00f6nemlidir.<\/p>\n<p><strong><b>E<\/b><\/strong><strong><b>m\u00fckemmel y\u00fcksek s\u0131cakl\u0131k direnci<\/b><\/strong><\/p>\n<p>Yakla\u015f\u0131k -200\u00b0C ila 600\u00b0C aras\u0131ndaki a\u015f\u0131r\u0131 s\u0131cakl\u0131k aral\u0131\u011f\u0131nda yap\u0131sal kararl\u0131l\u0131\u011f\u0131 ve g\u00fcvenilir performans\u0131 koruyabilir.<\/p>\n<p>&nbsp;<\/p>\n<p><strong><b>E<\/b><\/strong><strong><b>xson derece kararl\u0131 kimyasal \u00f6zellikler <\/b><\/strong><\/p>\n<p>Asitler ve alkaliler gibi \u00e7o\u011fu korozif ortama kar\u015f\u0131 iyi diren\u00e7.<\/p>\n<p>&nbsp;<\/p>\n<p><strong><b>E<\/b><\/strong><strong><b>son derece d\u00fc\u015f\u00fck<\/b><\/strong><strong><b>\u00a0<\/b><\/strong><strong><b>s\u00fcrt\u00fcnme katsay\u0131s\u0131 <\/b><\/strong><\/p>\n<p>Bu bir elde edebilirsiniz <a href=\"https:\/\/jinsuncarbon.com\/tr\/grafi%cc%87t-neden-yaglayici-olarak-kullanilir\/\">kendinden ya\u011flamal\u0131<\/a> kullan\u0131m s\u0131ras\u0131nda etki.<\/p>\n<p>&nbsp;<\/p>\n<p><strong><b>A<\/b><\/strong><strong><b>\u00a0belirli bir esneklik derecesi<\/b><\/strong><\/p>\n<p>Farkl\u0131 \u00f6zellikteki deliklere montaj ve adaptasyon i\u00e7in uygundur.<\/p>\n<p>&nbsp;<\/p>\n<p><strong><b>L<\/b><\/strong><strong><b>o s\u00fcrt\u00fcnme ve kendinden ya\u011flama \u00f6zellikleri<\/b><\/strong><\/p>\n<p>A\u015f\u0131nmay\u0131 etkili bir \u015fekilde azaltabilir, bak\u0131m s\u0131kl\u0131\u011f\u0131n\u0131 azaltabilir ve ekipman\u0131n \u00e7al\u0131\u015fmas\u0131n\u0131n g\u00fcvenilirli\u011fini ve verimlili\u011fini art\u0131rabilir.<\/p>\n<p>&nbsp;<\/p>\n<p><strong><b>G<\/b><\/strong><strong><b>ood termal <\/b><\/strong><strong><b>ve <\/b><\/strong><strong><b>elektriksel<\/b><\/strong>\u00a0<strong><b>\u0130LETKENL\u0130K<\/b><\/strong><\/p>\n<p>Is\u0131y\u0131 h\u0131zl\u0131 bir \u015fekilde iletebilir ve yerel a\u015f\u0131r\u0131 \u0131s\u0131nmay\u0131 \u00f6nleyebilir ve elektrik gerektiren baz\u0131 \u00f6zel senaryolarda uygulama potansiyeline sahiptir. \u00d6rne\u011fin, baz\u0131 y\u00fcksek s\u0131cakl\u0131k iletken s\u0131zd\u0131rmazl\u0131k ortamlar\u0131nda, s\u0131zd\u0131rmazl\u0131k ve iletkenli\u011fin ikili gereksinimlerini ayn\u0131 anda kar\u015f\u0131layabilir.<\/p>\n<p>&nbsp;<\/p>\n<h2>Grafit tapalar\u0131n kullan\u0131m alanlar\u0131<\/h2>\n<h3>Kimya end\u00fcstrisi<\/h3>\n<p><strong><b>Kimyasal boru hatt\u0131 sistemlerinde<\/b><\/strong><\/p>\n<p>A\u015f\u0131nd\u0131r\u0131c\u0131 kimyasal maddelerin s\u0131zmas\u0131n\u0131 \u00f6nlemek ve \u00fcretim g\u00fcvenli\u011fini sa\u011flamak i\u00e7in boru hatlar\u0131n\u0131n ve denetim a\u00e7\u0131kl\u0131klar\u0131n\u0131n sonunda s\u0131zd\u0131rmazl\u0131k bile\u015fenleri olarak kullanabilirsiniz.<\/p>\n<p>&nbsp;<\/p>\n<p><strong><b>O<\/b><\/strong><strong><b>n reaksiyon kaplar\u0131 ve depolama tanklar\u0131 gibi ekipmanlar<\/b><\/strong><\/p>\n<p>G\u00fc\u00e7l\u00fc asitler ve g\u00fc\u00e7l\u00fc alkaliler gibi \u00e7e\u015fitli sert kimyasal ortamlara dayanabilir. B\u00f6ylece numune alma portlar\u0131n\u0131, besleme portlar\u0131n\u0131 ve di\u011fer par\u00e7alar\u0131 kapatmak i\u00e7in kullanabilirsiniz.<\/p>\n<p>&nbsp;<\/p>\n<p><strong><b>Enerji alan\u0131<\/b><\/strong><\/p>\n<p><strong><b>Y\u00fcksek s\u0131cakl\u0131k buhar boru hatt\u0131 sisteminde <\/b><\/strong><\/p>\n<p>Boru hatlar\u0131n\u0131n ba\u011flant\u0131 par\u00e7alar\u0131n\u0131 m\u00fch\u00fcrlemek i\u00e7in kullanabilirsiniz. Y\u00fcksek s\u0131cakl\u0131ktaki buhar ve y\u00fcksek bas\u0131n\u00e7l\u0131 ortamlar\u0131n erozyonuna kar\u015f\u0131 koyabilir ve sistemin istikrarl\u0131 \u00e7al\u0131\u015fmas\u0131n\u0131 sa\u011flayabilir.<\/p>\n<p>&nbsp;<\/p>\n<p><strong><b>Yeni enerji bataryalar\u0131n\u0131n \u00fcretim s\u00fcrecinde<\/b><\/strong><\/p>\n<p>Grafit tapa, ak\u00fc elektrot \u00fcretim ekipman\u0131nda s\u0131zd\u0131rmazl\u0131k ve iletken bile\u015fenler olarak da kullan\u0131labilir. M\u00fckemmel elektrik iletkenli\u011fi ve kimyasal kararl\u0131l\u0131\u011f\u0131 ile pil \u00fcretiminin kalitesini ve verimlili\u011fini art\u0131rabilir.<\/p>\n<p>&nbsp;<\/p>\n<h3>Metalurji end\u00fcstrisi<\/h3>\n<p><strong><b>Y\u00fcksek s\u0131cakl\u0131kta eritme ekipmanlar\u0131nda <\/b><\/strong><\/p>\n<p>Y\u00fcksek s\u0131cakl\u0131ktaki gazlar\u0131n s\u0131zmas\u0131n\u0131 \u00f6nlemek i\u00e7in f\u0131r\u0131n g\u00f6vdesindeki delikleri kapatmak i\u00e7in kullanabilirsiniz. Ve y\u00fcksek s\u0131cakl\u0131k diren\u00e7leri nedeniyle, f\u0131r\u0131n i\u00e7indeki a\u015f\u0131r\u0131 s\u0131cakl\u0131k ortam\u0131na dayanabilir.<\/p>\n<p>&nbsp;<\/p>\n<p><strong><b>I<\/b><\/strong><strong><b>n metal \u0131s\u0131l i\u015flem ekipmanlar\u0131<\/b><\/strong><\/p>\n<p>Grafit tapa, f\u0131r\u0131n odas\u0131n\u0131n a\u00e7\u0131kl\u0131klar\u0131n\u0131 kapatmak i\u00e7in de kullan\u0131labilir. Is\u0131l i\u015flem s\u00fcrecinde s\u0131cakl\u0131\u011f\u0131n homojenli\u011fini ve atmosferin stabilitesini sa\u011flar.<\/p>\n<p>&nbsp;<\/p>\n<p><strong><b>Havac\u0131l\u0131k ve uzay alan\u0131<\/b><\/strong><\/p>\n<p>Hafif, \u0131s\u0131ya dayan\u0131kl\u0131 ve a\u015f\u0131r\u0131 ortamlara diren\u00e7li olma \u00f6zellikleri, havac\u0131l\u0131k ve uzay alan\u0131ndaki malzemelerin kat\u0131 gereksinimlerini kar\u015f\u0131lar. Bu nedenle, aero motorlar\u0131n y\u00fcksek s\u0131cakl\u0131k bile\u015fenlerinin ve uzay ara\u00e7lar\u0131n\u0131n termal koruma sistemlerinin s\u0131zd\u0131rmazl\u0131\u011f\u0131nda da kullanabilirsiniz.<\/p>\n<p>&nbsp;<\/p>\n<p><strong><b>Laboratuvar ekipmanlar\u0131<\/b><\/strong><\/p>\n<p>Y\u00fcksek s\u0131cakl\u0131ktaki f\u0131r\u0131nlarda, <a href=\"https:\/\/en.wikipedia.org\/wiki\/Vacuum_furnace\" target=\"_blank\" rel=\"noopener\">vakum eki\u0307pmanlari<\/a>ve kimyasal deney aparatlar\u0131nda, grafit tapalar da s\u0131zd\u0131rmazl\u0131k ve ba\u011flant\u0131 bile\u015fenleri olarak \u00f6nemli bir rol oynar. Deneysel s\u00fcre\u00e7 i\u00e7in istikrarl\u0131 bir ortam sa\u011flarlar ve gaz s\u0131z\u0131nt\u0131s\u0131n\u0131 veya harici kirliliklerin giri\u015fini \u00f6nlerler.<\/p>\n<p>&nbsp;<\/p>\n<p>&nbsp;<\/p>","protected":false},"excerpt":{"rendered":"<p>Grafit tapalar, y\u00fcksek safl\u0131kta grafit hammaddelerinden yap\u0131lan ve \u00f6zel presleme veya kal\u0131plama i\u015flemleriyle olu\u015fturulan y\u00fcksek kaliteli grafit malzemelerden i\u015flenen s\u0131zd\u0131rmazl\u0131k bile\u015fenleridir. Y\u00fcksek s\u0131cakl\u0131k direnci, korozyon direnci ve d\u00fc\u015f\u00fck s\u00fcrt\u00fcnme nedeniyle, \u00e7e\u015fitli karma\u015f\u0131k \u00e7al\u0131\u015fma ko\u015fullar\u0131 alt\u0131nda istikrarl\u0131 bir \u015fekilde \u00e7al\u0131\u015fabilirler. Ve \u00e7e\u015fitli uygulamalarda yayg\u0131n olarak kullan\u0131lan g\u00fcvenilir ve son derece uyarlanabilir i\u015flevsel bile\u015fenlerdir. \u00d6rne\u011fin, bunlar\u0131 kimyasal boru hatlar\u0131n\u0131n denetim a\u00e7\u0131kl\u0131klar\u0131nda, y\u00fcksek s\u0131cakl\u0131ktaki buhar boru hatlar\u0131n\u0131n ba\u011flant\u0131 noktalar\u0131nda ve u\u00e7ak motorlar\u0131n\u0131n y\u00fcksek s\u0131cakl\u0131ktaki bile\u015fenlerinde kullanabilirsiniz.<\/p>","protected":false},"featured_media":7933,"template":"","meta":[],"product_brand":[],"product_cat":[38],"product_tag":[],"class_list":{"0":"post-7932","1":"product","2":"type-product","3":"status-publish","4":"has-post-thumbnail","6":"product_cat-graphite-products","8":"first","9":"instock","10":"shipping-taxable","11":"product-type-simple"},"yoast_head":"<!-- This site is optimized with the Yoast SEO Premium plugin v19.2.1 (Yoast SEO v25.3) - https:\/\/yoast.com\/wordpress\/plugins\/seo\/ -->\n<title>Graphite Plug Manufacturer in China | Jinsun Carbon<\/title>\n<meta name=\"robots\" content=\"index, follow, max-snippet:-1, max-image-preview:large, max-video-preview:-1\" \/>\n<link rel=\"canonical\" href=\"https:\/\/jinsuncarbon.com\/tr\/urun\/grafit-tapa\/\" \/>\n<meta property=\"og:locale\" content=\"tr_TR\" \/>\n<meta property=\"og:type\" content=\"article\" \/>\n<meta property=\"og:title\" content=\"Graphite Plug\" \/>\n<meta property=\"og:description\" content=\"Graphite plugs are sealing components processed from high-quality graphite materials, which are made from high-purity graphite raw materials and formed through special pressing or molding processes. Because of the high-temperature resistance, corrosion resistance, and low friction, they can stably function under various complex working conditions. And they are reliable and highly adaptable functional components, which are widely used in various applications. For example, you can use them at the inspection openings of chemical pipelines, the connection points of high-temperature steam pipelines, and the high-temperature components of aero engines.\" \/>\n<meta property=\"og:url\" content=\"https:\/\/jinsuncarbon.com\/tr\/urun\/grafit-tapa\/\" \/>\n<meta property=\"og:site_name\" content=\"Jinsun Carbon\" \/>\n<meta property=\"article:publisher\" content=\"https:\/\/www.facebook.com\/Graphite-Electrode-109336238661595\" \/>\n<meta property=\"article:modified_time\" content=\"2025-05-09T08:57:23+00:00\" \/>\n<meta property=\"og:image\" content=\"https:\/\/jinsuncarbon.com\/wp-content\/uploads\/2025\/05\/Graphite-plug.jpg\" \/>\n\t<meta property=\"og:image:width\" content=\"1024\" \/>\n\t<meta property=\"og:image:height\" content=\"763\" \/>\n\t<meta property=\"og:image:type\" content=\"image\/jpeg\" \/>\n<meta name=\"twitter:card\" content=\"summary_large_image\" \/>\n<meta name=\"twitter:site\" content=\"@jinsuncarbon_\" \/>\n<meta name=\"twitter:label1\" content=\"Tahmini okuma s\u00fcresi\" \/>\n\t<meta name=\"twitter:data1\" content=\"3 dakika\" \/>\n<script type=\"application\/ld+json\" class=\"yoast-schema-graph\">{\"@context\":\"https:\/\/schema.org\",\"@graph\":[{\"@type\":\"WebPage\",\"@id\":\"https:\/\/jinsuncarbon.com\/product\/graphite-plug\/\",\"url\":\"https:\/\/jinsuncarbon.com\/product\/graphite-plug\/\",\"name\":\"Graphite Plug Manufacturer in China | Jinsun Carbon\",\"isPartOf\":{\"@id\":\"https:\/\/jinsuncarbon.com\/#website\"},\"primaryImageOfPage\":{\"@id\":\"https:\/\/jinsuncarbon.com\/product\/graphite-plug\/#primaryimage\"},\"image\":{\"@id\":\"https:\/\/jinsuncarbon.com\/product\/graphite-plug\/#primaryimage\"},\"thumbnailUrl\":\"https:\/\/jinsuncarbon.com\/wp-content\/uploads\/2025\/05\/Graphite-plug.jpg\",\"datePublished\":\"2025-05-09T08:57:21+00:00\",\"dateModified\":\"2025-05-09T08:57:23+00:00\",\"breadcrumb\":{\"@id\":\"https:\/\/jinsuncarbon.com\/product\/graphite-plug\/#breadcrumb\"},\"inLanguage\":\"tr\",\"potentialAction\":[{\"@type\":\"ReadAction\",\"target\":[\"https:\/\/jinsuncarbon.com\/product\/graphite-plug\/\"]}]},{\"@type\":\"ImageObject\",\"inLanguage\":\"tr\",\"@id\":\"https:\/\/jinsuncarbon.com\/product\/graphite-plug\/#primaryimage\",\"url\":\"https:\/\/jinsuncarbon.com\/wp-content\/uploads\/2025\/05\/Graphite-plug.jpg\",\"contentUrl\":\"https:\/\/jinsuncarbon.com\/wp-content\/uploads\/2025\/05\/Graphite-plug.jpg\",\"width\":1024,\"height\":763,\"caption\":\"Graphite plug\"},{\"@type\":\"BreadcrumbList\",\"@id\":\"https:\/\/jinsuncarbon.com\/product\/graphite-plug\/#breadcrumb\",\"itemListElement\":[{\"@type\":\"ListItem\",\"position\":1,\"name\":\"Home\",\"item\":\"https:\/\/jinsuncarbon.com\/\"},{\"@type\":\"ListItem\",\"position\":2,\"name\":\"Products\",\"item\":\"https:\/\/jinsuncarbon.com\/graphite-carbon\/\"},{\"@type\":\"ListItem\",\"position\":3,\"name\":\"Graphite Plug\"}]},{\"@type\":\"WebSite\",\"@id\":\"https:\/\/jinsuncarbon.com\/#website\",\"url\":\"https:\/\/jinsuncarbon.com\/\",\"name\":\"Jinsun Carbon\",\"description\":\"We are the successful graphite electrode manufacturer in China\",\"publisher\":{\"@id\":\"https:\/\/jinsuncarbon.com\/#organization\"},\"potentialAction\":[{\"@type\":\"SearchAction\",\"target\":{\"@type\":\"EntryPoint\",\"urlTemplate\":\"https:\/\/jinsuncarbon.com\/?s={search_term_string}\"},\"query-input\":{\"@type\":\"PropertyValueSpecification\",\"valueRequired\":true,\"valueName\":\"search_term_string\"}}],\"inLanguage\":\"tr\"},{\"@type\":\"Organization\",\"@id\":\"https:\/\/jinsuncarbon.com\/#organization\",\"name\":\"Jinsun Carbon\",\"alternateName\":\"Jinsun Carbon\",\"url\":\"https:\/\/jinsuncarbon.com\/\",\"logo\":{\"@type\":\"ImageObject\",\"inLanguage\":\"tr\",\"@id\":\"https:\/\/jinsuncarbon.com\/#\/schema\/logo\/image\/\",\"url\":\"https:\/\/jinsuncarbon.com\/wp-content\/uploads\/2022\/12\/LOGO-1.png\",\"contentUrl\":\"https:\/\/jinsuncarbon.com\/wp-content\/uploads\/2022\/12\/LOGO-1.png\",\"width\":207,\"height\":80,\"caption\":\"Jinsun Carbon\"},\"image\":{\"@id\":\"https:\/\/jinsuncarbon.com\/#\/schema\/logo\/image\/\"},\"sameAs\":[\"https:\/\/www.facebook.com\/Graphite-Electrode-109336238661595\",\"https:\/\/x.com\/jinsuncarbon_\",\"https:\/\/www.linkedin.com\/in\/jinsungraphite\",\"https:\/\/www.youtube.com\/channel\/UCysDNyvyR5-3cCWEmpkVC0g\"]}]}<\/script>\n<!-- \/ Yoast SEO Premium plugin. -->","yoast_head_json":{"title":"\u00c7in'de Grafit Tapa \u00dcreticisi | Jinsun Carbon","robots":{"index":"index","follow":"follow","max-snippet":"max-snippet:-1","max-image-preview":"max-image-preview:large","max-video-preview":"max-video-preview:-1"},"canonical":"https:\/\/jinsuncarbon.com\/tr\/urun\/grafit-tapa\/","og_locale":"tr_TR","og_type":"article","og_title":"Graphite Plug","og_description":"Graphite plugs are sealing components processed from high-quality graphite materials, which are made from high-purity graphite raw materials and formed through special pressing or molding processes. Because of the high-temperature resistance, corrosion resistance, and low friction, they can stably function under various complex working conditions. And they are reliable and highly adaptable functional components, which are widely used in various applications. For example, you can use them at the inspection openings of chemical pipelines, the connection points of high-temperature steam pipelines, and the high-temperature components of aero engines.","og_url":"https:\/\/jinsuncarbon.com\/tr\/urun\/grafit-tapa\/","og_site_name":"Jinsun Carbon","article_publisher":"https:\/\/www.facebook.com\/Graphite-Electrode-109336238661595","article_modified_time":"2025-05-09T08:57:23+00:00","og_image":[{"width":1024,"height":763,"url":"https:\/\/jinsuncarbon.com\/wp-content\/uploads\/2025\/05\/Graphite-plug.jpg","type":"image\/jpeg"}],"twitter_card":"summary_large_image","twitter_site":"@jinsuncarbon_","twitter_misc":{"Tahmini okuma s\u00fcresi":"3 dakika"},"schema":{"@context":"https:\/\/schema.org","@graph":[{"@type":"WebPage","@id":"https:\/\/jinsuncarbon.com\/product\/graphite-plug\/","url":"https:\/\/jinsuncarbon.com\/product\/graphite-plug\/","name":"\u00c7in'de Grafit Tapa \u00dcreticisi | Jinsun Carbon","isPartOf":{"@id":"https:\/\/jinsuncarbon.com\/#website"},"primaryImageOfPage":{"@id":"https:\/\/jinsuncarbon.com\/product\/graphite-plug\/#primaryimage"},"image":{"@id":"https:\/\/jinsuncarbon.com\/product\/graphite-plug\/#primaryimage"},"thumbnailUrl":"https:\/\/jinsuncarbon.com\/wp-content\/uploads\/2025\/05\/Graphite-plug.jpg","datePublished":"2025-05-09T08:57:21+00:00","dateModified":"2025-05-09T08:57:23+00:00","breadcrumb":{"@id":"https:\/\/jinsuncarbon.com\/product\/graphite-plug\/#breadcrumb"},"inLanguage":"tr","potentialAction":[{"@type":"ReadAction","target":["https:\/\/jinsuncarbon.com\/product\/graphite-plug\/"]}]},{"@type":"ImageObject","inLanguage":"tr","@id":"https:\/\/jinsuncarbon.com\/product\/graphite-plug\/#primaryimage","url":"https:\/\/jinsuncarbon.com\/wp-content\/uploads\/2025\/05\/Graphite-plug.jpg","contentUrl":"https:\/\/jinsuncarbon.com\/wp-content\/uploads\/2025\/05\/Graphite-plug.jpg","width":1024,"height":763,"caption":"Graphite plug"},{"@type":"BreadcrumbList","@id":"https:\/\/jinsuncarbon.com\/product\/graphite-plug\/#breadcrumb","itemListElement":[{"@type":"ListItem","position":1,"name":"Home","item":"https:\/\/jinsuncarbon.com\/"},{"@type":"ListItem","position":2,"name":"Products","item":"https:\/\/jinsuncarbon.com\/graphite-carbon\/"},{"@type":"ListItem","position":3,"name":"Graphite Plug"}]},{"@type":"WebSite","@id":"https:\/\/jinsuncarbon.com\/#website","url":"https:\/\/jinsuncarbon.com\/","name":"Jinsun Karbon","description":"\u00c7in'deki ba\u015far\u0131l\u0131 grafit elektrot \u00fcreticisiyiz","publisher":{"@id":"https:\/\/jinsuncarbon.com\/#organization"},"potentialAction":[{"@type":"SearchAction","target":{"@type":"EntryPoint","urlTemplate":"https:\/\/jinsuncarbon.com\/?s={search_term_string}"},"query-input":{"@type":"PropertyValueSpecification","valueRequired":true,"valueName":"search_term_string"}}],"inLanguage":"tr"},{"@type":"Organization","@id":"https:\/\/jinsuncarbon.com\/#organization","name":"Jinsun Karbon","alternateName":"Jinsun Carbon","url":"https:\/\/jinsuncarbon.com\/","logo":{"@type":"ImageObject","inLanguage":"tr","@id":"https:\/\/jinsuncarbon.com\/#\/schema\/logo\/image\/","url":"https:\/\/jinsuncarbon.com\/wp-content\/uploads\/2022\/12\/LOGO-1.png","contentUrl":"https:\/\/jinsuncarbon.com\/wp-content\/uploads\/2022\/12\/LOGO-1.png","width":207,"height":80,"caption":"Jinsun Carbon"},"image":{"@id":"https:\/\/jinsuncarbon.com\/#\/schema\/logo\/image\/"},"sameAs":["https:\/\/www.facebook.com\/Graphite-Electrode-109336238661595","https:\/\/x.com\/jinsuncarbon_","https:\/\/www.linkedin.com\/in\/jinsungraphite","https:\/\/www.youtube.com\/channel\/UCysDNyvyR5-3cCWEmpkVC0g"]}]}},"_links":{"self":[{"href":"https:\/\/jinsuncarbon.com\/tr\/wp-json\/wp\/v2\/product\/7932","targetHints":{"allow":["GET"]}}],"collection":[{"href":"https:\/\/jinsuncarbon.com\/tr\/wp-json\/wp\/v2\/product"}],"about":[{"href":"https:\/\/jinsuncarbon.com\/tr\/wp-json\/wp\/v2\/types\/product"}],"wp:featuredmedia":[{"embeddable":true,"href":"https:\/\/jinsuncarbon.com\/tr\/wp-json\/wp\/v2\/media\/7933"}],"wp:attachment":[{"href":"https:\/\/jinsuncarbon.com\/tr\/wp-json\/wp\/v2\/media?parent=7932"}],"wp:term":[{"taxonomy":"product_brand","embeddable":true,"href":"https:\/\/jinsuncarbon.com\/tr\/wp-json\/wp\/v2\/product_brand?post=7932"},{"taxonomy":"product_cat","embeddable":true,"href":"https:\/\/jinsuncarbon.com\/tr\/wp-json\/wp\/v2\/product_cat?post=7932"},{"taxonomy":"product_tag","embeddable":true,"href":"https:\/\/jinsuncarbon.com\/tr\/wp-json\/wp\/v2\/product_tag?post=7932"}],"curies":[{"name":"wp","href":"https:\/\/api.w.org\/{rel}","templated":true}]}}