{"id":7915,"date":"2025-05-03T03:46:00","date_gmt":"2025-05-03T03:46:00","guid":{"rendered":"https:\/\/jinsuncarbon.com\/?post_type=product&#038;p=7915"},"modified":"2025-05-03T03:46:00","modified_gmt":"2025-05-03T03:46:00","slug":"cam-icin-grafit-kalip","status":"publish","type":"product","link":"https:\/\/jinsuncarbon.com\/tr\/urun\/cam-icin-grafit-kalip\/","title":{"rendered":"Cam i\u00e7in Grafit Kal\u0131p"},"content":{"rendered":"<h2>Cam i\u00e7in Grafit Kal\u0131b\u0131n Avantajlar\u0131<\/h2>\n<p>Cam grafit kal\u0131p, farkl\u0131 cam \u00fcretim gereksinimlerine g\u00f6re \u00e7e\u015fitli \u015fekillerde i\u015flenebilir ve avantajlar\u0131 \u00e7ok dikkat \u00e7ekicidir.<\/p>\n<p><strong><b>M\u00fckemmel y\u00fcksek s\u0131cakl\u0131k direnci <\/b><\/strong><\/p>\n<p>Deformasyon veya hasar olmadan 1000\u2103-1600\u2103 y\u00fcksek s\u0131cakl\u0131ktaki cam \u015fekillendirme ortam\u0131nda stabil kalabilir.<\/p>\n<p>&nbsp;<\/p>\n<p><strong><b>Son derece kararl\u0131 kimyasal \u00f6zellikler <\/b><\/strong><\/p>\n<p>Erimi\u015f camla neredeyse hi\u00e7 kimyasal reaksiyona girmez ve cam \u00fcr\u00fcnlerin safl\u0131\u011f\u0131n\u0131 ve kalitesini sa\u011flar.<\/p>\n<p>&nbsp;<\/p>\n<p><strong><b>D\u00fczg\u00fcn \u0131s\u0131 iletimi <\/b><\/strong><\/p>\n<p>Cam\u0131n kal\u0131p i\u00e7inde h\u0131zl\u0131 ve e\u015fit bir \u015fekilde so\u011fumas\u0131n\u0131 ve \u015fekillenmesini sa\u011flayarak \u00fcretim verimlili\u011fini etkili bir \u015fekilde art\u0131r\u0131r.<\/p>\n<p>&nbsp;<\/p>\n<p><strong><b>M\u00fckemmel kal\u0131ptan \u00e7\u0131karma performans\u0131<\/b><\/strong><\/p>\n<p>Y\u00fczeyi p\u00fcr\u00fczs\u00fczd\u00fcr, bu nedenle cam \u00fcr\u00fcnler ve kal\u0131plar aras\u0131ndaki yap\u0131\u015fmay\u0131 azaltabilir, hurda oran\u0131n\u0131 d\u00fc\u015f\u00fcrebilir. Ayr\u0131ca kal\u0131plar\u0131n temizlenmesini ve yeniden kullan\u0131lmas\u0131n\u0131 kolayla\u015ft\u0131r\u0131r.<\/p>\n<p>&nbsp;<\/p>\n<p><strong><b>Y\u00fcksek mekanik mukavemet ve m\u00fckemmel a\u015f\u0131nma direnci<\/b><\/strong><\/p>\n<p>Birden fazla kullan\u0131mdan sonra bile, iyi \u015fekil do\u011frulu\u011funu koruyabilir ve kal\u0131b\u0131n hizmet \u00f6mr\u00fcn\u00fc uzatabilir.<\/p>\n<p><strong><b>\u00a0<\/b><\/strong><\/p>\n<h2>Cam i\u00e7in Grafit Kal\u0131p \u00c7e\u015fitleri<\/h2>\n<p><strong><b>\u015eekillendirme kal\u0131b\u0131: <\/b><\/strong><\/p>\n<p>\u00d6zellikle \u015fi\u015fe, kase, tabak vb. gibi cam \u00fcr\u00fcnlere belirli \u015fekiller vermek i\u00e7in kullan\u0131l\u0131r. Bu tip kal\u0131plar\u0131n tasar\u0131m\u0131n\u0131n, cam \u00fcr\u00fcn\u00fcn nihai \u015fekline ve boyutuna g\u00f6re hassas bir \u015fekilde i\u015flenmesi gerekir. \u00dcr\u00fcn\u00fcn g\u00f6r\u00fcn\u00fcm ve kullan\u0131m gereksinimlerini kar\u015f\u0131lamak i\u00e7in.<\/p>\n<p><strong><b>\u00a0<\/b><\/strong><\/p>\n<p><strong><b>Tavlama kal\u0131b\u0131: <\/b><\/strong><\/p>\n<p>Ana i\u015flevi cam \u00fcr\u00fcnleri desteklemek ve sabitlemek olan cam tavlama i\u015fleminde kullan\u0131l\u0131r. Cam\u0131n yava\u015f so\u011futma i\u015flemi s\u0131ras\u0131nda i\u00e7 gerilimi ortadan kald\u0131rabilir ve \u00e7atlaklar gibi kusurlar\u0131 \u00f6nleyebilir.<\/p>\n<p>&nbsp;<\/p>\n<h2>Cam i\u00e7in Grafit Kal\u0131b\u0131n Kullan\u0131m Alanlar\u0131<\/h2>\n<p><strong><b>Cam e\u015fya \u00fcretimi: <\/b><\/strong><\/p>\n<p>Grafit kal\u0131b\u0131 \u00e7e\u015fitli cam vazolar, \u015farap kadehleri, sofra tak\u0131mlar\u0131 ve di\u011fer cam e\u015fyalar\u0131 \u00fcretmek i\u00e7in kullanabilirsiniz. Kaplar\u0131n formlar\u0131n\u0131 ve detaylar\u0131n\u0131 hassas bir \u015fekilde \u015fekillendirebilir. M\u00fckemmel kal\u0131ptan \u00e7\u0131karma performans\u0131, \u015fekillendirmeden sonra cam e\u015fyalar\u0131n y\u00fczeyini p\u00fcr\u00fczs\u00fcz ve konturunu net hale getirir. Bu, sonraki ta\u015flama ve i\u015fleme prosed\u00fcrlerini azalt\u0131r ve \u00fcretim verimlili\u011fini ve \u00fcr\u00fcn kalitesini art\u0131r\u0131r.<\/p>\n<p>&nbsp;<\/p>\n<p><strong><b>Mimari cam \u00fcretimi: <\/b><\/strong><\/p>\n<p>D\u00fcz cam, yal\u0131t\u0131m cam\u0131 ve di\u011fer mimari camlar\u0131n \u00fcretiminde, cam\u0131n \u015fekillendirilmesi ve bi\u00e7imlendirilmesi i\u00e7in kullanabilirsiniz. M\u00fckemmelli\u011fi nedeniyle <a href=\"https:\/\/en.wikipedia.org\/wiki\/Thermal_conductivity_and_resistivity\" target=\"_blank\" rel=\"noopener\">termal iletkenlik<\/a>Cam\u0131n d\u00fczl\u00fc\u011f\u00fcn\u00fc ve boyutsal do\u011frulu\u011funu sa\u011flayarak cam\u0131 h\u0131zl\u0131 bir \u015fekilde so\u011futabilir ve \u015fekillendirebilirsiniz. Ve cam\u0131n kalitesi ve \u00f6zellikleri i\u00e7in in\u015faat end\u00fcstrisinin kat\u0131 gereksinimlerini kar\u015f\u0131lar.<\/p>\n<p>&nbsp;<\/p>\n<p><strong><b>Optik cam i\u015fleme: <\/b><\/strong><\/p>\n<p>Optik lensler, prizmalar ve di\u011fer optik cam \u00fcr\u00fcnleri, y\u00fcksek hassasiyetle \u00fcretmek i\u00e7in kullanabilirsiniz. Kararl\u0131 kimyasal \u00f6zellikleri ve y\u00fcksek hassasiyetli i\u015fleme boyutlar\u0131, optik cam\u0131n \u015fekillendirme i\u015flemi s\u0131ras\u0131nda kirlenmemesini sa\u011flayabilir. M\u00fckemmel optik performansa sahiptir ve optik aletlerin \u00fcretimi i\u00e7in y\u00fcksek kaliteli cam bile\u015fenler sa\u011flar.<\/p>\n<p>&nbsp;<\/p>\n<p><strong><b>\u00d6zel cam \u00fcretimi: <\/b><\/strong><\/p>\n<p>Y\u00fcksek s\u0131cakl\u0131\u011fa dayan\u0131kl\u0131 cam ve radyasyona dayan\u0131kl\u0131 cam gibi baz\u0131 \u00f6zel performansl\u0131 camlar i\u00e7in de kullanabilirsiniz. <a href=\"https:\/\/jinsuncarbon.com\/tr\/grafit-kalip-nasil-yapilir\/\">Grafit kal\u0131p<\/a> y\u00fcksek s\u0131cakl\u0131klar ve \u00f6zel kimyasal ortamlar gibi karma\u015f\u0131k ko\u015fullar alt\u0131nda normal olarak kullan\u0131labilir. \u00d6zel camlar\u0131n \u015fekillendirilmesinde ve performans\u0131nda kararl\u0131l\u0131k sa\u011flar. Bu nedenle havac\u0131l\u0131k ve n\u00fckleer sanayi gibi alanlarda \u00f6zel cam \u00fcretiminde \u00f6nemli bir rol oynar.<\/p>","protected":false},"excerpt":{"rendered":"<p>Cam i\u00e7in grafit kal\u0131p, y\u00fcksek safl\u0131kta grafit malzemelerden yap\u0131lm\u0131\u015f cam \u00fcr\u00fcnlerin \u015fekillendirilmesi ve i\u015flenmesi i\u00e7in kullan\u0131lan bir t\u00fcr kal\u0131pt\u0131r. Cam \u015fekillendirme ve i\u015fleme alan\u0131nda \u00f6nemli bir konuma sahip olan grafitin m\u00fckemmel y\u00fcksek s\u0131cakl\u0131k direnci, kimyasal stabilitesi ve iyi termal iletkenli\u011fi vard\u0131r. Grafit kal\u0131p, y\u00fcksek s\u0131cakl\u0131kta ve karma\u015f\u0131k cam \u00fcretim s\u00fcre\u00e7lerinde istikrarl\u0131 bir \u015fekilde \u00e7al\u0131\u015fabilir. Bu nedenle cam \u015fekillendirme s\u00fcrecinde g\u00fcvenilir ve dayan\u0131kl\u0131 bir ara\u00e7t\u0131r. \u0130ster g\u00fcnl\u00fck kullan\u0131m ama\u00e7l\u0131 cam \u015fi\u015fe ve kavanoz \u00fcretimi, ister hassas optik lens ve elektronik ekran cam\u0131 \u00fcretimi olsun, grafit kal\u0131p vazge\u00e7ilmez bir rol oynar.<\/p>","protected":false},"featured_media":7917,"template":"","meta":[],"product_brand":[],"product_cat":[38],"product_tag":[],"class_list":{"0":"post-7915","1":"product","2":"type-product","3":"status-publish","4":"has-post-thumbnail","6":"product_cat-graphite-products","8":"first","9":"instock","10":"shipping-taxable","11":"product-type-simple"},"yoast_head":"<!-- This site is optimized with the Yoast SEO Premium plugin v19.2.1 (Yoast SEO v25.3) - https:\/\/yoast.com\/wordpress\/plugins\/seo\/ -->\n<title>Graphite Mold for Glass | Jinsun Carbon<\/title>\n<meta name=\"description\" content=\"Graphite mold manufacturers, custom graphite molds for sale, for glass, metal casting, aluminum, jewelry and other industries, contact us now\" \/>\n<meta name=\"robots\" content=\"index, follow, max-snippet:-1, max-image-preview:large, max-video-preview:-1\" \/>\n<link rel=\"canonical\" href=\"https:\/\/jinsuncarbon.com\/tr\/urun\/cam-icin-grafit-kalip\/\" \/>\n<meta property=\"og:locale\" content=\"tr_TR\" \/>\n<meta property=\"og:type\" content=\"article\" \/>\n<meta property=\"og:title\" content=\"Graphite Mold for Glass\" \/>\n<meta property=\"og:description\" content=\"Graphite mold manufacturers, custom graphite molds for sale, for glass, metal casting, aluminum, jewelry and other industries, contact us now\" \/>\n<meta property=\"og:url\" content=\"https:\/\/jinsuncarbon.com\/tr\/urun\/cam-icin-grafit-kalip\/\" \/>\n<meta property=\"og:site_name\" content=\"Jinsun Carbon\" \/>\n<meta property=\"article:publisher\" content=\"https:\/\/www.facebook.com\/Graphite-Electrode-109336238661595\" \/>\n<meta property=\"og:image\" content=\"https:\/\/jinsuncarbon.com\/wp-content\/uploads\/2025\/05\/Graphite-Mold-for-Glass-1.jpg\" \/>\n\t<meta property=\"og:image:width\" content=\"1025\" \/>\n\t<meta property=\"og:image:height\" content=\"763\" \/>\n\t<meta property=\"og:image:type\" content=\"image\/jpeg\" \/>\n<meta name=\"twitter:card\" content=\"summary_large_image\" \/>\n<meta name=\"twitter:site\" content=\"@jinsuncarbon_\" \/>\n<meta name=\"twitter:label1\" content=\"Tahmini okuma s\u00fcresi\" \/>\n\t<meta name=\"twitter:data1\" content=\"3 dakika\" \/>\n<script type=\"application\/ld+json\" class=\"yoast-schema-graph\">{\"@context\":\"https:\/\/schema.org\",\"@graph\":[{\"@type\":\"WebPage\",\"@id\":\"https:\/\/jinsuncarbon.com\/product\/graphite-mold-for-glass\/\",\"url\":\"https:\/\/jinsuncarbon.com\/product\/graphite-mold-for-glass\/\",\"name\":\"Graphite Mold for Glass | Jinsun Carbon\",\"isPartOf\":{\"@id\":\"https:\/\/jinsuncarbon.com\/#website\"},\"primaryImageOfPage\":{\"@id\":\"https:\/\/jinsuncarbon.com\/product\/graphite-mold-for-glass\/#primaryimage\"},\"image\":{\"@id\":\"https:\/\/jinsuncarbon.com\/product\/graphite-mold-for-glass\/#primaryimage\"},\"thumbnailUrl\":\"https:\/\/jinsuncarbon.com\/wp-content\/uploads\/2025\/05\/Graphite-Mold-for-Glass-1.jpg\",\"datePublished\":\"2025-05-03T03:46:00+00:00\",\"description\":\"Graphite mold manufacturers, custom graphite molds for sale, for glass, metal casting, aluminum, jewelry and other industries, contact us now\",\"breadcrumb\":{\"@id\":\"https:\/\/jinsuncarbon.com\/product\/graphite-mold-for-glass\/#breadcrumb\"},\"inLanguage\":\"tr\",\"potentialAction\":[{\"@type\":\"ReadAction\",\"target\":[\"https:\/\/jinsuncarbon.com\/product\/graphite-mold-for-glass\/\"]}]},{\"@type\":\"ImageObject\",\"inLanguage\":\"tr\",\"@id\":\"https:\/\/jinsuncarbon.com\/product\/graphite-mold-for-glass\/#primaryimage\",\"url\":\"https:\/\/jinsuncarbon.com\/wp-content\/uploads\/2025\/05\/Graphite-Mold-for-Glass-1.jpg\",\"contentUrl\":\"https:\/\/jinsuncarbon.com\/wp-content\/uploads\/2025\/05\/Graphite-Mold-for-Glass-1.jpg\",\"width\":1025,\"height\":763,\"caption\":\"Graphite Mold for Glass\"},{\"@type\":\"BreadcrumbList\",\"@id\":\"https:\/\/jinsuncarbon.com\/product\/graphite-mold-for-glass\/#breadcrumb\",\"itemListElement\":[{\"@type\":\"ListItem\",\"position\":1,\"name\":\"Home\",\"item\":\"https:\/\/jinsuncarbon.com\/\"},{\"@type\":\"ListItem\",\"position\":2,\"name\":\"Products\",\"item\":\"https:\/\/jinsuncarbon.com\/graphite-carbon\/\"},{\"@type\":\"ListItem\",\"position\":3,\"name\":\"Graphite Mold for Glass\"}]},{\"@type\":\"WebSite\",\"@id\":\"https:\/\/jinsuncarbon.com\/#website\",\"url\":\"https:\/\/jinsuncarbon.com\/\",\"name\":\"Jinsun Carbon\",\"description\":\"We are the successful graphite electrode manufacturer in China\",\"publisher\":{\"@id\":\"https:\/\/jinsuncarbon.com\/#organization\"},\"potentialAction\":[{\"@type\":\"SearchAction\",\"target\":{\"@type\":\"EntryPoint\",\"urlTemplate\":\"https:\/\/jinsuncarbon.com\/?s={search_term_string}\"},\"query-input\":{\"@type\":\"PropertyValueSpecification\",\"valueRequired\":true,\"valueName\":\"search_term_string\"}}],\"inLanguage\":\"tr\"},{\"@type\":\"Organization\",\"@id\":\"https:\/\/jinsuncarbon.com\/#organization\",\"name\":\"Jinsun Carbon\",\"alternateName\":\"Jinsun Carbon\",\"url\":\"https:\/\/jinsuncarbon.com\/\",\"logo\":{\"@type\":\"ImageObject\",\"inLanguage\":\"tr\",\"@id\":\"https:\/\/jinsuncarbon.com\/#\/schema\/logo\/image\/\",\"url\":\"https:\/\/jinsuncarbon.com\/wp-content\/uploads\/2022\/12\/LOGO-1.png\",\"contentUrl\":\"https:\/\/jinsuncarbon.com\/wp-content\/uploads\/2022\/12\/LOGO-1.png\",\"width\":207,\"height\":80,\"caption\":\"Jinsun Carbon\"},\"image\":{\"@id\":\"https:\/\/jinsuncarbon.com\/#\/schema\/logo\/image\/\"},\"sameAs\":[\"https:\/\/www.facebook.com\/Graphite-Electrode-109336238661595\",\"https:\/\/x.com\/jinsuncarbon_\",\"https:\/\/www.linkedin.com\/in\/jinsungraphite\",\"https:\/\/www.youtube.com\/channel\/UCysDNyvyR5-3cCWEmpkVC0g\"]}]}<\/script>\n<!-- \/ Yoast SEO Premium plugin. -->","yoast_head_json":{"title":"Cam i\u00e7in Grafit Kal\u0131p | Jinsun Carbon","description":"Grafit kal\u0131p \u00fcreticileri, cam, metal d\u00f6k\u00fcm, al\u00fcminyum, m\u00fccevher ve di\u011fer end\u00fcstriler i\u00e7in sat\u0131l\u0131k \u00f6zel grafit kal\u0131plar, \u015fimdi bize ula\u015f\u0131n","robots":{"index":"index","follow":"follow","max-snippet":"max-snippet:-1","max-image-preview":"max-image-preview:large","max-video-preview":"max-video-preview:-1"},"canonical":"https:\/\/jinsuncarbon.com\/tr\/urun\/cam-icin-grafit-kalip\/","og_locale":"tr_TR","og_type":"article","og_title":"Graphite Mold for Glass","og_description":"Graphite mold manufacturers, custom graphite molds for sale, for glass, metal casting, aluminum, jewelry and other industries, contact us now","og_url":"https:\/\/jinsuncarbon.com\/tr\/urun\/cam-icin-grafit-kalip\/","og_site_name":"Jinsun Carbon","article_publisher":"https:\/\/www.facebook.com\/Graphite-Electrode-109336238661595","og_image":[{"width":1025,"height":763,"url":"https:\/\/jinsuncarbon.com\/wp-content\/uploads\/2025\/05\/Graphite-Mold-for-Glass-1.jpg","type":"image\/jpeg"}],"twitter_card":"summary_large_image","twitter_site":"@jinsuncarbon_","twitter_misc":{"Tahmini okuma s\u00fcresi":"3 dakika"},"schema":{"@context":"https:\/\/schema.org","@graph":[{"@type":"WebPage","@id":"https:\/\/jinsuncarbon.com\/product\/graphite-mold-for-glass\/","url":"https:\/\/jinsuncarbon.com\/product\/graphite-mold-for-glass\/","name":"Cam i\u00e7in Grafit Kal\u0131p | Jinsun Carbon","isPartOf":{"@id":"https:\/\/jinsuncarbon.com\/#website"},"primaryImageOfPage":{"@id":"https:\/\/jinsuncarbon.com\/product\/graphite-mold-for-glass\/#primaryimage"},"image":{"@id":"https:\/\/jinsuncarbon.com\/product\/graphite-mold-for-glass\/#primaryimage"},"thumbnailUrl":"https:\/\/jinsuncarbon.com\/wp-content\/uploads\/2025\/05\/Graphite-Mold-for-Glass-1.jpg","datePublished":"2025-05-03T03:46:00+00:00","description":"Grafit kal\u0131p \u00fcreticileri, cam, metal d\u00f6k\u00fcm, al\u00fcminyum, m\u00fccevher ve di\u011fer end\u00fcstriler i\u00e7in sat\u0131l\u0131k \u00f6zel grafit kal\u0131plar, \u015fimdi bize ula\u015f\u0131n","breadcrumb":{"@id":"https:\/\/jinsuncarbon.com\/product\/graphite-mold-for-glass\/#breadcrumb"},"inLanguage":"tr","potentialAction":[{"@type":"ReadAction","target":["https:\/\/jinsuncarbon.com\/product\/graphite-mold-for-glass\/"]}]},{"@type":"ImageObject","inLanguage":"tr","@id":"https:\/\/jinsuncarbon.com\/product\/graphite-mold-for-glass\/#primaryimage","url":"https:\/\/jinsuncarbon.com\/wp-content\/uploads\/2025\/05\/Graphite-Mold-for-Glass-1.jpg","contentUrl":"https:\/\/jinsuncarbon.com\/wp-content\/uploads\/2025\/05\/Graphite-Mold-for-Glass-1.jpg","width":1025,"height":763,"caption":"Graphite Mold for Glass"},{"@type":"BreadcrumbList","@id":"https:\/\/jinsuncarbon.com\/product\/graphite-mold-for-glass\/#breadcrumb","itemListElement":[{"@type":"ListItem","position":1,"name":"Home","item":"https:\/\/jinsuncarbon.com\/"},{"@type":"ListItem","position":2,"name":"Products","item":"https:\/\/jinsuncarbon.com\/graphite-carbon\/"},{"@type":"ListItem","position":3,"name":"Graphite Mold for Glass"}]},{"@type":"WebSite","@id":"https:\/\/jinsuncarbon.com\/#website","url":"https:\/\/jinsuncarbon.com\/","name":"Jinsun Karbon","description":"\u00c7in'deki ba\u015far\u0131l\u0131 grafit elektrot \u00fcreticisiyiz","publisher":{"@id":"https:\/\/jinsuncarbon.com\/#organization"},"potentialAction":[{"@type":"SearchAction","target":{"@type":"EntryPoint","urlTemplate":"https:\/\/jinsuncarbon.com\/?s={search_term_string}"},"query-input":{"@type":"PropertyValueSpecification","valueRequired":true,"valueName":"search_term_string"}}],"inLanguage":"tr"},{"@type":"Organization","@id":"https:\/\/jinsuncarbon.com\/#organization","name":"Jinsun Karbon","alternateName":"Jinsun Carbon","url":"https:\/\/jinsuncarbon.com\/","logo":{"@type":"ImageObject","inLanguage":"tr","@id":"https:\/\/jinsuncarbon.com\/#\/schema\/logo\/image\/","url":"https:\/\/jinsuncarbon.com\/wp-content\/uploads\/2022\/12\/LOGO-1.png","contentUrl":"https:\/\/jinsuncarbon.com\/wp-content\/uploads\/2022\/12\/LOGO-1.png","width":207,"height":80,"caption":"Jinsun Carbon"},"image":{"@id":"https:\/\/jinsuncarbon.com\/#\/schema\/logo\/image\/"},"sameAs":["https:\/\/www.facebook.com\/Graphite-Electrode-109336238661595","https:\/\/x.com\/jinsuncarbon_","https:\/\/www.linkedin.com\/in\/jinsungraphite","https:\/\/www.youtube.com\/channel\/UCysDNyvyR5-3cCWEmpkVC0g"]}]}},"_links":{"self":[{"href":"https:\/\/jinsuncarbon.com\/tr\/wp-json\/wp\/v2\/product\/7915","targetHints":{"allow":["GET"]}}],"collection":[{"href":"https:\/\/jinsuncarbon.com\/tr\/wp-json\/wp\/v2\/product"}],"about":[{"href":"https:\/\/jinsuncarbon.com\/tr\/wp-json\/wp\/v2\/types\/product"}],"wp:featuredmedia":[{"embeddable":true,"href":"https:\/\/jinsuncarbon.com\/tr\/wp-json\/wp\/v2\/media\/7917"}],"wp:attachment":[{"href":"https:\/\/jinsuncarbon.com\/tr\/wp-json\/wp\/v2\/media?parent=7915"}],"wp:term":[{"taxonomy":"product_brand","embeddable":true,"href":"https:\/\/jinsuncarbon.com\/tr\/wp-json\/wp\/v2\/product_brand?post=7915"},{"taxonomy":"product_cat","embeddable":true,"href":"https:\/\/jinsuncarbon.com\/tr\/wp-json\/wp\/v2\/product_cat?post=7915"},{"taxonomy":"product_tag","embeddable":true,"href":"https:\/\/jinsuncarbon.com\/tr\/wp-json\/wp\/v2\/product_tag?post=7915"}],"curies":[{"name":"wp","href":"https:\/\/api.w.org\/{rel}","templated":true}]}}