{"id":7898,"date":"2025-04-30T10:03:10","date_gmt":"2025-04-30T10:03:10","guid":{"rendered":"https:\/\/jinsuncarbon.com\/?post_type=product&#038;p=7898"},"modified":"2025-04-30T10:03:11","modified_gmt":"2025-04-30T10:03:11","slug":"aluminyum-icin-grafit-pota","status":"publish","type":"product","link":"https:\/\/jinsuncarbon.com\/tr\/urun\/aluminyum-icin-grafit-pota\/","title":{"rendered":"Al\u00fcminyum i\u00e7in Grafit Pota"},"content":{"rendered":"<h2 class=\"ql-align-justify\">Al\u00fcminyum i\u00e7in Grafit Pota Avantajlar\u0131<\/h2>\n<p class=\"ql-align-justify\">Genel olarak, al\u00fcminyum i\u00e7in kullan\u0131lan grafit pota \u00e7e\u015fitli \u00f6zelliklere ve \u015fekillere sahiptir ve avantajlar\u0131 \u00e7ok \u00f6nemlidir.<\/p>\n<p class=\"ql-align-justify\"><strong>M\u00fckemmel y\u00fcksek s\u0131cakl\u0131k direnci<\/strong><\/p>\n<p class=\"ql-align-justify\">Al\u00fcminyumun 660\u00b0C civar\u0131ndaki erime noktas\u0131n\u0131 \u00e7ok a\u015fan 1000\u00b0C'nin \u00fczerindeki s\u0131cakl\u0131klara dayanabilir. B\u00f6ylece al\u00fcminyum eritme i\u015flemi s\u0131ras\u0131nda kararl\u0131l\u0131k ve g\u00fcvenilirlik sa\u011flar.<\/p>\n<p class=\"ql-align-justify\">\n<p class=\"ql-align-justify\"><strong>Son derece kararl\u0131 kimyasal \u00f6zellikler<\/strong><\/p>\n<p class=\"ql-align-justify\">Erimi\u015f al\u00fcminyumun erozyonuna kar\u015f\u0131 m\u00fckemmel dirence sahiptir ve pota malzemesi ile al\u00fcminyum aras\u0131ndaki kimyasal reaksiyonlar\u0131 \u00f6nler. Ve erimi\u015f al\u00fcminyumun safl\u0131\u011f\u0131n\u0131 sa\u011flayabilir.<\/p>\n<p class=\"ql-align-justify\">\n<p class=\"ql-align-justify\"><strong>M\u00fckemmel \u0131s\u0131 iletkenli\u011fi<\/strong><\/p>\n<p class=\"ql-align-justify\">Is\u0131y\u0131 e\u015fit olarak aktarabilir, al\u00fcminyumun h\u0131zl\u0131 erimesini te\u015fvik edebilir ve eritme s\u00fcresini k\u0131saltabilir.<\/p>\n<p class=\"ql-align-justify\">\n<p class=\"ql-align-justify\"><strong>Y\u00fcksek mekanik dayan\u0131m<\/strong><\/p>\n<p class=\"ql-align-justify\">Yer\u00e7ekimi kuvvetine ve erimi\u015f al\u00fcminyumun kar\u0131\u015ft\u0131r\u0131lmas\u0131na ve k\u0131r\u0131lmas\u0131 kolay olmayan di\u011fer d\u0131\u015f kuvvetlere dayanabilir.<\/p>\n<p class=\"ql-align-justify\">\n<p class=\"ql-align-justify\"><strong>P\u00fcr\u00fczs\u00fcz i\u00e7 duvar<\/strong><\/p>\n<p class=\"ql-align-justify\">Bu, erimi\u015f al\u00fcminyumun d\u00f6k\u00fclmesine ve \u015fekillendirilmesine yard\u0131mc\u0131 olur ve erimi\u015f al\u00fcminyum kal\u0131nt\u0131s\u0131n\u0131 azalt\u0131r. B\u00f6ylece malzemelerin kullan\u0131m oran\u0131n\u0131 art\u0131r\u0131r.<\/p>\n<p class=\"ql-align-justify\">\n<p class=\"ql-align-justify\"><strong>Uzun hizmet \u00f6mr\u00fc<\/strong><\/p>\n<p class=\"ql-align-justify\">Normal kullan\u0131m ve bak\u0131m ko\u015fullar\u0131 alt\u0131nda, bir\u00e7ok kez yeniden kullanabilirsiniz, bu da \u00fcretim maliyetlerini etkili bir \u015fekilde azalt\u0131r.<\/p>\n<p class=\"ql-align-justify\">\n<h2 class=\"ql-align-justify\">Al\u00fcminyum i\u00e7in Grafit Pota Kullan\u0131m Alanlar\u0131<\/h2>\n<h3 class=\"ql-align-justify\">D\u00f6k\u00fcm end\u00fcstrisi<\/h3>\n<p class=\"ql-align-justify\"><strong>Al\u00fcminyum d\u00f6k\u00fcm \u00fcretimi:<\/strong><\/p>\n<p class=\"ql-align-justify\">Motor bloklar\u0131, silindir kafalar\u0131 ve otomobil tekerlekleri gibi \u00e7e\u015fitli al\u00fcminyum par\u00e7alar\u0131n d\u00f6k\u00fcm i\u015fleminde kullanabilirsiniz. Erimi\u015f al\u00fcminyumu tutmak ve kal\u0131plara d\u00fczg\u00fcn bir \u015fekilde d\u00f6kmek i\u00e7in kullan\u0131labilir. Erimi\u015f al\u00fcminyumun safl\u0131\u011f\u0131n\u0131 ve \u015fekillendirme i\u015fleminin kalitesini sa\u011flar ve y\u00fcksek hassasiyetli ve y\u00fcksek kaliteli al\u00fcminyum d\u00f6k\u00fcmler \u00fcretir.<\/p>\n<p class=\"ql-align-justify\">\n<p class=\"ql-align-justify\"><strong>Kum d\u00f6k\u00fcm:<\/strong><\/p>\n<p class=\"ql-align-justify\">Bu d\u00f6k\u00fcm i\u015fleminde, erimi\u015f al\u00fcminyumu hassas bir \u015fekilde <a href=\"https:\/\/jinsuncarbon.com\/tr\/urun\/grafit-pota\/\">grafit pota<\/a> kum kal\u0131b\u0131n\u0131n bo\u015flu\u011funa yerle\u015ftirilir. So\u011fuduktan ve kat\u0131la\u015ft\u0131ktan sonra, gereksinimleri kar\u015f\u0131layan al\u00fcminyum \u00fcr\u00fcnleri elde edebilirsiniz.<\/p>\n<p class=\"ql-align-justify\">\n<h3 class=\"ql-align-justify\">Al\u00fcminyum eritme end\u00fcstrisi<\/h3>\n<p class=\"ql-align-justify\"><strong>Birincil al\u00fcminyum safla\u015ft\u0131rma:<\/strong><\/p>\n<p class=\"ql-align-justify\">Rafine etme ve i\u015fleme s\u0131ras\u0131nda <a href=\"https:\/\/en.wikipedia.org\/wiki\/Ritual_purification\" target=\"_blank\" rel=\"noopener\">ARITMA<\/a> Birincil al\u00fcminyum prosesinde, grafit potay\u0131 bir kap olarak kullanabilirsiniz. Y\u00fcksek s\u0131cakl\u0131klarda kararl\u0131 bir \u015fekilde \u00e7al\u0131\u015fabilir ve erimi\u015f al\u00fcminyumdaki safs\u0131zl\u0131klar\u0131n giderilmesine yard\u0131mc\u0131 olur. Ayr\u0131ca al\u00fcminyumun safl\u0131\u011f\u0131n\u0131 art\u0131r\u0131r ve al\u00fcminyum i\u00e7in farkl\u0131 end\u00fcstrilerin kalite gereksinimlerini kar\u015f\u0131lar.<\/p>\n<p class=\"ql-align-justify\">\n<p class=\"ql-align-justify\"><strong>Ala\u015f\u0131m eritme:<\/strong><\/p>\n<p class=\"ql-align-justify\">Al\u00fcminyum ala\u015f\u0131mlar\u0131 \u00fcretirken, al\u00fcminyum ve di\u011fer ala\u015f\u0131m elementlerini birlikte eritmek i\u00e7in grafit bir potaya yerle\u015ftirebilirsiniz. Bile\u015fenleri e\u015fit \u015fekilde kar\u0131\u015ft\u0131rarak sert al\u00fcminyum ve s\u00fcper sert al\u00fcminyum gibi belirli \u00f6zelliklere sahip al\u00fcminyum ala\u015f\u0131ml\u0131 malzemeler haz\u0131rlayabilirsiniz. Ve bunlar\u0131 havac\u0131l\u0131k, ula\u015f\u0131m ve di\u011fer alanlarda kullanabilirsiniz.<\/p>\n<p class=\"ql-align-justify\">\n<h2 class=\"ql-align-justify\">Di\u011fer alanlar<\/h2>\n<h3 class=\"ql-align-justify\">Ara\u015ft\u0131rma ve deneyler:<\/h3>\n<p class=\"ql-align-justify\"><strong>Yeni al\u00fcminyum malzemelerin ara\u015ft\u0131r\u0131lmas\u0131 ve geli\u015ftirilmesi<\/strong><\/p>\n<p class=\"ql-align-justify\">Farkl\u0131 s\u0131cakl\u0131k ve atmosfer ko\u015fullar\u0131 alt\u0131nda eritme deneyleri yapmak i\u00e7in kullanabilirsiniz.<\/p>\n<p class=\"ql-align-justify\">\n<p class=\"ql-align-justify\"><strong>Malzeme performans testi deneyinde<\/strong><\/p>\n<p class=\"ql-align-justify\">Standart numuneler haz\u0131rlamak i\u00e7in belirli bile\u015fenlere sahip al\u00fcminyum numunelerinin k\u00fc\u00e7\u00fck partiler halinde eritilmesi i\u00e7in kullanabilirsiniz. Malzeme performans analizi i\u00e7in bir temel sa\u011flayabilir.<\/p>\n<p class=\"ql-align-justify\">\n<p class=\"ql-align-justify\"><strong>Geri d\u00f6n\u00fc\u015ft\u00fcr\u00fclm\u00fc\u015f al\u00fcminyum geri d\u00f6n\u00fc\u015f\u00fcm\u00fc:<\/strong><\/p>\n<p class=\"ql-align-justify\">Al\u00fcminyumu safs\u0131zl\u0131klardan ay\u0131rabilir ve al\u00fcminyum kaynaklar\u0131n\u0131n geri d\u00f6n\u00fc\u015f\u00fcm\u00fcn\u00fc sa\u011flayabilir. Farkl\u0131 kaynaklardan gelen ve karma\u015f\u0131k bile\u015fimlere sahip at\u0131k al\u00fcminyumla u\u011fra\u015f\u0131rken, korozyon \u00f6nleyici \u00f6zelli\u011fi korozyona u\u011framamas\u0131n\u0131 sa\u011flar ve geri d\u00f6n\u00fc\u015ft\u00fcr\u00fclm\u00fc\u015f al\u00fcminyumun istikrarl\u0131 kalitesini garanti eder.<\/p>","protected":false},"excerpt":{"rendered":"<p>Al\u00fcminyum i\u00e7in grafit pota, y\u00fcksek safl\u0131kta grafit malzemeden titizlikle haz\u0131rlanm\u0131\u015f \u00f6zel bir kapt\u0131r. Y\u00fcksek s\u0131cakl\u0131k direnci ve korozyon direnci gibi ola\u011fan\u00fcst\u00fc \u00f6zellikleri nedeniyle, al\u00fcminyum i\u015fleme alan\u0131nda vazge\u00e7ilmez bir anahtar ara\u00e7 haline gelmi\u015ftir. Grafit pota, y\u00fcksek s\u0131cakl\u0131ktaki ortamlarda al\u00fcminyumu dengeli bir \u015fekilde tutabilir ve eritebilir. Ve m\u00fckemmel kimyasal kararl\u0131l\u0131\u011f\u0131, erimi\u015f al\u00fcminyum ile reaksiyonlar\u0131 \u00f6nleyebilir, bu da al\u00fcminyum \u00fcr\u00fcnlerin kalitesini garanti eder. Bu nedenle al\u00fcminyum d\u00f6k\u00fcm, eritme ve di\u011fer i\u015flemlerde \u00e7ok \u00f6nemli bir rol oynar. Ve al\u00fcminyum i\u015fleme end\u00fcstrisinin kat\u0131 gereksinimlerini kar\u015f\u0131layan bir t\u00fcr dayan\u0131kl\u0131 malzemedir.<\/p>","protected":false},"featured_media":7899,"template":"","meta":[],"product_brand":[],"product_cat":[38],"product_tag":[],"class_list":{"0":"post-7898","1":"product","2":"type-product","3":"status-publish","4":"has-post-thumbnail","6":"product_cat-graphite-products","8":"first","9":"instock","10":"shipping-taxable","11":"product-type-simple"},"yoast_head":"<!-- This site is optimized with the Yoast SEO Premium plugin v19.2.1 (Yoast SEO v25.3) - https:\/\/yoast.com\/wordpress\/plugins\/seo\/ -->\n<title>Graphite Crucible for Aluminum | Jinsun Carbon<\/title>\n<meta name=\"robots\" content=\"index, follow, max-snippet:-1, max-image-preview:large, max-video-preview:-1\" \/>\n<link rel=\"canonical\" href=\"https:\/\/jinsuncarbon.com\/tr\/urun\/aluminyum-icin-grafit-pota\/\" \/>\n<meta property=\"og:locale\" content=\"tr_TR\" \/>\n<meta property=\"og:type\" content=\"article\" \/>\n<meta property=\"og:title\" content=\"Graphite Crucible for Aluminum\" \/>\n<meta property=\"og:description\" content=\"The graphite crucible for aluminum is a special container meticulously crafted from high-purity graphite material. Because of its outstanding properties such as high-temperature resistance and corrosion resistance, it has become an indispensable key tool in the field of aluminum processing. Graphite crucible can stably hold and melt aluminum in high-temperature environments. And its excellent chemical stability can prevent reactions with molten aluminum, which ensures the quality of aluminum products. So it plays a crucial role in aluminum casting, smelting and other processes. And it is a kind of durable materials that meets the strict requirements of the aluminum processing industry.\" \/>\n<meta property=\"og:url\" content=\"https:\/\/jinsuncarbon.com\/tr\/urun\/aluminyum-icin-grafit-pota\/\" \/>\n<meta property=\"og:site_name\" content=\"Jinsun Carbon\" \/>\n<meta property=\"article:publisher\" content=\"https:\/\/www.facebook.com\/Graphite-Electrode-109336238661595\" \/>\n<meta property=\"article:modified_time\" content=\"2025-04-30T10:03:11+00:00\" \/>\n<meta property=\"og:image\" content=\"https:\/\/jinsuncarbon.com\/wp-content\/uploads\/2025\/04\/Graphite-Crucible-for-Aluminum.jpg\" \/>\n\t<meta property=\"og:image:width\" content=\"1024\" \/>\n\t<meta property=\"og:image:height\" content=\"763\" \/>\n\t<meta property=\"og:image:type\" content=\"image\/jpeg\" \/>\n<meta name=\"twitter:card\" content=\"summary_large_image\" \/>\n<meta name=\"twitter:site\" content=\"@jinsuncarbon_\" \/>\n<meta name=\"twitter:label1\" content=\"Tahmini okuma s\u00fcresi\" \/>\n\t<meta name=\"twitter:data1\" content=\"3 dakika\" \/>\n<script type=\"application\/ld+json\" class=\"yoast-schema-graph\">{\"@context\":\"https:\/\/schema.org\",\"@graph\":[{\"@type\":\"WebPage\",\"@id\":\"https:\/\/jinsuncarbon.com\/product\/graphite-crucible-for-aluminum\/\",\"url\":\"https:\/\/jinsuncarbon.com\/product\/graphite-crucible-for-aluminum\/\",\"name\":\"Graphite Crucible for Aluminum | Jinsun Carbon\",\"isPartOf\":{\"@id\":\"https:\/\/jinsuncarbon.com\/#website\"},\"primaryImageOfPage\":{\"@id\":\"https:\/\/jinsuncarbon.com\/product\/graphite-crucible-for-aluminum\/#primaryimage\"},\"image\":{\"@id\":\"https:\/\/jinsuncarbon.com\/product\/graphite-crucible-for-aluminum\/#primaryimage\"},\"thumbnailUrl\":\"https:\/\/jinsuncarbon.com\/wp-content\/uploads\/2025\/04\/Graphite-Crucible-for-Aluminum.jpg\",\"datePublished\":\"2025-04-30T10:03:10+00:00\",\"dateModified\":\"2025-04-30T10:03:11+00:00\",\"breadcrumb\":{\"@id\":\"https:\/\/jinsuncarbon.com\/product\/graphite-crucible-for-aluminum\/#breadcrumb\"},\"inLanguage\":\"tr\",\"potentialAction\":[{\"@type\":\"ReadAction\",\"target\":[\"https:\/\/jinsuncarbon.com\/product\/graphite-crucible-for-aluminum\/\"]}]},{\"@type\":\"ImageObject\",\"inLanguage\":\"tr\",\"@id\":\"https:\/\/jinsuncarbon.com\/product\/graphite-crucible-for-aluminum\/#primaryimage\",\"url\":\"https:\/\/jinsuncarbon.com\/wp-content\/uploads\/2025\/04\/Graphite-Crucible-for-Aluminum.jpg\",\"contentUrl\":\"https:\/\/jinsuncarbon.com\/wp-content\/uploads\/2025\/04\/Graphite-Crucible-for-Aluminum.jpg\",\"width\":1024,\"height\":763,\"caption\":\"Graphite Crucible for Aluminum\"},{\"@type\":\"BreadcrumbList\",\"@id\":\"https:\/\/jinsuncarbon.com\/product\/graphite-crucible-for-aluminum\/#breadcrumb\",\"itemListElement\":[{\"@type\":\"ListItem\",\"position\":1,\"name\":\"Home\",\"item\":\"https:\/\/jinsuncarbon.com\/\"},{\"@type\":\"ListItem\",\"position\":2,\"name\":\"Products\",\"item\":\"https:\/\/jinsuncarbon.com\/graphite-carbon\/\"},{\"@type\":\"ListItem\",\"position\":3,\"name\":\"Graphite Crucible for Aluminum\"}]},{\"@type\":\"WebSite\",\"@id\":\"https:\/\/jinsuncarbon.com\/#website\",\"url\":\"https:\/\/jinsuncarbon.com\/\",\"name\":\"Jinsun Carbon\",\"description\":\"We are the successful graphite electrode manufacturer in China\",\"publisher\":{\"@id\":\"https:\/\/jinsuncarbon.com\/#organization\"},\"potentialAction\":[{\"@type\":\"SearchAction\",\"target\":{\"@type\":\"EntryPoint\",\"urlTemplate\":\"https:\/\/jinsuncarbon.com\/?s={search_term_string}\"},\"query-input\":{\"@type\":\"PropertyValueSpecification\",\"valueRequired\":true,\"valueName\":\"search_term_string\"}}],\"inLanguage\":\"tr\"},{\"@type\":\"Organization\",\"@id\":\"https:\/\/jinsuncarbon.com\/#organization\",\"name\":\"Jinsun Carbon\",\"alternateName\":\"Jinsun Carbon\",\"url\":\"https:\/\/jinsuncarbon.com\/\",\"logo\":{\"@type\":\"ImageObject\",\"inLanguage\":\"tr\",\"@id\":\"https:\/\/jinsuncarbon.com\/#\/schema\/logo\/image\/\",\"url\":\"https:\/\/jinsuncarbon.com\/wp-content\/uploads\/2022\/12\/LOGO-1.png\",\"contentUrl\":\"https:\/\/jinsuncarbon.com\/wp-content\/uploads\/2022\/12\/LOGO-1.png\",\"width\":207,\"height\":80,\"caption\":\"Jinsun Carbon\"},\"image\":{\"@id\":\"https:\/\/jinsuncarbon.com\/#\/schema\/logo\/image\/\"},\"sameAs\":[\"https:\/\/www.facebook.com\/Graphite-Electrode-109336238661595\",\"https:\/\/x.com\/jinsuncarbon_\",\"https:\/\/www.linkedin.com\/in\/jinsungraphite\",\"https:\/\/www.youtube.com\/channel\/UCysDNyvyR5-3cCWEmpkVC0g\"]}]}<\/script>\n<!-- \/ Yoast SEO Premium plugin. -->","yoast_head_json":{"title":"Al\u00fcminyum i\u00e7in Grafit Pota | Jinsun Carbon","robots":{"index":"index","follow":"follow","max-snippet":"max-snippet:-1","max-image-preview":"max-image-preview:large","max-video-preview":"max-video-preview:-1"},"canonical":"https:\/\/jinsuncarbon.com\/tr\/urun\/aluminyum-icin-grafit-pota\/","og_locale":"tr_TR","og_type":"article","og_title":"Graphite Crucible for Aluminum","og_description":"The graphite crucible for aluminum is a special container meticulously crafted from high-purity graphite material. Because of its outstanding properties such as high-temperature resistance and corrosion resistance, it has become an indispensable key tool in the field of aluminum processing. Graphite crucible can stably hold and melt aluminum in high-temperature environments. And its excellent chemical stability can prevent reactions with molten aluminum, which ensures the quality of aluminum products. So it plays a crucial role in aluminum casting, smelting and other processes. And it is a kind of durable materials that meets the strict requirements of the aluminum processing industry.","og_url":"https:\/\/jinsuncarbon.com\/tr\/urun\/aluminyum-icin-grafit-pota\/","og_site_name":"Jinsun Carbon","article_publisher":"https:\/\/www.facebook.com\/Graphite-Electrode-109336238661595","article_modified_time":"2025-04-30T10:03:11+00:00","og_image":[{"width":1024,"height":763,"url":"https:\/\/jinsuncarbon.com\/wp-content\/uploads\/2025\/04\/Graphite-Crucible-for-Aluminum.jpg","type":"image\/jpeg"}],"twitter_card":"summary_large_image","twitter_site":"@jinsuncarbon_","twitter_misc":{"Tahmini okuma s\u00fcresi":"3 dakika"},"schema":{"@context":"https:\/\/schema.org","@graph":[{"@type":"WebPage","@id":"https:\/\/jinsuncarbon.com\/product\/graphite-crucible-for-aluminum\/","url":"https:\/\/jinsuncarbon.com\/product\/graphite-crucible-for-aluminum\/","name":"Al\u00fcminyum i\u00e7in Grafit Pota | Jinsun Carbon","isPartOf":{"@id":"https:\/\/jinsuncarbon.com\/#website"},"primaryImageOfPage":{"@id":"https:\/\/jinsuncarbon.com\/product\/graphite-crucible-for-aluminum\/#primaryimage"},"image":{"@id":"https:\/\/jinsuncarbon.com\/product\/graphite-crucible-for-aluminum\/#primaryimage"},"thumbnailUrl":"https:\/\/jinsuncarbon.com\/wp-content\/uploads\/2025\/04\/Graphite-Crucible-for-Aluminum.jpg","datePublished":"2025-04-30T10:03:10+00:00","dateModified":"2025-04-30T10:03:11+00:00","breadcrumb":{"@id":"https:\/\/jinsuncarbon.com\/product\/graphite-crucible-for-aluminum\/#breadcrumb"},"inLanguage":"tr","potentialAction":[{"@type":"ReadAction","target":["https:\/\/jinsuncarbon.com\/product\/graphite-crucible-for-aluminum\/"]}]},{"@type":"ImageObject","inLanguage":"tr","@id":"https:\/\/jinsuncarbon.com\/product\/graphite-crucible-for-aluminum\/#primaryimage","url":"https:\/\/jinsuncarbon.com\/wp-content\/uploads\/2025\/04\/Graphite-Crucible-for-Aluminum.jpg","contentUrl":"https:\/\/jinsuncarbon.com\/wp-content\/uploads\/2025\/04\/Graphite-Crucible-for-Aluminum.jpg","width":1024,"height":763,"caption":"Graphite Crucible for Aluminum"},{"@type":"BreadcrumbList","@id":"https:\/\/jinsuncarbon.com\/product\/graphite-crucible-for-aluminum\/#breadcrumb","itemListElement":[{"@type":"ListItem","position":1,"name":"Home","item":"https:\/\/jinsuncarbon.com\/"},{"@type":"ListItem","position":2,"name":"Products","item":"https:\/\/jinsuncarbon.com\/graphite-carbon\/"},{"@type":"ListItem","position":3,"name":"Graphite Crucible for Aluminum"}]},{"@type":"WebSite","@id":"https:\/\/jinsuncarbon.com\/#website","url":"https:\/\/jinsuncarbon.com\/","name":"Jinsun Karbon","description":"\u00c7in'deki ba\u015far\u0131l\u0131 grafit elektrot \u00fcreticisiyiz","publisher":{"@id":"https:\/\/jinsuncarbon.com\/#organization"},"potentialAction":[{"@type":"SearchAction","target":{"@type":"EntryPoint","urlTemplate":"https:\/\/jinsuncarbon.com\/?s={search_term_string}"},"query-input":{"@type":"PropertyValueSpecification","valueRequired":true,"valueName":"search_term_string"}}],"inLanguage":"tr"},{"@type":"Organization","@id":"https:\/\/jinsuncarbon.com\/#organization","name":"Jinsun Karbon","alternateName":"Jinsun Carbon","url":"https:\/\/jinsuncarbon.com\/","logo":{"@type":"ImageObject","inLanguage":"tr","@id":"https:\/\/jinsuncarbon.com\/#\/schema\/logo\/image\/","url":"https:\/\/jinsuncarbon.com\/wp-content\/uploads\/2022\/12\/LOGO-1.png","contentUrl":"https:\/\/jinsuncarbon.com\/wp-content\/uploads\/2022\/12\/LOGO-1.png","width":207,"height":80,"caption":"Jinsun Carbon"},"image":{"@id":"https:\/\/jinsuncarbon.com\/#\/schema\/logo\/image\/"},"sameAs":["https:\/\/www.facebook.com\/Graphite-Electrode-109336238661595","https:\/\/x.com\/jinsuncarbon_","https:\/\/www.linkedin.com\/in\/jinsungraphite","https:\/\/www.youtube.com\/channel\/UCysDNyvyR5-3cCWEmpkVC0g"]}]}},"_links":{"self":[{"href":"https:\/\/jinsuncarbon.com\/tr\/wp-json\/wp\/v2\/product\/7898","targetHints":{"allow":["GET"]}}],"collection":[{"href":"https:\/\/jinsuncarbon.com\/tr\/wp-json\/wp\/v2\/product"}],"about":[{"href":"https:\/\/jinsuncarbon.com\/tr\/wp-json\/wp\/v2\/types\/product"}],"wp:featuredmedia":[{"embeddable":true,"href":"https:\/\/jinsuncarbon.com\/tr\/wp-json\/wp\/v2\/media\/7899"}],"wp:attachment":[{"href":"https:\/\/jinsuncarbon.com\/tr\/wp-json\/wp\/v2\/media?parent=7898"}],"wp:term":[{"taxonomy":"product_brand","embeddable":true,"href":"https:\/\/jinsuncarbon.com\/tr\/wp-json\/wp\/v2\/product_brand?post=7898"},{"taxonomy":"product_cat","embeddable":true,"href":"https:\/\/jinsuncarbon.com\/tr\/wp-json\/wp\/v2\/product_cat?post=7898"},{"taxonomy":"product_tag","embeddable":true,"href":"https:\/\/jinsuncarbon.com\/tr\/wp-json\/wp\/v2\/product_tag?post=7898"}],"curies":[{"name":"wp","href":"https:\/\/api.w.org\/{rel}","templated":true}]}}