{"id":7895,"date":"2025-04-30T09:26:18","date_gmt":"2025-04-30T09:26:18","guid":{"rendered":"https:\/\/jinsuncarbon.com\/?post_type=product&#038;p=7895"},"modified":"2025-04-30T09:26:19","modified_gmt":"2025-04-30T09:26:19","slug":"grafit-surgu-plakasi","status":"publish","type":"product","link":"https:\/\/jinsuncarbon.com\/tr\/urun\/grafit-surgu-plakasi\/","title":{"rendered":"Grafit Slayt Plakas\u0131"},"content":{"rendered":"<h2 class=\"ql-align-justify\">Grafit Kayar Plakalar\u0131n Avantajlar\u0131<\/h2>\n<p class=\"ql-align-justify\">Grafit slayt plakalar\u0131 genellikle normal plaka benzeri \u015fekillerde sunulur ve baz\u0131lar\u0131 gereksinimlere g\u00f6re \u00f6zel \u015fekillerde de \u00f6zelle\u015ftirilebilir. Belirli ekipman veya s\u00fcre\u00e7lerin \u00f6zel gereksinimlerine g\u00f6re, \u00f6zel boyutlarda, \u015fekillerde veya performanslarda kayar plakalar\u0131 \u00f6zelle\u015ftirebilirsiniz. Ki\u015fiselle\u015ftirilmi\u015f kullan\u0131m gereksinimlerini kar\u015f\u0131lamak i\u00e7in d\u00fczensiz \u015fekilli mekanik yap\u0131lardaki \u00f6zel kayar par\u00e7alar gibi.<\/p>\n<p class=\"ql-align-justify\">Avantajlar\u0131 a\u015fa\u011f\u0131da s\u0131ralanm\u0131\u015ft\u0131r:<\/p>\n<p class=\"ql-align-justify\"><strong>M\u00fckemmel kendinden ya\u011flama performans\u0131<\/strong><\/p>\n<p class=\"ql-align-justify\">Enerji t\u00fcketimini etkili bir \u015fekilde azaltan ek ya\u011flay\u0131c\u0131lara ihtiya\u00e7 duymadan d\u00fc\u015f\u00fck s\u00fcrt\u00fcnmeli kayma sa\u011flayabilir.<\/p>\n<p class=\"ql-align-justify\">\n<p class=\"ql-align-justify\"><strong>Son derece d\u00fc\u015f\u00fck s\u00fcrt\u00fcnme katsay\u0131s\u0131<\/strong><\/p>\n<p class=\"ql-align-justify\">Bu \u00f6nemli \u00f6l\u00e7\u00fcde\u00a0<span data-type=\"0\" data-index=\"1\" data-gid=\"0\">bile\u015fenler aras\u0131ndaki a\u015f\u0131nmay\u0131 azalt\u0131r ve cihaz\u0131n hizmet \u00f6mr\u00fcn\u00fc uzat\u0131r.<\/span>\u00a0Ekipman.<\/p>\n<p class=\"ql-align-justify\">\n<p class=\"ql-align-justify\"><strong>M\u00fckemmel y\u00fcksek s\u0131cakl\u0131k direnci<\/strong><\/p>\n<p class=\"ql-align-justify\">Y\u00fcksek s\u0131cakl\u0131klarda kararl\u0131 bir \u015fekilde \u00e7al\u0131\u015fabilir, b\u00f6ylece y\u00fcksek s\u0131cakl\u0131ktaki \u00e7al\u0131\u015fma ko\u015fullar\u0131nda kullan\u0131m gereksinimlerini kar\u015f\u0131lar.<\/p>\n<p class=\"ql-align-justify\">\n<p class=\"ql-align-justify\"><strong>Kararl\u0131 kimyasal \u00f6zellikler<\/strong><\/p>\n<p class=\"ql-align-justify\">\u00c7o\u011fu korozif ortama kar\u015f\u0131 iyi bir dirence sahiptir ve kimyasal reaksiyonlara e\u011filimli de\u011fildir.<\/p>\n<p class=\"ql-align-justify\">\n<p class=\"ql-align-justify\"><strong>Nispeten y\u00fcksek mekanik dayan\u0131m<\/strong><\/p>\n<p class=\"ql-align-justify\">Kayma i\u015flemi s\u0131ras\u0131nda yap\u0131sal b\u00fct\u00fcnl\u00fc\u011f\u00fc koruyarak belirli bas\u0131n\u00e7 ve darbe kuvvetlerine dayanabilir.<\/p>\n<p class=\"ql-align-justify\">\n<p class=\"ql-align-justify\"><strong>M\u00fckemmel \u0131s\u0131 iletkenli\u011fi<\/strong><\/p>\n<p class=\"ql-align-justify\">Is\u0131y\u0131 h\u0131zl\u0131 bir \u015fekilde da\u011f\u0131tabilir ve s\u00fcrt\u00fcnme \u0131s\u0131s\u0131 olu\u015fumunun neden oldu\u011fu yerel a\u015f\u0131r\u0131 \u0131s\u0131nmay\u0131 \u00f6nleyerek ekipman\u0131n \u00e7al\u0131\u015fmas\u0131 \u00fczerindeki etkiyi \u00f6nleyebilir.<\/p>\n<p class=\"ql-align-justify\">\n<h2 class=\"ql-align-justify\">Grafit Kayar Plakalar\u0131n Kullan\u0131m Alanlar\u0131<\/h2>\n<h3 class=\"ql-align-justify\">Metalurji end\u00fcstrisi<\/h3>\n<p class=\"ql-align-justify\"><strong>S\u00fcrekli d\u00f6k\u00fcm i\u015flemi:<\/strong><\/p>\n<p class=\"ql-align-justify\">Erimi\u015f \u00e7eli\u011fin ak\u0131\u015f h\u0131z\u0131n\u0131 hassas bir \u015fekilde kontrol eden bir ak\u0131\u015f kontrol bile\u015feni olarak kullanabilirsiniz. Erimi\u015f \u00e7eli\u011fin kalitesini <a href=\"https:\/\/en.wikipedia.org\/wiki\/Continuous_casting#:~:text=Continuous%20casting%2C%20also%20called%20strand,stationary%20molds%20to%20form%20ingots.\" target=\"_blank\" rel=\"noopener\">s\u00fcrekli d\u00f6k\u00fcm<\/a> k\u00fct\u00fck ve \u00fcretim verimlili\u011fi ve uzun hizmet \u00f6mr\u00fcne sahiptir.<\/p>\n<p class=\"ql-align-justify\">\n<p class=\"ql-align-justify\"><strong>Demir d\u0131\u015f\u0131 metal eritme:<\/strong><\/p>\n<p class=\"ql-align-justify\">Bak\u0131r ve al\u00fcminyum gibi erimi\u015f metalin ak\u0131\u015f h\u0131z\u0131n\u0131 ve y\u00f6n\u00fcn\u00fc kontrol etmek i\u00e7in kullanabilirsiniz. D\u00f6k\u00fcm i\u015fleminin stabilitesini ve do\u011frulu\u011funu sa\u011flayabilir ve \u00fcr\u00fcnlerin \u015fekillendirme kalitesini art\u0131rabilir.<\/p>\n<p class=\"ql-align-justify\">\n<h3 class=\"ql-align-justify\">Mekanik imalat alan\u0131<\/h3>\n<p class=\"ql-align-justify\"><strong>Kayar yataklar ve k\u0131lavuz raylar:<\/strong><\/p>\n<p class=\"ql-align-justify\">D\u00fc\u015f\u00fck s\u00fcrt\u00fcnme \u00f6zellikleri mekanik par\u00e7alar\u0131n sorunsuz ve verimli \u00e7al\u0131\u015fmas\u0131n\u0131 sa\u011flar, s\u00fcrt\u00fcnme kay\u0131plar\u0131n\u0131 azalt\u0131r. Ayr\u0131ca ekipman\u0131n operasyonel do\u011frulu\u011funu ve g\u00fcvenilirli\u011fini de art\u0131r\u0131r. Tak\u0131m tezgahlar\u0131nda, otomatik \u00fcretim hatlar\u0131nda ve di\u011fer ekipmanlarda yayg\u0131n olarak kullanabilirsiniz.<\/p>\n<p class=\"ql-align-justify\">\n<p class=\"ql-align-justify\"><strong>Ta\u015f\u0131ma ekipmanlar\u0131:<\/strong><\/p>\n<p class=\"ql-align-justify\">Konvey\u00f6r band\u0131 ile destekleyici bile\u015fenler aras\u0131ndaki s\u00fcrt\u00fcnmeyi azaltabilir, konvey\u00f6r band\u0131n\u0131n a\u015f\u0131nmas\u0131n\u0131 azaltabilir. Ve ta\u015f\u0131ma sisteminin stabilitesini ve hizmet \u00f6mr\u00fcn\u00fc art\u0131r\u0131r.<\/p>\n<p class=\"ql-align-justify\">\n<h3 class=\"ql-align-justify\">Elektronik ve yar\u0131 iletken end\u00fcstrisi<\/h3>\n<p class=\"ql-align-justify\"><strong>\u00c7ip \u00fcretim ekipman\u0131:<\/strong><\/p>\n<p class=\"ql-align-justify\">Kullanabilirsiniz <a href=\"https:\/\/jinsuncarbon.com\/tr\/urun\/grafit-plaka\/\">grafit plaka<\/a> Fotolitografi makineleri ve a\u015f\u0131nd\u0131rma makineleri gibi hassas ekipmanlarda kayar bile\u015fenler olarak. Y\u00fcksek safl\u0131\u011f\u0131 ve d\u00fc\u015f\u00fck s\u00fcrt\u00fcnme performans\u0131, ekipman\u0131n y\u00fcksek hassasiyetli hareketini sa\u011flayabilir. Bu, s\u00fcrt\u00fcnmeden kaynaklanan partik\u00fcl kontaminasyonunu \u00f6nler ve \u00e7ip \u00fcretiminin verim oran\u0131n\u0131 garanti eder.<\/p>\n<p class=\"ql-align-justify\">\n<p class=\"ql-align-justify\"><strong>Elektronik cihazlar\u0131n \u0131s\u0131 da\u011f\u0131l\u0131m\u0131:<\/strong><\/p>\n<p class=\"ql-align-justify\">M\u00fckemmel termal iletkenli\u011fi nedeniyle elektronik cihazlar i\u00e7in \u0131s\u0131 da\u011f\u0131tma pedleri olarak kullanabilirsiniz. Ekipman\u0131n \u00e7al\u0131\u015fmas\u0131 s\u0131ras\u0131nda olu\u015fan \u0131s\u0131y\u0131 h\u0131zl\u0131 bir \u015fekilde iletebilir ve da\u011f\u0131tabilir. B\u00f6ylece elektronik cihazlar\u0131n \u0131s\u0131 yayma verimlili\u011fini art\u0131r\u0131r ve kararl\u0131 \u00e7al\u0131\u015fmas\u0131n\u0131 sa\u011flar.<\/p>\n<p class=\"ql-align-justify\">\n<p class=\"ql-align-justify\"><strong>Havac\u0131l\u0131k ve uzay alan\u0131<\/strong><\/p>\n<p class=\"ql-align-justify\">Havac\u0131l\u0131k ve uzay ekipmanlar\u0131nda, d\u00fc\u015f\u00fck s\u00fcrt\u00fcnme ve y\u00fcksek g\u00fcvenilirlik gerektiren baz\u0131 mekanik bile\u015fenlere uygulayabilirsiniz. U\u00e7ak ini\u015f tak\u0131mlar\u0131n\u0131n kayar yap\u0131s\u0131 ve uydu antenlerinin yerle\u015ftirme mekanizmas\u0131 gibi. A\u015f\u0131r\u0131 \u00e7evre ko\u015fullar\u0131 alt\u0131nda iyi performans\u0131 koruyabilir ve ekipman\u0131n normal \u00e7al\u0131\u015fmas\u0131n\u0131 sa\u011flayabilir.<\/p>","protected":false},"excerpt":{"rendered":"<p>Grafit kayar plaka, \u00f6zel i\u015fleme teknikleriyle y\u00fcksek safl\u0131kta grafit malzemelerden yap\u0131lm\u0131\u015f plaka \u015feklinde bir \u00fcr\u00fcnd\u00fcr. M\u00fckemmel kendinden ya\u011flama \u00f6zelli\u011fine, d\u00fc\u015f\u00fck s\u00fcrt\u00fcnme katsay\u0131s\u0131na, y\u00fcksek s\u0131cakl\u0131k direncine ve iyi kimyasal stabiliteye sahiptir. Ve kayma performans\u0131 ve \u00e7evresel uyumluluk i\u00e7in kat\u0131 gereksinimleri olan bir\u00e7ok end\u00fcstriyel senaryoda ola\u011fan\u00fcst\u00fc performans g\u00f6sterir. \u00d6rne\u011fin, s\u00fcrekli d\u00f6k\u00fcm, metal eritme, tala\u015f \u00fcretimi vb. i\u00e7in kullanabilirsiniz. Karma\u015f\u0131k \u00e7al\u0131\u015fma ko\u015fullar\u0131n\u0131n dinamik taleplerini etkin bir \u015fekilde kar\u015f\u0131layabilen y\u00fcksek performansl\u0131 bir malzemedir.<\/p>","protected":false},"featured_media":7896,"template":"","meta":[],"product_brand":[],"product_cat":[38],"product_tag":[],"class_list":{"0":"post-7895","1":"product","2":"type-product","3":"status-publish","4":"has-post-thumbnail","6":"product_cat-graphite-products","8":"first","9":"instock","10":"shipping-taxable","11":"product-type-simple"},"yoast_head":"<!-- This site is optimized with the Yoast SEO Premium plugin v19.2.1 (Yoast SEO v25.3) - https:\/\/yoast.com\/wordpress\/plugins\/seo\/ -->\n<title>Graphite Slide Plate Manufacturer in China | Jinsun Carbon<\/title>\n<meta name=\"description\" content=\"Graphite slide plate manufacturer and supplier, we can provide high-quality products with different specifications for your industrial production.\" \/>\n<meta name=\"robots\" content=\"index, follow, max-snippet:-1, max-image-preview:large, max-video-preview:-1\" \/>\n<link rel=\"canonical\" href=\"https:\/\/jinsuncarbon.com\/tr\/urun\/grafit-surgu-plakasi\/\" \/>\n<meta property=\"og:locale\" content=\"tr_TR\" \/>\n<meta property=\"og:type\" content=\"article\" \/>\n<meta property=\"og:title\" content=\"Graphite Slide Plate\" \/>\n<meta property=\"og:description\" content=\"Graphite slide plate manufacturer and supplier, we can provide high-quality products with different specifications for your industrial production.\" \/>\n<meta property=\"og:url\" content=\"https:\/\/jinsuncarbon.com\/tr\/urun\/grafit-surgu-plakasi\/\" \/>\n<meta property=\"og:site_name\" content=\"Jinsun Carbon\" \/>\n<meta property=\"article:publisher\" content=\"https:\/\/www.facebook.com\/Graphite-Electrode-109336238661595\" \/>\n<meta property=\"article:modified_time\" content=\"2025-04-30T09:26:19+00:00\" \/>\n<meta property=\"og:image\" content=\"https:\/\/jinsuncarbon.com\/wp-content\/uploads\/2025\/04\/Graphite-Slide-Plate.jpg\" \/>\n\t<meta property=\"og:image:width\" content=\"1024\" \/>\n\t<meta property=\"og:image:height\" content=\"763\" \/>\n\t<meta property=\"og:image:type\" content=\"image\/jpeg\" \/>\n<meta name=\"twitter:card\" content=\"summary_large_image\" \/>\n<meta name=\"twitter:site\" content=\"@jinsuncarbon_\" \/>\n<meta name=\"twitter:label1\" content=\"Tahmini okuma s\u00fcresi\" \/>\n\t<meta name=\"twitter:data1\" content=\"3 dakika\" \/>\n<script type=\"application\/ld+json\" class=\"yoast-schema-graph\">{\"@context\":\"https:\/\/schema.org\",\"@graph\":[{\"@type\":\"WebPage\",\"@id\":\"https:\/\/jinsuncarbon.com\/product\/graphite-slide-plate\/\",\"url\":\"https:\/\/jinsuncarbon.com\/product\/graphite-slide-plate\/\",\"name\":\"Graphite Slide Plate Manufacturer in China | Jinsun Carbon\",\"isPartOf\":{\"@id\":\"https:\/\/jinsuncarbon.com\/#website\"},\"primaryImageOfPage\":{\"@id\":\"https:\/\/jinsuncarbon.com\/product\/graphite-slide-plate\/#primaryimage\"},\"image\":{\"@id\":\"https:\/\/jinsuncarbon.com\/product\/graphite-slide-plate\/#primaryimage\"},\"thumbnailUrl\":\"https:\/\/jinsuncarbon.com\/wp-content\/uploads\/2025\/04\/Graphite-Slide-Plate.jpg\",\"datePublished\":\"2025-04-30T09:26:18+00:00\",\"dateModified\":\"2025-04-30T09:26:19+00:00\",\"description\":\"Graphite slide plate manufacturer and supplier, we can provide high-quality products with different specifications for your industrial production.\",\"breadcrumb\":{\"@id\":\"https:\/\/jinsuncarbon.com\/product\/graphite-slide-plate\/#breadcrumb\"},\"inLanguage\":\"tr\",\"potentialAction\":[{\"@type\":\"ReadAction\",\"target\":[\"https:\/\/jinsuncarbon.com\/product\/graphite-slide-plate\/\"]}]},{\"@type\":\"ImageObject\",\"inLanguage\":\"tr\",\"@id\":\"https:\/\/jinsuncarbon.com\/product\/graphite-slide-plate\/#primaryimage\",\"url\":\"https:\/\/jinsuncarbon.com\/wp-content\/uploads\/2025\/04\/Graphite-Slide-Plate.jpg\",\"contentUrl\":\"https:\/\/jinsuncarbon.com\/wp-content\/uploads\/2025\/04\/Graphite-Slide-Plate.jpg\",\"width\":1024,\"height\":763,\"caption\":\"Graphite Slide Plate\"},{\"@type\":\"BreadcrumbList\",\"@id\":\"https:\/\/jinsuncarbon.com\/product\/graphite-slide-plate\/#breadcrumb\",\"itemListElement\":[{\"@type\":\"ListItem\",\"position\":1,\"name\":\"Home\",\"item\":\"https:\/\/jinsuncarbon.com\/\"},{\"@type\":\"ListItem\",\"position\":2,\"name\":\"Products\",\"item\":\"https:\/\/jinsuncarbon.com\/graphite-carbon\/\"},{\"@type\":\"ListItem\",\"position\":3,\"name\":\"Graphite Slide Plate\"}]},{\"@type\":\"WebSite\",\"@id\":\"https:\/\/jinsuncarbon.com\/#website\",\"url\":\"https:\/\/jinsuncarbon.com\/\",\"name\":\"Jinsun Carbon\",\"description\":\"We are the successful graphite electrode manufacturer in China\",\"publisher\":{\"@id\":\"https:\/\/jinsuncarbon.com\/#organization\"},\"potentialAction\":[{\"@type\":\"SearchAction\",\"target\":{\"@type\":\"EntryPoint\",\"urlTemplate\":\"https:\/\/jinsuncarbon.com\/?s={search_term_string}\"},\"query-input\":{\"@type\":\"PropertyValueSpecification\",\"valueRequired\":true,\"valueName\":\"search_term_string\"}}],\"inLanguage\":\"tr\"},{\"@type\":\"Organization\",\"@id\":\"https:\/\/jinsuncarbon.com\/#organization\",\"name\":\"Jinsun Carbon\",\"alternateName\":\"Jinsun Carbon\",\"url\":\"https:\/\/jinsuncarbon.com\/\",\"logo\":{\"@type\":\"ImageObject\",\"inLanguage\":\"tr\",\"@id\":\"https:\/\/jinsuncarbon.com\/#\/schema\/logo\/image\/\",\"url\":\"https:\/\/jinsuncarbon.com\/wp-content\/uploads\/2022\/12\/LOGO-1.png\",\"contentUrl\":\"https:\/\/jinsuncarbon.com\/wp-content\/uploads\/2022\/12\/LOGO-1.png\",\"width\":207,\"height\":80,\"caption\":\"Jinsun Carbon\"},\"image\":{\"@id\":\"https:\/\/jinsuncarbon.com\/#\/schema\/logo\/image\/\"},\"sameAs\":[\"https:\/\/www.facebook.com\/Graphite-Electrode-109336238661595\",\"https:\/\/x.com\/jinsuncarbon_\",\"https:\/\/www.linkedin.com\/in\/jinsungraphite\",\"https:\/\/www.youtube.com\/channel\/UCysDNyvyR5-3cCWEmpkVC0g\"]}]}<\/script>\n<!-- \/ Yoast SEO Premium plugin. -->","yoast_head_json":{"title":"\u00c7in'de Grafit Kayd\u0131rma Plakas\u0131 \u00dcreticisi | Jinsun Carbon","description":"Grafit kayar plaka \u00fcreticisi ve tedarik\u00e7isi olarak, end\u00fcstriyel \u00fcretiminiz i\u00e7in farkl\u0131 \u00f6zelliklere sahip y\u00fcksek kaliteli \u00fcr\u00fcnler sa\u011flayabiliriz.","robots":{"index":"index","follow":"follow","max-snippet":"max-snippet:-1","max-image-preview":"max-image-preview:large","max-video-preview":"max-video-preview:-1"},"canonical":"https:\/\/jinsuncarbon.com\/tr\/urun\/grafit-surgu-plakasi\/","og_locale":"tr_TR","og_type":"article","og_title":"Graphite Slide Plate","og_description":"Graphite slide plate manufacturer and supplier, we can provide high-quality products with different specifications for your industrial production.","og_url":"https:\/\/jinsuncarbon.com\/tr\/urun\/grafit-surgu-plakasi\/","og_site_name":"Jinsun Carbon","article_publisher":"https:\/\/www.facebook.com\/Graphite-Electrode-109336238661595","article_modified_time":"2025-04-30T09:26:19+00:00","og_image":[{"width":1024,"height":763,"url":"https:\/\/jinsuncarbon.com\/wp-content\/uploads\/2025\/04\/Graphite-Slide-Plate.jpg","type":"image\/jpeg"}],"twitter_card":"summary_large_image","twitter_site":"@jinsuncarbon_","twitter_misc":{"Tahmini okuma s\u00fcresi":"3 dakika"},"schema":{"@context":"https:\/\/schema.org","@graph":[{"@type":"WebPage","@id":"https:\/\/jinsuncarbon.com\/product\/graphite-slide-plate\/","url":"https:\/\/jinsuncarbon.com\/product\/graphite-slide-plate\/","name":"\u00c7in'de Grafit Kayd\u0131rma Plakas\u0131 \u00dcreticisi | Jinsun Carbon","isPartOf":{"@id":"https:\/\/jinsuncarbon.com\/#website"},"primaryImageOfPage":{"@id":"https:\/\/jinsuncarbon.com\/product\/graphite-slide-plate\/#primaryimage"},"image":{"@id":"https:\/\/jinsuncarbon.com\/product\/graphite-slide-plate\/#primaryimage"},"thumbnailUrl":"https:\/\/jinsuncarbon.com\/wp-content\/uploads\/2025\/04\/Graphite-Slide-Plate.jpg","datePublished":"2025-04-30T09:26:18+00:00","dateModified":"2025-04-30T09:26:19+00:00","description":"Grafit kayar plaka \u00fcreticisi ve tedarik\u00e7isi olarak, end\u00fcstriyel \u00fcretiminiz i\u00e7in farkl\u0131 \u00f6zelliklere sahip y\u00fcksek kaliteli \u00fcr\u00fcnler sa\u011flayabiliriz.","breadcrumb":{"@id":"https:\/\/jinsuncarbon.com\/product\/graphite-slide-plate\/#breadcrumb"},"inLanguage":"tr","potentialAction":[{"@type":"ReadAction","target":["https:\/\/jinsuncarbon.com\/product\/graphite-slide-plate\/"]}]},{"@type":"ImageObject","inLanguage":"tr","@id":"https:\/\/jinsuncarbon.com\/product\/graphite-slide-plate\/#primaryimage","url":"https:\/\/jinsuncarbon.com\/wp-content\/uploads\/2025\/04\/Graphite-Slide-Plate.jpg","contentUrl":"https:\/\/jinsuncarbon.com\/wp-content\/uploads\/2025\/04\/Graphite-Slide-Plate.jpg","width":1024,"height":763,"caption":"Graphite Slide Plate"},{"@type":"BreadcrumbList","@id":"https:\/\/jinsuncarbon.com\/product\/graphite-slide-plate\/#breadcrumb","itemListElement":[{"@type":"ListItem","position":1,"name":"Home","item":"https:\/\/jinsuncarbon.com\/"},{"@type":"ListItem","position":2,"name":"Products","item":"https:\/\/jinsuncarbon.com\/graphite-carbon\/"},{"@type":"ListItem","position":3,"name":"Graphite Slide Plate"}]},{"@type":"WebSite","@id":"https:\/\/jinsuncarbon.com\/#website","url":"https:\/\/jinsuncarbon.com\/","name":"Jinsun Karbon","description":"\u00c7in'deki ba\u015far\u0131l\u0131 grafit elektrot \u00fcreticisiyiz","publisher":{"@id":"https:\/\/jinsuncarbon.com\/#organization"},"potentialAction":[{"@type":"SearchAction","target":{"@type":"EntryPoint","urlTemplate":"https:\/\/jinsuncarbon.com\/?s={search_term_string}"},"query-input":{"@type":"PropertyValueSpecification","valueRequired":true,"valueName":"search_term_string"}}],"inLanguage":"tr"},{"@type":"Organization","@id":"https:\/\/jinsuncarbon.com\/#organization","name":"Jinsun Karbon","alternateName":"Jinsun Carbon","url":"https:\/\/jinsuncarbon.com\/","logo":{"@type":"ImageObject","inLanguage":"tr","@id":"https:\/\/jinsuncarbon.com\/#\/schema\/logo\/image\/","url":"https:\/\/jinsuncarbon.com\/wp-content\/uploads\/2022\/12\/LOGO-1.png","contentUrl":"https:\/\/jinsuncarbon.com\/wp-content\/uploads\/2022\/12\/LOGO-1.png","width":207,"height":80,"caption":"Jinsun Carbon"},"image":{"@id":"https:\/\/jinsuncarbon.com\/#\/schema\/logo\/image\/"},"sameAs":["https:\/\/www.facebook.com\/Graphite-Electrode-109336238661595","https:\/\/x.com\/jinsuncarbon_","https:\/\/www.linkedin.com\/in\/jinsungraphite","https:\/\/www.youtube.com\/channel\/UCysDNyvyR5-3cCWEmpkVC0g"]}]}},"_links":{"self":[{"href":"https:\/\/jinsuncarbon.com\/tr\/wp-json\/wp\/v2\/product\/7895","targetHints":{"allow":["GET"]}}],"collection":[{"href":"https:\/\/jinsuncarbon.com\/tr\/wp-json\/wp\/v2\/product"}],"about":[{"href":"https:\/\/jinsuncarbon.com\/tr\/wp-json\/wp\/v2\/types\/product"}],"wp:featuredmedia":[{"embeddable":true,"href":"https:\/\/jinsuncarbon.com\/tr\/wp-json\/wp\/v2\/media\/7896"}],"wp:attachment":[{"href":"https:\/\/jinsuncarbon.com\/tr\/wp-json\/wp\/v2\/media?parent=7895"}],"wp:term":[{"taxonomy":"product_brand","embeddable":true,"href":"https:\/\/jinsuncarbon.com\/tr\/wp-json\/wp\/v2\/product_brand?post=7895"},{"taxonomy":"product_cat","embeddable":true,"href":"https:\/\/jinsuncarbon.com\/tr\/wp-json\/wp\/v2\/product_cat?post=7895"},{"taxonomy":"product_tag","embeddable":true,"href":"https:\/\/jinsuncarbon.com\/tr\/wp-json\/wp\/v2\/product_tag?post=7895"}],"curies":[{"name":"wp","href":"https:\/\/api.w.org\/{rel}","templated":true}]}}