{"id":7892,"date":"2025-04-30T08:55:44","date_gmt":"2025-04-30T08:55:44","guid":{"rendered":"https:\/\/jinsuncarbon.com\/?post_type=product&#038;p=7892"},"modified":"2025-04-30T08:55:45","modified_gmt":"2025-04-30T08:55:45","slug":"yapay-grafi%cc%87t-tozu","status":"publish","type":"product","link":"https:\/\/jinsuncarbon.com\/tr\/urun\/yapay-grafi%cc%87t-tozu\/","title":{"rendered":"Yapay Grafit Tozu"},"content":{"rendered":"<h2 class=\"ql-align-justify\">Yapay Grafit Tozunun Avantajlar\u0131<\/h2>\n<p class=\"ql-align-justify\">Yapay grafit tozu genellikle ince toz formundad\u0131r. Farkl\u0131 proses ve uygulama gereksinimlerine g\u00f6re partik\u00fcl boyutu, safl\u0131\u011f\u0131 ve morfolojisi esnek bir \u015fekilde ayarlanabilir. Ve bir\u00e7ok avantaj\u0131 vard\u0131r.<\/p>\n<p class=\"ql-align-justify\"><strong>M\u00fckemmel elektrik iletkenli\u011fi<\/strong><\/p>\n<p class=\"ql-align-justify\">Elektrik ak\u0131m\u0131n\u0131 h\u0131zl\u0131 bir \u015fekilde iletebilir, bu da onu \u00e7e\u015fitli iletken malzemeler i\u00e7in ideal bir katk\u0131 bile\u015feni haline getirir.<\/p>\n<p class=\"ql-align-justify\"><strong>M\u00fckemmel y\u00fcksek s\u0131cakl\u0131k direnci<\/strong><\/p>\n<p class=\"ql-align-justify\">Kolayca ayr\u0131\u015fmadan veya bozulmadan 2000\u00b0C'nin \u00fczerindeki y\u00fcksek s\u0131cakl\u0131kl\u0131 ortamlarda stabil kalabilir.<\/p>\n<p class=\"ql-align-justify\"><strong>Son derece inert kimyasal \u00f6zellikler<\/strong><\/p>\n<p class=\"ql-align-justify\">Asitlerle, alkalilerle ve di\u011fer kimyasal maddelerle neredeyse hi\u00e7 reaksiyona girmez, bu nedenle a\u015f\u0131nd\u0131r\u0131c\u0131 ortamlar i\u00e7in uygundur.<\/p>\n<p class=\"ql-align-justify\"><strong>G\u00fc\u00e7l\u00fc i\u015flenebilirlik<\/strong><\/p>\n<p class=\"ql-align-justify\">Presleme ve sinterleme gibi i\u015flemlerle farkl\u0131 \u015fekillerde \u00fcr\u00fcnler haline getirilebilir.<\/p>\n<p class=\"ql-align-justify\"><strong>Spesifik y\u00fczey alan\u0131 gerekti\u011fi gibi d\u00fczenlenebilir<\/strong><\/p>\n<p class=\"ql-align-justify\">Bu, adsorpsiyon ve kataliz gibi uygulamalar i\u00e7in \u00e7e\u015fitli se\u00e7enekler sunar.<\/p>\n<p class=\"ql-align-justify\">Ayr\u0131ca, toz formu di\u011fer malzemelerle homojen kar\u0131\u015ft\u0131rma i\u00e7in uygundur. B\u00f6ylece kompozit s\u00fcre\u00e7ler arac\u0131l\u0131\u011f\u0131yla \u00f6zel \u00f6zelliklere sahip yeni malzemeler haz\u0131rlayabilirsiniz.<\/p>\n<p>&nbsp;<\/p>\n<h2 class=\"ql-align-justify\">Yapay Grafit Tozunun Kullan\u0131m Alanlar\u0131<\/h2>\n<h3 class=\"ql-align-justify\">Yeni enerji alan\u0131nda:<\/h3>\n<p class=\"ql-align-justify\"><strong>Lityum-iyon pillerde<\/strong><\/p>\n<p class=\"ql-align-justify\">E\u015fsiz kristal yap\u0131s\u0131 ve kararl\u0131 \u00f6zellikleri nedeniyle, negatif elektrotun \u00e7ekirdek malzemesi olarak kullanabilirsiniz. Ak\u00fcn\u00fcn enerji yo\u011funlu\u011funu ve \u015farj-de\u015farj verimlili\u011fini \u00f6nemli \u00f6l\u00e7\u00fcde art\u0131rarak sekt\u00f6rde ana tercih haline getirir.<\/p>\n<p class=\"ql-align-justify\"><strong>Yak\u0131t h\u00fccrelerinde<\/strong><\/p>\n<p class=\"ql-align-justify\">Elektrotlar\u0131 haz\u0131rlamak i\u00e7in kullanabilir ve <a href=\"https:\/\/jinsuncarbon.com\/tr\/urun\/grafit-bipolar-plaka\/\">bipolar plakalar<\/a>. Y\u00fcksek elektrik iletkenli\u011fi ve kimyasal stabilite ile g\u00fc\u00e7 yo\u011funlu\u011funu art\u0131rabilir ve i\u00e7 direnci ve korozyon risklerini azaltabilir.<\/p>\n<h3 class=\"ql-align-justify\"><strong>Elektronik bilgi alan\u0131nda:<\/strong><\/h3>\n<p class=\"ql-align-justify\"><strong>\u0130letken kaplama<\/strong><\/p>\n<p class=\"ql-align-justify\">\u0130letken kaplamaya yapay grafit tozu eklenerek yap\u0131lan iletken kaplamalar, elektromanyetik kalkan ve anti-statik etkili bir \u015fekilde elde edilir ve ekipman\u0131n normal \u00e7al\u0131\u015fmas\u0131n\u0131 sa\u011flar. Ve bunu elektronik ekipmanlar\u0131n kasalar\u0131na, bilgisayar odalar\u0131n\u0131n duvarlar\u0131na vb. uygulayabilirsiniz.<\/p>\n<p class=\"ql-align-justify\"><strong>Yar\u0131 iletken \u00fcretim s\u00fcrecinde<\/strong><\/p>\n<p class=\"ql-align-justify\">Y\u00fcksek s\u0131cakl\u0131k direnci ve d\u00fc\u015f\u00fck genle\u015fme katsay\u0131s\u0131 ile kal\u0131plar ve fikst\u00fcrler gibi yard\u0131mc\u0131 malzemeler yapmak i\u00e7in yapay grafit tozu kullanabilirsiniz. Y\u00fcksek s\u0131cakl\u0131k prosesleri alt\u0131nda y\u00fcksek hassasiyetli boyutsal gereksinimleri sa\u011flayabilir.<\/p>\n<h3 class=\"ql-align-justify\">Makine end\u00fcstrisi alan\u0131nda:<\/h3>\n<p class=\"ql-align-justify\"><strong>Ya\u011flama malzemesi<\/strong><\/p>\n<p class=\"ql-align-justify\">Katmanl\u0131 kristal yap\u0131s\u0131 nedeniyle, ya\u011flama ya\u011f\u0131 ve \u00f6zel \u00e7al\u0131\u015fma ko\u015fullar\u0131 i\u00e7in uygun olan y\u00fcksek kaliteli bir kat\u0131 ya\u011flay\u0131c\u0131d\u0131r. <a href=\"https:\/\/jinsuncarbon.com\/tr\/urun\/grafit-tozu\/\">Grafit tozu<\/a> s\u00fcrt\u00fcnmeyi \u00f6nemli \u00f6l\u00e7\u00fcde azaltabilir, a\u015f\u0131nmay\u0131 en aza indirebilir ve ekipman\u0131n operasyonel verimlili\u011fini ve \u00f6mr\u00fcn\u00fc art\u0131rabilir.<\/p>\n<p class=\"ql-align-justify\"><strong>Kal\u0131p imalat\u0131nda<\/strong><\/p>\n<p class=\"ql-align-justify\">M\u00fckemmel kayganl\u0131\u011f\u0131 ve y\u00fcksek s\u0131cakl\u0131k direnci onu ideal bir kal\u0131p ay\u0131r\u0131c\u0131 yapar. Kal\u0131p y\u00fczeyini optimize edebilir, \u00fcr\u00fcn \u015fekillendirme kalitesini ve kal\u0131b\u0131n hizmet \u00f6mr\u00fcn\u00fc art\u0131rabilir.<\/p>\n<h3 class=\"ql-align-justify\">Kimya m\u00fchendisli\u011fi alan\u0131nda:<\/h3>\n<p class=\"ql-align-justify\"><strong>Kataliz\u00f6r ta\u015f\u0131y\u0131c\u0131<\/strong><\/p>\n<p class=\"ql-align-justify\">Geni\u015f spesifik y\u00fczey alan\u0131 ve kararl\u0131 kimyasal \u00f6zellikleri nedeniyle <a href=\"https:\/\/en.wikipedia.org\/wiki\/Catalyst_support\" target=\"_blank\" rel=\"noopener\">kataliz\u00f6r ta\u015f\u0131y\u0131c\u0131<\/a> aktif bile\u015fenleri y\u00fcklemek i\u00e7in. Petrokimya ve k\u00f6m\u00fcr kimyas\u0131 end\u00fcstrilerinde yayg\u0131n olarak uygulanan kimyasal reaksiyonlarda kataliz\u00f6rlerin aktivitesini, se\u00e7icili\u011fini ve stabilitesini art\u0131rabilir.<\/p>\n<p class=\"ql-align-justify\"><strong>D\u00f6nme \u00f6nleyici malzeme<\/strong><\/p>\n<p class=\"ql-align-justify\">Korozif ortamlara kar\u015f\u0131 koymak i\u00e7in korozyon \u00f6nleyici kaplamalara veya plastiklere ekleyebilirsiniz. Daha sonra kimya ve deniz m\u00fchendisli\u011fi ekipmanlar\u0131ndaki boru hatlar\u0131n\u0131n hizmet \u00f6mr\u00fcn\u00fc uzat\u0131r.<\/p>","protected":false},"excerpt":{"rendered":"<p>Yapay grafit tozu, karbonlu hammaddelerin bir dizi y\u00fcksek s\u0131cakl\u0131k i\u015flemi ve modifikasyon s\u00fcreci ile yapay olarak sentezlenmesiyle elde edilen toz halindeki bir malzemedir. Do\u011fal olarak olu\u015fmaz, ancak proses parametrelerinin yapay olarak d\u00fczenlenmesi yoluyla belirli kristal yap\u0131lara ve fiziksel ve kimyasal \u00f6zelliklere sahiptir. Ola\u011fan\u00fcst\u00fc elektrik iletkenli\u011fine, y\u00fcksek s\u0131cakl\u0131k direncine, kimyasal stabiliteye ve \u00f6zelle\u015ftirilebilir partik\u00fcl \u00f6zelliklerine sahiptir. Bu nedenle, yar\u0131 iletken \u00fcretimi, lityum-iyon piller, ya\u011flama malzemeleri vb. gibi geni\u015f uygulama alanlar\u0131na sahiptir.<\/p>","protected":false},"featured_media":7893,"template":"","meta":[],"product_brand":[],"product_cat":[38],"product_tag":[],"class_list":{"0":"post-7892","1":"product","2":"type-product","3":"status-publish","4":"has-post-thumbnail","6":"product_cat-graphite-products","8":"first","9":"instock","10":"shipping-taxable","11":"product-type-simple"},"yoast_head":"<!-- This site is optimized with the Yoast SEO Premium plugin v19.2.1 (Yoast SEO v25.3) - https:\/\/yoast.com\/wordpress\/plugins\/seo\/ -->\n<title>Artificial Graphite Powder Manufacturer in China | Jinsun Carbon<\/title>\n<meta name=\"description\" content=\"Artificial graphite powder producer\uff0cJinsun can supply different types of graphite powder. Contact us today and get the best price.\" \/>\n<meta name=\"robots\" content=\"index, follow, max-snippet:-1, max-image-preview:large, max-video-preview:-1\" \/>\n<link rel=\"canonical\" href=\"https:\/\/jinsuncarbon.com\/tr\/urun\/yapay-grafi\u0307t-tozu\/\" \/>\n<meta property=\"og:locale\" content=\"tr_TR\" \/>\n<meta property=\"og:type\" content=\"article\" \/>\n<meta property=\"og:title\" content=\"Artificial Graphite Powder\" \/>\n<meta property=\"og:description\" content=\"Artificial graphite powder producer\uff0cJinsun can supply different types of graphite powder. Contact us today and get the best price.\" \/>\n<meta property=\"og:url\" content=\"https:\/\/jinsuncarbon.com\/tr\/urun\/yapay-grafi\u0307t-tozu\/\" \/>\n<meta property=\"og:site_name\" content=\"Jinsun Carbon\" \/>\n<meta property=\"article:publisher\" content=\"https:\/\/www.facebook.com\/Graphite-Electrode-109336238661595\" \/>\n<meta property=\"article:modified_time\" content=\"2025-04-30T08:55:45+00:00\" \/>\n<meta property=\"og:image\" content=\"https:\/\/jinsuncarbon.com\/wp-content\/uploads\/2025\/04\/Artificial-Graphite-Powder.jpg\" \/>\n\t<meta property=\"og:image:width\" content=\"1024\" \/>\n\t<meta property=\"og:image:height\" content=\"763\" \/>\n\t<meta property=\"og:image:type\" content=\"image\/jpeg\" \/>\n<meta name=\"twitter:card\" content=\"summary_large_image\" \/>\n<meta name=\"twitter:site\" content=\"@jinsuncarbon_\" \/>\n<meta name=\"twitter:label1\" content=\"Tahmini okuma s\u00fcresi\" \/>\n\t<meta name=\"twitter:data1\" content=\"3 dakika\" \/>\n<script type=\"application\/ld+json\" class=\"yoast-schema-graph\">{\"@context\":\"https:\/\/schema.org\",\"@graph\":[{\"@type\":\"WebPage\",\"@id\":\"https:\/\/jinsuncarbon.com\/product\/artificial-graphite-powder\/\",\"url\":\"https:\/\/jinsuncarbon.com\/product\/artificial-graphite-powder\/\",\"name\":\"Artificial Graphite Powder Manufacturer in China | Jinsun Carbon\",\"isPartOf\":{\"@id\":\"https:\/\/jinsuncarbon.com\/#website\"},\"primaryImageOfPage\":{\"@id\":\"https:\/\/jinsuncarbon.com\/product\/artificial-graphite-powder\/#primaryimage\"},\"image\":{\"@id\":\"https:\/\/jinsuncarbon.com\/product\/artificial-graphite-powder\/#primaryimage\"},\"thumbnailUrl\":\"https:\/\/jinsuncarbon.com\/wp-content\/uploads\/2025\/04\/Artificial-Graphite-Powder.jpg\",\"datePublished\":\"2025-04-30T08:55:44+00:00\",\"dateModified\":\"2025-04-30T08:55:45+00:00\",\"description\":\"Artificial graphite powder producer\uff0cJinsun can supply different types of graphite powder. Contact us today and get the best price.\",\"breadcrumb\":{\"@id\":\"https:\/\/jinsuncarbon.com\/product\/artificial-graphite-powder\/#breadcrumb\"},\"inLanguage\":\"tr\",\"potentialAction\":[{\"@type\":\"ReadAction\",\"target\":[\"https:\/\/jinsuncarbon.com\/product\/artificial-graphite-powder\/\"]}]},{\"@type\":\"ImageObject\",\"inLanguage\":\"tr\",\"@id\":\"https:\/\/jinsuncarbon.com\/product\/artificial-graphite-powder\/#primaryimage\",\"url\":\"https:\/\/jinsuncarbon.com\/wp-content\/uploads\/2025\/04\/Artificial-Graphite-Powder.jpg\",\"contentUrl\":\"https:\/\/jinsuncarbon.com\/wp-content\/uploads\/2025\/04\/Artificial-Graphite-Powder.jpg\",\"width\":1024,\"height\":763,\"caption\":\"Artificial Graphite Powder\"},{\"@type\":\"BreadcrumbList\",\"@id\":\"https:\/\/jinsuncarbon.com\/product\/artificial-graphite-powder\/#breadcrumb\",\"itemListElement\":[{\"@type\":\"ListItem\",\"position\":1,\"name\":\"Home\",\"item\":\"https:\/\/jinsuncarbon.com\/\"},{\"@type\":\"ListItem\",\"position\":2,\"name\":\"Products\",\"item\":\"https:\/\/jinsuncarbon.com\/graphite-carbon\/\"},{\"@type\":\"ListItem\",\"position\":3,\"name\":\"Artificial Graphite Powder\"}]},{\"@type\":\"WebSite\",\"@id\":\"https:\/\/jinsuncarbon.com\/#website\",\"url\":\"https:\/\/jinsuncarbon.com\/\",\"name\":\"Jinsun Carbon\",\"description\":\"We are the successful graphite electrode manufacturer in China\",\"publisher\":{\"@id\":\"https:\/\/jinsuncarbon.com\/#organization\"},\"potentialAction\":[{\"@type\":\"SearchAction\",\"target\":{\"@type\":\"EntryPoint\",\"urlTemplate\":\"https:\/\/jinsuncarbon.com\/?s={search_term_string}\"},\"query-input\":{\"@type\":\"PropertyValueSpecification\",\"valueRequired\":true,\"valueName\":\"search_term_string\"}}],\"inLanguage\":\"tr\"},{\"@type\":\"Organization\",\"@id\":\"https:\/\/jinsuncarbon.com\/#organization\",\"name\":\"Jinsun Carbon\",\"alternateName\":\"Jinsun Carbon\",\"url\":\"https:\/\/jinsuncarbon.com\/\",\"logo\":{\"@type\":\"ImageObject\",\"inLanguage\":\"tr\",\"@id\":\"https:\/\/jinsuncarbon.com\/#\/schema\/logo\/image\/\",\"url\":\"https:\/\/jinsuncarbon.com\/wp-content\/uploads\/2022\/12\/LOGO-1.png\",\"contentUrl\":\"https:\/\/jinsuncarbon.com\/wp-content\/uploads\/2022\/12\/LOGO-1.png\",\"width\":207,\"height\":80,\"caption\":\"Jinsun Carbon\"},\"image\":{\"@id\":\"https:\/\/jinsuncarbon.com\/#\/schema\/logo\/image\/\"},\"sameAs\":[\"https:\/\/www.facebook.com\/Graphite-Electrode-109336238661595\",\"https:\/\/x.com\/jinsuncarbon_\",\"https:\/\/www.linkedin.com\/in\/jinsungraphite\",\"https:\/\/www.youtube.com\/channel\/UCysDNyvyR5-3cCWEmpkVC0g\"]}]}<\/script>\n<!-- \/ Yoast SEO Premium plugin. -->","yoast_head_json":{"title":"\u00c7in'de Yapay Grafit Tozu \u00dcreticisi | Jinsun Carbon","description":"Yapay grafit tozu \u00fcreticisi \uff0c Jinsun, farkl\u0131 tipte grafit tozu tedarik edebilir. Bug\u00fcn bizimle ileti\u015fime ge\u00e7in ve en iyi fiyat\u0131 al\u0131n.","robots":{"index":"index","follow":"follow","max-snippet":"max-snippet:-1","max-image-preview":"max-image-preview:large","max-video-preview":"max-video-preview:-1"},"canonical":"https:\/\/jinsuncarbon.com\/tr\/urun\/yapay-grafi\u0307t-tozu\/","og_locale":"tr_TR","og_type":"article","og_title":"Artificial Graphite Powder","og_description":"Artificial graphite powder producer\uff0cJinsun can supply different types of graphite powder. Contact us today and get the best price.","og_url":"https:\/\/jinsuncarbon.com\/tr\/urun\/yapay-grafi\u0307t-tozu\/","og_site_name":"Jinsun Carbon","article_publisher":"https:\/\/www.facebook.com\/Graphite-Electrode-109336238661595","article_modified_time":"2025-04-30T08:55:45+00:00","og_image":[{"width":1024,"height":763,"url":"https:\/\/jinsuncarbon.com\/wp-content\/uploads\/2025\/04\/Artificial-Graphite-Powder.jpg","type":"image\/jpeg"}],"twitter_card":"summary_large_image","twitter_site":"@jinsuncarbon_","twitter_misc":{"Tahmini okuma s\u00fcresi":"3 dakika"},"schema":{"@context":"https:\/\/schema.org","@graph":[{"@type":"WebPage","@id":"https:\/\/jinsuncarbon.com\/product\/artificial-graphite-powder\/","url":"https:\/\/jinsuncarbon.com\/product\/artificial-graphite-powder\/","name":"\u00c7in'de Yapay Grafit Tozu \u00dcreticisi | Jinsun Carbon","isPartOf":{"@id":"https:\/\/jinsuncarbon.com\/#website"},"primaryImageOfPage":{"@id":"https:\/\/jinsuncarbon.com\/product\/artificial-graphite-powder\/#primaryimage"},"image":{"@id":"https:\/\/jinsuncarbon.com\/product\/artificial-graphite-powder\/#primaryimage"},"thumbnailUrl":"https:\/\/jinsuncarbon.com\/wp-content\/uploads\/2025\/04\/Artificial-Graphite-Powder.jpg","datePublished":"2025-04-30T08:55:44+00:00","dateModified":"2025-04-30T08:55:45+00:00","description":"Yapay grafit tozu \u00fcreticisi \uff0c Jinsun, farkl\u0131 tipte grafit tozu tedarik edebilir. Bug\u00fcn bizimle ileti\u015fime ge\u00e7in ve en iyi fiyat\u0131 al\u0131n.","breadcrumb":{"@id":"https:\/\/jinsuncarbon.com\/product\/artificial-graphite-powder\/#breadcrumb"},"inLanguage":"tr","potentialAction":[{"@type":"ReadAction","target":["https:\/\/jinsuncarbon.com\/product\/artificial-graphite-powder\/"]}]},{"@type":"ImageObject","inLanguage":"tr","@id":"https:\/\/jinsuncarbon.com\/product\/artificial-graphite-powder\/#primaryimage","url":"https:\/\/jinsuncarbon.com\/wp-content\/uploads\/2025\/04\/Artificial-Graphite-Powder.jpg","contentUrl":"https:\/\/jinsuncarbon.com\/wp-content\/uploads\/2025\/04\/Artificial-Graphite-Powder.jpg","width":1024,"height":763,"caption":"Artificial Graphite Powder"},{"@type":"BreadcrumbList","@id":"https:\/\/jinsuncarbon.com\/product\/artificial-graphite-powder\/#breadcrumb","itemListElement":[{"@type":"ListItem","position":1,"name":"Home","item":"https:\/\/jinsuncarbon.com\/"},{"@type":"ListItem","position":2,"name":"Products","item":"https:\/\/jinsuncarbon.com\/graphite-carbon\/"},{"@type":"ListItem","position":3,"name":"Artificial Graphite Powder"}]},{"@type":"WebSite","@id":"https:\/\/jinsuncarbon.com\/#website","url":"https:\/\/jinsuncarbon.com\/","name":"Jinsun Karbon","description":"\u00c7in'deki ba\u015far\u0131l\u0131 grafit elektrot \u00fcreticisiyiz","publisher":{"@id":"https:\/\/jinsuncarbon.com\/#organization"},"potentialAction":[{"@type":"SearchAction","target":{"@type":"EntryPoint","urlTemplate":"https:\/\/jinsuncarbon.com\/?s={search_term_string}"},"query-input":{"@type":"PropertyValueSpecification","valueRequired":true,"valueName":"search_term_string"}}],"inLanguage":"tr"},{"@type":"Organization","@id":"https:\/\/jinsuncarbon.com\/#organization","name":"Jinsun Karbon","alternateName":"Jinsun Carbon","url":"https:\/\/jinsuncarbon.com\/","logo":{"@type":"ImageObject","inLanguage":"tr","@id":"https:\/\/jinsuncarbon.com\/#\/schema\/logo\/image\/","url":"https:\/\/jinsuncarbon.com\/wp-content\/uploads\/2022\/12\/LOGO-1.png","contentUrl":"https:\/\/jinsuncarbon.com\/wp-content\/uploads\/2022\/12\/LOGO-1.png","width":207,"height":80,"caption":"Jinsun Carbon"},"image":{"@id":"https:\/\/jinsuncarbon.com\/#\/schema\/logo\/image\/"},"sameAs":["https:\/\/www.facebook.com\/Graphite-Electrode-109336238661595","https:\/\/x.com\/jinsuncarbon_","https:\/\/www.linkedin.com\/in\/jinsungraphite","https:\/\/www.youtube.com\/channel\/UCysDNyvyR5-3cCWEmpkVC0g"]}]}},"_links":{"self":[{"href":"https:\/\/jinsuncarbon.com\/tr\/wp-json\/wp\/v2\/product\/7892","targetHints":{"allow":["GET"]}}],"collection":[{"href":"https:\/\/jinsuncarbon.com\/tr\/wp-json\/wp\/v2\/product"}],"about":[{"href":"https:\/\/jinsuncarbon.com\/tr\/wp-json\/wp\/v2\/types\/product"}],"wp:featuredmedia":[{"embeddable":true,"href":"https:\/\/jinsuncarbon.com\/tr\/wp-json\/wp\/v2\/media\/7893"}],"wp:attachment":[{"href":"https:\/\/jinsuncarbon.com\/tr\/wp-json\/wp\/v2\/media?parent=7892"}],"wp:term":[{"taxonomy":"product_brand","embeddable":true,"href":"https:\/\/jinsuncarbon.com\/tr\/wp-json\/wp\/v2\/product_brand?post=7892"},{"taxonomy":"product_cat","embeddable":true,"href":"https:\/\/jinsuncarbon.com\/tr\/wp-json\/wp\/v2\/product_cat?post=7892"},{"taxonomy":"product_tag","embeddable":true,"href":"https:\/\/jinsuncarbon.com\/tr\/wp-json\/wp\/v2\/product_tag?post=7892"}],"curies":[{"name":"wp","href":"https:\/\/api.w.org\/{rel}","templated":true}]}}