{"id":7881,"date":"2025-04-18T01:56:46","date_gmt":"2025-04-18T01:56:46","guid":{"rendered":"https:\/\/jinsuncarbon.com\/?post_type=product&#038;p=7881"},"modified":"2025-04-18T01:56:46","modified_gmt":"2025-04-18T01:56:46","slug":"grafit-astar","status":"publish","type":"product","link":"https:\/\/jinsuncarbon.com\/tr\/urun\/grafit-astar\/","title":{"rendered":"Grafit Astar"},"content":{"rendered":"<h2>Grafit astar\u0131n avantajlar\u0131<\/h2>\n<p>Genellikle grafit tozunun belirli bir ba\u011flay\u0131c\u0131 ile kar\u0131\u015ft\u0131r\u0131lmas\u0131yla yap\u0131l\u0131r. Daha sonra kal\u0131plama, ekstr\u00fczyon veya izostatik presleme gibi bir kal\u0131plama i\u015flemi ile istenen \u015fekil ve boyuta getirilir. Ve y\u00fcksek s\u0131cakl\u0131kta kavurma ve di\u011fer i\u015flemlerden sonra yo\u011funlu\u011funu, g\u00fcc\u00fcn\u00fc ve performans\u0131n\u0131 art\u0131rmak i\u00e7in. Dolay\u0131s\u0131yla grafit astar\u0131n ola\u011fan\u00fcst\u00fc avantajlar\u0131 vard\u0131r.<\/p>\n<p><strong><b>S<\/b><\/strong><strong><b>daha y\u00fcksek s\u0131cakl\u0131k direnci<\/b><\/strong><\/p>\n<p>1000\u00b0C'nin \u00fczerindeki y\u00fcksek s\u0131cakl\u0131k ortamlar\u0131nda erime ve ayr\u0131\u015fma olmaks\u0131z\u0131n stabilitesini koruyabilir.<\/p>\n<p>&nbsp;<\/p>\n<p><strong><b>M\u00fckemmel kimyasal stabilite<\/b><\/strong><\/p>\n<p>\u00c7e\u015fitli g\u00fc\u00e7l\u00fc asitlere, alkalilere ve a\u015f\u0131nd\u0131r\u0131c\u0131 gaz erozyonuna etkili bir \u015fekilde direnebilir, \u00e7\u00fcnk\u00fc neredeyse hi\u00e7bir kimyasal madde ile reaksiyona girmez.<\/p>\n<p>&nbsp;<\/p>\n<p><strong><b>\u0130yi a\u015f\u0131nma direnci<\/b><\/strong><\/p>\n<p>Malzeme erozyonuna ve s\u00fcrt\u00fcnmeye dayanabilir ve ekipman a\u015f\u0131nmas\u0131n\u0131 azaltabilir.<\/p>\n<p>&nbsp;<\/p>\n<p><strong><b>G<\/b><\/strong><strong><b>ood kendinden ya\u011flama<\/b><\/strong><\/p>\n<p>Ekipman i\u00e7inde akan malzemenin direncini azaltabilir.<\/p>\n<p>&nbsp;<\/p>\n<p><strong><b>D\u00fc\u015f\u00fck<\/b><\/strong><strong><b>\u00a0termal genle\u015fme katsay\u0131s\u0131<\/b><\/strong><\/p>\n<p>S\u0131cakl\u0131k \u00f6nemli \u00f6l\u00e7\u00fcde de\u011fi\u015fti\u011finde yap\u0131s\u0131 sabit tutulabilir. Termal genle\u015fme ve so\u011fuk b\u00fcz\u00fclmeden zarar g\u00f6rmesi kolay de\u011fildir.<\/p>\n<p>&nbsp;<\/p>\n<p><strong><b>C<\/b><\/strong><strong><b>belirli elektrik iletkenli\u011fi<\/b><\/strong><\/p>\n<p>Elektrokimyasal s\u00fcre\u00e7leri i\u00e7eren baz\u0131 ekipmanlarda benzersiz bir rol oynayabilir.<\/p>\n<p><strong><b>\u00a0<\/b><\/strong><\/p>\n<h2>Grafit astarlar\u0131n kullan\u0131m alanlar\u0131<\/h2>\n<p>Grafit astarlar iyi korozyon direncine, termal iletkenli\u011fe ve a\u015f\u0131nma direncine sahiptir, bu nedenle bir\u00e7ok alanda yayg\u0131n olarak kullan\u0131lmaktad\u0131r. A\u015fa\u011f\u0131da ana kullan\u0131m alanlar\u0131ndan baz\u0131lar\u0131 verilmi\u015ftir:<\/p>\n<p><strong><b>Kimya end\u00fcstrisi<\/b><\/strong><\/p>\n<p>Reakt\u00f6r, depolama tank\u0131, boru hatt\u0131 ve di\u011fer ekipmanlar\u0131n astar\u0131n\u0131 yapmak i\u00e7in kullanabilirsiniz. \u00c7e\u015fitli g\u00fc\u00e7l\u00fc asitlerin, g\u00fc\u00e7l\u00fc alkalilerin ve organik \u00e7\u00f6z\u00fcc\u00fclerin korozyonuna kar\u015f\u0131 koyabildi\u011finden, kimyasal \u00fcretim s\u00fcrecinin g\u00fcvenli\u011fini ve istikrar\u0131n\u0131 sa\u011flar.<\/p>\n<p>&nbsp;<\/p>\n<p><strong><b>Metalurji end\u00fcstrisi<\/b><\/strong><\/p>\n<p>Elektrolitik h\u00fccrelerde katot olarak grafit astarlar kullanabilirsiniz <a href=\"https:\/\/jinsuncarbon.com\/tr\/urun\/grafit-firin-astari\/\">Astar<\/a> malzeme. \u0130yi elektrik iletkenli\u011fi ve erimi\u015f tuz erozyonuna kar\u015f\u0131 direnci ile elektrolitik verimlili\u011fi art\u0131rmaya ve ekipman\u0131n hizmet \u00f6mr\u00fcn\u00fc uzatmaya yard\u0131mc\u0131 olur. Ayr\u0131ca, baz\u0131 y\u00fcksek s\u0131cakl\u0131k f\u0131r\u0131nlar\u0131nda, \u0131s\u0131 yal\u0131t\u0131m\u0131 ve f\u0131r\u0131n g\u00f6vdesinin korunmas\u0131 rol\u00fcn\u00fc de oynayabilir.<\/p>\n<p>&nbsp;<\/p>\n<p><strong><b>Elektronik end\u00fcstrisi<\/b><\/strong><\/p>\n<p>Yar\u0131 iletken \u00e7ip \u00fcretim s\u00fcrecinde grafit tekneler ve grafit fikst\u00fcrler \u00fcretmek i\u00e7in kullanabilirsiniz. Grafit astarlar, \u00e7ip \u00fcretimi i\u00e7in istikrarl\u0131 bir s\u0131cakl\u0131k ortam\u0131 ve iyi bir mekanik destek sa\u011flayabilir. Y\u00fcksek safl\u0131\u011f\u0131 ve d\u00fc\u015f\u00fck safs\u0131zl\u0131k i\u00e7eri\u011fi, elektronik end\u00fcstrisinin malzemeler i\u00e7in kat\u0131 gereksinimlerini kar\u015f\u0131layabilir.<\/p>\n<p>&nbsp;<\/p>\n<p><strong><b>Makine end\u00fcstrisi<\/b><\/strong><\/p>\n<p>Mekanik salmastralar\u0131n, yataklar\u0131n ve astar\u0131n di\u011fer par\u00e7alar\u0131n\u0131n \u00fcretimi i\u00e7in grafit astar kullanabilirsiniz. Mekanik par\u00e7alar aras\u0131ndaki s\u00fcrt\u00fcnme katsay\u0131s\u0131n\u0131 azaltabilen iyi bir kendinden ya\u011flama ve a\u015f\u0131nma direncine sahiptir. Ayr\u0131ca ekipman\u0131n \u00e7al\u0131\u015fma verimlili\u011fini ve g\u00fcvenilirli\u011fini de art\u0131r\u0131r.<\/p>\n<p>&nbsp;<\/p>\n<p><strong><b>\u00c7evre koruma end\u00fcstrisi<\/b><\/strong><\/p>\n<p>Kanalizasyon ar\u0131tma ekipman\u0131nda, havaland\u0131rma tank\u0131, \u00e7\u00f6keltme tank\u0131 vb. astar\u0131n\u0131 yapmak i\u00e7in kullanabilirsiniz. Korozyon direnci ve biyolojik yap\u0131\u015fma direnci nedeniyle, ekipman\u0131n \u00e7al\u0131\u015fma verimlili\u011fini ve hizmet \u00f6mr\u00fcn\u00fc art\u0131rabilir. Ek olarak, baz\u0131 at\u0131k gaz ar\u0131tma ekipmanlar\u0131nda, bir ta\u015f\u0131y\u0131c\u0131 olarak da kullanabilirsiniz. <a href=\"https:\/\/www.sciencedirect.com\/topics\/engineering\/adsorbent-material\" target=\"_blank\" rel=\"noopener\">adsorbe malzemeler<\/a>. At\u0131k gaz ar\u0131tma etkisini art\u0131rabilir.<\/p>","protected":false},"excerpt":{"rendered":"<p>Grafit astar, ekipman\u0131n i\u00e7 korumas\u0131 i\u00e7in y\u00fcksek safl\u0131kta grafit malzemeden yap\u0131lm\u0131\u015f bir yap\u0131d\u0131r. Grafitin m\u00fckemmel \u00f6zellikleri nedeniyle, bir\u00e7ok karma\u015f\u0131k \u00e7al\u0131\u015fma ko\u015fulunda \u00f6nemli bir rol oynar. Kimya end\u00fcstrisinin reakt\u00f6r\u00fc, y\u00fcksek s\u0131cakl\u0131k f\u0131r\u0131n\u0131n\u0131n metal\u00fcrjik alan\u0131 ve di\u011fer ekipmanlar gibi. Her t\u00fcrl\u00fc end\u00fcstriyel ekipman\u0131n istikrarl\u0131 \u00e7al\u0131\u015fmas\u0131n\u0131 sa\u011flamak i\u00e7in vazge\u00e7ilmez bir bile\u015fen olan ekipman\u0131n istikrarl\u0131 \u00e7al\u0131\u015fmas\u0131 i\u00e7in g\u00fcvenilir garanti sa\u011flayabilir.<\/p>","protected":false},"featured_media":7882,"template":"","meta":[],"product_brand":[],"product_cat":[38],"product_tag":[],"class_list":{"0":"post-7881","1":"product","2":"type-product","3":"status-publish","4":"has-post-thumbnail","6":"product_cat-graphite-products","8":"first","9":"instock","10":"shipping-taxable","11":"product-type-simple"},"yoast_head":"<!-- This site is optimized with the Yoast SEO Premium plugin v19.2.1 (Yoast SEO v25.3) - https:\/\/yoast.com\/wordpress\/plugins\/seo\/ -->\n<title>Graphite Liner Manufacturer in China | Jinsun Carbon<\/title>\n<meta name=\"description\" content=\"Graphite Liners manufacturers and suppliers. Jinsun can supply graphite liners in a range of sizes for your application, please contact us now.\" \/>\n<meta name=\"robots\" content=\"index, follow, max-snippet:-1, max-image-preview:large, max-video-preview:-1\" \/>\n<link rel=\"canonical\" href=\"https:\/\/jinsuncarbon.com\/tr\/urun\/grafit-astar\/\" \/>\n<meta property=\"og:locale\" content=\"tr_TR\" \/>\n<meta property=\"og:type\" content=\"article\" \/>\n<meta property=\"og:title\" content=\"Graphite Liner\" \/>\n<meta property=\"og:description\" content=\"Graphite Liners manufacturers and suppliers. Jinsun can supply graphite liners in a range of sizes for your application, please contact us now.\" \/>\n<meta property=\"og:url\" content=\"https:\/\/jinsuncarbon.com\/tr\/urun\/grafit-astar\/\" \/>\n<meta property=\"og:site_name\" content=\"Jinsun Carbon\" \/>\n<meta property=\"article:publisher\" content=\"https:\/\/www.facebook.com\/Graphite-Electrode-109336238661595\" \/>\n<meta property=\"og:image\" content=\"https:\/\/jinsuncarbon.com\/wp-content\/uploads\/2025\/04\/Graphite-Liner.jpg\" \/>\n\t<meta property=\"og:image:width\" content=\"1024\" \/>\n\t<meta property=\"og:image:height\" content=\"763\" \/>\n\t<meta property=\"og:image:type\" content=\"image\/jpeg\" \/>\n<meta name=\"twitter:card\" content=\"summary_large_image\" \/>\n<meta name=\"twitter:site\" content=\"@jinsuncarbon_\" \/>\n<meta name=\"twitter:label1\" content=\"Tahmini okuma s\u00fcresi\" \/>\n\t<meta name=\"twitter:data1\" content=\"3 dakika\" \/>\n<script type=\"application\/ld+json\" class=\"yoast-schema-graph\">{\"@context\":\"https:\/\/schema.org\",\"@graph\":[{\"@type\":\"WebPage\",\"@id\":\"https:\/\/jinsuncarbon.com\/product\/graphite-liner\/\",\"url\":\"https:\/\/jinsuncarbon.com\/product\/graphite-liner\/\",\"name\":\"Graphite Liner Manufacturer in China | Jinsun Carbon\",\"isPartOf\":{\"@id\":\"https:\/\/jinsuncarbon.com\/#website\"},\"primaryImageOfPage\":{\"@id\":\"https:\/\/jinsuncarbon.com\/product\/graphite-liner\/#primaryimage\"},\"image\":{\"@id\":\"https:\/\/jinsuncarbon.com\/product\/graphite-liner\/#primaryimage\"},\"thumbnailUrl\":\"https:\/\/jinsuncarbon.com\/wp-content\/uploads\/2025\/04\/Graphite-Liner.jpg\",\"datePublished\":\"2025-04-18T01:56:46+00:00\",\"description\":\"Graphite Liners manufacturers and suppliers. Jinsun can supply graphite liners in a range of sizes for your application, please contact us now.\",\"breadcrumb\":{\"@id\":\"https:\/\/jinsuncarbon.com\/product\/graphite-liner\/#breadcrumb\"},\"inLanguage\":\"tr\",\"potentialAction\":[{\"@type\":\"ReadAction\",\"target\":[\"https:\/\/jinsuncarbon.com\/product\/graphite-liner\/\"]}]},{\"@type\":\"ImageObject\",\"inLanguage\":\"tr\",\"@id\":\"https:\/\/jinsuncarbon.com\/product\/graphite-liner\/#primaryimage\",\"url\":\"https:\/\/jinsuncarbon.com\/wp-content\/uploads\/2025\/04\/Graphite-Liner.jpg\",\"contentUrl\":\"https:\/\/jinsuncarbon.com\/wp-content\/uploads\/2025\/04\/Graphite-Liner.jpg\",\"width\":1024,\"height\":763,\"caption\":\"Graphite Liner\"},{\"@type\":\"BreadcrumbList\",\"@id\":\"https:\/\/jinsuncarbon.com\/product\/graphite-liner\/#breadcrumb\",\"itemListElement\":[{\"@type\":\"ListItem\",\"position\":1,\"name\":\"Home\",\"item\":\"https:\/\/jinsuncarbon.com\/\"},{\"@type\":\"ListItem\",\"position\":2,\"name\":\"Products\",\"item\":\"https:\/\/jinsuncarbon.com\/graphite-carbon\/\"},{\"@type\":\"ListItem\",\"position\":3,\"name\":\"Graphite Liner\"}]},{\"@type\":\"WebSite\",\"@id\":\"https:\/\/jinsuncarbon.com\/#website\",\"url\":\"https:\/\/jinsuncarbon.com\/\",\"name\":\"Jinsun Carbon\",\"description\":\"We are the successful graphite electrode manufacturer in China\",\"publisher\":{\"@id\":\"https:\/\/jinsuncarbon.com\/#organization\"},\"potentialAction\":[{\"@type\":\"SearchAction\",\"target\":{\"@type\":\"EntryPoint\",\"urlTemplate\":\"https:\/\/jinsuncarbon.com\/?s={search_term_string}\"},\"query-input\":{\"@type\":\"PropertyValueSpecification\",\"valueRequired\":true,\"valueName\":\"search_term_string\"}}],\"inLanguage\":\"tr\"},{\"@type\":\"Organization\",\"@id\":\"https:\/\/jinsuncarbon.com\/#organization\",\"name\":\"Jinsun Carbon\",\"alternateName\":\"Jinsun Carbon\",\"url\":\"https:\/\/jinsuncarbon.com\/\",\"logo\":{\"@type\":\"ImageObject\",\"inLanguage\":\"tr\",\"@id\":\"https:\/\/jinsuncarbon.com\/#\/schema\/logo\/image\/\",\"url\":\"https:\/\/jinsuncarbon.com\/wp-content\/uploads\/2022\/12\/LOGO-1.png\",\"contentUrl\":\"https:\/\/jinsuncarbon.com\/wp-content\/uploads\/2022\/12\/LOGO-1.png\",\"width\":207,\"height\":80,\"caption\":\"Jinsun Carbon\"},\"image\":{\"@id\":\"https:\/\/jinsuncarbon.com\/#\/schema\/logo\/image\/\"},\"sameAs\":[\"https:\/\/www.facebook.com\/Graphite-Electrode-109336238661595\",\"https:\/\/x.com\/jinsuncarbon_\",\"https:\/\/www.linkedin.com\/in\/jinsungraphite\",\"https:\/\/www.youtube.com\/channel\/UCysDNyvyR5-3cCWEmpkVC0g\"]}]}<\/script>\n<!-- \/ Yoast SEO Premium plugin. -->","yoast_head_json":{"title":"\u00c7in'de Grafit Astar \u00dcreticisi | Jinsun Carbon","description":"Grafit G\u00f6mlekler \u00fcreticileri ve tedarik\u00e7ileri. Jinsun, uygulaman\u0131z i\u00e7in \u00e7e\u015fitli boyutlarda grafit astarlar tedarik edebilir, l\u00fctfen \u015fimdi bizimle ileti\u015fime ge\u00e7in.","robots":{"index":"index","follow":"follow","max-snippet":"max-snippet:-1","max-image-preview":"max-image-preview:large","max-video-preview":"max-video-preview:-1"},"canonical":"https:\/\/jinsuncarbon.com\/tr\/urun\/grafit-astar\/","og_locale":"tr_TR","og_type":"article","og_title":"Graphite Liner","og_description":"Graphite Liners manufacturers and suppliers. Jinsun can supply graphite liners in a range of sizes for your application, please contact us now.","og_url":"https:\/\/jinsuncarbon.com\/tr\/urun\/grafit-astar\/","og_site_name":"Jinsun Carbon","article_publisher":"https:\/\/www.facebook.com\/Graphite-Electrode-109336238661595","og_image":[{"width":1024,"height":763,"url":"https:\/\/jinsuncarbon.com\/wp-content\/uploads\/2025\/04\/Graphite-Liner.jpg","type":"image\/jpeg"}],"twitter_card":"summary_large_image","twitter_site":"@jinsuncarbon_","twitter_misc":{"Tahmini okuma s\u00fcresi":"3 dakika"},"schema":{"@context":"https:\/\/schema.org","@graph":[{"@type":"WebPage","@id":"https:\/\/jinsuncarbon.com\/product\/graphite-liner\/","url":"https:\/\/jinsuncarbon.com\/product\/graphite-liner\/","name":"\u00c7in'de Grafit Astar \u00dcreticisi | Jinsun Carbon","isPartOf":{"@id":"https:\/\/jinsuncarbon.com\/#website"},"primaryImageOfPage":{"@id":"https:\/\/jinsuncarbon.com\/product\/graphite-liner\/#primaryimage"},"image":{"@id":"https:\/\/jinsuncarbon.com\/product\/graphite-liner\/#primaryimage"},"thumbnailUrl":"https:\/\/jinsuncarbon.com\/wp-content\/uploads\/2025\/04\/Graphite-Liner.jpg","datePublished":"2025-04-18T01:56:46+00:00","description":"Grafit G\u00f6mlekler \u00fcreticileri ve tedarik\u00e7ileri. Jinsun, uygulaman\u0131z i\u00e7in \u00e7e\u015fitli boyutlarda grafit astarlar tedarik edebilir, l\u00fctfen \u015fimdi bizimle ileti\u015fime ge\u00e7in.","breadcrumb":{"@id":"https:\/\/jinsuncarbon.com\/product\/graphite-liner\/#breadcrumb"},"inLanguage":"tr","potentialAction":[{"@type":"ReadAction","target":["https:\/\/jinsuncarbon.com\/product\/graphite-liner\/"]}]},{"@type":"ImageObject","inLanguage":"tr","@id":"https:\/\/jinsuncarbon.com\/product\/graphite-liner\/#primaryimage","url":"https:\/\/jinsuncarbon.com\/wp-content\/uploads\/2025\/04\/Graphite-Liner.jpg","contentUrl":"https:\/\/jinsuncarbon.com\/wp-content\/uploads\/2025\/04\/Graphite-Liner.jpg","width":1024,"height":763,"caption":"Graphite Liner"},{"@type":"BreadcrumbList","@id":"https:\/\/jinsuncarbon.com\/product\/graphite-liner\/#breadcrumb","itemListElement":[{"@type":"ListItem","position":1,"name":"Home","item":"https:\/\/jinsuncarbon.com\/"},{"@type":"ListItem","position":2,"name":"Products","item":"https:\/\/jinsuncarbon.com\/graphite-carbon\/"},{"@type":"ListItem","position":3,"name":"Graphite Liner"}]},{"@type":"WebSite","@id":"https:\/\/jinsuncarbon.com\/#website","url":"https:\/\/jinsuncarbon.com\/","name":"Jinsun Karbon","description":"\u00c7in'deki ba\u015far\u0131l\u0131 grafit elektrot \u00fcreticisiyiz","publisher":{"@id":"https:\/\/jinsuncarbon.com\/#organization"},"potentialAction":[{"@type":"SearchAction","target":{"@type":"EntryPoint","urlTemplate":"https:\/\/jinsuncarbon.com\/?s={search_term_string}"},"query-input":{"@type":"PropertyValueSpecification","valueRequired":true,"valueName":"search_term_string"}}],"inLanguage":"tr"},{"@type":"Organization","@id":"https:\/\/jinsuncarbon.com\/#organization","name":"Jinsun Karbon","alternateName":"Jinsun Carbon","url":"https:\/\/jinsuncarbon.com\/","logo":{"@type":"ImageObject","inLanguage":"tr","@id":"https:\/\/jinsuncarbon.com\/#\/schema\/logo\/image\/","url":"https:\/\/jinsuncarbon.com\/wp-content\/uploads\/2022\/12\/LOGO-1.png","contentUrl":"https:\/\/jinsuncarbon.com\/wp-content\/uploads\/2022\/12\/LOGO-1.png","width":207,"height":80,"caption":"Jinsun Carbon"},"image":{"@id":"https:\/\/jinsuncarbon.com\/#\/schema\/logo\/image\/"},"sameAs":["https:\/\/www.facebook.com\/Graphite-Electrode-109336238661595","https:\/\/x.com\/jinsuncarbon_","https:\/\/www.linkedin.com\/in\/jinsungraphite","https:\/\/www.youtube.com\/channel\/UCysDNyvyR5-3cCWEmpkVC0g"]}]}},"_links":{"self":[{"href":"https:\/\/jinsuncarbon.com\/tr\/wp-json\/wp\/v2\/product\/7881","targetHints":{"allow":["GET"]}}],"collection":[{"href":"https:\/\/jinsuncarbon.com\/tr\/wp-json\/wp\/v2\/product"}],"about":[{"href":"https:\/\/jinsuncarbon.com\/tr\/wp-json\/wp\/v2\/types\/product"}],"wp:featuredmedia":[{"embeddable":true,"href":"https:\/\/jinsuncarbon.com\/tr\/wp-json\/wp\/v2\/media\/7882"}],"wp:attachment":[{"href":"https:\/\/jinsuncarbon.com\/tr\/wp-json\/wp\/v2\/media?parent=7881"}],"wp:term":[{"taxonomy":"product_brand","embeddable":true,"href":"https:\/\/jinsuncarbon.com\/tr\/wp-json\/wp\/v2\/product_brand?post=7881"},{"taxonomy":"product_cat","embeddable":true,"href":"https:\/\/jinsuncarbon.com\/tr\/wp-json\/wp\/v2\/product_cat?post=7881"},{"taxonomy":"product_tag","embeddable":true,"href":"https:\/\/jinsuncarbon.com\/tr\/wp-json\/wp\/v2\/product_tag?post=7881"}],"curies":[{"name":"wp","href":"https:\/\/api.w.org\/{rel}","templated":true}]}}