{"id":7835,"date":"2025-04-18T05:09:26","date_gmt":"2025-04-18T05:09:26","guid":{"rendered":"https:\/\/jinsuncarbon.com\/?post_type=product&#038;p=7835"},"modified":"2025-04-18T05:09:27","modified_gmt":"2025-04-18T05:09:27","slug":"findik-kola","status":"publish","type":"product","link":"https:\/\/jinsuncarbon.com\/tr\/urun\/findik-kola\/","title":{"rendered":"F\u0131nd\u0131kl\u0131 Kola"},"content":{"rendered":"<h2>F\u0131nd\u0131k kok spesifikasyonu<\/h2>\n<p>Genel olarak konu\u015fursak, k\u00fc\u00e7\u00fck kok d\u00fczensizdir ve boyut homojenli\u011fi iyidir ve avantajlar\u0131 ola\u011fan\u00fcst\u00fcd\u00fcr.<\/p>\n<p><strong><b>\u00a0<\/b><\/strong><\/p>\n<p><strong><b>G<\/b><\/strong><strong><b>iyi reaktivite<\/b><\/strong><\/p>\n<p>Metalurjik, kimyasal ve di\u011fer reaksiyonlardaki di\u011fer maddelerle h\u0131zl\u0131 bir \u015fekilde reaksiyona girebilir, \u00fcretim verimlili\u011fini art\u0131rabilir.<\/p>\n<p>&nbsp;<\/p>\n<p><strong><b>Y\u00fcksek karbon i\u00e7eri\u011fi<\/b><\/strong><\/p>\n<p>Bu, kalorifik de\u011ferini sabit hale getirir ve \u00e7ok fazla \u0131s\u0131 enerjisi a\u00e7\u0131\u011fa \u00e7\u0131karabilir, y\u00fcksek s\u0131cakl\u0131kta \u00e7al\u0131\u015fman\u0131n \u0131s\u0131tma gereksinimlerini kar\u015f\u0131layabilir.<\/p>\n<p><strong><b>\u00a0<\/b><\/strong><\/p>\n<p><strong><b>Y\u00fcksek mekanik dayan\u0131m<\/b><\/strong><\/p>\n<p>Y\u00fckleme ve bo\u015faltmada, nakliye ve kullan\u0131mda, k\u0131r\u0131lmas\u0131 kolay de\u011fildir, kay\u0131plar\u0131 azalt\u0131r.<\/p>\n<p>&nbsp;<\/p>\n<p><strong><b>\u0130yi kimyasal stabilite<\/b><\/strong><\/p>\n<p>Asit ve alkali korozyonuna dayan\u0131kl\u0131d\u0131r, karma\u015f\u0131k kimyasal ortamlarda kararl\u0131 bir \u015fekilde kullan\u0131labilir.<\/p>\n<p>&nbsp;<\/p>\n<p><strong><b>R<\/b><\/strong><strong><b>makul g\u00f6zenek yap\u0131s\u0131 <\/b><\/strong><\/p>\n<p>Ge\u00e7irgenlik ve adsorpsiyon iyidir, bu da reaksiyon s\u00fcrecini optimize etmeye yard\u0131mc\u0131 olur.<\/p>\n<h2>F\u0131nd\u0131k kola boyutlar\u0131<\/h2>\n<p>Boyut aral\u0131\u011f\u0131 10-25 mm'dir ve bu da k\u00fc\u00e7\u00fck bir kok par\u00e7as\u0131d\u0131r. Kok k\u00f6m\u00fcr\u00fc ile kar\u015f\u0131la\u015ft\u0131r\u0131ld\u0131\u011f\u0131nda <a href=\"https:\/\/jinsuncarbon.com\/tr\/urun\/metalurji%cc%87k-kok\/\">metalurji\u0307k kok<\/a> 40-80 mm, Somun kok daha k\u00fc\u00e7\u00fckt\u00fcr ve ge\u00e7irgenli\u011fi art\u0131rmak i\u00e7in \u015farj i\u00e7in daha uygundur.<\/p>\n<p><strong><b>\u00a0<\/b><\/strong><\/p>\n<h2>F\u0131nd\u0131k kok t\u00fcrleri<\/h2>\n<p>Kalite endeksi s\u0131n\u0131fland\u0131rmas\u0131na g\u00f6re, k\u00fc\u00e7\u00fck kok birincil ve ikincil olarak ayr\u0131labilir.<\/p>\n<p><strong><b>\u00a0<\/b><\/strong><\/p>\n<p><strong><b>Birincil<\/b><\/strong><strong><b>\u00a0<\/b><\/strong><strong><b>F\u0131nd\u0131k<\/b><\/strong><strong><b>\u00a0KOK<\/b><\/strong><\/p>\n<p>Y\u00fcksek sabit karbon i\u00e7eri\u011fine sahiptir, genellikle 85%'den fazlad\u0131r ve k\u00fcl, k\u00fck\u00fcrt i\u00e7eri\u011fi ve di\u011fer safs\u0131zl\u0131klar d\u00fc\u015f\u00fckt\u00fcr, mukavemeti y\u00fcksektir. Bu nedenle demir yap\u0131m\u0131, y\u00fcksek kaliteli d\u00f6k\u00fcm \u00fcretimi gibi end\u00fcstrinin y\u00fcksek \u00fcr\u00fcn kalitesi gereksinimleri i\u00e7in uygundur.<\/p>\n<p>&nbsp;<\/p>\n<p><strong><b>\u0130kincil <\/b><\/strong><strong><b>F\u0131nd\u0131k<\/b><\/strong><strong><b>\u00a0KOK<\/b><\/strong><\/p>\n<p>Sabit karbon i\u00e7eri\u011fi genellikle 80%-85%'dir ve safs\u0131zl\u0131k i\u00e7eri\u011fi birincil koktan biraz daha y\u00fcksektir. Hammadde gereksinimlerinin \u00f6zellikle sert olmad\u0131\u011f\u0131 baz\u0131 end\u00fcstriyel alanlarda kullanabilirsiniz. S\u0131radan d\u00f6k\u00fcm, end\u00fcstriyel kazan yanmas\u0131 vb.<\/p>\n<p><strong><b>\u00a0<\/b><\/strong><\/p>\n<h2>F\u0131nd\u0131k kokunun kullan\u0131m alanlar\u0131<\/h2>\n<p><strong><b>I<\/b><\/strong><strong><b>ron \u00fcretimi: <\/b><\/strong><\/p>\n<p>\u0130\u00e7inde <a href=\"https:\/\/en.wikipedia.org\/wiki\/Blast_furnace\" target=\"_blank\" rel=\"noopener\">y\u00fcksek f\u0131r\u0131n<\/a> Demir yap\u0131m\u0131nda, demir cevherindeki demir oksidi demire indirgemek i\u00e7in indirgeyici bir madde olarak f\u0131nd\u0131k kokunu kullanabilirsiniz. Demir \u00fcretim s\u00fcreci i\u00e7in \u0131s\u0131 sa\u011flayabilir, malzeme kolonunu destekleyebilir ve y\u00fcksek f\u0131r\u0131nda iyi bir gaz ak\u0131\u015f\u0131 sa\u011flayabilir.<\/p>\n<p>&nbsp;<\/p>\n<p><strong><b>Demir d\u0131\u015f\u0131 metal eritme:<\/b><\/strong><\/p>\n<p>Bak\u0131r, kur\u015fun, \u00e7inko ve di\u011fer demir d\u0131\u015f\u0131 metallerin eritme i\u015fleminde, f\u0131nd\u0131k kok k\u00f6m\u00fcr\u00fc yak\u0131t ve indirgeyici madde olarak kullan\u0131labilir. Metallerin \u00e7\u0131kar\u0131lmas\u0131na yard\u0131mc\u0131 olabilir ve eritme reaksiyonunu te\u015fvik edebilir.<\/p>\n<p>&nbsp;<\/p>\n<p><strong><b>D\u00f6k\u00fcm<\/b><\/strong><strong><b>\u00a0alan<\/b><\/strong><strong><b>: <\/b><\/strong><\/p>\n<p>D\u00f6k\u00fcm end\u00fcstrisinde metali eritmek i\u00e7in \u0131s\u0131 sa\u011flamak amac\u0131yla kullanabilirsiniz. \u00c7e\u015fitli \u015fekillerdeki d\u00f6k\u00fcmlere d\u00f6kmek i\u00e7in metal malzemenin gerekli y\u00fcksek s\u0131cakl\u0131\u011fa ula\u015fmas\u0131n\u0131 sa\u011flayabilir.<\/p>\n<p>&nbsp;<\/p>\n<p><strong><b>Kimyasal<\/b><\/strong><strong><b>\u00a0\u00dcRET\u0130M<\/b><\/strong><strong><b>: <\/b><\/strong><\/p>\n<p>Kalsiyum karb\u00fcr, silisyum karb\u00fcr ve di\u011fer kimyasal \u00fcr\u00fcnlerin \u00fcretimi i\u00e7in \u00f6nemli bir hammaddedir. Di\u011fer maddelerle kimyasal reaksiyonlar yoluyla, end\u00fcstride geni\u015f bir kullan\u0131m alan\u0131na sahip olan bu kimyasal ara \u00fcr\u00fcnleri veya \u00fcr\u00fcnleri \u00fcretir.<\/p>\n<p>&nbsp;<\/p>\n<p><strong><b>Di\u011fer<\/b><\/strong><strong><b>\u00a0alanlar<\/b><\/strong><strong><b>: <\/b><\/strong><\/p>\n<p>\u00dcretim s\u00fcrecindeki \u0131s\u0131tma ihtiya\u00e7lar\u0131n\u0131 kar\u015f\u0131lamak i\u00e7in \u0131s\u0131 sa\u011flamak \u00fczere end\u00fcstriyel kazanlar, \u0131s\u0131tma f\u0131r\u0131nlar\u0131 vb. i\u00e7in yak\u0131t olarak kullanabilirsiniz. Y\u00fcksek yanma verimlili\u011fi ve d\u00fc\u015f\u00fck kirletici emisyonu nedeniyle baz\u0131 geleneksel k\u00f6m\u00fcrlerin yerini alabilir. Y\u00fcksek kaliteli bir yak\u0131t olarak, end\u00fcstriyel \u0131s\u0131tma ve kurutma ihtiya\u00e7lar\u0131n\u0131 kar\u015f\u0131layabilir.<\/p>","protected":false},"excerpt":{"rendered":"<p>F\u0131nd\u0131k kok k\u00f6m\u00fcrden dam\u0131tma ve di\u011fer i\u015flemlerle yap\u0131lan bir t\u00fcr kat\u0131 yak\u0131t olan kok kategorisine aittir. Genellikle nispeten k\u00fc\u00e7\u00fck boyutta kok partik\u00fclleridir ve genellikle y\u00fcksek s\u0131cakl\u0131kta, hava izolasyon ko\u015fullar\u0131nda y\u00fcksek kaliteli bit\u00fcml\u00fc k\u00f6m\u00fcr veya antrasitten yap\u0131l\u0131r. Ana bile\u015feni karbondur, ancak ayn\u0131 zamanda az miktarda hidrojen, oksijen, nitrojen ve k\u00fck\u00fcrt i\u00e7erir.<\/p>\n<p>&nbsp;<\/p>\n<p>Ve iyi reaktiviteye, sabit karbon i\u00e7eri\u011fine ve d\u00fc\u015f\u00fck safs\u0131zl\u0131k \u00f6zelliklerine sahiptir, farkl\u0131 s\u00fcre\u00e7lerin \u00f6zel ihtiya\u00e7lar\u0131n\u0131 kar\u015f\u0131layabilir. Metalurji, kimya ve di\u011fer end\u00fcstrilerde end\u00fcstriyel hammaddelerin g\u00fc\u00e7l\u00fc bir uygulanabilirli\u011fi olarak kullanabilirsiniz.<\/p>","protected":false},"featured_media":7884,"template":"","meta":[],"product_brand":[],"product_cat":[40],"product_tag":[],"class_list":{"0":"post-7835","1":"product","2":"type-product","3":"status-publish","4":"has-post-thumbnail","6":"product_cat-petroleum-coke","8":"first","9":"instock","10":"shipping-taxable","11":"product-type-simple"},"yoast_head":"<!-- This site is optimized with the Yoast SEO Premium plugin v19.2.1 (Yoast SEO v25.3) - https:\/\/yoast.com\/wordpress\/plugins\/seo\/ -->\n<title>Nut Coke Manufacturer in China | Jinsun Carbon<\/title>\n<meta name=\"description\" content=\"Nut coke is used in blast furnace, Jinsun supplies different sizes of Nut coke, contact us to get the best price for your industrial applications.\" \/>\n<meta name=\"robots\" content=\"index, follow, max-snippet:-1, max-image-preview:large, max-video-preview:-1\" \/>\n<link rel=\"canonical\" href=\"https:\/\/jinsuncarbon.com\/tr\/urun\/findik-kola\/\" \/>\n<meta property=\"og:locale\" content=\"tr_TR\" \/>\n<meta property=\"og:type\" content=\"article\" \/>\n<meta property=\"og:title\" content=\"Nut Coke\" \/>\n<meta property=\"og:description\" content=\"Nut coke is used in blast furnace, Jinsun supplies different sizes of Nut coke, contact us to get the best price for your industrial applications.\" \/>\n<meta property=\"og:url\" content=\"https:\/\/jinsuncarbon.com\/tr\/urun\/findik-kola\/\" \/>\n<meta property=\"og:site_name\" content=\"Jinsun Carbon\" \/>\n<meta property=\"article:publisher\" content=\"https:\/\/www.facebook.com\/Graphite-Electrode-109336238661595\" \/>\n<meta property=\"article:modified_time\" content=\"2025-04-18T05:09:27+00:00\" \/>\n<meta property=\"og:image\" content=\"https:\/\/jinsuncarbon.com\/wp-content\/uploads\/2025\/04\/Nut-coke.jpg\" \/>\n\t<meta property=\"og:image:width\" content=\"1024\" \/>\n\t<meta property=\"og:image:height\" content=\"763\" \/>\n\t<meta property=\"og:image:type\" content=\"image\/jpeg\" \/>\n<meta name=\"twitter:card\" content=\"summary_large_image\" \/>\n<meta name=\"twitter:site\" content=\"@jinsuncarbon_\" \/>\n<meta name=\"twitter:label1\" content=\"Tahmini okuma s\u00fcresi\" \/>\n\t<meta name=\"twitter:data1\" content=\"3 dakika\" \/>\n<script type=\"application\/ld+json\" class=\"yoast-schema-graph\">{\"@context\":\"https:\/\/schema.org\",\"@graph\":[{\"@type\":\"WebPage\",\"@id\":\"https:\/\/jinsuncarbon.com\/product\/nut-coke\/\",\"url\":\"https:\/\/jinsuncarbon.com\/product\/nut-coke\/\",\"name\":\"Nut Coke Manufacturer in China | Jinsun Carbon\",\"isPartOf\":{\"@id\":\"https:\/\/jinsuncarbon.com\/#website\"},\"primaryImageOfPage\":{\"@id\":\"https:\/\/jinsuncarbon.com\/product\/nut-coke\/#primaryimage\"},\"image\":{\"@id\":\"https:\/\/jinsuncarbon.com\/product\/nut-coke\/#primaryimage\"},\"thumbnailUrl\":\"https:\/\/jinsuncarbon.com\/wp-content\/uploads\/2025\/04\/Nut-coke.jpg\",\"datePublished\":\"2025-04-18T05:09:26+00:00\",\"dateModified\":\"2025-04-18T05:09:27+00:00\",\"description\":\"Nut coke is used in blast furnace, Jinsun supplies different sizes of Nut coke, contact us to get the best price for your industrial applications.\",\"breadcrumb\":{\"@id\":\"https:\/\/jinsuncarbon.com\/product\/nut-coke\/#breadcrumb\"},\"inLanguage\":\"tr\",\"potentialAction\":[{\"@type\":\"ReadAction\",\"target\":[\"https:\/\/jinsuncarbon.com\/product\/nut-coke\/\"]}]},{\"@type\":\"ImageObject\",\"inLanguage\":\"tr\",\"@id\":\"https:\/\/jinsuncarbon.com\/product\/nut-coke\/#primaryimage\",\"url\":\"https:\/\/jinsuncarbon.com\/wp-content\/uploads\/2025\/04\/Nut-coke.jpg\",\"contentUrl\":\"https:\/\/jinsuncarbon.com\/wp-content\/uploads\/2025\/04\/Nut-coke.jpg\",\"width\":1024,\"height\":763,\"caption\":\"Nut coke\"},{\"@type\":\"BreadcrumbList\",\"@id\":\"https:\/\/jinsuncarbon.com\/product\/nut-coke\/#breadcrumb\",\"itemListElement\":[{\"@type\":\"ListItem\",\"position\":1,\"name\":\"Home\",\"item\":\"https:\/\/jinsuncarbon.com\/\"},{\"@type\":\"ListItem\",\"position\":2,\"name\":\"Products\",\"item\":\"https:\/\/jinsuncarbon.com\/graphite-carbon\/\"},{\"@type\":\"ListItem\",\"position\":3,\"name\":\"Nut Coke\"}]},{\"@type\":\"WebSite\",\"@id\":\"https:\/\/jinsuncarbon.com\/#website\",\"url\":\"https:\/\/jinsuncarbon.com\/\",\"name\":\"Jinsun Carbon\",\"description\":\"We are the successful graphite electrode manufacturer in China\",\"publisher\":{\"@id\":\"https:\/\/jinsuncarbon.com\/#organization\"},\"potentialAction\":[{\"@type\":\"SearchAction\",\"target\":{\"@type\":\"EntryPoint\",\"urlTemplate\":\"https:\/\/jinsuncarbon.com\/?s={search_term_string}\"},\"query-input\":{\"@type\":\"PropertyValueSpecification\",\"valueRequired\":true,\"valueName\":\"search_term_string\"}}],\"inLanguage\":\"tr\"},{\"@type\":\"Organization\",\"@id\":\"https:\/\/jinsuncarbon.com\/#organization\",\"name\":\"Jinsun Carbon\",\"alternateName\":\"Jinsun Carbon\",\"url\":\"https:\/\/jinsuncarbon.com\/\",\"logo\":{\"@type\":\"ImageObject\",\"inLanguage\":\"tr\",\"@id\":\"https:\/\/jinsuncarbon.com\/#\/schema\/logo\/image\/\",\"url\":\"https:\/\/jinsuncarbon.com\/wp-content\/uploads\/2022\/12\/LOGO-1.png\",\"contentUrl\":\"https:\/\/jinsuncarbon.com\/wp-content\/uploads\/2022\/12\/LOGO-1.png\",\"width\":207,\"height\":80,\"caption\":\"Jinsun Carbon\"},\"image\":{\"@id\":\"https:\/\/jinsuncarbon.com\/#\/schema\/logo\/image\/\"},\"sameAs\":[\"https:\/\/www.facebook.com\/Graphite-Electrode-109336238661595\",\"https:\/\/x.com\/jinsuncarbon_\",\"https:\/\/www.linkedin.com\/in\/jinsungraphite\",\"https:\/\/www.youtube.com\/channel\/UCysDNyvyR5-3cCWEmpkVC0g\"]}]}<\/script>\n<!-- \/ Yoast SEO Premium plugin. -->","yoast_head_json":{"title":"\u00c7in'de F\u0131nd\u0131k Kok \u00dcreticisi | Jinsun Carbon","description":"Somun kok y\u00fcksek f\u0131r\u0131nlarda kullan\u0131l\u0131r, Jinsun farkl\u0131 boyutlarda Somun kok tedarik eder, end\u00fcstriyel uygulamalar\u0131n\u0131z i\u00e7in en iyi fiyat\u0131 almak i\u00e7in bizimle ileti\u015fime ge\u00e7in.","robots":{"index":"index","follow":"follow","max-snippet":"max-snippet:-1","max-image-preview":"max-image-preview:large","max-video-preview":"max-video-preview:-1"},"canonical":"https:\/\/jinsuncarbon.com\/tr\/urun\/findik-kola\/","og_locale":"tr_TR","og_type":"article","og_title":"Nut Coke","og_description":"Nut coke is used in blast furnace, Jinsun supplies different sizes of Nut coke, contact us to get the best price for your industrial applications.","og_url":"https:\/\/jinsuncarbon.com\/tr\/urun\/findik-kola\/","og_site_name":"Jinsun Carbon","article_publisher":"https:\/\/www.facebook.com\/Graphite-Electrode-109336238661595","article_modified_time":"2025-04-18T05:09:27+00:00","og_image":[{"width":1024,"height":763,"url":"https:\/\/jinsuncarbon.com\/wp-content\/uploads\/2025\/04\/Nut-coke.jpg","type":"image\/jpeg"}],"twitter_card":"summary_large_image","twitter_site":"@jinsuncarbon_","twitter_misc":{"Tahmini okuma s\u00fcresi":"3 dakika"},"schema":{"@context":"https:\/\/schema.org","@graph":[{"@type":"WebPage","@id":"https:\/\/jinsuncarbon.com\/product\/nut-coke\/","url":"https:\/\/jinsuncarbon.com\/product\/nut-coke\/","name":"\u00c7in'de F\u0131nd\u0131k Kok \u00dcreticisi | Jinsun Carbon","isPartOf":{"@id":"https:\/\/jinsuncarbon.com\/#website"},"primaryImageOfPage":{"@id":"https:\/\/jinsuncarbon.com\/product\/nut-coke\/#primaryimage"},"image":{"@id":"https:\/\/jinsuncarbon.com\/product\/nut-coke\/#primaryimage"},"thumbnailUrl":"https:\/\/jinsuncarbon.com\/wp-content\/uploads\/2025\/04\/Nut-coke.jpg","datePublished":"2025-04-18T05:09:26+00:00","dateModified":"2025-04-18T05:09:27+00:00","description":"Somun kok y\u00fcksek f\u0131r\u0131nlarda kullan\u0131l\u0131r, Jinsun farkl\u0131 boyutlarda Somun kok tedarik eder, end\u00fcstriyel uygulamalar\u0131n\u0131z i\u00e7in en iyi fiyat\u0131 almak i\u00e7in bizimle ileti\u015fime ge\u00e7in.","breadcrumb":{"@id":"https:\/\/jinsuncarbon.com\/product\/nut-coke\/#breadcrumb"},"inLanguage":"tr","potentialAction":[{"@type":"ReadAction","target":["https:\/\/jinsuncarbon.com\/product\/nut-coke\/"]}]},{"@type":"ImageObject","inLanguage":"tr","@id":"https:\/\/jinsuncarbon.com\/product\/nut-coke\/#primaryimage","url":"https:\/\/jinsuncarbon.com\/wp-content\/uploads\/2025\/04\/Nut-coke.jpg","contentUrl":"https:\/\/jinsuncarbon.com\/wp-content\/uploads\/2025\/04\/Nut-coke.jpg","width":1024,"height":763,"caption":"Nut coke"},{"@type":"BreadcrumbList","@id":"https:\/\/jinsuncarbon.com\/product\/nut-coke\/#breadcrumb","itemListElement":[{"@type":"ListItem","position":1,"name":"Home","item":"https:\/\/jinsuncarbon.com\/"},{"@type":"ListItem","position":2,"name":"Products","item":"https:\/\/jinsuncarbon.com\/graphite-carbon\/"},{"@type":"ListItem","position":3,"name":"Nut Coke"}]},{"@type":"WebSite","@id":"https:\/\/jinsuncarbon.com\/#website","url":"https:\/\/jinsuncarbon.com\/","name":"Jinsun Karbon","description":"\u00c7in'deki ba\u015far\u0131l\u0131 grafit elektrot \u00fcreticisiyiz","publisher":{"@id":"https:\/\/jinsuncarbon.com\/#organization"},"potentialAction":[{"@type":"SearchAction","target":{"@type":"EntryPoint","urlTemplate":"https:\/\/jinsuncarbon.com\/?s={search_term_string}"},"query-input":{"@type":"PropertyValueSpecification","valueRequired":true,"valueName":"search_term_string"}}],"inLanguage":"tr"},{"@type":"Organization","@id":"https:\/\/jinsuncarbon.com\/#organization","name":"Jinsun Karbon","alternateName":"Jinsun Carbon","url":"https:\/\/jinsuncarbon.com\/","logo":{"@type":"ImageObject","inLanguage":"tr","@id":"https:\/\/jinsuncarbon.com\/#\/schema\/logo\/image\/","url":"https:\/\/jinsuncarbon.com\/wp-content\/uploads\/2022\/12\/LOGO-1.png","contentUrl":"https:\/\/jinsuncarbon.com\/wp-content\/uploads\/2022\/12\/LOGO-1.png","width":207,"height":80,"caption":"Jinsun Carbon"},"image":{"@id":"https:\/\/jinsuncarbon.com\/#\/schema\/logo\/image\/"},"sameAs":["https:\/\/www.facebook.com\/Graphite-Electrode-109336238661595","https:\/\/x.com\/jinsuncarbon_","https:\/\/www.linkedin.com\/in\/jinsungraphite","https:\/\/www.youtube.com\/channel\/UCysDNyvyR5-3cCWEmpkVC0g"]}]}},"_links":{"self":[{"href":"https:\/\/jinsuncarbon.com\/tr\/wp-json\/wp\/v2\/product\/7835","targetHints":{"allow":["GET"]}}],"collection":[{"href":"https:\/\/jinsuncarbon.com\/tr\/wp-json\/wp\/v2\/product"}],"about":[{"href":"https:\/\/jinsuncarbon.com\/tr\/wp-json\/wp\/v2\/types\/product"}],"wp:featuredmedia":[{"embeddable":true,"href":"https:\/\/jinsuncarbon.com\/tr\/wp-json\/wp\/v2\/media\/7884"}],"wp:attachment":[{"href":"https:\/\/jinsuncarbon.com\/tr\/wp-json\/wp\/v2\/media?parent=7835"}],"wp:term":[{"taxonomy":"product_brand","embeddable":true,"href":"https:\/\/jinsuncarbon.com\/tr\/wp-json\/wp\/v2\/product_brand?post=7835"},{"taxonomy":"product_cat","embeddable":true,"href":"https:\/\/jinsuncarbon.com\/tr\/wp-json\/wp\/v2\/product_cat?post=7835"},{"taxonomy":"product_tag","embeddable":true,"href":"https:\/\/jinsuncarbon.com\/tr\/wp-json\/wp\/v2\/product_tag?post=7835"}],"curies":[{"name":"wp","href":"https:\/\/api.w.org\/{rel}","templated":true}]}}