{"id":7639,"date":"2025-02-17T05:11:44","date_gmt":"2025-02-17T05:11:44","guid":{"rendered":"https:\/\/jinsuncarbon.com\/?post_type=product&#038;p=7639"},"modified":"2025-02-21T05:36:35","modified_gmt":"2025-02-21T05:36:35","slug":"grafit-kaliplar","status":"publish","type":"product","link":"https:\/\/jinsuncarbon.com\/tr\/urun\/grafit-kaliplar\/","title":{"rendered":"Grafit Kal\u0131plar"},"content":{"rendered":"<p>Grafit kal\u0131plar genellikle farkl\u0131 s\u00fcrekli d\u00f6k\u00fcm \u00fcr\u00fcnlerinin ihtiya\u00e7lar\u0131n\u0131 kar\u015f\u0131lamak i\u00e7in \u00f6zelle\u015ftirilmi\u015f \u015fekillerdir. Avantajlar\u0131 a\u00e7\u0131kt\u0131r.<\/p>\n<p><strong><b>V<\/b><\/strong><strong><b>\u00e7ok y\u00fcksek s\u0131cakl\u0131k dayan\u0131m\u0131<\/b><\/strong><\/p>\n<p>S\u00fcrekli d\u00f6k\u00fcm i\u015fleminde s\u0131v\u0131 metalin binlerce santigrat derecelik y\u00fcksek s\u0131cakl\u0131\u011f\u0131na yumu\u015famadan ve erimeden dayanabilir.<\/p>\n<p>&nbsp;<\/p>\n<p><strong><b>M\u00fckemmel termal kararl\u0131l\u0131k<\/b><\/strong><\/p>\n<p>\u0130\u00e7inde <a href=\"https:\/\/en.wikipedia.org\/wiki\/Continuous_casting\" target=\"_blank\" rel=\"noopener\">s\u00fcrekli d\u00f6k\u00fcm<\/a> \u015fiddetli s\u0131cakl\u0131k de\u011fi\u015fimlerine ra\u011fmen yap\u0131sal stabilitesini koruyabilir.<\/p>\n<p>&nbsp;<\/p>\n<p><strong><b>M\u00fckemmel \u0131s\u0131 iletkenli\u011fi<\/b><\/strong><\/p>\n<p>S\u0131v\u0131 metalin h\u0131zl\u0131 ve d\u00fczg\u00fcn bir \u015fekilde so\u011fuyarak kat\u0131la\u015fmas\u0131n\u0131 sa\u011flayabilir, \u015fekillendirme d\u00f6ng\u00fcs\u00fcn\u00fc k\u0131saltabilir.<\/p>\n<p>&nbsp;<\/p>\n<p><strong><b>S<\/b><\/strong><strong><b>m\u00fcmk\u00fcn<\/b><\/strong><strong><b>\u00a0c<\/b><\/strong><strong><b>hemi\u0307k \u00f6zelli\u0307kler <\/b><\/strong><\/p>\n<p>Genel s\u0131v\u0131 metal ile neredeyse hi\u00e7 kimyasal reaksiyona girmez, bu da d\u00f6k\u00fcm k\u00fct\u00fc\u011f\u00fcn\u00fcn safl\u0131\u011f\u0131n\u0131 sa\u011flar.<\/p>\n<p>&nbsp;<\/p>\n<p><strong><b>G<\/b><\/strong><strong><b>iyi a\u015f\u0131nma direnci <\/b><\/strong><\/p>\n<p>S\u0131v\u0131 metalin a\u015f\u0131nd\u0131rmas\u0131na dayanabilir ve hizmet \u00f6mr\u00fcn\u00fc uzatabilir.<\/p>\n<p>&nbsp;<\/p>\n<p><strong><b>G<\/b><\/strong><strong><b>iyi i\u015fleme performans\u0131 <\/b><\/strong><\/p>\n<p>Karma\u015f\u0131k s\u00fcrekli d\u00f6k\u00fcm i\u015flemi gereksinimlerine g\u00f6re ince bir \u015fekilde i\u015fleyebilirsiniz.<\/p>\n<p>&nbsp;<\/p>\n<h2>Grafit kal\u0131plar\u0131n kullan\u0131m alanlar\u0131<\/h2>\n<p>&nbsp;<\/p>\n<h3>\u00c7elik end\u00fcstrisi:<\/h3>\n<p>&nbsp;<\/p>\n<p><strong><b>\u0130n\u015faat demiri \u00fcretiminde<\/b><\/strong><\/p>\n<p>Y\u00fcksek s\u0131cakl\u0131kta erimi\u015f \u00e7eli\u011fin hassas bir \u015fekilde kal\u0131planmas\u0131n\u0131 sa\u011flar. \u0130yi termal iletkenli\u011fi sayesinde erimi\u015f \u00e7elik h\u0131zl\u0131 bir \u015fekilde so\u011futulur. Ve in\u015faat standartlar\u0131na uygun olarak in\u015faat demirinin verimli \u00e7\u0131kt\u0131s\u0131.<\/p>\n<p>&nbsp;<\/p>\n<p><strong><b>H-kiri\u015fli \u00e7elik \u00fcretiminde<\/b><\/strong><\/p>\n<p>Y\u00fcksek stabilitesi ve do\u011fru boyutu, H-kiri\u015f \u00e7eli\u011finin karma\u015f\u0131k kesit \u015feklini sa\u011flar. Ve bina yap\u0131s\u0131, makine imalat\u0131 ve di\u011fer end\u00fcstrilerdeki H-kiri\u015f \u00e7eli\u011fi i\u00e7in y\u00fcksek hassasiyetli talebi kar\u015f\u0131lar.<\/p>\n<p>&nbsp;<\/p>\n<h3><a href=\"https:\/\/www.tulingmetal.com\/differences-between-ferrous-and-non-ferrous-metals\/\" target=\"_blank\" rel=\"noopener\">Demir d\u0131\u015f\u0131 metal<\/a> end\u00fcstri:<\/h3>\n<p>&nbsp;<\/p>\n<p><strong><b>\u0130\u00e7inde<\/b><\/strong><strong><b>\u00a0s\u00fcrekli\u0307 d\u00f6k\u00fcm bakir boru<\/b><\/strong><\/p>\n<p>Grafit kal\u0131p g\u00fc\u00e7l\u00fc kimyasal stabiliteye sahiptir, bak\u0131r s\u0131v\u0131 ile reaksiyona girmez ve y\u00fcksek safl\u0131kta ve y\u00fcksek hassasiyetli bak\u0131r boru \u00fcretebilir. Klima so\u011futma, bina su temini ve di\u011fer alanlarda yayg\u0131n olarak kullanabilirsiniz.<\/p>\n<p>&nbsp;<\/p>\n<p><strong><b>Al\u00fcminyum ala\u015f\u0131ml\u0131 levha \u00fcretiminde<\/b><\/strong><\/p>\n<p>Tek tip olmas\u0131 nedeniyle <a href=\"https:\/\/jinsuncarbon.com\/tr\/grafi%cc%87t-isi-i%cc%87letkenli%cc%87gi%cc%87-hakkinda-bi%cc%87lgi%cc%87-edi%cc%87ni%cc%87n\/\">termal iletkenlik<\/a>al\u00fcminyum ala\u015f\u0131ml\u0131 s\u0131v\u0131 e\u015fit \u015fekilde so\u011futulur. Ve iyi y\u00fczey kalitesine ve d\u00fczg\u00fcn i\u00e7 organizasyona sahip al\u00fcminyum ala\u015f\u0131ml\u0131 levha \u00fcretilir. Bunu otomobil \u00fcretiminde kullanabilirsiniz, <a href=\"https:\/\/en.wikipedia.org\/wiki\/Aerospace\" target=\"_blank\" rel=\"noopener\">havac\u0131l\u0131k ve uzay<\/a> ve di\u011fer sekt\u00f6rler.<\/p>\n<p>&nbsp;<\/p>\n<h3>\u00d6zel ala\u015f\u0131m alan\u0131:<\/h3>\n<p>&nbsp;<\/p>\n<p><strong><b>Havac\u0131l\u0131k ve uzayda<\/b><\/strong><\/p>\n<p>S\u00fcper ala\u015f\u0131m, u\u00e7ak motorlar\u0131n\u0131n \u00fcretiminde \u00e7ok \u00f6nemlidir. Grafit kal\u0131b\u0131n y\u00fcksek s\u0131cakl\u0131k direnci ve termal stabilitesi, s\u00fcper ala\u015f\u0131m s\u00fcrekli d\u00f6k\u00fcm\u00fcn kat\u0131 gereksinimlerini kar\u015f\u0131layabilir. U\u00e7ak motoru bile\u015fenlerinin performans gereksinimlerini kar\u015f\u0131layan bo\u015fluklar\u0131n \u00fcretilmesini sa\u011flar.<\/p>\n<p>&nbsp;<\/p>\n<p><strong><b>S\u00fcrekli d\u00f6k\u00fcmde<\/b><\/strong><\/p>\n<p>Elektronik ambalaj i\u00e7in d\u00fc\u015f\u00fck genle\u015fmeli ala\u015f\u0131mlar kullan\u0131l\u0131rken, grafit kal\u0131p ala\u015f\u0131mlar\u0131n kat\u0131la\u015fma s\u00fcrecini kontrol etmeye yard\u0131mc\u0131 olur. D\u00fc\u015f\u00fck genle\u015fmeli ala\u015f\u0131mlar\u0131n \u00f6zel \u00f6zelliklerini sa\u011flar. Ve elektronik \u00e7ip ambalaj\u0131 i\u00e7in malzemelerin boyutsal kararl\u0131l\u0131k ihtiya\u00e7lar\u0131n\u0131 kar\u015f\u0131layabilir.<\/p>","protected":false},"excerpt":{"rendered":"<p>Grafit kal\u0131plar y\u00fcksek safl\u0131kta grafit hammaddelerinden yap\u0131lm\u0131\u015ft\u0131r ve \u00f6zellikle s\u00fcrekli d\u00f6k\u00fcm i\u015flemi i\u00e7in kullan\u0131l\u0131r. M\u00fckemmel y\u00fcksek s\u0131cakl\u0131k direncine, iyi termal stabiliteye, m\u00fckemmel termal iletkenli\u011fe ve kimyasal stabiliteye sahiptir. S\u0131v\u0131 metalin kal\u0131p i\u00e7inde h\u0131zl\u0131 ve e\u015fit bir \u015fekilde so\u011fumas\u0131n\u0131 ve kat\u0131la\u015fmas\u0131n\u0131 sa\u011flar, b\u00f6ylece istenen \u015fekil ve boyutta k\u00fct\u00fck elde edilir. Ve s\u00fcrekli d\u00f6k\u00fcm \u00fcretiminde yeri doldurulamaz bir rol oynar. Demir \u00e7elik end\u00fcstrisinde s\u00fcrekli d\u00f6k\u00fcm in\u015faat demiri, H-\u015fekilli \u00e7elik, demir d\u0131\u015f\u0131 metal end\u00fcstrisinde s\u00fcrekli d\u00f6k\u00fcm bak\u0131r boru ve al\u00fcminyum ala\u015f\u0131ml\u0131 levha gibi. Onlar bunun yard\u0131m\u0131ndan ayr\u0131lamazlar. S\u00fcrekli d\u00f6k\u00fcm \u00fcr\u00fcnlerinin kalitesini ve \u00fcretim verimlili\u011fini sa\u011flamak i\u00e7in anahtar ekipmand\u0131r.<\/p>","protected":false},"featured_media":7655,"template":"","meta":[],"product_brand":[],"product_cat":[38],"product_tag":[],"class_list":{"0":"post-7639","1":"product","2":"type-product","3":"status-publish","4":"has-post-thumbnail","6":"product_cat-graphite-products","8":"first","9":"instock","10":"shipping-taxable","11":"product-type-simple"},"yoast_head":"<!-- This site is optimized with the Yoast SEO Premium plugin v19.2.1 (Yoast SEO v25.3) - https:\/\/yoast.com\/wordpress\/plugins\/seo\/ -->\n<title>Graphite Dies Manufacturer in China | Jinsun Carbon<\/title>\n<meta name=\"description\" content=\"Graphite Dies Manufacturer in China, Jinsun can supply graphite dies in a range of sizes for your application, please contact us to explain your needs.\" \/>\n<meta name=\"robots\" content=\"index, follow, max-snippet:-1, max-image-preview:large, max-video-preview:-1\" \/>\n<link rel=\"canonical\" href=\"https:\/\/jinsuncarbon.com\/tr\/urun\/grafit-kaliplar\/\" \/>\n<meta property=\"og:locale\" content=\"tr_TR\" \/>\n<meta property=\"og:type\" content=\"article\" \/>\n<meta property=\"og:title\" content=\"Graphite Dies\" \/>\n<meta property=\"og:description\" content=\"Graphite Dies Manufacturer in China, Jinsun can supply graphite dies in a range of sizes for your application, please contact us to explain your needs.\" \/>\n<meta property=\"og:url\" content=\"https:\/\/jinsuncarbon.com\/tr\/urun\/grafit-kaliplar\/\" \/>\n<meta property=\"og:site_name\" content=\"Jinsun Carbon\" \/>\n<meta property=\"article:publisher\" content=\"https:\/\/www.facebook.com\/Graphite-Electrode-109336238661595\" \/>\n<meta property=\"article:modified_time\" content=\"2025-02-21T05:36:35+00:00\" \/>\n<meta property=\"og:image\" content=\"https:\/\/jinsuncarbon.com\/wp-content\/uploads\/2025\/02\/Graphite-dies.jpg\" \/>\n\t<meta property=\"og:image:width\" content=\"1024\" \/>\n\t<meta property=\"og:image:height\" content=\"763\" \/>\n\t<meta property=\"og:image:type\" content=\"image\/jpeg\" \/>\n<meta name=\"twitter:card\" content=\"summary_large_image\" \/>\n<meta name=\"twitter:site\" content=\"@jinsuncarbon_\" \/>\n<meta name=\"twitter:label1\" content=\"Tahmini okuma s\u00fcresi\" \/>\n\t<meta name=\"twitter:data1\" content=\"2 dakika\" \/>\n<script type=\"application\/ld+json\" class=\"yoast-schema-graph\">{\"@context\":\"https:\/\/schema.org\",\"@graph\":[{\"@type\":\"WebPage\",\"@id\":\"https:\/\/jinsuncarbon.com\/product\/graphite-dies\/\",\"url\":\"https:\/\/jinsuncarbon.com\/product\/graphite-dies\/\",\"name\":\"Graphite Dies Manufacturer in China | Jinsun Carbon\",\"isPartOf\":{\"@id\":\"https:\/\/jinsuncarbon.com\/#website\"},\"primaryImageOfPage\":{\"@id\":\"https:\/\/jinsuncarbon.com\/product\/graphite-dies\/#primaryimage\"},\"image\":{\"@id\":\"https:\/\/jinsuncarbon.com\/product\/graphite-dies\/#primaryimage\"},\"thumbnailUrl\":\"https:\/\/jinsuncarbon.com\/wp-content\/uploads\/2025\/02\/Graphite-dies.jpg\",\"datePublished\":\"2025-02-17T05:11:44+00:00\",\"dateModified\":\"2025-02-21T05:36:35+00:00\",\"description\":\"Graphite Dies Manufacturer in China, Jinsun can supply graphite dies in a range of sizes for your application, please contact us to explain your needs.\",\"breadcrumb\":{\"@id\":\"https:\/\/jinsuncarbon.com\/product\/graphite-dies\/#breadcrumb\"},\"inLanguage\":\"tr\",\"potentialAction\":[{\"@type\":\"ReadAction\",\"target\":[\"https:\/\/jinsuncarbon.com\/product\/graphite-dies\/\"]}]},{\"@type\":\"ImageObject\",\"inLanguage\":\"tr\",\"@id\":\"https:\/\/jinsuncarbon.com\/product\/graphite-dies\/#primaryimage\",\"url\":\"https:\/\/jinsuncarbon.com\/wp-content\/uploads\/2025\/02\/Graphite-dies.jpg\",\"contentUrl\":\"https:\/\/jinsuncarbon.com\/wp-content\/uploads\/2025\/02\/Graphite-dies.jpg\",\"width\":1024,\"height\":763,\"caption\":\"Graphite dies\"},{\"@type\":\"BreadcrumbList\",\"@id\":\"https:\/\/jinsuncarbon.com\/product\/graphite-dies\/#breadcrumb\",\"itemListElement\":[{\"@type\":\"ListItem\",\"position\":1,\"name\":\"Home\",\"item\":\"https:\/\/jinsuncarbon.com\/\"},{\"@type\":\"ListItem\",\"position\":2,\"name\":\"Products\",\"item\":\"https:\/\/jinsuncarbon.com\/graphite-carbon\/\"},{\"@type\":\"ListItem\",\"position\":3,\"name\":\"Graphite Dies\"}]},{\"@type\":\"WebSite\",\"@id\":\"https:\/\/jinsuncarbon.com\/#website\",\"url\":\"https:\/\/jinsuncarbon.com\/\",\"name\":\"Jinsun Carbon\",\"description\":\"We are the successful graphite electrode manufacturer in China\",\"publisher\":{\"@id\":\"https:\/\/jinsuncarbon.com\/#organization\"},\"potentialAction\":[{\"@type\":\"SearchAction\",\"target\":{\"@type\":\"EntryPoint\",\"urlTemplate\":\"https:\/\/jinsuncarbon.com\/?s={search_term_string}\"},\"query-input\":{\"@type\":\"PropertyValueSpecification\",\"valueRequired\":true,\"valueName\":\"search_term_string\"}}],\"inLanguage\":\"tr\"},{\"@type\":\"Organization\",\"@id\":\"https:\/\/jinsuncarbon.com\/#organization\",\"name\":\"Jinsun Carbon\",\"alternateName\":\"Jinsun Carbon\",\"url\":\"https:\/\/jinsuncarbon.com\/\",\"logo\":{\"@type\":\"ImageObject\",\"inLanguage\":\"tr\",\"@id\":\"https:\/\/jinsuncarbon.com\/#\/schema\/logo\/image\/\",\"url\":\"https:\/\/jinsuncarbon.com\/wp-content\/uploads\/2022\/12\/LOGO-1.png\",\"contentUrl\":\"https:\/\/jinsuncarbon.com\/wp-content\/uploads\/2022\/12\/LOGO-1.png\",\"width\":207,\"height\":80,\"caption\":\"Jinsun Carbon\"},\"image\":{\"@id\":\"https:\/\/jinsuncarbon.com\/#\/schema\/logo\/image\/\"},\"sameAs\":[\"https:\/\/www.facebook.com\/Graphite-Electrode-109336238661595\",\"https:\/\/x.com\/jinsuncarbon_\",\"https:\/\/www.linkedin.com\/in\/jinsungraphite\",\"https:\/\/www.youtube.com\/channel\/UCysDNyvyR5-3cCWEmpkVC0g\"]}]}<\/script>\n<!-- \/ Yoast SEO Premium plugin. -->","yoast_head_json":{"title":"\u00c7in'de Grafit Kal\u0131p \u00dcreticisi | Jinsun Carbon","description":"\u00c7in'de Grafit Kal\u0131p \u00dcreticisi olan Jinsun, uygulaman\u0131z i\u00e7in \u00e7e\u015fitli boyutlarda grafit kal\u0131plar tedarik edebilir, ihtiya\u00e7lar\u0131n\u0131z\u0131 a\u00e7\u0131klamak i\u00e7in l\u00fctfen bizimle ileti\u015fime ge\u00e7in.","robots":{"index":"index","follow":"follow","max-snippet":"max-snippet:-1","max-image-preview":"max-image-preview:large","max-video-preview":"max-video-preview:-1"},"canonical":"https:\/\/jinsuncarbon.com\/tr\/urun\/grafit-kaliplar\/","og_locale":"tr_TR","og_type":"article","og_title":"Graphite Dies","og_description":"Graphite Dies Manufacturer in China, Jinsun can supply graphite dies in a range of sizes for your application, please contact us to explain your needs.","og_url":"https:\/\/jinsuncarbon.com\/tr\/urun\/grafit-kaliplar\/","og_site_name":"Jinsun Carbon","article_publisher":"https:\/\/www.facebook.com\/Graphite-Electrode-109336238661595","article_modified_time":"2025-02-21T05:36:35+00:00","og_image":[{"width":1024,"height":763,"url":"https:\/\/jinsuncarbon.com\/wp-content\/uploads\/2025\/02\/Graphite-dies.jpg","type":"image\/jpeg"}],"twitter_card":"summary_large_image","twitter_site":"@jinsuncarbon_","twitter_misc":{"Tahmini okuma s\u00fcresi":"2 dakika"},"schema":{"@context":"https:\/\/schema.org","@graph":[{"@type":"WebPage","@id":"https:\/\/jinsuncarbon.com\/product\/graphite-dies\/","url":"https:\/\/jinsuncarbon.com\/product\/graphite-dies\/","name":"\u00c7in'de Grafit Kal\u0131p \u00dcreticisi | Jinsun Carbon","isPartOf":{"@id":"https:\/\/jinsuncarbon.com\/#website"},"primaryImageOfPage":{"@id":"https:\/\/jinsuncarbon.com\/product\/graphite-dies\/#primaryimage"},"image":{"@id":"https:\/\/jinsuncarbon.com\/product\/graphite-dies\/#primaryimage"},"thumbnailUrl":"https:\/\/jinsuncarbon.com\/wp-content\/uploads\/2025\/02\/Graphite-dies.jpg","datePublished":"2025-02-17T05:11:44+00:00","dateModified":"2025-02-21T05:36:35+00:00","description":"\u00c7in'de Grafit Kal\u0131p \u00dcreticisi olan Jinsun, uygulaman\u0131z i\u00e7in \u00e7e\u015fitli boyutlarda grafit kal\u0131plar tedarik edebilir, ihtiya\u00e7lar\u0131n\u0131z\u0131 a\u00e7\u0131klamak i\u00e7in l\u00fctfen bizimle ileti\u015fime ge\u00e7in.","breadcrumb":{"@id":"https:\/\/jinsuncarbon.com\/product\/graphite-dies\/#breadcrumb"},"inLanguage":"tr","potentialAction":[{"@type":"ReadAction","target":["https:\/\/jinsuncarbon.com\/product\/graphite-dies\/"]}]},{"@type":"ImageObject","inLanguage":"tr","@id":"https:\/\/jinsuncarbon.com\/product\/graphite-dies\/#primaryimage","url":"https:\/\/jinsuncarbon.com\/wp-content\/uploads\/2025\/02\/Graphite-dies.jpg","contentUrl":"https:\/\/jinsuncarbon.com\/wp-content\/uploads\/2025\/02\/Graphite-dies.jpg","width":1024,"height":763,"caption":"Graphite dies"},{"@type":"BreadcrumbList","@id":"https:\/\/jinsuncarbon.com\/product\/graphite-dies\/#breadcrumb","itemListElement":[{"@type":"ListItem","position":1,"name":"Home","item":"https:\/\/jinsuncarbon.com\/"},{"@type":"ListItem","position":2,"name":"Products","item":"https:\/\/jinsuncarbon.com\/graphite-carbon\/"},{"@type":"ListItem","position":3,"name":"Graphite Dies"}]},{"@type":"WebSite","@id":"https:\/\/jinsuncarbon.com\/#website","url":"https:\/\/jinsuncarbon.com\/","name":"Jinsun Karbon","description":"\u00c7in'deki ba\u015far\u0131l\u0131 grafit elektrot \u00fcreticisiyiz","publisher":{"@id":"https:\/\/jinsuncarbon.com\/#organization"},"potentialAction":[{"@type":"SearchAction","target":{"@type":"EntryPoint","urlTemplate":"https:\/\/jinsuncarbon.com\/?s={search_term_string}"},"query-input":{"@type":"PropertyValueSpecification","valueRequired":true,"valueName":"search_term_string"}}],"inLanguage":"tr"},{"@type":"Organization","@id":"https:\/\/jinsuncarbon.com\/#organization","name":"Jinsun Karbon","alternateName":"Jinsun Carbon","url":"https:\/\/jinsuncarbon.com\/","logo":{"@type":"ImageObject","inLanguage":"tr","@id":"https:\/\/jinsuncarbon.com\/#\/schema\/logo\/image\/","url":"https:\/\/jinsuncarbon.com\/wp-content\/uploads\/2022\/12\/LOGO-1.png","contentUrl":"https:\/\/jinsuncarbon.com\/wp-content\/uploads\/2022\/12\/LOGO-1.png","width":207,"height":80,"caption":"Jinsun Carbon"},"image":{"@id":"https:\/\/jinsuncarbon.com\/#\/schema\/logo\/image\/"},"sameAs":["https:\/\/www.facebook.com\/Graphite-Electrode-109336238661595","https:\/\/x.com\/jinsuncarbon_","https:\/\/www.linkedin.com\/in\/jinsungraphite","https:\/\/www.youtube.com\/channel\/UCysDNyvyR5-3cCWEmpkVC0g"]}]}},"_links":{"self":[{"href":"https:\/\/jinsuncarbon.com\/tr\/wp-json\/wp\/v2\/product\/7639","targetHints":{"allow":["GET"]}}],"collection":[{"href":"https:\/\/jinsuncarbon.com\/tr\/wp-json\/wp\/v2\/product"}],"about":[{"href":"https:\/\/jinsuncarbon.com\/tr\/wp-json\/wp\/v2\/types\/product"}],"wp:featuredmedia":[{"embeddable":true,"href":"https:\/\/jinsuncarbon.com\/tr\/wp-json\/wp\/v2\/media\/7655"}],"wp:attachment":[{"href":"https:\/\/jinsuncarbon.com\/tr\/wp-json\/wp\/v2\/media?parent=7639"}],"wp:term":[{"taxonomy":"product_brand","embeddable":true,"href":"https:\/\/jinsuncarbon.com\/tr\/wp-json\/wp\/v2\/product_brand?post=7639"},{"taxonomy":"product_cat","embeddable":true,"href":"https:\/\/jinsuncarbon.com\/tr\/wp-json\/wp\/v2\/product_cat?post=7639"},{"taxonomy":"product_tag","embeddable":true,"href":"https:\/\/jinsuncarbon.com\/tr\/wp-json\/wp\/v2\/product_tag?post=7639"}],"curies":[{"name":"wp","href":"https:\/\/api.w.org\/{rel}","templated":true}]}}