{"id":7637,"date":"2025-02-20T00:56:08","date_gmt":"2025-02-20T00:56:08","guid":{"rendered":"https:\/\/jinsuncarbon.com\/?post_type=product&#038;p=7637"},"modified":"2025-02-20T00:56:09","modified_gmt":"2025-02-20T00:56:09","slug":"grafit-isitici","status":"publish","type":"product","link":"https:\/\/jinsuncarbon.com\/tr\/urun\/grafit-isitici\/","title":{"rendered":"Grafit Is\u0131t\u0131c\u0131"},"content":{"rendered":"<h2>Grafit \u0131s\u0131t\u0131c\u0131n\u0131n avantajlar\u0131<\/h2>\n<p><strong><b>Y\u00fcksek s\u0131cakl\u0131k dayan\u0131m\u0131<\/b><\/strong><\/p>\n<p>Safir kristallerin b\u00fcy\u00fcmesi i\u00e7in s\u00fcrekli \u0131s\u0131tma sa\u011flayarak 2000 \u00b0 C'nin \u00fczerindeki y\u00fcksek s\u0131cakl\u0131klarda kararl\u0131 bir \u015fekilde \u00e7al\u0131\u015fabilir.<\/p>\n<p>&nbsp;<\/p>\n<p><strong><b>Y\u00fcksek verimli \u0131s\u0131tma<\/b><\/strong><\/p>\n<p>Direnci d\u00fc\u015f\u00fckt\u00fcr, g\u00fc\u00e7ten sonra h\u0131zl\u0131 \u0131s\u0131tma, y\u00fcksek termal verimlilik. \u00dcretim d\u00f6ng\u00fcs\u00fcn\u00fc k\u0131saltabilir, enerji t\u00fcketimini azaltabilir, verimlili\u011fi art\u0131rabilir.<\/p>\n<p>&nbsp;<\/p>\n<p><strong><b>G\u00fc\u00e7l\u00fc kimyasal kararl\u0131l\u0131k<\/b><\/strong><\/p>\n<p>Y\u00fcksek s\u0131cakl\u0131klarda yayg\u0131n kimyasal maddelerle neredeyse hi\u00e7 reaksiyona girmez. Kimyasal sentez, malzeme safla\u015ft\u0131rma ve di\u011fer senaryolarda, \u00fcr\u00fcn kalitesinin kirlenmemesini sa\u011flamak i\u00e7in.<\/p>\n<p>&nbsp;<\/p>\n<p><strong><b>\u0130yi termal homojenlik<\/b><\/strong><\/p>\n<p>\u0130yi termal iletkenli\u011fi, homojen \u0131s\u0131 transferine izin verir, yerel a\u015f\u0131r\u0131 \u0131s\u0131nmay\u0131 veya d\u00fc\u015f\u00fck so\u011futmay\u0131 \u00f6nler.<\/p>\n<p>&nbsp;<\/p>\n<p><strong><b>Y\u00fcksek mekanik dayan\u0131m<\/b><\/strong><\/p>\n<p>K\u0131r\u0131lgan bir malzeme olmas\u0131na ra\u011fmen, belirli titre\u015fim ve \u015foklara dayanabilir, kurulumu kolayd\u0131r. Ve \u00e7e\u015fitli \u00e7al\u0131\u015fma ortamlar\u0131na uyum sa\u011flayabilir.<\/p>\n<p>&nbsp;<\/p>\n<p><strong><b>\u0130yi \u00f6zelle\u015ftirme<\/b><\/strong><\/p>\n<p>\u0130yi i\u015fleme performans\u0131, \u00e7ubuk, t\u00fcp haline getirebilirsiniz, <a href=\"https:\/\/jinsuncarbon.com\/tr\/urun\/grafit-plaka\/\">plaka<\/a>vb. farkl\u0131 ekipman ve s\u00fcre\u00e7 ihtiya\u00e7lar\u0131n\u0131 kar\u015f\u0131lamak i\u00e7in.<\/p>\n<p><strong><b>\u00a0<\/b><\/strong><\/p>\n<h2>Grafit \u0131s\u0131t\u0131c\u0131lar\u0131n kullan\u0131m alanlar\u0131<\/h2>\n<h3>Yar\u0131 iletken end\u00fcstrisi<\/h3>\n<p>Yar\u0131 iletken \u00e7ip \u00fcretim s\u00fcrecinde, silikon gofretlerin karma\u015f\u0131k \u0131s\u0131l i\u015flemlerden ge\u00e7mesi gerekir. Gofret tavland\u0131\u011f\u0131nda, grafit \u0131s\u0131t\u0131c\u0131 silikon gofretin i\u00e7 gerilimini ortadan kald\u0131r\u0131r ve hassas s\u0131cakl\u0131k kontrol yetene\u011fi ile e\u011frilme deformasyonunu \u00f6nler. Epitaksiyel b\u00fcy\u00fcme s\u00fcrecinde, kararl\u0131 bir y\u00fcksek s\u0131cakl\u0131k ortam\u0131 yarat\u0131r. B\u00f6ylece atomlar kafes yap\u0131s\u0131na g\u00f6re d\u00fczenli bir \u015fekilde d\u00fczenlenir. \u00c7ip \u00fcretim do\u011frulu\u011funu ve verimini b\u00fcy\u00fck \u00f6l\u00e7\u00fcde art\u0131r\u0131r ve \u00e7ipin istikrarl\u0131 performans\u0131 i\u00e7in temel olu\u015fturur.<\/p>\n<p>&nbsp;<\/p>\n<h3>Metalurji end\u00fcstrisi<\/h3>\n<p>Metali erime noktas\u0131na kadar h\u0131zl\u0131 bir \u015fekilde \u0131s\u0131tmak i\u00e7in y\u00fcksek termal iletkenli\u011fini kullanabilir ve eritme d\u00f6ng\u00fcs\u00fcn\u00fc k\u0131saltabilirsiniz. Safla\u015ft\u0131rma a\u015famas\u0131nda, kimyasal kararl\u0131l\u0131\u011f\u0131 metalin kirlenmesini \u00f6nler ve safl\u0131k sa\u011flar. D\u00f6k\u00fcm s\u00fcrecinde, grafit \u0131s\u0131t\u0131c\u0131 s\u0131cakl\u0131\u011f\u0131 do\u011fru bir \u015fekilde kontrol eder, metal s\u0131v\u0131n\u0131n kal\u0131b\u0131 e\u015fit \u015fekilde doldurmas\u0131n\u0131 sa\u011flar, i\u00e7 kusurlar\u0131 azalt\u0131r. Metal malzemelerin kalitesini art\u0131r\u0131r ve metaller i\u00e7in farkl\u0131 end\u00fcstrilerin kat\u0131 gereksinimlerini kar\u015f\u0131lar.<\/p>\n<p>&nbsp;<\/p>\n<h3>Bilimsel ara\u015ft\u0131rma deneyi<\/h3>\n<p>Y\u00fcksek s\u0131cakl\u0131ktaki kimyasal reaksiyon deneyleri i\u00e7in kararl\u0131 bir \u0131s\u0131 kayna\u011f\u0131 sa\u011flar. Ve ara\u015ft\u0131rmac\u0131lar\u0131n y\u00fcksek s\u0131cakl\u0131klarda maddelerin reaksiyon yolunu ve \u00fcr\u00fcn de\u011fi\u015fikliklerini g\u00f6zlemlemelerine yard\u0131mc\u0131 olur. Malzeme performans testlerinde, s\u0131cakl\u0131\u011f\u0131 hassas bir \u015fekilde d\u00fczenleyerek yeni malzeme geli\u015ftirme ve performans optimizasyonuna yard\u0131mc\u0131 olur.<\/p>\n<p>&nbsp;<\/p>\n<h3>Yeni enerji bataryas\u0131 \u00fcretimi<\/h3>\n<p>Ne zaman <a href=\"https:\/\/en.wikipedia.org\/wiki\/Electrode\" target=\"_blank\" rel=\"noopener\">elektrot<\/a> malzeme sinterlenir, kristalle\u015fmeyi daha yo\u011fun hale getirmek ve pilin enerji yo\u011funlu\u011funu art\u0131rmak i\u00e7in malzemeyi e\u015fit \u015fekilde \u0131s\u0131t\u0131r. Kurutma i\u015fleminde, suyun elektrot aktivitesini etkilemesini \u00f6nlemek i\u00e7in suyu h\u0131zla uzakla\u015ft\u0131rmak i\u00e7in grafit \u0131s\u0131t\u0131c\u0131 kullanabilirsiniz. Ve pil \u015farj ve de\u015farj verimlili\u011fini ve \u00e7evrim \u00f6mr\u00fcn\u00fc optimize edin.<\/p>\n<p>&nbsp;<\/p>\n<h3>Cam \u00fcretimi<\/h3>\n<p>S\u0131v\u0131 cam\u0131 yerel olarak \u0131s\u0131tabilir, s\u0131v\u0131 cam\u0131n viskozitesini ve ak\u0131\u015fkanl\u0131\u011f\u0131n\u0131 do\u011fru bir \u015fekilde ayarlayabilir, b\u00f6ylece cam e\u015fit \u015fekilde uzat\u0131l\u0131r. Optik cam \u00fcretiminde, s\u0131cakl\u0131k kontrol\u00fcn\u00fc stabilize eder, cam\u0131n i\u00e7 gerilimini azalt\u0131r. Optik bozulmay\u0131 etkili bir \u015fekilde azalt\u0131r ve p\u00fcr\u00fczs\u00fcz y\u00fczeyli ve m\u00fckemmel optik \u00f6zelliklere sahip cam \u00fcr\u00fcnler \u00fcretir.<\/p>","protected":false},"excerpt":{"rendered":"<p>Grafit \u0131s\u0131t\u0131c\u0131, \u0131s\u0131tma i\u015flevini ger\u00e7ekle\u015ftirmek i\u00e7in grafitin iyi elektrik iletkenli\u011fini ve y\u00fcksek s\u0131cakl\u0131k direncini kullanan bir ekipman t\u00fcr\u00fcd\u00fcr. Genellikle grafit \u0131s\u0131tma g\u00f6vdesi, yal\u0131t\u0131m katman\u0131, koruyucu kabuk ve di\u011fer par\u00e7alardan olu\u015fur. Bu \u00f6zellikleri ve iyi kimyasal kararl\u0131l\u0131\u011f\u0131 ile \u00e7e\u015fitli karma\u015f\u0131k ko\u015fullara uyum sa\u011flayabilir. Ve hassas s\u0131cakl\u0131k kontrol\u00fc ve verimli \u0131s\u0131tma gerektiren \u00e7e\u015fitli senaryolarda \u00f6nemli bir rol oynar. Metal\u00fcrji end\u00fcstrisinde metallerin y\u00fcksek s\u0131cakl\u0131kta eritilmesine yard\u0131mc\u0131 olmak gibi. Bilimsel ara\u015ft\u0131rma laboratuvarlar\u0131nda malzeme sinterleme deneyleri i\u00e7in kararl\u0131 bir \u0131s\u0131 kayna\u011f\u0131 sa\u011flamak. Ve yeni enerji pillerinin \u00fcretiminde elektrot malzemelerinin h\u0131zla kurutulmas\u0131.<\/p>\n<p>&nbsp;<\/p>","protected":false},"featured_media":7667,"template":"","meta":[],"product_brand":[],"product_cat":[38],"product_tag":[],"class_list":{"0":"post-7637","1":"product","2":"type-product","3":"status-publish","4":"has-post-thumbnail","6":"product_cat-graphite-products","8":"first","9":"instock","10":"shipping-taxable","11":"product-type-simple"},"yoast_head":"<!-- This site is optimized with the Yoast SEO Premium plugin v19.2.1 (Yoast SEO v25.3) - https:\/\/yoast.com\/wordpress\/plugins\/seo\/ -->\n<title>Graphite Heater Manufacturer in China | Jinsun Carbon<\/title>\n<meta name=\"description\" content=\"Graphite Heater Manufacturer in China, we can supply graphite heaters in a range of sizes for your application, please contact us to explain your needs.\" \/>\n<meta name=\"robots\" content=\"index, follow, max-snippet:-1, max-image-preview:large, max-video-preview:-1\" \/>\n<link rel=\"canonical\" href=\"https:\/\/jinsuncarbon.com\/tr\/urun\/grafit-isitici\/\" \/>\n<meta property=\"og:locale\" content=\"tr_TR\" \/>\n<meta property=\"og:type\" content=\"article\" \/>\n<meta property=\"og:title\" content=\"Graphite Heater\" \/>\n<meta property=\"og:description\" content=\"Graphite Heater Manufacturer in China, we can supply graphite heaters in a range of sizes for your application, please contact us to explain your needs.\" \/>\n<meta property=\"og:url\" content=\"https:\/\/jinsuncarbon.com\/tr\/urun\/grafit-isitici\/\" \/>\n<meta property=\"og:site_name\" content=\"Jinsun Carbon\" \/>\n<meta property=\"article:publisher\" content=\"https:\/\/www.facebook.com\/Graphite-Electrode-109336238661595\" \/>\n<meta property=\"article:modified_time\" content=\"2025-02-20T00:56:09+00:00\" \/>\n<meta property=\"og:image\" content=\"https:\/\/jinsuncarbon.com\/wp-content\/uploads\/2025\/02\/Graphite-heater.jpg\" \/>\n\t<meta property=\"og:image:width\" content=\"1024\" \/>\n\t<meta property=\"og:image:height\" content=\"763\" \/>\n\t<meta property=\"og:image:type\" content=\"image\/jpeg\" \/>\n<meta name=\"twitter:card\" content=\"summary_large_image\" \/>\n<meta name=\"twitter:site\" content=\"@jinsuncarbon_\" \/>\n<meta name=\"twitter:label1\" content=\"Tahmini okuma s\u00fcresi\" \/>\n\t<meta name=\"twitter:data1\" content=\"3 dakika\" \/>\n<script type=\"application\/ld+json\" class=\"yoast-schema-graph\">{\"@context\":\"https:\/\/schema.org\",\"@graph\":[{\"@type\":\"WebPage\",\"@id\":\"https:\/\/jinsuncarbon.com\/product\/graphite-heater\/\",\"url\":\"https:\/\/jinsuncarbon.com\/product\/graphite-heater\/\",\"name\":\"Graphite Heater Manufacturer in China | Jinsun Carbon\",\"isPartOf\":{\"@id\":\"https:\/\/jinsuncarbon.com\/#website\"},\"primaryImageOfPage\":{\"@id\":\"https:\/\/jinsuncarbon.com\/product\/graphite-heater\/#primaryimage\"},\"image\":{\"@id\":\"https:\/\/jinsuncarbon.com\/product\/graphite-heater\/#primaryimage\"},\"thumbnailUrl\":\"https:\/\/jinsuncarbon.com\/wp-content\/uploads\/2025\/02\/Graphite-heater.jpg\",\"datePublished\":\"2025-02-20T00:56:08+00:00\",\"dateModified\":\"2025-02-20T00:56:09+00:00\",\"description\":\"Graphite Heater Manufacturer in China, we can supply graphite heaters in a range of sizes for your application, please contact us to explain your needs.\",\"breadcrumb\":{\"@id\":\"https:\/\/jinsuncarbon.com\/product\/graphite-heater\/#breadcrumb\"},\"inLanguage\":\"tr\",\"potentialAction\":[{\"@type\":\"ReadAction\",\"target\":[\"https:\/\/jinsuncarbon.com\/product\/graphite-heater\/\"]}]},{\"@type\":\"ImageObject\",\"inLanguage\":\"tr\",\"@id\":\"https:\/\/jinsuncarbon.com\/product\/graphite-heater\/#primaryimage\",\"url\":\"https:\/\/jinsuncarbon.com\/wp-content\/uploads\/2025\/02\/Graphite-heater.jpg\",\"contentUrl\":\"https:\/\/jinsuncarbon.com\/wp-content\/uploads\/2025\/02\/Graphite-heater.jpg\",\"width\":1024,\"height\":763,\"caption\":\"Graphite heater\"},{\"@type\":\"BreadcrumbList\",\"@id\":\"https:\/\/jinsuncarbon.com\/product\/graphite-heater\/#breadcrumb\",\"itemListElement\":[{\"@type\":\"ListItem\",\"position\":1,\"name\":\"Home\",\"item\":\"https:\/\/jinsuncarbon.com\/\"},{\"@type\":\"ListItem\",\"position\":2,\"name\":\"Products\",\"item\":\"https:\/\/jinsuncarbon.com\/graphite-carbon\/\"},{\"@type\":\"ListItem\",\"position\":3,\"name\":\"Graphite Heater\"}]},{\"@type\":\"WebSite\",\"@id\":\"https:\/\/jinsuncarbon.com\/#website\",\"url\":\"https:\/\/jinsuncarbon.com\/\",\"name\":\"Jinsun Carbon\",\"description\":\"We are the successful graphite electrode manufacturer in China\",\"publisher\":{\"@id\":\"https:\/\/jinsuncarbon.com\/#organization\"},\"potentialAction\":[{\"@type\":\"SearchAction\",\"target\":{\"@type\":\"EntryPoint\",\"urlTemplate\":\"https:\/\/jinsuncarbon.com\/?s={search_term_string}\"},\"query-input\":{\"@type\":\"PropertyValueSpecification\",\"valueRequired\":true,\"valueName\":\"search_term_string\"}}],\"inLanguage\":\"tr\"},{\"@type\":\"Organization\",\"@id\":\"https:\/\/jinsuncarbon.com\/#organization\",\"name\":\"Jinsun Carbon\",\"alternateName\":\"Jinsun Carbon\",\"url\":\"https:\/\/jinsuncarbon.com\/\",\"logo\":{\"@type\":\"ImageObject\",\"inLanguage\":\"tr\",\"@id\":\"https:\/\/jinsuncarbon.com\/#\/schema\/logo\/image\/\",\"url\":\"https:\/\/jinsuncarbon.com\/wp-content\/uploads\/2022\/12\/LOGO-1.png\",\"contentUrl\":\"https:\/\/jinsuncarbon.com\/wp-content\/uploads\/2022\/12\/LOGO-1.png\",\"width\":207,\"height\":80,\"caption\":\"Jinsun Carbon\"},\"image\":{\"@id\":\"https:\/\/jinsuncarbon.com\/#\/schema\/logo\/image\/\"},\"sameAs\":[\"https:\/\/www.facebook.com\/Graphite-Electrode-109336238661595\",\"https:\/\/x.com\/jinsuncarbon_\",\"https:\/\/www.linkedin.com\/in\/jinsungraphite\",\"https:\/\/www.youtube.com\/channel\/UCysDNyvyR5-3cCWEmpkVC0g\"]}]}<\/script>\n<!-- \/ Yoast SEO Premium plugin. -->","yoast_head_json":{"title":"\u00c7in'de Grafit Is\u0131t\u0131c\u0131 \u00dcreticisi | Jinsun Carbon","description":"\u00c7in'de Grafit Is\u0131t\u0131c\u0131 \u00dcreticisi, uygulaman\u0131z i\u00e7in \u00e7e\u015fitli boyutlarda grafit \u0131s\u0131t\u0131c\u0131lar tedarik edebiliriz, ihtiya\u00e7lar\u0131n\u0131z\u0131 a\u00e7\u0131klamak i\u00e7in l\u00fctfen bizimle ileti\u015fime ge\u00e7in.","robots":{"index":"index","follow":"follow","max-snippet":"max-snippet:-1","max-image-preview":"max-image-preview:large","max-video-preview":"max-video-preview:-1"},"canonical":"https:\/\/jinsuncarbon.com\/tr\/urun\/grafit-isitici\/","og_locale":"tr_TR","og_type":"article","og_title":"Graphite Heater","og_description":"Graphite Heater Manufacturer in China, we can supply graphite heaters in a range of sizes for your application, please contact us to explain your needs.","og_url":"https:\/\/jinsuncarbon.com\/tr\/urun\/grafit-isitici\/","og_site_name":"Jinsun Carbon","article_publisher":"https:\/\/www.facebook.com\/Graphite-Electrode-109336238661595","article_modified_time":"2025-02-20T00:56:09+00:00","og_image":[{"width":1024,"height":763,"url":"https:\/\/jinsuncarbon.com\/wp-content\/uploads\/2025\/02\/Graphite-heater.jpg","type":"image\/jpeg"}],"twitter_card":"summary_large_image","twitter_site":"@jinsuncarbon_","twitter_misc":{"Tahmini okuma s\u00fcresi":"3 dakika"},"schema":{"@context":"https:\/\/schema.org","@graph":[{"@type":"WebPage","@id":"https:\/\/jinsuncarbon.com\/product\/graphite-heater\/","url":"https:\/\/jinsuncarbon.com\/product\/graphite-heater\/","name":"\u00c7in'de Grafit Is\u0131t\u0131c\u0131 \u00dcreticisi | Jinsun Carbon","isPartOf":{"@id":"https:\/\/jinsuncarbon.com\/#website"},"primaryImageOfPage":{"@id":"https:\/\/jinsuncarbon.com\/product\/graphite-heater\/#primaryimage"},"image":{"@id":"https:\/\/jinsuncarbon.com\/product\/graphite-heater\/#primaryimage"},"thumbnailUrl":"https:\/\/jinsuncarbon.com\/wp-content\/uploads\/2025\/02\/Graphite-heater.jpg","datePublished":"2025-02-20T00:56:08+00:00","dateModified":"2025-02-20T00:56:09+00:00","description":"\u00c7in'de Grafit Is\u0131t\u0131c\u0131 \u00dcreticisi, uygulaman\u0131z i\u00e7in \u00e7e\u015fitli boyutlarda grafit \u0131s\u0131t\u0131c\u0131lar tedarik edebiliriz, ihtiya\u00e7lar\u0131n\u0131z\u0131 a\u00e7\u0131klamak i\u00e7in l\u00fctfen bizimle ileti\u015fime ge\u00e7in.","breadcrumb":{"@id":"https:\/\/jinsuncarbon.com\/product\/graphite-heater\/#breadcrumb"},"inLanguage":"tr","potentialAction":[{"@type":"ReadAction","target":["https:\/\/jinsuncarbon.com\/product\/graphite-heater\/"]}]},{"@type":"ImageObject","inLanguage":"tr","@id":"https:\/\/jinsuncarbon.com\/product\/graphite-heater\/#primaryimage","url":"https:\/\/jinsuncarbon.com\/wp-content\/uploads\/2025\/02\/Graphite-heater.jpg","contentUrl":"https:\/\/jinsuncarbon.com\/wp-content\/uploads\/2025\/02\/Graphite-heater.jpg","width":1024,"height":763,"caption":"Graphite heater"},{"@type":"BreadcrumbList","@id":"https:\/\/jinsuncarbon.com\/product\/graphite-heater\/#breadcrumb","itemListElement":[{"@type":"ListItem","position":1,"name":"Home","item":"https:\/\/jinsuncarbon.com\/"},{"@type":"ListItem","position":2,"name":"Products","item":"https:\/\/jinsuncarbon.com\/graphite-carbon\/"},{"@type":"ListItem","position":3,"name":"Graphite Heater"}]},{"@type":"WebSite","@id":"https:\/\/jinsuncarbon.com\/#website","url":"https:\/\/jinsuncarbon.com\/","name":"Jinsun Karbon","description":"\u00c7in'deki ba\u015far\u0131l\u0131 grafit elektrot \u00fcreticisiyiz","publisher":{"@id":"https:\/\/jinsuncarbon.com\/#organization"},"potentialAction":[{"@type":"SearchAction","target":{"@type":"EntryPoint","urlTemplate":"https:\/\/jinsuncarbon.com\/?s={search_term_string}"},"query-input":{"@type":"PropertyValueSpecification","valueRequired":true,"valueName":"search_term_string"}}],"inLanguage":"tr"},{"@type":"Organization","@id":"https:\/\/jinsuncarbon.com\/#organization","name":"Jinsun Karbon","alternateName":"Jinsun Carbon","url":"https:\/\/jinsuncarbon.com\/","logo":{"@type":"ImageObject","inLanguage":"tr","@id":"https:\/\/jinsuncarbon.com\/#\/schema\/logo\/image\/","url":"https:\/\/jinsuncarbon.com\/wp-content\/uploads\/2022\/12\/LOGO-1.png","contentUrl":"https:\/\/jinsuncarbon.com\/wp-content\/uploads\/2022\/12\/LOGO-1.png","width":207,"height":80,"caption":"Jinsun Carbon"},"image":{"@id":"https:\/\/jinsuncarbon.com\/#\/schema\/logo\/image\/"},"sameAs":["https:\/\/www.facebook.com\/Graphite-Electrode-109336238661595","https:\/\/x.com\/jinsuncarbon_","https:\/\/www.linkedin.com\/in\/jinsungraphite","https:\/\/www.youtube.com\/channel\/UCysDNyvyR5-3cCWEmpkVC0g"]}]}},"_links":{"self":[{"href":"https:\/\/jinsuncarbon.com\/tr\/wp-json\/wp\/v2\/product\/7637","targetHints":{"allow":["GET"]}}],"collection":[{"href":"https:\/\/jinsuncarbon.com\/tr\/wp-json\/wp\/v2\/product"}],"about":[{"href":"https:\/\/jinsuncarbon.com\/tr\/wp-json\/wp\/v2\/types\/product"}],"wp:featuredmedia":[{"embeddable":true,"href":"https:\/\/jinsuncarbon.com\/tr\/wp-json\/wp\/v2\/media\/7667"}],"wp:attachment":[{"href":"https:\/\/jinsuncarbon.com\/tr\/wp-json\/wp\/v2\/media?parent=7637"}],"wp:term":[{"taxonomy":"product_brand","embeddable":true,"href":"https:\/\/jinsuncarbon.com\/tr\/wp-json\/wp\/v2\/product_brand?post=7637"},{"taxonomy":"product_cat","embeddable":true,"href":"https:\/\/jinsuncarbon.com\/tr\/wp-json\/wp\/v2\/product_cat?post=7637"},{"taxonomy":"product_tag","embeddable":true,"href":"https:\/\/jinsuncarbon.com\/tr\/wp-json\/wp\/v2\/product_tag?post=7637"}],"curies":[{"name":"wp","href":"https:\/\/api.w.org\/{rel}","templated":true}]}}