{"id":7632,"date":"2025-02-15T11:35:11","date_gmt":"2025-02-15T11:35:11","guid":{"rendered":"https:\/\/jinsuncarbon.com\/?post_type=product&#038;p=7632"},"modified":"2025-02-17T05:24:07","modified_gmt":"2025-02-17T05:24:07","slug":"grafit-disk","status":"publish","type":"product","link":"https:\/\/jinsuncarbon.com\/tr\/urun\/grafit-disk\/","title":{"rendered":"Grafit Disk"},"content":{"rendered":"<h3>Grafit disk, normal bir disk \u015fekli olarak g\u00f6r\u00fcn\u00fcr. Avantajlar\u0131 ola\u011fan\u00fcst\u00fcd\u00fcr.<\/h3>\n<p><strong><b>M\u00fckemmel termal kararl\u0131l\u0131k<\/b><\/strong><\/p>\n<p>200\u00b0C ila yakla\u015f\u0131k 450\u00b0C gibi geni\u015f bir s\u0131cakl\u0131k aral\u0131\u011f\u0131nda kararl\u0131l\u0131\u011f\u0131n\u0131 koruyabilir.<\/p>\n<p>&nbsp;<\/p>\n<p><strong><b>H<\/b><\/strong><strong><b>y\u00fcksek y\u00fczey yansiticili\u011fi<\/b><\/strong><\/p>\n<p>Y\u00fcksek kaliteli bir \u0131s\u0131 yal\u0131t\u0131m eleman\u0131 olarak kullanabilirsiniz.<\/p>\n<p>&nbsp;<\/p>\n<p><strong><b>Kararl\u0131<\/b><\/strong><strong><b>\u00a0<\/b><\/strong><strong><b>ki\u0307myasal \u00f6zelli\u0307kler <\/b><\/strong><\/p>\n<p>Kimyasal olarak inerttir ve her t\u00fcrl\u00fc kimyasal maddeye kar\u015f\u0131 dayan\u0131kl\u0131d\u0131r.<\/p>\n<p>&nbsp;<\/p>\n<p><strong><b>D\u00fc\u015f\u00fck s\u00fcrt\u00fcnme katsay\u0131s\u0131<\/b><\/strong><\/p>\n<p>Kendi kendini ya\u011flayan bir par\u00e7a olarak kullanabilirsiniz.<\/p>\n<p>&nbsp;<\/p>\n<p><strong><b>E<\/b><\/strong><strong><b>m\u00fckemmel \u0131s\u0131 iletkenli\u011fi <\/b><\/strong><\/p>\n<p>Is\u0131y\u0131 h\u0131zl\u0131 bir \u015fekilde iletebilir ve bu da bir\u00e7ok termal y\u00f6netim senaryosunda \u00f6nemli bir rol oynar.<\/p>\n<p>&nbsp;<\/p>\n<p><strong><b>G<\/b><\/strong><strong><b>iyi elektrik iletkenli\u011fi <\/b><\/strong><\/p>\n<p>Bu ayn\u0131 zamanda elektronik ve elektrikle ilgili alanlarda geni\u015f uygulama olanaklar\u0131na sahip olmas\u0131n\u0131 sa\u011flar.<\/p>\n<p>&nbsp;<\/p>\n<p><strong><b>G<\/b><\/strong><strong><b>reat<\/b><\/strong><strong><b>\u00a0i\u015fleme performans\u0131<\/b><\/strong><\/p>\n<p>Kesmesi, delmesi ve di\u011fer i\u015flemleri kolayd\u0131r ve uzun hizmet \u00f6mr\u00fc ile g\u00fc\u00e7l\u00fc ve dayan\u0131kl\u0131d\u0131r.<\/p>\n<p>&nbsp;<\/p>\n<p>Ayr\u0131ca, standart safl\u0131kta grafit diskler, y\u00fcksek safl\u0131kta grafit diskler, s\u0131radan preslenmi\u015f grafit diskler, hassas i\u015fleme grafit diskleri veya di\u011fer grafit disk t\u00fcrleri aras\u0131ndan se\u00e7im yapabilirsiniz.<\/p>\n<p>&nbsp;<\/p>\n<h2>Grafit diskin kullan\u0131m alanlar\u0131<\/h2>\n<p>Grafit diskler yayg\u0131n olarak kullan\u0131lmaktad\u0131r ve a\u015fa\u011f\u0131da baz\u0131 yayg\u0131n uygulama alanlar\u0131 verilmi\u015ftir.<\/p>\n<p>&nbsp;<\/p>\n<h2>Elektronik ve Elektrik alan\u0131:<\/h2>\n<p><strong><b>So\u011futma par\u00e7alar\u0131<\/b><\/strong><\/p>\n<p>Elektronik ekipman \u00e7al\u0131\u015f\u0131rken \u00e7ok fazla \u0131s\u0131 \u00fcretecektir, y\u00fcksek termal iletkenlik ile \u0131s\u0131y\u0131 h\u0131zl\u0131 bir \u015fekilde ihra\u00e7 edebilir. Grafit dic, ekipman\u0131n s\u0131cakl\u0131\u011f\u0131n\u0131 etkili bir \u015fekilde azalt\u0131r, ekipman\u0131n performans\u0131n\u0131 ve kararl\u0131l\u0131\u011f\u0131n\u0131 art\u0131r\u0131r. Sunucunun \u0131s\u0131 da\u011f\u0131tma mod\u00fcl\u00fcnde, CPU \u0131s\u0131 da\u011f\u0131t\u0131m\u0131 gibi \u00e7ekirdek bile\u015fenlerin verimli bir \u015fekilde da\u011f\u0131t\u0131lmas\u0131na yard\u0131mc\u0131 olabilir.<\/p>\n<p>&nbsp;<\/p>\n<h3>Enerji alan\u0131:<\/h3>\n<p><strong><b>Enerji sekt\u00f6r\u00fc<\/b><\/strong><\/p>\n<p>Yeni bataryada, batarya i\u00e7inde elektrot malzemesi veya termal ay\u0131r\u0131c\u0131 olarak kullanabilirsiniz. Pilin \u015farj ve de\u015farj performans\u0131n\u0131 ve g\u00fcvenli\u011fini art\u0131rmak i\u00e7in. Baz\u0131 y\u00fcksek performansl\u0131 lityum pillerde, pil performans\u0131n\u0131 optimize etmek i\u00e7in kullanabilirsiniz.<\/p>\n<p>&nbsp;<\/p>\n<h3>Makine end\u00fcstrisi:<\/h3>\n<p><strong><b>S\u0131zd\u0131rmazl\u0131k bile\u015fenleri<\/b><\/strong><\/p>\n<p>M\u00fckemmel esnekli\u011fe, korozyon direncine ve y\u00fcksek s\u0131cakl\u0131k kararl\u0131l\u0131\u011f\u0131na sahiptir, mekanik s\u0131zd\u0131rmazl\u0131k halkalar\u0131 \u00fcretmek i\u00e7in ideal malzemedir. Grafit diski otomotiv motorlar\u0131nda, petrokimya boru hatlar\u0131nda, ka\u011f\u0131t ekipmanlar\u0131nda ve di\u011fer s\u0131zd\u0131rmazl\u0131k par\u00e7alar\u0131nda yayg\u0131n olarak kullanabilirsiniz. S\u0131v\u0131 ve gaz s\u0131z\u0131nt\u0131s\u0131n\u0131 etkili bir \u015fekilde \u00f6nleyebilir.<\/p>\n<p>&nbsp;<\/p>\n<p><strong><b>Kal\u0131p imalat\u0131<\/b><\/strong><\/p>\n<p>\u0130yi termal stabilitesi ve kolay \u00e7al\u0131\u015fma kabiliyeti nedeniyle, y\u00fcksek hassasiyetli \u00fcr\u00fcnler yapmak i\u00e7in kullanabilirsiniz. <a href=\"https:\/\/jinsuncarbon.com\/tr\/urun\/grafit-sinterleme-kalibi\/\">KALIPLAR<\/a>. \u00d6zellikle kal\u0131plar\u0131n kat\u0131 termal genle\u015fme katsay\u0131s\u0131 gerektiren baz\u0131 hassas d\u00f6k\u00fcm i\u015flemlerinde.<\/p>\n<p>&nbsp;<\/p>\n<h3>Kimya end\u00fcstrisi:<\/h3>\n<p><strong><b>A<\/b><\/strong><strong><b>nti-korozyon astar <\/b><\/strong><\/p>\n<p>Grafit diski kimyasal kaplar\u0131n, reakt\u00f6rlerin vb. astar malzemesi olarak kullanabilirsiniz. Konteynerdeki a\u015f\u0131nd\u0131r\u0131c\u0131 ortam\u0131n ekipman\u0131 a\u015f\u0131nd\u0131rmas\u0131n\u0131 \u00f6nlemek ve ekipman\u0131n hizmet \u00f6mr\u00fcn\u00fc uzatmak i\u00e7in. Hidroklorik asit depolama tanklar\u0131 gibi ekipmanlarda, grafit disk astar hidroklorik asidin korozyonuna etkili bir \u015fekilde direnebilir.<\/p>\n<p><strong><b>\u00a0<\/b><\/strong><\/p>\n<p><strong><b>Elektrot malzemesi<\/b><\/strong><\/p>\n<p>Elektrolitik i\u015flemde, y\u00fcksek s\u0131cakl\u0131\u011fa ve di\u011fer zorlu ortamlara dayanabilen bir elektrot olarak kullanabilirsiniz. Verimlili\u011fini art\u0131rabilir <a href=\"https:\/\/en.wikipedia.org\/wiki\/Electrolysis\" target=\"_blank\" rel=\"noopener\">elektroliz<\/a> ve \u00fcr\u00fcn kalitesi, \u00f6rne\u011fin klor-alkali end\u00fcstrisinde elektrolitik h\u00fccre grafit disk elektrot kullanacakt\u0131r.<\/p>","protected":false},"excerpt":{"rendered":"<p>Grafit disk, disk \u015feklindeki \u00fcr\u00fcnlerden \u00f6zenle yap\u0131lm\u0131\u015f bir t\u00fcr y\u00fcksek kaliteli grafit malzemedir. M\u00fckemmel termal, elektriksel, kimyasal ve mekanik \u00f6zellikleri ile bir\u00e7ok modern end\u00fcstriyel alanda parlamaktad\u0131r. Elektronik ve elektrikli \u0131s\u0131 da\u011f\u0131tma mod\u00fclleri, enerji alan\u0131nda enerji depolama ekipman\u0131 \u00fcretimi, mekanik end\u00fcstrisinde s\u0131zd\u0131rmazl\u0131k ba\u011flant\u0131lar\u0131 ve kimya end\u00fcstrisinde korozyon \u00f6nleyici i\u015flem gibi. M\u00fckemmel performansa ve g\u00fc\u00e7l\u00fc uyarlanabilirli\u011fe sahip bir malzemedir ve \u00e7e\u015fitlendirilmi\u015f end\u00fcstriyel ihtiya\u00e7lar\u0131 iyi bir \u015fekilde kar\u015f\u0131layabilir.<\/p>","protected":false},"featured_media":7633,"template":"","meta":[],"product_brand":[],"product_cat":[38],"product_tag":[],"class_list":{"0":"post-7632","1":"product","2":"type-product","3":"status-publish","4":"has-post-thumbnail","6":"product_cat-graphite-products","8":"first","9":"instock","10":"shipping-taxable","11":"product-type-simple"},"yoast_head":"<!-- This site is optimized with the Yoast SEO Premium plugin v19.2.1 (Yoast SEO v25.3) - https:\/\/yoast.com\/wordpress\/plugins\/seo\/ -->\n<title>Graphite Disc Manufacturer in China | Jinsun Carbon<\/title>\n<meta name=\"description\" content=\"Graphite Disc Manufacturer\/supplier in China. Jinsun can supply graphite disc in a range of sizes for your application, please contact us to explain your needs.\" \/>\n<meta name=\"robots\" content=\"index, follow, max-snippet:-1, max-image-preview:large, max-video-preview:-1\" \/>\n<link rel=\"canonical\" href=\"https:\/\/jinsuncarbon.com\/tr\/urun\/grafit-disk\/\" \/>\n<meta property=\"og:locale\" content=\"tr_TR\" \/>\n<meta property=\"og:type\" content=\"article\" \/>\n<meta property=\"og:title\" content=\"Graphite Disc\" \/>\n<meta property=\"og:description\" content=\"Graphite Disc Manufacturer\/supplier in China. Jinsun can supply graphite disc in a range of sizes for your application, please contact us to explain your needs.\" \/>\n<meta property=\"og:url\" content=\"https:\/\/jinsuncarbon.com\/tr\/urun\/grafit-disk\/\" \/>\n<meta property=\"og:site_name\" content=\"Jinsun Carbon\" \/>\n<meta property=\"article:publisher\" content=\"https:\/\/www.facebook.com\/Graphite-Electrode-109336238661595\" \/>\n<meta property=\"article:modified_time\" content=\"2025-02-17T05:24:07+00:00\" \/>\n<meta property=\"og:image\" content=\"https:\/\/jinsuncarbon.com\/wp-content\/uploads\/2025\/02\/Graphite-disk.jpg\" \/>\n\t<meta property=\"og:image:width\" content=\"1024\" \/>\n\t<meta property=\"og:image:height\" content=\"763\" \/>\n\t<meta property=\"og:image:type\" content=\"image\/jpeg\" \/>\n<meta name=\"twitter:card\" content=\"summary_large_image\" \/>\n<meta name=\"twitter:site\" content=\"@jinsuncarbon_\" \/>\n<meta name=\"twitter:label1\" content=\"Tahmini okuma s\u00fcresi\" \/>\n\t<meta name=\"twitter:data1\" content=\"3 dakika\" \/>\n<script type=\"application\/ld+json\" class=\"yoast-schema-graph\">{\"@context\":\"https:\/\/schema.org\",\"@graph\":[{\"@type\":\"WebPage\",\"@id\":\"https:\/\/jinsuncarbon.com\/product\/graphite-disc\/\",\"url\":\"https:\/\/jinsuncarbon.com\/product\/graphite-disc\/\",\"name\":\"Graphite Disc Manufacturer in China | Jinsun Carbon\",\"isPartOf\":{\"@id\":\"https:\/\/jinsuncarbon.com\/#website\"},\"primaryImageOfPage\":{\"@id\":\"https:\/\/jinsuncarbon.com\/product\/graphite-disc\/#primaryimage\"},\"image\":{\"@id\":\"https:\/\/jinsuncarbon.com\/product\/graphite-disc\/#primaryimage\"},\"thumbnailUrl\":\"https:\/\/jinsuncarbon.com\/wp-content\/uploads\/2025\/02\/Graphite-disk.jpg\",\"datePublished\":\"2025-02-15T11:35:11+00:00\",\"dateModified\":\"2025-02-17T05:24:07+00:00\",\"description\":\"Graphite Disc Manufacturer\/supplier in China. Jinsun can supply graphite disc in a range of sizes for your application, please contact us to explain your needs.\",\"breadcrumb\":{\"@id\":\"https:\/\/jinsuncarbon.com\/product\/graphite-disc\/#breadcrumb\"},\"inLanguage\":\"tr\",\"potentialAction\":[{\"@type\":\"ReadAction\",\"target\":[\"https:\/\/jinsuncarbon.com\/product\/graphite-disc\/\"]}]},{\"@type\":\"ImageObject\",\"inLanguage\":\"tr\",\"@id\":\"https:\/\/jinsuncarbon.com\/product\/graphite-disc\/#primaryimage\",\"url\":\"https:\/\/jinsuncarbon.com\/wp-content\/uploads\/2025\/02\/Graphite-disk.jpg\",\"contentUrl\":\"https:\/\/jinsuncarbon.com\/wp-content\/uploads\/2025\/02\/Graphite-disk.jpg\",\"width\":1024,\"height\":763,\"caption\":\"Graphite disk\"},{\"@type\":\"BreadcrumbList\",\"@id\":\"https:\/\/jinsuncarbon.com\/product\/graphite-disc\/#breadcrumb\",\"itemListElement\":[{\"@type\":\"ListItem\",\"position\":1,\"name\":\"Home\",\"item\":\"https:\/\/jinsuncarbon.com\/\"},{\"@type\":\"ListItem\",\"position\":2,\"name\":\"Products\",\"item\":\"https:\/\/jinsuncarbon.com\/graphite-carbon\/\"},{\"@type\":\"ListItem\",\"position\":3,\"name\":\"Graphite Disc\"}]},{\"@type\":\"WebSite\",\"@id\":\"https:\/\/jinsuncarbon.com\/#website\",\"url\":\"https:\/\/jinsuncarbon.com\/\",\"name\":\"Jinsun Carbon\",\"description\":\"We are the successful graphite electrode manufacturer in China\",\"publisher\":{\"@id\":\"https:\/\/jinsuncarbon.com\/#organization\"},\"potentialAction\":[{\"@type\":\"SearchAction\",\"target\":{\"@type\":\"EntryPoint\",\"urlTemplate\":\"https:\/\/jinsuncarbon.com\/?s={search_term_string}\"},\"query-input\":{\"@type\":\"PropertyValueSpecification\",\"valueRequired\":true,\"valueName\":\"search_term_string\"}}],\"inLanguage\":\"tr\"},{\"@type\":\"Organization\",\"@id\":\"https:\/\/jinsuncarbon.com\/#organization\",\"name\":\"Jinsun Carbon\",\"alternateName\":\"Jinsun Carbon\",\"url\":\"https:\/\/jinsuncarbon.com\/\",\"logo\":{\"@type\":\"ImageObject\",\"inLanguage\":\"tr\",\"@id\":\"https:\/\/jinsuncarbon.com\/#\/schema\/logo\/image\/\",\"url\":\"https:\/\/jinsuncarbon.com\/wp-content\/uploads\/2022\/12\/LOGO-1.png\",\"contentUrl\":\"https:\/\/jinsuncarbon.com\/wp-content\/uploads\/2022\/12\/LOGO-1.png\",\"width\":207,\"height\":80,\"caption\":\"Jinsun Carbon\"},\"image\":{\"@id\":\"https:\/\/jinsuncarbon.com\/#\/schema\/logo\/image\/\"},\"sameAs\":[\"https:\/\/www.facebook.com\/Graphite-Electrode-109336238661595\",\"https:\/\/x.com\/jinsuncarbon_\",\"https:\/\/www.linkedin.com\/in\/jinsungraphite\",\"https:\/\/www.youtube.com\/channel\/UCysDNyvyR5-3cCWEmpkVC0g\"]}]}<\/script>\n<!-- \/ Yoast SEO Premium plugin. -->","yoast_head_json":{"title":"\u00c7in'de Grafit Disk \u00dcreticisi | Jinsun Carbon","description":"\u00c7in'de Grafit Disk \u00dcreticisi \/ tedarik\u00e7isi. Jinsun, uygulaman\u0131z i\u00e7in \u00e7e\u015fitli boyutlarda grafit disk tedarik edebilir, ihtiya\u00e7lar\u0131n\u0131z\u0131 a\u00e7\u0131klamak i\u00e7in l\u00fctfen bizimle ileti\u015fime ge\u00e7in.","robots":{"index":"index","follow":"follow","max-snippet":"max-snippet:-1","max-image-preview":"max-image-preview:large","max-video-preview":"max-video-preview:-1"},"canonical":"https:\/\/jinsuncarbon.com\/tr\/urun\/grafit-disk\/","og_locale":"tr_TR","og_type":"article","og_title":"Graphite Disc","og_description":"Graphite Disc Manufacturer\/supplier in China. Jinsun can supply graphite disc in a range of sizes for your application, please contact us to explain your needs.","og_url":"https:\/\/jinsuncarbon.com\/tr\/urun\/grafit-disk\/","og_site_name":"Jinsun Carbon","article_publisher":"https:\/\/www.facebook.com\/Graphite-Electrode-109336238661595","article_modified_time":"2025-02-17T05:24:07+00:00","og_image":[{"width":1024,"height":763,"url":"https:\/\/jinsuncarbon.com\/wp-content\/uploads\/2025\/02\/Graphite-disk.jpg","type":"image\/jpeg"}],"twitter_card":"summary_large_image","twitter_site":"@jinsuncarbon_","twitter_misc":{"Tahmini okuma s\u00fcresi":"3 dakika"},"schema":{"@context":"https:\/\/schema.org","@graph":[{"@type":"WebPage","@id":"https:\/\/jinsuncarbon.com\/product\/graphite-disc\/","url":"https:\/\/jinsuncarbon.com\/product\/graphite-disc\/","name":"\u00c7in'de Grafit Disk \u00dcreticisi | Jinsun Carbon","isPartOf":{"@id":"https:\/\/jinsuncarbon.com\/#website"},"primaryImageOfPage":{"@id":"https:\/\/jinsuncarbon.com\/product\/graphite-disc\/#primaryimage"},"image":{"@id":"https:\/\/jinsuncarbon.com\/product\/graphite-disc\/#primaryimage"},"thumbnailUrl":"https:\/\/jinsuncarbon.com\/wp-content\/uploads\/2025\/02\/Graphite-disk.jpg","datePublished":"2025-02-15T11:35:11+00:00","dateModified":"2025-02-17T05:24:07+00:00","description":"\u00c7in'de Grafit Disk \u00dcreticisi \/ tedarik\u00e7isi. Jinsun, uygulaman\u0131z i\u00e7in \u00e7e\u015fitli boyutlarda grafit disk tedarik edebilir, ihtiya\u00e7lar\u0131n\u0131z\u0131 a\u00e7\u0131klamak i\u00e7in l\u00fctfen bizimle ileti\u015fime ge\u00e7in.","breadcrumb":{"@id":"https:\/\/jinsuncarbon.com\/product\/graphite-disc\/#breadcrumb"},"inLanguage":"tr","potentialAction":[{"@type":"ReadAction","target":["https:\/\/jinsuncarbon.com\/product\/graphite-disc\/"]}]},{"@type":"ImageObject","inLanguage":"tr","@id":"https:\/\/jinsuncarbon.com\/product\/graphite-disc\/#primaryimage","url":"https:\/\/jinsuncarbon.com\/wp-content\/uploads\/2025\/02\/Graphite-disk.jpg","contentUrl":"https:\/\/jinsuncarbon.com\/wp-content\/uploads\/2025\/02\/Graphite-disk.jpg","width":1024,"height":763,"caption":"Graphite disk"},{"@type":"BreadcrumbList","@id":"https:\/\/jinsuncarbon.com\/product\/graphite-disc\/#breadcrumb","itemListElement":[{"@type":"ListItem","position":1,"name":"Home","item":"https:\/\/jinsuncarbon.com\/"},{"@type":"ListItem","position":2,"name":"Products","item":"https:\/\/jinsuncarbon.com\/graphite-carbon\/"},{"@type":"ListItem","position":3,"name":"Graphite Disc"}]},{"@type":"WebSite","@id":"https:\/\/jinsuncarbon.com\/#website","url":"https:\/\/jinsuncarbon.com\/","name":"Jinsun Karbon","description":"\u00c7in'deki ba\u015far\u0131l\u0131 grafit elektrot \u00fcreticisiyiz","publisher":{"@id":"https:\/\/jinsuncarbon.com\/#organization"},"potentialAction":[{"@type":"SearchAction","target":{"@type":"EntryPoint","urlTemplate":"https:\/\/jinsuncarbon.com\/?s={search_term_string}"},"query-input":{"@type":"PropertyValueSpecification","valueRequired":true,"valueName":"search_term_string"}}],"inLanguage":"tr"},{"@type":"Organization","@id":"https:\/\/jinsuncarbon.com\/#organization","name":"Jinsun Karbon","alternateName":"Jinsun Carbon","url":"https:\/\/jinsuncarbon.com\/","logo":{"@type":"ImageObject","inLanguage":"tr","@id":"https:\/\/jinsuncarbon.com\/#\/schema\/logo\/image\/","url":"https:\/\/jinsuncarbon.com\/wp-content\/uploads\/2022\/12\/LOGO-1.png","contentUrl":"https:\/\/jinsuncarbon.com\/wp-content\/uploads\/2022\/12\/LOGO-1.png","width":207,"height":80,"caption":"Jinsun Carbon"},"image":{"@id":"https:\/\/jinsuncarbon.com\/#\/schema\/logo\/image\/"},"sameAs":["https:\/\/www.facebook.com\/Graphite-Electrode-109336238661595","https:\/\/x.com\/jinsuncarbon_","https:\/\/www.linkedin.com\/in\/jinsungraphite","https:\/\/www.youtube.com\/channel\/UCysDNyvyR5-3cCWEmpkVC0g"]}]}},"_links":{"self":[{"href":"https:\/\/jinsuncarbon.com\/tr\/wp-json\/wp\/v2\/product\/7632","targetHints":{"allow":["GET"]}}],"collection":[{"href":"https:\/\/jinsuncarbon.com\/tr\/wp-json\/wp\/v2\/product"}],"about":[{"href":"https:\/\/jinsuncarbon.com\/tr\/wp-json\/wp\/v2\/types\/product"}],"wp:featuredmedia":[{"embeddable":true,"href":"https:\/\/jinsuncarbon.com\/tr\/wp-json\/wp\/v2\/media\/7633"}],"wp:attachment":[{"href":"https:\/\/jinsuncarbon.com\/tr\/wp-json\/wp\/v2\/media?parent=7632"}],"wp:term":[{"taxonomy":"product_brand","embeddable":true,"href":"https:\/\/jinsuncarbon.com\/tr\/wp-json\/wp\/v2\/product_brand?post=7632"},{"taxonomy":"product_cat","embeddable":true,"href":"https:\/\/jinsuncarbon.com\/tr\/wp-json\/wp\/v2\/product_cat?post=7632"},{"taxonomy":"product_tag","embeddable":true,"href":"https:\/\/jinsuncarbon.com\/tr\/wp-json\/wp\/v2\/product_tag?post=7632"}],"curies":[{"name":"wp","href":"https:\/\/api.w.org\/{rel}","templated":true}]}}