{"id":7551,"date":"2025-02-12T14:56:56","date_gmt":"2025-02-12T14:56:56","guid":{"rendered":"https:\/\/jinsuncarbon.com\/?post_type=product&#038;p=7551"},"modified":"2025-02-12T14:57:39","modified_gmt":"2025-02-12T14:57:39","slug":"izotropik-grafit","status":"publish","type":"product","link":"https:\/\/jinsuncarbon.com\/tr\/urun\/izotropik-grafit\/","title":{"rendered":"\u0130zotropik Grafit"},"content":{"rendered":"<p>\u00d6zel grafit olarak da bilinen izotropik grafit, genellikle d\u00f6kme veya \u00f6zel \u015fekillerdedir. Benzersiz uygulama senaryolar\u0131n\u0131za ve s\u00fcre\u00e7 standartlar\u0131n\u0131za ba\u011fl\u0131 olarak, \u00f6zel i\u015fleme s\u00fcre\u00e7leri arac\u0131l\u0131\u011f\u0131yla spesifikasyonlar\u0131n\u0131za ve performans gereksinimlerinize tam olarak uyarlanabilirler. Avantajlar\u0131 son derece ola\u011fan\u00fcst\u00fcd\u00fcr.<\/p>\n<p>&nbsp;<\/p>\n<p><strong><b>M\u00fckemmel termal kararl\u0131l\u0131k<\/b><\/strong><\/p>\n<p>2000\u00b0C'ye kadar y\u00fcksek s\u0131cakl\u0131klarda kararl\u0131 fiziksel ve kimyasal \u00f6zelliklerini koruyabilir.<\/p>\n<p>&nbsp;<\/p>\n<p><strong><b>G<\/b><\/strong><strong><b>ood termal \u015fok direnci<\/b><\/strong><\/p>\n<p>H\u0131zl\u0131 s\u0131cakl\u0131k de\u011fi\u015fimlerine \u00e7atlamadan dayanabilir.<\/p>\n<p>&nbsp;<\/p>\n<p><strong><b>Y\u00fcksek mekanik dayan\u0131m<\/b><\/strong><\/p>\n<p>\u0130ster s\u0131k\u0131\u015ft\u0131rma, ister \u00e7ekme veya b\u00fckme performans\u0131 m\u00fckemmeldir.<\/p>\n<p>&nbsp;<\/p>\n<p><strong><b>Tek tip yo\u011funluk<\/b><\/strong><\/p>\n<p>Bu, i\u015fleme s\u0131ras\u0131nda boyutsal do\u011frulu\u011fu kontrol etmeyi kolayla\u015ft\u0131r\u0131r.<\/p>\n<p>&nbsp;<\/p>\n<p><strong><b>G<\/b><\/strong><strong><b>iyi iletkenlik<\/b><\/strong><\/p>\n<p>Direnci d\u00fc\u015f\u00fckt\u00fcr ve elektronik ve elektrik uygulamalar\u0131nda belirgin avantajlar\u0131 vard\u0131r.<\/p>\n<p>&nbsp;<\/p>\n<p><strong><b>G\u00fc\u00e7l\u00fc kimyasal kararl\u0131l\u0131k<\/b><\/strong><\/p>\n<p>\u00c7e\u015fitli kimyasal maddelerin erozyonuna kar\u015f\u0131 koyabilir.<\/p>\n<p>&nbsp;<\/p>\n<p><strong><b>U<\/b><\/strong><strong><b>niform \u0131s\u0131 iletkenli\u011fi<\/b><\/strong><\/p>\n<p>Termal saha uygulamalar\u0131nda bu, yerel a\u015f\u0131r\u0131 \u0131s\u0131nma veya d\u00fc\u015f\u00fck so\u011futman\u0131n \u00fcr\u00fcn kalitesi \u00fczerindeki etkisini \u00f6nleyerek s\u0131cakl\u0131\u011f\u0131n e\u015fit bir \u015fekilde da\u011f\u0131lmas\u0131n\u0131 sa\u011flar.<\/p>\n<p>&nbsp;<\/p>\n<p><strong><b>H<\/b><\/strong><strong><b>y\u00fcksek mekanik dayan\u0131m ve d\u00fczg\u00fcn yap\u0131<\/b><\/strong><\/p>\n<p>Tala\u015fl\u0131 imalat alan\u0131nda, bunlar y\u00fcksek hassasiyetli i\u015flemeye dayanabilmesini ve karma\u015f\u0131k \u015fekilli par\u00e7alar yapabilmesini sa\u011flar.<\/p>\n<p>&nbsp;<\/p>\n<h2>\u0130zotropik grafitin kullan\u0131m alanlar\u0131<\/h2>\n<h3>Yar\u0131 iletken end\u00fcstrisi<\/h3>\n<p>&nbsp;<\/p>\n<p><strong><b>W<\/b><\/strong><strong><b>\u00fcretim sonras\u0131: <\/b><\/strong><\/p>\n<p>\u0130yi termal stabilite ve boyutsal do\u011fruluk ile gofret ta\u015f\u0131y\u0131c\u0131, grafit fikst\u00fcr \u00fcretmek i\u00e7in kullanabilirsiniz. Gofreti y\u00fcksek s\u0131cakl\u0131kta, litografi i\u015flem stabilitesinde sa\u011flayabilir, \u00fcretim verimini art\u0131rabilir.<\/p>\n<p>&nbsp;<\/p>\n<p><strong><b>A\u015f\u0131nd\u0131rma ve kaplama: <\/b><\/strong><\/p>\n<p>A\u015f\u0131nd\u0131rma, reaksiyon odas\u0131 astar\u0131, \u0131s\u0131t\u0131c\u0131 gibi CVD ekipman bile\u015fenleri olarak kullanabilirsiniz. \u0130stikrarl\u0131 ve tekrarlayan bir s\u00fcre\u00e7 sa\u011flamak i\u00e7in g\u00fc\u00e7l\u00fc korozyona ve y\u00fcksek s\u0131cakl\u0131\u011fa kar\u015f\u0131 direnci.<\/p>\n<p>&nbsp;<\/p>\n<h3>Havac\u0131l\u0131k ve uzay alan\u0131<\/h3>\n<p><strong><b>T<\/b><\/strong><strong><b>termal koruma sistemi: <\/b><\/strong><\/p>\n<p>U\u00e7a\u011f\u0131n \u00f6n kenar\u0131 ve kanad\u0131 i\u00e7in bir termal koruma malzemesi haline gelir. Yap\u0131n\u0131n g\u00fcvenli\u011fini sa\u011flamak i\u00e7in y\u00fcksek h\u0131zl\u0131 u\u00e7u\u015fun ve atmosfere yeniden giri\u015fin y\u00fcksek s\u0131cakl\u0131\u011f\u0131na dayan\u0131r.<\/p>\n<p><strong><b>\u00a0<\/b><\/strong><\/p>\n<p><strong><b>Motor bile\u015fenleri: <\/b><\/strong><\/p>\n<p>U\u00e7ak motoru yanma odalar\u0131 ve t\u00fcrbin kanatlar\u0131 \u00fcretmek i\u00e7in kullanabilirsiniz. D\u00fc\u015f\u00fck yo\u011funluk ve y\u00fcksek mukavemet ile a\u011f\u0131rl\u0131\u011f\u0131 azaltmak ve itme-a\u011f\u0131rl\u0131k oran\u0131n\u0131 art\u0131rmak i\u00e7in.<\/p>\n<p>&nbsp;<\/p>\n<h3>N\u00fckleer end\u00fcstri<\/h3>\n<p><strong><b>N<\/b><\/strong><strong><b>\u00f6tron moderasyonu ve yans\u0131mas\u0131: <\/b><\/strong><\/p>\n<p>N\u00f6tron moderat\u00f6r\u00fc ve yans\u0131tma malzemesi olarak g\u00f6rev yapar. <a href=\"https:\/\/en.wikipedia.org\/wiki\/Nuclear_reactor\" target=\"_blank\" rel=\"noopener\">n\u00fckleer reakt\u00f6rler<\/a>. N\u00fckleer reaksiyon h\u0131z\u0131n\u0131 d\u00fczenlemek ve n\u00fckleer yak\u0131t\u0131n kullan\u0131m oran\u0131n\u0131 art\u0131rmak.<\/p>\n<p>&nbsp;<\/p>\n<p><strong><b>N\u00fckleer grafit bile\u015fenler: <\/b><\/strong><\/p>\n<p>\u0130zotropik grafiti yap\u0131sal malzemelerin ve kontrol \u00e7ubuklar\u0131n\u0131n \u00e7ekirde\u011finde kullanabilirsiniz. \u0130yi kimyasal ve \u0131\u015f\u0131nlama kararl\u0131l\u0131\u011f\u0131 ile g\u00fc\u00e7l\u00fc radyasyon alt\u0131nda uzun s\u00fcre istikrarl\u0131 bir \u015fekilde \u00e7al\u0131\u015fabilir.<\/p>\n<p>&nbsp;<\/p>\n<h3>Yeni enerji alan\u0131<\/h3>\n<p><strong><b>L<\/b><\/strong><strong><b>ithium pil \u00fcretimi: <\/b><\/strong><\/p>\n<p>Elektrot malzemesinin sinterlenmesini sa\u011flamak i\u00e7in kullanabilirsiniz, <a href=\"https:\/\/en.wikipedia.org\/wiki\/Hot_pressing\" target=\"_blank\" rel=\"noopener\">s\u0131cak presleme<\/a> kal\u0131plama kal\u0131b\u0131. Y\u00fcksek safl\u0131k ve d\u00fczg\u00fcn yap\u0131s\u0131 ile elektrot performans\u0131n\u0131n tutarl\u0131l\u0131\u011f\u0131n\u0131 art\u0131r\u0131r.<\/p>\n<p>&nbsp;<\/p>\n<p><strong><b>Yak\u0131t h\u00fccresi: <\/b><\/strong><\/p>\n<p>olarak hareket etmek i\u00e7in kullanabilirsiniz. <a href=\"https:\/\/jinsuncarbon.com\/tr\/urun\/grafit-bipolar-plaka\/\">bipolar plaka<\/a> malzeme, ak\u0131m\u0131 iletir, reaktif gaz\u0131 da\u011f\u0131t\u0131r. \u0130yi iletkenlik ve gaz bariyeri sayesinde pil \u00f6mr\u00fcn\u00fc uzat\u0131r.<\/p>\n<p>&nbsp;<\/p>\n<h3>Kal\u0131p imalat\u0131 ve i\u015fleme<\/h3>\n<p><strong><b>EDM elektrodu: <\/b><\/strong><\/p>\n<p>Kal\u0131p \u015feklini do\u011fru bir \u015fekilde kopyalayabilen, kayb\u0131 azaltan ve i\u015fleme do\u011frulu\u011funu art\u0131ran ideal bir elektrot malzemesidir.<\/p>\n<p>&nbsp;<\/p>\n<p><strong><b>Mekanik contalar: <\/b><\/strong><\/p>\n<p>Yapmak i\u00e7in kullanabilirsiniz <a href=\"https:\/\/jinsuncarbon.com\/tr\/urun\/grafit-conta-halkasi\/\">s\u0131zd\u0131rmazl\u0131k halkalar\u0131<\/a> D\u00fc\u015f\u00fck s\u00fcrt\u00fcnme katsay\u0131s\u0131 ve a\u015f\u0131nma direnci ile. Bu, zorlu ko\u015fullar alt\u0131nda s\u0131zd\u0131rmazl\u0131k sa\u011flar ve ekipman \u00f6mr\u00fcn\u00fc uzat\u0131r.<\/p>\n<p>&nbsp;<\/p>\n<h3>Di\u011fer alanlar<\/h3>\n<p><strong><b>P<\/b><\/strong><strong><b>s\u0131cakovoltaik end\u00fcstrisi: <\/b><\/strong><\/p>\n<p>Pota, \u0131s\u0131tma elemanlar\u0131 gibi polisilikon grafit termal alan sistemleri i\u00e7in izotropik grafit kullanabilirsiniz. \u0130stikrarl\u0131 bir y\u00fcksek s\u0131cakl\u0131k ortam\u0131 sa\u011flamak i\u00e7in polisilikon \u00fcretiminin kalitesini art\u0131r\u0131n.<\/p>\n<p>&nbsp;<\/p>\n<p><strong><b>T\u0131p alan\u0131nda: <\/b><\/strong><\/p>\n<p>Radyoterapi ekipman\u0131nda bir kolimat\u00f6r bile\u015feni olarak kullanabilirsiniz. I\u015f\u0131nlar\u0131n y\u00f6n dozunu do\u011fru bir \u015fekilde kontrol etmek i\u00e7in \u0131\u015f\u0131nlar\u0131n emilim ve sa\u00e7\u0131lma \u00f6zelliklerini kullan\u0131r.<\/p>","protected":false},"excerpt":{"rendered":"<p>\u0130zotropik grafit, her y\u00f6nde neredeyse tutarl\u0131 fiziksel \u00f6zellikler g\u00f6steren, olduk\u00e7a homojen bir yap\u0131ya sahip bir grafit malzemedir. M\u00fckemmel yo\u011funluk homojenli\u011fi ve performans kararl\u0131l\u0131\u011f\u0131 ile \u00f6zel kal\u0131plama s\u00fcre\u00e7leri ve ince i\u015fleme yoluyla yap\u0131l\u0131r. Bu, onu zorlu uygulamalar\u0131n ihtiya\u00e7lar\u0131n\u0131 kar\u015f\u0131lamak i\u00e7in bir\u00e7ok \u00fcst d\u00fczey teknoloji alan\u0131nda vazge\u00e7ilmez bir anahtar malzeme haline getirir. Gofret ta\u015f\u0131y\u0131c\u0131lar\u0131, u\u00e7ak termal koruma sistemleri ve benzerlerinin \u00fcretimi gibi.<\/p>","protected":false},"featured_media":7580,"template":"","meta":[],"product_brand":[],"product_cat":[67],"product_tag":[],"class_list":{"0":"post-7551","1":"product","2":"type-product","3":"status-publish","4":"has-post-thumbnail","6":"product_cat-graphite-material","8":"first","9":"instock","10":"shipping-taxable","11":"product-type-simple"},"yoast_head":"<!-- This site is optimized with the Yoast SEO Premium plugin v19.2.1 (Yoast SEO v25.3) - https:\/\/yoast.com\/wordpress\/plugins\/seo\/ -->\n<title>Isotropic Graphite | Special Graphite Manufacturer| Jinsun Carbon<\/title>\n<meta name=\"description\" content=\"Isotropic Graphite (Special Graphite) Manufacturer in China, High-purity, high-strength and high-density materials are used in the industrial field.\" \/>\n<meta name=\"robots\" content=\"index, follow, max-snippet:-1, max-image-preview:large, max-video-preview:-1\" \/>\n<link rel=\"canonical\" href=\"https:\/\/jinsuncarbon.com\/tr\/urun\/izotropik-grafit\/\" \/>\n<meta property=\"og:locale\" content=\"tr_TR\" \/>\n<meta property=\"og:type\" content=\"article\" \/>\n<meta property=\"og:title\" content=\"Isotropic Graphite\" \/>\n<meta property=\"og:description\" content=\"Isotropic Graphite (Special Graphite) Manufacturer in China, High-purity, high-strength and high-density materials are used in the industrial field.\" \/>\n<meta property=\"og:url\" content=\"https:\/\/jinsuncarbon.com\/tr\/urun\/izotropik-grafit\/\" \/>\n<meta property=\"og:site_name\" content=\"Jinsun Carbon\" \/>\n<meta property=\"article:publisher\" content=\"https:\/\/www.facebook.com\/Graphite-Electrode-109336238661595\" \/>\n<meta property=\"article:modified_time\" content=\"2025-02-12T14:57:39+00:00\" \/>\n<meta property=\"og:image\" content=\"https:\/\/jinsuncarbon.com\/wp-content\/uploads\/2025\/02\/Isotropic-graphite.jpg\" \/>\n\t<meta property=\"og:image:width\" content=\"1024\" \/>\n\t<meta property=\"og:image:height\" content=\"763\" \/>\n\t<meta property=\"og:image:type\" content=\"image\/jpeg\" \/>\n<meta name=\"twitter:card\" content=\"summary_large_image\" \/>\n<meta name=\"twitter:site\" content=\"@jinsuncarbon_\" \/>\n<meta name=\"twitter:label1\" content=\"Tahmini okuma s\u00fcresi\" \/>\n\t<meta name=\"twitter:data1\" content=\"3 dakika\" \/>\n<script type=\"application\/ld+json\" class=\"yoast-schema-graph\">{\"@context\":\"https:\/\/schema.org\",\"@graph\":[{\"@type\":\"WebPage\",\"@id\":\"https:\/\/jinsuncarbon.com\/product\/isotropic-graphite\/\",\"url\":\"https:\/\/jinsuncarbon.com\/product\/isotropic-graphite\/\",\"name\":\"Isotropic Graphite | Special Graphite Manufacturer| Jinsun Carbon\",\"isPartOf\":{\"@id\":\"https:\/\/jinsuncarbon.com\/#website\"},\"primaryImageOfPage\":{\"@id\":\"https:\/\/jinsuncarbon.com\/product\/isotropic-graphite\/#primaryimage\"},\"image\":{\"@id\":\"https:\/\/jinsuncarbon.com\/product\/isotropic-graphite\/#primaryimage\"},\"thumbnailUrl\":\"https:\/\/jinsuncarbon.com\/wp-content\/uploads\/2025\/02\/Isotropic-graphite.jpg\",\"datePublished\":\"2025-02-12T14:56:56+00:00\",\"dateModified\":\"2025-02-12T14:57:39+00:00\",\"description\":\"Isotropic Graphite (Special Graphite) Manufacturer in China, High-purity, high-strength and high-density materials are used in the industrial field.\",\"breadcrumb\":{\"@id\":\"https:\/\/jinsuncarbon.com\/product\/isotropic-graphite\/#breadcrumb\"},\"inLanguage\":\"tr\",\"potentialAction\":[{\"@type\":\"ReadAction\",\"target\":[\"https:\/\/jinsuncarbon.com\/product\/isotropic-graphite\/\"]}]},{\"@type\":\"ImageObject\",\"inLanguage\":\"tr\",\"@id\":\"https:\/\/jinsuncarbon.com\/product\/isotropic-graphite\/#primaryimage\",\"url\":\"https:\/\/jinsuncarbon.com\/wp-content\/uploads\/2025\/02\/Isotropic-graphite.jpg\",\"contentUrl\":\"https:\/\/jinsuncarbon.com\/wp-content\/uploads\/2025\/02\/Isotropic-graphite.jpg\",\"width\":1024,\"height\":763,\"caption\":\"Isotropic graphite\"},{\"@type\":\"BreadcrumbList\",\"@id\":\"https:\/\/jinsuncarbon.com\/product\/isotropic-graphite\/#breadcrumb\",\"itemListElement\":[{\"@type\":\"ListItem\",\"position\":1,\"name\":\"Home\",\"item\":\"https:\/\/jinsuncarbon.com\/\"},{\"@type\":\"ListItem\",\"position\":2,\"name\":\"Products\",\"item\":\"https:\/\/jinsuncarbon.com\/graphite-carbon\/\"},{\"@type\":\"ListItem\",\"position\":3,\"name\":\"Isotropic Graphite\"}]},{\"@type\":\"WebSite\",\"@id\":\"https:\/\/jinsuncarbon.com\/#website\",\"url\":\"https:\/\/jinsuncarbon.com\/\",\"name\":\"Jinsun Carbon\",\"description\":\"We are the successful graphite electrode manufacturer in China\",\"publisher\":{\"@id\":\"https:\/\/jinsuncarbon.com\/#organization\"},\"potentialAction\":[{\"@type\":\"SearchAction\",\"target\":{\"@type\":\"EntryPoint\",\"urlTemplate\":\"https:\/\/jinsuncarbon.com\/?s={search_term_string}\"},\"query-input\":{\"@type\":\"PropertyValueSpecification\",\"valueRequired\":true,\"valueName\":\"search_term_string\"}}],\"inLanguage\":\"tr\"},{\"@type\":\"Organization\",\"@id\":\"https:\/\/jinsuncarbon.com\/#organization\",\"name\":\"Jinsun Carbon\",\"alternateName\":\"Jinsun Carbon\",\"url\":\"https:\/\/jinsuncarbon.com\/\",\"logo\":{\"@type\":\"ImageObject\",\"inLanguage\":\"tr\",\"@id\":\"https:\/\/jinsuncarbon.com\/#\/schema\/logo\/image\/\",\"url\":\"https:\/\/jinsuncarbon.com\/wp-content\/uploads\/2022\/12\/LOGO-1.png\",\"contentUrl\":\"https:\/\/jinsuncarbon.com\/wp-content\/uploads\/2022\/12\/LOGO-1.png\",\"width\":207,\"height\":80,\"caption\":\"Jinsun Carbon\"},\"image\":{\"@id\":\"https:\/\/jinsuncarbon.com\/#\/schema\/logo\/image\/\"},\"sameAs\":[\"https:\/\/www.facebook.com\/Graphite-Electrode-109336238661595\",\"https:\/\/x.com\/jinsuncarbon_\",\"https:\/\/www.linkedin.com\/in\/jinsungraphite\",\"https:\/\/www.youtube.com\/channel\/UCysDNyvyR5-3cCWEmpkVC0g\"]}]}<\/script>\n<!-- \/ Yoast SEO Premium plugin. -->","yoast_head_json":{"title":"\u0130zotropik Grafit | \u00d6zel Grafit \u00dcreticisi | Jinsun Carbon","description":"\u00c7in'de \u0130zotropik Grafit (\u00d6zel Grafit) \u00dcreticisi, Y\u00fcksek safl\u0131kta, y\u00fcksek mukavemetli ve y\u00fcksek yo\u011funluklu malzemeler end\u00fcstriyel alanda kullan\u0131lmaktad\u0131r.","robots":{"index":"index","follow":"follow","max-snippet":"max-snippet:-1","max-image-preview":"max-image-preview:large","max-video-preview":"max-video-preview:-1"},"canonical":"https:\/\/jinsuncarbon.com\/tr\/urun\/izotropik-grafit\/","og_locale":"tr_TR","og_type":"article","og_title":"Isotropic Graphite","og_description":"Isotropic Graphite (Special Graphite) Manufacturer in China, High-purity, high-strength and high-density materials are used in the industrial field.","og_url":"https:\/\/jinsuncarbon.com\/tr\/urun\/izotropik-grafit\/","og_site_name":"Jinsun Carbon","article_publisher":"https:\/\/www.facebook.com\/Graphite-Electrode-109336238661595","article_modified_time":"2025-02-12T14:57:39+00:00","og_image":[{"width":1024,"height":763,"url":"https:\/\/jinsuncarbon.com\/wp-content\/uploads\/2025\/02\/Isotropic-graphite.jpg","type":"image\/jpeg"}],"twitter_card":"summary_large_image","twitter_site":"@jinsuncarbon_","twitter_misc":{"Tahmini okuma s\u00fcresi":"3 dakika"},"schema":{"@context":"https:\/\/schema.org","@graph":[{"@type":"WebPage","@id":"https:\/\/jinsuncarbon.com\/product\/isotropic-graphite\/","url":"https:\/\/jinsuncarbon.com\/product\/isotropic-graphite\/","name":"\u0130zotropik Grafit | \u00d6zel Grafit \u00dcreticisi | Jinsun Carbon","isPartOf":{"@id":"https:\/\/jinsuncarbon.com\/#website"},"primaryImageOfPage":{"@id":"https:\/\/jinsuncarbon.com\/product\/isotropic-graphite\/#primaryimage"},"image":{"@id":"https:\/\/jinsuncarbon.com\/product\/isotropic-graphite\/#primaryimage"},"thumbnailUrl":"https:\/\/jinsuncarbon.com\/wp-content\/uploads\/2025\/02\/Isotropic-graphite.jpg","datePublished":"2025-02-12T14:56:56+00:00","dateModified":"2025-02-12T14:57:39+00:00","description":"\u00c7in'de \u0130zotropik Grafit (\u00d6zel Grafit) \u00dcreticisi, Y\u00fcksek safl\u0131kta, y\u00fcksek mukavemetli ve y\u00fcksek yo\u011funluklu malzemeler end\u00fcstriyel alanda kullan\u0131lmaktad\u0131r.","breadcrumb":{"@id":"https:\/\/jinsuncarbon.com\/product\/isotropic-graphite\/#breadcrumb"},"inLanguage":"tr","potentialAction":[{"@type":"ReadAction","target":["https:\/\/jinsuncarbon.com\/product\/isotropic-graphite\/"]}]},{"@type":"ImageObject","inLanguage":"tr","@id":"https:\/\/jinsuncarbon.com\/product\/isotropic-graphite\/#primaryimage","url":"https:\/\/jinsuncarbon.com\/wp-content\/uploads\/2025\/02\/Isotropic-graphite.jpg","contentUrl":"https:\/\/jinsuncarbon.com\/wp-content\/uploads\/2025\/02\/Isotropic-graphite.jpg","width":1024,"height":763,"caption":"Isotropic graphite"},{"@type":"BreadcrumbList","@id":"https:\/\/jinsuncarbon.com\/product\/isotropic-graphite\/#breadcrumb","itemListElement":[{"@type":"ListItem","position":1,"name":"Home","item":"https:\/\/jinsuncarbon.com\/"},{"@type":"ListItem","position":2,"name":"Products","item":"https:\/\/jinsuncarbon.com\/graphite-carbon\/"},{"@type":"ListItem","position":3,"name":"Isotropic Graphite"}]},{"@type":"WebSite","@id":"https:\/\/jinsuncarbon.com\/#website","url":"https:\/\/jinsuncarbon.com\/","name":"Jinsun Karbon","description":"\u00c7in'deki ba\u015far\u0131l\u0131 grafit elektrot \u00fcreticisiyiz","publisher":{"@id":"https:\/\/jinsuncarbon.com\/#organization"},"potentialAction":[{"@type":"SearchAction","target":{"@type":"EntryPoint","urlTemplate":"https:\/\/jinsuncarbon.com\/?s={search_term_string}"},"query-input":{"@type":"PropertyValueSpecification","valueRequired":true,"valueName":"search_term_string"}}],"inLanguage":"tr"},{"@type":"Organization","@id":"https:\/\/jinsuncarbon.com\/#organization","name":"Jinsun Karbon","alternateName":"Jinsun Carbon","url":"https:\/\/jinsuncarbon.com\/","logo":{"@type":"ImageObject","inLanguage":"tr","@id":"https:\/\/jinsuncarbon.com\/#\/schema\/logo\/image\/","url":"https:\/\/jinsuncarbon.com\/wp-content\/uploads\/2022\/12\/LOGO-1.png","contentUrl":"https:\/\/jinsuncarbon.com\/wp-content\/uploads\/2022\/12\/LOGO-1.png","width":207,"height":80,"caption":"Jinsun Carbon"},"image":{"@id":"https:\/\/jinsuncarbon.com\/#\/schema\/logo\/image\/"},"sameAs":["https:\/\/www.facebook.com\/Graphite-Electrode-109336238661595","https:\/\/x.com\/jinsuncarbon_","https:\/\/www.linkedin.com\/in\/jinsungraphite","https:\/\/www.youtube.com\/channel\/UCysDNyvyR5-3cCWEmpkVC0g"]}]}},"_links":{"self":[{"href":"https:\/\/jinsuncarbon.com\/tr\/wp-json\/wp\/v2\/product\/7551","targetHints":{"allow":["GET"]}}],"collection":[{"href":"https:\/\/jinsuncarbon.com\/tr\/wp-json\/wp\/v2\/product"}],"about":[{"href":"https:\/\/jinsuncarbon.com\/tr\/wp-json\/wp\/v2\/types\/product"}],"wp:featuredmedia":[{"embeddable":true,"href":"https:\/\/jinsuncarbon.com\/tr\/wp-json\/wp\/v2\/media\/7580"}],"wp:attachment":[{"href":"https:\/\/jinsuncarbon.com\/tr\/wp-json\/wp\/v2\/media?parent=7551"}],"wp:term":[{"taxonomy":"product_brand","embeddable":true,"href":"https:\/\/jinsuncarbon.com\/tr\/wp-json\/wp\/v2\/product_brand?post=7551"},{"taxonomy":"product_cat","embeddable":true,"href":"https:\/\/jinsuncarbon.com\/tr\/wp-json\/wp\/v2\/product_cat?post=7551"},{"taxonomy":"product_tag","embeddable":true,"href":"https:\/\/jinsuncarbon.com\/tr\/wp-json\/wp\/v2\/product_tag?post=7551"}],"curies":[{"name":"wp","href":"https:\/\/api.w.org\/{rel}","templated":true}]}}