{"id":7536,"date":"2025-02-09T01:52:28","date_gmt":"2025-02-09T01:52:28","guid":{"rendered":"https:\/\/jinsuncarbon.com\/?post_type=product&#038;p=7536"},"modified":"2025-02-09T01:52:29","modified_gmt":"2025-02-09T01:52:29","slug":"ultra-ince-grafit-tozu","status":"publish","type":"product","link":"https:\/\/jinsuncarbon.com\/tr\/urun\/ultra-ince-grafit-tozu\/","title":{"rendered":"Ultra \u0130nce Grafit Tozu"},"content":{"rendered":"<p>Ultra ince grafit tozu ince bir tozdur. Avantajlar\u0131 \u00f6nemlidir.<\/p>\n<p><strong><b>E<\/b><\/strong><strong><b>m\u00fckemmel termal kararl\u0131l\u0131k <\/b><\/strong><\/p>\n<p>200\u00b0C ila yakla\u015f\u0131k 600\u00b0C gibi geni\u015f bir s\u0131cakl\u0131k aral\u0131\u011f\u0131nda kararl\u0131 \u00f6zelliklerini koruyabilir.<\/p>\n<p>&nbsp;<\/p>\n<p><strong><b>Y\u00fcksek aktivite<\/b><\/strong><\/p>\n<p>K\u00fc\u00e7\u00fck partik\u00fcl boyutu ve y\u00fcksek safl\u0131\u011f\u0131, geni\u015f spesifik y\u00fczey alan\u0131 ve geli\u015fmi\u015f kimyasal reaksiyon aktivitesi nedeniyle. Bu nedenle kataliz ve di\u011fer alanlarda potansiyel avantajlara sahiptir.<\/p>\n<p>&nbsp;<\/p>\n<p><strong><b>G<\/b><\/strong><strong><b>iyi elektrik iletkenli\u011fi<\/b><\/strong><\/p>\n<p>Baz\u0131 metal iletkenlerle kar\u015f\u0131la\u015ft\u0131r\u0131labilir, elektronik bile\u015fenlerin \u00fcretiminde ola\u011fan\u00fcst\u00fc performans.<\/p>\n<p>&nbsp;<\/p>\n<p><strong><b>M\u00fckemmel ya\u011flama performans\u0131<\/b><\/strong><\/p>\n<p><a href=\"https:\/\/jinsuncarbon.com\/tr\/urun\/grafit-tozu\/\">Grafit tozu<\/a> s\u00fcrt\u00fcnme katsay\u0131s\u0131n\u0131 etkili bir \u015fekilde azaltabilir, y\u00fcksek performansl\u0131 bir ya\u011flay\u0131c\u0131 olarak hassas mekanik par\u00e7alarda kullan\u0131labilir.<\/p>\n<p>&nbsp;<\/p>\n<p><strong><b>\u0130yi da\u011f\u0131l\u0131m<\/b><\/strong><\/p>\n<p>\u00c7e\u015fitli alt tabakalarda e\u015fit olarak da\u011f\u0131lmas\u0131 kolayd\u0131r, kompozit malzemelerin uygun \u015fekilde haz\u0131rlanmas\u0131.<\/p>\n<p>&nbsp;<\/p>\n<p><strong><b>H<\/b><\/strong><strong><b>y\u00fcksek \u0131s\u0131l iletkenlik<\/b><\/strong><\/p>\n<p>Elektronik \u0131s\u0131 da\u011f\u0131t\u0131m\u0131 alan\u0131nda, \u0131s\u0131n\u0131n h\u0131zl\u0131 ve e\u015fit bir \u015fekilde da\u011f\u0131lmas\u0131n\u0131 sa\u011flar. Hassas \u00e7ipler ve di\u011fer bile\u015fenler i\u00e7in \u0131s\u0131 yayma etkisi dikkate de\u011ferdir.<\/p>\n<p>&nbsp;<\/p>\n<h2>Ultra ince grafit tozunun kullan\u0131m alanlar\u0131<\/h2>\n<h3>Elektronik ve elektrik alan\u0131<\/h3>\n<p>&nbsp;<\/p>\n<p><strong><b>Entegre devre \u00fcretimi: <\/b><\/strong><\/p>\n<p>\u0130letken yap\u0131\u015ft\u0131r\u0131c\u0131 yapmak, entegre devre \u00e7ipini ve alt tabakay\u0131 ba\u011flamak i\u00e7in dolgu malzemesi olarak kullanabilirsiniz. Verimli elektrik ba\u011flant\u0131s\u0131 sa\u011flar ve sinyal iletim kararl\u0131l\u0131\u011f\u0131n\u0131 art\u0131r\u0131r.<\/p>\n<p><strong><b>\u00a0<\/b><\/strong><\/p>\n<p><strong><b>Elektromanyetik koruyucu malzeme: <\/b><\/strong><\/p>\n<p>Elektromanyetik koruyucu kompozit malzeme yapmak i\u00e7in plastik, kau\u00e7uk ve di\u011fer alt tabakalara ekleyebilirsiniz. Elektromanyetik paraziti etkili bir \u015fekilde engellemek ve ekipman\u0131n normal \u00e7al\u0131\u015fmas\u0131n\u0131 korumak i\u00e7in bunu elektronik ekipman kabu\u011fu i\u00e7in kullanabilirsiniz.<\/p>\n<p>&nbsp;<\/p>\n<h3>Enerji alan\u0131<\/h3>\n<p>&nbsp;<\/p>\n<p><strong><b>Lityum-iyon pil: <\/b><\/strong><\/p>\n<p>Ak\u00fcn\u00fcn negatif elektrot malzemesine katk\u0131 maddesi olarak kullanabilirsiniz. Grafit tozu, pilin iletkenli\u011fini ve lityum depolama performans\u0131n\u0131 art\u0131r\u0131r. <a href=\"https:\/\/www.sciencedirect.com\/topics\/engineering\/negative-electrode\" target=\"_blank\" rel=\"noopener\">negatif elektrot<\/a> malzeme, ak\u00fc kapasitesini art\u0131r\u0131r ve hizmet \u00f6mr\u00fcn\u00fc uzat\u0131r.<\/p>\n<p>&nbsp;<\/p>\n<p><strong><b>S\u00fcper<\/b><\/strong><strong><b>\u00a0<\/b><\/strong><strong><b>kondansat\u00f6r: <\/b><\/strong><\/p>\n<p>Y\u00fcksek iletkenli\u011fi ve geni\u015f spesifik y\u00fczey alan\u0131n\u0131 kullanarak s\u00fcper kapasit\u00f6r elektrot malzemelerinin haz\u0131rlanmas\u0131na kat\u0131labilir. S\u00fcper kapasit\u00f6rlerin \u015farj ve de\u015farj h\u0131z\u0131n\u0131 ve enerji yo\u011funlu\u011funu iyile\u015ftirmek i\u00e7in.<\/p>\n<p>&nbsp;<\/p>\n<h3>Makine end\u00fcstrisi<\/h3>\n<p>&nbsp;<\/p>\n<p><strong><b>Y\u00fcksek performansl\u0131 ya\u011flay\u0131c\u0131: <\/b><\/strong><\/p>\n<p>Ya\u011flama ya\u011f\u0131na, grese veya do\u011frudan y\u00fcksek h\u0131zl\u0131, y\u00fcksek s\u0131cakl\u0131kl\u0131, y\u00fcksek y\u00fckl\u00fc mekanik par\u00e7alara uygulanan kat\u0131 bir ya\u011flay\u0131c\u0131 olarak ekleyebilirsiniz. (U\u00e7ak motoru yataklar\u0131, otomotiv motoru pistonlar\u0131 gibi). Ultra ince grafit tozu s\u00fcrt\u00fcnmeyi ve a\u015f\u0131nmay\u0131 azaltabilir, mekanik verimlili\u011fi art\u0131rabilir, ekipman\u0131n hizmet \u00f6mr\u00fcn\u00fc uzatabilir.<\/p>\n<p>&nbsp;<\/p>\n<p><strong><b>Toz metalurjisi: <\/b><\/strong><\/p>\n<p>Metal tozuna eklenen bir katk\u0131 maddesi olarak, tozun kal\u0131plama performans\u0131n\u0131 ve sinterleme performans\u0131n\u0131 art\u0131rabilir. Daha sonra toz metalurjisi \u00fcr\u00fcnlerinin mukavemetini, sertli\u011fini ve a\u015f\u0131nma direncini art\u0131r\u0131r.<\/p>\n<p><strong><b>\u00a0<\/b><\/strong><\/p>\n<h3>Kimya end\u00fcstrisi<\/h3>\n<p>&nbsp;<\/p>\n<p><strong><b>Kataliz\u00f6r ta\u015f\u0131y\u0131c\u0131: <\/b><\/strong><\/p>\n<p>\u00c7e\u015fitli aktif katalitik bile\u015fenleri destekler ve grafit tozunu petrokimya, ince kimyasal ve di\u011fer katalitik reaksiyon proseslerinde kataliz\u00f6r ta\u015f\u0131y\u0131c\u0131 olarak kullanabilirsiniz. Y\u00fcksek spesifik y\u00fczey alan\u0131 ve kimyasal stabilitesi ile kataliz\u00f6r\u00fcn aktivitesini ve stabilitesini art\u0131r\u0131r. <a href=\"https:\/\/www.catalyst.org\/\" target=\"_blank\" rel=\"noopener\">kataliz\u00f6r<\/a>.<\/p>\n<p>&nbsp;<\/p>\n<p><strong><b>Kaplama katk\u0131 maddesi: <\/b><\/strong><\/p>\n<p>Kaplamalar\u0131n antikorozif \u00f6zelliklerini ve iletken \u00f6zelliklerini geli\u015ftirmek i\u00e7in antikorozif kaplamalara ve iletken kaplamalara ekleyebilirsiniz. Ayr\u0131ca kimyasal ekipman ve boru hatt\u0131 korumas\u0131 ve statik eliminasyon i\u00e7in de kullanabilirsiniz.<\/p>","protected":false},"excerpt":{"rendered":"<p>Ultra ince grafit tozu, \u00f6zel \u00f6\u011f\u00fctme, s\u0131n\u0131fland\u0131rma ve di\u011fer ince i\u015flemler yoluyla y\u00fcksek safl\u0131kta grafit hammaddelerinden yap\u0131lan ultra ince par\u00e7ac\u0131k boyutuna sahip grafit tozunu ifade eder. Lityum-iyon piller, yar\u0131 iletken litografi ve ya\u011flama alanlar\u0131nda kullanabilirsiniz. Benzersiz mikro yap\u0131s\u0131, fiziksel ve kimyasal \u00f6zellikleri ile bir\u00e7ok ileri teknolojide ve geleneksel end\u00fcstriyel alanda m\u00fckemmel performans g\u00f6sterir. Ve y\u00fcksek hassasiyet ve y\u00fcksek performans ihtiya\u00e7lar\u0131n\u0131 kar\u015f\u0131layabilen \u00f6nemli bir malzemedir. \u00d6zel ihtiya\u00e7lar\u0131n\u0131za ba\u011fl\u0131 olarak, safl\u0131k, par\u00e7ac\u0131k boyutu vb. ile e\u015fle\u015fecek \u015fekilde i\u015flenirler.<\/p>","protected":false},"featured_media":7538,"template":"","meta":[],"product_brand":[],"product_cat":[38],"product_tag":[],"class_list":{"0":"post-7536","1":"product","2":"type-product","3":"status-publish","4":"has-post-thumbnail","6":"product_cat-graphite-products","8":"first","9":"instock","10":"shipping-taxable","11":"product-type-simple"},"yoast_head":"<!-- This site is optimized with the Yoast SEO Premium plugin v19.2.1 (Yoast SEO v25.3) - https:\/\/yoast.com\/wordpress\/plugins\/seo\/ -->\n<title>Ultra Fine Graphite Powder Manufacturer in China | Jinsun Carbon<\/title>\n<meta name=\"description\" content=\"Ultra Fine Graphite Powder for sale, it can be used in lithium-ion batteries, semiconductor lithography, refractory materials, and lubrication fields.\" \/>\n<meta name=\"robots\" content=\"index, follow, max-snippet:-1, max-image-preview:large, max-video-preview:-1\" \/>\n<link rel=\"canonical\" href=\"https:\/\/jinsuncarbon.com\/tr\/urun\/ultra-ince-grafit-tozu\/\" \/>\n<meta property=\"og:locale\" content=\"tr_TR\" \/>\n<meta property=\"og:type\" content=\"article\" \/>\n<meta property=\"og:title\" content=\"Ultra Fine Graphite Powder\" \/>\n<meta property=\"og:description\" content=\"Ultra Fine Graphite Powder for sale, it can be used in lithium-ion batteries, semiconductor lithography, refractory materials, and lubrication fields.\" \/>\n<meta property=\"og:url\" content=\"https:\/\/jinsuncarbon.com\/tr\/urun\/ultra-ince-grafit-tozu\/\" \/>\n<meta property=\"og:site_name\" content=\"Jinsun Carbon\" \/>\n<meta property=\"article:publisher\" content=\"https:\/\/www.facebook.com\/Graphite-Electrode-109336238661595\" \/>\n<meta property=\"article:modified_time\" content=\"2025-02-09T01:52:29+00:00\" \/>\n<meta property=\"og:image\" content=\"https:\/\/jinsuncarbon.com\/wp-content\/uploads\/2025\/02\/ultra-fine-graphite-powder.jpg\" \/>\n\t<meta property=\"og:image:width\" content=\"1024\" \/>\n\t<meta property=\"og:image:height\" content=\"763\" \/>\n\t<meta property=\"og:image:type\" content=\"image\/jpeg\" \/>\n<meta name=\"twitter:card\" content=\"summary_large_image\" \/>\n<meta name=\"twitter:site\" content=\"@jinsuncarbon_\" \/>\n<meta name=\"twitter:label1\" content=\"Tahmini okuma s\u00fcresi\" \/>\n\t<meta name=\"twitter:data1\" content=\"3 dakika\" \/>\n<script type=\"application\/ld+json\" class=\"yoast-schema-graph\">{\"@context\":\"https:\/\/schema.org\",\"@graph\":[{\"@type\":\"WebPage\",\"@id\":\"https:\/\/jinsuncarbon.com\/product\/ultra-fine-graphite-powder\/\",\"url\":\"https:\/\/jinsuncarbon.com\/product\/ultra-fine-graphite-powder\/\",\"name\":\"Ultra Fine Graphite Powder Manufacturer in China | Jinsun Carbon\",\"isPartOf\":{\"@id\":\"https:\/\/jinsuncarbon.com\/#website\"},\"primaryImageOfPage\":{\"@id\":\"https:\/\/jinsuncarbon.com\/product\/ultra-fine-graphite-powder\/#primaryimage\"},\"image\":{\"@id\":\"https:\/\/jinsuncarbon.com\/product\/ultra-fine-graphite-powder\/#primaryimage\"},\"thumbnailUrl\":\"https:\/\/jinsuncarbon.com\/wp-content\/uploads\/2025\/02\/ultra-fine-graphite-powder.jpg\",\"datePublished\":\"2025-02-09T01:52:28+00:00\",\"dateModified\":\"2025-02-09T01:52:29+00:00\",\"description\":\"Ultra Fine Graphite Powder for sale, it can be used in lithium-ion batteries, semiconductor lithography, refractory materials, and lubrication fields.\",\"breadcrumb\":{\"@id\":\"https:\/\/jinsuncarbon.com\/product\/ultra-fine-graphite-powder\/#breadcrumb\"},\"inLanguage\":\"tr\",\"potentialAction\":[{\"@type\":\"ReadAction\",\"target\":[\"https:\/\/jinsuncarbon.com\/product\/ultra-fine-graphite-powder\/\"]}]},{\"@type\":\"ImageObject\",\"inLanguage\":\"tr\",\"@id\":\"https:\/\/jinsuncarbon.com\/product\/ultra-fine-graphite-powder\/#primaryimage\",\"url\":\"https:\/\/jinsuncarbon.com\/wp-content\/uploads\/2025\/02\/ultra-fine-graphite-powder.jpg\",\"contentUrl\":\"https:\/\/jinsuncarbon.com\/wp-content\/uploads\/2025\/02\/ultra-fine-graphite-powder.jpg\",\"width\":1024,\"height\":763,\"caption\":\"ultra fine graphite powder\"},{\"@type\":\"BreadcrumbList\",\"@id\":\"https:\/\/jinsuncarbon.com\/product\/ultra-fine-graphite-powder\/#breadcrumb\",\"itemListElement\":[{\"@type\":\"ListItem\",\"position\":1,\"name\":\"Home\",\"item\":\"https:\/\/jinsuncarbon.com\/\"},{\"@type\":\"ListItem\",\"position\":2,\"name\":\"Products\",\"item\":\"https:\/\/jinsuncarbon.com\/graphite-carbon\/\"},{\"@type\":\"ListItem\",\"position\":3,\"name\":\"Ultra Fine Graphite Powder\"}]},{\"@type\":\"WebSite\",\"@id\":\"https:\/\/jinsuncarbon.com\/#website\",\"url\":\"https:\/\/jinsuncarbon.com\/\",\"name\":\"Jinsun Carbon\",\"description\":\"We are the successful graphite electrode manufacturer in China\",\"publisher\":{\"@id\":\"https:\/\/jinsuncarbon.com\/#organization\"},\"potentialAction\":[{\"@type\":\"SearchAction\",\"target\":{\"@type\":\"EntryPoint\",\"urlTemplate\":\"https:\/\/jinsuncarbon.com\/?s={search_term_string}\"},\"query-input\":{\"@type\":\"PropertyValueSpecification\",\"valueRequired\":true,\"valueName\":\"search_term_string\"}}],\"inLanguage\":\"tr\"},{\"@type\":\"Organization\",\"@id\":\"https:\/\/jinsuncarbon.com\/#organization\",\"name\":\"Jinsun Carbon\",\"alternateName\":\"Jinsun Carbon\",\"url\":\"https:\/\/jinsuncarbon.com\/\",\"logo\":{\"@type\":\"ImageObject\",\"inLanguage\":\"tr\",\"@id\":\"https:\/\/jinsuncarbon.com\/#\/schema\/logo\/image\/\",\"url\":\"https:\/\/jinsuncarbon.com\/wp-content\/uploads\/2022\/12\/LOGO-1.png\",\"contentUrl\":\"https:\/\/jinsuncarbon.com\/wp-content\/uploads\/2022\/12\/LOGO-1.png\",\"width\":207,\"height\":80,\"caption\":\"Jinsun Carbon\"},\"image\":{\"@id\":\"https:\/\/jinsuncarbon.com\/#\/schema\/logo\/image\/\"},\"sameAs\":[\"https:\/\/www.facebook.com\/Graphite-Electrode-109336238661595\",\"https:\/\/x.com\/jinsuncarbon_\",\"https:\/\/www.linkedin.com\/in\/jinsungraphite\",\"https:\/\/www.youtube.com\/channel\/UCysDNyvyR5-3cCWEmpkVC0g\"]}]}<\/script>\n<!-- \/ Yoast SEO Premium plugin. -->","yoast_head_json":{"title":"\u00c7in'de Ultra \u0130nce Grafit Tozu \u00dcreticisi | Jinsun Carbon","description":"Sat\u0131l\u0131k Ultra \u0130nce Grafit Tozu, lityum iyon piller, yar\u0131 iletken litografi, refrakter malzemeler ve ya\u011flama alanlar\u0131nda kullan\u0131labilir.","robots":{"index":"index","follow":"follow","max-snippet":"max-snippet:-1","max-image-preview":"max-image-preview:large","max-video-preview":"max-video-preview:-1"},"canonical":"https:\/\/jinsuncarbon.com\/tr\/urun\/ultra-ince-grafit-tozu\/","og_locale":"tr_TR","og_type":"article","og_title":"Ultra Fine Graphite Powder","og_description":"Ultra Fine Graphite Powder for sale, it can be used in lithium-ion batteries, semiconductor lithography, refractory materials, and lubrication fields.","og_url":"https:\/\/jinsuncarbon.com\/tr\/urun\/ultra-ince-grafit-tozu\/","og_site_name":"Jinsun Carbon","article_publisher":"https:\/\/www.facebook.com\/Graphite-Electrode-109336238661595","article_modified_time":"2025-02-09T01:52:29+00:00","og_image":[{"width":1024,"height":763,"url":"https:\/\/jinsuncarbon.com\/wp-content\/uploads\/2025\/02\/ultra-fine-graphite-powder.jpg","type":"image\/jpeg"}],"twitter_card":"summary_large_image","twitter_site":"@jinsuncarbon_","twitter_misc":{"Tahmini okuma s\u00fcresi":"3 dakika"},"schema":{"@context":"https:\/\/schema.org","@graph":[{"@type":"WebPage","@id":"https:\/\/jinsuncarbon.com\/product\/ultra-fine-graphite-powder\/","url":"https:\/\/jinsuncarbon.com\/product\/ultra-fine-graphite-powder\/","name":"\u00c7in'de Ultra \u0130nce Grafit Tozu \u00dcreticisi | Jinsun Carbon","isPartOf":{"@id":"https:\/\/jinsuncarbon.com\/#website"},"primaryImageOfPage":{"@id":"https:\/\/jinsuncarbon.com\/product\/ultra-fine-graphite-powder\/#primaryimage"},"image":{"@id":"https:\/\/jinsuncarbon.com\/product\/ultra-fine-graphite-powder\/#primaryimage"},"thumbnailUrl":"https:\/\/jinsuncarbon.com\/wp-content\/uploads\/2025\/02\/ultra-fine-graphite-powder.jpg","datePublished":"2025-02-09T01:52:28+00:00","dateModified":"2025-02-09T01:52:29+00:00","description":"Sat\u0131l\u0131k Ultra \u0130nce Grafit Tozu, lityum iyon piller, yar\u0131 iletken litografi, refrakter malzemeler ve ya\u011flama alanlar\u0131nda kullan\u0131labilir.","breadcrumb":{"@id":"https:\/\/jinsuncarbon.com\/product\/ultra-fine-graphite-powder\/#breadcrumb"},"inLanguage":"tr","potentialAction":[{"@type":"ReadAction","target":["https:\/\/jinsuncarbon.com\/product\/ultra-fine-graphite-powder\/"]}]},{"@type":"ImageObject","inLanguage":"tr","@id":"https:\/\/jinsuncarbon.com\/product\/ultra-fine-graphite-powder\/#primaryimage","url":"https:\/\/jinsuncarbon.com\/wp-content\/uploads\/2025\/02\/ultra-fine-graphite-powder.jpg","contentUrl":"https:\/\/jinsuncarbon.com\/wp-content\/uploads\/2025\/02\/ultra-fine-graphite-powder.jpg","width":1024,"height":763,"caption":"ultra fine graphite powder"},{"@type":"BreadcrumbList","@id":"https:\/\/jinsuncarbon.com\/product\/ultra-fine-graphite-powder\/#breadcrumb","itemListElement":[{"@type":"ListItem","position":1,"name":"Home","item":"https:\/\/jinsuncarbon.com\/"},{"@type":"ListItem","position":2,"name":"Products","item":"https:\/\/jinsuncarbon.com\/graphite-carbon\/"},{"@type":"ListItem","position":3,"name":"Ultra Fine Graphite Powder"}]},{"@type":"WebSite","@id":"https:\/\/jinsuncarbon.com\/#website","url":"https:\/\/jinsuncarbon.com\/","name":"Jinsun Karbon","description":"\u00c7in'deki ba\u015far\u0131l\u0131 grafit elektrot \u00fcreticisiyiz","publisher":{"@id":"https:\/\/jinsuncarbon.com\/#organization"},"potentialAction":[{"@type":"SearchAction","target":{"@type":"EntryPoint","urlTemplate":"https:\/\/jinsuncarbon.com\/?s={search_term_string}"},"query-input":{"@type":"PropertyValueSpecification","valueRequired":true,"valueName":"search_term_string"}}],"inLanguage":"tr"},{"@type":"Organization","@id":"https:\/\/jinsuncarbon.com\/#organization","name":"Jinsun Karbon","alternateName":"Jinsun Carbon","url":"https:\/\/jinsuncarbon.com\/","logo":{"@type":"ImageObject","inLanguage":"tr","@id":"https:\/\/jinsuncarbon.com\/#\/schema\/logo\/image\/","url":"https:\/\/jinsuncarbon.com\/wp-content\/uploads\/2022\/12\/LOGO-1.png","contentUrl":"https:\/\/jinsuncarbon.com\/wp-content\/uploads\/2022\/12\/LOGO-1.png","width":207,"height":80,"caption":"Jinsun Carbon"},"image":{"@id":"https:\/\/jinsuncarbon.com\/#\/schema\/logo\/image\/"},"sameAs":["https:\/\/www.facebook.com\/Graphite-Electrode-109336238661595","https:\/\/x.com\/jinsuncarbon_","https:\/\/www.linkedin.com\/in\/jinsungraphite","https:\/\/www.youtube.com\/channel\/UCysDNyvyR5-3cCWEmpkVC0g"]}]}},"_links":{"self":[{"href":"https:\/\/jinsuncarbon.com\/tr\/wp-json\/wp\/v2\/product\/7536","targetHints":{"allow":["GET"]}}],"collection":[{"href":"https:\/\/jinsuncarbon.com\/tr\/wp-json\/wp\/v2\/product"}],"about":[{"href":"https:\/\/jinsuncarbon.com\/tr\/wp-json\/wp\/v2\/types\/product"}],"wp:featuredmedia":[{"embeddable":true,"href":"https:\/\/jinsuncarbon.com\/tr\/wp-json\/wp\/v2\/media\/7538"}],"wp:attachment":[{"href":"https:\/\/jinsuncarbon.com\/tr\/wp-json\/wp\/v2\/media?parent=7536"}],"wp:term":[{"taxonomy":"product_brand","embeddable":true,"href":"https:\/\/jinsuncarbon.com\/tr\/wp-json\/wp\/v2\/product_brand?post=7536"},{"taxonomy":"product_cat","embeddable":true,"href":"https:\/\/jinsuncarbon.com\/tr\/wp-json\/wp\/v2\/product_cat?post=7536"},{"taxonomy":"product_tag","embeddable":true,"href":"https:\/\/jinsuncarbon.com\/tr\/wp-json\/wp\/v2\/product_tag?post=7536"}],"curies":[{"name":"wp","href":"https:\/\/api.w.org\/{rel}","templated":true}]}}