{"id":7512,"date":"2025-02-08T03:01:29","date_gmt":"2025-02-08T03:01:29","guid":{"rendered":"https:\/\/jinsuncarbon.com\/?post_type=product&#038;p=7512"},"modified":"2025-02-08T03:01:31","modified_gmt":"2025-02-08T03:01:31","slug":"grafit-kabuk-ve-borulu-isi-esanjoru","status":"publish","type":"product","link":"https:\/\/jinsuncarbon.com\/tr\/urun\/grafit-kabuk-ve-borulu-isi-esanjoru\/","title":{"rendered":"Grafit Kabuk ve Borulu Is\u0131 E\u015fanj\u00f6r\u00fc"},"content":{"rendered":"<h2>Grafit kabuk ve borulu \u0131s\u0131 e\u015fanj\u00f6r\u00fcn\u00fcn faydalar\u0131<\/h2>\n<p>Grafit kabuk ve borulu \u0131s\u0131 e\u015fanj\u00f6r\u00fc, farkl\u0131 \u00fcretim sahalar\u0131nda kurulumu ve d\u00fczenlenmesi kolay olan s\u0131n\u0131rl\u0131 bir alanda geni\u015f bir \u0131s\u0131 de\u011fi\u015fim alan\u0131 elde edebilir. Ve bir\u00e7ok avantaj\u0131 vard\u0131r.<\/p>\n<p><strong><b>Son derece y\u00fcksek \u0131s\u0131 transfer verimlili\u011fi <\/b><\/strong><\/p>\n<p>K\u00fc\u00e7\u00fck bir s\u0131cakl\u0131k fark\u0131yla b\u00fcy\u00fck miktarda \u0131s\u0131 al\u0131\u015fveri\u015fi yapabilir.<\/p>\n<p><strong><b>Kararl\u0131 kimyasal \u00f6zellikler <\/b><\/strong><\/p>\n<p>Asit, alkali ve di\u011fer kimyasal maddelere kar\u015f\u0131 dayan\u0131kl\u0131d\u0131r. Ve g\u00fc\u00e7l\u00fc bir a\u015f\u0131nd\u0131r\u0131c\u0131 ortamda uzun s\u00fcre istikrarl\u0131 bir \u015fekilde \u00e7al\u0131\u015fabilir.<\/p>\n<p><strong><b>K\u00fc\u00e7\u00fck termal genle\u015fme katsay\u0131s\u0131 <\/b><\/strong><\/p>\n<p>S\u0131cakl\u0131k b\u00fcy\u00fck \u00f6l\u00e7\u00fcde dalgaland\u0131\u011f\u0131nda hala yap\u0131sal stabiliteyi koruyabilir ve deformasyon ve hasar kolay de\u011fildir.<\/p>\n<p><strong><b>\u0130yi y\u00fcksek s\u0131cakl\u0131k dayan\u0131m\u0131 <\/b><\/strong><\/p>\n<p>Uygulama aral\u0131\u011f\u0131n\u0131 geni\u015fleterek daha y\u00fcksek s\u0131cakl\u0131ktaki proses s\u0131v\u0131lar\u0131na dayanabilir. Baz\u0131 y\u00fcksek s\u0131cakl\u0131klarda, g\u00fc\u00e7l\u00fc korozyon kimyasal reaksiyon i\u015flemlerinde, \u0131s\u0131 de\u011fi\u015fim g\u00f6revini g\u00fcvenilir bir \u015fekilde tamamlayabilir. \u00dcretimin s\u00fcreklili\u011fini ve istikrar\u0131n\u0131 sa\u011flamak i\u00e7in.<\/p>\n<p>&nbsp;<\/p>\n<p>Ayr\u0131ca, \u00f6zel kullan\u0131m ortam\u0131na ve performans gereksinimlerine g\u00f6re farkl\u0131 tipler se\u00e7ebilirsiniz. Sabit boru plakas\u0131 gibi <a href=\"https:\/\/jinsuncarbon.com\/tr\/urun\/satilik-grafit-tup\/\">grafit t\u00fcp<\/a> ve kabuk \u0131s\u0131 e\u015fanj\u00f6r\u00fc, y\u00fczer kafa grafit t\u00fcp ve kabuk \u0131s\u0131 e\u015fanj\u00f6r\u00fc, U-\u015fekilli t\u00fcp ve kabuk \u0131s\u0131 e\u015fanj\u00f6r\u00fc veya grafit t\u00fcp ve kabuk \u0131s\u0131 e\u015fanj\u00f6r\u00fcn\u00fcn di\u011fer \u00f6zel yap\u0131sal tasar\u0131m\u0131.<\/p>\n<p><strong><b>\u00a0<\/b><\/strong><\/p>\n<h2>Grafit kabuk ve borulu \u0131s\u0131 e\u015fanj\u00f6rlerinin kullan\u0131m alanlar\u0131<\/h2>\n<h3>Kimya end\u00fcstrisi<\/h3>\n<p><strong><b>R<\/b><\/strong><strong><b>eaksiyon \u0131s\u0131 de\u011fi\u015fimi: <\/b><\/strong><\/p>\n<p>S\u00fclf\u00fcrik asit, nitrik asit ve di\u011fer g\u00fc\u00e7l\u00fc asit \u00fcretimi, reaksiyon gaz\u0131 \u0131s\u0131s\u0131n\u0131n so\u011futma geri kazan\u0131m\u0131 i\u00e7in kullanabilirsiniz. Ayr\u0131ca organik sentetik malzemeler, so\u011futma i\u00e7in de kullanabilirsiniz.<\/p>\n<p>&nbsp;<\/p>\n<p><strong><b>Dam\u0131tma ve rektifikasyon:<\/b><\/strong><\/p>\n<p>Petrokimyasal dam\u0131tma i\u015fleminde, rektifikasyon, bir <a href=\"https:\/\/en.wikipedia.org\/wiki\/Condenser_(heat_transfer)#:~:text=A%20condenser%20is%20designed%20to,a%20vapor%20into%20a%20liquid.\" target=\"_blank\" rel=\"noopener\">kondansat\u00f6r<\/a> veya yeniden kaynat\u0131c\u0131, malzeme ayr\u0131m\u0131 ve safla\u015ft\u0131rma elde etmek i\u00e7in.<\/p>\n<p>&nbsp;<\/p>\n<p><strong><b>Malzeme nakliyesi: <\/b><\/strong><\/p>\n<p>Ta\u015f\u0131may\u0131 sa\u011flamak ve kristalle\u015fmeyi ve kat\u0131la\u015fmay\u0131 \u00f6nlemek i\u00e7in y\u00fcksek derecede a\u015f\u0131nd\u0131r\u0131c\u0131 kimyasal malzemeleri \u0131s\u0131tabilir veya so\u011futabilir.<\/p>\n<p>&nbsp;<\/p>\n<h3>Elektronik alan<\/h3>\n<p><strong><b>C<\/b><\/strong><strong><b>Kal\u00e7a \u00fcretimi: <\/b><\/strong><\/p>\n<p>Fotolitografi ve a\u015f\u0131nd\u0131rma i\u015fleminde, ultra saf geli\u015ftirici ve a\u015f\u0131nd\u0131rma s\u0131v\u0131s\u0131n\u0131n s\u0131cakl\u0131\u011f\u0131n\u0131 hassas bir \u015fekilde kontrol edebilir. \u00c7ip \u00fcretiminin hassasiyetini sa\u011flamak i\u00e7in.<\/p>\n<p>&nbsp;<\/p>\n<p><strong><b>Ekipman so\u011futma: <\/b><\/strong><\/p>\n<p>Elektronik ekipman \u00fcretimi so\u011futma sistemleri i\u00e7in korozif so\u011futucu \u0131s\u0131 transferi, ekipman \u00f6mr\u00fcn\u00fc uzat\u0131r.<\/p>\n<p>&nbsp;<\/p>\n<h3>Yeni enerji alan\u0131<\/h3>\n<p><strong><b>lityum pil \u00fcretimi: <\/b><\/strong><\/p>\n<p>Lityum pil elektroliti haz\u0131rland\u0131\u011f\u0131nda, a\u015f\u0131nd\u0131r\u0131c\u0131 hammaddelerin ve ara \u00fcr\u00fcnlerin s\u0131cakl\u0131\u011f\u0131n\u0131 kontrol edebilir. Elektrolitin performans\u0131n\u0131 ve kalitesini sa\u011flamak i\u00e7in.<\/p>\n<p>&nbsp;<\/p>\n<p><strong><b>Hidrojen enerjisi end\u00fcstrisi: <\/b><\/strong><\/p>\n<p>\u00dcretmek i\u00e7in suyu elektrolize ederken <a href=\"https:\/\/en.wikipedia.org\/wiki\/Hydrogen\" target=\"_blank\" rel=\"noopener\">Hidrojen<\/a>Elektrolitik h\u00fccreyi so\u011futmak veya elektrolitin s\u0131cakl\u0131\u011f\u0131n\u0131 ayarlamak i\u00e7in kullanabilirsiniz. Hidrojenin verimlili\u011fini ve safl\u0131\u011f\u0131n\u0131 art\u0131rmak i\u00e7in.<\/p>\n<p>&nbsp;<\/p>\n<h3>Eczac\u0131l\u0131k alan\u0131<\/h3>\n<p><strong><b>D<\/b><\/strong><strong><b>Hal\u0131 sentezi: <\/b><\/strong><\/p>\n<p>Antibiyotiklerin, vitaminlerin ve di\u011fer ila\u00e7 sentezi reaksiyon malzemelerinin s\u0131cakl\u0131\u011f\u0131n\u0131 kontrol edebilir, d\u00f6n\u00fc\u015f\u00fcm oran\u0131n\u0131 ve \u00fcr\u00fcn kalitesini art\u0131rabilir.<\/p>\n<p>&nbsp;<\/p>\n<p><strong><b>Konsantre kristalle\u015fme: <\/b><\/strong><\/p>\n<p>\u0130lac\u0131n konsantrasyonu ve kristalizasyonu s\u0131ras\u0131nda \u00e7\u00f6zelti s\u0131cakl\u0131\u011f\u0131n\u0131 hassas bir \u015fekilde kontrol etmek i\u00e7in kullanabilirsiniz. \u0130lac\u0131n safl\u0131\u011f\u0131n\u0131 ve kristal formunu sa\u011flamak i\u00e7in.<\/p>\n<p>&nbsp;<\/p>\n<h3>\u00c7evre koruma<\/h3>\n<p><strong><b>W<\/b><\/strong><strong><b>su ar\u0131t\u0131m\u0131: <\/b><\/strong><\/p>\n<p>Kullanabilirsiniz <a href=\"https:\/\/jinsuncarbon.com\/tr\/grafi%cc%87t-isi-esanjoru-nedi%cc%87r\/\">grafit \u0131s\u0131 e\u015fanj\u00f6r\u00fc<\/a> Asit ve alkali i\u00e7eren end\u00fcstriyel at\u0131k sular\u0131, \u00f6n \u0131s\u0131tma veya so\u011futma at\u0131k sular\u0131n\u0131 ar\u0131tmak i\u00e7in kullan\u0131l\u0131r. Ar\u0131tma verimlili\u011fini art\u0131rabilir ve maliyetleri azaltabilir.<\/p>\n<p>&nbsp;<\/p>\n<p><strong><b>At\u0131k gaz ar\u0131t\u0131m\u0131: <\/b><\/strong><\/p>\n<p>At\u0131k gaz k\u00fck\u00fcrt giderme, denitrifikasyon absorpsiyon s\u0131v\u0131s\u0131n\u0131 so\u011futabilir, absorpsiyon etkisini art\u0131rabilir, zararl\u0131 gaz emisyonlar\u0131n\u0131 azaltabilir.<\/p>\n<p>&nbsp;<\/p>","protected":false},"excerpt":{"rendered":"<p>Grafit kabuk ve borulu \u0131s\u0131 e\u015fanj\u00f6r\u00fc, grafitin m\u00fckemmel \u00f6zelliklerini kullanarak \u0131s\u0131 al\u0131\u015fveri\u015fini ger\u00e7ekle\u015ftiren bir ekipman t\u00fcr\u00fcd\u00fcr. Bir t\u00fcp demeti ve grafitten yap\u0131lm\u0131\u015f bir kabuktan olu\u015fur. Termal iletkenli\u011fi, kimyasal kararl\u0131l\u0131\u011f\u0131 ve korozyon direnci ile reaksiyon s\u0131v\u0131s\u0131n\u0131n so\u011futulmas\u0131, ila\u00e7 konsantrasyon i\u015flemi s\u0131ras\u0131nda \u0131s\u0131 al\u0131\u015fveri\u015fi vb. i\u00e7in kullanabilirsiniz. Ve bu \u0131s\u0131 e\u015fanj\u00f6r\u00fc, korozyon direncinin ve \u0131s\u0131 transferinin kritik oldu\u011fu bir\u00e7ok end\u00fcstride iyi performans g\u00f6sterir ve karma\u015f\u0131k ko\u015fullar alt\u0131nda \u0131s\u0131 de\u011fi\u015fimi ihtiya\u00e7lar\u0131n\u0131n \u00fcstesinden gelmek i\u00e7in idealdir.<\/p>\n<p>&nbsp;<\/p>\n<p>Farkl\u0131 \u00e7al\u0131\u015fma ko\u015fullar\u0131na ve proses gereksinimlerine g\u00f6re boru \u00e7ap\u0131, boru uzunlu\u011fu, boru demeti d\u00fczenlemesi ve kabuk boyutu \u00f6zelle\u015ftirilebilir. \u00c7e\u015fitli karma\u015f\u0131k \u0131s\u0131 de\u011fi\u015fim ihtiya\u00e7lar\u0131n\u0131 kar\u015f\u0131lamak i\u00e7in.<\/p>","protected":false},"featured_media":7521,"template":"","meta":[],"product_brand":[],"product_cat":[38],"product_tag":[],"class_list":{"0":"post-7512","1":"product","2":"type-product","3":"status-publish","4":"has-post-thumbnail","6":"product_cat-graphite-products","8":"first","9":"instock","10":"shipping-taxable","11":"product-type-simple"},"yoast_head":"<!-- This site is optimized with the Yoast SEO Premium plugin v19.2.1 (Yoast SEO v25.3) - https:\/\/yoast.com\/wordpress\/plugins\/seo\/ -->\n<title>Graphite\u00a0Shell and Tube Heat Exchanger | Jinsun Carbon<\/title>\n<meta name=\"description\" content=\"Graphite shell and tube heat exchanger manufacturer in China, It is primarily used in industrial applications where highly corrosive fluids need to be heated or cooled.\" \/>\n<meta name=\"robots\" content=\"index, follow, max-snippet:-1, max-image-preview:large, max-video-preview:-1\" \/>\n<link rel=\"canonical\" href=\"https:\/\/jinsuncarbon.com\/tr\/urun\/grafit-kabuk-ve-borulu-isi-esanjoru\/\" \/>\n<meta property=\"og:locale\" content=\"tr_TR\" \/>\n<meta property=\"og:type\" content=\"article\" \/>\n<meta property=\"og:title\" content=\"Graphite\u00a0Shell and Tube Heat Exchanger\" \/>\n<meta property=\"og:description\" content=\"Graphite shell and tube heat exchanger manufacturer in China, It is primarily used in industrial applications where highly corrosive fluids need to be heated or cooled.\" \/>\n<meta property=\"og:url\" content=\"https:\/\/jinsuncarbon.com\/tr\/urun\/grafit-kabuk-ve-borulu-isi-esanjoru\/\" \/>\n<meta property=\"og:site_name\" content=\"Jinsun Carbon\" \/>\n<meta property=\"article:publisher\" content=\"https:\/\/www.facebook.com\/Graphite-Electrode-109336238661595\" \/>\n<meta property=\"article:modified_time\" content=\"2025-02-08T03:01:31+00:00\" \/>\n<meta property=\"og:image\" content=\"https:\/\/jinsuncarbon.com\/wp-content\/uploads\/2025\/02\/graphite-shell-and-tube-heat-exchanger.jpg\" \/>\n\t<meta property=\"og:image:width\" content=\"1024\" \/>\n\t<meta property=\"og:image:height\" content=\"763\" \/>\n\t<meta property=\"og:image:type\" content=\"image\/jpeg\" \/>\n<meta name=\"twitter:card\" content=\"summary_large_image\" \/>\n<meta name=\"twitter:site\" content=\"@jinsuncarbon_\" \/>\n<meta name=\"twitter:label1\" content=\"Tahmini okuma s\u00fcresi\" \/>\n\t<meta name=\"twitter:data1\" content=\"3 dakika\" \/>\n<script type=\"application\/ld+json\" class=\"yoast-schema-graph\">{\"@context\":\"https:\/\/schema.org\",\"@graph\":[{\"@type\":\"WebPage\",\"@id\":\"https:\/\/jinsuncarbon.com\/product\/graphite-shell-and-tube-heat-exchanger\/\",\"url\":\"https:\/\/jinsuncarbon.com\/product\/graphite-shell-and-tube-heat-exchanger\/\",\"name\":\"Graphite\u00a0Shell and Tube Heat Exchanger | Jinsun Carbon\",\"isPartOf\":{\"@id\":\"https:\/\/jinsuncarbon.com\/#website\"},\"primaryImageOfPage\":{\"@id\":\"https:\/\/jinsuncarbon.com\/product\/graphite-shell-and-tube-heat-exchanger\/#primaryimage\"},\"image\":{\"@id\":\"https:\/\/jinsuncarbon.com\/product\/graphite-shell-and-tube-heat-exchanger\/#primaryimage\"},\"thumbnailUrl\":\"https:\/\/jinsuncarbon.com\/wp-content\/uploads\/2025\/02\/graphite-shell-and-tube-heat-exchanger.jpg\",\"datePublished\":\"2025-02-08T03:01:29+00:00\",\"dateModified\":\"2025-02-08T03:01:31+00:00\",\"description\":\"Graphite shell and tube heat exchanger manufacturer in China, It is primarily used in industrial applications where highly corrosive fluids need to be heated or cooled.\",\"breadcrumb\":{\"@id\":\"https:\/\/jinsuncarbon.com\/product\/graphite-shell-and-tube-heat-exchanger\/#breadcrumb\"},\"inLanguage\":\"tr\",\"potentialAction\":[{\"@type\":\"ReadAction\",\"target\":[\"https:\/\/jinsuncarbon.com\/product\/graphite-shell-and-tube-heat-exchanger\/\"]}]},{\"@type\":\"ImageObject\",\"inLanguage\":\"tr\",\"@id\":\"https:\/\/jinsuncarbon.com\/product\/graphite-shell-and-tube-heat-exchanger\/#primaryimage\",\"url\":\"https:\/\/jinsuncarbon.com\/wp-content\/uploads\/2025\/02\/graphite-shell-and-tube-heat-exchanger.jpg\",\"contentUrl\":\"https:\/\/jinsuncarbon.com\/wp-content\/uploads\/2025\/02\/graphite-shell-and-tube-heat-exchanger.jpg\",\"width\":1024,\"height\":763,\"caption\":\"Graphite shell and tube heat exchanger\"},{\"@type\":\"BreadcrumbList\",\"@id\":\"https:\/\/jinsuncarbon.com\/product\/graphite-shell-and-tube-heat-exchanger\/#breadcrumb\",\"itemListElement\":[{\"@type\":\"ListItem\",\"position\":1,\"name\":\"Home\",\"item\":\"https:\/\/jinsuncarbon.com\/\"},{\"@type\":\"ListItem\",\"position\":2,\"name\":\"Products\",\"item\":\"https:\/\/jinsuncarbon.com\/graphite-carbon\/\"},{\"@type\":\"ListItem\",\"position\":3,\"name\":\"Graphite\u00a0Shell and Tube Heat Exchanger\"}]},{\"@type\":\"WebSite\",\"@id\":\"https:\/\/jinsuncarbon.com\/#website\",\"url\":\"https:\/\/jinsuncarbon.com\/\",\"name\":\"Jinsun Carbon\",\"description\":\"We are the successful graphite electrode manufacturer in China\",\"publisher\":{\"@id\":\"https:\/\/jinsuncarbon.com\/#organization\"},\"potentialAction\":[{\"@type\":\"SearchAction\",\"target\":{\"@type\":\"EntryPoint\",\"urlTemplate\":\"https:\/\/jinsuncarbon.com\/?s={search_term_string}\"},\"query-input\":{\"@type\":\"PropertyValueSpecification\",\"valueRequired\":true,\"valueName\":\"search_term_string\"}}],\"inLanguage\":\"tr\"},{\"@type\":\"Organization\",\"@id\":\"https:\/\/jinsuncarbon.com\/#organization\",\"name\":\"Jinsun Carbon\",\"alternateName\":\"Jinsun Carbon\",\"url\":\"https:\/\/jinsuncarbon.com\/\",\"logo\":{\"@type\":\"ImageObject\",\"inLanguage\":\"tr\",\"@id\":\"https:\/\/jinsuncarbon.com\/#\/schema\/logo\/image\/\",\"url\":\"https:\/\/jinsuncarbon.com\/wp-content\/uploads\/2022\/12\/LOGO-1.png\",\"contentUrl\":\"https:\/\/jinsuncarbon.com\/wp-content\/uploads\/2022\/12\/LOGO-1.png\",\"width\":207,\"height\":80,\"caption\":\"Jinsun Carbon\"},\"image\":{\"@id\":\"https:\/\/jinsuncarbon.com\/#\/schema\/logo\/image\/\"},\"sameAs\":[\"https:\/\/www.facebook.com\/Graphite-Electrode-109336238661595\",\"https:\/\/x.com\/jinsuncarbon_\",\"https:\/\/www.linkedin.com\/in\/jinsungraphite\",\"https:\/\/www.youtube.com\/channel\/UCysDNyvyR5-3cCWEmpkVC0g\"]}]}<\/script>\n<!-- \/ Yoast SEO Premium plugin. -->","yoast_head_json":{"title":"Grafit Kabuk ve Borulu E\u015fanj\u00f6r | Jinsun Carbon","description":"\u00c7in'deki grafit kabuk ve borulu \u0131s\u0131 e\u015fanj\u00f6r\u00fc \u00fcreticisi, \u00d6ncelikle y\u00fcksek derecede a\u015f\u0131nd\u0131r\u0131c\u0131 s\u0131v\u0131lar\u0131n \u0131s\u0131t\u0131lmas\u0131 veya so\u011futulmas\u0131 gereken end\u00fcstriyel uygulamalarda kullan\u0131l\u0131r.","robots":{"index":"index","follow":"follow","max-snippet":"max-snippet:-1","max-image-preview":"max-image-preview:large","max-video-preview":"max-video-preview:-1"},"canonical":"https:\/\/jinsuncarbon.com\/tr\/urun\/grafit-kabuk-ve-borulu-isi-esanjoru\/","og_locale":"tr_TR","og_type":"article","og_title":"Graphite\u00a0Shell and Tube Heat Exchanger","og_description":"Graphite shell and tube heat exchanger manufacturer in China, It is primarily used in industrial applications where highly corrosive fluids need to be heated or cooled.","og_url":"https:\/\/jinsuncarbon.com\/tr\/urun\/grafit-kabuk-ve-borulu-isi-esanjoru\/","og_site_name":"Jinsun Carbon","article_publisher":"https:\/\/www.facebook.com\/Graphite-Electrode-109336238661595","article_modified_time":"2025-02-08T03:01:31+00:00","og_image":[{"width":1024,"height":763,"url":"https:\/\/jinsuncarbon.com\/wp-content\/uploads\/2025\/02\/graphite-shell-and-tube-heat-exchanger.jpg","type":"image\/jpeg"}],"twitter_card":"summary_large_image","twitter_site":"@jinsuncarbon_","twitter_misc":{"Tahmini okuma s\u00fcresi":"3 dakika"},"schema":{"@context":"https:\/\/schema.org","@graph":[{"@type":"WebPage","@id":"https:\/\/jinsuncarbon.com\/product\/graphite-shell-and-tube-heat-exchanger\/","url":"https:\/\/jinsuncarbon.com\/product\/graphite-shell-and-tube-heat-exchanger\/","name":"Grafit Kabuk ve Borulu E\u015fanj\u00f6r | Jinsun Carbon","isPartOf":{"@id":"https:\/\/jinsuncarbon.com\/#website"},"primaryImageOfPage":{"@id":"https:\/\/jinsuncarbon.com\/product\/graphite-shell-and-tube-heat-exchanger\/#primaryimage"},"image":{"@id":"https:\/\/jinsuncarbon.com\/product\/graphite-shell-and-tube-heat-exchanger\/#primaryimage"},"thumbnailUrl":"https:\/\/jinsuncarbon.com\/wp-content\/uploads\/2025\/02\/graphite-shell-and-tube-heat-exchanger.jpg","datePublished":"2025-02-08T03:01:29+00:00","dateModified":"2025-02-08T03:01:31+00:00","description":"\u00c7in'deki grafit kabuk ve borulu \u0131s\u0131 e\u015fanj\u00f6r\u00fc \u00fcreticisi, \u00d6ncelikle y\u00fcksek derecede a\u015f\u0131nd\u0131r\u0131c\u0131 s\u0131v\u0131lar\u0131n \u0131s\u0131t\u0131lmas\u0131 veya so\u011futulmas\u0131 gereken end\u00fcstriyel uygulamalarda kullan\u0131l\u0131r.","breadcrumb":{"@id":"https:\/\/jinsuncarbon.com\/product\/graphite-shell-and-tube-heat-exchanger\/#breadcrumb"},"inLanguage":"tr","potentialAction":[{"@type":"ReadAction","target":["https:\/\/jinsuncarbon.com\/product\/graphite-shell-and-tube-heat-exchanger\/"]}]},{"@type":"ImageObject","inLanguage":"tr","@id":"https:\/\/jinsuncarbon.com\/product\/graphite-shell-and-tube-heat-exchanger\/#primaryimage","url":"https:\/\/jinsuncarbon.com\/wp-content\/uploads\/2025\/02\/graphite-shell-and-tube-heat-exchanger.jpg","contentUrl":"https:\/\/jinsuncarbon.com\/wp-content\/uploads\/2025\/02\/graphite-shell-and-tube-heat-exchanger.jpg","width":1024,"height":763,"caption":"Graphite shell and tube heat exchanger"},{"@type":"BreadcrumbList","@id":"https:\/\/jinsuncarbon.com\/product\/graphite-shell-and-tube-heat-exchanger\/#breadcrumb","itemListElement":[{"@type":"ListItem","position":1,"name":"Home","item":"https:\/\/jinsuncarbon.com\/"},{"@type":"ListItem","position":2,"name":"Products","item":"https:\/\/jinsuncarbon.com\/graphite-carbon\/"},{"@type":"ListItem","position":3,"name":"Graphite\u00a0Shell and Tube Heat Exchanger"}]},{"@type":"WebSite","@id":"https:\/\/jinsuncarbon.com\/#website","url":"https:\/\/jinsuncarbon.com\/","name":"Jinsun Karbon","description":"\u00c7in'deki ba\u015far\u0131l\u0131 grafit elektrot \u00fcreticisiyiz","publisher":{"@id":"https:\/\/jinsuncarbon.com\/#organization"},"potentialAction":[{"@type":"SearchAction","target":{"@type":"EntryPoint","urlTemplate":"https:\/\/jinsuncarbon.com\/?s={search_term_string}"},"query-input":{"@type":"PropertyValueSpecification","valueRequired":true,"valueName":"search_term_string"}}],"inLanguage":"tr"},{"@type":"Organization","@id":"https:\/\/jinsuncarbon.com\/#organization","name":"Jinsun Karbon","alternateName":"Jinsun Carbon","url":"https:\/\/jinsuncarbon.com\/","logo":{"@type":"ImageObject","inLanguage":"tr","@id":"https:\/\/jinsuncarbon.com\/#\/schema\/logo\/image\/","url":"https:\/\/jinsuncarbon.com\/wp-content\/uploads\/2022\/12\/LOGO-1.png","contentUrl":"https:\/\/jinsuncarbon.com\/wp-content\/uploads\/2022\/12\/LOGO-1.png","width":207,"height":80,"caption":"Jinsun Carbon"},"image":{"@id":"https:\/\/jinsuncarbon.com\/#\/schema\/logo\/image\/"},"sameAs":["https:\/\/www.facebook.com\/Graphite-Electrode-109336238661595","https:\/\/x.com\/jinsuncarbon_","https:\/\/www.linkedin.com\/in\/jinsungraphite","https:\/\/www.youtube.com\/channel\/UCysDNyvyR5-3cCWEmpkVC0g"]}]}},"_links":{"self":[{"href":"https:\/\/jinsuncarbon.com\/tr\/wp-json\/wp\/v2\/product\/7512","targetHints":{"allow":["GET"]}}],"collection":[{"href":"https:\/\/jinsuncarbon.com\/tr\/wp-json\/wp\/v2\/product"}],"about":[{"href":"https:\/\/jinsuncarbon.com\/tr\/wp-json\/wp\/v2\/types\/product"}],"wp:featuredmedia":[{"embeddable":true,"href":"https:\/\/jinsuncarbon.com\/tr\/wp-json\/wp\/v2\/media\/7521"}],"wp:attachment":[{"href":"https:\/\/jinsuncarbon.com\/tr\/wp-json\/wp\/v2\/media?parent=7512"}],"wp:term":[{"taxonomy":"product_brand","embeddable":true,"href":"https:\/\/jinsuncarbon.com\/tr\/wp-json\/wp\/v2\/product_brand?post=7512"},{"taxonomy":"product_cat","embeddable":true,"href":"https:\/\/jinsuncarbon.com\/tr\/wp-json\/wp\/v2\/product_cat?post=7512"},{"taxonomy":"product_tag","embeddable":true,"href":"https:\/\/jinsuncarbon.com\/tr\/wp-json\/wp\/v2\/product_tag?post=7512"}],"curies":[{"name":"wp","href":"https:\/\/api.w.org\/{rel}","templated":true}]}}