{"id":7511,"date":"2025-02-07T22:55:11","date_gmt":"2025-02-07T22:55:11","guid":{"rendered":"https:\/\/jinsuncarbon.com\/?post_type=product&#038;p=7511"},"modified":"2025-02-07T23:02:52","modified_gmt":"2025-02-07T23:02:52","slug":"grafit-conta-halkasi","status":"publish","type":"product","link":"https:\/\/jinsuncarbon.com\/tr\/urun\/grafit-conta-halkasi\/","title":{"rendered":"Grafit Conta Halkas\u0131"},"content":{"rendered":"<h2>Grafit Conta Halkas\u0131 \u00dcreticileri<\/h2>\n<p>Grafit s\u0131zd\u0131rmazl\u0131k halkas\u0131 genellikle dairesel bir halka yap\u0131s\u0131d\u0131r. Avantajlar\u0131 ola\u011fan\u00fcst\u00fcd\u00fcr.<\/p>\n<p><strong><b>M\u00fckemmel kimyasal stabilite<\/b><\/strong><\/p>\n<p>\u00c7o\u011fu kimyasal maddeye kar\u015f\u0131 inerttir ve korozif ortamda uzun s\u00fcre kullan\u0131labilir.<\/p>\n<p><strong><b>M\u00fckemmel y\u00fcksek s\u0131cakl\u0131k dayan\u0131m\u0131<\/b><\/strong><\/p>\n<p>Y\u00fcksek s\u0131cakl\u0131k ko\u015fullar\u0131 i\u00e7in uygun olan 800\u00b0C veya daha y\u00fcksek s\u0131cakl\u0131\u011fa kadar dayanabilir.<\/p>\n<p><strong><b>D\u00fc\u015f\u00fck s\u00fcrt\u00fcnme katsay\u0131s\u0131<\/b><\/strong><\/p>\n<p>S\u0131zd\u0131rmazl\u0131k y\u00fczeyi aras\u0131ndaki s\u00fcrt\u00fcnmeyi etkili bir \u015fekilde azaltabilir, enerji t\u00fcketimini azaltabilir. Ve kendinden ya\u011flama \u00f6zelliklerine sahiptir, ek ya\u011flama gerektirmez, bak\u0131m maliyetlerini azalt\u0131r.<\/p>\n<p><strong><b>\u0130yi esneklik<\/b><\/strong><\/p>\n<p>Uzun s\u00fcreli s\u0131k\u0131\u015ft\u0131rma veya titre\u015fim ortam\u0131nda bile s\u0131k\u0131 bir s\u0131zd\u0131rmazl\u0131k sa\u011flayabilir.<\/p>\n<p>&nbsp;<\/p>\n<p>Ayr\u0131ca s\u0131zd\u0131rmazl\u0131k \u00f6zellikleri bas\u0131n\u00e7 dalgalanmalar\u0131ndan etkilenmez ve farkl\u0131 bas\u0131n\u00e7 ko\u015fullar\u0131nda kararl\u0131 bir \u015fekilde \u00e7al\u0131\u015fabilir.<\/p>\n<p><strong><b>\u00a0<\/b><\/strong><\/p>\n<h2>Grafit conta halkas\u0131 \u00e7e\u015fitleri<\/h2>\n<p><strong><b>S\u0131radan preslenmi\u015f grafit conta halkas\u0131: <\/b><\/strong><\/p>\n<p>Geleneksel presleme i\u015fleminin kullan\u0131m\u0131, d\u00fc\u015f\u00fck \u00fcretim maliyeti, genel end\u00fcstriyel ekipman s\u0131zd\u0131rmazl\u0131\u011f\u0131 i\u00e7in uygundur. S\u0131radan boru ba\u011flant\u0131s\u0131, genel pompa g\u00f6vdesi contas\u0131 vb. Yayg\u0131n su, hava, zay\u0131f a\u015f\u0131nd\u0131r\u0131c\u0131 gaz ve di\u011fer ortam s\u0131zd\u0131rmazl\u0131k ihtiya\u00e7lar\u0131n\u0131 kar\u015f\u0131layabilir.<\/p>\n<p><strong><b>\u00a0<\/b><\/strong><\/p>\n<p><strong><b>Emprenyeli grafit conta halkas\u0131: <\/b><\/strong><\/p>\n<p>\u00d6zel emprenye i\u015fleminden sonra re\u00e7ine, metal ve di\u011fer maddeler grafit g\u00f6zeneklerine doldurularak mekanik mukavemeti ve korozyon direnci artt\u0131r\u0131l\u0131r. Genellikle kimya, petrol ve di\u011fer end\u00fcstrilerde y\u00fcksek derecede a\u015f\u0131nd\u0131r\u0131c\u0131 s\u0131v\u0131lar\u0131 veya gazlar\u0131 kapatmak i\u00e7in kullanabilirsiniz. S\u00fclf\u00fcrik asit gibi, <a href=\"https:\/\/en.wikipedia.org\/wiki\/Hydrochloric_acid\" target=\"_blank\" rel=\"noopener\">Hidroklorik<\/a> asit ve di\u011fer ortamlar.<\/p>\n<p><strong><b>\u00a0<\/b><\/strong><\/p>\n<p><strong><b>Sinterlenmi\u015f grafit conta halkas\u0131: <\/b><\/strong><\/p>\n<p>Y\u00fcksek s\u0131cakl\u0131kta sinterleme i\u015flemi ile \u00fcretilmi\u015ftir, daha y\u00fcksek <a href=\"https:\/\/jinsuncarbon.com\/tr\/grafitin-yogunlugu-nedir\/\">yo\u011funluk<\/a> ve sertlik, m\u00fckemmel a\u015f\u0131nma direnci. Y\u00fcksek h\u0131zl\u0131 d\u00f6nen mekanik salmastra par\u00e7alar\u0131 gibi y\u00fcksek h\u0131z, y\u00fcksek bas\u0131n\u00e7 ve s\u0131k\u0131 s\u0131zd\u0131rmazl\u0131k gereksinimleri i\u00e7in uygundur.<\/p>\n<p><strong><b>\u00a0<\/b><\/strong><\/p>\n<h2>Grafit conta halkas\u0131n\u0131n kullan\u0131m alanlar\u0131<\/h2>\n<p><strong><b>Petrokimya end\u00fcstrisi:<\/b><\/strong><\/p>\n<p>Rafineri \u00fcnitelerinde, kimyasal reakt\u00f6rlerde, boru hatt\u0131 vanalar\u0131nda ve di\u011fer ekipmanlarda, \u00e7e\u015fitli a\u015f\u0131nd\u0131r\u0131c\u0131 s\u0131v\u0131lar\u0131, gazlar\u0131 kapatmak i\u00e7in kullanabilirsiniz. Ham petrol, rafine petrol, organik bile\u015fikler vb. gibi, ortam s\u0131z\u0131nt\u0131s\u0131n\u0131 \u00f6nlemek, g\u00fcvenli \u00fcretim sa\u011flamak i\u00e7in.<\/p>\n<p>&nbsp;<\/p>\n<p><strong><b>Enerji end\u00fcstrisi: <\/b><\/strong><\/p>\n<p>Grafit conta halkas\u0131n\u0131 buhar t\u00fcrbini, su pompas\u0131, boru hatt\u0131 ve di\u011fer par\u00e7alarda, buhar, su, kimyasal maddeler ve di\u011fer ortamlar\u0131n s\u0131zd\u0131rmazl\u0131\u011f\u0131nda kullanabilirsiniz. Enerji \u00fcretim ekipman\u0131n\u0131n verimli ve istikrarl\u0131 \u00e7al\u0131\u015fmas\u0131n\u0131 sa\u011flamak, enerji t\u00fcketimini ve \u00e7evre kirlili\u011fini azaltmak i\u00e7in.<\/p>\n<p>&nbsp;<\/p>\n<p><strong><b>Makine imalat sanayi: <\/b><\/strong><\/p>\n<p>Kompres\u00f6rler, pompalar, hidrolik silindirler vb. gibi \u00e7e\u015fitli mekanik ekipmanlar\u0131n d\u00f6nen \u015faft\u0131nda ve pistonlu par\u00e7alar\u0131nda s\u0131zd\u0131rmazl\u0131k ve toz ge\u00e7irmezlik rol\u00fc oynar. Ekipman a\u015f\u0131nmas\u0131n\u0131 azalt\u0131r, hizmet \u00f6mr\u00fcn\u00fc uzat\u0131r ve mekanik verimlili\u011fi art\u0131r\u0131r.<\/p>\n<p>&nbsp;<\/p>\n<p><strong><b>Otomotiv imalat sanayi: <\/b><\/strong><\/p>\n<p>Kullanabilirsiniz <a href=\"https:\/\/jinsuncarbon.com\/tr\/urun\/grafit-yuzuk\/\">grafit halkalar<\/a> otomotiv motoru, \u015fanz\u0131man ve fren sistemi gibi temel bile\u015fenlerin s\u0131zd\u0131rmazl\u0131\u011f\u0131 i\u00e7in kullan\u0131l\u0131r. Motor g\u00fcc\u00fc \u00e7\u0131k\u0131\u015f\u0131n\u0131, \u015fanz\u0131man\u0131n sorunsuz ge\u00e7i\u015fini ve fren sisteminin g\u00fcvenilirli\u011fini sa\u011flamak i\u00e7in. Ve ara\u00e7lar\u0131n genel performans\u0131n\u0131 ve g\u00fcvenli\u011fini art\u0131rmak.<\/p>\n<p>&nbsp;<\/p>\n<p><strong><b>Havac\u0131l\u0131k ve uzay alan\u0131: <\/b><\/strong><\/p>\n<p>Y\u00fcksek s\u0131cakl\u0131k direnci, d\u00fc\u015f\u00fck s\u0131cakl\u0131k direnci, hafifli\u011fi ve di\u011fer \u00f6zellikleri ile zorlu ortamlarda havac\u0131l\u0131k ekipmanlar\u0131n\u0131n s\u0131zd\u0131rmazl\u0131k gereksinimlerini kar\u015f\u0131lar. \u00d6rne\u011fin <a href=\"https:\/\/en.wikipedia.org\/wiki\/Aircraft_engine\" target=\"_blank\" rel=\"noopener\">havac\u0131l\u0131k motoru<\/a>, u\u00e7ak hidrolik sistemi ve di\u011fer bile\u015fenleri, u\u00e7u\u015f g\u00fcvenli\u011fini sa\u011flar.<\/p>\n<p>&nbsp;<\/p>","protected":false},"excerpt":{"rendered":"<p>Grafit s\u0131zd\u0131rmazl\u0131k halkas\u0131, halka s\u0131zd\u0131rmazl\u0131k elemanlar\u0131ndan yap\u0131lan \u00f6zel i\u015flemle hammadde olarak bir t\u00fcr y\u00fcksek safl\u0131kta grafittir. Grafitin benzersiz kristal yap\u0131s\u0131n\u0131 kullan\u0131r, m\u00fckemmel s\u0131zd\u0131rmazl\u0131k performans\u0131na sahiptir, bir\u00e7ok end\u00fcstriyel senaryoda \u00f6nemli bir rol oynar. Genellikle pompalarda, kompres\u00f6rlerde, reakt\u00f6rlerde, vanalarda ve di\u011fer ekipmanlarda kullanabilirsiniz. Ekipman\u0131n istikrarl\u0131 \u00e7al\u0131\u015fmas\u0131n\u0131 sa\u011flamak ve ortam s\u0131z\u0131nt\u0131s\u0131n\u0131 \u00f6nlemek i\u00e7in g\u00fcvenilir bir se\u00e7imdir.<\/p>\n<p>S\u0131zd\u0131rmazl\u0131k ortam\u0131n\u0131n \u00f6zellikleri, \u00e7al\u0131\u015fma bas\u0131nc\u0131 veya s\u0131cakl\u0131k ko\u015fullar\u0131 olsun, spesifikasyonlar\u0131n\u0131za tam olarak uyum sa\u011flamak i\u00e7in profesyonel bir i\u015flemle \u00f6zelle\u015ftirebilirsiniz. Grafit bas\u0131n\u00e7 halkas\u0131 veya karbon grafit s\u0131zd\u0131rmazl\u0131k halkas\u0131 olabilir.<\/p>\n<p>&nbsp;<\/p>","protected":false},"featured_media":7518,"template":"","meta":[],"product_brand":[],"product_cat":[38],"product_tag":[],"class_list":{"0":"post-7511","1":"product","2":"type-product","3":"status-publish","4":"has-post-thumbnail","6":"product_cat-graphite-products","8":"first","9":"instock","10":"shipping-taxable","11":"product-type-simple"},"yoast_head":"<!-- This site is optimized with the Yoast SEO Premium plugin v19.2.1 (Yoast SEO v25.3) - https:\/\/yoast.com\/wordpress\/plugins\/seo\/ -->\n<title>Graphite Seal Ring Manufacturers | Jinsun Carbon<\/title>\n<meta name=\"description\" content=\"Graphite Seal Ring Manufacturer in China, It can be widely used as seals in pumps, compressors, reactors, valves and other equipment.\" \/>\n<meta name=\"robots\" content=\"index, follow, max-snippet:-1, max-image-preview:large, max-video-preview:-1\" \/>\n<link rel=\"canonical\" href=\"https:\/\/jinsuncarbon.com\/tr\/urun\/grafit-conta-halkasi\/\" \/>\n<meta property=\"og:locale\" content=\"tr_TR\" \/>\n<meta property=\"og:type\" content=\"article\" \/>\n<meta property=\"og:title\" content=\"Graphite Seal Ring\" \/>\n<meta property=\"og:description\" content=\"Graphite Seal Ring Manufacturer in China, It can be widely used as seals in pumps, compressors, reactors, valves and other equipment.\" \/>\n<meta property=\"og:url\" content=\"https:\/\/jinsuncarbon.com\/tr\/urun\/grafit-conta-halkasi\/\" \/>\n<meta property=\"og:site_name\" content=\"Jinsun Carbon\" \/>\n<meta property=\"article:publisher\" content=\"https:\/\/www.facebook.com\/Graphite-Electrode-109336238661595\" \/>\n<meta property=\"article:modified_time\" content=\"2025-02-07T23:02:52+00:00\" \/>\n<meta property=\"og:image\" content=\"https:\/\/jinsuncarbon.com\/wp-content\/uploads\/2025\/02\/Graphite-Seal-Ring.jpg\" \/>\n\t<meta property=\"og:image:width\" content=\"1024\" \/>\n\t<meta property=\"og:image:height\" content=\"763\" \/>\n\t<meta property=\"og:image:type\" content=\"image\/jpeg\" \/>\n<meta name=\"twitter:card\" content=\"summary_large_image\" \/>\n<meta name=\"twitter:site\" content=\"@jinsuncarbon_\" \/>\n<meta name=\"twitter:label1\" content=\"Tahmini okuma s\u00fcresi\" \/>\n\t<meta name=\"twitter:data1\" content=\"3 dakika\" \/>\n<script type=\"application\/ld+json\" class=\"yoast-schema-graph\">{\"@context\":\"https:\/\/schema.org\",\"@graph\":[{\"@type\":\"WebPage\",\"@id\":\"https:\/\/jinsuncarbon.com\/product\/graphite-seal-ring\/\",\"url\":\"https:\/\/jinsuncarbon.com\/product\/graphite-seal-ring\/\",\"name\":\"Graphite Seal Ring Manufacturers | Jinsun Carbon\",\"isPartOf\":{\"@id\":\"https:\/\/jinsuncarbon.com\/#website\"},\"primaryImageOfPage\":{\"@id\":\"https:\/\/jinsuncarbon.com\/product\/graphite-seal-ring\/#primaryimage\"},\"image\":{\"@id\":\"https:\/\/jinsuncarbon.com\/product\/graphite-seal-ring\/#primaryimage\"},\"thumbnailUrl\":\"https:\/\/jinsuncarbon.com\/wp-content\/uploads\/2025\/02\/Graphite-Seal-Ring.jpg\",\"datePublished\":\"2025-02-07T22:55:11+00:00\",\"dateModified\":\"2025-02-07T23:02:52+00:00\",\"description\":\"Graphite Seal Ring Manufacturer in China, It can be widely used as seals in pumps, compressors, reactors, valves and other equipment.\",\"breadcrumb\":{\"@id\":\"https:\/\/jinsuncarbon.com\/product\/graphite-seal-ring\/#breadcrumb\"},\"inLanguage\":\"tr\",\"potentialAction\":[{\"@type\":\"ReadAction\",\"target\":[\"https:\/\/jinsuncarbon.com\/product\/graphite-seal-ring\/\"]}]},{\"@type\":\"ImageObject\",\"inLanguage\":\"tr\",\"@id\":\"https:\/\/jinsuncarbon.com\/product\/graphite-seal-ring\/#primaryimage\",\"url\":\"https:\/\/jinsuncarbon.com\/wp-content\/uploads\/2025\/02\/Graphite-Seal-Ring.jpg\",\"contentUrl\":\"https:\/\/jinsuncarbon.com\/wp-content\/uploads\/2025\/02\/Graphite-Seal-Ring.jpg\",\"width\":1024,\"height\":763,\"caption\":\"Graphite Seal Ring\"},{\"@type\":\"BreadcrumbList\",\"@id\":\"https:\/\/jinsuncarbon.com\/product\/graphite-seal-ring\/#breadcrumb\",\"itemListElement\":[{\"@type\":\"ListItem\",\"position\":1,\"name\":\"Home\",\"item\":\"https:\/\/jinsuncarbon.com\/\"},{\"@type\":\"ListItem\",\"position\":2,\"name\":\"Products\",\"item\":\"https:\/\/jinsuncarbon.com\/graphite-carbon\/\"},{\"@type\":\"ListItem\",\"position\":3,\"name\":\"Graphite Seal Ring\"}]},{\"@type\":\"WebSite\",\"@id\":\"https:\/\/jinsuncarbon.com\/#website\",\"url\":\"https:\/\/jinsuncarbon.com\/\",\"name\":\"Jinsun Carbon\",\"description\":\"We are the successful graphite electrode manufacturer in China\",\"publisher\":{\"@id\":\"https:\/\/jinsuncarbon.com\/#organization\"},\"potentialAction\":[{\"@type\":\"SearchAction\",\"target\":{\"@type\":\"EntryPoint\",\"urlTemplate\":\"https:\/\/jinsuncarbon.com\/?s={search_term_string}\"},\"query-input\":{\"@type\":\"PropertyValueSpecification\",\"valueRequired\":true,\"valueName\":\"search_term_string\"}}],\"inLanguage\":\"tr\"},{\"@type\":\"Organization\",\"@id\":\"https:\/\/jinsuncarbon.com\/#organization\",\"name\":\"Jinsun Carbon\",\"alternateName\":\"Jinsun Carbon\",\"url\":\"https:\/\/jinsuncarbon.com\/\",\"logo\":{\"@type\":\"ImageObject\",\"inLanguage\":\"tr\",\"@id\":\"https:\/\/jinsuncarbon.com\/#\/schema\/logo\/image\/\",\"url\":\"https:\/\/jinsuncarbon.com\/wp-content\/uploads\/2022\/12\/LOGO-1.png\",\"contentUrl\":\"https:\/\/jinsuncarbon.com\/wp-content\/uploads\/2022\/12\/LOGO-1.png\",\"width\":207,\"height\":80,\"caption\":\"Jinsun Carbon\"},\"image\":{\"@id\":\"https:\/\/jinsuncarbon.com\/#\/schema\/logo\/image\/\"},\"sameAs\":[\"https:\/\/www.facebook.com\/Graphite-Electrode-109336238661595\",\"https:\/\/x.com\/jinsuncarbon_\",\"https:\/\/www.linkedin.com\/in\/jinsungraphite\",\"https:\/\/www.youtube.com\/channel\/UCysDNyvyR5-3cCWEmpkVC0g\"]}]}<\/script>\n<!-- \/ Yoast SEO Premium plugin. -->","yoast_head_json":{"title":"Grafit Conta Halkas\u0131 \u00dcreticileri | Jinsun Carbon","description":"\u00c7in'de Grafit Conta Halkas\u0131 \u00dcreticisi, Pompalarda, kompres\u00f6rlerde, reakt\u00f6rlerde, vanalarda ve di\u011fer ekipmanlarda conta olarak yayg\u0131n \u015fekilde kullan\u0131labilir.","robots":{"index":"index","follow":"follow","max-snippet":"max-snippet:-1","max-image-preview":"max-image-preview:large","max-video-preview":"max-video-preview:-1"},"canonical":"https:\/\/jinsuncarbon.com\/tr\/urun\/grafit-conta-halkasi\/","og_locale":"tr_TR","og_type":"article","og_title":"Graphite Seal Ring","og_description":"Graphite Seal Ring Manufacturer in China, It can be widely used as seals in pumps, compressors, reactors, valves and other equipment.","og_url":"https:\/\/jinsuncarbon.com\/tr\/urun\/grafit-conta-halkasi\/","og_site_name":"Jinsun Carbon","article_publisher":"https:\/\/www.facebook.com\/Graphite-Electrode-109336238661595","article_modified_time":"2025-02-07T23:02:52+00:00","og_image":[{"width":1024,"height":763,"url":"https:\/\/jinsuncarbon.com\/wp-content\/uploads\/2025\/02\/Graphite-Seal-Ring.jpg","type":"image\/jpeg"}],"twitter_card":"summary_large_image","twitter_site":"@jinsuncarbon_","twitter_misc":{"Tahmini okuma s\u00fcresi":"3 dakika"},"schema":{"@context":"https:\/\/schema.org","@graph":[{"@type":"WebPage","@id":"https:\/\/jinsuncarbon.com\/product\/graphite-seal-ring\/","url":"https:\/\/jinsuncarbon.com\/product\/graphite-seal-ring\/","name":"Grafit Conta Halkas\u0131 \u00dcreticileri | Jinsun Carbon","isPartOf":{"@id":"https:\/\/jinsuncarbon.com\/#website"},"primaryImageOfPage":{"@id":"https:\/\/jinsuncarbon.com\/product\/graphite-seal-ring\/#primaryimage"},"image":{"@id":"https:\/\/jinsuncarbon.com\/product\/graphite-seal-ring\/#primaryimage"},"thumbnailUrl":"https:\/\/jinsuncarbon.com\/wp-content\/uploads\/2025\/02\/Graphite-Seal-Ring.jpg","datePublished":"2025-02-07T22:55:11+00:00","dateModified":"2025-02-07T23:02:52+00:00","description":"\u00c7in'de Grafit Conta Halkas\u0131 \u00dcreticisi, Pompalarda, kompres\u00f6rlerde, reakt\u00f6rlerde, vanalarda ve di\u011fer ekipmanlarda conta olarak yayg\u0131n \u015fekilde kullan\u0131labilir.","breadcrumb":{"@id":"https:\/\/jinsuncarbon.com\/product\/graphite-seal-ring\/#breadcrumb"},"inLanguage":"tr","potentialAction":[{"@type":"ReadAction","target":["https:\/\/jinsuncarbon.com\/product\/graphite-seal-ring\/"]}]},{"@type":"ImageObject","inLanguage":"tr","@id":"https:\/\/jinsuncarbon.com\/product\/graphite-seal-ring\/#primaryimage","url":"https:\/\/jinsuncarbon.com\/wp-content\/uploads\/2025\/02\/Graphite-Seal-Ring.jpg","contentUrl":"https:\/\/jinsuncarbon.com\/wp-content\/uploads\/2025\/02\/Graphite-Seal-Ring.jpg","width":1024,"height":763,"caption":"Graphite Seal Ring"},{"@type":"BreadcrumbList","@id":"https:\/\/jinsuncarbon.com\/product\/graphite-seal-ring\/#breadcrumb","itemListElement":[{"@type":"ListItem","position":1,"name":"Home","item":"https:\/\/jinsuncarbon.com\/"},{"@type":"ListItem","position":2,"name":"Products","item":"https:\/\/jinsuncarbon.com\/graphite-carbon\/"},{"@type":"ListItem","position":3,"name":"Graphite Seal Ring"}]},{"@type":"WebSite","@id":"https:\/\/jinsuncarbon.com\/#website","url":"https:\/\/jinsuncarbon.com\/","name":"Jinsun Karbon","description":"\u00c7in'deki ba\u015far\u0131l\u0131 grafit elektrot \u00fcreticisiyiz","publisher":{"@id":"https:\/\/jinsuncarbon.com\/#organization"},"potentialAction":[{"@type":"SearchAction","target":{"@type":"EntryPoint","urlTemplate":"https:\/\/jinsuncarbon.com\/?s={search_term_string}"},"query-input":{"@type":"PropertyValueSpecification","valueRequired":true,"valueName":"search_term_string"}}],"inLanguage":"tr"},{"@type":"Organization","@id":"https:\/\/jinsuncarbon.com\/#organization","name":"Jinsun Karbon","alternateName":"Jinsun Carbon","url":"https:\/\/jinsuncarbon.com\/","logo":{"@type":"ImageObject","inLanguage":"tr","@id":"https:\/\/jinsuncarbon.com\/#\/schema\/logo\/image\/","url":"https:\/\/jinsuncarbon.com\/wp-content\/uploads\/2022\/12\/LOGO-1.png","contentUrl":"https:\/\/jinsuncarbon.com\/wp-content\/uploads\/2022\/12\/LOGO-1.png","width":207,"height":80,"caption":"Jinsun Carbon"},"image":{"@id":"https:\/\/jinsuncarbon.com\/#\/schema\/logo\/image\/"},"sameAs":["https:\/\/www.facebook.com\/Graphite-Electrode-109336238661595","https:\/\/x.com\/jinsuncarbon_","https:\/\/www.linkedin.com\/in\/jinsungraphite","https:\/\/www.youtube.com\/channel\/UCysDNyvyR5-3cCWEmpkVC0g"]}]}},"_links":{"self":[{"href":"https:\/\/jinsuncarbon.com\/tr\/wp-json\/wp\/v2\/product\/7511","targetHints":{"allow":["GET"]}}],"collection":[{"href":"https:\/\/jinsuncarbon.com\/tr\/wp-json\/wp\/v2\/product"}],"about":[{"href":"https:\/\/jinsuncarbon.com\/tr\/wp-json\/wp\/v2\/types\/product"}],"wp:featuredmedia":[{"embeddable":true,"href":"https:\/\/jinsuncarbon.com\/tr\/wp-json\/wp\/v2\/media\/7518"}],"wp:attachment":[{"href":"https:\/\/jinsuncarbon.com\/tr\/wp-json\/wp\/v2\/media?parent=7511"}],"wp:term":[{"taxonomy":"product_brand","embeddable":true,"href":"https:\/\/jinsuncarbon.com\/tr\/wp-json\/wp\/v2\/product_brand?post=7511"},{"taxonomy":"product_cat","embeddable":true,"href":"https:\/\/jinsuncarbon.com\/tr\/wp-json\/wp\/v2\/product_cat?post=7511"},{"taxonomy":"product_tag","embeddable":true,"href":"https:\/\/jinsuncarbon.com\/tr\/wp-json\/wp\/v2\/product_tag?post=7511"}],"curies":[{"name":"wp","href":"https:\/\/api.w.org\/{rel}","templated":true}]}}