{"id":7459,"date":"2025-01-27T07:57:12","date_gmt":"2025-01-27T07:57:12","guid":{"rendered":"https:\/\/jinsuncarbon.com\/?post_type=product&#038;p=7459"},"modified":"2025-01-27T07:57:12","modified_gmt":"2025-01-27T07:57:12","slug":"grafit-karistirma-cubugu","status":"publish","type":"product","link":"https:\/\/jinsuncarbon.com\/tr\/urun\/grafit-karistirma-cubugu\/","title":{"rendered":"Grafit Kar\u0131\u015ft\u0131rma \u00c7ubu\u011fu"},"content":{"rendered":"<p>Grafit kar\u0131\u015ft\u0131rma \u00e7ubuklar\u0131, s\u0131v\u0131lar i\u00e7inde d\u00f6nerek ve titre\u015ferek reaksiyon \u00e7\u00f6zeltilerinin kar\u0131\u015ft\u0131r\u0131lmas\u0131n\u0131 ve kar\u0131\u015ft\u0131r\u0131lmas\u0131n\u0131 te\u015fvik ederek kimyasal reaksiyonlar\u0131n daha eksiksiz ilerlemesine yard\u0131mc\u0131 olabilir.<\/p>\n<ul>\n<li><strong>Y\u00fcksek s\u0131cakl\u0131k dayan\u0131m\u0131:<\/strong><\/li>\n<\/ul>\n<p>Geleneksel y\u00fcksek s\u0131cakl\u0131k reaksiyon sisteminde y\u00fcksek s\u0131cakl\u0131k ortam\u0131na dayanabilir, yine de kararl\u0131 fiziksel ve kimyasal \u00f6zellikleri koruyabilir. S\u00fcrekli kar\u0131\u015ft\u0131rma i\u015flemini sa\u011flamak i\u00e7in y\u00fcksek s\u0131cakl\u0131k veya kimyasal reaksiyon ile deforme olmayacakt\u0131r.<\/p>\n<p>&nbsp;<\/p>\n<ul>\n<li><strong>Kimyasal stabilite:<\/strong><\/li>\n<\/ul>\n<p>Benzersiz katmanl\u0131 yap\u0131s\u0131 ile \u00e7o\u011fu kimyasal maddeye kar\u015f\u0131 inerttir. Ve kar\u0131\u015ft\u0131r\u0131lan malzemenin safl\u0131\u011f\u0131n\u0131 ve reaksiyon s\u00fcrecini etkilemez.<\/p>\n<p>&nbsp;<\/p>\n<ul>\n<li><strong>\u0130yi a\u015f\u0131nma direnci:<\/strong><\/li>\n<\/ul>\n<p>Y\u00fcksek h\u0131zda kar\u0131\u015ft\u0131r\u0131rken veya y\u00fcksek sertlikteki gran\u00fcl malzemeleri kar\u0131\u015ft\u0131r\u0131rken, a\u015f\u0131nma derecesi d\u00fc\u015f\u00fckt\u00fcr, hizmet \u00f6mr\u00fc uzundur. Ve kar\u0131\u015ft\u0131rma \u00e7ubu\u011funun s\u0131k s\u0131k de\u011fi\u015ftirilmesinden kaynaklanan maliyet ve zaman kayb\u0131n\u0131 azalt\u0131r.<\/p>\n<p>&nbsp;<\/p>\n<ul>\n<li><strong>D\u00fc\u015f\u00fck s\u00fcrt\u00fcnme katsay\u0131s\u0131:<\/strong><\/li>\n<\/ul>\n<p>Kar\u0131\u015ft\u0131rma i\u015flemi ile malzeme aras\u0131ndaki s\u00fcrt\u00fcnme katsay\u0131s\u0131 k\u00fc\u00e7\u00fckt\u00fcr. Sadece kar\u0131\u015ft\u0131rma direncini azaltmakla kalmaz, kar\u0131\u015ft\u0131rma verimlili\u011fini de art\u0131r\u0131r. Ayn\u0131 zamanda kar\u0131\u015ft\u0131rma i\u015fleminde malzemenin mekanik hasar\u0131n\u0131 da azalt\u0131r.<\/p>\n<p>&nbsp;<\/p>\n<ul>\n<li><strong>\u0130\u015flemesi kolay:<\/strong><\/li>\n<\/ul>\n<p><a href=\"https:\/\/jinsuncarbon.com\/tr\/urun\/grafit-malzeme\/\">Grafit malzeme<\/a> kar\u0131\u015ft\u0131rma \u00e7ubu\u011funun \u00e7e\u015fitli boyut ve \u015fekillerine i\u015flenmesi nispeten kolayd\u0131r. Farkl\u0131 kar\u0131\u015ft\u0131rma kaplar\u0131na, kar\u0131\u015ft\u0131rma i\u015flemi gereksinimlerine g\u00f6re, en uygun kar\u0131\u015ft\u0131rma \u00e7ubu\u011fu \u00f6zelliklerini \u00f6zelle\u015ftirebilirsiniz. Farkl\u0131 kullan\u0131m ihtiya\u00e7lar\u0131n\u0131 kar\u015f\u0131lamak i\u00e7in.<\/p>\n<p><strong><b>\u00a0<\/b><\/strong><\/p>\n<h2>Grafit kar\u0131\u015ft\u0131rma \u00e7ubu\u011funun kullan\u0131m alanlar\u0131<\/h2>\n<h3>Kimya end\u00fcstrisi<\/h3>\n<ul>\n<li>Kimyasal reaksiyon kar\u0131\u015ft\u0131rma:<\/li>\n<\/ul>\n<p>\u00c7e\u015fitli kimyasal reaksiyonlarda, reaktanlar\u0131 kar\u0131\u015ft\u0131rmak i\u00e7in grafit kar\u0131\u015ft\u0131rma \u00e7ubu\u011fu kullanabilirsiniz. Maddelerin tam olarak kar\u0131\u015fmas\u0131n\u0131 sa\u011flar, reaksiyon h\u0131z\u0131n\u0131 art\u0131r\u0131r ve reaksiyon verimini iyile\u015ftirir. \u00d6rne\u011fin, organik sentez reaksiyonlar\u0131nda, reaksiyonun verimli bir \u015fekilde y\u00fcr\u00fct\u00fclmesini sa\u011flamak i\u00e7in kataliz\u00f6r\u00fcn reaktanlarla tam olarak temas etmesine yard\u0131mc\u0131 olur.<\/p>\n<p>&nbsp;<\/p>\n<ul>\n<li>Kimyasal \u00fcr\u00fcn \u00fcretimi:<\/li>\n<\/ul>\n<p>Kimyasal \u00fcr\u00fcnlerin \u00fcretim s\u00fcrecinde, \u00fcr\u00fcn kalitesinin tutarl\u0131l\u0131\u011f\u0131n\u0131 sa\u011flamak i\u00e7in hammaddeleri kar\u0131\u015ft\u0131r\u0131n. Boya, m\u00fcrekkep ve di\u011fer \u00fcretim gibi, \u00e7e\u015fitli pigmentleri, \u00e7\u00f6z\u00fcc\u00fcleri ve katk\u0131 maddelerini kar\u0131\u015ft\u0131r\u0131n, b\u00f6ylece e\u015fit olarak da\u011f\u0131l\u0131rlar.<\/p>\n<p>&nbsp;<\/p>\n<h3>Metalurji alan\u0131nda grafit kar\u0131\u015ft\u0131rma \u00e7ubu\u011fu<\/h3>\n<ul>\n<li>Metal eritme:<\/li>\n<\/ul>\n<p>\u00c7elik, bak\u0131r, al\u00fcminyum ve di\u011fer metallerin eritilmesi, grafit kar\u0131\u015ft\u0131rma \u00e7ubu\u011fu derin f\u0131r\u0131n kar\u0131\u015ft\u0131rma metal s\u0131v\u0131s\u0131. B\u00f6ylece f\u0131r\u0131n s\u0131cakl\u0131\u011f\u0131, bile\u015fim \u00fcniformas\u0131, ayr\u0131\u015fmay\u0131 azalt\u0131r, safs\u0131zl\u0131klar\u0131 ve gazlar\u0131 giderir, metalin safl\u0131\u011f\u0131n\u0131 art\u0131r\u0131r.<\/p>\n<p><strong><b>\u00a0<\/b><\/strong><\/p>\n<ul>\n<li>C\u00fcruf i\u015fleme:<\/li>\n<\/ul>\n<p>C\u00fcrufu kar\u0131\u015ft\u0131rmak, s\u0131v\u0131 metal ile kimyasal reaksiyonunu te\u015fvik etmek, c\u00fcrufun bile\u015fimini ve performans\u0131n\u0131 ayarlamak i\u00e7in kullanabilirsiniz. B\u00f6ylece c\u00fcruf s\u0131v\u0131 metali daha iyi korur, safs\u0131zl\u0131klar\u0131 giderir, metalurjik verimlili\u011fi ve kaliteyi art\u0131r\u0131r.<\/p>\n<p>&nbsp;<\/p>\n<h3>Mekanik alan<\/h3>\n<ul>\n<li>D\u00f6k\u00fcm i\u015flemi:<\/li>\n<\/ul>\n<p>Metal erimi\u015f s\u0131v\u0131n\u0131n kar\u0131\u015ft\u0131r\u0131lmas\u0131 s\u0131ras\u0131nda <a href=\"https:\/\/en.wikipedia.org\/wiki\/Metal_casting\" target=\"_blank\" rel=\"noopener\">d\u00f6k\u00fcm<\/a>grafit kar\u0131\u015ft\u0131rma \u00e7ubu\u011fu taneleri rafine edebilir, d\u00f6k\u00fcm mikroyap\u0131s\u0131n\u0131 iyile\u015ftirebilir. Mekanik \u00f6zellikleri iyile\u015ftirir, b\u00fcz\u00fclme deliklerini, g\u00f6zeneklili\u011fi ve di\u011fer kusurlar\u0131 azalt\u0131r, d\u00f6k\u00fcm kalitesini ve verimini art\u0131r\u0131r.<\/p>\n<p>&nbsp;<\/p>\n<ul>\n<li>Y\u00fczey i\u015fleme:<\/li>\n<\/ul>\n<p>Mekanik par\u00e7alar\u0131n y\u00fczey i\u015flem s\u0131v\u0131s\u0131n\u0131 kar\u0131\u015ft\u0131rmak i\u00e7in kullanabilirsiniz. Ayn\u0131 i\u015flem etkisini sa\u011flamak i\u00e7in i\u015flem s\u0131v\u0131s\u0131n\u0131n par\u00e7an\u0131n y\u00fczeyi ile tamamen temas etmesini sa\u011flar. B\u00f6ylece kaplama, kimyasal kaplama ve di\u011fer kaplamalar daha d\u00fczg\u00fcn ve sa\u011flam olur.<\/p>\n<p><strong><b>\u00a0<\/b><\/strong><\/p>\n<h3>Cam seramik alan\u0131<\/h3>\n<ul>\n<li>Cam eritme:<\/li>\n<\/ul>\n<p>\u0130\u00e7inde <a href=\"https:\/\/en.wikipedia.org\/wiki\/Glass_melting_furnace\" target=\"_blank\" rel=\"noopener\">cam f\u0131r\u0131n\u0131<\/a>Cam s\u0131v\u0131s\u0131n\u0131 kar\u0131\u015ft\u0131rmak i\u00e7in grafit kar\u0131\u015ft\u0131rma \u00e7ubu\u011fu kullanabilirsiniz, b\u00f6ylece cam s\u0131v\u0131s\u0131ndaki \u00e7e\u015fitli hammaddeler tamamen kar\u0131\u015ft\u0131r\u0131l\u0131r ve homojenize edilir. Kabarc\u0131klar\u0131 ve \u015feritleri ortadan kald\u0131rabilir, cam\u0131n \u015feffafl\u0131\u011f\u0131n\u0131 ve homojenli\u011fini art\u0131rabilir. Ve cam\u0131n optik ve mekanik \u00f6zelliklerini iyile\u015ftirir.<\/p>\n<p>&nbsp;<\/p>\n<ul>\n<li>Seramik g\u00f6vde \u015fekillendirme:<\/li>\n<\/ul>\n<p>Seramik g\u00f6vde haz\u0131rlama s\u00fcrecinde, seramik \u00e7amurunu kar\u0131\u015ft\u0131r\u0131n, b\u00f6ylece \u00e7amurdaki partik\u00fcller e\u015fit olarak da\u011f\u0131l\u0131r. \u00c7amurun reolojisini ayarlar, bu da g\u00f6vdenin olu\u015fumuna elveri\u015flidir. Ard\u0131ndan g\u00f6vdenin yo\u011funlu\u011funu ve homojenli\u011fini iyile\u015ftirin ve sonraki sinterleme i\u015flemi i\u00e7in iyi bir temel olu\u015fturun.<\/p>","protected":false},"excerpt":{"rendered":"<p>Grafit kar\u0131\u015ft\u0131rma \u00e7ubu\u011fu, y\u00fcksek safl\u0131kta grafit hammaddelerinden yap\u0131lm\u0131\u015ft\u0131r, karbon i\u00e7eri\u011fi genellikle yakla\u015f\u0131k 99%'dir. M\u00fckemmel kimyasal stabiliteye ve y\u00fcksek s\u0131cakl\u0131k direncine vb. sahiptir. Karma\u015f\u0131k \u00e7al\u0131\u015fma ortam\u0131na uyum sa\u011flayabilir, farkl\u0131 end\u00fcstrilerin \u00e7e\u015fitli kar\u0131\u015ft\u0131rma ihtiya\u00e7lar\u0131n\u0131 kar\u015f\u0131layabilir, \u00f6zellikle erimi\u015f metali kar\u0131\u015ft\u0131rmak i\u00e7in kullan\u0131l\u0131r. End\u00fcstriyel \u00fcretimde, bilimsel ara\u015ft\u0131rma ve deney sahnelerinde vazge\u00e7ilmez bir ara\u00e7t\u0131r.<\/p>\n<p>&nbsp;<\/p>","protected":false},"featured_media":7461,"template":"","meta":[],"product_brand":[],"product_cat":[38],"product_tag":[],"class_list":{"0":"post-7459","1":"product","2":"type-product","3":"status-publish","4":"has-post-thumbnail","6":"product_cat-graphite-products","8":"first","9":"instock","10":"shipping-taxable","11":"product-type-simple"},"yoast_head":"<!-- This site is optimized with the Yoast SEO Premium plugin v19.2.1 (Yoast SEO v25.3) - https:\/\/yoast.com\/wordpress\/plugins\/seo\/ -->\n<title>Graphite Stirring Rod Manufacturer in China | Jinsun Carbon<\/title>\n<meta name=\"robots\" content=\"index, follow, max-snippet:-1, max-image-preview:large, max-video-preview:-1\" \/>\n<link rel=\"canonical\" href=\"https:\/\/jinsuncarbon.com\/tr\/urun\/grafit-karistirma-cubugu\/\" \/>\n<meta property=\"og:locale\" content=\"tr_TR\" \/>\n<meta property=\"og:type\" content=\"article\" \/>\n<meta property=\"og:title\" content=\"Graphite Stirring Rod\" \/>\n<meta property=\"og:description\" content=\"Graphite stirring rod, made of high purity graphite raw materials, the carbon content is usually about 99%. It has excellent chemical stability and high temperature resistance and etc.. It can adapt to the complex working environment, meet the diverse mixing needs of different industries, particularly used for stirring molten metal. And it is an indispensable instrument in industrial production, scientific research and experiment scenes.  &nbsp;\" \/>\n<meta property=\"og:url\" content=\"https:\/\/jinsuncarbon.com\/tr\/urun\/grafit-karistirma-cubugu\/\" \/>\n<meta property=\"og:site_name\" content=\"Jinsun Carbon\" \/>\n<meta property=\"article:publisher\" content=\"https:\/\/www.facebook.com\/Graphite-Electrode-109336238661595\" \/>\n<meta property=\"og:image\" content=\"https:\/\/jinsuncarbon.com\/wp-content\/uploads\/2025\/01\/Graphite-stirring-rod-1.jpg\" \/>\n\t<meta property=\"og:image:width\" content=\"1024\" \/>\n\t<meta property=\"og:image:height\" content=\"763\" \/>\n\t<meta property=\"og:image:type\" content=\"image\/jpeg\" \/>\n<meta name=\"twitter:card\" content=\"summary_large_image\" \/>\n<meta name=\"twitter:site\" content=\"@jinsuncarbon_\" \/>\n<meta name=\"twitter:label1\" content=\"Tahmini okuma s\u00fcresi\" \/>\n\t<meta name=\"twitter:data1\" content=\"3 dakika\" \/>\n<script type=\"application\/ld+json\" class=\"yoast-schema-graph\">{\"@context\":\"https:\/\/schema.org\",\"@graph\":[{\"@type\":\"WebPage\",\"@id\":\"https:\/\/jinsuncarbon.com\/product\/graphite-stirring-rod\/\",\"url\":\"https:\/\/jinsuncarbon.com\/product\/graphite-stirring-rod\/\",\"name\":\"Graphite Stirring Rod Manufacturer in China | Jinsun Carbon\",\"isPartOf\":{\"@id\":\"https:\/\/jinsuncarbon.com\/#website\"},\"primaryImageOfPage\":{\"@id\":\"https:\/\/jinsuncarbon.com\/product\/graphite-stirring-rod\/#primaryimage\"},\"image\":{\"@id\":\"https:\/\/jinsuncarbon.com\/product\/graphite-stirring-rod\/#primaryimage\"},\"thumbnailUrl\":\"https:\/\/jinsuncarbon.com\/wp-content\/uploads\/2025\/01\/Graphite-stirring-rod-1.jpg\",\"datePublished\":\"2025-01-27T07:57:12+00:00\",\"breadcrumb\":{\"@id\":\"https:\/\/jinsuncarbon.com\/product\/graphite-stirring-rod\/#breadcrumb\"},\"inLanguage\":\"tr\",\"potentialAction\":[{\"@type\":\"ReadAction\",\"target\":[\"https:\/\/jinsuncarbon.com\/product\/graphite-stirring-rod\/\"]}]},{\"@type\":\"ImageObject\",\"inLanguage\":\"tr\",\"@id\":\"https:\/\/jinsuncarbon.com\/product\/graphite-stirring-rod\/#primaryimage\",\"url\":\"https:\/\/jinsuncarbon.com\/wp-content\/uploads\/2025\/01\/Graphite-stirring-rod-1.jpg\",\"contentUrl\":\"https:\/\/jinsuncarbon.com\/wp-content\/uploads\/2025\/01\/Graphite-stirring-rod-1.jpg\",\"width\":1024,\"height\":763,\"caption\":\"Graphite stirring rod\"},{\"@type\":\"BreadcrumbList\",\"@id\":\"https:\/\/jinsuncarbon.com\/product\/graphite-stirring-rod\/#breadcrumb\",\"itemListElement\":[{\"@type\":\"ListItem\",\"position\":1,\"name\":\"Home\",\"item\":\"https:\/\/jinsuncarbon.com\/\"},{\"@type\":\"ListItem\",\"position\":2,\"name\":\"Products\",\"item\":\"https:\/\/jinsuncarbon.com\/graphite-carbon\/\"},{\"@type\":\"ListItem\",\"position\":3,\"name\":\"Graphite Stirring Rod\"}]},{\"@type\":\"WebSite\",\"@id\":\"https:\/\/jinsuncarbon.com\/#website\",\"url\":\"https:\/\/jinsuncarbon.com\/\",\"name\":\"Jinsun Carbon\",\"description\":\"We are the successful graphite electrode manufacturer in China\",\"publisher\":{\"@id\":\"https:\/\/jinsuncarbon.com\/#organization\"},\"potentialAction\":[{\"@type\":\"SearchAction\",\"target\":{\"@type\":\"EntryPoint\",\"urlTemplate\":\"https:\/\/jinsuncarbon.com\/?s={search_term_string}\"},\"query-input\":{\"@type\":\"PropertyValueSpecification\",\"valueRequired\":true,\"valueName\":\"search_term_string\"}}],\"inLanguage\":\"tr\"},{\"@type\":\"Organization\",\"@id\":\"https:\/\/jinsuncarbon.com\/#organization\",\"name\":\"Jinsun Carbon\",\"alternateName\":\"Jinsun Carbon\",\"url\":\"https:\/\/jinsuncarbon.com\/\",\"logo\":{\"@type\":\"ImageObject\",\"inLanguage\":\"tr\",\"@id\":\"https:\/\/jinsuncarbon.com\/#\/schema\/logo\/image\/\",\"url\":\"https:\/\/jinsuncarbon.com\/wp-content\/uploads\/2022\/12\/LOGO-1.png\",\"contentUrl\":\"https:\/\/jinsuncarbon.com\/wp-content\/uploads\/2022\/12\/LOGO-1.png\",\"width\":207,\"height\":80,\"caption\":\"Jinsun Carbon\"},\"image\":{\"@id\":\"https:\/\/jinsuncarbon.com\/#\/schema\/logo\/image\/\"},\"sameAs\":[\"https:\/\/www.facebook.com\/Graphite-Electrode-109336238661595\",\"https:\/\/x.com\/jinsuncarbon_\",\"https:\/\/www.linkedin.com\/in\/jinsungraphite\",\"https:\/\/www.youtube.com\/channel\/UCysDNyvyR5-3cCWEmpkVC0g\"]}]}<\/script>\n<!-- \/ Yoast SEO Premium plugin. -->","yoast_head_json":{"title":"\u00c7in'de Grafit Kar\u0131\u015ft\u0131rma \u00c7ubu\u011fu \u00dcreticisi | Jinsun Carbon","robots":{"index":"index","follow":"follow","max-snippet":"max-snippet:-1","max-image-preview":"max-image-preview:large","max-video-preview":"max-video-preview:-1"},"canonical":"https:\/\/jinsuncarbon.com\/tr\/urun\/grafit-karistirma-cubugu\/","og_locale":"tr_TR","og_type":"article","og_title":"Graphite Stirring Rod","og_description":"Graphite stirring rod, made of high purity graphite raw materials, the carbon content is usually about 99%. It has excellent chemical stability and high temperature resistance and etc.. It can adapt to the complex working environment, meet the diverse mixing needs of different industries, particularly used for stirring molten metal. And it is an indispensable instrument in industrial production, scientific research and experiment scenes.  &nbsp;","og_url":"https:\/\/jinsuncarbon.com\/tr\/urun\/grafit-karistirma-cubugu\/","og_site_name":"Jinsun Carbon","article_publisher":"https:\/\/www.facebook.com\/Graphite-Electrode-109336238661595","og_image":[{"width":1024,"height":763,"url":"https:\/\/jinsuncarbon.com\/wp-content\/uploads\/2025\/01\/Graphite-stirring-rod-1.jpg","type":"image\/jpeg"}],"twitter_card":"summary_large_image","twitter_site":"@jinsuncarbon_","twitter_misc":{"Tahmini okuma s\u00fcresi":"3 dakika"},"schema":{"@context":"https:\/\/schema.org","@graph":[{"@type":"WebPage","@id":"https:\/\/jinsuncarbon.com\/product\/graphite-stirring-rod\/","url":"https:\/\/jinsuncarbon.com\/product\/graphite-stirring-rod\/","name":"\u00c7in'de Grafit Kar\u0131\u015ft\u0131rma \u00c7ubu\u011fu \u00dcreticisi | Jinsun Carbon","isPartOf":{"@id":"https:\/\/jinsuncarbon.com\/#website"},"primaryImageOfPage":{"@id":"https:\/\/jinsuncarbon.com\/product\/graphite-stirring-rod\/#primaryimage"},"image":{"@id":"https:\/\/jinsuncarbon.com\/product\/graphite-stirring-rod\/#primaryimage"},"thumbnailUrl":"https:\/\/jinsuncarbon.com\/wp-content\/uploads\/2025\/01\/Graphite-stirring-rod-1.jpg","datePublished":"2025-01-27T07:57:12+00:00","breadcrumb":{"@id":"https:\/\/jinsuncarbon.com\/product\/graphite-stirring-rod\/#breadcrumb"},"inLanguage":"tr","potentialAction":[{"@type":"ReadAction","target":["https:\/\/jinsuncarbon.com\/product\/graphite-stirring-rod\/"]}]},{"@type":"ImageObject","inLanguage":"tr","@id":"https:\/\/jinsuncarbon.com\/product\/graphite-stirring-rod\/#primaryimage","url":"https:\/\/jinsuncarbon.com\/wp-content\/uploads\/2025\/01\/Graphite-stirring-rod-1.jpg","contentUrl":"https:\/\/jinsuncarbon.com\/wp-content\/uploads\/2025\/01\/Graphite-stirring-rod-1.jpg","width":1024,"height":763,"caption":"Graphite stirring rod"},{"@type":"BreadcrumbList","@id":"https:\/\/jinsuncarbon.com\/product\/graphite-stirring-rod\/#breadcrumb","itemListElement":[{"@type":"ListItem","position":1,"name":"Home","item":"https:\/\/jinsuncarbon.com\/"},{"@type":"ListItem","position":2,"name":"Products","item":"https:\/\/jinsuncarbon.com\/graphite-carbon\/"},{"@type":"ListItem","position":3,"name":"Graphite Stirring Rod"}]},{"@type":"WebSite","@id":"https:\/\/jinsuncarbon.com\/#website","url":"https:\/\/jinsuncarbon.com\/","name":"Jinsun Karbon","description":"\u00c7in'deki ba\u015far\u0131l\u0131 grafit elektrot \u00fcreticisiyiz","publisher":{"@id":"https:\/\/jinsuncarbon.com\/#organization"},"potentialAction":[{"@type":"SearchAction","target":{"@type":"EntryPoint","urlTemplate":"https:\/\/jinsuncarbon.com\/?s={search_term_string}"},"query-input":{"@type":"PropertyValueSpecification","valueRequired":true,"valueName":"search_term_string"}}],"inLanguage":"tr"},{"@type":"Organization","@id":"https:\/\/jinsuncarbon.com\/#organization","name":"Jinsun Karbon","alternateName":"Jinsun Carbon","url":"https:\/\/jinsuncarbon.com\/","logo":{"@type":"ImageObject","inLanguage":"tr","@id":"https:\/\/jinsuncarbon.com\/#\/schema\/logo\/image\/","url":"https:\/\/jinsuncarbon.com\/wp-content\/uploads\/2022\/12\/LOGO-1.png","contentUrl":"https:\/\/jinsuncarbon.com\/wp-content\/uploads\/2022\/12\/LOGO-1.png","width":207,"height":80,"caption":"Jinsun Carbon"},"image":{"@id":"https:\/\/jinsuncarbon.com\/#\/schema\/logo\/image\/"},"sameAs":["https:\/\/www.facebook.com\/Graphite-Electrode-109336238661595","https:\/\/x.com\/jinsuncarbon_","https:\/\/www.linkedin.com\/in\/jinsungraphite","https:\/\/www.youtube.com\/channel\/UCysDNyvyR5-3cCWEmpkVC0g"]}]}},"_links":{"self":[{"href":"https:\/\/jinsuncarbon.com\/tr\/wp-json\/wp\/v2\/product\/7459","targetHints":{"allow":["GET"]}}],"collection":[{"href":"https:\/\/jinsuncarbon.com\/tr\/wp-json\/wp\/v2\/product"}],"about":[{"href":"https:\/\/jinsuncarbon.com\/tr\/wp-json\/wp\/v2\/types\/product"}],"wp:featuredmedia":[{"embeddable":true,"href":"https:\/\/jinsuncarbon.com\/tr\/wp-json\/wp\/v2\/media\/7461"}],"wp:attachment":[{"href":"https:\/\/jinsuncarbon.com\/tr\/wp-json\/wp\/v2\/media?parent=7459"}],"wp:term":[{"taxonomy":"product_brand","embeddable":true,"href":"https:\/\/jinsuncarbon.com\/tr\/wp-json\/wp\/v2\/product_brand?post=7459"},{"taxonomy":"product_cat","embeddable":true,"href":"https:\/\/jinsuncarbon.com\/tr\/wp-json\/wp\/v2\/product_cat?post=7459"},{"taxonomy":"product_tag","embeddable":true,"href":"https:\/\/jinsuncarbon.com\/tr\/wp-json\/wp\/v2\/product_tag?post=7459"}],"curies":[{"name":"wp","href":"https:\/\/api.w.org\/{rel}","templated":true}]}}