{"id":7453,"date":"2025-01-27T02:20:01","date_gmt":"2025-01-27T02:20:01","guid":{"rendered":"https:\/\/jinsuncarbon.com\/?post_type=product&#038;p=7453"},"modified":"2025-01-27T02:21:16","modified_gmt":"2025-01-27T02:21:16","slug":"altin-kulce-kaliplari","status":"publish","type":"product","link":"https:\/\/jinsuncarbon.com\/tr\/urun\/altin-kulce-kaliplari\/","title":{"rendered":"Alt\u0131n \u00c7ubuk Kal\u0131plar\u0131"},"content":{"rendered":"<h2 class=\"ql-align-justify\">Sat\u0131l\u0131k Alt\u0131n \u00c7ubuk Kal\u0131plar\u0131<\/h2>\n<h3 class=\"ql-align-justify\">Alt\u0131n \u00c7ubuk D\u00f6k\u00fcm Kal\u0131b\u0131n\u0131n Avantajlar\u0131<\/h3>\n<ul>\n<li class=\"ql-align-justify\"><strong>Y\u00fcksek boyutsal do\u011fruluk<\/strong><\/li>\n<\/ul>\n<p class=\"ql-align-justify\">Sapma \u00e7ok k\u00fc\u00e7\u00fckt\u00fcr, spesifikasyonlar\u0131n\u0131n kat\u0131 gereksinimlerinin finansal depolama, ticaret ve end\u00fcstriyel \u00fcretimini kar\u015f\u0131layabilir.<\/p>\n<ul>\n<li class=\"ql-align-justify\"><strong>B\u00fcy\u00fck yap\u0131sal g\u00fc\u00e7<\/strong><\/li>\n<\/ul>\n<p class=\"ql-align-justify\">Y\u00fcksek s\u0131cakl\u0131ktaki s\u0131v\u0131 alt\u0131n\u0131n etkisine ve bas\u0131nc\u0131na dayanabilir, tekrarlanan kullan\u0131mda deformasyon, hasar kolay de\u011fildir.<\/p>\n<ul>\n<li class=\"ql-align-justify\"><strong>Y\u00fcksek y\u00fczey d\u00fczg\u00fcnl\u00fc\u011f\u00fc<\/strong><\/li>\n<\/ul>\n<p class=\"ql-align-justify\">Bu, alt\u0131n \u00e7ubu\u011fun s\u0131yr\u0131lmas\u0131na yard\u0131mc\u0131 olur ve alt\u0131n \u00e7ubu\u011fun y\u00fczeyine zarar vermez. Y\u00fczeyinin p\u00fcr\u00fczs\u00fcz olmas\u0131n\u0131 sa\u011flamak i\u00e7in.<\/p>\n<ul>\n<li class=\"ql-align-justify\"><strong>G\u00fc\u00e7l\u00fc kimyasal kararl\u0131l\u0131k<\/strong><\/li>\n<\/ul>\n<p class=\"ql-align-justify\">K\u00fcl\u00e7e alt\u0131nlar\u0131n safl\u0131\u011f\u0131n\u0131 ve kalitesini sa\u011flamak i\u00e7in alt\u0131nla reaksiyona girmez.<\/p>\n<p>&nbsp;<\/p>\n<h2 class=\"ql-align-justify\">Alt\u0131n \u00c7ubuk Kal\u0131plar\u0131 \u00fcretim s\u00fcreci<\/h2>\n<p class=\"ql-align-justify\">Y\u00fcksek kaliteli grafit alt\u0131n k\u00fcl\u00e7e \u00fcretiyoruz <a href=\"https:\/\/jinsuncarbon.com\/tr\/urun\/grafit-kalip\/\">K\u00fcf<\/a>ve kat\u0131 ad\u0131mlardan ge\u00e7memiz gerekiyor:<\/p>\n<p class=\"ql-align-justify\"><strong>1. Ad\u0131m Kal\u0131p malzemesini se\u00e7in:<\/strong><\/p>\n<p class=\"ql-align-justify\">Y\u00fcksek safl\u0131kta se\u00e7im <a href=\"https:\/\/jinsuncarbon.com\/tr\/urun\/dogal-pul-grafit\/\">pul grafit<\/a> alt\u0131n \u00e7ubuk kal\u0131b\u0131 \u00fcretimi i\u00e7in malzeme olarak. Alt\u0131n \u00e7ubuk d\u00f6k\u00fcm i\u015fleminde en iyi performans\u0131 sa\u011flamak i\u00e7in m\u00fckemmel y\u00fcksek s\u0131cakl\u0131k direncine ve yap\u0131\u015fmama \u00f6zelliklerine sahiptir.<\/p>\n<p class=\"ql-align-justify\"><strong>Ad\u0131m 2. Hammaddelerin i\u015flenmesi:<\/strong><\/p>\n<p class=\"ql-align-justify\">Partik\u00fcl boyutunun uygun aral\u0131\u011fa ula\u015fmas\u0131 i\u00e7in \u00f6nce grafiti eziyoruz. Daha sonraki safla\u015ft\u0131rma i\u015flemleri safl\u0131\u011f\u0131 art\u0131rmak i\u00e7in safs\u0131zl\u0131klar\u0131 giderir. Son olarak, i\u015flenmi\u015f grafiti kal\u0131p presleme veya izostatik presleme yoluyla bo\u015f kal\u0131p haline getiriyoruz.<\/p>\n<p class=\"ql-align-justify\"><strong>3. Ad\u0131m Kal\u0131p \u015fekillendirme ve son i\u015flem:<\/strong><\/p>\n<p class=\"ql-align-justify\">Do\u011fru kal\u0131p tasar\u0131m \u00e7izimlerine g\u00f6re CNC i\u015fleme ekipman\u0131n\u0131n kullan\u0131m\u0131, grafit \u00f6n bo\u015f kesme, delme, ta\u015flama ve di\u011fer mekanik i\u015fleme i\u015flemleri. Boyutsal do\u011fruluk ve y\u00fczey kalitesi gereksinimlerini kar\u015f\u0131layan bir alt\u0131n \u00e7ubuk kal\u0131b\u0131 \u00fcretmek. Son olarak, kal\u0131b\u0131 ince bir \u015fekilde kesece\u011fiz ve dayan\u0131kl\u0131l\u0131\u011f\u0131n\u0131 ve serbest b\u0131rakma performans\u0131n\u0131 art\u0131rmak i\u00e7in y\u00fczey kaplamas\u0131n\u0131 i\u015fleyece\u011fiz.<\/p>\n<p>&nbsp;<\/p>\n<h2 class=\"ql-align-justify\">Alt\u0131n \u00c7ubuk D\u00f6k\u00fcm Kal\u0131plar\u0131n\u0131n Kullan\u0131m Alanlar\u0131<\/h2>\n<p class=\"ql-align-justify\">Alt\u0131n \u00e7ubuk kal\u0131b\u0131 yayg\u0131n olarak kullan\u0131lmakta olup, esas olarak a\u015fa\u011f\u0131daki alanlarda yo\u011funla\u015fm\u0131\u015ft\u0131r.<\/p>\n<p class=\"ql-align-justify\"><strong>Finansal yat\u0131r\u0131m alan\u0131:<\/strong><\/p>\n<p class=\"ql-align-justify\">Yat\u0131r\u0131mc\u0131lar\u0131n alt\u0131n yat\u0131r\u0131m\u0131 talebini kar\u015f\u0131lamak i\u00e7in \u00e7ok say\u0131da standart k\u00fcl\u00e7e alt\u0131n spesifikasyonuna sahibiz. \u00d6rne\u011fin, 1 ons, 10 ons, 1 kilogram vb. Finans piyasas\u0131nda alt\u0131n dola\u015f\u0131m\u0131n\u0131n \u00f6nemli bir ta\u015f\u0131y\u0131c\u0131s\u0131d\u0131r.<\/p>\n<p class=\"ql-align-justify\"><strong>Hat\u0131ra koleksiyonu alan\u0131:<\/strong><\/p>\n<p class=\"ql-align-justify\">\u00d6nemli tarihi olaylar\u0131, k\u00fclt\u00fcrel etkinlikleri vb. anan alt\u0131n k\u00fcl\u00e7eler gibi hat\u0131ra \u00f6nemi ve koleksiyon de\u011feri olan \u00e7e\u015fitli alt\u0131n k\u00fcl\u00e7eler yapmak. Benzersiz tasar\u0131m ve teknoloji sayesinde, k\u00fcl\u00e7e alt\u0131nlar\u0131n sanatsal de\u011ferini ve koleksiyon de\u011ferini art\u0131r\u0131n.<\/p>\n<p class=\"ql-align-justify\"><strong>End\u00fcstriyel \u00fcretim:<\/strong><\/p>\n<p class=\"ql-align-justify\">Alt\u0131n i\u00e7in \u00f6zel \u015fekil ve boyut gereksinimleri olan baz\u0131 end\u00fcstriyel \u00fcretimler i\u00e7in k\u00fct\u00fckler sa\u011flay\u0131n. Alt\u0131n konekt\u00f6rlerde kullan\u0131lanlar gibi <a href=\"https:\/\/en.wikipedia.org\/wiki\/Electronics_industry\" target=\"_blank\" rel=\"noopener\">elektroni\u0307k end\u00fcstri\u0307si\u0307<\/a>, \u00fcst d\u00fczey dekorasyon end\u00fcstrisinde alt\u0131n dekoratif par\u00e7alar vb. K\u00fct\u00fcklerin do\u011frulu\u011funu ve kalitesini sa\u011flayarak sonraki i\u015flemler i\u00e7in temel olu\u015fturur.<\/p>\n<p class=\"ql-align-justify\">","protected":false},"excerpt":{"rendered":"<p class=\"ql-align-justify\">Alt\u0131n k\u00fcl\u00e7e kal\u0131b\u0131, s\u0131v\u0131 alt\u0131n\u0131 alt\u0131n k\u00fcl\u00e7eye d\u00f6kmek i\u00e7in \u00f6zel olarak kullan\u0131lan bir ara\u00e7t\u0131r. \u00c7o\u011funlukla y\u00fcksek s\u0131cakl\u0131\u011fa dayan\u0131kl\u0131, y\u00fcksek mukavemetli ve y\u00fcksek kaliteli grafit gibi kimyasal olarak kararl\u0131 malzemelerden yap\u0131l\u0131r.<\/p>\n<p class=\"ql-align-justify\">Do\u011fru kal\u0131p tasar\u0131m\u0131 sayesinde, do\u011fru boyutta ve d\u00fczenli \u015fekle sahip alt\u0131n k\u00fcl\u00e7eler olu\u015fturabilir. Alt\u0131n \u00fcretimi ve i\u015flenmesinde \u00f6nemli bir rol oynar. \u00d6zel ihtiya\u00e7lar\u0131n\u0131za g\u00f6re, farkl\u0131 a\u011f\u0131rl\u0131klarda, \u015fekillerde veya benzersiz bir desen logosuyla \u00f6zel alt\u0131n \u00e7ubuk kal\u0131plar\u0131 yapabiliriz.<\/p>\n<p class=\"ql-align-justify\">","protected":false},"featured_media":7457,"template":"","meta":[],"product_brand":[],"product_cat":[38],"product_tag":[],"class_list":{"0":"post-7453","1":"product","2":"type-product","3":"status-publish","4":"has-post-thumbnail","6":"product_cat-graphite-products","8":"first","9":"instock","10":"shipping-taxable","11":"product-type-simple"},"yoast_head":"<!-- This site is optimized with the Yoast SEO Premium plugin v19.2.1 (Yoast SEO v25.3) - https:\/\/yoast.com\/wordpress\/plugins\/seo\/ -->\n<title>Gold Bar Molds Manufacturer in China | Jinsun Carbon<\/title>\n<meta name=\"description\" content=\"Gold bar molds for sale, Graphite has good high temperature resistance and high thermal conductivity, making it suitable for the melting process of gold.\" \/>\n<meta name=\"robots\" content=\"index, follow, max-snippet:-1, max-image-preview:large, max-video-preview:-1\" \/>\n<link rel=\"canonical\" href=\"https:\/\/jinsuncarbon.com\/tr\/urun\/altin-kulce-kaliplari\/\" \/>\n<meta property=\"og:locale\" content=\"tr_TR\" \/>\n<meta property=\"og:type\" content=\"article\" \/>\n<meta property=\"og:title\" content=\"Gold Bar Molds\" \/>\n<meta property=\"og:description\" content=\"Gold bar molds for sale, Graphite has good high temperature resistance and high thermal conductivity, making it suitable for the melting process of gold.\" \/>\n<meta property=\"og:url\" content=\"https:\/\/jinsuncarbon.com\/tr\/urun\/altin-kulce-kaliplari\/\" \/>\n<meta property=\"og:site_name\" content=\"Jinsun Carbon\" \/>\n<meta property=\"article:publisher\" content=\"https:\/\/www.facebook.com\/Graphite-Electrode-109336238661595\" \/>\n<meta property=\"article:modified_time\" content=\"2025-01-27T02:21:16+00:00\" \/>\n<meta property=\"og:image\" content=\"https:\/\/jinsuncarbon.com\/wp-content\/uploads\/2025\/01\/Gold-Bar-Mold.jpg\" \/>\n\t<meta property=\"og:image:width\" content=\"1024\" \/>\n\t<meta property=\"og:image:height\" content=\"763\" \/>\n\t<meta property=\"og:image:type\" content=\"image\/jpeg\" \/>\n<meta name=\"twitter:card\" content=\"summary_large_image\" \/>\n<meta name=\"twitter:site\" content=\"@jinsuncarbon_\" \/>\n<meta name=\"twitter:label1\" content=\"Tahmini okuma s\u00fcresi\" \/>\n\t<meta name=\"twitter:data1\" content=\"3 dakika\" \/>\n<script type=\"application\/ld+json\" class=\"yoast-schema-graph\">{\"@context\":\"https:\/\/schema.org\",\"@graph\":[{\"@type\":\"WebPage\",\"@id\":\"https:\/\/jinsuncarbon.com\/product\/gold-bar-molds\/\",\"url\":\"https:\/\/jinsuncarbon.com\/product\/gold-bar-molds\/\",\"name\":\"Gold Bar Molds Manufacturer in China | Jinsun Carbon\",\"isPartOf\":{\"@id\":\"https:\/\/jinsuncarbon.com\/#website\"},\"primaryImageOfPage\":{\"@id\":\"https:\/\/jinsuncarbon.com\/product\/gold-bar-molds\/#primaryimage\"},\"image\":{\"@id\":\"https:\/\/jinsuncarbon.com\/product\/gold-bar-molds\/#primaryimage\"},\"thumbnailUrl\":\"https:\/\/jinsuncarbon.com\/wp-content\/uploads\/2025\/01\/Gold-Bar-Mold.jpg\",\"datePublished\":\"2025-01-27T02:20:01+00:00\",\"dateModified\":\"2025-01-27T02:21:16+00:00\",\"description\":\"Gold bar molds for sale, Graphite has good high temperature resistance and high thermal conductivity, making it suitable for the melting process of gold.\",\"breadcrumb\":{\"@id\":\"https:\/\/jinsuncarbon.com\/product\/gold-bar-molds\/#breadcrumb\"},\"inLanguage\":\"tr\",\"potentialAction\":[{\"@type\":\"ReadAction\",\"target\":[\"https:\/\/jinsuncarbon.com\/product\/gold-bar-molds\/\"]}]},{\"@type\":\"ImageObject\",\"inLanguage\":\"tr\",\"@id\":\"https:\/\/jinsuncarbon.com\/product\/gold-bar-molds\/#primaryimage\",\"url\":\"https:\/\/jinsuncarbon.com\/wp-content\/uploads\/2025\/01\/Gold-Bar-Mold.jpg\",\"contentUrl\":\"https:\/\/jinsuncarbon.com\/wp-content\/uploads\/2025\/01\/Gold-Bar-Mold.jpg\",\"width\":1024,\"height\":763,\"caption\":\"Gold Bar Mold\"},{\"@type\":\"BreadcrumbList\",\"@id\":\"https:\/\/jinsuncarbon.com\/product\/gold-bar-molds\/#breadcrumb\",\"itemListElement\":[{\"@type\":\"ListItem\",\"position\":1,\"name\":\"Home\",\"item\":\"https:\/\/jinsuncarbon.com\/\"},{\"@type\":\"ListItem\",\"position\":2,\"name\":\"Products\",\"item\":\"https:\/\/jinsuncarbon.com\/graphite-carbon\/\"},{\"@type\":\"ListItem\",\"position\":3,\"name\":\"Gold Bar Molds\"}]},{\"@type\":\"WebSite\",\"@id\":\"https:\/\/jinsuncarbon.com\/#website\",\"url\":\"https:\/\/jinsuncarbon.com\/\",\"name\":\"Jinsun Carbon\",\"description\":\"We are the successful graphite electrode manufacturer in China\",\"publisher\":{\"@id\":\"https:\/\/jinsuncarbon.com\/#organization\"},\"potentialAction\":[{\"@type\":\"SearchAction\",\"target\":{\"@type\":\"EntryPoint\",\"urlTemplate\":\"https:\/\/jinsuncarbon.com\/?s={search_term_string}\"},\"query-input\":{\"@type\":\"PropertyValueSpecification\",\"valueRequired\":true,\"valueName\":\"search_term_string\"}}],\"inLanguage\":\"tr\"},{\"@type\":\"Organization\",\"@id\":\"https:\/\/jinsuncarbon.com\/#organization\",\"name\":\"Jinsun Carbon\",\"alternateName\":\"Jinsun Carbon\",\"url\":\"https:\/\/jinsuncarbon.com\/\",\"logo\":{\"@type\":\"ImageObject\",\"inLanguage\":\"tr\",\"@id\":\"https:\/\/jinsuncarbon.com\/#\/schema\/logo\/image\/\",\"url\":\"https:\/\/jinsuncarbon.com\/wp-content\/uploads\/2022\/12\/LOGO-1.png\",\"contentUrl\":\"https:\/\/jinsuncarbon.com\/wp-content\/uploads\/2022\/12\/LOGO-1.png\",\"width\":207,\"height\":80,\"caption\":\"Jinsun Carbon\"},\"image\":{\"@id\":\"https:\/\/jinsuncarbon.com\/#\/schema\/logo\/image\/\"},\"sameAs\":[\"https:\/\/www.facebook.com\/Graphite-Electrode-109336238661595\",\"https:\/\/x.com\/jinsuncarbon_\",\"https:\/\/www.linkedin.com\/in\/jinsungraphite\",\"https:\/\/www.youtube.com\/channel\/UCysDNyvyR5-3cCWEmpkVC0g\"]}]}<\/script>\n<!-- \/ Yoast SEO Premium plugin. -->","yoast_head_json":{"title":"\u00c7in'de Alt\u0131n \u00c7ubuk Kal\u0131plar\u0131 \u00dcreticisi | Jinsun Carbon","description":"Sat\u0131l\u0131k alt\u0131n \u00e7ubuk kal\u0131plar\u0131, Grafit iyi y\u00fcksek s\u0131cakl\u0131k direncine ve y\u00fcksek \u0131s\u0131 iletkenli\u011fine sahiptir, bu da onu alt\u0131n\u0131n eritme i\u015flemi i\u00e7in uygun hale getirir.","robots":{"index":"index","follow":"follow","max-snippet":"max-snippet:-1","max-image-preview":"max-image-preview:large","max-video-preview":"max-video-preview:-1"},"canonical":"https:\/\/jinsuncarbon.com\/tr\/urun\/altin-kulce-kaliplari\/","og_locale":"tr_TR","og_type":"article","og_title":"Gold Bar Molds","og_description":"Gold bar molds for sale, Graphite has good high temperature resistance and high thermal conductivity, making it suitable for the melting process of gold.","og_url":"https:\/\/jinsuncarbon.com\/tr\/urun\/altin-kulce-kaliplari\/","og_site_name":"Jinsun Carbon","article_publisher":"https:\/\/www.facebook.com\/Graphite-Electrode-109336238661595","article_modified_time":"2025-01-27T02:21:16+00:00","og_image":[{"width":1024,"height":763,"url":"https:\/\/jinsuncarbon.com\/wp-content\/uploads\/2025\/01\/Gold-Bar-Mold.jpg","type":"image\/jpeg"}],"twitter_card":"summary_large_image","twitter_site":"@jinsuncarbon_","twitter_misc":{"Tahmini okuma s\u00fcresi":"3 dakika"},"schema":{"@context":"https:\/\/schema.org","@graph":[{"@type":"WebPage","@id":"https:\/\/jinsuncarbon.com\/product\/gold-bar-molds\/","url":"https:\/\/jinsuncarbon.com\/product\/gold-bar-molds\/","name":"\u00c7in'de Alt\u0131n \u00c7ubuk Kal\u0131plar\u0131 \u00dcreticisi | Jinsun Carbon","isPartOf":{"@id":"https:\/\/jinsuncarbon.com\/#website"},"primaryImageOfPage":{"@id":"https:\/\/jinsuncarbon.com\/product\/gold-bar-molds\/#primaryimage"},"image":{"@id":"https:\/\/jinsuncarbon.com\/product\/gold-bar-molds\/#primaryimage"},"thumbnailUrl":"https:\/\/jinsuncarbon.com\/wp-content\/uploads\/2025\/01\/Gold-Bar-Mold.jpg","datePublished":"2025-01-27T02:20:01+00:00","dateModified":"2025-01-27T02:21:16+00:00","description":"Sat\u0131l\u0131k alt\u0131n \u00e7ubuk kal\u0131plar\u0131, Grafit iyi y\u00fcksek s\u0131cakl\u0131k direncine ve y\u00fcksek \u0131s\u0131 iletkenli\u011fine sahiptir, bu da onu alt\u0131n\u0131n eritme i\u015flemi i\u00e7in uygun hale getirir.","breadcrumb":{"@id":"https:\/\/jinsuncarbon.com\/product\/gold-bar-molds\/#breadcrumb"},"inLanguage":"tr","potentialAction":[{"@type":"ReadAction","target":["https:\/\/jinsuncarbon.com\/product\/gold-bar-molds\/"]}]},{"@type":"ImageObject","inLanguage":"tr","@id":"https:\/\/jinsuncarbon.com\/product\/gold-bar-molds\/#primaryimage","url":"https:\/\/jinsuncarbon.com\/wp-content\/uploads\/2025\/01\/Gold-Bar-Mold.jpg","contentUrl":"https:\/\/jinsuncarbon.com\/wp-content\/uploads\/2025\/01\/Gold-Bar-Mold.jpg","width":1024,"height":763,"caption":"Gold Bar Mold"},{"@type":"BreadcrumbList","@id":"https:\/\/jinsuncarbon.com\/product\/gold-bar-molds\/#breadcrumb","itemListElement":[{"@type":"ListItem","position":1,"name":"Home","item":"https:\/\/jinsuncarbon.com\/"},{"@type":"ListItem","position":2,"name":"Products","item":"https:\/\/jinsuncarbon.com\/graphite-carbon\/"},{"@type":"ListItem","position":3,"name":"Gold Bar Molds"}]},{"@type":"WebSite","@id":"https:\/\/jinsuncarbon.com\/#website","url":"https:\/\/jinsuncarbon.com\/","name":"Jinsun Karbon","description":"\u00c7in'deki ba\u015far\u0131l\u0131 grafit elektrot \u00fcreticisiyiz","publisher":{"@id":"https:\/\/jinsuncarbon.com\/#organization"},"potentialAction":[{"@type":"SearchAction","target":{"@type":"EntryPoint","urlTemplate":"https:\/\/jinsuncarbon.com\/?s={search_term_string}"},"query-input":{"@type":"PropertyValueSpecification","valueRequired":true,"valueName":"search_term_string"}}],"inLanguage":"tr"},{"@type":"Organization","@id":"https:\/\/jinsuncarbon.com\/#organization","name":"Jinsun Karbon","alternateName":"Jinsun Carbon","url":"https:\/\/jinsuncarbon.com\/","logo":{"@type":"ImageObject","inLanguage":"tr","@id":"https:\/\/jinsuncarbon.com\/#\/schema\/logo\/image\/","url":"https:\/\/jinsuncarbon.com\/wp-content\/uploads\/2022\/12\/LOGO-1.png","contentUrl":"https:\/\/jinsuncarbon.com\/wp-content\/uploads\/2022\/12\/LOGO-1.png","width":207,"height":80,"caption":"Jinsun Carbon"},"image":{"@id":"https:\/\/jinsuncarbon.com\/#\/schema\/logo\/image\/"},"sameAs":["https:\/\/www.facebook.com\/Graphite-Electrode-109336238661595","https:\/\/x.com\/jinsuncarbon_","https:\/\/www.linkedin.com\/in\/jinsungraphite","https:\/\/www.youtube.com\/channel\/UCysDNyvyR5-3cCWEmpkVC0g"]}]}},"_links":{"self":[{"href":"https:\/\/jinsuncarbon.com\/tr\/wp-json\/wp\/v2\/product\/7453","targetHints":{"allow":["GET"]}}],"collection":[{"href":"https:\/\/jinsuncarbon.com\/tr\/wp-json\/wp\/v2\/product"}],"about":[{"href":"https:\/\/jinsuncarbon.com\/tr\/wp-json\/wp\/v2\/types\/product"}],"wp:featuredmedia":[{"embeddable":true,"href":"https:\/\/jinsuncarbon.com\/tr\/wp-json\/wp\/v2\/media\/7457"}],"wp:attachment":[{"href":"https:\/\/jinsuncarbon.com\/tr\/wp-json\/wp\/v2\/media?parent=7453"}],"wp:term":[{"taxonomy":"product_brand","embeddable":true,"href":"https:\/\/jinsuncarbon.com\/tr\/wp-json\/wp\/v2\/product_brand?post=7453"},{"taxonomy":"product_cat","embeddable":true,"href":"https:\/\/jinsuncarbon.com\/tr\/wp-json\/wp\/v2\/product_cat?post=7453"},{"taxonomy":"product_tag","embeddable":true,"href":"https:\/\/jinsuncarbon.com\/tr\/wp-json\/wp\/v2\/product_tag?post=7453"}],"curies":[{"name":"wp","href":"https:\/\/api.w.org\/{rel}","templated":true}]}}