{"id":7391,"date":"2025-01-21T01:36:25","date_gmt":"2025-01-21T01:36:25","guid":{"rendered":"https:\/\/jinsuncarbon.com\/?post_type=product&#038;p=7391"},"modified":"2025-01-24T07:06:18","modified_gmt":"2025-01-24T07:06:18","slug":"senteti%cc%87k-grafi%cc%87t-tozu","status":"publish","type":"product","link":"https:\/\/jinsuncarbon.com\/tr\/urun\/senteti%cc%87k-grafi%cc%87t-tozu\/","title":{"rendered":"Sentetik Grafit Tozu\u00a0"},"content":{"rendered":"<h2>Sentetik Grafit Tozu<\/h2>\n<p>Sentetik grafit tozu ince bir toz sunar ve avantajlar\u0131 son derece belirgindir.<\/p>\n<p>&nbsp;<\/p>\n<p><strong><b>M\u00fckemmel termal kararl\u0131l\u0131k<\/b><\/strong><\/p>\n<p>200\u00b0C'den 1000\u00b0C'nin \u00fczerine kadar geni\u015f bir s\u0131cakl\u0131k aral\u0131\u011f\u0131nda do\u011fal \u00f6zelliklerini korur.<\/p>\n<p>&nbsp;<\/p>\n<p><strong><b>Son derece kararl\u0131 kimyasal \u00f6zellikler<\/b><\/strong><\/p>\n<p>Yayg\u0131n kimyasal maddelerle neredeyse hi\u00e7 reaksiyona girmez, g\u00fc\u00e7l\u00fc asit ve alkali gibi a\u015f\u0131nd\u0131r\u0131c\u0131 ortamlarda g\u00fcvenli olabilir.<\/p>\n<p>&nbsp;<\/p>\n<p><strong><b>\u0130yi elektrik iletkenli\u011fi <\/b><\/strong><\/p>\n<p>Elektronlar\u0131n iletimi son derece d\u00fczg\u00fcnd\u00fcr, bu da onu m\u00fckemmel bir iletken ortam haline getirir.<\/p>\n<p>&nbsp;<\/p>\n<p><strong><b>\u0130yi ya\u011flama performans\u0131<\/b><\/strong><\/p>\n<p>Tozlar aras\u0131ndaki d\u00fc\u015f\u00fck s\u00fcrt\u00fcnme, mekanik par\u00e7alar aras\u0131ndaki direnci etkili bir \u015fekilde azaltabilir.<\/p>\n<p>&nbsp;<\/p>\n<p><strong><b>Geni\u015f \u00f6zg\u00fcl y\u00fczey alan\u0131<\/b><\/strong><\/p>\n<p>Bu, kimyasal reaksiyonlara kat\u0131l\u0131rken veya di\u011fer maddeleri adsorbe ederken g\u00fc\u00e7l\u00fc aktivite ve adsorpsiyon kapasitesi g\u00f6stermesini sa\u011flar.<\/p>\n<p>&nbsp;<\/p>\n<p><strong><b>M\u00fckemmel da\u011f\u0131l\u0131m<\/b><\/strong><\/p>\n<p>\u00c7e\u015fitli \u00e7\u00f6z\u00fcc\u00fclerde veya matris malzemelerinde e\u015fit olarak da\u011f\u0131t\u0131labilir. Eklenen sistemin performans\u0131n\u0131n d\u00fczg\u00fcn ve istikrarl\u0131 olmas\u0131n\u0131 sa\u011flamak i\u00e7in.<\/p>\n<p><strong><b>\u00a0<\/b><\/strong><\/p>\n<h2>Sentetik grafit tozunun kullan\u0131m alanlar\u0131<\/h2>\n<h3><strong><b>Elektronik ve elektrik alan\u0131:<\/b><\/strong><\/h3>\n<p><strong><b>I<\/b><\/strong><strong><b>entegre devreler<\/b><\/strong><\/p>\n<p>Genellikle \u0131s\u0131 emici i\u00e7in dolgu malzemeleri yapmak i\u00e7in kullanabilirsiniz. Is\u0131 emicinin \u0131s\u0131 iletim kapasitesini \u00f6nemli \u00f6l\u00e7\u00fcde art\u0131r\u0131r, \u00e7ip taraf\u0131ndan \u00fcretilen \u0131s\u0131y\u0131 verimli bir \u015fekilde uzakla\u015ft\u0131r\u0131r. Ve \u00e7ipin a\u015f\u0131r\u0131 \u0131s\u0131nma performans\u0131 nedeniyle azalmas\u0131n\u0131 veya hasar g\u00f6rmesini \u00f6nler.<\/p>\n<p>&nbsp;<\/p>\n<p><strong><b>F<\/b><\/strong><strong><b>lexible devre kart\u0131<\/b><\/strong><\/p>\n<p>Hatt\u0131n elektrik iletkenli\u011fini art\u0131rmak ve h\u0131zl\u0131 ve kararl\u0131 sinyal iletimi sa\u011flamak i\u00e7in iletken bir katk\u0131 maddesi olarak kullanabilirsiniz.<\/p>\n<p>&nbsp;<\/p>\n<h3>Enerji alan\u0131:<\/h3>\n<p><strong><b>L<\/b><\/strong><strong><b>ithium-ion piller<\/b><\/strong><\/p>\n<p>Bu, Avrupa Komisyonu'nun \u00f6nemli bir bile\u015fenidir. <a href=\"https:\/\/www.sciencedirect.com\/topics\/engineering\/negative-electrode\" target=\"_blank\" rel=\"noopener\">negatif elektrot<\/a> malzeme. Ve iyi katmanl\u0131 yap\u0131s\u0131, pilin y\u00fcksek kapasitesini ve uzun \u00e7evrim \u00f6mr\u00fcn\u00fc sa\u011flamak i\u00e7in lityum iyonlar\u0131n\u0131 tersine \u00e7evirebilir ve serbest b\u0131rakabilir.<\/p>\n<p>&nbsp;<\/p>\n<p><strong><b>E<\/b><\/strong><strong><b>elektrot malzemeleri\u0307<\/b><\/strong><\/p>\n<p>Geni\u015f spesifik y\u00fczey alan\u0131 ve y\u00fcksek iletkenlik ile h\u0131zl\u0131 \u015farj ve de\u015farj ger\u00e7ekle\u015ftirebilir. Kondansat\u00f6rlerin enerji depolama performans\u0131n\u0131 art\u0131rmak i\u00e7in.<\/p>\n<p>&nbsp;<\/p>\n<h3>Makine end\u00fcstrisi:<\/h3>\n<p><strong><b>Ya\u011flama malzemesi<\/b><\/strong><\/p>\n<p>Katmanl\u0131 yap\u0131s\u0131 ve d\u00fc\u015f\u00fck s\u00fcrt\u00fcnme katsay\u0131s\u0131 nedeniyle mekanik par\u00e7alar i\u00e7in kat\u0131 ya\u011flay\u0131c\u0131 olarak kullanabilirsiniz. S\u00fcrt\u00fcnmeyi ve a\u015f\u0131nmay\u0131 azalt\u0131r, mekanik verimlili\u011fi ve ekipman hizmet \u00f6mr\u00fcn\u00fc art\u0131r\u0131r.<\/p>\n<p>&nbsp;<\/p>\n<p><strong><b>S\u0131zd\u0131rmazl\u0131k malzemesi<\/b><\/strong><\/p>\n<p>M\u00fckemmel esneklik, korozyon direnci ve y\u00fcksek s\u0131cakl\u0131k kararl\u0131l\u0131\u011f\u0131 ile mekanik salmastralar\u0131n \u00fcretimi i\u00e7in ideal malzeme haline gelmi\u015ftir. <a href=\"https:\/\/jinsuncarbon.com\/tr\/urun\/grafit-conta\/\">contalar<\/a>. S\u0131v\u0131 ve gaz s\u0131z\u0131nt\u0131s\u0131n\u0131 \u00f6nlemek i\u00e7in \u00e7e\u015fitli end\u00fcstrilerdeki boru hatlar\u0131nda, pompalarda, vanalarda ve di\u011fer ekipmanlarda yayg\u0131n olarak kullanabilirsiniz.<\/p>\n<p>&nbsp;<\/p>\n<h3>Kimya end\u00fcstrisi:<\/h3>\n<p><strong><b>C<\/b><\/strong><strong><b>hemi\u0307kal katali\u0307z\u00f6r ta\u015fiyicilar<\/b><\/strong><\/p>\n<p>Sentetik grafit tozunun y\u00fcksek spesifik y\u00fczey alan\u0131 ve kimyasal kararl\u0131l\u0131\u011f\u0131, kataliz\u00f6r\u00fcn aktif bile\u015fenleri i\u00e7in ideal bir yap\u0131\u015fma platformu sa\u011flar. Katalitik reaksiyonun verimlili\u011fini ve se\u00e7icili\u011fini art\u0131rmaya yard\u0131mc\u0131 olur.<\/p>\n<p>&nbsp;<\/p>\n<p><strong><b>A<\/b><\/strong><strong><b>nti-korozyon kaplama<\/b><\/strong><\/p>\n<p>Kaplaman\u0131n elektrik iletkenli\u011fini ve korozyon direncini art\u0131rabilir. Ve boru hatt\u0131ndaki kimyasal ortam\u0131n korozyonuna etkili bir \u015fekilde direnir.<\/p>\n<p>&nbsp;<\/p>\n<p>&nbsp;<\/p>\n<h3>Metalurji:<\/h3>\n<p><strong><b>P<\/b><\/strong><strong><b>owder metalurji\u0307<\/b><\/strong><\/p>\n<p>Eklenmesi, malzemenin mukavemetini, sertli\u011fini ve a\u015f\u0131nma direncini art\u0131rmak gibi metal malzemelerin performans\u0131n\u0131 art\u0131rabilir.<\/p>\n<p>&nbsp;<\/p>\n<p><strong><b>R<\/b><\/strong><strong><b>\u00f6zel \u00e7eli\u0307k \u00fcreti\u0307mi\u0307<\/b><\/strong><\/p>\n<p>Sentetik grafit tozu, karbon i\u00e7eri\u011fini hassas bir \u015fekilde kontrol edebilir, \u00e7eli\u011fin kristal yap\u0131s\u0131n\u0131 optimize edebilir ve \u00e7eli\u011fin kalitesini art\u0131rabilir.<\/p>","protected":false},"excerpt":{"rendered":"<p>Sentetik grafit tozu, ileri teknoloji ile sentezlenmi\u015f ince toz bir malzemedir. Karma\u015f\u0131k bir i\u015flemle y\u00fcksek safl\u0131kta karbondan d\u00f6n\u00fc\u015ft\u00fcr\u00fcl\u00fcr ve mikroskobik d\u00fczeyde d\u00fczenli bir grafit kristal yap\u0131s\u0131na sahiptir.<\/p>\n<p>&nbsp;<\/p>\n<p>M\u00fckemmel elektriksel, termal, kimyasal ve mekanik \u00f6zellikleriyle, end\u00fcstriyel iyile\u015ftirmeyi te\u015fvik etmek i\u00e7in kilit bir malzeme haline gelir. Elektronik \u00e7iplerin \u0131s\u0131y\u0131 verimli bir \u015fekilde da\u011f\u0131tmas\u0131na yard\u0131mc\u0131 olmaktan, pil \u015farj ve de\u015farj performans\u0131n\u0131 iyile\u015ftirmeye kadar, end\u00fcstriyel iyile\u015ftirmeyi te\u015fvik etmek i\u00e7in anahtar bir malzeme haline gelmi\u015ftir.<\/p>","protected":false},"featured_media":7392,"template":"","meta":[],"product_brand":[],"product_cat":[38],"product_tag":[],"class_list":{"0":"post-7391","1":"product","2":"type-product","3":"status-publish","4":"has-post-thumbnail","6":"product_cat-graphite-products","8":"first","9":"instock","10":"shipping-taxable","11":"product-type-simple"},"yoast_head":"<!-- This site is optimized with the Yoast SEO Premium plugin v19.2.1 (Yoast SEO v25.3) - https:\/\/yoast.com\/wordpress\/plugins\/seo\/ -->\n<title>Synthetic Graphite Powder\u200b Manufacturer in China | Jinsun Carbon<\/title>\n<meta name=\"description\" content=\"Synthetic Graphite Powder\u200b in China, It is mainly used as a recarburizer in steelmaking, has a high carbon content, and can be customized in a variety of sizes.\" \/>\n<meta name=\"robots\" content=\"index, follow, max-snippet:-1, max-image-preview:large, max-video-preview:-1\" \/>\n<link rel=\"canonical\" href=\"https:\/\/jinsuncarbon.com\/tr\/urun\/senteti\u0307k-grafi\u0307t-tozu\/\" \/>\n<meta property=\"og:locale\" content=\"tr_TR\" \/>\n<meta property=\"og:type\" content=\"article\" \/>\n<meta property=\"og:title\" content=\"Synthetic Graphite Powder\u200b\u00a0\" \/>\n<meta property=\"og:description\" content=\"Synthetic Graphite Powder\u200b in China, It is mainly used as a recarburizer in steelmaking, has a high carbon content, and can be customized in a variety of sizes.\" \/>\n<meta property=\"og:url\" content=\"https:\/\/jinsuncarbon.com\/tr\/urun\/senteti\u0307k-grafi\u0307t-tozu\/\" \/>\n<meta property=\"og:site_name\" content=\"Jinsun Carbon\" \/>\n<meta property=\"article:publisher\" content=\"https:\/\/www.facebook.com\/Graphite-Electrode-109336238661595\" \/>\n<meta property=\"article:modified_time\" content=\"2025-01-24T07:06:18+00:00\" \/>\n<meta property=\"og:image\" content=\"https:\/\/jinsuncarbon.com\/wp-content\/uploads\/2025\/01\/Synthetic-Graphite-Powder\u200b.jpg\" \/>\n\t<meta property=\"og:image:width\" content=\"1024\" \/>\n\t<meta property=\"og:image:height\" content=\"763\" \/>\n\t<meta property=\"og:image:type\" content=\"image\/jpeg\" \/>\n<meta name=\"twitter:card\" content=\"summary_large_image\" \/>\n<meta name=\"twitter:site\" content=\"@jinsuncarbon_\" \/>\n<meta name=\"twitter:label1\" content=\"Tahmini okuma s\u00fcresi\" \/>\n\t<meta name=\"twitter:data1\" content=\"3 dakika\" \/>\n<script type=\"application\/ld+json\" class=\"yoast-schema-graph\">{\"@context\":\"https:\/\/schema.org\",\"@graph\":[{\"@type\":\"WebPage\",\"@id\":\"https:\/\/jinsuncarbon.com\/product\/synthetic-graphite-powder\/\",\"url\":\"https:\/\/jinsuncarbon.com\/product\/synthetic-graphite-powder\/\",\"name\":\"Synthetic Graphite Powder\u200b Manufacturer in China | Jinsun Carbon\",\"isPartOf\":{\"@id\":\"https:\/\/jinsuncarbon.com\/#website\"},\"primaryImageOfPage\":{\"@id\":\"https:\/\/jinsuncarbon.com\/product\/synthetic-graphite-powder\/#primaryimage\"},\"image\":{\"@id\":\"https:\/\/jinsuncarbon.com\/product\/synthetic-graphite-powder\/#primaryimage\"},\"thumbnailUrl\":\"https:\/\/jinsuncarbon.com\/wp-content\/uploads\/2025\/01\/Synthetic-Graphite-Powder\u200b.jpg\",\"datePublished\":\"2025-01-21T01:36:25+00:00\",\"dateModified\":\"2025-01-24T07:06:18+00:00\",\"description\":\"Synthetic Graphite Powder\u200b in China, It is mainly used as a recarburizer in steelmaking, has a high carbon content, and can be customized in a variety of sizes.\",\"breadcrumb\":{\"@id\":\"https:\/\/jinsuncarbon.com\/product\/synthetic-graphite-powder\/#breadcrumb\"},\"inLanguage\":\"tr\",\"potentialAction\":[{\"@type\":\"ReadAction\",\"target\":[\"https:\/\/jinsuncarbon.com\/product\/synthetic-graphite-powder\/\"]}]},{\"@type\":\"ImageObject\",\"inLanguage\":\"tr\",\"@id\":\"https:\/\/jinsuncarbon.com\/product\/synthetic-graphite-powder\/#primaryimage\",\"url\":\"https:\/\/jinsuncarbon.com\/wp-content\/uploads\/2025\/01\/Synthetic-Graphite-Powder\u200b.jpg\",\"contentUrl\":\"https:\/\/jinsuncarbon.com\/wp-content\/uploads\/2025\/01\/Synthetic-Graphite-Powder\u200b.jpg\",\"width\":1024,\"height\":763,\"caption\":\"Synthetic Graphite Powder\u200b\"},{\"@type\":\"BreadcrumbList\",\"@id\":\"https:\/\/jinsuncarbon.com\/product\/synthetic-graphite-powder\/#breadcrumb\",\"itemListElement\":[{\"@type\":\"ListItem\",\"position\":1,\"name\":\"Home\",\"item\":\"https:\/\/jinsuncarbon.com\/\"},{\"@type\":\"ListItem\",\"position\":2,\"name\":\"Products\",\"item\":\"https:\/\/jinsuncarbon.com\/graphite-carbon\/\"},{\"@type\":\"ListItem\",\"position\":3,\"name\":\"Synthetic Graphite Powder\u200b\u00a0\"}]},{\"@type\":\"WebSite\",\"@id\":\"https:\/\/jinsuncarbon.com\/#website\",\"url\":\"https:\/\/jinsuncarbon.com\/\",\"name\":\"Jinsun Carbon\",\"description\":\"We are the successful graphite electrode manufacturer in China\",\"publisher\":{\"@id\":\"https:\/\/jinsuncarbon.com\/#organization\"},\"potentialAction\":[{\"@type\":\"SearchAction\",\"target\":{\"@type\":\"EntryPoint\",\"urlTemplate\":\"https:\/\/jinsuncarbon.com\/?s={search_term_string}\"},\"query-input\":{\"@type\":\"PropertyValueSpecification\",\"valueRequired\":true,\"valueName\":\"search_term_string\"}}],\"inLanguage\":\"tr\"},{\"@type\":\"Organization\",\"@id\":\"https:\/\/jinsuncarbon.com\/#organization\",\"name\":\"Jinsun Carbon\",\"alternateName\":\"Jinsun Carbon\",\"url\":\"https:\/\/jinsuncarbon.com\/\",\"logo\":{\"@type\":\"ImageObject\",\"inLanguage\":\"tr\",\"@id\":\"https:\/\/jinsuncarbon.com\/#\/schema\/logo\/image\/\",\"url\":\"https:\/\/jinsuncarbon.com\/wp-content\/uploads\/2022\/12\/LOGO-1.png\",\"contentUrl\":\"https:\/\/jinsuncarbon.com\/wp-content\/uploads\/2022\/12\/LOGO-1.png\",\"width\":207,\"height\":80,\"caption\":\"Jinsun Carbon\"},\"image\":{\"@id\":\"https:\/\/jinsuncarbon.com\/#\/schema\/logo\/image\/\"},\"sameAs\":[\"https:\/\/www.facebook.com\/Graphite-Electrode-109336238661595\",\"https:\/\/x.com\/jinsuncarbon_\",\"https:\/\/www.linkedin.com\/in\/jinsungraphite\",\"https:\/\/www.youtube.com\/channel\/UCysDNyvyR5-3cCWEmpkVC0g\"]}]}<\/script>\n<!-- \/ Yoast SEO Premium plugin. -->","yoast_head_json":{"title":"\u00c7in'de Sentetik Grafit Tozu \u00dcreticisi | Jinsun Carbon","description":"\u00c7in'de Sentetik Grafit Tozu, Esas olarak \u00e7elik \u00fcretiminde yeniden karb\u00fcrat\u00f6r olarak kullan\u0131l\u0131r, y\u00fcksek karbon i\u00e7eri\u011fine sahiptir ve \u00e7e\u015fitli boyutlarda \u00f6zelle\u015ftirilebilir.","robots":{"index":"index","follow":"follow","max-snippet":"max-snippet:-1","max-image-preview":"max-image-preview:large","max-video-preview":"max-video-preview:-1"},"canonical":"https:\/\/jinsuncarbon.com\/tr\/urun\/senteti\u0307k-grafi\u0307t-tozu\/","og_locale":"tr_TR","og_type":"article","og_title":"Synthetic Graphite Powder\u200b\u00a0","og_description":"Synthetic Graphite Powder\u200b in China, It is mainly used as a recarburizer in steelmaking, has a high carbon content, and can be customized in a variety of sizes.","og_url":"https:\/\/jinsuncarbon.com\/tr\/urun\/senteti\u0307k-grafi\u0307t-tozu\/","og_site_name":"Jinsun Carbon","article_publisher":"https:\/\/www.facebook.com\/Graphite-Electrode-109336238661595","article_modified_time":"2025-01-24T07:06:18+00:00","og_image":[{"width":1024,"height":763,"url":"https:\/\/jinsuncarbon.com\/wp-content\/uploads\/2025\/01\/Synthetic-Graphite-Powder\u200b.jpg","type":"image\/jpeg"}],"twitter_card":"summary_large_image","twitter_site":"@jinsuncarbon_","twitter_misc":{"Tahmini okuma s\u00fcresi":"3 dakika"},"schema":{"@context":"https:\/\/schema.org","@graph":[{"@type":"WebPage","@id":"https:\/\/jinsuncarbon.com\/product\/synthetic-graphite-powder\/","url":"https:\/\/jinsuncarbon.com\/product\/synthetic-graphite-powder\/","name":"\u00c7in'de Sentetik Grafit Tozu \u00dcreticisi | Jinsun Carbon","isPartOf":{"@id":"https:\/\/jinsuncarbon.com\/#website"},"primaryImageOfPage":{"@id":"https:\/\/jinsuncarbon.com\/product\/synthetic-graphite-powder\/#primaryimage"},"image":{"@id":"https:\/\/jinsuncarbon.com\/product\/synthetic-graphite-powder\/#primaryimage"},"thumbnailUrl":"https:\/\/jinsuncarbon.com\/wp-content\/uploads\/2025\/01\/Synthetic-Graphite-Powder\u200b.jpg","datePublished":"2025-01-21T01:36:25+00:00","dateModified":"2025-01-24T07:06:18+00:00","description":"\u00c7in'de Sentetik Grafit Tozu, Esas olarak \u00e7elik \u00fcretiminde yeniden karb\u00fcrat\u00f6r olarak kullan\u0131l\u0131r, y\u00fcksek karbon i\u00e7eri\u011fine sahiptir ve \u00e7e\u015fitli boyutlarda \u00f6zelle\u015ftirilebilir.","breadcrumb":{"@id":"https:\/\/jinsuncarbon.com\/product\/synthetic-graphite-powder\/#breadcrumb"},"inLanguage":"tr","potentialAction":[{"@type":"ReadAction","target":["https:\/\/jinsuncarbon.com\/product\/synthetic-graphite-powder\/"]}]},{"@type":"ImageObject","inLanguage":"tr","@id":"https:\/\/jinsuncarbon.com\/product\/synthetic-graphite-powder\/#primaryimage","url":"https:\/\/jinsuncarbon.com\/wp-content\/uploads\/2025\/01\/Synthetic-Graphite-Powder\u200b.jpg","contentUrl":"https:\/\/jinsuncarbon.com\/wp-content\/uploads\/2025\/01\/Synthetic-Graphite-Powder\u200b.jpg","width":1024,"height":763,"caption":"Synthetic Graphite Powder\u200b"},{"@type":"BreadcrumbList","@id":"https:\/\/jinsuncarbon.com\/product\/synthetic-graphite-powder\/#breadcrumb","itemListElement":[{"@type":"ListItem","position":1,"name":"Home","item":"https:\/\/jinsuncarbon.com\/"},{"@type":"ListItem","position":2,"name":"Products","item":"https:\/\/jinsuncarbon.com\/graphite-carbon\/"},{"@type":"ListItem","position":3,"name":"Synthetic Graphite Powder\u200b\u00a0"}]},{"@type":"WebSite","@id":"https:\/\/jinsuncarbon.com\/#website","url":"https:\/\/jinsuncarbon.com\/","name":"Jinsun Karbon","description":"\u00c7in'deki ba\u015far\u0131l\u0131 grafit elektrot \u00fcreticisiyiz","publisher":{"@id":"https:\/\/jinsuncarbon.com\/#organization"},"potentialAction":[{"@type":"SearchAction","target":{"@type":"EntryPoint","urlTemplate":"https:\/\/jinsuncarbon.com\/?s={search_term_string}"},"query-input":{"@type":"PropertyValueSpecification","valueRequired":true,"valueName":"search_term_string"}}],"inLanguage":"tr"},{"@type":"Organization","@id":"https:\/\/jinsuncarbon.com\/#organization","name":"Jinsun Karbon","alternateName":"Jinsun Carbon","url":"https:\/\/jinsuncarbon.com\/","logo":{"@type":"ImageObject","inLanguage":"tr","@id":"https:\/\/jinsuncarbon.com\/#\/schema\/logo\/image\/","url":"https:\/\/jinsuncarbon.com\/wp-content\/uploads\/2022\/12\/LOGO-1.png","contentUrl":"https:\/\/jinsuncarbon.com\/wp-content\/uploads\/2022\/12\/LOGO-1.png","width":207,"height":80,"caption":"Jinsun Carbon"},"image":{"@id":"https:\/\/jinsuncarbon.com\/#\/schema\/logo\/image\/"},"sameAs":["https:\/\/www.facebook.com\/Graphite-Electrode-109336238661595","https:\/\/x.com\/jinsuncarbon_","https:\/\/www.linkedin.com\/in\/jinsungraphite","https:\/\/www.youtube.com\/channel\/UCysDNyvyR5-3cCWEmpkVC0g"]}]}},"_links":{"self":[{"href":"https:\/\/jinsuncarbon.com\/tr\/wp-json\/wp\/v2\/product\/7391","targetHints":{"allow":["GET"]}}],"collection":[{"href":"https:\/\/jinsuncarbon.com\/tr\/wp-json\/wp\/v2\/product"}],"about":[{"href":"https:\/\/jinsuncarbon.com\/tr\/wp-json\/wp\/v2\/types\/product"}],"wp:featuredmedia":[{"embeddable":true,"href":"https:\/\/jinsuncarbon.com\/tr\/wp-json\/wp\/v2\/media\/7392"}],"wp:attachment":[{"href":"https:\/\/jinsuncarbon.com\/tr\/wp-json\/wp\/v2\/media?parent=7391"}],"wp:term":[{"taxonomy":"product_brand","embeddable":true,"href":"https:\/\/jinsuncarbon.com\/tr\/wp-json\/wp\/v2\/product_brand?post=7391"},{"taxonomy":"product_cat","embeddable":true,"href":"https:\/\/jinsuncarbon.com\/tr\/wp-json\/wp\/v2\/product_cat?post=7391"},{"taxonomy":"product_tag","embeddable":true,"href":"https:\/\/jinsuncarbon.com\/tr\/wp-json\/wp\/v2\/product_tag?post=7391"}],"curies":[{"name":"wp","href":"https:\/\/api.w.org\/{rel}","templated":true}]}}