{"id":7375,"date":"2025-01-18T12:58:06","date_gmt":"2025-01-18T12:58:06","guid":{"rendered":"https:\/\/jinsuncarbon.com\/?post_type=product&#038;p=7375"},"modified":"2025-01-18T13:25:02","modified_gmt":"2025-01-18T13:25:02","slug":"grafit-sinterleme-kalibi","status":"publish","type":"product","link":"https:\/\/jinsuncarbon.com\/tr\/urun\/grafit-sinterleme-kalibi\/","title":{"rendered":"Grafit Sinterleme Kal\u0131b\u0131"},"content":{"rendered":"<h2 class=\"ql-align-justify\">Grafit sinterleme kal\u0131plar\u0131<\/h2>\n<p class=\"ql-align-justify\"><span data-type=\"2\" data-index=\"3\" data-gid=\"0\">Grafit sinterleme kal\u0131b\u0131 esas olarak olu\u015fturulacak i\u015f par\u00e7as\u0131na uyarlanm\u0131\u015f \u00e7e\u015fitli \u015fekiller olarak sunulur.<\/span>\u00a0Karma\u015f\u0131k \u00f6zel \u015fekilli, normal silindir vb. Ve bir\u00e7ok avantaj\u0131 vard\u0131r.<\/p>\n<p class=\"ql-align-justify\"><strong>Y\u00fcksek s\u0131cakl\u0131k dayan\u0131m\u0131<\/strong><\/p>\n<p class=\"ql-align-justify\">Son derece y\u00fcksek s\u0131cakl\u0131klara dayanabilir, genellikle 1500 \u00b0 C'de veya daha y\u00fcksek s\u0131cakl\u0131klarda kararl\u0131 bir \u015fekilde \u00e7al\u0131\u015fabilir. Y\u00fcksek s\u0131cakl\u0131k nedeniyle deforme olmaz veya erimez, bu da onu y\u00fcksek s\u0131cakl\u0131kta sinterleme i\u015flemi i\u00e7in \u00e7ok uygun hale getirir.<\/p>\n<p class=\"ql-align-justify\"><strong>Kimyasal stabilite<\/strong><\/p>\n<p class=\"ql-align-justify\">\u00c7o\u011fu kimyasal maddeye kar\u015f\u0131 inerttir ve sinterleme i\u015flemi s\u0131ras\u0131nda sinterlenmi\u015f malzeme ile kimyasal olarak reaksiyona girmez. \u00dcr\u00fcn\u00fcn safl\u0131\u011f\u0131n\u0131 ve kalite istikrar\u0131n\u0131 sa\u011flar.<\/p>\n<p class=\"ql-align-justify\"><strong>\u0130yi termal iletkenlik<\/strong><\/p>\n<p class=\"ql-align-justify\">Is\u0131y\u0131 h\u0131zl\u0131 ve e\u015fit bir \u015fekilde aktarabilir, b\u00f6ylece sinterlenmi\u015f malzeme e\u015fit \u015fekilde \u0131s\u0131t\u0131l\u0131r. Yerel a\u015f\u0131r\u0131 \u0131s\u0131nma veya d\u00fc\u015f\u00fck so\u011futma fenomenini etkili bir \u015fekilde \u00f6nler ve sinterlenmi\u015f \u00fcr\u00fcnlerin kalite tutarl\u0131l\u0131\u011f\u0131n\u0131 art\u0131r\u0131r.<\/p>\n<p class=\"ql-align-justify\"><strong>\u0130yi i\u015flenebilirlik<\/strong><\/p>\n<p class=\"ql-align-justify\">Mekanik i\u015flemenin ger\u00e7ekle\u015ftirilmesi kolayd\u0131r. \u00c7e\u015fitlendirilmi\u015f \u00fcretim ihtiya\u00e7lar\u0131n\u0131 kar\u015f\u0131lamak i\u00e7in farkl\u0131 tasar\u0131m gereksinimlerine g\u00f6re \u00e7e\u015fitli karma\u015f\u0131k \u015fekillerde i\u015fleyebilirsiniz.<\/p>\n<p class=\"ql-align-justify\"><strong>Y\u00fcksek boyutsal do\u011fruluk<\/strong><\/p>\n<p class=\"ql-align-justify\">\u0130\u015flenmi\u015f grafit sinterleme kal\u0131b\u0131n\u0131n boyutsal do\u011frulu\u011fu y\u00fcksektir. Bu, sinterlenmi\u015f \u00fcr\u00fcnlerin boyutsal do\u011frulu\u011funu sa\u011flayabilir ve hurda oran\u0131n\u0131 azaltabilir.<\/p>\n<p class=\"ql-align-justify\"><strong>Uzun hizmet \u00f6mr\u00fc<\/strong><\/p>\n<p class=\"ql-align-justify\">\u0130stikrarl\u0131 performans\u0131 ve g\u00fc\u00e7l\u00fc yap\u0131s\u0131 ile normal kullan\u0131m ko\u015fullar\u0131nda uzun bir hizmet \u00f6mr\u00fcne sahiptir, \u00fcretim maliyetlerini d\u00fc\u015f\u00fcr\u00fcr.<\/p>\n<p>&nbsp;<\/p>\n<h2 class=\"ql-align-justify\">Grafit sinterleme kal\u0131plar\u0131n\u0131n kullan\u0131m alanlar\u0131<\/h2>\n<p class=\"ql-align-justify\"><strong>Toz metalurjisi end\u00fcstrisi:<\/strong><\/p>\n<p class=\"ql-align-justify\">Kullanabilirsiniz <span data-type=\"2\" data-index=\"3\" data-gid=\"0\">grafit sinterleme kal\u0131b\u0131 <\/span>\u00e7e\u015fitli \u00fcr\u00fcnler \u00fcretmek i\u00e7in <a href=\"https:\/\/en.wikipedia.org\/wiki\/Powder_metallurgy\" target=\"_blank\" rel=\"noopener\">toz metalurjisi<\/a> mekanik par\u00e7alar, otomobil par\u00e7alar\u0131, havac\u0131l\u0131k par\u00e7alar\u0131 ve benzeri gibi par\u00e7alar. <span class=\"\" data-type=\"2\" data-index=\"5\" data-gid=\"1\">Metal tozlar\u0131n\u0131n grafit sinterleme kal\u0131plar\u0131na yerle\u015ftirilmesi ve y\u00fcksek s\u0131cakl\u0131klarda yo\u011funla\u015ft\u0131r\u0131lmas\u0131yla belirli \u015fekillere, boyutsal hassasiyete ve mekanik \u00f6zelliklere sahip \u00fcr\u00fcnler elde edilir.<\/span><\/p>\n<p>&nbsp;<\/p>\n<p class=\"ql-align-justify\"><strong>Elektronik bile\u015fen \u00fcretimi:<\/strong><\/p>\n<p class=\"ql-align-justify\">Elektronik bile\u015fenlerde seramik alt tabakalar ve manyetik malzemeler \u00fcretmek i\u00e7in kullanabilirsiniz. Elektronik bile\u015fenlerin \u00fcretim s\u00fcrecinde, \u00fcr\u00fcnlerin boyutsal do\u011frulu\u011funu ve performans istikrar\u0131n\u0131 sa\u011flayabilir. Ayr\u0131ca elektronik end\u00fcstrisinin y\u00fcksek hassasiyetli \u00fcr\u00fcnler i\u00e7in gereksinimlerini de kar\u015f\u0131lar.<\/p>\n<p>&nbsp;<\/p>\n<p class=\"ql-align-justify\"><strong><span data-type=\"2\" data-index=\"7\" data-gid=\"2\">Seramik imalat sanayi:<\/span><\/strong><\/p>\n<p class=\"ql-align-justify\"><span data-type=\"2\" data-index=\"9\" data-gid=\"2\">Grafit sinterleme kal\u0131plar\u0131<\/span><strong>\u00a0<\/strong><span class=\"\" data-type=\"2\" data-index=\"11\" data-gid=\"2\">Seramik \u00fcr\u00fcnlerin sinterlenmesinde yayg\u0131n olarak kullan\u0131l\u0131r.<\/span>\u00a0\u00d6rne\u011fin, iyi termal iletkenlik ile mikro yap\u0131y\u0131 hassas bir \u015fekilde kontrol edebilir, elektronik seramik alt tabakan\u0131n yal\u0131t\u0131m\u0131n\u0131 ve elektriksel g\u00fcvenilirli\u011fini art\u0131rabilir. Seramik malzemelerin y\u00fcksek s\u0131cakl\u0131klarda yo\u011funla\u015fmas\u0131na yard\u0131mc\u0131 olabilir ve seramik \u00fcr\u00fcnlerin mukavemetini ve performans\u0131n\u0131 art\u0131rabilir.<\/p>\n<p>&nbsp;<\/p>\n<p class=\"ql-align-justify\"><strong>Semente karb\u00fcr \u00fcretimi:<\/strong><\/p>\n<p class=\"ql-align-justify\">Sinterlenmi\u015f karb\u00fcr sinterleme kal\u0131plama, grafit sinterleme kal\u0131b\u0131ndan ayr\u0131lamaz. Sinterlenmi\u015f karb\u00fcr tozunu y\u00fcksek s\u0131cakl\u0131kta sinterleyerek <a href=\"https:\/\/jinsuncarbon.com\/tr\/urun\/grafit-kalip\/\">K\u00fcf<\/a>y\u00fcksek sertlik ve y\u00fcksek mukavemete sahip semente karb\u00fcr \u00fcr\u00fcnler olu\u015fur. Kesici tak\u0131mlarda, madencilik aletlerinde ve di\u011fer alanlarda yayg\u0131n olarak kullanabilirsiniz.<\/p>\n<p>&nbsp;<\/p>\n<p class=\"ql-align-justify\"><strong>Di\u011fer y\u00fcksek s\u0131cakl\u0131k malzemelerinin i\u015flenmesi:<\/strong><\/p>\n<p class=\"ql-align-justify\">Baz\u0131 yeni y\u00fcksek s\u0131cakl\u0131k malzemelerinin geli\u015ftirilmesi ve \u00fcretimi i\u00e7in de \u00f6nemli bir rol oynamaktad\u0131r. Bu malzemelerin y\u00fcksek s\u0131cakl\u0131klarda kal\u0131planmas\u0131 ve performans optimizasyonu i\u00e7in g\u00fcvenilir tak\u0131m deste\u011fi sa\u011flayabilir.<\/p>\n<p>&nbsp;<\/p>\n<p><strong>Elmas tak\u0131m imalat\u0131<\/strong><\/p>\n<p>Grafit sinterleme kal\u0131plar\u0131 elmas tak\u0131mlar\u0131n \u00fcretim s\u00fcrecinde kullan\u0131l\u0131r. Bunlar \u0131s\u0131tma elemanlar\u0131d\u0131r ve ayn\u0131 zamanda kal\u0131p deste\u011fi rol\u00fcn\u00fc oynarlar. Grafit malzemeler k\u00fc\u00e7\u00fck g\u00f6zeneklili\u011fe, yo\u011fun yap\u0131ya ve g\u00fc\u00e7l\u00fc oksidasyon direncine sahiptir, bu da elmas aletlerin boyutsal do\u011frulu\u011funu ve \u015feklini sa\u011flar.<\/p>","protected":false},"excerpt":{"rendered":"<p class=\"ql-align-justify\">Grafit sinterleme kal\u0131b\u0131, y\u00fcksek safl\u0131kta grafit malzemeden \u00f6zenle yap\u0131lm\u0131\u015f bir kal\u0131p t\u00fcr\u00fcd\u00fcr. Grafitin m\u00fckemmel \u00f6zellikleri nedeniyle, \u00e7e\u015fitli y\u00fcksek s\u0131cakl\u0131k sinterleme i\u015flemlerinde m\u00fckemmel performansa sahiptir. Toz metalurjisi, seramik ate\u015fleme, elektronik bile\u015fen \u00fcretimi ve di\u011fer end\u00fcstriler gibi geni\u015f bir uygulama alan\u0131na sahiptir.<\/p>\n<p class=\"ql-align-justify\">Bu kal\u0131p, farkl\u0131 end\u00fcstriyel \u00fcretimin y\u00fcksek hassasiyetli ihtiya\u00e7lar\u0131n\u0131 kar\u015f\u0131lamak i\u00e7in \u00e7e\u015fitli malzemelerin \u015feklini do\u011fru bir \u015fekilde \u015fekillendirebilir. Ve modern end\u00fcstriyel \u00fcretimde vazge\u00e7ilmez bir anahtar bile\u015fendir.<\/p>","protected":false},"featured_media":7376,"template":"","meta":[],"product_brand":[],"product_cat":[38],"product_tag":[],"class_list":{"0":"post-7375","1":"product","2":"type-product","3":"status-publish","4":"has-post-thumbnail","6":"product_cat-graphite-products","8":"first","9":"instock","10":"shipping-taxable","11":"product-type-simple"},"yoast_head":"<!-- This site is optimized with the Yoast SEO Premium plugin v19.2.1 (Yoast SEO v25.3) - https:\/\/yoast.com\/wordpress\/plugins\/seo\/ -->\n<title>Graphite Sintering Mold Manufacturer in China | Jinsun Carbon<\/title>\n<meta name=\"description\" content=\"Graphite Sintering Mold Manufacturer in China, custom graphite sintering molds are used in powder metallurgy, heat treatment, diamond tool manufacturing processes.\" \/>\n<meta name=\"robots\" content=\"index, follow, max-snippet:-1, max-image-preview:large, max-video-preview:-1\" \/>\n<link rel=\"canonical\" href=\"https:\/\/jinsuncarbon.com\/tr\/urun\/grafit-sinterleme-kalibi\/\" \/>\n<meta property=\"og:locale\" content=\"tr_TR\" \/>\n<meta property=\"og:type\" content=\"article\" \/>\n<meta property=\"og:title\" content=\"Graphite Sintering Mold\" \/>\n<meta property=\"og:description\" content=\"Graphite Sintering Mold Manufacturer in China, custom graphite sintering molds are used in powder metallurgy, heat treatment, diamond tool manufacturing processes.\" \/>\n<meta property=\"og:url\" content=\"https:\/\/jinsuncarbon.com\/tr\/urun\/grafit-sinterleme-kalibi\/\" \/>\n<meta property=\"og:site_name\" content=\"Jinsun Carbon\" \/>\n<meta property=\"article:publisher\" content=\"https:\/\/www.facebook.com\/Graphite-Electrode-109336238661595\" \/>\n<meta property=\"article:modified_time\" content=\"2025-01-18T13:25:02+00:00\" \/>\n<meta property=\"og:image\" content=\"https:\/\/jinsuncarbon.com\/wp-content\/uploads\/2025\/01\/Graphite-Sintering-Mold-.jpg\" \/>\n\t<meta property=\"og:image:width\" content=\"1024\" \/>\n\t<meta property=\"og:image:height\" content=\"763\" \/>\n\t<meta property=\"og:image:type\" content=\"image\/jpeg\" \/>\n<meta name=\"twitter:card\" content=\"summary_large_image\" \/>\n<meta name=\"twitter:site\" content=\"@jinsuncarbon_\" \/>\n<meta name=\"twitter:label1\" content=\"Tahmini okuma s\u00fcresi\" \/>\n\t<meta name=\"twitter:data1\" content=\"3 dakika\" \/>\n<script type=\"application\/ld+json\" class=\"yoast-schema-graph\">{\"@context\":\"https:\/\/schema.org\",\"@graph\":[{\"@type\":\"WebPage\",\"@id\":\"https:\/\/jinsuncarbon.com\/product\/graphite-sintering-mold\/\",\"url\":\"https:\/\/jinsuncarbon.com\/product\/graphite-sintering-mold\/\",\"name\":\"Graphite Sintering Mold Manufacturer in China | Jinsun Carbon\",\"isPartOf\":{\"@id\":\"https:\/\/jinsuncarbon.com\/#website\"},\"primaryImageOfPage\":{\"@id\":\"https:\/\/jinsuncarbon.com\/product\/graphite-sintering-mold\/#primaryimage\"},\"image\":{\"@id\":\"https:\/\/jinsuncarbon.com\/product\/graphite-sintering-mold\/#primaryimage\"},\"thumbnailUrl\":\"https:\/\/jinsuncarbon.com\/wp-content\/uploads\/2025\/01\/Graphite-Sintering-Mold-.jpg\",\"datePublished\":\"2025-01-18T12:58:06+00:00\",\"dateModified\":\"2025-01-18T13:25:02+00:00\",\"description\":\"Graphite Sintering Mold Manufacturer in China, custom graphite sintering molds are used in powder metallurgy, heat treatment, diamond tool manufacturing processes.\",\"breadcrumb\":{\"@id\":\"https:\/\/jinsuncarbon.com\/product\/graphite-sintering-mold\/#breadcrumb\"},\"inLanguage\":\"tr\",\"potentialAction\":[{\"@type\":\"ReadAction\",\"target\":[\"https:\/\/jinsuncarbon.com\/product\/graphite-sintering-mold\/\"]}]},{\"@type\":\"ImageObject\",\"inLanguage\":\"tr\",\"@id\":\"https:\/\/jinsuncarbon.com\/product\/graphite-sintering-mold\/#primaryimage\",\"url\":\"https:\/\/jinsuncarbon.com\/wp-content\/uploads\/2025\/01\/Graphite-Sintering-Mold-.jpg\",\"contentUrl\":\"https:\/\/jinsuncarbon.com\/wp-content\/uploads\/2025\/01\/Graphite-Sintering-Mold-.jpg\",\"width\":1024,\"height\":763,\"caption\":\"Graphite Sintering Mold\"},{\"@type\":\"BreadcrumbList\",\"@id\":\"https:\/\/jinsuncarbon.com\/product\/graphite-sintering-mold\/#breadcrumb\",\"itemListElement\":[{\"@type\":\"ListItem\",\"position\":1,\"name\":\"Home\",\"item\":\"https:\/\/jinsuncarbon.com\/\"},{\"@type\":\"ListItem\",\"position\":2,\"name\":\"Products\",\"item\":\"https:\/\/jinsuncarbon.com\/graphite-carbon\/\"},{\"@type\":\"ListItem\",\"position\":3,\"name\":\"Graphite Sintering Mold\"}]},{\"@type\":\"WebSite\",\"@id\":\"https:\/\/jinsuncarbon.com\/#website\",\"url\":\"https:\/\/jinsuncarbon.com\/\",\"name\":\"Jinsun Carbon\",\"description\":\"We are the successful graphite electrode manufacturer in China\",\"publisher\":{\"@id\":\"https:\/\/jinsuncarbon.com\/#organization\"},\"potentialAction\":[{\"@type\":\"SearchAction\",\"target\":{\"@type\":\"EntryPoint\",\"urlTemplate\":\"https:\/\/jinsuncarbon.com\/?s={search_term_string}\"},\"query-input\":{\"@type\":\"PropertyValueSpecification\",\"valueRequired\":true,\"valueName\":\"search_term_string\"}}],\"inLanguage\":\"tr\"},{\"@type\":\"Organization\",\"@id\":\"https:\/\/jinsuncarbon.com\/#organization\",\"name\":\"Jinsun Carbon\",\"alternateName\":\"Jinsun Carbon\",\"url\":\"https:\/\/jinsuncarbon.com\/\",\"logo\":{\"@type\":\"ImageObject\",\"inLanguage\":\"tr\",\"@id\":\"https:\/\/jinsuncarbon.com\/#\/schema\/logo\/image\/\",\"url\":\"https:\/\/jinsuncarbon.com\/wp-content\/uploads\/2022\/12\/LOGO-1.png\",\"contentUrl\":\"https:\/\/jinsuncarbon.com\/wp-content\/uploads\/2022\/12\/LOGO-1.png\",\"width\":207,\"height\":80,\"caption\":\"Jinsun Carbon\"},\"image\":{\"@id\":\"https:\/\/jinsuncarbon.com\/#\/schema\/logo\/image\/\"},\"sameAs\":[\"https:\/\/www.facebook.com\/Graphite-Electrode-109336238661595\",\"https:\/\/x.com\/jinsuncarbon_\",\"https:\/\/www.linkedin.com\/in\/jinsungraphite\",\"https:\/\/www.youtube.com\/channel\/UCysDNyvyR5-3cCWEmpkVC0g\"]}]}<\/script>\n<!-- \/ Yoast SEO Premium plugin. -->","yoast_head_json":{"title":"\u00c7in'de Grafit Sinterleme Kal\u0131b\u0131 \u00dcreticisi | Jinsun Carbon","description":"\u00c7in'de Grafit Sinterleme Kal\u0131p \u00dcreticisi, \u00f6zel grafit sinterleme kal\u0131plar\u0131 toz metalurjisi, \u0131s\u0131l i\u015flem, elmas tak\u0131m imalat s\u00fcre\u00e7lerinde kullan\u0131lmaktad\u0131r.","robots":{"index":"index","follow":"follow","max-snippet":"max-snippet:-1","max-image-preview":"max-image-preview:large","max-video-preview":"max-video-preview:-1"},"canonical":"https:\/\/jinsuncarbon.com\/tr\/urun\/grafit-sinterleme-kalibi\/","og_locale":"tr_TR","og_type":"article","og_title":"Graphite Sintering Mold","og_description":"Graphite Sintering Mold Manufacturer in China, custom graphite sintering molds are used in powder metallurgy, heat treatment, diamond tool manufacturing processes.","og_url":"https:\/\/jinsuncarbon.com\/tr\/urun\/grafit-sinterleme-kalibi\/","og_site_name":"Jinsun Carbon","article_publisher":"https:\/\/www.facebook.com\/Graphite-Electrode-109336238661595","article_modified_time":"2025-01-18T13:25:02+00:00","og_image":[{"width":1024,"height":763,"url":"https:\/\/jinsuncarbon.com\/wp-content\/uploads\/2025\/01\/Graphite-Sintering-Mold-.jpg","type":"image\/jpeg"}],"twitter_card":"summary_large_image","twitter_site":"@jinsuncarbon_","twitter_misc":{"Tahmini okuma s\u00fcresi":"3 dakika"},"schema":{"@context":"https:\/\/schema.org","@graph":[{"@type":"WebPage","@id":"https:\/\/jinsuncarbon.com\/product\/graphite-sintering-mold\/","url":"https:\/\/jinsuncarbon.com\/product\/graphite-sintering-mold\/","name":"\u00c7in'de Grafit Sinterleme Kal\u0131b\u0131 \u00dcreticisi | Jinsun Carbon","isPartOf":{"@id":"https:\/\/jinsuncarbon.com\/#website"},"primaryImageOfPage":{"@id":"https:\/\/jinsuncarbon.com\/product\/graphite-sintering-mold\/#primaryimage"},"image":{"@id":"https:\/\/jinsuncarbon.com\/product\/graphite-sintering-mold\/#primaryimage"},"thumbnailUrl":"https:\/\/jinsuncarbon.com\/wp-content\/uploads\/2025\/01\/Graphite-Sintering-Mold-.jpg","datePublished":"2025-01-18T12:58:06+00:00","dateModified":"2025-01-18T13:25:02+00:00","description":"\u00c7in'de Grafit Sinterleme Kal\u0131p \u00dcreticisi, \u00f6zel grafit sinterleme kal\u0131plar\u0131 toz metalurjisi, \u0131s\u0131l i\u015flem, elmas tak\u0131m imalat s\u00fcre\u00e7lerinde kullan\u0131lmaktad\u0131r.","breadcrumb":{"@id":"https:\/\/jinsuncarbon.com\/product\/graphite-sintering-mold\/#breadcrumb"},"inLanguage":"tr","potentialAction":[{"@type":"ReadAction","target":["https:\/\/jinsuncarbon.com\/product\/graphite-sintering-mold\/"]}]},{"@type":"ImageObject","inLanguage":"tr","@id":"https:\/\/jinsuncarbon.com\/product\/graphite-sintering-mold\/#primaryimage","url":"https:\/\/jinsuncarbon.com\/wp-content\/uploads\/2025\/01\/Graphite-Sintering-Mold-.jpg","contentUrl":"https:\/\/jinsuncarbon.com\/wp-content\/uploads\/2025\/01\/Graphite-Sintering-Mold-.jpg","width":1024,"height":763,"caption":"Graphite Sintering Mold"},{"@type":"BreadcrumbList","@id":"https:\/\/jinsuncarbon.com\/product\/graphite-sintering-mold\/#breadcrumb","itemListElement":[{"@type":"ListItem","position":1,"name":"Home","item":"https:\/\/jinsuncarbon.com\/"},{"@type":"ListItem","position":2,"name":"Products","item":"https:\/\/jinsuncarbon.com\/graphite-carbon\/"},{"@type":"ListItem","position":3,"name":"Graphite Sintering Mold"}]},{"@type":"WebSite","@id":"https:\/\/jinsuncarbon.com\/#website","url":"https:\/\/jinsuncarbon.com\/","name":"Jinsun Karbon","description":"\u00c7in'deki ba\u015far\u0131l\u0131 grafit elektrot \u00fcreticisiyiz","publisher":{"@id":"https:\/\/jinsuncarbon.com\/#organization"},"potentialAction":[{"@type":"SearchAction","target":{"@type":"EntryPoint","urlTemplate":"https:\/\/jinsuncarbon.com\/?s={search_term_string}"},"query-input":{"@type":"PropertyValueSpecification","valueRequired":true,"valueName":"search_term_string"}}],"inLanguage":"tr"},{"@type":"Organization","@id":"https:\/\/jinsuncarbon.com\/#organization","name":"Jinsun Karbon","alternateName":"Jinsun Carbon","url":"https:\/\/jinsuncarbon.com\/","logo":{"@type":"ImageObject","inLanguage":"tr","@id":"https:\/\/jinsuncarbon.com\/#\/schema\/logo\/image\/","url":"https:\/\/jinsuncarbon.com\/wp-content\/uploads\/2022\/12\/LOGO-1.png","contentUrl":"https:\/\/jinsuncarbon.com\/wp-content\/uploads\/2022\/12\/LOGO-1.png","width":207,"height":80,"caption":"Jinsun Carbon"},"image":{"@id":"https:\/\/jinsuncarbon.com\/#\/schema\/logo\/image\/"},"sameAs":["https:\/\/www.facebook.com\/Graphite-Electrode-109336238661595","https:\/\/x.com\/jinsuncarbon_","https:\/\/www.linkedin.com\/in\/jinsungraphite","https:\/\/www.youtube.com\/channel\/UCysDNyvyR5-3cCWEmpkVC0g"]}]}},"_links":{"self":[{"href":"https:\/\/jinsuncarbon.com\/tr\/wp-json\/wp\/v2\/product\/7375","targetHints":{"allow":["GET"]}}],"collection":[{"href":"https:\/\/jinsuncarbon.com\/tr\/wp-json\/wp\/v2\/product"}],"about":[{"href":"https:\/\/jinsuncarbon.com\/tr\/wp-json\/wp\/v2\/types\/product"}],"wp:featuredmedia":[{"embeddable":true,"href":"https:\/\/jinsuncarbon.com\/tr\/wp-json\/wp\/v2\/media\/7376"}],"wp:attachment":[{"href":"https:\/\/jinsuncarbon.com\/tr\/wp-json\/wp\/v2\/media?parent=7375"}],"wp:term":[{"taxonomy":"product_brand","embeddable":true,"href":"https:\/\/jinsuncarbon.com\/tr\/wp-json\/wp\/v2\/product_brand?post=7375"},{"taxonomy":"product_cat","embeddable":true,"href":"https:\/\/jinsuncarbon.com\/tr\/wp-json\/wp\/v2\/product_cat?post=7375"},{"taxonomy":"product_tag","embeddable":true,"href":"https:\/\/jinsuncarbon.com\/tr\/wp-json\/wp\/v2\/product_tag?post=7375"}],"curies":[{"name":"wp","href":"https:\/\/api.w.org\/{rel}","templated":true}]}}