{"id":7374,"date":"2025-01-23T15:01:34","date_gmt":"2025-01-23T15:01:34","guid":{"rendered":"https:\/\/jinsuncarbon.com\/?post_type=product&#038;p=7374"},"modified":"2025-03-24T05:01:59","modified_gmt":"2025-03-24T05:01:59","slug":"grafit-sagger","status":"publish","type":"product","link":"https:\/\/jinsuncarbon.com\/tr\/urun\/grafit-sagger\/","title":{"rendered":"Grafit Sagger"},"content":{"rendered":"<h2>Grafit sagger faydalar\u0131<\/h2>\n<h3>Y\u00fcksek S\u0131cakl\u0131k Dayan\u0131m\u0131<\/h3>\n<p>Muhtemelen grafitin en g\u00f6ze \u00e7arpan \u00f6zelliklerinden biri a\u015f\u0131r\u0131 s\u0131cakl\u0131klara dayanabilmesidir. Grafit, sa\u011flaml\u0131\u011f\u0131ndan veya kat\u0131l\u0131\u011f\u0131ndan \u00f6d\u00fcn vermeden 3000\u00b0C'ye (5432\u00b0F) kadar s\u0131cakl\u0131klara dayanabilir. Bu da onlar\u0131, malzemelerin a\u015f\u0131r\u0131 y\u00fcksek s\u0131cakl\u0131klarda \u0131s\u0131t\u0131lmas\u0131 ve eritilmesi veya sinterlenmesi gibi y\u00fcksek performansl\u0131 uygulamalar i\u00e7in uygun hale getirir. Grafit, di\u011fer malzemelerin bozulabilece\u011fi veya e\u011frilebilece\u011fi benzer ko\u015fullar alt\u0131nda \u015feklini korur, b\u00f6ylece proseslerinizin g\u00fcvenli\u011finden ve b\u00fct\u00fcnl\u00fc\u011f\u00fcnden her zaman emin olabilirsiniz.<\/p>\n<h3>Kimyasal Diren\u00e7<\/h3>\n<p>Grafit kimyasal olarak inaktiftir, yani en ba\u015fta gelen kimyasallarla reaksiyona girmez. Bu \u00f6zellik, maddelerin agresif kimyasallar, erimi\u015f metaller veya gazlarla kar\u015f\u0131la\u015ft\u0131\u011f\u0131 end\u00fcstrilerde \u00f6zellikle yararl\u0131d\u0131r. \u00d6rne\u011fin, metal d\u00f6k\u00fcm i\u015flemi devam ederken grafit erimi\u015f metal veya farkl\u0131 elementlerle reaksiyona girmez, bu nedenle onu kirlenmeye kar\u015f\u0131 korur. Kimyasal reaksiyonlara direnme kabiliyeti, hem saggerin i\u00e7 bile\u015fiminin bozulmadan kalmas\u0131 hem de \u00fcr\u00fcnlerinizin niteliklerini bozacak ikincil reaksiyonlar\u0131n olmamas\u0131 anlam\u0131na gelir.<\/p>\n<h3>Yap\u0131\u015fmaz Y\u00fczey<\/h3>\n<p>Grafit sarka\u00e7lar ayr\u0131ca yap\u0131\u015fmaz bir y\u00fczeye sahiptir. Grafit sagger i\u00e7inde tutulan \u00f6\u011feler, di\u011fer malzemelerin aksine y\u00fczeyine yap\u0131\u015fmaz. Bu, malzemenin kirlenme riskini en aza indirir ve i\u015fleme tamamland\u0131\u011f\u0131nda sarka\u00e7tan \u00e7\u0131kar\u0131lmas\u0131n\u0131 kolayla\u015ft\u0131r\u0131r. Bu, seramik veya metal i\u015fleme gibi temizli\u011fin ve kullan\u0131m kolayl\u0131\u011f\u0131n\u0131n \u00f6nemli oldu\u011fu end\u00fcstriler i\u00e7in \u00e7ok daha avantajl\u0131d\u0131r.<\/p>\n<h3>Dayan\u0131kl\u0131l\u0131k<\/h3>\n<p>Bu nedenle grafit \u00e7ok dayan\u0131kl\u0131 bir malzemedir ve grafit sarka\u00e7lar uzun \u00f6m\u00fcrl\u00fcd\u00fcr ve kolay kolay y\u0131pranmaz. Bir\u00e7ok kez yeniden kullan\u0131labildikleri i\u00e7in verimliliklerini kaybetmezler ve b\u00f6ylece zaman i\u00e7inde uygun maliyetli bir \u00e7\u00f6z\u00fcm haline gelirler. Y\u00fcksek s\u0131cakl\u0131klar\u0131n ve zorlu ortamlar\u0131n stresiyle ba\u015fa \u00e7\u0131kabildikleri i\u00e7in grafit sarka\u00e7lar\u0131n zaman i\u00e7inde kendilerini koruyacaklar\u0131na ve de\u011fi\u015ftirmeleri en aza indireceklerine g\u00fcvenebilirsiniz.<\/p>\n<h3>Termal \u0130letkenlik<\/h3>\n<p><a href=\"https:\/\/jinsuncarbon.com\/tr\/urun\/sentetik-grafit\/\">Grafit<\/a> sagger y\u00fczeyinde homojen bir \u0131s\u0131 da\u011f\u0131l\u0131m\u0131 sa\u011flayan termal iletkendir. Bu, i\u00e7 malzemeleri sinterleme, f\u0131r\u0131nlama veya ala\u015f\u0131m \u00fcretme gibi i\u015flemler i\u00e7in hayati \u00f6nem ta\u015f\u0131yan tek tip s\u0131cakl\u0131\u011fa al\u0131\u015ft\u0131r\u0131r. Bu da s\u00fcrecin daha verimli olmas\u0131n\u0131 ve \u00fcr\u00fcnlerin daha y\u00fcksek kalitede \u00fcretilmesini sa\u011flar.<\/p>\n<h2>Grafit sarka\u00e7lar\u0131n kullan\u0131m alanlar\u0131<\/h2>\n<h3>Lityum Katot Malzemesinin Sinterlenmesi<\/h3>\n<p>Grafit sarka\u00e7lar i\u00e7in bir di\u011fer \u00f6nemli geli\u015fme alan\u0131 da lityum-iyon h\u00fccrelerinin \u00fcretiminde lityum katot malzemelerinin sinterlenmesidir. Sinterleme: \u00c7ok y\u00fcksek s\u0131cakl\u0131klar alt\u0131nda par\u00e7ac\u0131klar\u0131 bir araya getirerek katot malzemesinin nihai yap\u0131s\u0131n\u0131 olu\u015fturma i\u015flemi. Bu i\u015flem normalde katot malzemesinin sinterlenmesini gerektirir. <a href=\"https:\/\/en.wikipedia.org\/wiki\/Cathode\" target=\"_blank\" rel=\"noopener\">katot<\/a> grafit sark\u0131tlar\u0131n daha fazla kirlenme olmadan ihtiya\u00e7 duyulan \u0131s\u0131 tutma ve kimyasal stabiliteyi sa\u011flad\u0131\u011f\u0131 malzeme. Grafit sarka\u00e7lar, elektrikli ara\u00e7lar ve yenilenebilir enerji depolama gibi \u00e7e\u015fitli sekt\u00f6rler i\u00e7in gerekli olan lityum-iyon piller i\u00e7in y\u00fcksek performansl\u0131 bile\u015fenler \u00fcretmek i\u00e7in kullan\u0131l\u0131r.<\/p>\n<h3>Metalurji d\u00f6k\u00fcm ve kal\u0131plama<\/h3>\n<p>Metal\u00fcrji end\u00fcstrisinde grafit sarka\u00e7lar en \u00f6nemli bile\u015fenlerden biridir. Y\u00fcksek kaliteli metaller ve ala\u015f\u0131mlar \u00fcretmek i\u00e7in metal ala\u015f\u0131m \u0131s\u0131l i\u015flemi ve f\u0131r\u0131n korumas\u0131 i\u00e7in kullan\u0131l\u0131rlar. Metalin e\u015fit \u015fekilde \u0131s\u0131t\u0131lmas\u0131n\u0131 ve s\u00fcrecin kontroll\u00fc kalmas\u0131n\u0131 sa\u011flar; bu da nihai \u00fcr\u00fcn\u00fcn gerekli \u00f6zelliklerini geli\u015ftirmek i\u00e7in \u00f6nemlidir. D\u00f6k\u00fcmden d\u00f6vmeye ve ala\u015f\u0131mlamaya kadar, grafit sarka\u00e7lar a\u015fa\u011f\u0131daki alanlarda \u00e7al\u0131\u015fmak i\u00e7in gereken g\u00fcvenilirli\u011fi sunar <a href=\"https:\/\/en.wikipedia.org\/wiki\/Metallurgy\" target=\"_blank\" rel=\"noopener\">METALURJ\u0130<\/a>.<\/p>\n<h3>De\u011ferli ve nadir metal eritme:<\/h3>\n<p>Alt\u0131n, g\u00fcm\u00fc\u015f, platin gibi de\u011ferli metallerin ve tungsten, molibden ve tantal gibi nadir metallerin eritilmesi s\u00fcrecinde grafit sarka\u00e7lar, eritme i\u015fleminin sorunsuz ilerlemesini sa\u011flamak i\u00e7in y\u00fcksek s\u0131cakl\u0131k ve a\u015f\u0131nd\u0131r\u0131c\u0131 gazlar\u0131n erozyonuna dayanabilir<\/p>\n<h3>Elektronik<\/h3>\n<p>Ayr\u0131ca grafit sarka\u00e7lar elektronik end\u00fcstrisinde y\u00fcksek s\u0131cakl\u0131k prosesleri i\u00e7in de kullan\u0131lmaktad\u0131r. Yar\u0131 iletkenler, kapasit\u00f6rler ve diren\u00e7ler gibi \u00e7e\u015fitli elektronik bile\u015fenler, do\u011fru s\u0131cakl\u0131klarda \u0131s\u0131t\u0131lmalar\u0131n\u0131 sa\u011flamak i\u00e7in \u00fcretim s\u00fcrecine ba\u011fl\u0131d\u0131r. Grafit sarka\u00e7lar\u0131n benzersiz tasar\u0131m\u0131 kontroll\u00fc bir atmosfer sa\u011flayarak hassas bile\u015fenlerin kirlenmesini \u00f6nler ve b\u00fct\u00fcnl\u00fcklerini korur. Kimyasal kararl\u0131l\u0131\u011f\u0131n\u0131n yan\u0131 s\u0131ra, elektronik \u00fcretim s\u00fcrecinde lehim, kimyasallar ve metaller aras\u0131ndaki istenmeyen reaksiyonlara kar\u015f\u0131 da bir bariyer g\u00f6revi g\u00f6r\u00fcr.<\/p>\n<h3>Cam \u00dcretimi<\/h3>\n<p>Grafit sarka\u00e7lar, cam \u00fcretimi i\u00e7in eritme ve \u015fekillendirme i\u015flemleri s\u0131ras\u0131nda cam \u00fcr\u00fcnlerin korunmas\u0131nda \u00e7ok \u00f6nemlidir. <a href=\"https:\/\/jinsuncarbon.com\/tr\/grafitin-ozellikleri\/\">Grafit<\/a>'nin \u0131s\u0131 direnci ve reaktif olmayan y\u00fczeyi, cam\u0131n kirlenmeye kar\u015f\u0131 korundu\u011fu f\u0131r\u0131nlar i\u00e7in de m\u00fckemmeldir. Sagger, cam\u0131n s\u0131cakl\u0131\u011f\u0131n\u0131 sabit tutarak e\u015fit \u015fekilde erimesini sa\u011flar, b\u00f6ylece kabarc\u0131klar, renk de\u011fi\u015fikli\u011fi veya d\u00fczensiz doku gibi kusurlar en aza indirilir.<\/p>\n<p>&nbsp;<\/p>\n<p class=\"ql-align-justify\">","protected":false},"excerpt":{"rendered":"<p>Grafit sager, grafitten yap\u0131lm\u0131\u015f ve 800-1200 \u2103'ye kadar s\u0131cakl\u0131klara dayanacak \u015fekilde tasarlanm\u0131\u015f y\u00fcksek s\u0131cakl\u0131kl\u0131 bir kapt\u0131r. Malzemelerin do\u011frudan y\u00fcksek \u0131s\u0131ya veya a\u015f\u0131nd\u0131r\u0131c\u0131 unsurlara (\u00f6rne\u011fin sinterleme veya metal d\u00f6k\u00fcm) maruz kalmas\u0131n\u0131 \u00f6nlemek birincil amac\u0131d\u0131r. Amac\u0131, yap\u0131sal destek sa\u011flarken ayn\u0131 zamanda i\u00e7indeki malzemeler i\u00e7in istikrarl\u0131 bir ortam yaratmaya yard\u0131mc\u0131 olmak, hasar\u0131 \u00f6nlemek ve daha e\u015fit \u0131s\u0131nmaya izin vermektir.<\/p>\n<p>Grafit, b\u00fcy\u00fck \u0131s\u0131 direnci ve kimyasal kararl\u0131l\u0131k gibi \u00f6zel nitelikleri nedeniyle bu t\u00fcr \u00fcr\u00fcnler i\u00e7in iyi bir malzemedir. Grafit sagger, lityum demir fosfat (LFP) \u00fcretiminde y\u00fcksek s\u0131cakl\u0131kta sinterleme a\u015famas\u0131nda \u00f6nemli bir rol oynar, y\u00fcksek \u0131s\u0131ya veya agresif kimyasal reaksiyonlara maruz kalan uygulamalar i\u00e7in m\u00fckemmeldir.<\/p>","protected":false},"featured_media":7410,"template":"","meta":[],"product_brand":[],"product_cat":[38],"product_tag":[],"class_list":{"0":"post-7374","1":"product","2":"type-product","3":"status-publish","4":"has-post-thumbnail","6":"product_cat-graphite-products","8":"first","9":"instock","10":"shipping-taxable","11":"product-type-simple"},"yoast_head":"<!-- This site is optimized with the Yoast SEO Premium plugin v19.2.1 (Yoast SEO v25.3) - https:\/\/yoast.com\/wordpress\/plugins\/seo\/ -->\n<title>Graphite Sagger Manufacturer in China | Jinsun Carbon<\/title>\n<meta name=\"description\" content=\"Graphite sagger is used for sintering, casting, and molding in high-temperature applications. It often used in the production of lithium batteries.\" \/>\n<meta name=\"robots\" content=\"index, follow, max-snippet:-1, max-image-preview:large, max-video-preview:-1\" \/>\n<link rel=\"canonical\" href=\"https:\/\/jinsuncarbon.com\/tr\/urun\/grafit-sagger\/\" \/>\n<meta property=\"og:locale\" content=\"tr_TR\" \/>\n<meta property=\"og:type\" content=\"article\" \/>\n<meta property=\"og:title\" content=\"Graphite Sagger\" \/>\n<meta property=\"og:description\" content=\"Graphite sagger is used for sintering, casting, and molding in high-temperature applications. It often used in the production of lithium batteries.\" \/>\n<meta property=\"og:url\" content=\"https:\/\/jinsuncarbon.com\/tr\/urun\/grafit-sagger\/\" \/>\n<meta property=\"og:site_name\" content=\"Jinsun Carbon\" \/>\n<meta property=\"article:publisher\" content=\"https:\/\/www.facebook.com\/Graphite-Electrode-109336238661595\" \/>\n<meta property=\"article:modified_time\" content=\"2025-03-24T05:01:59+00:00\" \/>\n<meta property=\"og:image\" content=\"https:\/\/jinsuncarbon.com\/wp-content\/uploads\/2025\/01\/Graphite-sagger.jpg\" \/>\n\t<meta property=\"og:image:width\" content=\"1024\" \/>\n\t<meta property=\"og:image:height\" content=\"763\" \/>\n\t<meta property=\"og:image:type\" content=\"image\/jpeg\" \/>\n<meta name=\"twitter:card\" content=\"summary_large_image\" \/>\n<meta name=\"twitter:site\" content=\"@jinsuncarbon_\" \/>\n<meta name=\"twitter:label1\" content=\"Tahmini okuma s\u00fcresi\" \/>\n\t<meta name=\"twitter:data1\" content=\"4 dakika\" \/>\n<script type=\"application\/ld+json\" class=\"yoast-schema-graph\">{\"@context\":\"https:\/\/schema.org\",\"@graph\":[{\"@type\":\"WebPage\",\"@id\":\"https:\/\/jinsuncarbon.com\/product\/graphite-sagger\/\",\"url\":\"https:\/\/jinsuncarbon.com\/product\/graphite-sagger\/\",\"name\":\"Graphite Sagger Manufacturer in China | Jinsun Carbon\",\"isPartOf\":{\"@id\":\"https:\/\/jinsuncarbon.com\/#website\"},\"primaryImageOfPage\":{\"@id\":\"https:\/\/jinsuncarbon.com\/product\/graphite-sagger\/#primaryimage\"},\"image\":{\"@id\":\"https:\/\/jinsuncarbon.com\/product\/graphite-sagger\/#primaryimage\"},\"thumbnailUrl\":\"https:\/\/jinsuncarbon.com\/wp-content\/uploads\/2025\/01\/Graphite-sagger.jpg\",\"datePublished\":\"2025-01-23T15:01:34+00:00\",\"dateModified\":\"2025-03-24T05:01:59+00:00\",\"description\":\"Graphite sagger is used for sintering, casting, and molding in high-temperature applications. It often used in the production of lithium batteries.\",\"breadcrumb\":{\"@id\":\"https:\/\/jinsuncarbon.com\/product\/graphite-sagger\/#breadcrumb\"},\"inLanguage\":\"tr\",\"potentialAction\":[{\"@type\":\"ReadAction\",\"target\":[\"https:\/\/jinsuncarbon.com\/product\/graphite-sagger\/\"]}]},{\"@type\":\"ImageObject\",\"inLanguage\":\"tr\",\"@id\":\"https:\/\/jinsuncarbon.com\/product\/graphite-sagger\/#primaryimage\",\"url\":\"https:\/\/jinsuncarbon.com\/wp-content\/uploads\/2025\/01\/Graphite-sagger.jpg\",\"contentUrl\":\"https:\/\/jinsuncarbon.com\/wp-content\/uploads\/2025\/01\/Graphite-sagger.jpg\",\"width\":1024,\"height\":763,\"caption\":\"Graphite sagger\"},{\"@type\":\"BreadcrumbList\",\"@id\":\"https:\/\/jinsuncarbon.com\/product\/graphite-sagger\/#breadcrumb\",\"itemListElement\":[{\"@type\":\"ListItem\",\"position\":1,\"name\":\"Home\",\"item\":\"https:\/\/jinsuncarbon.com\/\"},{\"@type\":\"ListItem\",\"position\":2,\"name\":\"Products\",\"item\":\"https:\/\/jinsuncarbon.com\/graphite-carbon\/\"},{\"@type\":\"ListItem\",\"position\":3,\"name\":\"Graphite Sagger\"}]},{\"@type\":\"WebSite\",\"@id\":\"https:\/\/jinsuncarbon.com\/#website\",\"url\":\"https:\/\/jinsuncarbon.com\/\",\"name\":\"Jinsun Carbon\",\"description\":\"We are the successful graphite electrode manufacturer in China\",\"publisher\":{\"@id\":\"https:\/\/jinsuncarbon.com\/#organization\"},\"potentialAction\":[{\"@type\":\"SearchAction\",\"target\":{\"@type\":\"EntryPoint\",\"urlTemplate\":\"https:\/\/jinsuncarbon.com\/?s={search_term_string}\"},\"query-input\":{\"@type\":\"PropertyValueSpecification\",\"valueRequired\":true,\"valueName\":\"search_term_string\"}}],\"inLanguage\":\"tr\"},{\"@type\":\"Organization\",\"@id\":\"https:\/\/jinsuncarbon.com\/#organization\",\"name\":\"Jinsun Carbon\",\"alternateName\":\"Jinsun Carbon\",\"url\":\"https:\/\/jinsuncarbon.com\/\",\"logo\":{\"@type\":\"ImageObject\",\"inLanguage\":\"tr\",\"@id\":\"https:\/\/jinsuncarbon.com\/#\/schema\/logo\/image\/\",\"url\":\"https:\/\/jinsuncarbon.com\/wp-content\/uploads\/2022\/12\/LOGO-1.png\",\"contentUrl\":\"https:\/\/jinsuncarbon.com\/wp-content\/uploads\/2022\/12\/LOGO-1.png\",\"width\":207,\"height\":80,\"caption\":\"Jinsun Carbon\"},\"image\":{\"@id\":\"https:\/\/jinsuncarbon.com\/#\/schema\/logo\/image\/\"},\"sameAs\":[\"https:\/\/www.facebook.com\/Graphite-Electrode-109336238661595\",\"https:\/\/x.com\/jinsuncarbon_\",\"https:\/\/www.linkedin.com\/in\/jinsungraphite\",\"https:\/\/www.youtube.com\/channel\/UCysDNyvyR5-3cCWEmpkVC0g\"]}]}<\/script>\n<!-- \/ Yoast SEO Premium plugin. -->","yoast_head_json":{"title":"\u00c7in'de Grafit Sagger \u00dcreticisi | Jinsun Carbon","description":"Grafit sagger, y\u00fcksek s\u0131cakl\u0131k uygulamalar\u0131nda sinterleme, d\u00f6k\u00fcm ve kal\u0131plama i\u00e7in kullan\u0131l\u0131r. Genellikle lityum pil \u00fcretiminde kullan\u0131l\u0131r.","robots":{"index":"index","follow":"follow","max-snippet":"max-snippet:-1","max-image-preview":"max-image-preview:large","max-video-preview":"max-video-preview:-1"},"canonical":"https:\/\/jinsuncarbon.com\/tr\/urun\/grafit-sagger\/","og_locale":"tr_TR","og_type":"article","og_title":"Graphite Sagger","og_description":"Graphite sagger is used for sintering, casting, and molding in high-temperature applications. It often used in the production of lithium batteries.","og_url":"https:\/\/jinsuncarbon.com\/tr\/urun\/grafit-sagger\/","og_site_name":"Jinsun Carbon","article_publisher":"https:\/\/www.facebook.com\/Graphite-Electrode-109336238661595","article_modified_time":"2025-03-24T05:01:59+00:00","og_image":[{"width":1024,"height":763,"url":"https:\/\/jinsuncarbon.com\/wp-content\/uploads\/2025\/01\/Graphite-sagger.jpg","type":"image\/jpeg"}],"twitter_card":"summary_large_image","twitter_site":"@jinsuncarbon_","twitter_misc":{"Tahmini okuma s\u00fcresi":"4 dakika"},"schema":{"@context":"https:\/\/schema.org","@graph":[{"@type":"WebPage","@id":"https:\/\/jinsuncarbon.com\/product\/graphite-sagger\/","url":"https:\/\/jinsuncarbon.com\/product\/graphite-sagger\/","name":"\u00c7in'de Grafit Sagger \u00dcreticisi | Jinsun Carbon","isPartOf":{"@id":"https:\/\/jinsuncarbon.com\/#website"},"primaryImageOfPage":{"@id":"https:\/\/jinsuncarbon.com\/product\/graphite-sagger\/#primaryimage"},"image":{"@id":"https:\/\/jinsuncarbon.com\/product\/graphite-sagger\/#primaryimage"},"thumbnailUrl":"https:\/\/jinsuncarbon.com\/wp-content\/uploads\/2025\/01\/Graphite-sagger.jpg","datePublished":"2025-01-23T15:01:34+00:00","dateModified":"2025-03-24T05:01:59+00:00","description":"Grafit sagger, y\u00fcksek s\u0131cakl\u0131k uygulamalar\u0131nda sinterleme, d\u00f6k\u00fcm ve kal\u0131plama i\u00e7in kullan\u0131l\u0131r. Genellikle lityum pil \u00fcretiminde kullan\u0131l\u0131r.","breadcrumb":{"@id":"https:\/\/jinsuncarbon.com\/product\/graphite-sagger\/#breadcrumb"},"inLanguage":"tr","potentialAction":[{"@type":"ReadAction","target":["https:\/\/jinsuncarbon.com\/product\/graphite-sagger\/"]}]},{"@type":"ImageObject","inLanguage":"tr","@id":"https:\/\/jinsuncarbon.com\/product\/graphite-sagger\/#primaryimage","url":"https:\/\/jinsuncarbon.com\/wp-content\/uploads\/2025\/01\/Graphite-sagger.jpg","contentUrl":"https:\/\/jinsuncarbon.com\/wp-content\/uploads\/2025\/01\/Graphite-sagger.jpg","width":1024,"height":763,"caption":"Graphite sagger"},{"@type":"BreadcrumbList","@id":"https:\/\/jinsuncarbon.com\/product\/graphite-sagger\/#breadcrumb","itemListElement":[{"@type":"ListItem","position":1,"name":"Home","item":"https:\/\/jinsuncarbon.com\/"},{"@type":"ListItem","position":2,"name":"Products","item":"https:\/\/jinsuncarbon.com\/graphite-carbon\/"},{"@type":"ListItem","position":3,"name":"Graphite Sagger"}]},{"@type":"WebSite","@id":"https:\/\/jinsuncarbon.com\/#website","url":"https:\/\/jinsuncarbon.com\/","name":"Jinsun Karbon","description":"\u00c7in'deki ba\u015far\u0131l\u0131 grafit elektrot \u00fcreticisiyiz","publisher":{"@id":"https:\/\/jinsuncarbon.com\/#organization"},"potentialAction":[{"@type":"SearchAction","target":{"@type":"EntryPoint","urlTemplate":"https:\/\/jinsuncarbon.com\/?s={search_term_string}"},"query-input":{"@type":"PropertyValueSpecification","valueRequired":true,"valueName":"search_term_string"}}],"inLanguage":"tr"},{"@type":"Organization","@id":"https:\/\/jinsuncarbon.com\/#organization","name":"Jinsun Karbon","alternateName":"Jinsun Carbon","url":"https:\/\/jinsuncarbon.com\/","logo":{"@type":"ImageObject","inLanguage":"tr","@id":"https:\/\/jinsuncarbon.com\/#\/schema\/logo\/image\/","url":"https:\/\/jinsuncarbon.com\/wp-content\/uploads\/2022\/12\/LOGO-1.png","contentUrl":"https:\/\/jinsuncarbon.com\/wp-content\/uploads\/2022\/12\/LOGO-1.png","width":207,"height":80,"caption":"Jinsun Carbon"},"image":{"@id":"https:\/\/jinsuncarbon.com\/#\/schema\/logo\/image\/"},"sameAs":["https:\/\/www.facebook.com\/Graphite-Electrode-109336238661595","https:\/\/x.com\/jinsuncarbon_","https:\/\/www.linkedin.com\/in\/jinsungraphite","https:\/\/www.youtube.com\/channel\/UCysDNyvyR5-3cCWEmpkVC0g"]}]}},"_links":{"self":[{"href":"https:\/\/jinsuncarbon.com\/tr\/wp-json\/wp\/v2\/product\/7374","targetHints":{"allow":["GET"]}}],"collection":[{"href":"https:\/\/jinsuncarbon.com\/tr\/wp-json\/wp\/v2\/product"}],"about":[{"href":"https:\/\/jinsuncarbon.com\/tr\/wp-json\/wp\/v2\/types\/product"}],"wp:featuredmedia":[{"embeddable":true,"href":"https:\/\/jinsuncarbon.com\/tr\/wp-json\/wp\/v2\/media\/7410"}],"wp:attachment":[{"href":"https:\/\/jinsuncarbon.com\/tr\/wp-json\/wp\/v2\/media?parent=7374"}],"wp:term":[{"taxonomy":"product_brand","embeddable":true,"href":"https:\/\/jinsuncarbon.com\/tr\/wp-json\/wp\/v2\/product_brand?post=7374"},{"taxonomy":"product_cat","embeddable":true,"href":"https:\/\/jinsuncarbon.com\/tr\/wp-json\/wp\/v2\/product_cat?post=7374"},{"taxonomy":"product_tag","embeddable":true,"href":"https:\/\/jinsuncarbon.com\/tr\/wp-json\/wp\/v2\/product_tag?post=7374"}],"curies":[{"name":"wp","href":"https:\/\/api.w.org\/{rel}","templated":true}]}}