{"id":7362,"date":"2025-01-17T08:13:31","date_gmt":"2025-01-17T08:13:31","guid":{"rendered":"https:\/\/jinsuncarbon.com\/?post_type=product&#038;p=7362"},"modified":"2025-01-19T06:05:03","modified_gmt":"2025-01-19T06:05:03","slug":"grafit-nozul","status":"publish","type":"product","link":"https:\/\/jinsuncarbon.com\/tr\/urun\/grafit-nozul\/","title":{"rendered":"Grafit Nozul"},"content":{"rendered":"<h2>Grafit nozul uygulamalar\u0131<\/h2>\n<h3>Metal D\u00f6k\u00fcm<\/h3>\n<p>Grafit nozullar, erimi\u015f metalleri kal\u0131plara y\u00f6nlendirdikleri metal d\u00f6k\u00fcm\u00fcnde \u00e7ok \u00f6nemlidir. Grafitin y\u00fcksek s\u0131cakl\u0131klara kar\u015f\u0131 m\u00fckemmel direnci nedeniyle, bu nozullar erimi\u015f metallerin (al\u00fcminyum, \u00e7elik ve pirin\u00e7) y\u00fcksek s\u0131cakl\u0131klar\u0131na dayanabilir. Metal ak\u0131\u015f\u0131n\u0131 hassas bir \u015fekilde mod\u00fcle etme yetene\u011fi, daha kaliteli d\u00f6k\u00fcm ve daha az at\u0131k anlam\u0131na gelir.<\/p>\n<p>Grafitin korozyona ve a\u015f\u0131nmaya kar\u015f\u0131 diren\u00e7li olmas\u0131 da onu metal d\u00f6k\u00fcmhaneleri i\u00e7in tipik olarak uzun \u00f6m\u00fcrl\u00fc k\u0131lar. : Bu nozullar ayr\u0131ca nozullar \u00fczerinde metalin d\u00fczg\u00fcn ve t\u0131kanmadan akmas\u0131n\u0131 engelleyen t\u0131kan\u0131kl\u0131k ve malzeme birikimini de \u00f6nler.<\/p>\n<h3>Uzay ve Havac\u0131l\u0131k<\/h3>\n<p>Havac\u0131l\u0131k ve uzay alan\u0131ndaki kariyeri boyunca malzeme, roketler ve di\u011fer itici g\u00fc\u00e7 h\u00fccreleri i\u00e7in nozul bile\u015fenlerinde \u00e7ok\u00e7a kullan\u0131lm\u0131\u015ft\u0131r. Bu nozullar, \u00f6zellikle roket f\u0131rlatmalar\u0131 s\u0131ras\u0131nda a\u015f\u0131r\u0131 \u0131s\u0131 ve bas\u0131nca maruz kalmaktad\u0131r. Bunu a\u015f\u0131r\u0131 ko\u015fullar alt\u0131nda par\u00e7alanmadan yapabilmesi grafiti bu y\u00fcksek performansl\u0131 kullan\u0131mlar i\u00e7in m\u00fckemmel bir malzeme haline getirmektedir.<\/p>\n<p>Grafit nozullar, roket motorlar\u0131n\u0131n yan\u0131 s\u0131ra gaz veya yak\u0131t mevzuat\u0131 \u00fczerinde hassas kontrol gerektiren uzay arac\u0131 sistemlerinde de kullan\u0131lmaktad\u0131r. S\u00fcper hafif ve dayan\u0131kl\u0131 olmalar\u0131n\u0131n yan\u0131 s\u0131ra a\u015f\u0131r\u0131 s\u0131cakl\u0131klara dayanabildikleri i\u00e7in grafit nozullar, havac\u0131l\u0131k ve uzay g\u00f6revlerinin g\u00fcvenli ve tekrarlanabilir olmas\u0131 a\u00e7\u0131s\u0131ndan kritik \u00f6neme sahiptir.<\/p>\n<h3>Lazer Teknolojisi<\/h3>\n<p>Lazerle kesme ve kaynaklama, i\u015flem i\u00e7in gazlar\u0131 bir dereceye kadar hareket ettirmek i\u00e7in verimli nozullar gerektiren \u00f6nemli lazer uygulamalar\u0131 aras\u0131ndad\u0131r. Bu uygulamalarda, lazer i\u015fleminden kaynaklanan kirlenmeyi \u00f6nlemek amac\u0131yla ak\u0131\u015f i\u00e7in grafit nozullar kullan\u0131l\u0131r. <a href=\"https:\/\/jinsuncarbon.com\/tr\/grafi%cc%87t-nedi%cc%87r-ve-grafi%cc%87t-neyden-yapilir\/\">Grafit<\/a> \u0131s\u0131 direnci ve p\u00fcr\u00fczs\u00fcz y\u00fczeyi sayesinde lazer sistemlerinin performans\u0131n\u0131 sa\u011flamak i\u00e7in ideal bir malzemedir.<\/p>\n<p>Lazer \u0131\u015f\u0131n\u0131n\u0131 odakta ve dengede tutma yetene\u011fi, grafit nozullar kullanarak y\u00fcksek hassasiyetle kesme ve kaynak yapmaya olanak tan\u0131r. Grafit malzemenin d\u00fc\u015f\u00fck s\u00fcrt\u00fcnmesi de nozul par\u00e7alar\u0131n\u0131n a\u015f\u0131nma oran\u0131n\u0131 en aza indirir, uzun \u00f6m\u00fcrl\u00fc bile\u015fenler elde etmenize ve daha d\u00fc\u015f\u00fck bak\u0131m maliyeti elde etmenize yard\u0131mc\u0131 olur.<\/p>\n<h3>Elektronik \u0130malat\u0131<\/h3>\n<p>Elektronik imalat end\u00fcstrisinde grafit nozullar genellikle yo\u011fun s\u0131cakl\u0131klar\u0131n veya hassas malzemelerin s\u00f6z konusu oldu\u011fu uygulamalarda kullan\u0131l\u0131r. Yar\u0131 iletkenlerle \u00e7al\u0131\u015f\u0131rken, grafit nozullar erimi\u015f metalleri veya gazlar\u0131 iletmek i\u00e7in kullan\u0131l\u0131r. Grafitin \u0131s\u0131ya ve korozyona kar\u015f\u0131 direnci, noz\u00fcl\u00fcn y\u00fcksek stres ko\u015fullar\u0131 alt\u0131nda etkilenmemesini sa\u011flar - \u00fcr\u00fcn kalitesi i\u00e7in kritik \u00f6neme sahiptir.<\/p>\n<p>Ayr\u0131ca grafit nozullar, do\u011fru malzeme ak\u0131\u015f kontrol\u00fcn\u00fcn kritik oldu\u011fu lehimleme makineleri gibi cihazlarda da kullan\u0131lmaktad\u0131r. Bu nedenle, bu t\u00fcr uygulamalarda nozul tasar\u0131m\u0131n\u0131n uyarlanmas\u0131, nihai \u00fcr\u00fcnde daha y\u00fcksek kalite ve homojenli\u011fe yol a\u00e7an malzeme birikimini iyile\u015ftirebilir.<\/p>\n<h2>Grafit nozullar\u0131n temel avantajlar\u0131<\/h2>\n<h3>M\u00fckemmel Is\u0131 Direnci<\/h3>\n<p>Grafit nozullar\u0131n en dikkat \u00e7ekici \u00f6zelli\u011fi y\u00fcksek \u0131s\u0131 direncidir. Grafit m\u00fckemmel bir y\u00fcksek s\u0131cakl\u0131k malzemesidir ve son derece y\u00fcksek s\u0131cakl\u0131klara dayanabilir. \u0130ster bir d\u00f6k\u00fcmhanede metallerin d\u00f6v\u00fclmesi, isterse bir havac\u0131l\u0131k motorunda y\u00fcksek s\u0131cakl\u0131klarda gazlar olsun, grafit nozullar aksi takdirde di\u011fer malzemeleri saatler i\u00e7inde bozacak olumsuz ko\u015fullarda yap\u0131sal b\u00fct\u00fcnl\u00fcklerini korurlar.<\/p>\n<p>Erimi\u015f al\u00fcminyum veya \u00e7elik 1.000\u00b0C'nin (1.832\u00b0F) \u00fczerindeki s\u0131cakl\u0131klarda eriyebilir ve akabilir - ve grafit nozullar bile bu yerlerde hattan fazla ayr\u0131lmadan yanabilir ve par\u00e7alanarak \u015farapnel haline gelebilir. Bu y\u00fcksek s\u0131cakl\u0131k ortam\u0131na dayanma kabiliyeti, malzemeyi y\u00fcksek \u0131s\u0131ya kar\u015f\u0131 direncin temel endi\u015fe kayna\u011f\u0131 oldu\u011fu end\u00fcstrilerde s\u0131kl\u0131kla tercih edilen bir se\u00e7enek haline getirmektedir.<\/p>\n<h3>\u00dcst\u00fcn Dayan\u0131kl\u0131l\u0131k<\/h3>\n<p>Grafit nozullar\u0131n sa\u011flad\u0131\u011f\u0131 dayan\u0131kl\u0131l\u0131k, bak\u0131m maliyetlerinin en aza indirilmesi a\u00e7\u0131s\u0131ndan \u00f6nemlidir. Grafit, metaller ve seramikler gibi nozul i\u00e7in kullan\u0131lan farkl\u0131 malzemeleri etkileyen a\u015f\u0131nmaya kar\u015f\u0131 dayan\u0131kl\u0131d\u0131r. Erimi\u015f malzemelerin veya gazlar\u0131n a\u015f\u0131nd\u0131r\u0131c\u0131 kuvvetlerine kar\u015f\u0131 diren\u00e7li olmas\u0131, nozulunuzu zaman i\u00e7inde daha uzun \u00f6m\u00fcrl\u00fc ve daha verimli hale getirir.<\/p>\n<p>Grafit, di\u011fer bir\u00e7ok metalin aksine, s\u0131cak ortamlarda erozyona ve bozulmaya kar\u015f\u0131 diren\u00e7lidir, b\u00f6ylece uzun s\u00fcreler boyunca g\u00fcc\u00fcn\u00fc ve performans\u0131n\u0131 korur. Buna ek olarak, grafit nozullar uzun s\u00fcre dayand\u0131\u011f\u0131ndan, daha az s\u0131kl\u0131kta de\u011fi\u015ftirilmeleri gerekir; bu da operasyonlar\u0131n\u0131zda daha az aksama s\u00fcresi ve sonu\u00e7ta daha az para ve zaman harcanmas\u0131 anlam\u0131na gelir.<\/p>\n<h3>Korozyon Direnci<\/h3>\n<p>Sert kimyasallar\u0131n ve a\u015f\u0131r\u0131 s\u0131cakl\u0131klar\u0131n varl\u0131\u011f\u0131nda bile korozyona kar\u015f\u0131 do\u011fal olarak diren\u00e7lidir. \u00d6rne\u011fin metal d\u00f6k\u00fcm veya kimyasal i\u015fleme gibi end\u00fcstrilerdeki nozullar, zaman i\u00e7inde a\u015f\u0131nd\u0131ran, zay\u0131flatan veya tehlikeye atan korozif malzemelere rutin olarak maruz kalabilir. Metal e\u015fde\u011ferleriyle kar\u015f\u0131la\u015ft\u0131rmaGrafit nozullar bu t\u00fcr korozyona kar\u015f\u0131 \u00e7ok diren\u00e7lidir, bu nedenle genellikle kimyasal olarak agresif ortamlarda g\u00fcvenilir bir se\u00e7enek olarak kabul edilir.<\/p>\n<p>Grafit erimi\u015f metallere, asitlere ve alkalilere kar\u015f\u0131 korozyona dayan\u0131kl\u0131d\u0131r. Nozul ayr\u0131ca uzun s\u00fcre hizmet verecek \u015fekilde tasarlanm\u0131\u015ft\u0131r, bu da s\u00fcrekli bak\u0131m veya de\u011fi\u015ftirme gerektirmeden \u00e7al\u0131\u015faca\u011f\u0131 i\u00e7in operasyonlar\u0131n\u0131zdaki muda at\u0131\u011f\u0131n\u0131 kolayla\u015ft\u0131r\u0131r.<\/p>\n<h3>D\u00fc\u015f\u00fck S\u00fcrt\u00fcnme<\/h3>\n<p>Grafitin do\u011fas\u0131nda bulunan kayganl\u0131k \u00f6zelli\u011fi d\u00fc\u015f\u00fck s\u00fcrt\u00fcnmeli bir y\u00fczey olu\u015fturarak d\u00fczg\u00fcn malzeme ak\u0131\u015f\u0131n\u0131n \u00f6nemli oldu\u011fu uygulamalarda tercih edilmelerini sa\u011flar. Bu d\u00fc\u015f\u00fck s\u00fcrt\u00fcnme \u00f6zelli\u011fi, a\u015fa\u011f\u0131dakiler i\u00e7in nozullar i\u00e7in avantajl\u0131 olacakt\u0131r <a href=\"https:\/\/en.wikipedia.org\/wiki\/Metal_casting\" target=\"_blank\" rel=\"noopener\">metal d\u00f6k\u00fcm<\/a> veya ak\u0131\u015fkan dinami\u011fi. Grafit nozullar s\u00fcrt\u00fcnmeyi azaltarak daha iyi malzeme ak\u0131\u015f\u0131, daha az t\u0131kanma ve nozul ve malzemelerde daha az a\u015f\u0131nma sa\u011flar.<\/p>\n<p>Grafit nozullar ayr\u0131ca daha kontroll\u00fc ve tutarl\u0131 bir ak\u0131\u015f sa\u011flayan daha p\u00fcr\u00fczs\u00fcz bir y\u00fczey sunar; bu da lazer kesim veya havac\u0131l\u0131k tahriki gibi hassas uygulamalar i\u00e7in \u00f6nemlidir. D\u00fc\u015f\u00fck s\u00fcrt\u00fcnme, genel olarak daha verimli bir sistem i\u00e7in daha tutarl\u0131 performansa \u00f6nemli bir katk\u0131da bulunur.<\/p>\n<h3>\u00d6zelle\u015ftirilebilir Tasar\u0131mlar<\/h3>\n<p>Grafit nozullar\u0131n bir di\u011fer b\u00fcy\u00fck avantaj\u0131 da \u00e7ok y\u00f6nl\u00fcl\u00fc\u011f\u00fc ve tasar\u0131m\u0131 \u00f6zelle\u015ftirme kabiliyetidir. Grafitin son derece d\u00f6v\u00fclebilir bir malzeme olmas\u0131 nedeniyle, nozullar farkl\u0131 \u015fekil ve boyutlarda yap\u0131labilir ve belirli uygulamalara g\u00f6re \u00f6zelle\u015ftirilebilir. Dar bir a\u00e7\u0131kl\u0131ktan geni\u015f bir a\u00e7\u0131kl\u0131\u011fa, belirli bir uzunlu\u011fa ve \u00f6zel i\u00e7 kanallara kadar, grafitin \u00f6zel gereksinimleriniz ne olursa olsun \u015fekillendirilmesi nispeten kolayd\u0131r.<\/p>\n<p>Nozullar, duvar kal\u0131nl\u0131\u011f\u0131, nozul u\u00e7lar\u0131 ve di\u011fer ak\u0131\u015f dinamikleri gibi di\u011fer y\u00f6nlerden de \u00f6zelle\u015ftirilebilir ve b\u00f6ylece nozulunuz i\u00e7in tam olarak ihtiyac\u0131n\u0131z olan performans\u0131 elde edebilirsiniz. Bu esneklik, grafit nozullar\u0131n neredeyse t\u00fcm end\u00fcstrilerde ve uygulamalarda kullan\u0131lmas\u0131n\u0131 sa\u011flar.<\/p>\n<p class=\"ql-align-justify\">","protected":false},"excerpt":{"rendered":"<p>Grafit nozul, y\u00fcksek kaliteli grafitten yap\u0131lm\u0131\u015f y\u00fcksek performansl\u0131 \u00e7ok ama\u00e7l\u0131 bir bile\u015fendir. Grafitin ola\u011fan\u00fcst\u00fc termal \u00f6zellikleri onu hasara ve a\u015f\u0131nmaya kar\u015f\u0131 diren\u00e7li hale getirir, bu da bu malzemelerin y\u00fcksek s\u0131cakl\u0131kta veya agresif ortamlarda uygulanmas\u0131na olanak tan\u0131r.<\/p>\n<p>Metal i\u015fleme, roket motorlar\u0131, elektronik \u00fcretimi ve lazer gibi \u00e7ok say\u0131da sekt\u00f6r i\u00e7in uygun olan grafit nozullar, \u00e7e\u015fitli \u00fcretim s\u00fcre\u00e7lerinde yayg\u0131n olarak kullan\u0131lmaktad\u0131r. Grafit nozullar, a\u015f\u0131r\u0131 y\u00fcksek \u0131s\u0131dan kaynaklanan gerilimleri kald\u0131rabildikleri ve di\u011fer bir\u00e7ok malzemenin tolerans\u0131n\u0131n \u00f6tesinde korozif ortamlara izin verdikleri ve b\u00f6ylece daha uzun s\u00fcre g\u00fcvenilir bir \u00e7\u00f6z\u00fcm sa\u011flad\u0131klar\u0131 i\u00e7in bu uygulamalar i\u00e7in m\u00fckemmel bir se\u00e7imdir.<\/p>","protected":false},"featured_media":7363,"template":"","meta":[],"product_brand":[],"product_cat":[38],"product_tag":[],"class_list":{"0":"post-7362","1":"product","2":"type-product","3":"status-publish","4":"has-post-thumbnail","6":"product_cat-graphite-products","8":"first","9":"instock","10":"shipping-taxable","11":"product-type-simple"},"yoast_head":"<!-- This site is optimized with the Yoast SEO Premium plugin v19.2.1 (Yoast SEO v25.3) - https:\/\/yoast.com\/wordpress\/plugins\/seo\/ -->\n<title>Graphite Nozzle Manufacturer in China | Jinsun Carbon<\/title>\n<meta name=\"description\" content=\"Graphite rocket nozzles for sale, it is a critical component used in rocket engines, particularly in those that utilize solid rocket propellants or hybrid propulsion systems.\" \/>\n<meta name=\"robots\" content=\"index, follow, max-snippet:-1, max-image-preview:large, max-video-preview:-1\" \/>\n<link rel=\"canonical\" href=\"https:\/\/jinsuncarbon.com\/tr\/urun\/grafit-nozul\/\" \/>\n<meta property=\"og:locale\" content=\"tr_TR\" \/>\n<meta property=\"og:type\" content=\"article\" \/>\n<meta property=\"og:title\" content=\"Graphite Nozzle\" \/>\n<meta property=\"og:description\" content=\"Graphite rocket nozzles for sale, it is a critical component used in rocket engines, particularly in those that utilize solid rocket propellants or hybrid propulsion systems.\" \/>\n<meta property=\"og:url\" content=\"https:\/\/jinsuncarbon.com\/tr\/urun\/grafit-nozul\/\" \/>\n<meta property=\"og:site_name\" content=\"Jinsun Carbon\" \/>\n<meta property=\"article:publisher\" content=\"https:\/\/www.facebook.com\/Graphite-Electrode-109336238661595\" \/>\n<meta property=\"article:modified_time\" content=\"2025-01-19T06:05:03+00:00\" \/>\n<meta property=\"og:image\" content=\"https:\/\/jinsuncarbon.com\/wp-content\/uploads\/2025\/01\/Graphite-nozzle.jpg\" \/>\n\t<meta property=\"og:image:width\" content=\"1024\" \/>\n\t<meta property=\"og:image:height\" content=\"763\" \/>\n\t<meta property=\"og:image:type\" content=\"image\/jpeg\" \/>\n<meta name=\"twitter:card\" content=\"summary_large_image\" \/>\n<meta name=\"twitter:site\" content=\"@jinsuncarbon_\" \/>\n<meta name=\"twitter:label1\" content=\"Tahmini okuma s\u00fcresi\" \/>\n\t<meta name=\"twitter:data1\" content=\"5 dakika\" \/>\n<script type=\"application\/ld+json\" class=\"yoast-schema-graph\">{\"@context\":\"https:\/\/schema.org\",\"@graph\":[{\"@type\":\"WebPage\",\"@id\":\"https:\/\/jinsuncarbon.com\/product\/graphite-nozzle\/\",\"url\":\"https:\/\/jinsuncarbon.com\/product\/graphite-nozzle\/\",\"name\":\"Graphite Nozzle Manufacturer in China | Jinsun Carbon\",\"isPartOf\":{\"@id\":\"https:\/\/jinsuncarbon.com\/#website\"},\"primaryImageOfPage\":{\"@id\":\"https:\/\/jinsuncarbon.com\/product\/graphite-nozzle\/#primaryimage\"},\"image\":{\"@id\":\"https:\/\/jinsuncarbon.com\/product\/graphite-nozzle\/#primaryimage\"},\"thumbnailUrl\":\"https:\/\/jinsuncarbon.com\/wp-content\/uploads\/2025\/01\/Graphite-nozzle.jpg\",\"datePublished\":\"2025-01-17T08:13:31+00:00\",\"dateModified\":\"2025-01-19T06:05:03+00:00\",\"description\":\"Graphite rocket nozzles for sale, it is a critical component used in rocket engines, particularly in those that utilize solid rocket propellants or hybrid propulsion systems.\",\"breadcrumb\":{\"@id\":\"https:\/\/jinsuncarbon.com\/product\/graphite-nozzle\/#breadcrumb\"},\"inLanguage\":\"tr\",\"potentialAction\":[{\"@type\":\"ReadAction\",\"target\":[\"https:\/\/jinsuncarbon.com\/product\/graphite-nozzle\/\"]}]},{\"@type\":\"ImageObject\",\"inLanguage\":\"tr\",\"@id\":\"https:\/\/jinsuncarbon.com\/product\/graphite-nozzle\/#primaryimage\",\"url\":\"https:\/\/jinsuncarbon.com\/wp-content\/uploads\/2025\/01\/Graphite-nozzle.jpg\",\"contentUrl\":\"https:\/\/jinsuncarbon.com\/wp-content\/uploads\/2025\/01\/Graphite-nozzle.jpg\",\"width\":1024,\"height\":763,\"caption\":\"Graphite nozzle\"},{\"@type\":\"BreadcrumbList\",\"@id\":\"https:\/\/jinsuncarbon.com\/product\/graphite-nozzle\/#breadcrumb\",\"itemListElement\":[{\"@type\":\"ListItem\",\"position\":1,\"name\":\"Home\",\"item\":\"https:\/\/jinsuncarbon.com\/\"},{\"@type\":\"ListItem\",\"position\":2,\"name\":\"Products\",\"item\":\"https:\/\/jinsuncarbon.com\/graphite-carbon\/\"},{\"@type\":\"ListItem\",\"position\":3,\"name\":\"Graphite Nozzle\"}]},{\"@type\":\"WebSite\",\"@id\":\"https:\/\/jinsuncarbon.com\/#website\",\"url\":\"https:\/\/jinsuncarbon.com\/\",\"name\":\"Jinsun Carbon\",\"description\":\"We are the successful graphite electrode manufacturer in China\",\"publisher\":{\"@id\":\"https:\/\/jinsuncarbon.com\/#organization\"},\"potentialAction\":[{\"@type\":\"SearchAction\",\"target\":{\"@type\":\"EntryPoint\",\"urlTemplate\":\"https:\/\/jinsuncarbon.com\/?s={search_term_string}\"},\"query-input\":{\"@type\":\"PropertyValueSpecification\",\"valueRequired\":true,\"valueName\":\"search_term_string\"}}],\"inLanguage\":\"tr\"},{\"@type\":\"Organization\",\"@id\":\"https:\/\/jinsuncarbon.com\/#organization\",\"name\":\"Jinsun Carbon\",\"alternateName\":\"Jinsun Carbon\",\"url\":\"https:\/\/jinsuncarbon.com\/\",\"logo\":{\"@type\":\"ImageObject\",\"inLanguage\":\"tr\",\"@id\":\"https:\/\/jinsuncarbon.com\/#\/schema\/logo\/image\/\",\"url\":\"https:\/\/jinsuncarbon.com\/wp-content\/uploads\/2022\/12\/LOGO-1.png\",\"contentUrl\":\"https:\/\/jinsuncarbon.com\/wp-content\/uploads\/2022\/12\/LOGO-1.png\",\"width\":207,\"height\":80,\"caption\":\"Jinsun Carbon\"},\"image\":{\"@id\":\"https:\/\/jinsuncarbon.com\/#\/schema\/logo\/image\/\"},\"sameAs\":[\"https:\/\/www.facebook.com\/Graphite-Electrode-109336238661595\",\"https:\/\/x.com\/jinsuncarbon_\",\"https:\/\/www.linkedin.com\/in\/jinsungraphite\",\"https:\/\/www.youtube.com\/channel\/UCysDNyvyR5-3cCWEmpkVC0g\"]}]}<\/script>\n<!-- \/ Yoast SEO Premium plugin. -->","yoast_head_json":{"title":"\u00c7in'de Grafit Nozul \u00dcreticisi | Jinsun Carbon","description":"Sat\u0131l\u0131k grafit roket nozullar\u0131, roket motorlar\u0131nda, \u00f6zellikle kat\u0131 roket iticileri veya hibrit tahrik sistemleri kullananlarda kullan\u0131lan kritik bir bile\u015fendir.","robots":{"index":"index","follow":"follow","max-snippet":"max-snippet:-1","max-image-preview":"max-image-preview:large","max-video-preview":"max-video-preview:-1"},"canonical":"https:\/\/jinsuncarbon.com\/tr\/urun\/grafit-nozul\/","og_locale":"tr_TR","og_type":"article","og_title":"Graphite Nozzle","og_description":"Graphite rocket nozzles for sale, it is a critical component used in rocket engines, particularly in those that utilize solid rocket propellants or hybrid propulsion systems.","og_url":"https:\/\/jinsuncarbon.com\/tr\/urun\/grafit-nozul\/","og_site_name":"Jinsun Carbon","article_publisher":"https:\/\/www.facebook.com\/Graphite-Electrode-109336238661595","article_modified_time":"2025-01-19T06:05:03+00:00","og_image":[{"width":1024,"height":763,"url":"https:\/\/jinsuncarbon.com\/wp-content\/uploads\/2025\/01\/Graphite-nozzle.jpg","type":"image\/jpeg"}],"twitter_card":"summary_large_image","twitter_site":"@jinsuncarbon_","twitter_misc":{"Tahmini okuma s\u00fcresi":"5 dakika"},"schema":{"@context":"https:\/\/schema.org","@graph":[{"@type":"WebPage","@id":"https:\/\/jinsuncarbon.com\/product\/graphite-nozzle\/","url":"https:\/\/jinsuncarbon.com\/product\/graphite-nozzle\/","name":"\u00c7in'de Grafit Nozul \u00dcreticisi | Jinsun Carbon","isPartOf":{"@id":"https:\/\/jinsuncarbon.com\/#website"},"primaryImageOfPage":{"@id":"https:\/\/jinsuncarbon.com\/product\/graphite-nozzle\/#primaryimage"},"image":{"@id":"https:\/\/jinsuncarbon.com\/product\/graphite-nozzle\/#primaryimage"},"thumbnailUrl":"https:\/\/jinsuncarbon.com\/wp-content\/uploads\/2025\/01\/Graphite-nozzle.jpg","datePublished":"2025-01-17T08:13:31+00:00","dateModified":"2025-01-19T06:05:03+00:00","description":"Sat\u0131l\u0131k grafit roket nozullar\u0131, roket motorlar\u0131nda, \u00f6zellikle kat\u0131 roket iticileri veya hibrit tahrik sistemleri kullananlarda kullan\u0131lan kritik bir bile\u015fendir.","breadcrumb":{"@id":"https:\/\/jinsuncarbon.com\/product\/graphite-nozzle\/#breadcrumb"},"inLanguage":"tr","potentialAction":[{"@type":"ReadAction","target":["https:\/\/jinsuncarbon.com\/product\/graphite-nozzle\/"]}]},{"@type":"ImageObject","inLanguage":"tr","@id":"https:\/\/jinsuncarbon.com\/product\/graphite-nozzle\/#primaryimage","url":"https:\/\/jinsuncarbon.com\/wp-content\/uploads\/2025\/01\/Graphite-nozzle.jpg","contentUrl":"https:\/\/jinsuncarbon.com\/wp-content\/uploads\/2025\/01\/Graphite-nozzle.jpg","width":1024,"height":763,"caption":"Graphite nozzle"},{"@type":"BreadcrumbList","@id":"https:\/\/jinsuncarbon.com\/product\/graphite-nozzle\/#breadcrumb","itemListElement":[{"@type":"ListItem","position":1,"name":"Home","item":"https:\/\/jinsuncarbon.com\/"},{"@type":"ListItem","position":2,"name":"Products","item":"https:\/\/jinsuncarbon.com\/graphite-carbon\/"},{"@type":"ListItem","position":3,"name":"Graphite Nozzle"}]},{"@type":"WebSite","@id":"https:\/\/jinsuncarbon.com\/#website","url":"https:\/\/jinsuncarbon.com\/","name":"Jinsun Karbon","description":"\u00c7in'deki ba\u015far\u0131l\u0131 grafit elektrot \u00fcreticisiyiz","publisher":{"@id":"https:\/\/jinsuncarbon.com\/#organization"},"potentialAction":[{"@type":"SearchAction","target":{"@type":"EntryPoint","urlTemplate":"https:\/\/jinsuncarbon.com\/?s={search_term_string}"},"query-input":{"@type":"PropertyValueSpecification","valueRequired":true,"valueName":"search_term_string"}}],"inLanguage":"tr"},{"@type":"Organization","@id":"https:\/\/jinsuncarbon.com\/#organization","name":"Jinsun Karbon","alternateName":"Jinsun Carbon","url":"https:\/\/jinsuncarbon.com\/","logo":{"@type":"ImageObject","inLanguage":"tr","@id":"https:\/\/jinsuncarbon.com\/#\/schema\/logo\/image\/","url":"https:\/\/jinsuncarbon.com\/wp-content\/uploads\/2022\/12\/LOGO-1.png","contentUrl":"https:\/\/jinsuncarbon.com\/wp-content\/uploads\/2022\/12\/LOGO-1.png","width":207,"height":80,"caption":"Jinsun Carbon"},"image":{"@id":"https:\/\/jinsuncarbon.com\/#\/schema\/logo\/image\/"},"sameAs":["https:\/\/www.facebook.com\/Graphite-Electrode-109336238661595","https:\/\/x.com\/jinsuncarbon_","https:\/\/www.linkedin.com\/in\/jinsungraphite","https:\/\/www.youtube.com\/channel\/UCysDNyvyR5-3cCWEmpkVC0g"]}]}},"_links":{"self":[{"href":"https:\/\/jinsuncarbon.com\/tr\/wp-json\/wp\/v2\/product\/7362","targetHints":{"allow":["GET"]}}],"collection":[{"href":"https:\/\/jinsuncarbon.com\/tr\/wp-json\/wp\/v2\/product"}],"about":[{"href":"https:\/\/jinsuncarbon.com\/tr\/wp-json\/wp\/v2\/types\/product"}],"wp:featuredmedia":[{"embeddable":true,"href":"https:\/\/jinsuncarbon.com\/tr\/wp-json\/wp\/v2\/media\/7363"}],"wp:attachment":[{"href":"https:\/\/jinsuncarbon.com\/tr\/wp-json\/wp\/v2\/media?parent=7362"}],"wp:term":[{"taxonomy":"product_brand","embeddable":true,"href":"https:\/\/jinsuncarbon.com\/tr\/wp-json\/wp\/v2\/product_brand?post=7362"},{"taxonomy":"product_cat","embeddable":true,"href":"https:\/\/jinsuncarbon.com\/tr\/wp-json\/wp\/v2\/product_cat?post=7362"},{"taxonomy":"product_tag","embeddable":true,"href":"https:\/\/jinsuncarbon.com\/tr\/wp-json\/wp\/v2\/product_tag?post=7362"}],"curies":[{"name":"wp","href":"https:\/\/api.w.org\/{rel}","templated":true}]}}