{"id":7338,"date":"2025-01-24T09:22:15","date_gmt":"2025-01-24T09:22:15","guid":{"rendered":"https:\/\/jinsuncarbon.com\/?post_type=product&#038;p=7338"},"modified":"2025-01-24T11:52:53","modified_gmt":"2025-01-24T11:52:53","slug":"grafit-ambalaj","status":"publish","type":"product","link":"https:\/\/jinsuncarbon.com\/tr\/urun\/grafit-ambalaj\/","title":{"rendered":"Grafit Ambalaj"},"content":{"rendered":"<h2 class=\"ql-align-justify\">Grafit Ambalaj<\/h2>\n<p class=\"ql-align-justify\">Grafit ambalajlar genellikle halat, ip veya \u00e7e\u015fitli \u015fekillerde dokunmu\u015f olarak sunulur. Avantajlar\u0131 ola\u011fan\u00fcst\u00fcd\u00fcr.<\/p>\n<p class=\"ql-align-justify\"><strong>M\u00fckemmel termal kararl\u0131l\u0131k<\/strong><\/p>\n<p class=\"ql-align-justify\">200\u00b0C ila 600\u00b0C gibi geni\u015f bir s\u0131cakl\u0131k aral\u0131\u011f\u0131nda istikrarl\u0131 performans\u0131n\u0131 koruyabilir. Ve s\u0131cakl\u0131ktaki b\u00fcy\u00fck dalgalanmalar nedeniyle s\u0131zd\u0131rmazl\u0131k etkisini etkilemeyecektir.<\/p>\n<p class=\"ql-align-justify\"><strong>Kararl\u0131 kimyasal \u00f6zellikler<\/strong><\/p>\n<p class=\"ql-align-justify\">\u00c7o\u011fu kimyasal maddeye kar\u015f\u0131 m\u00fckemmel toleransa sahiptir. G\u00fc\u00e7l\u00fc bir asit baz veya organik \u00e7\u00f6z\u00fcc\u00fc olsun, korozyona neden olmas\u0131 zordur.<\/p>\n<p class=\"ql-align-justify\"><strong>D\u00fc\u015f\u00fck s\u00fcrt\u00fcnme katsay\u0131s\u0131<\/strong><\/p>\n<p class=\"ql-align-justify\">S\u0131zd\u0131rmazl\u0131k i\u015fleminde, bile\u015fenler aras\u0131ndaki s\u00fcrt\u00fcnme kayb\u0131n\u0131 azaltabilir. Ayr\u0131ca belirli bir kendi kendini ya\u011flama rol\u00fc oynar, b\u00f6ylece ekipman\u0131n hizmet \u00f6mr\u00fcn\u00fc uzat\u0131r. I<\/p>\n<p class=\"ql-align-justify\"><strong>\u0130yi s\u0131k\u0131\u015ft\u0131rma esnekli\u011fi<\/strong><\/p>\n<p class=\"ql-align-justify\">Uzun s\u00fcre y\u00fcksek bas\u0131n\u00e7 alt\u0131nda kalsa bile, bas\u0131n\u00e7 tahliye edildi\u011finde, s\u00fcrekli ve etkili bir s\u0131zd\u0131rmazl\u0131k sa\u011flamak i\u00e7in elastikiyetinin bir k\u0131sm\u0131n\u0131 geri kazanabilir.<\/p>\n<p class=\"ql-align-justify\">Ayn\u0131 zamanda, kurulumu ve demontaj\u0131 nispeten basittir ve farkl\u0131 s\u0131zd\u0131rmazl\u0131k gereksinimlerine g\u00f6re esnek bir \u015fekilde ayarlanabilir.<\/p>\n<h2 class=\"ql-align-justify\">Grafit ambalaj t\u00fcrleri<\/h2>\n<p class=\"ql-align-justify\"><strong>\u00d6rg\u00fcl\u00fc grafit ambalaj:<\/strong><\/p>\n<p class=\"ql-align-justify\">Bu en yayg\u0131n tiptir ve dokuma grafit liflerden yap\u0131l\u0131r. \u0130yi bir esnekli\u011fe ve mukavemete sahiptir ve \u00e7e\u015fitli karma\u015f\u0131k s\u0131zd\u0131rmazl\u0131k \u015fekillerine uyum sa\u011flayabilir. \u00d6rg\u00fcl\u00fc yap\u0131, s\u0131zd\u0131rmazl\u0131k sa\u011fland\u0131\u011f\u0131nda bo\u015flu\u011fu daha iyi doldurmas\u0131n\u0131 sa\u011flayarak ortam s\u0131z\u0131nt\u0131s\u0131n\u0131 etkili bir \u015fekilde \u00f6nler. Yayg\u0131n end\u00fcstriyel ekipman salmastras\u0131 ve valf s\u0131zd\u0131rmazl\u0131\u011f\u0131 ve di\u011fer senaryolarda yayg\u0131n olarak kullanabilirsiniz.<\/p>\n<p class=\"ql-align-justify\"><strong>Geni\u015fletilmi\u015f grafit ambalaj:<\/strong><\/p>\n<p class=\"ql-align-justify\">\u00d6zel i\u015flemle \u00fcretilmi\u015ftir <a href=\"https:\/\/jinsuncarbon.com\/tr\/grafitin-kullanim-alanlari\/\">grafit<\/a> geni\u015flemesini sa\u011flamak i\u00e7in. M\u00fckemmel s\u0131k\u0131\u015ft\u0131rma esnekli\u011fine sahiptir ve iyi bir s\u0131zd\u0131rmazl\u0131k etkisi olu\u015fturmak i\u00e7in s\u0131k\u0131ld\u0131ktan sonra s\u0131zd\u0131rmazl\u0131k y\u00fczeyine s\u0131k\u0131ca oturtulabilir. Ve y\u00fcksek s\u0131cakl\u0131k ortam\u0131nda, s\u0131zd\u0131rmazl\u0131k performans\u0131 hala kararl\u0131d\u0131r. Y\u00fcksek s\u0131cakl\u0131k reakt\u00f6r\u00fc, buhar boru hatt\u0131 vanas\u0131 gibi y\u00fcksek s\u0131cakl\u0131k ve y\u00fcksek bas\u0131n\u00e7l\u0131 ekipman s\u0131zd\u0131rmazl\u0131\u011f\u0131nda kullanabilirsiniz.<\/p>\n<p class=\"ql-align-justify\"><strong>Tel grafit ambalaj:<\/strong><\/p>\n<p class=\"ql-align-justify\">Grafit salmastraya tel takviyesi eklemek, salmastran\u0131n genel mukavemetini ve a\u015f\u0131nma direncini art\u0131r\u0131r. Bu<strong>\u00a0<\/strong>Salmastra, y\u00fcksek s\u0131zd\u0131rmazl\u0131k gereksinimleri ve ekipman\u0131n \u00e7al\u0131\u015fmas\u0131nda daha fazla s\u00fcrt\u00fcnme ve titre\u015fim olan baz\u0131 durumlar i\u00e7in uygundur. S\u0131zd\u0131rmazl\u0131k \u00f6mr\u00fcn\u00fc etkili bir \u015fekilde uzatabilir ve bak\u0131m s\u0131kl\u0131\u011f\u0131n\u0131 azaltabilir.<\/p>\n<p class=\"ql-align-justify\"><strong>Emprenye grafit ambalaj:<\/strong><\/p>\n<p class=\"ql-align-justify\">Belirli bir a\u00e7\u0131dan performans\u0131n\u0131 art\u0131rmak i\u00e7in belirli bir kimyasal madde ile emprenye edilmesi. \u00d6rne\u011fin, politetrafloroetilen (PTFE) emdirildikten sonra, dolgu maddesinin korozyon direnci ve kimyasal direnci geli\u015ftirilebilir. Ve kimya end\u00fcstrisinde y\u00fcksek korozif ortam ta\u015f\u0131yan boru hatlar\u0131n\u0131n ve ekipmanlar\u0131n s\u0131zd\u0131rmazl\u0131\u011f\u0131 i\u00e7in uygundur.<\/p>\n<h2 class=\"ql-align-justify\">Grafit ambalaj\u0131n kullan\u0131m alanlar\u0131<\/h2>\n<h3 class=\"ql-align-justify\">Makine end\u00fcstrisi:<\/h3>\n<p class=\"ql-align-justify\">Mekanik salmastralar a\u00e7\u0131s\u0131ndan, pompalar\u0131n, kompres\u00f6rlerin, vanalar\u0131n ve di\u011fer ekipmanlar\u0131n \u015faft salmastralar\u0131nda ve valf g\u00f6vdesi salmastralar\u0131nda yayg\u0131n olarak kullanabilirsiniz. \u0130yi esnekli\u011fi ve s\u0131k\u0131\u015ft\u0131rma esnekli\u011fi, s\u0131zd\u0131rmazl\u0131k bo\u015flu\u011funu s\u0131k\u0131ca doldurabilir. S\u0131v\u0131 ve gaz s\u0131z\u0131nt\u0131s\u0131n\u0131 etkili bir \u015fekilde \u00f6nler ve ekipman\u0131n istikrarl\u0131 \u00e7al\u0131\u015fmas\u0131n\u0131 sa\u011flar. \u00d6rne\u011fin, kimyasal pompalarda grafit salmastra, pompadaki y\u00fcksek bas\u0131nca ve a\u015f\u0131nd\u0131r\u0131c\u0131 ortama dayanabilir. Pompan\u0131n normal \u00e7al\u0131\u015fmas\u0131n\u0131 sa\u011flamak i\u00e7in.<\/p>\n<h3 class=\"ql-align-justify\">Petrokimya sekt\u00f6r\u00fc:<\/h3>\n<p class=\"ql-align-justify\">Petrokimya end\u00fcstrisinde boru ba\u011flant\u0131lar\u0131nda ve ekipman s\u0131zd\u0131rmazl\u0131\u011f\u0131nda \u00f6nemli bir rol oynar. \u0130ster y\u00fcksek s\u0131cakl\u0131kl\u0131 ve y\u00fcksek bas\u0131n\u00e7l\u0131 bir reakt\u00f6r, ister \u00e7e\u015fitli a\u015f\u0131nd\u0131r\u0131c\u0131 ortamlar\u0131 ta\u015f\u0131yan bir boru hatt\u0131 olsun, malzeme s\u0131z\u0131nt\u0131s\u0131n\u0131 etkili bir \u015fekilde \u00f6nlemek ve g\u00fcvenlik kazalar\u0131n\u0131 \u00f6nlemek i\u00e7in m\u00fckemmel kimyasal stabilitesine ve s\u0131zd\u0131rmazl\u0131k performans\u0131na g\u00fcvenebilir. Petrol ar\u0131tma \u00fcnitesinde, her t\u00fcrl\u00fc kuleyi m\u00fch\u00fcrlemek i\u00e7in kullanabilirsiniz, <a href=\"https:\/\/en.wikipedia.org\/wiki\/Heat_exchanger\" target=\"_blank\" rel=\"noopener\">\u0131s\u0131 e\u015fanj\u00f6rleri<\/a> ve di\u011fer ekipmanlar.<\/p>\n<h3 class=\"ql-align-justify\">Enerji end\u00fcstrisi:<\/h3>\n<p class=\"ql-align-justify\">Enerji alan\u0131nda, buhar t\u00fcrbinleri gibi ekipmanlar\u0131n s\u0131zd\u0131rmazl\u0131\u011f\u0131 i\u00e7in kullanabilir ve <a href=\"https:\/\/www.homedepot.com\/b\/Outdoors-Outdoor-Power-Equipment-Generators\/N-5yc1vZbx8l\" target=\"_blank\" rel=\"noopener\">jenerat\u00f6rler<\/a>. (Termik enerji \u00fcretimi ve n\u00fckleer enerji gibi.) Y\u00fcksek s\u0131cakl\u0131k ve a\u015f\u0131nma direnci \u00f6zellikleri, y\u00fcksek s\u0131cakl\u0131k ve y\u00fcksek h\u0131zl\u0131 \u00e7al\u0131\u015fma alt\u0131nda bu ekipmanlar\u0131n s\u0131zd\u0131rmazl\u0131k gereksinimlerine uyum sa\u011flayabilir. Verimli ve g\u00fcvenli enerji \u00fcretiminin sa\u011flanmas\u0131. N\u00fckleer enerji santrallerinde, n\u00fckleer tesislerin g\u00fcvenli \u00e7al\u0131\u015fmas\u0131n\u0131 sa\u011flamak i\u00e7in y\u00fcksek safl\u0131k ve kararl\u0131l\u0131k gereksinimlerini de kar\u015f\u0131lamas\u0131 gerekir.<\/p>\n<h3 class=\"ql-align-justify\">Gemi yap\u0131m\u0131:<\/h3>\n<p class=\"ql-align-justify\">Geminin g\u00fc\u00e7 sisteminde ve \u00e7e\u015fitli boru tesisat\u0131nda motorlar\u0131, pompalar\u0131, valfleri ve di\u011fer bile\u015fenleri s\u0131zd\u0131rmaz hale getirmek i\u00e7in kullanabilirsiniz. Direnci, onu deniz suyu ve yak\u0131t s\u0131z\u0131nt\u0131s\u0131n\u0131 etkili bir \u015fekilde \u00f6nleyebilen gemi s\u0131zd\u0131rmazl\u0131\u011f\u0131 i\u00e7in ideal bir se\u00e7im haline getirir.<\/p>\n<h3 class=\"ql-align-justify\">G\u0131da ve ila\u00e7 end\u00fcstrisi:<\/h3>\n<p class=\"ql-align-justify\">Y\u00fcksek hijyen gereksinimleri olan g\u0131da ve ila\u00e7 end\u00fcstrisinde, kar\u0131\u015ft\u0131rma ekipman\u0131, reakt\u00f6r ve di\u011fer ekipmanlar\u0131n s\u0131zd\u0131rmazl\u0131\u011f\u0131nda kullanabilirsiniz. Toksik olmayan ve kirlilik i\u00e7ermeyen \u00f6zellikleri nedeniyle. S\u0131zd\u0131rmazl\u0131k etkisini sa\u011flayabilir ve \u00fcr\u00fcn\u00fcn kirlenmemesini sa\u011flayabilir.<\/p>","protected":false},"excerpt":{"rendered":"<p class=\"ql-align-justify\">Esnek grafit s\u0131zd\u0131rmazl\u0131k dolgusu olarak da bilinen grafit ambalaj, \u00f6zel i\u015fleme yoluyla y\u00fcksek safl\u0131kta grafit hammaddelerinden yap\u0131lm\u0131\u015f bir s\u0131zd\u0131rmazl\u0131k malzemesidir. \u0130yi bir esnekli\u011fe ve plastisiteye sahiptir ve etkili bir s\u0131zd\u0131rmazl\u0131k bariyeri olu\u015fturmak i\u00e7in \u00e7e\u015fitli s\u0131zd\u0131rmazl\u0131k y\u00fczeylerine s\u0131k\u0131ca tak\u0131labilir. M\u00fckemmel fiziksel ve kimyasal \u00f6zellikleri ile bir\u00e7ok end\u00fcstriyel alanda s\u0131zd\u0131rmazl\u0131k uygulamalar\u0131nda m\u00fckemmeldir. Ve farkl\u0131 \u00e7al\u0131\u015fma ko\u015fullar\u0131n\u0131n s\u0131zd\u0131rmazl\u0131k ihtiya\u00e7lar\u0131n\u0131 tam olarak kar\u015f\u0131layabilen g\u00fcvenilir ve dayan\u0131kl\u0131 bir malzemedir.<\/p>\n<p class=\"ql-align-justify\">","protected":false},"featured_media":7431,"template":"","meta":[],"product_brand":[],"product_cat":[38],"product_tag":[],"class_list":{"0":"post-7338","1":"product","2":"type-product","3":"status-publish","4":"has-post-thumbnail","6":"product_cat-graphite-products","8":"first","9":"instock","10":"shipping-taxable","11":"product-type-simple"},"yoast_head":"<!-- This site is optimized with the Yoast SEO Premium plugin v19.2.1 (Yoast SEO v25.3) - https:\/\/yoast.com\/wordpress\/plugins\/seo\/ -->\n<title>Graphite Packing Manufacturer in China | Jinsun Carbon<\/title>\n<meta name=\"robots\" content=\"index, follow, max-snippet:-1, max-image-preview:large, max-video-preview:-1\" \/>\n<link rel=\"canonical\" href=\"https:\/\/jinsuncarbon.com\/tr\/urun\/grafit-ambalaj\/\" \/>\n<meta property=\"og:locale\" content=\"tr_TR\" \/>\n<meta property=\"og:type\" content=\"article\" \/>\n<meta property=\"og:title\" content=\"Graphite Packing\" \/>\n<meta property=\"og:description\" content=\"Graphite packing, also known as flexible graphite sealing filler, is a sealing material made of high purity graphite raw materials through special processing. It has good flexibility and plasticity, and can be tightly fitted to various sealing surfaces to form an effective sealing barrier. With its excellent physical and chemical properties, it is excellent in sealing applications in many industrial fields. And it is a reliable and durable material that can fully meet the sealing needs of different working conditions.\" \/>\n<meta property=\"og:url\" content=\"https:\/\/jinsuncarbon.com\/tr\/urun\/grafit-ambalaj\/\" \/>\n<meta property=\"og:site_name\" content=\"Jinsun Carbon\" \/>\n<meta property=\"article:publisher\" content=\"https:\/\/www.facebook.com\/Graphite-Electrode-109336238661595\" \/>\n<meta property=\"article:modified_time\" content=\"2025-01-24T11:52:53+00:00\" \/>\n<meta property=\"og:image\" content=\"https:\/\/jinsuncarbon.com\/wp-content\/uploads\/2025\/01\/Graphite-Packing.jpg\" \/>\n\t<meta property=\"og:image:width\" content=\"1024\" \/>\n\t<meta property=\"og:image:height\" content=\"763\" \/>\n\t<meta property=\"og:image:type\" content=\"image\/jpeg\" \/>\n<meta name=\"twitter:card\" content=\"summary_large_image\" \/>\n<meta name=\"twitter:site\" content=\"@jinsuncarbon_\" \/>\n<meta name=\"twitter:label1\" content=\"Tahmini okuma s\u00fcresi\" \/>\n\t<meta name=\"twitter:data1\" content=\"4 dakika\" \/>\n<script type=\"application\/ld+json\" class=\"yoast-schema-graph\">{\"@context\":\"https:\/\/schema.org\",\"@graph\":[{\"@type\":\"WebPage\",\"@id\":\"https:\/\/jinsuncarbon.com\/product\/graphite-packing\/\",\"url\":\"https:\/\/jinsuncarbon.com\/product\/graphite-packing\/\",\"name\":\"Graphite Packing Manufacturer in China | Jinsun Carbon\",\"isPartOf\":{\"@id\":\"https:\/\/jinsuncarbon.com\/#website\"},\"primaryImageOfPage\":{\"@id\":\"https:\/\/jinsuncarbon.com\/product\/graphite-packing\/#primaryimage\"},\"image\":{\"@id\":\"https:\/\/jinsuncarbon.com\/product\/graphite-packing\/#primaryimage\"},\"thumbnailUrl\":\"https:\/\/jinsuncarbon.com\/wp-content\/uploads\/2025\/01\/Graphite-Packing.jpg\",\"datePublished\":\"2025-01-24T09:22:15+00:00\",\"dateModified\":\"2025-01-24T11:52:53+00:00\",\"breadcrumb\":{\"@id\":\"https:\/\/jinsuncarbon.com\/product\/graphite-packing\/#breadcrumb\"},\"inLanguage\":\"tr\",\"potentialAction\":[{\"@type\":\"ReadAction\",\"target\":[\"https:\/\/jinsuncarbon.com\/product\/graphite-packing\/\"]}]},{\"@type\":\"ImageObject\",\"inLanguage\":\"tr\",\"@id\":\"https:\/\/jinsuncarbon.com\/product\/graphite-packing\/#primaryimage\",\"url\":\"https:\/\/jinsuncarbon.com\/wp-content\/uploads\/2025\/01\/Graphite-Packing.jpg\",\"contentUrl\":\"https:\/\/jinsuncarbon.com\/wp-content\/uploads\/2025\/01\/Graphite-Packing.jpg\",\"width\":1024,\"height\":763,\"caption\":\"Graphite Packing\"},{\"@type\":\"BreadcrumbList\",\"@id\":\"https:\/\/jinsuncarbon.com\/product\/graphite-packing\/#breadcrumb\",\"itemListElement\":[{\"@type\":\"ListItem\",\"position\":1,\"name\":\"Home\",\"item\":\"https:\/\/jinsuncarbon.com\/\"},{\"@type\":\"ListItem\",\"position\":2,\"name\":\"Products\",\"item\":\"https:\/\/jinsuncarbon.com\/graphite-carbon\/\"},{\"@type\":\"ListItem\",\"position\":3,\"name\":\"Graphite Packing\"}]},{\"@type\":\"WebSite\",\"@id\":\"https:\/\/jinsuncarbon.com\/#website\",\"url\":\"https:\/\/jinsuncarbon.com\/\",\"name\":\"Jinsun Carbon\",\"description\":\"We are the successful graphite electrode manufacturer in China\",\"publisher\":{\"@id\":\"https:\/\/jinsuncarbon.com\/#organization\"},\"potentialAction\":[{\"@type\":\"SearchAction\",\"target\":{\"@type\":\"EntryPoint\",\"urlTemplate\":\"https:\/\/jinsuncarbon.com\/?s={search_term_string}\"},\"query-input\":{\"@type\":\"PropertyValueSpecification\",\"valueRequired\":true,\"valueName\":\"search_term_string\"}}],\"inLanguage\":\"tr\"},{\"@type\":\"Organization\",\"@id\":\"https:\/\/jinsuncarbon.com\/#organization\",\"name\":\"Jinsun Carbon\",\"alternateName\":\"Jinsun Carbon\",\"url\":\"https:\/\/jinsuncarbon.com\/\",\"logo\":{\"@type\":\"ImageObject\",\"inLanguage\":\"tr\",\"@id\":\"https:\/\/jinsuncarbon.com\/#\/schema\/logo\/image\/\",\"url\":\"https:\/\/jinsuncarbon.com\/wp-content\/uploads\/2022\/12\/LOGO-1.png\",\"contentUrl\":\"https:\/\/jinsuncarbon.com\/wp-content\/uploads\/2022\/12\/LOGO-1.png\",\"width\":207,\"height\":80,\"caption\":\"Jinsun Carbon\"},\"image\":{\"@id\":\"https:\/\/jinsuncarbon.com\/#\/schema\/logo\/image\/\"},\"sameAs\":[\"https:\/\/www.facebook.com\/Graphite-Electrode-109336238661595\",\"https:\/\/x.com\/jinsuncarbon_\",\"https:\/\/www.linkedin.com\/in\/jinsungraphite\",\"https:\/\/www.youtube.com\/channel\/UCysDNyvyR5-3cCWEmpkVC0g\"]}]}<\/script>\n<!-- \/ Yoast SEO Premium plugin. -->","yoast_head_json":{"title":"\u00c7in'de Grafit Ambalaj \u00dcreticisi | Jinsun Carbon","robots":{"index":"index","follow":"follow","max-snippet":"max-snippet:-1","max-image-preview":"max-image-preview:large","max-video-preview":"max-video-preview:-1"},"canonical":"https:\/\/jinsuncarbon.com\/tr\/urun\/grafit-ambalaj\/","og_locale":"tr_TR","og_type":"article","og_title":"Graphite Packing","og_description":"Graphite packing, also known as flexible graphite sealing filler, is a sealing material made of high purity graphite raw materials through special processing. It has good flexibility and plasticity, and can be tightly fitted to various sealing surfaces to form an effective sealing barrier. With its excellent physical and chemical properties, it is excellent in sealing applications in many industrial fields. And it is a reliable and durable material that can fully meet the sealing needs of different working conditions.","og_url":"https:\/\/jinsuncarbon.com\/tr\/urun\/grafit-ambalaj\/","og_site_name":"Jinsun Carbon","article_publisher":"https:\/\/www.facebook.com\/Graphite-Electrode-109336238661595","article_modified_time":"2025-01-24T11:52:53+00:00","og_image":[{"width":1024,"height":763,"url":"https:\/\/jinsuncarbon.com\/wp-content\/uploads\/2025\/01\/Graphite-Packing.jpg","type":"image\/jpeg"}],"twitter_card":"summary_large_image","twitter_site":"@jinsuncarbon_","twitter_misc":{"Tahmini okuma s\u00fcresi":"4 dakika"},"schema":{"@context":"https:\/\/schema.org","@graph":[{"@type":"WebPage","@id":"https:\/\/jinsuncarbon.com\/product\/graphite-packing\/","url":"https:\/\/jinsuncarbon.com\/product\/graphite-packing\/","name":"\u00c7in'de Grafit Ambalaj \u00dcreticisi | Jinsun Carbon","isPartOf":{"@id":"https:\/\/jinsuncarbon.com\/#website"},"primaryImageOfPage":{"@id":"https:\/\/jinsuncarbon.com\/product\/graphite-packing\/#primaryimage"},"image":{"@id":"https:\/\/jinsuncarbon.com\/product\/graphite-packing\/#primaryimage"},"thumbnailUrl":"https:\/\/jinsuncarbon.com\/wp-content\/uploads\/2025\/01\/Graphite-Packing.jpg","datePublished":"2025-01-24T09:22:15+00:00","dateModified":"2025-01-24T11:52:53+00:00","breadcrumb":{"@id":"https:\/\/jinsuncarbon.com\/product\/graphite-packing\/#breadcrumb"},"inLanguage":"tr","potentialAction":[{"@type":"ReadAction","target":["https:\/\/jinsuncarbon.com\/product\/graphite-packing\/"]}]},{"@type":"ImageObject","inLanguage":"tr","@id":"https:\/\/jinsuncarbon.com\/product\/graphite-packing\/#primaryimage","url":"https:\/\/jinsuncarbon.com\/wp-content\/uploads\/2025\/01\/Graphite-Packing.jpg","contentUrl":"https:\/\/jinsuncarbon.com\/wp-content\/uploads\/2025\/01\/Graphite-Packing.jpg","width":1024,"height":763,"caption":"Graphite Packing"},{"@type":"BreadcrumbList","@id":"https:\/\/jinsuncarbon.com\/product\/graphite-packing\/#breadcrumb","itemListElement":[{"@type":"ListItem","position":1,"name":"Home","item":"https:\/\/jinsuncarbon.com\/"},{"@type":"ListItem","position":2,"name":"Products","item":"https:\/\/jinsuncarbon.com\/graphite-carbon\/"},{"@type":"ListItem","position":3,"name":"Graphite Packing"}]},{"@type":"WebSite","@id":"https:\/\/jinsuncarbon.com\/#website","url":"https:\/\/jinsuncarbon.com\/","name":"Jinsun Karbon","description":"\u00c7in'deki ba\u015far\u0131l\u0131 grafit elektrot \u00fcreticisiyiz","publisher":{"@id":"https:\/\/jinsuncarbon.com\/#organization"},"potentialAction":[{"@type":"SearchAction","target":{"@type":"EntryPoint","urlTemplate":"https:\/\/jinsuncarbon.com\/?s={search_term_string}"},"query-input":{"@type":"PropertyValueSpecification","valueRequired":true,"valueName":"search_term_string"}}],"inLanguage":"tr"},{"@type":"Organization","@id":"https:\/\/jinsuncarbon.com\/#organization","name":"Jinsun Karbon","alternateName":"Jinsun Carbon","url":"https:\/\/jinsuncarbon.com\/","logo":{"@type":"ImageObject","inLanguage":"tr","@id":"https:\/\/jinsuncarbon.com\/#\/schema\/logo\/image\/","url":"https:\/\/jinsuncarbon.com\/wp-content\/uploads\/2022\/12\/LOGO-1.png","contentUrl":"https:\/\/jinsuncarbon.com\/wp-content\/uploads\/2022\/12\/LOGO-1.png","width":207,"height":80,"caption":"Jinsun Carbon"},"image":{"@id":"https:\/\/jinsuncarbon.com\/#\/schema\/logo\/image\/"},"sameAs":["https:\/\/www.facebook.com\/Graphite-Electrode-109336238661595","https:\/\/x.com\/jinsuncarbon_","https:\/\/www.linkedin.com\/in\/jinsungraphite","https:\/\/www.youtube.com\/channel\/UCysDNyvyR5-3cCWEmpkVC0g"]}]}},"_links":{"self":[{"href":"https:\/\/jinsuncarbon.com\/tr\/wp-json\/wp\/v2\/product\/7338","targetHints":{"allow":["GET"]}}],"collection":[{"href":"https:\/\/jinsuncarbon.com\/tr\/wp-json\/wp\/v2\/product"}],"about":[{"href":"https:\/\/jinsuncarbon.com\/tr\/wp-json\/wp\/v2\/types\/product"}],"wp:featuredmedia":[{"embeddable":true,"href":"https:\/\/jinsuncarbon.com\/tr\/wp-json\/wp\/v2\/media\/7431"}],"wp:attachment":[{"href":"https:\/\/jinsuncarbon.com\/tr\/wp-json\/wp\/v2\/media?parent=7338"}],"wp:term":[{"taxonomy":"product_brand","embeddable":true,"href":"https:\/\/jinsuncarbon.com\/tr\/wp-json\/wp\/v2\/product_brand?post=7338"},{"taxonomy":"product_cat","embeddable":true,"href":"https:\/\/jinsuncarbon.com\/tr\/wp-json\/wp\/v2\/product_cat?post=7338"},{"taxonomy":"product_tag","embeddable":true,"href":"https:\/\/jinsuncarbon.com\/tr\/wp-json\/wp\/v2\/product_tag?post=7338"}],"curies":[{"name":"wp","href":"https:\/\/api.w.org\/{rel}","templated":true}]}}