{"id":7335,"date":"2025-01-15T03:22:44","date_gmt":"2025-01-15T03:22:44","guid":{"rendered":"https:\/\/jinsuncarbon.com\/?post_type=product&#038;p=7335"},"modified":"2025-01-15T03:22:44","modified_gmt":"2025-01-15T03:22:44","slug":"grafit-kutu","status":"publish","type":"product","link":"https:\/\/jinsuncarbon.com\/tr\/urun\/grafit-kutu\/","title":{"rendered":"Grafit Kutu"},"content":{"rendered":"<h2>Grafit kutu \u00fcreticisi<\/h2>\n<p><strong>Grafit kutunun avantajlar\u0131<\/strong><\/p>\n<p>Grafit kutular genellikle kare, yuvarlak ve di\u011fer normal \u015fekillerdedir, kurulumu ve kullan\u0131m\u0131 kolayd\u0131r.<\/p>\n<p><strong>M\u00fckemmel termal kararl\u0131l\u0131k<\/strong><\/p>\n<p>200\u00b0C'den 1000\u00b0C'ye kadar ve hatta daha y\u00fcksek a\u015f\u0131r\u0131 s\u0131cakl\u0131k ortamlar\u0131nda yap\u0131sal stabiliteyi koruyabilir. Ve kolayca deforme olmaz veya hasar g\u00f6rmez.<\/p>\n<p><strong>Son derece kararl\u0131 kimyasal \u00f6zellikler<\/strong><\/p>\n<p>\u0130yi bir korozyon direncine sahiptir ve asit ve baz gibi yayg\u0131n kimyasal maddelerle neredeyse hi\u00e7 reaksiyona girmez.<\/p>\n<p><strong>\u0130yi elektrik iletkenli\u011fi <\/strong><\/p>\n<p>Elektrokimyasal reaksiyonlar\u0131 i\u00e7eren baz\u0131 sahnelerde ak\u0131m\u0131 verimli bir \u015fekilde iletebilir.<\/p>\n<p><strong>Y\u00fcksek mekanik dayan\u0131m<\/strong><\/p>\n<p>Bas\u0131nca ve a\u015f\u0131nmaya kar\u015f\u0131 dayan\u0131kl\u0131d\u0131r ve uzun \u00f6m\u00fcrl\u00fcd\u00fcr.<\/p>\n<p>&nbsp;<\/p>\n<p>Ayr\u0131ca, \u0131s\u0131y\u0131 h\u0131zl\u0131 ve e\u015fit bir \u015fekilde aktarabilen termal iletkenli\u011fi y\u00fcksektir. Ve s\u0131cak i\u015fleme s\u00fcrecinde s\u0131cakl\u0131\u011f\u0131n dengeli da\u011f\u0131l\u0131m\u0131n\u0131 sa\u011flar.<\/p>\n<p>&nbsp;<\/p>\n<h2>Grafit kutunun kullan\u0131m alanlar\u0131<\/h2>\n<ul>\n<li>\n<h3>Lityum pil malzemesi haz\u0131rlama alan\u0131\uff1a<\/h3>\n<\/li>\n<\/ul>\n<p>&nbsp;<\/p>\n<h4>Lityum demir fosfat pil sinterleme<\/h4>\n<p>Grafit kutu m\u00fckemmel y\u00fcksek s\u0131cakl\u0131k direncine, 1000 \u2103'nin \u00fczerinde y\u00fcksek s\u0131cakl\u0131\u011fa kar\u015f\u0131 kararl\u0131 dirence ve kararl\u0131 yap\u0131ya sahiptir. Nispeten kapal\u0131 alan\u0131, safs\u0131zl\u0131klar\u0131n kar\u0131\u015fmas\u0131n\u0131 \u00f6nleyebilir, malzemenin safl\u0131\u011f\u0131n\u0131 sa\u011flayabilir. Ve sinterlemenin yeterli olmas\u0131 i\u00e7in \u0131s\u0131n\u0131n e\u015fit olarak aktar\u0131lmas\u0131n\u0131 sa\u011flar. Bu, ideal kristal yap\u0131n\u0131n olu\u015fmas\u0131na ve pilin performans\u0131n\u0131n artmas\u0131na yard\u0131mc\u0131 olur.<\/p>\n<p>&nbsp;<\/p>\n<h4>Negatif elektrot malzemesinin y\u00fcksek s\u0131cakl\u0131kta karbonizasyonu<\/h4>\n<p>Bu i\u015flem 800-1500 \u2103'de ger\u00e7ekle\u015ftirilir ve grafit kutu malzemenin oksidasyonunu \u00f6nleyebilir. Is\u0131n\u0131n e\u015fit da\u011f\u0131l\u0131m\u0131n\u0131 sa\u011flar, tamamen karbonla\u015fmaya yard\u0131mc\u0131 olur, iyi performansa sahip bir karbon yap\u0131s\u0131 olu\u015fturur. Ve y\u00fcksek performansl\u0131 negatif elektrotun haz\u0131rlanmas\u0131 i\u00e7in temel olu\u015fturur. <a href=\"https:\/\/www.energy.gov\/energysaver\/articles\/how-lithium-ion-batteries-work\" target=\"_blank\" rel=\"noopener\">lityum pil<\/a>.<\/p>\n<p>&nbsp;<\/p>\n<h3>Metalurji:<\/h3>\n<p>Metal eritme s\u00fcrecinde, grafit kutusunu genellikle <a href=\"https:\/\/jinsuncarbon.com\/tr\/urun\/grafit-pota\/\">POTA<\/a>. Kimyasal \u00f6zellikleri kararl\u0131d\u0131r ve metaller ile di\u011fer maddeler aras\u0131ndaki kimyasal reaksiyonlar\u0131 \u00f6nleyebilir. Metal eritme i\u015fleminin sorunsuz ilerlemesini sa\u011flamak ve metalin safl\u0131\u011f\u0131n\u0131 ve kalitesini sa\u011flamak i\u00e7in. Ayn\u0131 zamanda, baz\u0131 \u00f6zel metallerin safla\u015ft\u0131rma s\u00fcrecinde, safs\u0131zl\u0131klar\u0131n giderilmesine ve metalin safl\u0131\u011f\u0131n\u0131n iyile\u015ftirilmesine yard\u0131mc\u0131 olmada da \u00f6nemli bir rol oynayabilir.<\/p>\n<p>&nbsp;<\/p>\n<h3>Elektronik end\u00fcstrisi:<\/h3>\n<p>Yar\u0131 iletken \u00fcretim s\u00fcrecinde, \u00e7iplerin \u0131s\u0131l i\u015flem s\u00fcrecinde grafit kutu kullanabilirsiniz. \u00c7ip i\u00e7in kararl\u0131 bir y\u00fcksek s\u0131cakl\u0131k ortam\u0131 sa\u011flayabilir ve safs\u0131zl\u0131klara neden olmaz. \u00c7ipin performans\u0131n\u0131 ve g\u00fcvenilirli\u011fini sa\u011flamak i\u00e7in. Ayr\u0131ca, elektronik bile\u015fenlerin sinterleme i\u015fleminde, bir ta\u015f\u0131ma cihaz\u0131 olarak da kullanabilirsiniz. \u0130yi \u0131s\u0131 iletim performans\u0131n\u0131 kullanarak, elektronik bile\u015fenlerin e\u015fit \u015fekilde \u0131s\u0131t\u0131lmas\u0131n\u0131 ve sinterleme kalitesini art\u0131rmas\u0131n\u0131 sa\u011flar.<\/p>\n<p>&nbsp;<\/p>\n<h3>Kimya end\u00fcstrisi:<\/h3>\n<p>Kimyasal sentez reaksiyonlar\u0131nda, reaksiyonun y\u00fcksek s\u0131cakl\u0131k, y\u00fcksek bas\u0131n\u00e7 ve a\u015f\u0131nd\u0131r\u0131c\u0131 bir ortamda ger\u00e7ekle\u015ftirilmesi gerekiyorsa, reaksiyon kaplar\u0131 olarak kullanabilirsiniz. Kimyasal stabilitesi ve y\u00fcksek s\u0131cakl\u0131k ve y\u00fcksek bas\u0131n\u00e7 direnci, kimyasal maddelerin korozyonuna etkili bir \u015fekilde direnebilir. Reaksiyonun g\u00fcvenli\u011fini ve kararl\u0131l\u0131\u011f\u0131n\u0131 sa\u011flamak i\u00e7in. Ayn\u0131 zamanda, baz\u0131 kimyasal \u00fcr\u00fcnlerin kurutma ve kavurma i\u015fleminde, verimli kurutma ve kavurma i\u015flemlerinin ger\u00e7ekle\u015ftirilmesine yard\u0131mc\u0131 olmak i\u00e7in de rol oynayabilir.<\/p>\n<p>&nbsp;<\/p>\n<h3>Grafit kutular\u0131n di\u011fer kullan\u0131m alanlar\u0131<\/h3>\n<p><strong>Y\u00fcksek s\u0131cakl\u0131kta \u0131s\u0131l i\u015flem f\u0131r\u0131n\u0131<\/strong><\/p>\n<p>Grafit kutu, i\u015flenecek \u00fcr\u00fcnler i\u00e7in nispeten ba\u011f\u0131ms\u0131z bir y\u00fcksek s\u0131cakl\u0131k ortam\u0131 sa\u011flayabilir. Ve m\u00fckemmel termal iletkenli\u011fi, e\u015fit \u015fekilde \u0131s\u0131nmaya ve i\u015flem etkisini iyile\u015ftirmeye yard\u0131mc\u0131 olur.<\/p>\n<p>&nbsp;<\/p>\n<p><strong>Toz metalurjisi d\u00f6k\u00fcm<\/strong><\/p>\n<p>Genellikle toz hammaddeleri i\u00e7ermek i\u00e7in kullanabilirsiniz. D\u00f6k\u00fcm i\u015flemi s\u0131ras\u0131nda grafit kutu y\u00fcksek s\u0131cakl\u0131\u011fa dayanabilir ve toz oksidasyonunu \u00f6nleyebilir, bu da y\u00fcksek kaliteli metalurjik d\u00f6k\u00fcmler elde etmeye yard\u0131mc\u0131 olur.<\/p>","protected":false},"excerpt":{"rendered":"<p>Grafit kutu, y\u00fcksek safl\u0131kta grafit malzemeden yap\u0131lm\u0131\u015f bir kapt\u0131r. Benzersiz fiziksel ve kimyasal \u00f6zellikleri ile bir\u00e7ok end\u00fcstriyel alanda \u00f6nemli bir rol oynar. Ayr\u0131ca \u00e7e\u015fitli \u00fcretim ihtiya\u00e7lar\u0131n\u0131 kar\u015f\u0131layabilen y\u00fcksek performansl\u0131 ve g\u00fcvenilir bir malzemedir.<\/p>\n<p>Eritme ve d\u00f6k\u00fcmde, \u00e7e\u015fitli metal par\u00e7alar\u0131 do\u011fru bir \u015fekilde \u015fekillendirmek i\u00e7in grafit kutuyu y\u00fcksek s\u0131cakl\u0131k kal\u0131plar\u0131 olarak kullanabilirsiniz. Lityum pillerin sinterleme s\u00fcrecinde, pil malzemeleri i\u00e7in kararl\u0131 bir y\u00fcksek s\u0131cakl\u0131k reaksiyon ortam\u0131 sa\u011flar.<\/p>\n<p>Ayr\u0131ca, ta\u015f m\u00fcrekkep kartu\u015funun boyutunu, \u015feklini ve i\u00e7 yap\u0131s\u0131n\u0131 kendi proses \u00f6zelliklerinize ve \u00fcretim gereksinimlerinize g\u00f6re \u00f6zelle\u015ftirebilirsiniz.<\/p>\n<p>&nbsp;<\/p>","protected":false},"featured_media":7341,"template":"","meta":[],"product_brand":[],"product_cat":[38],"product_tag":[],"class_list":{"0":"post-7335","1":"product","2":"type-product","3":"status-publish","4":"has-post-thumbnail","6":"product_cat-graphite-products","8":"first","9":"instock","10":"shipping-taxable","11":"product-type-simple"},"yoast_head":"<!-- This site is optimized with the Yoast SEO Premium plugin v19.2.1 (Yoast SEO v25.3) - https:\/\/yoast.com\/wordpress\/plugins\/seo\/ -->\n<title>Graphite Box Manufacturer in China | Jinsun Carbon<\/title>\n<meta name=\"description\" content=\"Graphite Box Manufacturer in China, It is used for smelting and casting of non-ferrous metals such as aluminum and copper alloys.\" \/>\n<meta name=\"robots\" content=\"index, follow, max-snippet:-1, max-image-preview:large, max-video-preview:-1\" \/>\n<link rel=\"canonical\" href=\"https:\/\/jinsuncarbon.com\/tr\/urun\/grafit-kutu\/\" \/>\n<meta property=\"og:locale\" content=\"tr_TR\" \/>\n<meta property=\"og:type\" content=\"article\" \/>\n<meta property=\"og:title\" content=\"Graphite Box\" \/>\n<meta property=\"og:description\" content=\"Graphite Box Manufacturer in China, It is used for smelting and casting of non-ferrous metals such as aluminum and copper alloys.\" \/>\n<meta property=\"og:url\" content=\"https:\/\/jinsuncarbon.com\/tr\/urun\/grafit-kutu\/\" \/>\n<meta property=\"og:site_name\" content=\"Jinsun Carbon\" \/>\n<meta property=\"article:publisher\" content=\"https:\/\/www.facebook.com\/Graphite-Electrode-109336238661595\" \/>\n<meta property=\"og:image\" content=\"https:\/\/jinsuncarbon.com\/wp-content\/uploads\/2025\/01\/Graphite-box.jpg\" \/>\n\t<meta property=\"og:image:width\" content=\"1024\" \/>\n\t<meta property=\"og:image:height\" content=\"763\" \/>\n\t<meta property=\"og:image:type\" content=\"image\/jpeg\" \/>\n<meta name=\"twitter:card\" content=\"summary_large_image\" \/>\n<meta name=\"twitter:site\" content=\"@jinsuncarbon_\" \/>\n<meta name=\"twitter:label1\" content=\"Tahmini okuma s\u00fcresi\" \/>\n\t<meta name=\"twitter:data1\" content=\"3 dakika\" \/>\n<script type=\"application\/ld+json\" class=\"yoast-schema-graph\">{\"@context\":\"https:\/\/schema.org\",\"@graph\":[{\"@type\":\"WebPage\",\"@id\":\"https:\/\/jinsuncarbon.com\/product\/graphite-box\/\",\"url\":\"https:\/\/jinsuncarbon.com\/product\/graphite-box\/\",\"name\":\"Graphite Box Manufacturer in China | Jinsun Carbon\",\"isPartOf\":{\"@id\":\"https:\/\/jinsuncarbon.com\/#website\"},\"primaryImageOfPage\":{\"@id\":\"https:\/\/jinsuncarbon.com\/product\/graphite-box\/#primaryimage\"},\"image\":{\"@id\":\"https:\/\/jinsuncarbon.com\/product\/graphite-box\/#primaryimage\"},\"thumbnailUrl\":\"https:\/\/jinsuncarbon.com\/wp-content\/uploads\/2025\/01\/Graphite-box.jpg\",\"datePublished\":\"2025-01-15T03:22:44+00:00\",\"description\":\"Graphite Box Manufacturer in China, It is used for smelting and casting of non-ferrous metals such as aluminum and copper alloys.\",\"breadcrumb\":{\"@id\":\"https:\/\/jinsuncarbon.com\/product\/graphite-box\/#breadcrumb\"},\"inLanguage\":\"tr\",\"potentialAction\":[{\"@type\":\"ReadAction\",\"target\":[\"https:\/\/jinsuncarbon.com\/product\/graphite-box\/\"]}]},{\"@type\":\"ImageObject\",\"inLanguage\":\"tr\",\"@id\":\"https:\/\/jinsuncarbon.com\/product\/graphite-box\/#primaryimage\",\"url\":\"https:\/\/jinsuncarbon.com\/wp-content\/uploads\/2025\/01\/Graphite-box.jpg\",\"contentUrl\":\"https:\/\/jinsuncarbon.com\/wp-content\/uploads\/2025\/01\/Graphite-box.jpg\",\"width\":1024,\"height\":763,\"caption\":\"Graphite box\"},{\"@type\":\"BreadcrumbList\",\"@id\":\"https:\/\/jinsuncarbon.com\/product\/graphite-box\/#breadcrumb\",\"itemListElement\":[{\"@type\":\"ListItem\",\"position\":1,\"name\":\"Home\",\"item\":\"https:\/\/jinsuncarbon.com\/\"},{\"@type\":\"ListItem\",\"position\":2,\"name\":\"Products\",\"item\":\"https:\/\/jinsuncarbon.com\/graphite-carbon\/\"},{\"@type\":\"ListItem\",\"position\":3,\"name\":\"Graphite Box\"}]},{\"@type\":\"WebSite\",\"@id\":\"https:\/\/jinsuncarbon.com\/#website\",\"url\":\"https:\/\/jinsuncarbon.com\/\",\"name\":\"Jinsun Carbon\",\"description\":\"We are the successful graphite electrode manufacturer in China\",\"publisher\":{\"@id\":\"https:\/\/jinsuncarbon.com\/#organization\"},\"potentialAction\":[{\"@type\":\"SearchAction\",\"target\":{\"@type\":\"EntryPoint\",\"urlTemplate\":\"https:\/\/jinsuncarbon.com\/?s={search_term_string}\"},\"query-input\":{\"@type\":\"PropertyValueSpecification\",\"valueRequired\":true,\"valueName\":\"search_term_string\"}}],\"inLanguage\":\"tr\"},{\"@type\":\"Organization\",\"@id\":\"https:\/\/jinsuncarbon.com\/#organization\",\"name\":\"Jinsun Carbon\",\"alternateName\":\"Jinsun Carbon\",\"url\":\"https:\/\/jinsuncarbon.com\/\",\"logo\":{\"@type\":\"ImageObject\",\"inLanguage\":\"tr\",\"@id\":\"https:\/\/jinsuncarbon.com\/#\/schema\/logo\/image\/\",\"url\":\"https:\/\/jinsuncarbon.com\/wp-content\/uploads\/2022\/12\/LOGO-1.png\",\"contentUrl\":\"https:\/\/jinsuncarbon.com\/wp-content\/uploads\/2022\/12\/LOGO-1.png\",\"width\":207,\"height\":80,\"caption\":\"Jinsun Carbon\"},\"image\":{\"@id\":\"https:\/\/jinsuncarbon.com\/#\/schema\/logo\/image\/\"},\"sameAs\":[\"https:\/\/www.facebook.com\/Graphite-Electrode-109336238661595\",\"https:\/\/x.com\/jinsuncarbon_\",\"https:\/\/www.linkedin.com\/in\/jinsungraphite\",\"https:\/\/www.youtube.com\/channel\/UCysDNyvyR5-3cCWEmpkVC0g\"]}]}<\/script>\n<!-- \/ Yoast SEO Premium plugin. -->","yoast_head_json":{"title":"\u00c7in'de Grafit Kutu \u00dcreticisi | Jinsun Carbon","description":"\u00c7in'de Grafit Kutu \u00dcreticisi, Al\u00fcminyum ve bak\u0131r ala\u015f\u0131mlar\u0131 gibi demir d\u0131\u015f\u0131 metallerin eritilmesi ve d\u00f6k\u00fcm\u00fc i\u00e7in kullan\u0131l\u0131r.","robots":{"index":"index","follow":"follow","max-snippet":"max-snippet:-1","max-image-preview":"max-image-preview:large","max-video-preview":"max-video-preview:-1"},"canonical":"https:\/\/jinsuncarbon.com\/tr\/urun\/grafit-kutu\/","og_locale":"tr_TR","og_type":"article","og_title":"Graphite Box","og_description":"Graphite Box Manufacturer in China, It is used for smelting and casting of non-ferrous metals such as aluminum and copper alloys.","og_url":"https:\/\/jinsuncarbon.com\/tr\/urun\/grafit-kutu\/","og_site_name":"Jinsun Carbon","article_publisher":"https:\/\/www.facebook.com\/Graphite-Electrode-109336238661595","og_image":[{"width":1024,"height":763,"url":"https:\/\/jinsuncarbon.com\/wp-content\/uploads\/2025\/01\/Graphite-box.jpg","type":"image\/jpeg"}],"twitter_card":"summary_large_image","twitter_site":"@jinsuncarbon_","twitter_misc":{"Tahmini okuma s\u00fcresi":"3 dakika"},"schema":{"@context":"https:\/\/schema.org","@graph":[{"@type":"WebPage","@id":"https:\/\/jinsuncarbon.com\/product\/graphite-box\/","url":"https:\/\/jinsuncarbon.com\/product\/graphite-box\/","name":"\u00c7in'de Grafit Kutu \u00dcreticisi | Jinsun Carbon","isPartOf":{"@id":"https:\/\/jinsuncarbon.com\/#website"},"primaryImageOfPage":{"@id":"https:\/\/jinsuncarbon.com\/product\/graphite-box\/#primaryimage"},"image":{"@id":"https:\/\/jinsuncarbon.com\/product\/graphite-box\/#primaryimage"},"thumbnailUrl":"https:\/\/jinsuncarbon.com\/wp-content\/uploads\/2025\/01\/Graphite-box.jpg","datePublished":"2025-01-15T03:22:44+00:00","description":"\u00c7in'de Grafit Kutu \u00dcreticisi, Al\u00fcminyum ve bak\u0131r ala\u015f\u0131mlar\u0131 gibi demir d\u0131\u015f\u0131 metallerin eritilmesi ve d\u00f6k\u00fcm\u00fc i\u00e7in kullan\u0131l\u0131r.","breadcrumb":{"@id":"https:\/\/jinsuncarbon.com\/product\/graphite-box\/#breadcrumb"},"inLanguage":"tr","potentialAction":[{"@type":"ReadAction","target":["https:\/\/jinsuncarbon.com\/product\/graphite-box\/"]}]},{"@type":"ImageObject","inLanguage":"tr","@id":"https:\/\/jinsuncarbon.com\/product\/graphite-box\/#primaryimage","url":"https:\/\/jinsuncarbon.com\/wp-content\/uploads\/2025\/01\/Graphite-box.jpg","contentUrl":"https:\/\/jinsuncarbon.com\/wp-content\/uploads\/2025\/01\/Graphite-box.jpg","width":1024,"height":763,"caption":"Graphite box"},{"@type":"BreadcrumbList","@id":"https:\/\/jinsuncarbon.com\/product\/graphite-box\/#breadcrumb","itemListElement":[{"@type":"ListItem","position":1,"name":"Home","item":"https:\/\/jinsuncarbon.com\/"},{"@type":"ListItem","position":2,"name":"Products","item":"https:\/\/jinsuncarbon.com\/graphite-carbon\/"},{"@type":"ListItem","position":3,"name":"Graphite Box"}]},{"@type":"WebSite","@id":"https:\/\/jinsuncarbon.com\/#website","url":"https:\/\/jinsuncarbon.com\/","name":"Jinsun Karbon","description":"\u00c7in'deki ba\u015far\u0131l\u0131 grafit elektrot \u00fcreticisiyiz","publisher":{"@id":"https:\/\/jinsuncarbon.com\/#organization"},"potentialAction":[{"@type":"SearchAction","target":{"@type":"EntryPoint","urlTemplate":"https:\/\/jinsuncarbon.com\/?s={search_term_string}"},"query-input":{"@type":"PropertyValueSpecification","valueRequired":true,"valueName":"search_term_string"}}],"inLanguage":"tr"},{"@type":"Organization","@id":"https:\/\/jinsuncarbon.com\/#organization","name":"Jinsun Karbon","alternateName":"Jinsun Carbon","url":"https:\/\/jinsuncarbon.com\/","logo":{"@type":"ImageObject","inLanguage":"tr","@id":"https:\/\/jinsuncarbon.com\/#\/schema\/logo\/image\/","url":"https:\/\/jinsuncarbon.com\/wp-content\/uploads\/2022\/12\/LOGO-1.png","contentUrl":"https:\/\/jinsuncarbon.com\/wp-content\/uploads\/2022\/12\/LOGO-1.png","width":207,"height":80,"caption":"Jinsun Carbon"},"image":{"@id":"https:\/\/jinsuncarbon.com\/#\/schema\/logo\/image\/"},"sameAs":["https:\/\/www.facebook.com\/Graphite-Electrode-109336238661595","https:\/\/x.com\/jinsuncarbon_","https:\/\/www.linkedin.com\/in\/jinsungraphite","https:\/\/www.youtube.com\/channel\/UCysDNyvyR5-3cCWEmpkVC0g"]}]}},"_links":{"self":[{"href":"https:\/\/jinsuncarbon.com\/tr\/wp-json\/wp\/v2\/product\/7335","targetHints":{"allow":["GET"]}}],"collection":[{"href":"https:\/\/jinsuncarbon.com\/tr\/wp-json\/wp\/v2\/product"}],"about":[{"href":"https:\/\/jinsuncarbon.com\/tr\/wp-json\/wp\/v2\/types\/product"}],"wp:featuredmedia":[{"embeddable":true,"href":"https:\/\/jinsuncarbon.com\/tr\/wp-json\/wp\/v2\/media\/7341"}],"wp:attachment":[{"href":"https:\/\/jinsuncarbon.com\/tr\/wp-json\/wp\/v2\/media?parent=7335"}],"wp:term":[{"taxonomy":"product_brand","embeddable":true,"href":"https:\/\/jinsuncarbon.com\/tr\/wp-json\/wp\/v2\/product_brand?post=7335"},{"taxonomy":"product_cat","embeddable":true,"href":"https:\/\/jinsuncarbon.com\/tr\/wp-json\/wp\/v2\/product_cat?post=7335"},{"taxonomy":"product_tag","embeddable":true,"href":"https:\/\/jinsuncarbon.com\/tr\/wp-json\/wp\/v2\/product_tag?post=7335"}],"curies":[{"name":"wp","href":"https:\/\/api.w.org\/{rel}","templated":true}]}}