{"id":7327,"date":"2025-01-14T00:52:47","date_gmt":"2025-01-14T00:52:47","guid":{"rendered":"https:\/\/jinsuncarbon.com\/?post_type=product&#038;p=7327"},"modified":"2025-01-17T20:37:46","modified_gmt":"2025-01-17T20:37:46","slug":"300mm-grafit-glectrode","status":"publish","type":"product","link":"https:\/\/jinsuncarbon.com\/tr\/urun\/300mm-grafit-glectrode\/","title":{"rendered":"300mm Grafit Elektrot"},"content":{"rendered":"<h2 class=\"ql-align-justify\">300mm Grafit Elektrot \u00dcreticisi<\/h2>\n<p class=\"ql-align-justify\">300mm grafit elektrodun avantajlar\u0131 \u00e7ok \u00f6nemlidir.<\/p>\n<p class=\"ql-align-justify\"><strong>M\u00fckemmel elektrik iletkenli\u011fi<\/strong><\/p>\n<p class=\"ql-align-justify\">Enerjili \u00e7al\u0131\u015fma s\u0131ras\u0131nda ak\u0131m\u0131 verimli bir \u015fekilde aktarabilir ve g\u00fc\u00e7 kayb\u0131n\u0131 b\u00fcy\u00fck \u00f6l\u00e7\u00fcde azalt\u0131r. Bu, \u00f6zellikle ak\u0131m iletim gereksinimlerinin ciddi oldu\u011fu end\u00fcstriyel senaryolarda \u00f6nemlidir.<\/p>\n<p class=\"ql-align-justify\"><strong>M\u00fckemmel y\u00fcksek s\u0131cakl\u0131k dayan\u0131m\u0131<\/strong><\/p>\n<p class=\"ql-align-justify\">Yumu\u015fama, deformasyon ve di\u011fer sorunlar olmadan a\u015f\u0131r\u0131 y\u00fcksek s\u0131cakl\u0131klara dayanabilir. Ve y\u00fcksek s\u0131cakl\u0131ktaki ortamlarda uzun s\u00fcre istikrarl\u0131 bir \u015fekilde \u00e7al\u0131\u015fabilir.<\/p>\n<p class=\"ql-align-justify\"><strong>\u0130yi kimyasal stabilite<\/strong><\/p>\n<p class=\"ql-align-justify\">Bu ayn\u0131 zamanda 300mm grafit elektrodun en \u00f6nemli \u00f6zelli\u011fidir, \u00e7e\u015fitli kimyasal maddelere kar\u015f\u0131 g\u00fc\u00e7l\u00fc bir korozyon direncine sahiptir. G\u00fc\u00e7l\u00fc asit ve alkali gibi sert kimyasal ortamlarda bile kendi yap\u0131s\u0131n\u0131 ve performans istikrar\u0131n\u0131 koruyabilir.<\/p>\n<p class=\"ql-align-justify\"><strong>Y\u00fcksek mekanik dayan\u0131m<\/strong><\/p>\n<p class=\"ql-align-justify\">K\u0131r\u0131lmas\u0131 kolay de\u011fildir ve iyi darbe direncine sahiptir. \u00dcretimin s\u00fcreklili\u011fini sa\u011flamak i\u00e7in end\u00fcstriyel operasyon s\u00fcrecinde belirli bir dereceye kadar d\u0131\u015f kuvvete dayanabilir.<\/p>\n<p class=\"ql-align-justify\">Buna ek olarak, i\u015fleme performans\u0131 iyidir, farkl\u0131 end\u00fcstriyel ihtiya\u00e7lara g\u00f6re kesme, delme ve di\u011fer i\u015fleme i\u015flemleri i\u00e7in uygundur.<\/p>\n<h2 class=\"ql-align-justify\">300mm Grafit Elektrotlar\u0131n Kullan\u0131m Alanlar\u0131<\/h2>\n<p class=\"ql-align-justify\">300mm grafit elektrot geni\u015f bir uygulama yelpazesine sahiptir.<\/p>\n<p class=\"ql-align-justify\"><strong>\u00c7elik eritme end\u00fcstrisinde<\/strong><\/p>\n<p class=\"ql-align-justify\">Elektrik ark ocakl\u0131 \u00e7elik \u00fcretiminin temel bile\u015fenidir. G\u00fc\u00e7l\u00fc ak\u0131m, \u00e7elikler aras\u0131nda bir ark olu\u015fturur. <a href=\"https:\/\/jinsuncarbon.com\/tr\/urun\/600mm-grafit-elektrot-uhp\/\">elektrot<\/a> ve \u015farj, an\u0131nda b\u00fcy\u00fck bir \u0131s\u0131 a\u00e7\u0131\u011fa \u00e7\u0131kar\u0131r. \u015earj\u0131n h\u0131zla erimesini sa\u011flayarak \u015farj\u0131n verimlili\u011fini ve kalitesini b\u00fcy\u00fck \u00f6l\u00e7\u00fcde art\u0131r\u0131r. <a href=\"https:\/\/www.britannica.com\/technology\/steel\/Primary-steelmaking\" target=\"_blank\" rel=\"noopener\">\u00c7EL\u0130K \u00dcRET\u0130M\u0130<\/a>. Ve modern \u00e7elik \u00fcretiminin vazge\u00e7ilmez bir kilit unsurudur.<\/p>\n<p class=\"ql-align-justify\"><strong>Demir d\u0131\u015f\u0131 metal eritme alan\u0131nda<\/strong><\/p>\n<p class=\"ql-align-justify\">Bak\u0131r, al\u00fcminyum ve di\u011fer metallerin elektrolitik ar\u0131tma i\u015flemi gibi, 300 mm grafit elektrot <a href=\"https:\/\/jinsuncarbon.com\/tr\/karbon-anotlu-alumi%cc%87nyum-ureti%cc%87mi%cc%87\/\">anot<\/a>elektrokimyasal reaksiyona kat\u0131l\u0131r. Metalin safla\u015ft\u0131r\u0131lmas\u0131n\u0131 ve rafine edilmesini sa\u011flamak i\u00e7in katotta metal iyonlar\u0131n\u0131n d\u00fczg\u00fcn bir \u015fekilde \u00e7\u00f6kelmesini te\u015fvik eder.<\/p>\n<p class=\"ql-align-justify\"><strong>Kimya end\u00fcstrisinde<\/strong><\/p>\n<p class=\"ql-align-justify\">Bir\u00e7ok elektrolitik i\u015flemde, elektrolitik h\u00fccrede kararl\u0131 bir \u015fekilde rol oynayabilir. (Klor-alkali end\u00fcstrisinde tuzlu suyu elektroliz ederek klor, hidrojen ve kostik soda \u00fcretimi gibi. Di\u011fer \u00e7e\u015fitli elektrolitik sentez reaksiyonlar\u0131n\u0131n yan\u0131 s\u0131ra). Elektrolitin korozyonuna ve elektrokimyasal reaksiyonun getirdi\u011fi \u00e7e\u015fitli etkilere dayanabilir. Ve elektrolitin verimli ve istikrarl\u0131 \u00e7al\u0131\u015fmas\u0131n\u0131 sa\u011flar. <a href=\"https:\/\/www.merriam-webster.com\/dictionary\/electrolytic\" target=\"_blank\" rel=\"noopener\">elektrolitik<\/a> s\u00fcre\u00e7.<\/p>\n<p class=\"ql-align-justify\"><strong>Baz\u0131 \u00f6zel end\u00fcstriyel \u0131s\u0131tma ekipmanlar\u0131nda<\/strong><\/p>\n<p class=\"ql-align-justify\">300mm grafit elektrotlar\u0131 \u0131s\u0131tma eleman\u0131 olarak da kullanabilirsiniz. \u0130yi elektrik iletkenli\u011fini ve y\u00fcksek s\u0131cakl\u0131k direncini kullanarak, belirli end\u00fcstriyel \u00fcretim s\u00fcre\u00e7lerinin \u0131s\u0131tma ihtiya\u00e7lar\u0131n\u0131 kar\u015f\u0131lamak i\u00e7in enerji verdikten sonra h\u0131zl\u0131 bir \u015fekilde kararl\u0131 \u0131s\u0131 \u00fcretebilir.<\/p>\n<h2>\u015eartname<\/h2>\n<div class=\"J_module\">\n<div class=\"ife-detail-decorate-table\">\n<table class=\"has-title is-zebra hight-light-first-column all magic-13\">\n<tbody>\n<tr>\n<td colspan=\"3\" rowspan=\"1\">\n<div class=\"magic-14\">\n<div class=\"magic-4\" data-spm-anchor-id=\"0.0.0.i20.40134f05OSVOko\">\u00a0300mm Grafit Elektrot<\/div>\n<\/div>\n<\/td>\n<\/tr>\n<tr>\n<td colspan=\"1\" rowspan=\"1\">\n<div class=\"magic-18\">\u00d6\u011fe<\/div>\n<\/td>\n<td colspan=\"1\" rowspan=\"1\">\n<div class=\"magic-16\">birim<\/div>\n<\/td>\n<td colspan=\"1\" rowspan=\"1\">\n<div class=\"magic-19\">De\u011fer<\/div>\n<\/td>\n<\/tr>\n<tr>\n<td colspan=\"1\" rowspan=\"1\">\n<div class=\"magic-18\">Y\u0131\u011f\u0131n yo\u011funlu\u011fu<\/div>\n<\/td>\n<td colspan=\"1\" rowspan=\"1\">\n<div class=\"magic-16\">g\/cm3<\/div>\n<\/td>\n<td colspan=\"1\" rowspan=\"1\">\n<div class=\"magic-19\">1.68-1.72<\/div>\n<\/td>\n<\/tr>\n<tr>\n<td colspan=\"1\" rowspan=\"1\">\n<div class=\"magic-18\">Spesifik diren\u00e7<\/div>\n<\/td>\n<td colspan=\"1\" rowspan=\"1\">\n<div class=\"magic-16\">\u03bc\u03a9-m<\/div>\n<\/td>\n<td colspan=\"1\" rowspan=\"1\">\n<div class=\"magic-19\">5.5<\/div>\n<\/td>\n<\/tr>\n<tr>\n<td colspan=\"1\" rowspan=\"1\">\n<div class=\"magic-18\">E\u011filme dayan\u0131m\u0131<\/div>\n<\/td>\n<td colspan=\"1\" rowspan=\"1\">\n<div class=\"magic-16\">Mpa<\/div>\n<\/td>\n<td colspan=\"1\" rowspan=\"1\">\n<div class=\"magic-19\">10.5-11<\/div>\n<\/td>\n<\/tr>\n<tr>\n<td colspan=\"1\" rowspan=\"1\">\n<div class=\"magic-18\">K\u00fcl i\u00e7eri\u011fi<\/div>\n<\/td>\n<td colspan=\"1\" rowspan=\"1\">\n<div class=\"magic-16\">%<\/div>\n<\/td>\n<td colspan=\"1\" rowspan=\"1\">\n<div class=\"magic-19\">0.2-0.3<\/div>\n<\/td>\n<\/tr>\n<tr>\n<td colspan=\"1\" rowspan=\"1\">\n<div class=\"magic-18\">Elastik mod\u00fcl<\/div>\n<\/td>\n<td colspan=\"1\" rowspan=\"1\">\n<div class=\"magic-16\">Gpa<\/div>\n<\/td>\n<td colspan=\"1\" rowspan=\"1\">\n<div class=\"magic-19\">14<\/div>\n<\/td>\n<\/tr>\n<\/tbody>\n<\/table>\n<\/div>\n<\/div>\n<div class=\"J_module\">\n<div class=\"detail-decorate-json-renderer-container\">\n<div class=\"magic-0\"><\/div>\n<\/div>\n<\/div>","protected":false},"excerpt":{"rendered":"<p class=\"ql-align-justify\">300 mm grafit elektrot, y\u00fcksek safl\u0131kta grafit hammaddelerinden \u00f6zenle yap\u0131lm\u0131\u015f silindirik bir elektrottur. M\u00fckemmel fiziksel ve kimyasal \u00f6zellikleri ile bir\u00e7ok end\u00fcstriyel \u00fcretim ba\u011flant\u0131s\u0131nda \u00f6nemli bir rol oynar. Ve end\u00fcstriyel operasyonlar i\u00e7in y\u00fcksek mukavemet ve y\u00fcksek gereksinimleri kar\u015f\u0131layabilen y\u00fcksek kaliteli bir malzemedir.<\/p>\n<p class=\"ql-align-justify\">\u00dcretim s\u00fcrecinde hammadde se\u00e7imi son derece kat\u0131d\u0131r ve yaln\u0131zca y\u00fcksek kaliteli ve son derece saf grafit hammaddesi kullan\u0131r\u0131z. Bu, \u00fcr\u00fcn kalitesi i\u00e7in kaynaktan itibaren sa\u011flam bir garanti sa\u011flar. \u00dcretim s\u00fcrecinde, izostatik presleme vb. gibi geli\u015fmi\u015f \u015fekillendirme teknolojisi kullan\u0131l\u0131r. Elektrot yo\u011funlu\u011funun tek tip ve yap\u0131n\u0131n yo\u011fun olmas\u0131n\u0131 sa\u011flamak i\u00e7in.<\/p>\n<p class=\"ql-align-justify\">","protected":false},"featured_media":7331,"template":"","meta":[],"product_brand":[],"product_cat":[37],"product_tag":[],"class_list":{"0":"post-7327","1":"product","2":"type-product","3":"status-publish","4":"has-post-thumbnail","6":"product_cat-graphite-electrode","8":"first","9":"instock","10":"shipping-taxable","11":"product-type-simple"},"yoast_head":"<!-- This site is optimized with the Yoast SEO Premium plugin v19.2.1 (Yoast SEO v25.3) - https:\/\/yoast.com\/wordpress\/plugins\/seo\/ -->\n<title>300mm Graphite Electrode Manufacturer | Jinsun Carbon<\/title>\n<meta name=\"description\" content=\"300mm Graphite Electrode Manufacturer in China, It is used in the smelting of non-ferrous metals, including refining and crude steelmaking in electric arc furnaces.\" \/>\n<meta name=\"robots\" content=\"index, follow, max-snippet:-1, max-image-preview:large, max-video-preview:-1\" \/>\n<link rel=\"canonical\" href=\"https:\/\/jinsuncarbon.com\/tr\/urun\/300mm-grafit-glectrode\/\" \/>\n<meta property=\"og:locale\" content=\"tr_TR\" \/>\n<meta property=\"og:type\" content=\"article\" \/>\n<meta property=\"og:title\" content=\"300mm Graphite Electrode\" \/>\n<meta property=\"og:description\" content=\"300mm Graphite Electrode Manufacturer in China, It is used in the smelting of non-ferrous metals, including refining and crude steelmaking in electric arc furnaces.\" \/>\n<meta property=\"og:url\" content=\"https:\/\/jinsuncarbon.com\/tr\/urun\/300mm-grafit-glectrode\/\" \/>\n<meta property=\"og:site_name\" content=\"Jinsun Carbon\" \/>\n<meta property=\"article:publisher\" content=\"https:\/\/www.facebook.com\/Graphite-Electrode-109336238661595\" \/>\n<meta property=\"article:modified_time\" content=\"2025-01-17T20:37:46+00:00\" \/>\n<meta property=\"og:image\" content=\"https:\/\/jinsuncarbon.com\/wp-content\/uploads\/2025\/01\/300mm-Graphite-Electrode.jpg\" \/>\n\t<meta property=\"og:image:width\" content=\"1024\" \/>\n\t<meta property=\"og:image:height\" content=\"763\" \/>\n\t<meta property=\"og:image:type\" content=\"image\/jpeg\" \/>\n<meta name=\"twitter:card\" content=\"summary_large_image\" \/>\n<meta name=\"twitter:site\" content=\"@jinsuncarbon_\" \/>\n<meta name=\"twitter:label1\" content=\"Tahmini okuma s\u00fcresi\" \/>\n\t<meta name=\"twitter:data1\" content=\"3 dakika\" \/>\n<script type=\"application\/ld+json\" class=\"yoast-schema-graph\">{\"@context\":\"https:\/\/schema.org\",\"@graph\":[{\"@type\":\"WebPage\",\"@id\":\"https:\/\/jinsuncarbon.com\/product\/300mm-graphite-glectrode\/\",\"url\":\"https:\/\/jinsuncarbon.com\/product\/300mm-graphite-glectrode\/\",\"name\":\"300mm Graphite Electrode Manufacturer | Jinsun Carbon\",\"isPartOf\":{\"@id\":\"https:\/\/jinsuncarbon.com\/#website\"},\"primaryImageOfPage\":{\"@id\":\"https:\/\/jinsuncarbon.com\/product\/300mm-graphite-glectrode\/#primaryimage\"},\"image\":{\"@id\":\"https:\/\/jinsuncarbon.com\/product\/300mm-graphite-glectrode\/#primaryimage\"},\"thumbnailUrl\":\"https:\/\/jinsuncarbon.com\/wp-content\/uploads\/2025\/01\/300mm-Graphite-Electrode.jpg\",\"datePublished\":\"2025-01-14T00:52:47+00:00\",\"dateModified\":\"2025-01-17T20:37:46+00:00\",\"description\":\"300mm Graphite Electrode Manufacturer in China, It is used in the smelting of non-ferrous metals, including refining and crude steelmaking in electric arc furnaces.\",\"breadcrumb\":{\"@id\":\"https:\/\/jinsuncarbon.com\/product\/300mm-graphite-glectrode\/#breadcrumb\"},\"inLanguage\":\"tr\",\"potentialAction\":[{\"@type\":\"ReadAction\",\"target\":[\"https:\/\/jinsuncarbon.com\/product\/300mm-graphite-glectrode\/\"]}]},{\"@type\":\"ImageObject\",\"inLanguage\":\"tr\",\"@id\":\"https:\/\/jinsuncarbon.com\/product\/300mm-graphite-glectrode\/#primaryimage\",\"url\":\"https:\/\/jinsuncarbon.com\/wp-content\/uploads\/2025\/01\/300mm-Graphite-Electrode.jpg\",\"contentUrl\":\"https:\/\/jinsuncarbon.com\/wp-content\/uploads\/2025\/01\/300mm-Graphite-Electrode.jpg\",\"width\":1024,\"height\":763,\"caption\":\"300mm Graphite Electrode\"},{\"@type\":\"BreadcrumbList\",\"@id\":\"https:\/\/jinsuncarbon.com\/product\/300mm-graphite-glectrode\/#breadcrumb\",\"itemListElement\":[{\"@type\":\"ListItem\",\"position\":1,\"name\":\"Home\",\"item\":\"https:\/\/jinsuncarbon.com\/\"},{\"@type\":\"ListItem\",\"position\":2,\"name\":\"Products\",\"item\":\"https:\/\/jinsuncarbon.com\/graphite-carbon\/\"},{\"@type\":\"ListItem\",\"position\":3,\"name\":\"300mm Graphite Electrode\"}]},{\"@type\":\"WebSite\",\"@id\":\"https:\/\/jinsuncarbon.com\/#website\",\"url\":\"https:\/\/jinsuncarbon.com\/\",\"name\":\"Jinsun Carbon\",\"description\":\"We are the successful graphite electrode manufacturer in China\",\"publisher\":{\"@id\":\"https:\/\/jinsuncarbon.com\/#organization\"},\"potentialAction\":[{\"@type\":\"SearchAction\",\"target\":{\"@type\":\"EntryPoint\",\"urlTemplate\":\"https:\/\/jinsuncarbon.com\/?s={search_term_string}\"},\"query-input\":{\"@type\":\"PropertyValueSpecification\",\"valueRequired\":true,\"valueName\":\"search_term_string\"}}],\"inLanguage\":\"tr\"},{\"@type\":\"Organization\",\"@id\":\"https:\/\/jinsuncarbon.com\/#organization\",\"name\":\"Jinsun Carbon\",\"alternateName\":\"Jinsun Carbon\",\"url\":\"https:\/\/jinsuncarbon.com\/\",\"logo\":{\"@type\":\"ImageObject\",\"inLanguage\":\"tr\",\"@id\":\"https:\/\/jinsuncarbon.com\/#\/schema\/logo\/image\/\",\"url\":\"https:\/\/jinsuncarbon.com\/wp-content\/uploads\/2022\/12\/LOGO-1.png\",\"contentUrl\":\"https:\/\/jinsuncarbon.com\/wp-content\/uploads\/2022\/12\/LOGO-1.png\",\"width\":207,\"height\":80,\"caption\":\"Jinsun Carbon\"},\"image\":{\"@id\":\"https:\/\/jinsuncarbon.com\/#\/schema\/logo\/image\/\"},\"sameAs\":[\"https:\/\/www.facebook.com\/Graphite-Electrode-109336238661595\",\"https:\/\/x.com\/jinsuncarbon_\",\"https:\/\/www.linkedin.com\/in\/jinsungraphite\",\"https:\/\/www.youtube.com\/channel\/UCysDNyvyR5-3cCWEmpkVC0g\"]}]}<\/script>\n<!-- \/ Yoast SEO Premium plugin. -->","yoast_head_json":{"title":"300mm Grafit Elektrot \u00dcreticisi | Jinsun Carbon","description":"\u00c7in'de 300mm Grafit Elektrot \u00dcreticisi, Elektrik ark f\u0131r\u0131nlar\u0131nda rafine etme ve ham \u00e7elik \u00fcretimi de dahil olmak \u00fczere demir d\u0131\u015f\u0131 metallerin eritilmesinde kullan\u0131l\u0131r.","robots":{"index":"index","follow":"follow","max-snippet":"max-snippet:-1","max-image-preview":"max-image-preview:large","max-video-preview":"max-video-preview:-1"},"canonical":"https:\/\/jinsuncarbon.com\/tr\/urun\/300mm-grafit-glectrode\/","og_locale":"tr_TR","og_type":"article","og_title":"300mm Graphite Electrode","og_description":"300mm Graphite Electrode Manufacturer in China, It is used in the smelting of non-ferrous metals, including refining and crude steelmaking in electric arc furnaces.","og_url":"https:\/\/jinsuncarbon.com\/tr\/urun\/300mm-grafit-glectrode\/","og_site_name":"Jinsun Carbon","article_publisher":"https:\/\/www.facebook.com\/Graphite-Electrode-109336238661595","article_modified_time":"2025-01-17T20:37:46+00:00","og_image":[{"width":1024,"height":763,"url":"https:\/\/jinsuncarbon.com\/wp-content\/uploads\/2025\/01\/300mm-Graphite-Electrode.jpg","type":"image\/jpeg"}],"twitter_card":"summary_large_image","twitter_site":"@jinsuncarbon_","twitter_misc":{"Tahmini okuma s\u00fcresi":"3 dakika"},"schema":{"@context":"https:\/\/schema.org","@graph":[{"@type":"WebPage","@id":"https:\/\/jinsuncarbon.com\/product\/300mm-graphite-glectrode\/","url":"https:\/\/jinsuncarbon.com\/product\/300mm-graphite-glectrode\/","name":"300mm Grafit Elektrot \u00dcreticisi | Jinsun Carbon","isPartOf":{"@id":"https:\/\/jinsuncarbon.com\/#website"},"primaryImageOfPage":{"@id":"https:\/\/jinsuncarbon.com\/product\/300mm-graphite-glectrode\/#primaryimage"},"image":{"@id":"https:\/\/jinsuncarbon.com\/product\/300mm-graphite-glectrode\/#primaryimage"},"thumbnailUrl":"https:\/\/jinsuncarbon.com\/wp-content\/uploads\/2025\/01\/300mm-Graphite-Electrode.jpg","datePublished":"2025-01-14T00:52:47+00:00","dateModified":"2025-01-17T20:37:46+00:00","description":"\u00c7in'de 300mm Grafit Elektrot \u00dcreticisi, Elektrik ark f\u0131r\u0131nlar\u0131nda rafine etme ve ham \u00e7elik \u00fcretimi de dahil olmak \u00fczere demir d\u0131\u015f\u0131 metallerin eritilmesinde kullan\u0131l\u0131r.","breadcrumb":{"@id":"https:\/\/jinsuncarbon.com\/product\/300mm-graphite-glectrode\/#breadcrumb"},"inLanguage":"tr","potentialAction":[{"@type":"ReadAction","target":["https:\/\/jinsuncarbon.com\/product\/300mm-graphite-glectrode\/"]}]},{"@type":"ImageObject","inLanguage":"tr","@id":"https:\/\/jinsuncarbon.com\/product\/300mm-graphite-glectrode\/#primaryimage","url":"https:\/\/jinsuncarbon.com\/wp-content\/uploads\/2025\/01\/300mm-Graphite-Electrode.jpg","contentUrl":"https:\/\/jinsuncarbon.com\/wp-content\/uploads\/2025\/01\/300mm-Graphite-Electrode.jpg","width":1024,"height":763,"caption":"300mm Graphite Electrode"},{"@type":"BreadcrumbList","@id":"https:\/\/jinsuncarbon.com\/product\/300mm-graphite-glectrode\/#breadcrumb","itemListElement":[{"@type":"ListItem","position":1,"name":"Home","item":"https:\/\/jinsuncarbon.com\/"},{"@type":"ListItem","position":2,"name":"Products","item":"https:\/\/jinsuncarbon.com\/graphite-carbon\/"},{"@type":"ListItem","position":3,"name":"300mm Graphite Electrode"}]},{"@type":"WebSite","@id":"https:\/\/jinsuncarbon.com\/#website","url":"https:\/\/jinsuncarbon.com\/","name":"Jinsun Karbon","description":"\u00c7in'deki ba\u015far\u0131l\u0131 grafit elektrot \u00fcreticisiyiz","publisher":{"@id":"https:\/\/jinsuncarbon.com\/#organization"},"potentialAction":[{"@type":"SearchAction","target":{"@type":"EntryPoint","urlTemplate":"https:\/\/jinsuncarbon.com\/?s={search_term_string}"},"query-input":{"@type":"PropertyValueSpecification","valueRequired":true,"valueName":"search_term_string"}}],"inLanguage":"tr"},{"@type":"Organization","@id":"https:\/\/jinsuncarbon.com\/#organization","name":"Jinsun Karbon","alternateName":"Jinsun Carbon","url":"https:\/\/jinsuncarbon.com\/","logo":{"@type":"ImageObject","inLanguage":"tr","@id":"https:\/\/jinsuncarbon.com\/#\/schema\/logo\/image\/","url":"https:\/\/jinsuncarbon.com\/wp-content\/uploads\/2022\/12\/LOGO-1.png","contentUrl":"https:\/\/jinsuncarbon.com\/wp-content\/uploads\/2022\/12\/LOGO-1.png","width":207,"height":80,"caption":"Jinsun Carbon"},"image":{"@id":"https:\/\/jinsuncarbon.com\/#\/schema\/logo\/image\/"},"sameAs":["https:\/\/www.facebook.com\/Graphite-Electrode-109336238661595","https:\/\/x.com\/jinsuncarbon_","https:\/\/www.linkedin.com\/in\/jinsungraphite","https:\/\/www.youtube.com\/channel\/UCysDNyvyR5-3cCWEmpkVC0g"]}]}},"_links":{"self":[{"href":"https:\/\/jinsuncarbon.com\/tr\/wp-json\/wp\/v2\/product\/7327","targetHints":{"allow":["GET"]}}],"collection":[{"href":"https:\/\/jinsuncarbon.com\/tr\/wp-json\/wp\/v2\/product"}],"about":[{"href":"https:\/\/jinsuncarbon.com\/tr\/wp-json\/wp\/v2\/types\/product"}],"wp:featuredmedia":[{"embeddable":true,"href":"https:\/\/jinsuncarbon.com\/tr\/wp-json\/wp\/v2\/media\/7331"}],"wp:attachment":[{"href":"https:\/\/jinsuncarbon.com\/tr\/wp-json\/wp\/v2\/media?parent=7327"}],"wp:term":[{"taxonomy":"product_brand","embeddable":true,"href":"https:\/\/jinsuncarbon.com\/tr\/wp-json\/wp\/v2\/product_brand?post=7327"},{"taxonomy":"product_cat","embeddable":true,"href":"https:\/\/jinsuncarbon.com\/tr\/wp-json\/wp\/v2\/product_cat?post=7327"},{"taxonomy":"product_tag","embeddable":true,"href":"https:\/\/jinsuncarbon.com\/tr\/wp-json\/wp\/v2\/product_tag?post=7327"}],"curies":[{"name":"wp","href":"https:\/\/api.w.org\/{rel}","templated":true}]}}