{"id":7316,"date":"2025-01-12T13:56:18","date_gmt":"2025-01-12T13:56:18","guid":{"rendered":"https:\/\/jinsuncarbon.com\/?post_type=product&#038;p=7316"},"modified":"2025-04-06T11:14:39","modified_gmt":"2025-04-06T11:14:39","slug":"soderbergh-elektrot-macunu","status":"publish","type":"product","link":"https:\/\/jinsuncarbon.com\/tr\/urun\/soderbergh-elektrot-macunu\/","title":{"rendered":"Soderberg Elektrot Macunu"},"content":{"rendered":"<h2>Soderbergh elektrot macunu<\/h2>\n<p>Soderbergh elektrot macunu genellikle kal\u0131n bir macun olarak g\u00f6r\u00fcn\u00fcr. Avantajlar\u0131 ola\u011fan\u00fcst\u00fcd\u00fcr.<\/p>\n<p><strong><b>\u0130yi y\u00fcksek s\u0131cakl\u0131k dayan\u0131m\u0131<\/b><\/strong><\/p>\n<p>1000\u00b0C'nin \u00fczerindeki y\u00fcksek s\u0131cakl\u0131k ortamlar\u0131nda kararl\u0131 fiziksel formunu ve kimyasal \u00f6zelliklerini koruyabilir. Ve kolayca erimez, buharla\u015fmaz veya ayr\u0131\u015fmaz.<\/p>\n<p><strong><b>\u00a0<\/b><\/strong><\/p>\n<p><strong><b>M\u00fckemmel elektrik iletkenli\u011fi<\/b><\/strong><\/p>\n<p>Bu, ak\u0131m\u0131n elektrot macunundan elektroda verimli bir \u015fekilde iletilebilmesini sa\u011flar. Elektroliz, eritme ve end\u00fcstriyel \u00fcretimdeki di\u011fer i\u015flemler i\u00e7in istikrarl\u0131 g\u00fc\u00e7 deste\u011fi sa\u011flar.<\/p>\n<p>&nbsp;<\/p>\n<p><strong><b>G\u00fc\u00e7l\u00fc yap\u0131\u015fma<\/b><\/strong><\/p>\n<p>Elektrot \u00fcretim s\u00fcrecinde, elektrot kabu\u011fu ve di\u011fer bile\u015fenlerle yak\u0131ndan ba\u011flanabilir. Elektrotun yap\u0131sal stabilitesini sa\u011flamak i\u00e7in sa\u011flam bir b\u00fct\u00fcn olu\u015fturur.<\/p>\n<p>&nbsp;<\/p>\n<p><strong><b>\u0130yi plastisite<\/b><\/strong><\/p>\n<p>Farkl\u0131 \u015fekil ve boyutlardaki elektrot \u00fcretim ihtiya\u00e7lar\u0131na uyum sa\u011flamak i\u00e7in elektrot kabu\u011funu doldurmak kolayd\u0131r.<\/p>\n<p><strong><b>\u00a0<\/b><\/strong><\/p>\n<p><strong><b>Y\u00fcksek kimyasal stabilite<\/b><\/strong><\/p>\n<p>\u00c7o\u011fu kimyasal maddeye kar\u015f\u0131 g\u00fc\u00e7l\u00fc bir korozyon direncine sahiptir. Karma\u015f\u0131k kimyasal ortamlarda a\u015f\u0131nmadan uzun s\u00fcre kullanabilirsiniz.<\/p>\n<p>&nbsp;<\/p>\n<p>Ayr\u0131ca, Soderbergh elektrot macunu belirli bir kendi kendini iyile\u015ftirme \u00f6zelli\u011fine de sahiptir. Elektrot kullan\u0131m\u0131nda, hafif bir yerel hasar varsa, elektrot macunu doldurulabilir ve belirli bir dereceye kadar onar\u0131labilir. B\u00f6ylece elektrotun hizmet \u00f6mr\u00fc uzar.<\/p>\n<p><strong><b>\u00a0<\/b><\/strong><\/p>\n<h2>Soderberg Elektrot Macununun Kullan\u0131m Alanlar\u0131<\/h2>\n<p>Soderbergh elektrot pastas\u0131 yayg\u0131n olarak kullan\u0131lmakta ve bir\u00e7ok end\u00fcstriyel alanda vazge\u00e7ilmez bir konuma sahiptir.<\/p>\n<p>&nbsp;<\/p>\n<p><strong><b>Demir d\u0131\u015f\u0131 metal eritme end\u00fcstrisi:<\/b><\/strong><\/p>\n<p>Elektrolitik al\u00fcminyum \u00fcretiminde, Soderberg elektrot macunu anahtar malzemedir. Elektrot kabu\u011funa doldurabilirsiniz. \u0130yi bir iletken olu\u015fturmak i\u00e7in sinterlemeden sonra <a href=\"https:\/\/jinsuncarbon.com\/tr\/urun\/grafit-cubuk-elektrot\/\">elektrot<\/a>Al\u00fcminan\u0131n elektrolizi i\u00e7in gerekli ak\u0131m\u0131 sa\u011flayabilir. Al\u00fcminyum iyonlar\u0131n\u0131n katotta al\u00fcminyuma indirgenmesini te\u015fvik etmek ve elektrolitik al\u00fcminyumun verimli bir \u015fekilde \u00fcretilmesini sa\u011flamak.<\/p>\n<p>&nbsp;<\/p>\n<p>Bak\u0131r, kur\u015fun, \u00e7inko gibi di\u011fer demir d\u0131\u015f\u0131 metallerin eritme i\u015fleminde, iletim ve elektrot deste\u011finde de \u00f6nemli bir rol oynar. Metal ekstraksiyonu ve rafine edilmesine yard\u0131mc\u0131 olur.<\/p>\n<p>&nbsp;<\/p>\n<p><strong><b>Ferroalyaj \u00fcretim alan\u0131: <\/b><\/strong><\/p>\n<p>Ferrosilikon, ferromanganez, ferrokrom ve di\u011fer ferroala\u015f\u0131mlar\u0131n \u00fcretiminde, Soderberg elektrot macunundan yap\u0131lan elektrot, cevher f\u0131r\u0131n\u0131 i\u00e7in g\u00fc\u00e7l\u00fc bir ak\u0131m sa\u011flayabilir. B\u00f6ylece cevher ve indirgeyici ajan, ferroala\u015f\u0131m\u0131n eritilmesini sa\u011flamak i\u00e7in f\u0131r\u0131n kimyasal reaksiyonunda. \u0130yi y\u00fcksek s\u0131cakl\u0131k direnci ve iletken \u00f6zellikleri, elektrotun y\u00fcksek s\u0131cakl\u0131k alt\u0131nda kararl\u0131 \u00e7al\u0131\u015fmas\u0131n\u0131 sa\u011flar. Ayr\u0131ca y\u00fcksek ak\u0131m \u00e7al\u0131\u015fma ko\u015fullar\u0131n\u0131 sa\u011flar, ferroalyaj\u0131n \u00fcretim verimlili\u011fini ve kalitesini art\u0131r\u0131r.<\/p>\n<p>&nbsp;<\/p>\n<p><strong><b>Kimya end\u00fcstrisi: <\/b><\/strong><\/p>\n<p>Klor-alkali end\u00fcstrisi gibi elektrolitik reaksiyon gerektiren baz\u0131 kimyasal \u00fcretim s\u00fcre\u00e7lerinde elektrot malzemesi olarak kullanabilirsiniz. G\u00fc\u00e7l\u00fc asit ve alkali gibi a\u015f\u0131nd\u0131r\u0131c\u0131 ortamlara dayanabilir. <a href=\"https:\/\/en.wikipedia.org\/wiki\/Electrolysis\" target=\"_blank\" rel=\"noopener\">elektrolitik<\/a> s\u00fcre\u00e7. Elektrolitik reaksiyon i\u00e7in kararl\u0131 bir elektrot ortam\u0131 sa\u011flar ve kimyasal \u00fcr\u00fcnlerin sorunsuz bir \u015fekilde \u00fcretilmesini sa\u011flar. Ayn\u0131 zamanda, baz\u0131 kimyasal \u00fcr\u00fcnlerin sentezinde, elektrokimyasal reaksiyon s\u00f6z konusu ise, \u00f6nemli bir rol de oynayabilir.<\/p>\n<p>&nbsp;<\/p>\n<h2>Soderberg elektrot macunu spesifikasyonu<\/h2>\n<table class=\"has-title is-zebra hight-light-first-column all magic-10\">\n<tbody>\n<tr>\n<td colspan=\"1\" rowspan=\"2\">\n<div class=\"magic-13\">\u00d6\u011fe<\/div>\n<\/td>\n<td colspan=\"2\" rowspan=\"1\">\n<div class=\"magic-14\">M\u00fch\u00fcrl\u00fc Elektrot Macunu<\/div>\n<\/td>\n<td colspan=\"3\" rowspan=\"1\">\n<div class=\"magic-17\">Standart Elektrot Macunu<\/div>\n<\/td>\n<\/tr>\n<tr>\n<td colspan=\"1\" rowspan=\"1\">\n<div class=\"magic-21\">Gr\u00f6nland-1<\/div>\n<\/td>\n<td colspan=\"1\" rowspan=\"1\">\n<div class=\"magic-16\">Gr\u00f6nland-2<\/div>\n<\/td>\n<td colspan=\"1\" rowspan=\"1\">\n<div class=\"magic-22\">Gr\u00f6nland-3<\/div>\n<\/td>\n<td colspan=\"1\" rowspan=\"1\">\n<div class=\"magic-18\">Gr\u00f6nland-4<\/div>\n<\/td>\n<td colspan=\"1\" rowspan=\"1\">\n<div class=\"magic-23\">Gr\u00f6nland-5<\/div>\n<\/td>\n<\/tr>\n<tr>\n<td colspan=\"1\" rowspan=\"1\">\n<div class=\"magic-20\">U\u00e7ucu Ak\u0131 (%)<\/div>\n<\/td>\n<td colspan=\"1\" rowspan=\"1\">\n<div class=\"magic-21\">12.0-15.5<\/div>\n<\/td>\n<td colspan=\"1\" rowspan=\"1\">\n<div class=\"magic-16\">12.0-15.5<\/div>\n<\/td>\n<td colspan=\"1\" rowspan=\"1\">\n<div class=\"magic-22\">9.5-13.5<\/div>\n<\/td>\n<td colspan=\"1\" rowspan=\"1\">\n<div class=\"magic-18\">11.5-15.5<\/div>\n<\/td>\n<td colspan=\"1\" rowspan=\"1\">\n<div class=\"magic-23\">11.5-15.5<\/div>\n<\/td>\n<\/tr>\n<tr>\n<td colspan=\"1\" rowspan=\"1\">\n<div class=\"magic-20\">Bas\u0131n\u00e7 Dayan\u0131m\u0131 (Mpa)<\/div>\n<\/td>\n<td colspan=\"1\" rowspan=\"1\">\n<div class=\"magic-21\">18<\/div>\n<\/td>\n<td colspan=\"1\" rowspan=\"1\">\n<div class=\"magic-16\">17<\/div>\n<\/td>\n<td colspan=\"1\" rowspan=\"1\">\n<div class=\"magic-22\">22<\/div>\n<\/td>\n<td colspan=\"1\" rowspan=\"1\">\n<div class=\"magic-18\">21<\/div>\n<\/td>\n<td colspan=\"1\" rowspan=\"1\">\n<div class=\"magic-23\">20<\/div>\n<\/td>\n<\/tr>\n<tr>\n<td colspan=\"1\" rowspan=\"1\">\n<div class=\"magic-20\">Diren\u00e7lilik (u\u03a9m)<\/div>\n<\/td>\n<td colspan=\"1\" rowspan=\"1\">\n<div class=\"magic-21\">65<\/div>\n<\/td>\n<td colspan=\"1\" rowspan=\"1\">\n<div class=\"magic-16\">75<\/div>\n<\/td>\n<td colspan=\"1\" rowspan=\"1\">\n<div class=\"magic-22\">80<\/div>\n<\/td>\n<td colspan=\"1\" rowspan=\"1\">\n<div class=\"magic-18\">85<\/div>\n<\/td>\n<td colspan=\"1\" rowspan=\"1\">\n<div class=\"magic-23\">90<\/div>\n<\/td>\n<\/tr>\n<tr>\n<td colspan=\"1\" rowspan=\"1\">\n<div class=\"magic-20\">Hacim Yo\u011funlu\u011fu (g\/cm3)<\/div>\n<\/td>\n<td colspan=\"1\" rowspan=\"1\">\n<div class=\"magic-21\">1.38<\/div>\n<\/td>\n<td colspan=\"1\" rowspan=\"1\">\n<div class=\"magic-16\">1.38<\/div>\n<\/td>\n<td colspan=\"1\" rowspan=\"1\">\n<div class=\"magic-22\">1.38<\/div>\n<\/td>\n<td colspan=\"1\" rowspan=\"1\">\n<div class=\"magic-18\">1.38<\/div>\n<\/td>\n<td colspan=\"1\" rowspan=\"1\">\n<div class=\"magic-23\">1.38<\/div>\n<\/td>\n<\/tr>\n<tr>\n<td colspan=\"1\" rowspan=\"1\">\n<div class=\"magic-20\">Uzama (%)<\/div>\n<\/td>\n<td colspan=\"1\" rowspan=\"1\">\n<div class=\"magic-21\">5-20<\/div>\n<\/td>\n<td colspan=\"1\" rowspan=\"1\">\n<div class=\"magic-16\">5-20<\/div>\n<\/td>\n<td colspan=\"1\" rowspan=\"1\">\n<div class=\"magic-22\">5-30<\/div>\n<\/td>\n<td colspan=\"1\" rowspan=\"1\">\n<div class=\"magic-18\">15-40<\/div>\n<\/td>\n<td colspan=\"1\" rowspan=\"1\">\n<div class=\"magic-23\">15-40<\/div>\n<\/td>\n<\/tr>\n<tr>\n<td colspan=\"1\" rowspan=\"1\">\n<div class=\"magic-20\">K\u00fcl (%)<\/div>\n<\/td>\n<td colspan=\"1\" rowspan=\"1\">\n<div class=\"magic-21\">4<\/div>\n<\/td>\n<td colspan=\"1\" rowspan=\"1\">\n<div class=\"magic-16\">6<\/div>\n<\/td>\n<td colspan=\"1\" rowspan=\"1\">\n<div class=\"magic-22\">7<\/div>\n<\/td>\n<td colspan=\"1\" rowspan=\"1\">\n<div class=\"magic-18\">9<\/div>\n<\/td>\n<td colspan=\"1\" rowspan=\"1\">\n<div class=\"magic-23\" data-spm-anchor-id=\"a2700.details.0.i68.2af16603U6DgBr\">11<\/div>\n<\/td>\n<\/tr>\n<\/tbody>\n<\/table>","protected":false},"excerpt":{"rendered":"<p>Soderbergh elektrot macunu, Soderbergh elektrodu i\u00e7in \u00f6zel olarak kullan\u0131lan \u00f6zel bir macundur. \u00c7e\u015fitli se\u00e7ilmi\u015f hammaddelerin belirli bir oranda kar\u0131\u015ft\u0131r\u0131lmas\u0131yla yap\u0131l\u0131r. E\u015fsiz fiziksel ve kimyasal \u00f6zellikleri ile bir\u00e7ok end\u00fcstriyel \u00fcretim senaryosunda \u00f6nemli bir rol oynar. M\u00fckemmel performans ve g\u00fcvenilirli\u011fe sahip end\u00fcstriyel bir malzemedir.<\/p>\n<p>&nbsp;<\/p>","protected":false},"featured_media":7317,"template":"","meta":[],"product_brand":[],"product_cat":[39],"product_tag":[],"class_list":{"0":"post-7316","1":"product","2":"type-product","3":"status-publish","4":"has-post-thumbnail","6":"product_cat-carbon-products","8":"first","9":"instock","10":"shipping-taxable","11":"product-type-simple"},"yoast_head":"<!-- This site is optimized with the Yoast SEO Premium plugin v19.2.1 (Yoast SEO v25.3) - https:\/\/yoast.com\/wordpress\/plugins\/seo\/ -->\n<title>Soderberg Electrode Paste Manufacturer in China<\/title>\n<meta name=\"robots\" content=\"index, follow, max-snippet:-1, max-image-preview:large, max-video-preview:-1\" \/>\n<link rel=\"canonical\" href=\"https:\/\/jinsuncarbon.com\/tr\/urun\/soderbergh-elektrot-macunu\/\" \/>\n<meta property=\"og:locale\" content=\"tr_TR\" \/>\n<meta property=\"og:type\" content=\"article\" \/>\n<meta property=\"og:title\" content=\"Soderberg Electrode Paste\" \/>\n<meta property=\"og:description\" content=\"Soderbergh electrode paste is a special paste specially used for Soderbergh electrode. It is made by mixing a variety of selected raw materials in a specific proportion. And with its unique physical and chemical properties, it plays a key role in many industrial production scenarios. And it is an industrial material with excellent performance and reliability.  &nbsp;\" \/>\n<meta property=\"og:url\" content=\"https:\/\/jinsuncarbon.com\/tr\/urun\/soderbergh-elektrot-macunu\/\" \/>\n<meta property=\"og:site_name\" content=\"Jinsun Carbon\" \/>\n<meta property=\"article:publisher\" content=\"https:\/\/www.facebook.com\/Graphite-Electrode-109336238661595\" \/>\n<meta property=\"article:modified_time\" content=\"2025-04-06T11:14:39+00:00\" \/>\n<meta property=\"og:image\" content=\"https:\/\/jinsuncarbon.com\/wp-content\/uploads\/2025\/01\/Soderbergh-electrode-paste.jpg\" \/>\n\t<meta property=\"og:image:width\" content=\"1024\" \/>\n\t<meta property=\"og:image:height\" content=\"763\" \/>\n\t<meta property=\"og:image:type\" content=\"image\/jpeg\" \/>\n<meta name=\"twitter:card\" content=\"summary_large_image\" \/>\n<meta name=\"twitter:site\" content=\"@jinsuncarbon_\" \/>\n<meta name=\"twitter:label1\" content=\"Tahmini okuma s\u00fcresi\" \/>\n\t<meta name=\"twitter:data1\" content=\"3 dakika\" \/>\n<script type=\"application\/ld+json\" class=\"yoast-schema-graph\">{\"@context\":\"https:\/\/schema.org\",\"@graph\":[{\"@type\":\"WebPage\",\"@id\":\"https:\/\/jinsuncarbon.com\/product\/soderbergh-electrode-paste\/\",\"url\":\"https:\/\/jinsuncarbon.com\/product\/soderbergh-electrode-paste\/\",\"name\":\"Soderberg Electrode Paste Manufacturer in China\",\"isPartOf\":{\"@id\":\"https:\/\/jinsuncarbon.com\/#website\"},\"primaryImageOfPage\":{\"@id\":\"https:\/\/jinsuncarbon.com\/product\/soderbergh-electrode-paste\/#primaryimage\"},\"image\":{\"@id\":\"https:\/\/jinsuncarbon.com\/product\/soderbergh-electrode-paste\/#primaryimage\"},\"thumbnailUrl\":\"https:\/\/jinsuncarbon.com\/wp-content\/uploads\/2025\/01\/Soderbergh-electrode-paste.jpg\",\"datePublished\":\"2025-01-12T13:56:18+00:00\",\"dateModified\":\"2025-04-06T11:14:39+00:00\",\"breadcrumb\":{\"@id\":\"https:\/\/jinsuncarbon.com\/product\/soderbergh-electrode-paste\/#breadcrumb\"},\"inLanguage\":\"tr\",\"potentialAction\":[{\"@type\":\"ReadAction\",\"target\":[\"https:\/\/jinsuncarbon.com\/product\/soderbergh-electrode-paste\/\"]}]},{\"@type\":\"ImageObject\",\"inLanguage\":\"tr\",\"@id\":\"https:\/\/jinsuncarbon.com\/product\/soderbergh-electrode-paste\/#primaryimage\",\"url\":\"https:\/\/jinsuncarbon.com\/wp-content\/uploads\/2025\/01\/Soderbergh-electrode-paste.jpg\",\"contentUrl\":\"https:\/\/jinsuncarbon.com\/wp-content\/uploads\/2025\/01\/Soderbergh-electrode-paste.jpg\",\"width\":1024,\"height\":763,\"caption\":\"Soderbergh electrode paste\"},{\"@type\":\"BreadcrumbList\",\"@id\":\"https:\/\/jinsuncarbon.com\/product\/soderbergh-electrode-paste\/#breadcrumb\",\"itemListElement\":[{\"@type\":\"ListItem\",\"position\":1,\"name\":\"Home\",\"item\":\"https:\/\/jinsuncarbon.com\/\"},{\"@type\":\"ListItem\",\"position\":2,\"name\":\"Products\",\"item\":\"https:\/\/jinsuncarbon.com\/graphite-carbon\/\"},{\"@type\":\"ListItem\",\"position\":3,\"name\":\"Soderberg Electrode Paste\"}]},{\"@type\":\"WebSite\",\"@id\":\"https:\/\/jinsuncarbon.com\/#website\",\"url\":\"https:\/\/jinsuncarbon.com\/\",\"name\":\"Jinsun Carbon\",\"description\":\"We are the successful graphite electrode manufacturer in China\",\"publisher\":{\"@id\":\"https:\/\/jinsuncarbon.com\/#organization\"},\"potentialAction\":[{\"@type\":\"SearchAction\",\"target\":{\"@type\":\"EntryPoint\",\"urlTemplate\":\"https:\/\/jinsuncarbon.com\/?s={search_term_string}\"},\"query-input\":{\"@type\":\"PropertyValueSpecification\",\"valueRequired\":true,\"valueName\":\"search_term_string\"}}],\"inLanguage\":\"tr\"},{\"@type\":\"Organization\",\"@id\":\"https:\/\/jinsuncarbon.com\/#organization\",\"name\":\"Jinsun Carbon\",\"alternateName\":\"Jinsun Carbon\",\"url\":\"https:\/\/jinsuncarbon.com\/\",\"logo\":{\"@type\":\"ImageObject\",\"inLanguage\":\"tr\",\"@id\":\"https:\/\/jinsuncarbon.com\/#\/schema\/logo\/image\/\",\"url\":\"https:\/\/jinsuncarbon.com\/wp-content\/uploads\/2022\/12\/LOGO-1.png\",\"contentUrl\":\"https:\/\/jinsuncarbon.com\/wp-content\/uploads\/2022\/12\/LOGO-1.png\",\"width\":207,\"height\":80,\"caption\":\"Jinsun Carbon\"},\"image\":{\"@id\":\"https:\/\/jinsuncarbon.com\/#\/schema\/logo\/image\/\"},\"sameAs\":[\"https:\/\/www.facebook.com\/Graphite-Electrode-109336238661595\",\"https:\/\/x.com\/jinsuncarbon_\",\"https:\/\/www.linkedin.com\/in\/jinsungraphite\",\"https:\/\/www.youtube.com\/channel\/UCysDNyvyR5-3cCWEmpkVC0g\"]}]}<\/script>\n<!-- \/ Yoast SEO Premium plugin. -->","yoast_head_json":{"title":"\u00c7in'de Soderberg Elektrot Macunu \u00dcreticisi","robots":{"index":"index","follow":"follow","max-snippet":"max-snippet:-1","max-image-preview":"max-image-preview:large","max-video-preview":"max-video-preview:-1"},"canonical":"https:\/\/jinsuncarbon.com\/tr\/urun\/soderbergh-elektrot-macunu\/","og_locale":"tr_TR","og_type":"article","og_title":"Soderberg Electrode Paste","og_description":"Soderbergh electrode paste is a special paste specially used for Soderbergh electrode. It is made by mixing a variety of selected raw materials in a specific proportion. And with its unique physical and chemical properties, it plays a key role in many industrial production scenarios. And it is an industrial material with excellent performance and reliability.  &nbsp;","og_url":"https:\/\/jinsuncarbon.com\/tr\/urun\/soderbergh-elektrot-macunu\/","og_site_name":"Jinsun Carbon","article_publisher":"https:\/\/www.facebook.com\/Graphite-Electrode-109336238661595","article_modified_time":"2025-04-06T11:14:39+00:00","og_image":[{"width":1024,"height":763,"url":"https:\/\/jinsuncarbon.com\/wp-content\/uploads\/2025\/01\/Soderbergh-electrode-paste.jpg","type":"image\/jpeg"}],"twitter_card":"summary_large_image","twitter_site":"@jinsuncarbon_","twitter_misc":{"Tahmini okuma s\u00fcresi":"3 dakika"},"schema":{"@context":"https:\/\/schema.org","@graph":[{"@type":"WebPage","@id":"https:\/\/jinsuncarbon.com\/product\/soderbergh-electrode-paste\/","url":"https:\/\/jinsuncarbon.com\/product\/soderbergh-electrode-paste\/","name":"\u00c7in'de Soderberg Elektrot Macunu \u00dcreticisi","isPartOf":{"@id":"https:\/\/jinsuncarbon.com\/#website"},"primaryImageOfPage":{"@id":"https:\/\/jinsuncarbon.com\/product\/soderbergh-electrode-paste\/#primaryimage"},"image":{"@id":"https:\/\/jinsuncarbon.com\/product\/soderbergh-electrode-paste\/#primaryimage"},"thumbnailUrl":"https:\/\/jinsuncarbon.com\/wp-content\/uploads\/2025\/01\/Soderbergh-electrode-paste.jpg","datePublished":"2025-01-12T13:56:18+00:00","dateModified":"2025-04-06T11:14:39+00:00","breadcrumb":{"@id":"https:\/\/jinsuncarbon.com\/product\/soderbergh-electrode-paste\/#breadcrumb"},"inLanguage":"tr","potentialAction":[{"@type":"ReadAction","target":["https:\/\/jinsuncarbon.com\/product\/soderbergh-electrode-paste\/"]}]},{"@type":"ImageObject","inLanguage":"tr","@id":"https:\/\/jinsuncarbon.com\/product\/soderbergh-electrode-paste\/#primaryimage","url":"https:\/\/jinsuncarbon.com\/wp-content\/uploads\/2025\/01\/Soderbergh-electrode-paste.jpg","contentUrl":"https:\/\/jinsuncarbon.com\/wp-content\/uploads\/2025\/01\/Soderbergh-electrode-paste.jpg","width":1024,"height":763,"caption":"Soderbergh electrode paste"},{"@type":"BreadcrumbList","@id":"https:\/\/jinsuncarbon.com\/product\/soderbergh-electrode-paste\/#breadcrumb","itemListElement":[{"@type":"ListItem","position":1,"name":"Home","item":"https:\/\/jinsuncarbon.com\/"},{"@type":"ListItem","position":2,"name":"Products","item":"https:\/\/jinsuncarbon.com\/graphite-carbon\/"},{"@type":"ListItem","position":3,"name":"Soderberg Electrode Paste"}]},{"@type":"WebSite","@id":"https:\/\/jinsuncarbon.com\/#website","url":"https:\/\/jinsuncarbon.com\/","name":"Jinsun Karbon","description":"\u00c7in'deki ba\u015far\u0131l\u0131 grafit elektrot \u00fcreticisiyiz","publisher":{"@id":"https:\/\/jinsuncarbon.com\/#organization"},"potentialAction":[{"@type":"SearchAction","target":{"@type":"EntryPoint","urlTemplate":"https:\/\/jinsuncarbon.com\/?s={search_term_string}"},"query-input":{"@type":"PropertyValueSpecification","valueRequired":true,"valueName":"search_term_string"}}],"inLanguage":"tr"},{"@type":"Organization","@id":"https:\/\/jinsuncarbon.com\/#organization","name":"Jinsun Karbon","alternateName":"Jinsun Carbon","url":"https:\/\/jinsuncarbon.com\/","logo":{"@type":"ImageObject","inLanguage":"tr","@id":"https:\/\/jinsuncarbon.com\/#\/schema\/logo\/image\/","url":"https:\/\/jinsuncarbon.com\/wp-content\/uploads\/2022\/12\/LOGO-1.png","contentUrl":"https:\/\/jinsuncarbon.com\/wp-content\/uploads\/2022\/12\/LOGO-1.png","width":207,"height":80,"caption":"Jinsun Carbon"},"image":{"@id":"https:\/\/jinsuncarbon.com\/#\/schema\/logo\/image\/"},"sameAs":["https:\/\/www.facebook.com\/Graphite-Electrode-109336238661595","https:\/\/x.com\/jinsuncarbon_","https:\/\/www.linkedin.com\/in\/jinsungraphite","https:\/\/www.youtube.com\/channel\/UCysDNyvyR5-3cCWEmpkVC0g"]}]}},"_links":{"self":[{"href":"https:\/\/jinsuncarbon.com\/tr\/wp-json\/wp\/v2\/product\/7316","targetHints":{"allow":["GET"]}}],"collection":[{"href":"https:\/\/jinsuncarbon.com\/tr\/wp-json\/wp\/v2\/product"}],"about":[{"href":"https:\/\/jinsuncarbon.com\/tr\/wp-json\/wp\/v2\/types\/product"}],"wp:featuredmedia":[{"embeddable":true,"href":"https:\/\/jinsuncarbon.com\/tr\/wp-json\/wp\/v2\/media\/7317"}],"wp:attachment":[{"href":"https:\/\/jinsuncarbon.com\/tr\/wp-json\/wp\/v2\/media?parent=7316"}],"wp:term":[{"taxonomy":"product_brand","embeddable":true,"href":"https:\/\/jinsuncarbon.com\/tr\/wp-json\/wp\/v2\/product_brand?post=7316"},{"taxonomy":"product_cat","embeddable":true,"href":"https:\/\/jinsuncarbon.com\/tr\/wp-json\/wp\/v2\/product_cat?post=7316"},{"taxonomy":"product_tag","embeddable":true,"href":"https:\/\/jinsuncarbon.com\/tr\/wp-json\/wp\/v2\/product_tag?post=7316"}],"curies":[{"name":"wp","href":"https:\/\/api.w.org\/{rel}","templated":true}]}}