{"id":7262,"date":"2025-01-09T01:32:34","date_gmt":"2025-01-09T01:32:34","guid":{"rendered":"https:\/\/jinsuncarbon.com\/?post_type=product&#038;p=7262"},"modified":"2025-01-09T01:33:11","modified_gmt":"2025-01-09T01:33:11","slug":"grafit-madeni-para-kalibi","status":"publish","type":"product","link":"https:\/\/jinsuncarbon.com\/tr\/urun\/grafit-madeni-para-kalibi\/","title":{"rendered":"Grafit Madeni Para Kal\u0131b\u0131"},"content":{"rendered":"<h2>Metal D\u00f6k\u00fcm i\u00e7in Grafit Madeni Para Kal\u0131b\u0131<\/h2>\n<p><strong><b>Y\u00fcksek \u0131s\u0131 iletkenli\u011fi<\/b><\/strong><\/p>\n<p>Grafit kal\u0131plar y\u00fcksek \u0131s\u0131 iletkenli\u011fine sahiptir. Madeni para kal\u0131b\u0131, eritme s\u0131cakl\u0131\u011f\u0131n\u0131 e\u015fit olarak da\u011f\u0131tarak \u00fcr\u00fcn kusurlar\u0131n\u0131 azalt\u0131r ve y\u00fcksek kaliteli grafit madeni para kal\u0131plar\u0131 \u00fcretir.<\/p>\n<p><strong><b>M\u00fckemmel y\u00fcksek s\u0131cakl\u0131k direnci<\/b><\/strong><\/p>\n<p>Bu kal\u0131p y\u00fcksek s\u0131cakl\u0131k alt\u0131nda stabilitesini koruyabilir. Eritme i\u015flemindeki y\u00fcksek s\u0131cakl\u0131k s\u0131ras\u0131nda, grafit sikkeler \u00fcretmek i\u00e7in \u00fcr\u00fcn\u00fcn stabilitesini korur.<\/p>\n<p><strong><b>Y\u00fcksek hassasiyetli i\u015fleme<\/b><\/strong><\/p>\n<p>Grafit kal\u0131plar karma\u015f\u0131k geometrik \u015fekiller ve y\u00fcksek hassasiyetli detaylar ta\u015f\u0131yabilir. Bu nedenle, bu kal\u0131p karma\u015f\u0131k desenleri yeniden \u00fcretmek ve madeni para yapmak i\u00e7in olduk\u00e7a uygundur.<\/p>\n<p><strong><b>Korozyon \u00f6nleyici<\/b><\/strong><\/p>\n<p>Bu kal\u0131b\u0131n grafit malzemesi, \u00e7o\u011fu metal eriyi\u011finin kimyasal sald\u0131r\u0131s\u0131na kar\u015f\u0131 olduk\u00e7a diren\u00e7lidir. Grafit malzeme madeni para kal\u0131b\u0131n\u0131n hizmet \u00f6mr\u00fcn\u00fc uzatabilir.<\/p>\n<p><strong><b>Tekrar \u00dcretilebilirlik<\/b><\/strong><\/p>\n<p>\u00dcreticiler bu kal\u0131b\u0131 birden fazla \u00fcretim bas\u0131m d\u00f6ng\u00fcs\u00fc i\u00e7in yeniden kullanabilir. Uzun s\u00fcreli bak\u0131m ve temizli\u011fin yan\u0131 s\u0131ra, bu kal\u0131p zaman i\u00e7inde y\u00fcksek kaliteli madeni paralar \u00fcretecektir.<\/p>\n<h2>Kal\u0131p \u00e7e\u015fitleri<\/h2>\n<h2><strong style=\"font-size: 16px;\"><b>Madeni para kal\u0131b\u0131 \u00e7e\u015fitleri<\/b><\/strong><\/h2>\n<p>Genel olarak madeni para kal\u0131plar\u0131 grafit, \u00e7elik, silikon, pirin\u00e7, al\u00fcminyum, m\u0131knat\u0131s, g\u00fcm\u00fc\u015f ve benzerlerinden yap\u0131l\u0131r. \u00dcreticiler b\u00fcy\u00fck \u00f6l\u00e7ekli madeni paralar \u00fcretmek i\u00e7in grafit ve \u00e7elik kal\u0131plar kullan\u0131rlar. \u00c7al\u0131\u015fma s\u00fcrecindeki y\u00fcksek s\u0131cakl\u0131k i\u00e7in seramik kal\u0131plar karma\u015f\u0131k tasar\u0131mlara sahip madeni paralar\u0131 d\u00f6kebilir. \u00dcreticiler prototipleme veya d\u00fc\u015f\u00fck s\u0131cakl\u0131k uygulamalar\u0131nda silikon, pirin\u00e7 ve al\u00fcminyum kal\u0131plar\u0131 kullanabilir. G\u00fcm\u00fc\u015f madeni para kal\u0131plar\u0131, tasar\u0131m \u00fcr\u00fcnlerinde hassasiyet ve \u00e7al\u0131\u015fma s\u0131ras\u0131nda termal stabiliteye dikkat edilmesini gerektirir. <a href=\"https:\/\/en.wikipedia.org\/wiki\/Casting\" target=\"_blank\" rel=\"noopener\">d\u00f6k\u00fcm<\/a>.<\/p>\n<p><strong><b>Grafit Madeni Para Kal\u0131b\u0131 \u00c7e\u015fitleri<\/b><\/strong><\/p>\n<p>\u00dcreticiler grafit madeni para kal\u0131plar\u0131n\u0131 tek tarafl\u0131 kal\u0131plar, iki tarafl\u0131 kal\u0131plar, mukavemetli kal\u0131plar, \u00f6zel kal\u0131plar, tak\u0131l\u0131 kal\u0131plar ve b\u00f6l\u00fcnm\u00fc\u015f kal\u0131plar olarak s\u0131n\u0131fland\u0131r\u0131r. Tasar\u0131m ve kullan\u0131mdaki farkl\u0131l\u0131\u011fa dayanarak, bu t\u00fcr kal\u0131p t\u00fcrleri s\u0131n\u0131fland\u0131rmas\u0131 vard\u0131r<\/p>\n<h2>Grafit para nas\u0131l kal\u0131plan\u0131r\uff1f<\/h2>\n<h2><strong style=\"font-size: 16px;\"><b>Malzeme Se\u00e7imi<\/b><\/strong><\/h2>\n<p>\u00dcreticiler iyi grafit kal\u0131plar \u00fcretmek i\u00e7in grafit malzemeleri elemek zorundad\u0131r. Son derece saf ve tanecikli grafit se\u00e7meliyiz. \u0130yi kalitede grafit kullanmak \u00fcr\u00fcn kalitesini art\u0131r\u0131r ve son derece hassas paralar sa\u011flar.<\/p>\n<p><strong><b>Kal\u0131p tasar\u0131m\u0131<\/b><\/strong><\/p>\n<p>CAD, yani Bilgisayar destekli tasar\u0131m kullanarak madeni paralar\u0131n ayr\u0131nt\u0131lar\u0131n\u0131 tasarlay\u0131n. Bilgisayar tasar\u0131m\u0131 yard\u0131m\u0131yla, bilgisayarl\u0131 say\u0131sal kontrol i\u015fleme ile tak\u0131m yollar\u0131 olu\u015fturmada CAM bilgisayar destekli \u00fcretim yaz\u0131l\u0131m\u0131n\u0131 kullan\u0131n.<\/p>\n<p><strong><b>K\u00fcf tedavisi<\/b><\/strong><\/p>\n<p>\u00dcretici daha sonra grafit blo\u011fu CNC freze makinesine monte eder ve grav\u00fcr aletini kullanarak madeni para desenini grafit y\u00fczeye kaz\u0131r. Bundan sonra, p\u00fcr\u00fczs\u00fcz bir grafit kal\u0131p y\u00fczeyi elde etmek i\u00e7in kal\u0131b\u0131 parlatmak i\u00e7in z\u0131mpara ka\u011f\u0131d\u0131 kullan\u0131rlar.<\/p>\n<p><strong><b>Kal\u0131p testi<\/b><\/strong><\/p>\n<p>Y\u00fcksek kaliteli kal\u0131plar\u0131n \u00fcretilmesini sa\u011flamak i\u00e7in teknisyenlerin \u00e7\u0131kt\u0131y\u0131 test etmesi ve kontrol etmesi gerekecektir. Daha sonra, gerekli numune madeni paralar\u0131 \u00fcretmek i\u00e7in kal\u0131p d\u00f6k\u00fcm\u00fcn\u00fc test ederler. Ayr\u0131ca, teknisyenler \u00fcretilen madeni paralar\u0131 tasar\u0131m do\u011frulu\u011fu ve boyut tutarl\u0131l\u0131\u011f\u0131 a\u00e7\u0131s\u0131ndan kontrol eder.<\/p>\n<p><strong><b>Kal\u0131p \u00dcretimi<\/b><\/strong><\/p>\n<p>\u00dcretim s\u00fcrecini tamamlad\u0131ktan sonra <a href=\"https:\/\/jinsuncarbon.com\/tr\/urun\/grafit-kalip\/\">grafit kal\u0131p<\/a> madeni para yapmak i\u00e7in. \u00d6nce erimi\u015f metali kal\u0131ba d\u00f6keriz. Ard\u0131ndan metal par\u00e7ay\u0131 yumu\u015fatmak i\u00e7in y\u00fcksek bas\u0131n\u00e7 kullan\u0131r\u0131z, b\u00f6ylece metal par\u00e7a kal\u0131ba bast\u0131r\u0131labilir.<\/p>\n<h2>Grafit madeni para kal\u0131b\u0131 uygulamas\u0131<\/h2>\n<p><strong><b>Madeni Para Bas\u0131m\u0131<\/b><\/strong><\/p>\n<p>Grafit madeni para kal\u0131plar\u0131 metal madeni para \u00fcretmek i\u00e7in tasarlanm\u0131\u015ft\u0131r. Bu kal\u0131p, madeni paralar \u00fczerinde ince grav\u00fcrler yapmak i\u00e7in kullan\u0131labilir.<\/p>\n<p><strong><b>Hat\u0131ra Paras\u0131 Yap\u0131m\u0131<\/b><\/strong><\/p>\n<p>\u00dcreticiler, hat\u0131ra paralar\u0131 ve madalyalar\u0131 olu\u015fturmak i\u00e7in grafit kal\u0131plar\u0131 kullanabilirler. Bir hat\u0131ra para veya madalya \u00fczerinde karma\u015f\u0131k desenleri do\u011fru bir \u015fekilde olu\u015fturmak zor olacakt\u0131r; bu kal\u0131p i\u015fi m\u00fckemmel bir \u015fekilde yapar.<\/p>\n<p><strong><b>\u00d6zel madeni paralar yapmak<\/b><\/strong><\/p>\n<p>\u00d6zel gereksinimleri kar\u015f\u0131lamak i\u00e7in \u00f6zelle\u015ftirilmi\u015f kal\u0131plar, \u00fczerinde karma\u015f\u0131k tasar\u0131mlar bile ta\u015f\u0131yabilir. Grafit kal\u0131plar\u0131 kullanarak \u00f6zel organizasyon paralar\u0131n\u0131 \u00f6zelle\u015ftirebilirsiniz.<\/p>\n<h3>Metal d\u00f6k\u00fcm i\u00e7in grafit kal\u0131plar<\/h3>\n<p>Grafit kal\u0131plar\u0131, y\u00fcksek erime noktal\u0131 metallerden yap\u0131lm\u0131\u015f madeni paralar\u0131 vurmak i\u00e7in kullanabilirsiniz. Bunun nedeni, grafitin termal kararl\u0131l\u0131\u011f\u0131n\u0131n <a href=\"https:\/\/jinsuncarbon.com\/tr\/grafi%cc%87t-nedi%cc%87r-ve-grafi%cc%87t-neyden-yapilir\/\">grafit<\/a> y\u00fcksek s\u0131cakl\u0131klarda iyi kalitede madeni paralar elde edilmesini sa\u011flar.<\/p>\n<p>&nbsp;<\/p>\n<h2>Neden grafit madeni para kal\u0131b\u0131m\u0131z\u0131 se\u00e7melisiniz?<\/h2>\n<p>Grafit madeni para kal\u0131plar\u0131m\u0131z\u0131 y\u00fcksek safl\u0131kta grafit kullanarak yap\u0131yoruz. \u00dcretilen madeni paralar iyi kalitede olabilir ve m\u00fckemmel termal stabilite ve korozyon direnci ile daha uzun hizmet \u00f6mr\u00fcne sahip olabilir. Firmam\u0131z taraf\u0131ndan \u00fcretilen grafit madeni para kal\u0131plar\u0131, a\u015fa\u011f\u0131daki gibi de\u011ferli metal malzemelerin d\u00f6k\u00fcm\u00fcnde kullan\u0131labilen y\u00fcksek s\u0131cakl\u0131klara da dayan\u0131kl\u0131d\u0131r <a href=\"https:\/\/en.wikipedia.org\/wiki\/Silver\" target=\"_blank\" rel=\"noopener\">G\u00fcm\u00fc\u015f<\/a> ve alt\u0131n sikkeler. M\u00fc\u015fterilerin \u015fekil, boyut ve \u00f6zel tasar\u0131m gereksinimlerine uygun olarak y\u00fcksek kaliteli grafit madeni para kal\u0131plar\u0131 tasarlayaca\u011f\u0131z. \u00d6zelle\u015ftirilmi\u015f grafit madeni para kal\u0131b\u0131m\u0131z, y\u00fcksek hassasiyet, karma\u015f\u0131k ve m\u00fckemmel y\u00fczey i\u015fleme ile i\u015fleme kapasitesine sahiptir. Hat\u0131ra paralar\u0131, koleksiyon paralar\u0131 ve dola\u015f\u0131m paralar\u0131n\u0131n d\u00f6k\u00fcm\u00fcnde kal\u0131p en iyi se\u00e7iminizdir.<\/p>\n<p>&nbsp;<\/p>\n<p class=\"ql-align-justify\">","protected":false},"excerpt":{"rendered":"<p>Grafit madeni para kal\u0131plar\u0131, y\u00fcksek kaliteli madeni paralar ve hat\u0131ra paralar\u0131 yapmak i\u00e7in gerekli ara\u00e7lard\u0131r. Bu kal\u0131p y\u00fcksek safl\u0131kta grafitten yap\u0131lm\u0131\u015ft\u0131r. Grafit kal\u0131p iyi termal stabilite ve y\u00fcksek s\u0131cakl\u0131k direnci sa\u011flar. \u00d6zelle\u015ftirilmi\u015f madeni paralar ve hat\u0131ra paralar\u0131 i\u00e7in karma\u015f\u0131k desen ve tasar\u0131m taleplerini kar\u015f\u0131lar. Bu kal\u0131p m\u00fckemmel kalite ve hassasiyette \u00fcr\u00fcn \u00fcretir.<\/p>","protected":false},"featured_media":7278,"template":"","meta":[],"product_brand":[],"product_cat":[38],"product_tag":[],"class_list":{"0":"post-7262","1":"product","2":"type-product","3":"status-publish","4":"has-post-thumbnail","6":"product_cat-graphite-products","8":"first","9":"instock","10":"shipping-taxable","11":"product-type-simple"},"yoast_head":"<!-- This site is optimized with the Yoast SEO Premium plugin v19.2.1 (Yoast SEO v25.3) - https:\/\/yoast.com\/wordpress\/plugins\/seo\/ -->\n<title>Graphite Coin Mold Manufacturer in China | Jinsun Carbon<\/title>\n<meta name=\"description\" content=\"Graphite coin mold manufacture \/ supplier, for metal casting, glass, copper, gold, silver, jewelry. Custom graphite coin mold for metal casting needs.\" \/>\n<meta name=\"robots\" content=\"index, follow, max-snippet:-1, max-image-preview:large, max-video-preview:-1\" \/>\n<link rel=\"canonical\" href=\"https:\/\/jinsuncarbon.com\/tr\/urun\/grafit-madeni-para-kalibi\/\" \/>\n<meta property=\"og:locale\" content=\"tr_TR\" \/>\n<meta property=\"og:type\" content=\"article\" \/>\n<meta property=\"og:title\" content=\"Graphite Coin Mold\" \/>\n<meta property=\"og:description\" content=\"Graphite coin mold manufacture \/ supplier, for metal casting, glass, copper, gold, silver, jewelry. Custom graphite coin mold for metal casting needs.\" \/>\n<meta property=\"og:url\" content=\"https:\/\/jinsuncarbon.com\/tr\/urun\/grafit-madeni-para-kalibi\/\" \/>\n<meta property=\"og:site_name\" content=\"Jinsun Carbon\" \/>\n<meta property=\"article:publisher\" content=\"https:\/\/www.facebook.com\/Graphite-Electrode-109336238661595\" \/>\n<meta property=\"article:modified_time\" content=\"2025-01-09T01:33:11+00:00\" \/>\n<meta property=\"og:image\" content=\"https:\/\/jinsuncarbon.com\/wp-content\/uploads\/2025\/01\/Graphite-Coin-Mold.jpg\" \/>\n\t<meta property=\"og:image:width\" content=\"1024\" \/>\n\t<meta property=\"og:image:height\" content=\"763\" \/>\n\t<meta property=\"og:image:type\" content=\"image\/jpeg\" \/>\n<meta name=\"twitter:card\" content=\"summary_large_image\" \/>\n<meta name=\"twitter:site\" content=\"@jinsuncarbon_\" \/>\n<meta name=\"twitter:label1\" content=\"Tahmini okuma s\u00fcresi\" \/>\n\t<meta name=\"twitter:data1\" content=\"4 dakika\" \/>\n<script type=\"application\/ld+json\" class=\"yoast-schema-graph\">{\"@context\":\"https:\/\/schema.org\",\"@graph\":[{\"@type\":\"WebPage\",\"@id\":\"https:\/\/jinsuncarbon.com\/product\/graphite-coin-mold\/\",\"url\":\"https:\/\/jinsuncarbon.com\/product\/graphite-coin-mold\/\",\"name\":\"Graphite Coin Mold Manufacturer in China | Jinsun Carbon\",\"isPartOf\":{\"@id\":\"https:\/\/jinsuncarbon.com\/#website\"},\"primaryImageOfPage\":{\"@id\":\"https:\/\/jinsuncarbon.com\/product\/graphite-coin-mold\/#primaryimage\"},\"image\":{\"@id\":\"https:\/\/jinsuncarbon.com\/product\/graphite-coin-mold\/#primaryimage\"},\"thumbnailUrl\":\"https:\/\/jinsuncarbon.com\/wp-content\/uploads\/2025\/01\/Graphite-Coin-Mold.jpg\",\"datePublished\":\"2025-01-09T01:32:34+00:00\",\"dateModified\":\"2025-01-09T01:33:11+00:00\",\"description\":\"Graphite coin mold manufacture \/ supplier, for metal casting, glass, copper, gold, silver, jewelry. Custom graphite coin mold for metal casting needs.\",\"breadcrumb\":{\"@id\":\"https:\/\/jinsuncarbon.com\/product\/graphite-coin-mold\/#breadcrumb\"},\"inLanguage\":\"tr\",\"potentialAction\":[{\"@type\":\"ReadAction\",\"target\":[\"https:\/\/jinsuncarbon.com\/product\/graphite-coin-mold\/\"]}]},{\"@type\":\"ImageObject\",\"inLanguage\":\"tr\",\"@id\":\"https:\/\/jinsuncarbon.com\/product\/graphite-coin-mold\/#primaryimage\",\"url\":\"https:\/\/jinsuncarbon.com\/wp-content\/uploads\/2025\/01\/Graphite-Coin-Mold.jpg\",\"contentUrl\":\"https:\/\/jinsuncarbon.com\/wp-content\/uploads\/2025\/01\/Graphite-Coin-Mold.jpg\",\"width\":1024,\"height\":763,\"caption\":\"Graphite Coin Mold\"},{\"@type\":\"BreadcrumbList\",\"@id\":\"https:\/\/jinsuncarbon.com\/product\/graphite-coin-mold\/#breadcrumb\",\"itemListElement\":[{\"@type\":\"ListItem\",\"position\":1,\"name\":\"Home\",\"item\":\"https:\/\/jinsuncarbon.com\/\"},{\"@type\":\"ListItem\",\"position\":2,\"name\":\"Products\",\"item\":\"https:\/\/jinsuncarbon.com\/graphite-carbon\/\"},{\"@type\":\"ListItem\",\"position\":3,\"name\":\"Graphite Coin Mold\"}]},{\"@type\":\"WebSite\",\"@id\":\"https:\/\/jinsuncarbon.com\/#website\",\"url\":\"https:\/\/jinsuncarbon.com\/\",\"name\":\"Jinsun Carbon\",\"description\":\"We are the successful graphite electrode manufacturer in China\",\"publisher\":{\"@id\":\"https:\/\/jinsuncarbon.com\/#organization\"},\"potentialAction\":[{\"@type\":\"SearchAction\",\"target\":{\"@type\":\"EntryPoint\",\"urlTemplate\":\"https:\/\/jinsuncarbon.com\/?s={search_term_string}\"},\"query-input\":{\"@type\":\"PropertyValueSpecification\",\"valueRequired\":true,\"valueName\":\"search_term_string\"}}],\"inLanguage\":\"tr\"},{\"@type\":\"Organization\",\"@id\":\"https:\/\/jinsuncarbon.com\/#organization\",\"name\":\"Jinsun Carbon\",\"alternateName\":\"Jinsun Carbon\",\"url\":\"https:\/\/jinsuncarbon.com\/\",\"logo\":{\"@type\":\"ImageObject\",\"inLanguage\":\"tr\",\"@id\":\"https:\/\/jinsuncarbon.com\/#\/schema\/logo\/image\/\",\"url\":\"https:\/\/jinsuncarbon.com\/wp-content\/uploads\/2022\/12\/LOGO-1.png\",\"contentUrl\":\"https:\/\/jinsuncarbon.com\/wp-content\/uploads\/2022\/12\/LOGO-1.png\",\"width\":207,\"height\":80,\"caption\":\"Jinsun Carbon\"},\"image\":{\"@id\":\"https:\/\/jinsuncarbon.com\/#\/schema\/logo\/image\/\"},\"sameAs\":[\"https:\/\/www.facebook.com\/Graphite-Electrode-109336238661595\",\"https:\/\/x.com\/jinsuncarbon_\",\"https:\/\/www.linkedin.com\/in\/jinsungraphite\",\"https:\/\/www.youtube.com\/channel\/UCysDNyvyR5-3cCWEmpkVC0g\"]}]}<\/script>\n<!-- \/ Yoast SEO Premium plugin. -->","yoast_head_json":{"title":"\u00c7in'de Grafit Para Kal\u0131b\u0131 \u00dcreticisi | Jinsun Carbon","description":"Grafit madeni para kal\u0131b\u0131 imalat\u0131 \/ tedarik\u00e7isi, metal d\u00f6k\u00fcm, cam, bak\u0131r, alt\u0131n, g\u00fcm\u00fc\u015f, m\u00fccevherat i\u00e7in. Metal d\u00f6k\u00fcm ihtiya\u00e7lar\u0131 i\u00e7in \u00f6zel grafit madeni para kal\u0131b\u0131.","robots":{"index":"index","follow":"follow","max-snippet":"max-snippet:-1","max-image-preview":"max-image-preview:large","max-video-preview":"max-video-preview:-1"},"canonical":"https:\/\/jinsuncarbon.com\/tr\/urun\/grafit-madeni-para-kalibi\/","og_locale":"tr_TR","og_type":"article","og_title":"Graphite Coin Mold","og_description":"Graphite coin mold manufacture \/ supplier, for metal casting, glass, copper, gold, silver, jewelry. Custom graphite coin mold for metal casting needs.","og_url":"https:\/\/jinsuncarbon.com\/tr\/urun\/grafit-madeni-para-kalibi\/","og_site_name":"Jinsun Carbon","article_publisher":"https:\/\/www.facebook.com\/Graphite-Electrode-109336238661595","article_modified_time":"2025-01-09T01:33:11+00:00","og_image":[{"width":1024,"height":763,"url":"https:\/\/jinsuncarbon.com\/wp-content\/uploads\/2025\/01\/Graphite-Coin-Mold.jpg","type":"image\/jpeg"}],"twitter_card":"summary_large_image","twitter_site":"@jinsuncarbon_","twitter_misc":{"Tahmini okuma s\u00fcresi":"4 dakika"},"schema":{"@context":"https:\/\/schema.org","@graph":[{"@type":"WebPage","@id":"https:\/\/jinsuncarbon.com\/product\/graphite-coin-mold\/","url":"https:\/\/jinsuncarbon.com\/product\/graphite-coin-mold\/","name":"\u00c7in'de Grafit Para Kal\u0131b\u0131 \u00dcreticisi | Jinsun Carbon","isPartOf":{"@id":"https:\/\/jinsuncarbon.com\/#website"},"primaryImageOfPage":{"@id":"https:\/\/jinsuncarbon.com\/product\/graphite-coin-mold\/#primaryimage"},"image":{"@id":"https:\/\/jinsuncarbon.com\/product\/graphite-coin-mold\/#primaryimage"},"thumbnailUrl":"https:\/\/jinsuncarbon.com\/wp-content\/uploads\/2025\/01\/Graphite-Coin-Mold.jpg","datePublished":"2025-01-09T01:32:34+00:00","dateModified":"2025-01-09T01:33:11+00:00","description":"Grafit madeni para kal\u0131b\u0131 imalat\u0131 \/ tedarik\u00e7isi, metal d\u00f6k\u00fcm, cam, bak\u0131r, alt\u0131n, g\u00fcm\u00fc\u015f, m\u00fccevherat i\u00e7in. Metal d\u00f6k\u00fcm ihtiya\u00e7lar\u0131 i\u00e7in \u00f6zel grafit madeni para kal\u0131b\u0131.","breadcrumb":{"@id":"https:\/\/jinsuncarbon.com\/product\/graphite-coin-mold\/#breadcrumb"},"inLanguage":"tr","potentialAction":[{"@type":"ReadAction","target":["https:\/\/jinsuncarbon.com\/product\/graphite-coin-mold\/"]}]},{"@type":"ImageObject","inLanguage":"tr","@id":"https:\/\/jinsuncarbon.com\/product\/graphite-coin-mold\/#primaryimage","url":"https:\/\/jinsuncarbon.com\/wp-content\/uploads\/2025\/01\/Graphite-Coin-Mold.jpg","contentUrl":"https:\/\/jinsuncarbon.com\/wp-content\/uploads\/2025\/01\/Graphite-Coin-Mold.jpg","width":1024,"height":763,"caption":"Graphite Coin Mold"},{"@type":"BreadcrumbList","@id":"https:\/\/jinsuncarbon.com\/product\/graphite-coin-mold\/#breadcrumb","itemListElement":[{"@type":"ListItem","position":1,"name":"Home","item":"https:\/\/jinsuncarbon.com\/"},{"@type":"ListItem","position":2,"name":"Products","item":"https:\/\/jinsuncarbon.com\/graphite-carbon\/"},{"@type":"ListItem","position":3,"name":"Graphite Coin Mold"}]},{"@type":"WebSite","@id":"https:\/\/jinsuncarbon.com\/#website","url":"https:\/\/jinsuncarbon.com\/","name":"Jinsun Karbon","description":"\u00c7in'deki ba\u015far\u0131l\u0131 grafit elektrot \u00fcreticisiyiz","publisher":{"@id":"https:\/\/jinsuncarbon.com\/#organization"},"potentialAction":[{"@type":"SearchAction","target":{"@type":"EntryPoint","urlTemplate":"https:\/\/jinsuncarbon.com\/?s={search_term_string}"},"query-input":{"@type":"PropertyValueSpecification","valueRequired":true,"valueName":"search_term_string"}}],"inLanguage":"tr"},{"@type":"Organization","@id":"https:\/\/jinsuncarbon.com\/#organization","name":"Jinsun Karbon","alternateName":"Jinsun Carbon","url":"https:\/\/jinsuncarbon.com\/","logo":{"@type":"ImageObject","inLanguage":"tr","@id":"https:\/\/jinsuncarbon.com\/#\/schema\/logo\/image\/","url":"https:\/\/jinsuncarbon.com\/wp-content\/uploads\/2022\/12\/LOGO-1.png","contentUrl":"https:\/\/jinsuncarbon.com\/wp-content\/uploads\/2022\/12\/LOGO-1.png","width":207,"height":80,"caption":"Jinsun Carbon"},"image":{"@id":"https:\/\/jinsuncarbon.com\/#\/schema\/logo\/image\/"},"sameAs":["https:\/\/www.facebook.com\/Graphite-Electrode-109336238661595","https:\/\/x.com\/jinsuncarbon_","https:\/\/www.linkedin.com\/in\/jinsungraphite","https:\/\/www.youtube.com\/channel\/UCysDNyvyR5-3cCWEmpkVC0g"]}]}},"_links":{"self":[{"href":"https:\/\/jinsuncarbon.com\/tr\/wp-json\/wp\/v2\/product\/7262","targetHints":{"allow":["GET"]}}],"collection":[{"href":"https:\/\/jinsuncarbon.com\/tr\/wp-json\/wp\/v2\/product"}],"about":[{"href":"https:\/\/jinsuncarbon.com\/tr\/wp-json\/wp\/v2\/types\/product"}],"wp:featuredmedia":[{"embeddable":true,"href":"https:\/\/jinsuncarbon.com\/tr\/wp-json\/wp\/v2\/media\/7278"}],"wp:attachment":[{"href":"https:\/\/jinsuncarbon.com\/tr\/wp-json\/wp\/v2\/media?parent=7262"}],"wp:term":[{"taxonomy":"product_brand","embeddable":true,"href":"https:\/\/jinsuncarbon.com\/tr\/wp-json\/wp\/v2\/product_brand?post=7262"},{"taxonomy":"product_cat","embeddable":true,"href":"https:\/\/jinsuncarbon.com\/tr\/wp-json\/wp\/v2\/product_cat?post=7262"},{"taxonomy":"product_tag","embeddable":true,"href":"https:\/\/jinsuncarbon.com\/tr\/wp-json\/wp\/v2\/product_tag?post=7262"}],"curies":[{"name":"wp","href":"https:\/\/api.w.org\/{rel}","templated":true}]}}