{"id":7261,"date":"2025-01-07T13:11:32","date_gmt":"2025-01-07T13:11:32","guid":{"rendered":"https:\/\/jinsuncarbon.com\/?post_type=product&#038;p=7261"},"modified":"2025-01-07T13:17:25","modified_gmt":"2025-01-07T13:17:25","slug":"grafit-plaka-elektrot","status":"publish","type":"product","link":"https:\/\/jinsuncarbon.com\/tr\/urun\/grafit-plaka-elektrot\/","title":{"rendered":"Grafit Plaka Elektrot"},"content":{"rendered":"<p class=\"ql-align-justify\">Grafit plaka elektrotlar\u0131 esas olarak dikd\u00f6rtgen, kare veya yuvarlak gibi \u00e7e\u015fitli \u015fekillere sahip \u015fekillendirilmi\u015f par\u00e7alard\u0131r. \u00d6zel uygulama senaryonuza ve teknik gereksinimlerinize ba\u011fl\u0131 olarak, kesme, ta\u015flama ve di\u011fer i\u015fleme s\u00fcre\u00e7leri yoluyla gerekli boyut spesifikasyonlar\u0131n\u0131z\u0131 ve do\u011fruluk standartlar\u0131n\u0131z\u0131 tam olarak kar\u015f\u0131layabilirler.<\/p>\n<h2>Grafit plaka elektrodun avantajlar\u0131<\/h2>\n<p class=\"ql-align-justify\">Grafit plaka elektrot genellikle d\u00fczenli bir plaka \u015feklindedir. Avantajlar\u0131 \u00e7ok \u00f6nemlidir.<\/p>\n<p class=\"ql-align-justify\"><strong>\u0130yi elektrik iletkenli\u011fi ile<\/strong><\/p>\n<p class=\"ql-align-justify\">Elektrokimyasal s\u00fcrecin sorunsuz ilerlemesini sa\u011flamak i\u00e7in ak\u0131m\u0131 verimli bir \u015fekilde iletebilir.<\/p>\n<p class=\"ql-align-justify\"><strong>Y\u00fcksek kimyasal stabilite<\/strong><\/p>\n<p class=\"ql-align-justify\">G\u00fc\u00e7l\u00fc asit ve alkali gibi korozif ortamlarda yap\u0131 ve performans stabilitesini koruyabilir. Ve kimyasal reaksiyonla a\u015f\u0131nmas\u0131 kolay de\u011fildir.<\/p>\n<p class=\"ql-align-justify\"><strong>M\u00fckemmel y\u00fcksek s\u0131cakl\u0131k dayan\u0131m\u0131<\/strong><\/p>\n<p class=\"ql-align-justify\">Y\u00fcksek s\u0131cakl\u0131k ortam\u0131nda uzun s\u00fcre kararl\u0131 bir \u015fekilde \u00e7al\u0131\u015fabilir, elektroliz, eritme gibi y\u00fcksek s\u0131cakl\u0131kta \u00e7al\u0131\u015fma senaryolar\u0131na uyum sa\u011flayabilir.<\/p>\n<p class=\"ql-align-justify\"><strong>Y\u00fcksek mekanik dayan\u0131m<\/strong><\/p>\n<p class=\"ql-align-justify\">Belirli miktarda bas\u0131n\u00e7 ve s\u00fcrt\u00fcnmeye dayanabilir, k\u0131r\u0131lmas\u0131 kolay de\u011fildir, uzun \u00f6m\u00fcrl\u00fcd\u00fcr.<\/p>\n<p class=\"ql-align-justify\">Ayr\u0131ca i\u015fleme performans\u0131 da iyidir. Kesme, delme ve di\u011fer i\u015fleme i\u015flemlerinin ger\u00e7ek ihtiya\u00e7lar\u0131na g\u00f6re kurulumu ve kullan\u0131m\u0131 kolayd\u0131r.<\/p>\n<p class=\"ql-align-justify\">Elektriksel iletkenlik ve kimyasal kararl\u0131l\u0131k gibi performans parametreleri hakk\u0131nda ayr\u0131nt\u0131l\u0131 bilgileri derinlemesine anlamak istiyorsan\u0131z, size profesyonel teknik tavsiye ve do\u011fru veri referans\u0131 sa\u011flayaca\u011f\u0131z. Ve ger\u00e7ek kullan\u0131m ko\u015fullar\u0131n\u0131za g\u00f6re hedefe y\u00f6nelik se\u00e7im \u00f6nerileri verece\u011fiz.<\/p>\n<h2 class=\"ql-align-justify\">Grafit plaka elektrotun kullan\u0131m alanlar\u0131<\/h2>\n<p class=\"ql-align-justify\">Grafit plaka elektrot geni\u015f bir uygulama yelpazesine sahiptir ve a\u015fa\u011f\u0131da baz\u0131 yayg\u0131n uygulama y\u00f6nleri verilmi\u015ftir.<\/p>\n<p class=\"ql-align-justify\"><strong>Elektrokimyasal alan:<\/strong><\/p>\n<p class=\"ql-align-justify\">Elektroliz i\u015fleminde, anot olarak grafit plaka elektrot veya <a href=\"https:\/\/jinsuncarbon.com\/tr\/urun\/katot-blogu\/\">katot<\/a>Ak\u0131m\u0131 kararl\u0131 bir \u015fekilde iletebilir. Elektrolit \u00e7\u00f6zeltisindeki iyonlar\u0131n g\u00f6\u00e7\u00fcn\u00fc ve reaksiyonunu te\u015fvik eder. Demir d\u0131\u015f\u0131 metal eritme, klor-alkali end\u00fcstrisi ve di\u011fer alanlarda yayg\u0131n olarak kullanabilirsiniz. Verimlili\u011fin art\u0131r\u0131lmas\u0131na yard\u0131mc\u0131 olur <a href=\"https:\/\/en.wikipedia.org\/wiki\/Electrolysis\" target=\"_blank\" rel=\"noopener\">elektroliz<\/a> ve \u00fcr\u00fcn kalitesi. Y\u00fcksek s\u0131cakl\u0131k direnci, korozyon direnci \u00f6zellikleri, zorlu elektrolitik ortamda uzun s\u00fcre \u00e7al\u0131\u015fabilmesini sa\u011flar.<\/p>\n<p class=\"ql-align-justify\"><strong>Pil alan\u0131:<\/strong><\/p>\n<p class=\"ql-align-justify\">Baz\u0131 \u00f6zel y\u00fcksek s\u0131cakl\u0131k pillerinde veya y\u00fcksek s\u0131cakl\u0131kl\u0131 pil sistemlerinde oldu\u011fu gibi pil elektrot malzemesi olarak kullanabilirsiniz. <a href=\"https:\/\/jinsuncarbon.com\/tr\/urun\/kucuk-capli-grafit-elektrot\/\">elektrot<\/a> kararl\u0131l\u0131k gereksinimleri. Grafit plaka elektrotlar\u0131n\u0131n iyi iletkenli\u011fi ve kimyasal kararl\u0131l\u0131\u011f\u0131, pilin \u015farj ve de\u015farj performans\u0131n\u0131 sa\u011flayabilir. Pilin \u00e7evrim \u00f6mr\u00fcn\u00fc ve enerji d\u00f6n\u00fc\u015f\u00fcm verimlili\u011fini art\u0131r\u0131r. Ve bataryan\u0131n istikrarl\u0131 \u00e7al\u0131\u015fmas\u0131 i\u00e7in sa\u011flam bir temel sa\u011flar.<\/p>\n<p class=\"ql-align-justify\"><strong>End\u00fcstriyel \u0131s\u0131tma alan\u0131:<\/strong><\/p>\n<p class=\"ql-align-justify\">\u0130yi elektrik iletkenli\u011fini ve y\u00fcksek s\u0131cakl\u0131k direncini kullanarak, grafit plaka elektrodunu bir \u0131s\u0131tma eleman\u0131 olarak kullanabilirsiniz. End\u00fcstriyel f\u0131r\u0131nlar\u0131n \u0131s\u0131t\u0131lmas\u0131 i\u00e7in elektrik enerjisini verimli bir \u015fekilde \u0131s\u0131 enerjisine d\u00f6n\u00fc\u015ft\u00fcrmek i\u00e7in, y\u00fcksek s\u0131cakl\u0131k <a href=\"https:\/\/en.wikipedia.org\/wiki\/Furnace\" target=\"_blank\" rel=\"noopener\">F\u0131r\u0131nlar<\/a> ve di\u011fer ekipmanlar. Farkl\u0131 end\u00fcstriyel \u0131s\u0131tma proseslerinin ihtiya\u00e7lar\u0131n\u0131 kar\u015f\u0131lamak i\u00e7in h\u0131zl\u0131 \u0131s\u0131tma ve hassas s\u0131cakl\u0131k kontrol\u00fc sa\u011flayabilir. Kararl\u0131l\u0131\u011f\u0131 ve g\u00fcvenilirli\u011fi, s\u00fcrekli ve verimli \u0131s\u0131tma s\u00fcrecini garanti eder.<\/p>","protected":false},"excerpt":{"rendered":"<p class=\"ql-align-justify\">Grafit plaka elektrot, \u00f6zel i\u015flemle y\u00fcksek kaliteli grafit malzemeden yap\u0131lm\u0131\u015f bir plaka elektrottur. M\u00fckemmel elektrik iletkenli\u011fi, kimyasal kararl\u0131l\u0131k ve y\u00fcksek s\u0131cakl\u0131k direnci \u00f6zelliklerine sahiptir. Bu m\u00fckemmel \u00f6zellikleri ile bir\u00e7ok end\u00fcstriyel alanda, \u00f6zellikle elektrokimya end\u00fcstrisinde \u00f6nemli bir rol oynar. G\u00fcvenilir ve verimli bir elektrot malzemesidir, \u00e7e\u015fitli karma\u015f\u0131k \u00e7al\u0131\u015fma ko\u015fullar\u0131n\u0131n ihtiya\u00e7lar\u0131n\u0131 kar\u015f\u0131layabilir.<\/p>\n<p class=\"ql-align-justify\">","protected":false},"featured_media":7265,"template":"","meta":[],"product_brand":[],"product_cat":[38],"product_tag":[],"class_list":{"0":"post-7261","1":"product","2":"type-product","3":"status-publish","4":"has-post-thumbnail","6":"product_cat-graphite-products","8":"first","9":"instock","10":"shipping-taxable","11":"product-type-simple"},"yoast_head":"<!-- This site is optimized with the Yoast SEO Premium plugin v19.2.1 (Yoast SEO v25.3) - https:\/\/yoast.com\/wordpress\/plugins\/seo\/ -->\n<title>Graphite Plate Electrode Manufacturer in China | Jinsun Carbon<\/title>\n<meta name=\"description\" content=\"Graphite plate electrodes are mainly shaped parts with various shapes such as rectangle, square or round. We supply graphite plate electrode at best price.\" \/>\n<meta name=\"robots\" content=\"index, follow, max-snippet:-1, max-image-preview:large, max-video-preview:-1\" \/>\n<link rel=\"canonical\" href=\"https:\/\/jinsuncarbon.com\/tr\/urun\/grafit-plaka-elektrot\/\" \/>\n<meta property=\"og:locale\" content=\"tr_TR\" \/>\n<meta property=\"og:type\" content=\"article\" \/>\n<meta property=\"og:title\" content=\"Graphite Plate Electrode\" \/>\n<meta property=\"og:description\" content=\"Graphite plate electrodes are mainly shaped parts with various shapes such as rectangle, square or round. We supply graphite plate electrode at best price.\" \/>\n<meta property=\"og:url\" content=\"https:\/\/jinsuncarbon.com\/tr\/urun\/grafit-plaka-elektrot\/\" \/>\n<meta property=\"og:site_name\" content=\"Jinsun Carbon\" \/>\n<meta property=\"article:publisher\" content=\"https:\/\/www.facebook.com\/Graphite-Electrode-109336238661595\" \/>\n<meta property=\"article:modified_time\" content=\"2025-01-07T13:17:25+00:00\" \/>\n<meta property=\"og:image\" content=\"https:\/\/jinsuncarbon.com\/wp-content\/uploads\/2025\/01\/Graphite-Plate-Electrode.jpg\" \/>\n\t<meta property=\"og:image:width\" content=\"1024\" \/>\n\t<meta property=\"og:image:height\" content=\"763\" \/>\n\t<meta property=\"og:image:type\" content=\"image\/jpeg\" \/>\n<meta name=\"twitter:card\" content=\"summary_large_image\" \/>\n<meta name=\"twitter:site\" content=\"@jinsuncarbon_\" \/>\n<meta name=\"twitter:label1\" content=\"Tahmini okuma s\u00fcresi\" \/>\n\t<meta name=\"twitter:data1\" content=\"3 dakika\" \/>\n<script type=\"application\/ld+json\" class=\"yoast-schema-graph\">{\"@context\":\"https:\/\/schema.org\",\"@graph\":[{\"@type\":\"WebPage\",\"@id\":\"https:\/\/jinsuncarbon.com\/product\/graphite-plate-electrode\/\",\"url\":\"https:\/\/jinsuncarbon.com\/product\/graphite-plate-electrode\/\",\"name\":\"Graphite Plate Electrode Manufacturer in China | Jinsun Carbon\",\"isPartOf\":{\"@id\":\"https:\/\/jinsuncarbon.com\/#website\"},\"primaryImageOfPage\":{\"@id\":\"https:\/\/jinsuncarbon.com\/product\/graphite-plate-electrode\/#primaryimage\"},\"image\":{\"@id\":\"https:\/\/jinsuncarbon.com\/product\/graphite-plate-electrode\/#primaryimage\"},\"thumbnailUrl\":\"https:\/\/jinsuncarbon.com\/wp-content\/uploads\/2025\/01\/Graphite-Plate-Electrode.jpg\",\"datePublished\":\"2025-01-07T13:11:32+00:00\",\"dateModified\":\"2025-01-07T13:17:25+00:00\",\"description\":\"Graphite plate electrodes are mainly shaped parts with various shapes such as rectangle, square or round. We supply graphite plate electrode at best price.\",\"breadcrumb\":{\"@id\":\"https:\/\/jinsuncarbon.com\/product\/graphite-plate-electrode\/#breadcrumb\"},\"inLanguage\":\"tr\",\"potentialAction\":[{\"@type\":\"ReadAction\",\"target\":[\"https:\/\/jinsuncarbon.com\/product\/graphite-plate-electrode\/\"]}]},{\"@type\":\"ImageObject\",\"inLanguage\":\"tr\",\"@id\":\"https:\/\/jinsuncarbon.com\/product\/graphite-plate-electrode\/#primaryimage\",\"url\":\"https:\/\/jinsuncarbon.com\/wp-content\/uploads\/2025\/01\/Graphite-Plate-Electrode.jpg\",\"contentUrl\":\"https:\/\/jinsuncarbon.com\/wp-content\/uploads\/2025\/01\/Graphite-Plate-Electrode.jpg\",\"width\":1024,\"height\":763,\"caption\":\"Graphite Plate Electrode\"},{\"@type\":\"BreadcrumbList\",\"@id\":\"https:\/\/jinsuncarbon.com\/product\/graphite-plate-electrode\/#breadcrumb\",\"itemListElement\":[{\"@type\":\"ListItem\",\"position\":1,\"name\":\"Home\",\"item\":\"https:\/\/jinsuncarbon.com\/\"},{\"@type\":\"ListItem\",\"position\":2,\"name\":\"Products\",\"item\":\"https:\/\/jinsuncarbon.com\/graphite-carbon\/\"},{\"@type\":\"ListItem\",\"position\":3,\"name\":\"Graphite Plate Electrode\"}]},{\"@type\":\"WebSite\",\"@id\":\"https:\/\/jinsuncarbon.com\/#website\",\"url\":\"https:\/\/jinsuncarbon.com\/\",\"name\":\"Jinsun Carbon\",\"description\":\"We are the successful graphite electrode manufacturer in China\",\"publisher\":{\"@id\":\"https:\/\/jinsuncarbon.com\/#organization\"},\"potentialAction\":[{\"@type\":\"SearchAction\",\"target\":{\"@type\":\"EntryPoint\",\"urlTemplate\":\"https:\/\/jinsuncarbon.com\/?s={search_term_string}\"},\"query-input\":{\"@type\":\"PropertyValueSpecification\",\"valueRequired\":true,\"valueName\":\"search_term_string\"}}],\"inLanguage\":\"tr\"},{\"@type\":\"Organization\",\"@id\":\"https:\/\/jinsuncarbon.com\/#organization\",\"name\":\"Jinsun Carbon\",\"alternateName\":\"Jinsun Carbon\",\"url\":\"https:\/\/jinsuncarbon.com\/\",\"logo\":{\"@type\":\"ImageObject\",\"inLanguage\":\"tr\",\"@id\":\"https:\/\/jinsuncarbon.com\/#\/schema\/logo\/image\/\",\"url\":\"https:\/\/jinsuncarbon.com\/wp-content\/uploads\/2022\/12\/LOGO-1.png\",\"contentUrl\":\"https:\/\/jinsuncarbon.com\/wp-content\/uploads\/2022\/12\/LOGO-1.png\",\"width\":207,\"height\":80,\"caption\":\"Jinsun Carbon\"},\"image\":{\"@id\":\"https:\/\/jinsuncarbon.com\/#\/schema\/logo\/image\/\"},\"sameAs\":[\"https:\/\/www.facebook.com\/Graphite-Electrode-109336238661595\",\"https:\/\/x.com\/jinsuncarbon_\",\"https:\/\/www.linkedin.com\/in\/jinsungraphite\",\"https:\/\/www.youtube.com\/channel\/UCysDNyvyR5-3cCWEmpkVC0g\"]}]}<\/script>\n<!-- \/ Yoast SEO Premium plugin. -->","yoast_head_json":{"title":"\u00c7in'de Grafit Plaka Elektrot \u00dcreticisi | Jinsun Carbon","description":"Grafit plaka elektrotlar\u0131 esas olarak dikd\u00f6rtgen, kare veya yuvarlak gibi \u00e7e\u015fitli \u015fekillerde \u015fekillendirilmi\u015f par\u00e7alard\u0131r. En iyi fiyata grafit plaka elektrot tedarik ediyoruz.","robots":{"index":"index","follow":"follow","max-snippet":"max-snippet:-1","max-image-preview":"max-image-preview:large","max-video-preview":"max-video-preview:-1"},"canonical":"https:\/\/jinsuncarbon.com\/tr\/urun\/grafit-plaka-elektrot\/","og_locale":"tr_TR","og_type":"article","og_title":"Graphite Plate Electrode","og_description":"Graphite plate electrodes are mainly shaped parts with various shapes such as rectangle, square or round. We supply graphite plate electrode at best price.","og_url":"https:\/\/jinsuncarbon.com\/tr\/urun\/grafit-plaka-elektrot\/","og_site_name":"Jinsun Carbon","article_publisher":"https:\/\/www.facebook.com\/Graphite-Electrode-109336238661595","article_modified_time":"2025-01-07T13:17:25+00:00","og_image":[{"width":1024,"height":763,"url":"https:\/\/jinsuncarbon.com\/wp-content\/uploads\/2025\/01\/Graphite-Plate-Electrode.jpg","type":"image\/jpeg"}],"twitter_card":"summary_large_image","twitter_site":"@jinsuncarbon_","twitter_misc":{"Tahmini okuma s\u00fcresi":"3 dakika"},"schema":{"@context":"https:\/\/schema.org","@graph":[{"@type":"WebPage","@id":"https:\/\/jinsuncarbon.com\/product\/graphite-plate-electrode\/","url":"https:\/\/jinsuncarbon.com\/product\/graphite-plate-electrode\/","name":"\u00c7in'de Grafit Plaka Elektrot \u00dcreticisi | Jinsun Carbon","isPartOf":{"@id":"https:\/\/jinsuncarbon.com\/#website"},"primaryImageOfPage":{"@id":"https:\/\/jinsuncarbon.com\/product\/graphite-plate-electrode\/#primaryimage"},"image":{"@id":"https:\/\/jinsuncarbon.com\/product\/graphite-plate-electrode\/#primaryimage"},"thumbnailUrl":"https:\/\/jinsuncarbon.com\/wp-content\/uploads\/2025\/01\/Graphite-Plate-Electrode.jpg","datePublished":"2025-01-07T13:11:32+00:00","dateModified":"2025-01-07T13:17:25+00:00","description":"Grafit plaka elektrotlar\u0131 esas olarak dikd\u00f6rtgen, kare veya yuvarlak gibi \u00e7e\u015fitli \u015fekillerde \u015fekillendirilmi\u015f par\u00e7alard\u0131r. En iyi fiyata grafit plaka elektrot tedarik ediyoruz.","breadcrumb":{"@id":"https:\/\/jinsuncarbon.com\/product\/graphite-plate-electrode\/#breadcrumb"},"inLanguage":"tr","potentialAction":[{"@type":"ReadAction","target":["https:\/\/jinsuncarbon.com\/product\/graphite-plate-electrode\/"]}]},{"@type":"ImageObject","inLanguage":"tr","@id":"https:\/\/jinsuncarbon.com\/product\/graphite-plate-electrode\/#primaryimage","url":"https:\/\/jinsuncarbon.com\/wp-content\/uploads\/2025\/01\/Graphite-Plate-Electrode.jpg","contentUrl":"https:\/\/jinsuncarbon.com\/wp-content\/uploads\/2025\/01\/Graphite-Plate-Electrode.jpg","width":1024,"height":763,"caption":"Graphite Plate Electrode"},{"@type":"BreadcrumbList","@id":"https:\/\/jinsuncarbon.com\/product\/graphite-plate-electrode\/#breadcrumb","itemListElement":[{"@type":"ListItem","position":1,"name":"Home","item":"https:\/\/jinsuncarbon.com\/"},{"@type":"ListItem","position":2,"name":"Products","item":"https:\/\/jinsuncarbon.com\/graphite-carbon\/"},{"@type":"ListItem","position":3,"name":"Graphite Plate Electrode"}]},{"@type":"WebSite","@id":"https:\/\/jinsuncarbon.com\/#website","url":"https:\/\/jinsuncarbon.com\/","name":"Jinsun Karbon","description":"\u00c7in'deki ba\u015far\u0131l\u0131 grafit elektrot \u00fcreticisiyiz","publisher":{"@id":"https:\/\/jinsuncarbon.com\/#organization"},"potentialAction":[{"@type":"SearchAction","target":{"@type":"EntryPoint","urlTemplate":"https:\/\/jinsuncarbon.com\/?s={search_term_string}"},"query-input":{"@type":"PropertyValueSpecification","valueRequired":true,"valueName":"search_term_string"}}],"inLanguage":"tr"},{"@type":"Organization","@id":"https:\/\/jinsuncarbon.com\/#organization","name":"Jinsun Karbon","alternateName":"Jinsun Carbon","url":"https:\/\/jinsuncarbon.com\/","logo":{"@type":"ImageObject","inLanguage":"tr","@id":"https:\/\/jinsuncarbon.com\/#\/schema\/logo\/image\/","url":"https:\/\/jinsuncarbon.com\/wp-content\/uploads\/2022\/12\/LOGO-1.png","contentUrl":"https:\/\/jinsuncarbon.com\/wp-content\/uploads\/2022\/12\/LOGO-1.png","width":207,"height":80,"caption":"Jinsun Carbon"},"image":{"@id":"https:\/\/jinsuncarbon.com\/#\/schema\/logo\/image\/"},"sameAs":["https:\/\/www.facebook.com\/Graphite-Electrode-109336238661595","https:\/\/x.com\/jinsuncarbon_","https:\/\/www.linkedin.com\/in\/jinsungraphite","https:\/\/www.youtube.com\/channel\/UCysDNyvyR5-3cCWEmpkVC0g"]}]}},"_links":{"self":[{"href":"https:\/\/jinsuncarbon.com\/tr\/wp-json\/wp\/v2\/product\/7261","targetHints":{"allow":["GET"]}}],"collection":[{"href":"https:\/\/jinsuncarbon.com\/tr\/wp-json\/wp\/v2\/product"}],"about":[{"href":"https:\/\/jinsuncarbon.com\/tr\/wp-json\/wp\/v2\/types\/product"}],"wp:featuredmedia":[{"embeddable":true,"href":"https:\/\/jinsuncarbon.com\/tr\/wp-json\/wp\/v2\/media\/7265"}],"wp:attachment":[{"href":"https:\/\/jinsuncarbon.com\/tr\/wp-json\/wp\/v2\/media?parent=7261"}],"wp:term":[{"taxonomy":"product_brand","embeddable":true,"href":"https:\/\/jinsuncarbon.com\/tr\/wp-json\/wp\/v2\/product_brand?post=7261"},{"taxonomy":"product_cat","embeddable":true,"href":"https:\/\/jinsuncarbon.com\/tr\/wp-json\/wp\/v2\/product_cat?post=7261"},{"taxonomy":"product_tag","embeddable":true,"href":"https:\/\/jinsuncarbon.com\/tr\/wp-json\/wp\/v2\/product_tag?post=7261"}],"curies":[{"name":"wp","href":"https:\/\/api.w.org\/{rel}","templated":true}]}}