{"id":7251,"date":"2025-01-06T12:38:15","date_gmt":"2025-01-06T12:38:15","guid":{"rendered":"https:\/\/jinsuncarbon.com\/?post_type=product&#038;p=7251"},"modified":"2025-01-17T20:46:07","modified_gmt":"2025-01-17T20:46:07","slug":"izostatik-grafit-blok","status":"publish","type":"product","link":"https:\/\/jinsuncarbon.com\/tr\/urun\/izostatik-grafit-blok\/","title":{"rendered":"\u0130zostatik Grafit Blok"},"content":{"rendered":"<h2 class=\"ql-align-justify\">\u0130zostatik grafit bloklar<\/h2>\n<p class=\"ql-align-justify\">\u0130zostatik grafit blok elektrik iletiminde \u00e7ok \u00fcst\u00fcnd\u00fcr. Elektrik iletkenli\u011fi g\u00fc\u00e7 uygulamalar\u0131 i\u00e7in uygundur. <span class=\"\" data-type=\"2\" data-index=\"9\" data-gid=\"1\">3000\u00b0C'den y\u00fcksek s\u0131cakl\u0131klarda bile istikrarl\u0131 performans\u0131n\u0131 korur.<\/span>\u00a0Bu malzeme ayn\u0131 zamanda mukavemetini korur ve bu kadar y\u00fcksek s\u0131cakl\u0131klar alt\u0131nda deforme olmaz.<\/p>\n<ul>\n<li class=\"ql-align-justify\">Kimyasal diren\u00e7<\/li>\n<\/ul>\n<p class=\"ql-align-justify\">Bu t\u00fcr izostatik grafit blok, g\u00fc\u00e7l\u00fc asit, baz ve oksidandan kaynaklanan erozyona dayanabilir. Bu nedenle, kimyasal reakt\u00f6rler, boru hatlar\u0131 ve a\u015f\u0131r\u0131 ko\u015fullar alt\u0131ndaki di\u011fer uygulamalar i\u00e7in kullan\u0131labilir.<\/p>\n<ul>\n<li class=\"ql-align-justify\">Y\u00fcksek mukavemetli<\/li>\n<\/ul>\n<p class=\"ql-align-justify\">\u0130zostatik grafit bloklar y\u00fcksek gerilme mukavemetine ve d\u00fc\u015f\u00fck yo\u011funlu\u011fa sahiptir. \u0130zostatik grafit bloklar ula\u015f\u0131m ve havac\u0131l\u0131k uygulamalar\u0131nda enerji t\u00fcketimini azalt\u0131r. Bu malzeme g\u00fc\u00e7l\u00fc ancak hafiftir. Yap\u0131sal verimlili\u011fi korurken a\u011f\u0131r y\u00fckleri destekleyebilir.<\/p>\n<ul>\n<li class=\"ql-align-justify\">M\u00fckemmel \u0130zotropi<\/li>\n<\/ul>\n<p class=\"ql-align-justify\">\u0130zostatik grafit 1.0 ile 1.1 aras\u0131nda bir izotropi seviyesi de\u011ferine sahiptir. T\u00fcm y\u00f6nlerdeki tek tip \u00f6zellikleri onu hassas uygulamalar i\u00e7in uygun hale getirir.<\/p>\n<ul>\n<li class=\"ql-align-justify\">B\u00fcy\u00fck boyut ve ince yap\u0131<\/li>\n<\/ul>\n<p class=\"ql-align-justify\">\u0130zostatik grafit blok malzemeler b\u00fcy\u00fck boyut ve yap\u0131 bulma \u00f6zelliklerine sahiptir. \u0130zostatik presleme, homojen yo\u011funlu\u011fu koruyabilir ve \u00e7atlama risklerini en aza indirebilir; ayr\u0131ca baz\u0131 karma\u015f\u0131k \u015fekiller i\u015flenebilir.<\/p>\n<ul>\n<li class=\"ql-align-justify\">Y\u00fcksek Homojenlik<\/li>\n<\/ul>\n<p class=\"ql-align-justify\">Malzeme yap\u0131s\u0131 son derece homojenlik g\u00f6sterir. Bir izostatik grafit blok i\u00e7indeki her y\u00f6ndeki bas\u0131n\u00e7 e\u015fittir, b\u00f6ylece izostatik grafit blo\u011fun hacim yo\u011funlu\u011fu, direnci ve mukavemeti tekd\u00fcze kalabilir.<\/p>\n<h3 class=\"ql-align-justify\">\u0130zostatik grafitin s\u0131n\u0131fland\u0131r\u0131lmas\u0131<\/h3>\n<p class=\"ql-align-justify\">\u0130zostatik grafitin \u015fekle ve hammaddelere dayal\u0131 s\u0131n\u0131fland\u0131rmay\u0131 i\u00e7eren iki t\u00fcr s\u0131n\u0131fland\u0131rmas\u0131 vard\u0131r. \u015eekle dayal\u0131 s\u0131n\u0131fland\u0131rma i\u00e7in, dairesel izostatik grafit ve dikd\u00f6rtgen izostatik grafit t\u00fcrleri vard\u0131r. Hammaddelere g\u00f6re s\u0131n\u0131fland\u0131rmaya g\u00f6re, asfalt kok izostatik grafit ve petrol kok izostatik grafit olarak ikiye ayr\u0131labilir.<\/p>\n<h2 class=\"ql-align-justify\">\u0130zostatik Grafit Bloklar\u0131n D\u00f6k\u00fcm S\u00fcreci<\/h2>\n<p class=\"ql-align-justify\">Hammaddeler<\/p>\n<p class=\"ql-align-justify\">\u0130zostatik grafit bloklar i\u00e7in hammaddeler petrol koku, zift kok ve mezofaz karbon mikrok\u00fcreler olacakt\u0131r. Petrol koku grafitle\u015ftirme i\u00e7in eklenir. Zift kok, mukavemeti artt\u0131rmaya yarar. K\u00f6m\u00fcr katran\u0131 zifti, bu malzemeleri yap\u0131\u015fkan bir macun haline getirme i\u015flevine sahiptir.<\/p>\n<p class=\"ql-align-justify\">Kar\u0131\u015ft\u0131rma ve yo\u011furma<\/p>\n<p class=\"ql-align-justify\">Grafit tozunu bir ba\u011flay\u0131c\u0131 ile belirli bir oranda kar\u0131\u015ft\u0131r\u0131n. Kar\u0131\u015ft\u0131rma i\u015fleminin amac\u0131 sadece kalenderleme ve \u00f6\u011f\u00fctme i\u015fleminden \u00f6nce malzemenin homojenli\u011fini sa\u011flamakt\u0131r.<\/p>\n<p class=\"ql-align-justify\">Kal\u0131plama<\/p>\n<p class=\"ql-align-justify\">So\u011fuk izostatik presleme grafitin hassas bir \u015fekilde kal\u0131planmas\u0131 i\u00e7in kullan\u0131labilir. B\u00f6yle bir i\u015flem, grafit \u00fcr\u00fcnlerin y\u00fcksek hassasiyetle i\u015flenmesini geli\u015ftirebilir ve i\u015flemler s\u0131ras\u0131nda ortaya \u00e7\u0131kan \u00fcr\u00fcn kusurlar\u0131n\u0131 azaltabilir.<\/p>\n<p class=\"ql-align-justify\">Grafitle\u015ftirme<\/p>\n<p class=\"ql-align-justify\">Bu ad\u0131m karbonu 1800\u00b0C'nin \u00fczerindeki s\u0131cakl\u0131klarda grafite d\u00f6n\u00fc\u015ft\u00fcr\u00fcr. Bu kontroll\u00fc s\u00fcre\u00e7 ayn\u0131 zamanda malzemenin y\u00fcksek elektrik iletkenli\u011fini ve kararl\u0131l\u0131\u011f\u0131n\u0131 da geli\u015ftirir.<\/p>\n<p class=\"ql-align-justify\">D\u00f6k\u00fcm uygulamas\u0131<\/p>\n<p class=\"ql-align-justify\">\u0130lk olarak, s\u0131v\u0131 olu\u015fturmak i\u00e7in metalin erime noktas\u0131na kadar \u0131s\u0131t\u0131lmas\u0131; daha sonra s\u0131v\u0131 metalin grafit kal\u0131ba enjekte edilmesi. Son olarak, metalin so\u011fumas\u0131n\u0131 ve kat\u0131la\u015fmas\u0131n\u0131 bekleyin, ard\u0131ndan kal\u0131planm\u0131\u015f par\u00e7alar\u0131 \u00e7\u0131kar\u0131n. \u0130zostatik grafit bloklar m\u00fckemmel y\u00fcksek s\u0131cakl\u0131k performans\u0131na sahiptir. Bu nedenle, d\u00f6k\u00fcm i\u015flemi s\u0131ras\u0131nda metallerin kimyasal reaksiyonu ve d\u00f6k\u00fcm i\u015flemi s\u0131ras\u0131nda malzemenin olumsuz reaksiyonu azalt\u0131l\u0131r.<\/p>\n<h2 class=\"ql-align-justify\">\u0130zostatik grafit blok Uygulamalar<\/h2>\n<h3 class=\"ql-align-justify\">Silikon B\u00fcy\u00fctme ve D\u00f6k\u00fcm Is\u0131t\u0131c\u0131lar\u0131<\/h3>\n<p class=\"ql-align-justify\">\u0130zostatik olarak preslenmi\u015f grafit bloklar CZ tek kristal ve \u00e7ok kristalli silikon \u00fcretiminde kullan\u0131l\u0131r. Ayr\u0131ca potalar, \u0131s\u0131t\u0131c\u0131lar, elektrotlar ve yal\u0131t\u0131m kalkanlar\u0131 i\u00e7in de kullan\u0131l\u0131r. Grafit \u0131s\u0131t\u0131c\u0131lar, fotovoltaik h\u00fccrelerin b\u00fcy\u00fcmesini ve silikon d\u00f6kmesini sa\u011flayacak a\u015f\u0131r\u0131 y\u00fcksek s\u0131cakl\u0131\u011fa dayanabilir.<\/p>\n<h3 class=\"ql-align-justify\">N\u00fckleer end\u00fcstri<\/h3>\n<p class=\"ql-align-justify\">\u00c7\u00fcnk\u00fc grafit <a href=\"https:\/\/www.britannica.com\/dictionary\/moderate\" target=\"_blank\" rel=\"noopener\">\u0131l\u0131ml\u0131lar<\/a> n\u00f6tronlar\u0131 ve y\u00fcksek s\u0131cakl\u0131ktaki gaz so\u011futmal\u0131 reakt\u00f6rlerdeki \u0131s\u0131y\u0131 yans\u0131t\u0131r. \u0130zostatik grafit bloklar mekanik strese kar\u015f\u0131 dayan\u0131kl\u0131d\u0131r. Bu malzeme ayn\u0131 zamanda n\u00fckleer sistemlerde plazmaya bakan duvar i\u00e7in dayan\u0131kl\u0131 malzemelerden biridir.<\/p>\n<h3 class=\"ql-align-justify\">Elektro-de\u015farj i\u015fleme<\/h3>\n<p class=\"ql-align-justify\">Grafit elektrotlar EDM'de iyi \u00e7al\u0131\u015f\u0131r ve hassas kal\u0131plar\u0131 ve par\u00e7alar\u0131 hassas bir \u015fekilde i\u015fleyebilir. Grafitin m\u00fckemmel iletkenli\u011fi, EDM'de kararl\u0131 de\u015farjlar \u00fcretir ve bu da i\u015flemenin verimlili\u011fini ve do\u011frulu\u011funu sa\u011flar. Grafit elektrotlar, y\u00fcksek s\u0131cakl\u0131kta de\u015farj s\u0131ras\u0131nda iyi bir dayan\u0131kl\u0131l\u0131\u011fa sahiptir ve bu da \u00fcr\u00fcn\u00fcn hizmet \u00f6mr\u00fcn\u00fc uzatacakt\u0131r.<\/p>\n<h3 class=\"ql-align-justify\">Demir d\u0131\u015f\u0131 metal d\u00f6k\u00fcm kal\u0131plar\u0131<\/h3>\n<p class=\"ql-align-justify\">\u0130zostatik grafit <a href=\"https:\/\/jinsuncarbon.com\/tr\/grafit-kalip-nasil-yapilir\/\">KALIPLAR<\/a> gibi demir d\u0131\u015f\u0131 metallerin s\u00fcrekli d\u00f6k\u00fcm\u00fcnde vazge\u00e7ilmezdir. <a href=\"https:\/\/en.wikipedia.org\/wiki\/Copper\" target=\"_blank\" rel=\"noopener\">bak\u0131r<\/a>al\u00fcminyum, \u00e7inko vb. Termal stabilite ve kendinden ya\u011flaman\u0131n malzeme \u00f6zellikleri, izostatik grafit bloklar\u0131n \u00fcretimini sorunsuz hale getirir.<\/p>\n<h2 class=\"ql-align-justify\">Neden izostatik grafit bloklar\u0131m\u0131z\u0131 se\u00e7melisiniz?<\/h2>\n<p class=\"ql-align-justify\">\u0130zostatik grafit bloklar\u0131m\u0131z, fotovoltaik, makine ve n\u00fckleer enerji end\u00fcstrisi taleplerini kar\u015f\u0131layan m\u00fckemmel elektrik iletkenli\u011fi, termal diren\u00e7, kimyasal stabilite, ince yap\u0131, y\u00fcksek mukavemet ve safl\u0131k ile karakterize edilir. Bu izostatik grafit bloklar \u00e7ok dayan\u0131kl\u0131d\u0131r ve i\u015fletme giderlerini azaltmak i\u00e7in uygun maliyetlidir. \u0130zostatik grafit bloklar\u0131m\u0131z\u0131 \u00e7e\u015fitli uygulamalar\u0131 i\u00e7in uygun bir se\u00e7im haline getiren rekabet\u00e7i fiyatlar sunuyoruz.<\/p>","protected":false},"excerpt":{"rendered":"<p><span class=\"\" data-type=\"2\" data-index=\"3\" data-gid=\"0\">\u0130zostatik grafit bloklar, izostatik presleme teknolojisi ile olu\u015fturulan bir grafit malzeme t\u00fcr\u00fcd\u00fcr.<\/span> Y\u00fcksek safl\u0131\u011fa, y\u00fcksek mukavemete ve y\u00fcksek yo\u011funlu\u011fa sahiptirler. Y\u00fcksek grafit kalitesine dayanan izostatik grafit blok, fotovoltaik, yar\u0131 iletken ve metalurji ihtiya\u00e7lar\u0131n\u0131 kar\u015f\u0131lar. Ana \u00d6zellikler:<\/p>\n<ul>\n<li>\u0130nce taneli<\/li>\n<li>Homojen yap\u0131<\/li>\n<li>\u0130zotropik \u00f6zellikler<\/li>\n<li>Y\u00fcksek yo\u011funluk ve y\u00fcksek mekanik dayan\u0131m<\/li>\n<\/ul>","protected":false},"featured_media":7252,"template":"","meta":[],"product_brand":[],"product_cat":[38],"product_tag":[],"class_list":{"0":"post-7251","1":"product","2":"type-product","3":"status-publish","4":"has-post-thumbnail","6":"product_cat-graphite-products","8":"first","9":"instock","10":"shipping-taxable","11":"product-type-simple"},"yoast_head":"<!-- This site is optimized with the Yoast SEO Premium plugin v19.2.1 (Yoast SEO v25.3) - https:\/\/yoast.com\/wordpress\/plugins\/seo\/ -->\n<title>Isostatic Graphite Block Manufacturer in China | Jinsun Carbon<\/title>\n<meta name=\"robots\" content=\"index, follow, max-snippet:-1, max-image-preview:large, max-video-preview:-1\" \/>\n<link rel=\"canonical\" href=\"https:\/\/jinsuncarbon.com\/tr\/urun\/izostatik-grafit-blok\/\" \/>\n<meta property=\"og:locale\" content=\"tr_TR\" \/>\n<meta property=\"og:type\" content=\"article\" \/>\n<meta property=\"og:title\" content=\"Isostatic Graphite Block\" \/>\n<meta property=\"og:description\" content=\"Isostatic graphite blocks are a type of graphite material formed by isostatic pressing technology. They have high purity, high strength and high density. Based on the high quality of graphite, isostatic graphite block meets the needs of photovoltaic, semiconductor, and metallurgy. Main Features:   Fine grain  Homogeneous structure  Isotropic properties  High density and high mechanical strength\" \/>\n<meta property=\"og:url\" content=\"https:\/\/jinsuncarbon.com\/tr\/urun\/izostatik-grafit-blok\/\" \/>\n<meta property=\"og:site_name\" content=\"Jinsun Carbon\" \/>\n<meta property=\"article:publisher\" content=\"https:\/\/www.facebook.com\/Graphite-Electrode-109336238661595\" \/>\n<meta property=\"article:modified_time\" content=\"2025-01-17T20:46:07+00:00\" \/>\n<meta property=\"og:image\" content=\"https:\/\/jinsuncarbon.com\/wp-content\/uploads\/2025\/01\/Isostatic-Graphite-Block.jpg\" \/>\n\t<meta property=\"og:image:width\" content=\"1024\" \/>\n\t<meta property=\"og:image:height\" content=\"680\" \/>\n\t<meta property=\"og:image:type\" content=\"image\/jpeg\" \/>\n<meta name=\"twitter:card\" content=\"summary_large_image\" \/>\n<meta name=\"twitter:site\" content=\"@jinsuncarbon_\" \/>\n<meta name=\"twitter:label1\" content=\"Tahmini okuma s\u00fcresi\" \/>\n\t<meta name=\"twitter:data1\" content=\"4 dakika\" \/>\n<script type=\"application\/ld+json\" class=\"yoast-schema-graph\">{\"@context\":\"https:\/\/schema.org\",\"@graph\":[{\"@type\":\"WebPage\",\"@id\":\"https:\/\/jinsuncarbon.com\/product\/isostatic-graphite-block\/\",\"url\":\"https:\/\/jinsuncarbon.com\/product\/isostatic-graphite-block\/\",\"name\":\"Isostatic Graphite Block Manufacturer in China | Jinsun Carbon\",\"isPartOf\":{\"@id\":\"https:\/\/jinsuncarbon.com\/#website\"},\"primaryImageOfPage\":{\"@id\":\"https:\/\/jinsuncarbon.com\/product\/isostatic-graphite-block\/#primaryimage\"},\"image\":{\"@id\":\"https:\/\/jinsuncarbon.com\/product\/isostatic-graphite-block\/#primaryimage\"},\"thumbnailUrl\":\"https:\/\/jinsuncarbon.com\/wp-content\/uploads\/2025\/01\/Isostatic-Graphite-Block.jpg\",\"datePublished\":\"2025-01-06T12:38:15+00:00\",\"dateModified\":\"2025-01-17T20:46:07+00:00\",\"breadcrumb\":{\"@id\":\"https:\/\/jinsuncarbon.com\/product\/isostatic-graphite-block\/#breadcrumb\"},\"inLanguage\":\"tr\",\"potentialAction\":[{\"@type\":\"ReadAction\",\"target\":[\"https:\/\/jinsuncarbon.com\/product\/isostatic-graphite-block\/\"]}]},{\"@type\":\"ImageObject\",\"inLanguage\":\"tr\",\"@id\":\"https:\/\/jinsuncarbon.com\/product\/isostatic-graphite-block\/#primaryimage\",\"url\":\"https:\/\/jinsuncarbon.com\/wp-content\/uploads\/2025\/01\/Isostatic-Graphite-Block.jpg\",\"contentUrl\":\"https:\/\/jinsuncarbon.com\/wp-content\/uploads\/2025\/01\/Isostatic-Graphite-Block.jpg\",\"width\":1024,\"height\":680,\"caption\":\"Isostatic Graphite Block\"},{\"@type\":\"BreadcrumbList\",\"@id\":\"https:\/\/jinsuncarbon.com\/product\/isostatic-graphite-block\/#breadcrumb\",\"itemListElement\":[{\"@type\":\"ListItem\",\"position\":1,\"name\":\"Home\",\"item\":\"https:\/\/jinsuncarbon.com\/\"},{\"@type\":\"ListItem\",\"position\":2,\"name\":\"Products\",\"item\":\"https:\/\/jinsuncarbon.com\/graphite-carbon\/\"},{\"@type\":\"ListItem\",\"position\":3,\"name\":\"Isostatic Graphite Block\"}]},{\"@type\":\"WebSite\",\"@id\":\"https:\/\/jinsuncarbon.com\/#website\",\"url\":\"https:\/\/jinsuncarbon.com\/\",\"name\":\"Jinsun Carbon\",\"description\":\"We are the successful graphite electrode manufacturer in China\",\"publisher\":{\"@id\":\"https:\/\/jinsuncarbon.com\/#organization\"},\"potentialAction\":[{\"@type\":\"SearchAction\",\"target\":{\"@type\":\"EntryPoint\",\"urlTemplate\":\"https:\/\/jinsuncarbon.com\/?s={search_term_string}\"},\"query-input\":{\"@type\":\"PropertyValueSpecification\",\"valueRequired\":true,\"valueName\":\"search_term_string\"}}],\"inLanguage\":\"tr\"},{\"@type\":\"Organization\",\"@id\":\"https:\/\/jinsuncarbon.com\/#organization\",\"name\":\"Jinsun Carbon\",\"alternateName\":\"Jinsun Carbon\",\"url\":\"https:\/\/jinsuncarbon.com\/\",\"logo\":{\"@type\":\"ImageObject\",\"inLanguage\":\"tr\",\"@id\":\"https:\/\/jinsuncarbon.com\/#\/schema\/logo\/image\/\",\"url\":\"https:\/\/jinsuncarbon.com\/wp-content\/uploads\/2022\/12\/LOGO-1.png\",\"contentUrl\":\"https:\/\/jinsuncarbon.com\/wp-content\/uploads\/2022\/12\/LOGO-1.png\",\"width\":207,\"height\":80,\"caption\":\"Jinsun Carbon\"},\"image\":{\"@id\":\"https:\/\/jinsuncarbon.com\/#\/schema\/logo\/image\/\"},\"sameAs\":[\"https:\/\/www.facebook.com\/Graphite-Electrode-109336238661595\",\"https:\/\/x.com\/jinsuncarbon_\",\"https:\/\/www.linkedin.com\/in\/jinsungraphite\",\"https:\/\/www.youtube.com\/channel\/UCysDNyvyR5-3cCWEmpkVC0g\"]}]}<\/script>\n<!-- \/ Yoast SEO Premium plugin. -->","yoast_head_json":{"title":"\u00c7in'de \u0130zostatik Grafit Blok \u00dcreticisi | Jinsun Carbon","robots":{"index":"index","follow":"follow","max-snippet":"max-snippet:-1","max-image-preview":"max-image-preview:large","max-video-preview":"max-video-preview:-1"},"canonical":"https:\/\/jinsuncarbon.com\/tr\/urun\/izostatik-grafit-blok\/","og_locale":"tr_TR","og_type":"article","og_title":"Isostatic Graphite Block","og_description":"Isostatic graphite blocks are a type of graphite material formed by isostatic pressing technology. They have high purity, high strength and high density. Based on the high quality of graphite, isostatic graphite block meets the needs of photovoltaic, semiconductor, and metallurgy. Main Features:   Fine grain  Homogeneous structure  Isotropic properties  High density and high mechanical strength","og_url":"https:\/\/jinsuncarbon.com\/tr\/urun\/izostatik-grafit-blok\/","og_site_name":"Jinsun Carbon","article_publisher":"https:\/\/www.facebook.com\/Graphite-Electrode-109336238661595","article_modified_time":"2025-01-17T20:46:07+00:00","og_image":[{"width":1024,"height":680,"url":"https:\/\/jinsuncarbon.com\/wp-content\/uploads\/2025\/01\/Isostatic-Graphite-Block.jpg","type":"image\/jpeg"}],"twitter_card":"summary_large_image","twitter_site":"@jinsuncarbon_","twitter_misc":{"Tahmini okuma s\u00fcresi":"4 dakika"},"schema":{"@context":"https:\/\/schema.org","@graph":[{"@type":"WebPage","@id":"https:\/\/jinsuncarbon.com\/product\/isostatic-graphite-block\/","url":"https:\/\/jinsuncarbon.com\/product\/isostatic-graphite-block\/","name":"\u00c7in'de \u0130zostatik Grafit Blok \u00dcreticisi | Jinsun Carbon","isPartOf":{"@id":"https:\/\/jinsuncarbon.com\/#website"},"primaryImageOfPage":{"@id":"https:\/\/jinsuncarbon.com\/product\/isostatic-graphite-block\/#primaryimage"},"image":{"@id":"https:\/\/jinsuncarbon.com\/product\/isostatic-graphite-block\/#primaryimage"},"thumbnailUrl":"https:\/\/jinsuncarbon.com\/wp-content\/uploads\/2025\/01\/Isostatic-Graphite-Block.jpg","datePublished":"2025-01-06T12:38:15+00:00","dateModified":"2025-01-17T20:46:07+00:00","breadcrumb":{"@id":"https:\/\/jinsuncarbon.com\/product\/isostatic-graphite-block\/#breadcrumb"},"inLanguage":"tr","potentialAction":[{"@type":"ReadAction","target":["https:\/\/jinsuncarbon.com\/product\/isostatic-graphite-block\/"]}]},{"@type":"ImageObject","inLanguage":"tr","@id":"https:\/\/jinsuncarbon.com\/product\/isostatic-graphite-block\/#primaryimage","url":"https:\/\/jinsuncarbon.com\/wp-content\/uploads\/2025\/01\/Isostatic-Graphite-Block.jpg","contentUrl":"https:\/\/jinsuncarbon.com\/wp-content\/uploads\/2025\/01\/Isostatic-Graphite-Block.jpg","width":1024,"height":680,"caption":"Isostatic Graphite Block"},{"@type":"BreadcrumbList","@id":"https:\/\/jinsuncarbon.com\/product\/isostatic-graphite-block\/#breadcrumb","itemListElement":[{"@type":"ListItem","position":1,"name":"Home","item":"https:\/\/jinsuncarbon.com\/"},{"@type":"ListItem","position":2,"name":"Products","item":"https:\/\/jinsuncarbon.com\/graphite-carbon\/"},{"@type":"ListItem","position":3,"name":"Isostatic Graphite Block"}]},{"@type":"WebSite","@id":"https:\/\/jinsuncarbon.com\/#website","url":"https:\/\/jinsuncarbon.com\/","name":"Jinsun Karbon","description":"\u00c7in'deki ba\u015far\u0131l\u0131 grafit elektrot \u00fcreticisiyiz","publisher":{"@id":"https:\/\/jinsuncarbon.com\/#organization"},"potentialAction":[{"@type":"SearchAction","target":{"@type":"EntryPoint","urlTemplate":"https:\/\/jinsuncarbon.com\/?s={search_term_string}"},"query-input":{"@type":"PropertyValueSpecification","valueRequired":true,"valueName":"search_term_string"}}],"inLanguage":"tr"},{"@type":"Organization","@id":"https:\/\/jinsuncarbon.com\/#organization","name":"Jinsun Karbon","alternateName":"Jinsun Carbon","url":"https:\/\/jinsuncarbon.com\/","logo":{"@type":"ImageObject","inLanguage":"tr","@id":"https:\/\/jinsuncarbon.com\/#\/schema\/logo\/image\/","url":"https:\/\/jinsuncarbon.com\/wp-content\/uploads\/2022\/12\/LOGO-1.png","contentUrl":"https:\/\/jinsuncarbon.com\/wp-content\/uploads\/2022\/12\/LOGO-1.png","width":207,"height":80,"caption":"Jinsun Carbon"},"image":{"@id":"https:\/\/jinsuncarbon.com\/#\/schema\/logo\/image\/"},"sameAs":["https:\/\/www.facebook.com\/Graphite-Electrode-109336238661595","https:\/\/x.com\/jinsuncarbon_","https:\/\/www.linkedin.com\/in\/jinsungraphite","https:\/\/www.youtube.com\/channel\/UCysDNyvyR5-3cCWEmpkVC0g"]}]}},"_links":{"self":[{"href":"https:\/\/jinsuncarbon.com\/tr\/wp-json\/wp\/v2\/product\/7251","targetHints":{"allow":["GET"]}}],"collection":[{"href":"https:\/\/jinsuncarbon.com\/tr\/wp-json\/wp\/v2\/product"}],"about":[{"href":"https:\/\/jinsuncarbon.com\/tr\/wp-json\/wp\/v2\/types\/product"}],"wp:featuredmedia":[{"embeddable":true,"href":"https:\/\/jinsuncarbon.com\/tr\/wp-json\/wp\/v2\/media\/7252"}],"wp:attachment":[{"href":"https:\/\/jinsuncarbon.com\/tr\/wp-json\/wp\/v2\/media?parent=7251"}],"wp:term":[{"taxonomy":"product_brand","embeddable":true,"href":"https:\/\/jinsuncarbon.com\/tr\/wp-json\/wp\/v2\/product_brand?post=7251"},{"taxonomy":"product_cat","embeddable":true,"href":"https:\/\/jinsuncarbon.com\/tr\/wp-json\/wp\/v2\/product_cat?post=7251"},{"taxonomy":"product_tag","embeddable":true,"href":"https:\/\/jinsuncarbon.com\/tr\/wp-json\/wp\/v2\/product_tag?post=7251"}],"curies":[{"name":"wp","href":"https:\/\/api.w.org\/{rel}","templated":true}]}}