{"id":7199,"date":"2025-01-03T03:07:19","date_gmt":"2025-01-03T03:07:19","guid":{"rendered":"https:\/\/jinsuncarbon.com\/?post_type=product&#038;p=7199"},"modified":"2025-01-16T00:43:23","modified_gmt":"2025-01-16T00:43:23","slug":"yuksek-saflikta-grafit-tozu","status":"publish","type":"product","link":"https:\/\/jinsuncarbon.com\/tr\/urun\/yuksek-saflikta-grafit-tozu\/","title":{"rendered":"Y\u00fcksek Safl\u0131kta Grafit Tozu"},"content":{"rendered":"<h2>Y\u00fcksek safl\u0131kta grafit tozu \u00f6zellikleri<\/h2>\n<p><strong>Y\u00fcksek s\u0131cakl\u0131k direnci ve termal iletkenlik<\/strong><\/p>\n<p>Grafitin erime noktas\u0131 3850\u00b150\u00b0C ve kaynama noktas\u0131 4250\u00b0C'dir. Termal genle\u015fme katsay\u0131s\u0131 1,4\u00d710^-6\/K ile \u00e7ok k\u00fc\u00e7\u00fckt\u00fcr. Bu, y\u00fcksek s\u0131cakl\u0131klarda malzeme kayb\u0131n\u0131 azaltabilmesini sa\u011flar. Ayr\u0131ca, y\u00fcksek safl\u0131kta grafit tozunun oda s\u0131cakl\u0131\u011f\u0131ndaki termal iletkenli\u011fi 2,17\u00d710^6 W\/(cm-K) de\u011ferine ula\u015fabilir, bu de\u011fer \u00f6l\u00e7\u00fcm y\u00f6ntemi ve birim d\u00f6n\u00fc\u015f\u00fcm\u00fc nedeniyle de\u011fi\u015febilir. Ancak yine de oda s\u0131cakl\u0131\u011f\u0131nda grafit tozunun genel olarak \u00fcst\u00fcn termal iletkenli\u011fini g\u00f6sterebilir. Grafit tozunun y\u00fcksek \u0131s\u0131l iletkenli\u011fi ve y\u00fcksek s\u0131cakl\u0131k direnci nedeniyle \u0131s\u0131y\u0131 h\u0131zl\u0131 bir \u015fekilde aktarabilir ve \u0131s\u0131 birikimini azaltabilir. Y\u00fcksek s\u0131cakl\u0131klarda stabil kalabilir.<\/p>\n<p><strong>Elektrik:<\/strong> \u00d6zel kristal yap\u0131s\u0131 nedeniyle grafit iyi bir elektrik iletkenli\u011fine sahiptir. Grafitin safl\u0131\u011f\u0131 ne kadar y\u00fcksek olursa, par\u00e7ac\u0131k boyutu o kadar k\u00fc\u00e7\u00fck, iletkenlik o kadar g\u00fc\u00e7l\u00fc olur. B\u00f6ylece y\u00fcksek safl\u0131ktaki grafit tozumuz m\u00fckemmel elektrik iletkenli\u011fi sa\u011flayabilmektedir.<\/p>\n<p><strong>Kayganl\u0131k:<\/strong> Y\u00fcksek safl\u0131kta grafit tozu daha az safs\u0131zl\u0131k i\u00e7erir, daha iyi ya\u011flama sa\u011flar ve s\u00fcrt\u00fcnmeyi ve a\u015f\u0131nmay\u0131 azalt\u0131r. Y\u00fcksek safl\u0131kta grafit par\u00e7ac\u0131klar\u0131n\u0131n d\u00fczg\u00fcn bir ya\u011flama filmi olu\u015fturma olas\u0131l\u0131\u011f\u0131 daha y\u00fcksektir, b\u00f6ylece mekanik y\u00fczeyler aras\u0131ndaki temas\u0131 azalt\u0131r. Pul ne kadar b\u00fcy\u00fck olursa, s\u00fcrt\u00fcnme katsay\u0131s\u0131 o kadar k\u00fc\u00e7\u00fck olur ve ya\u011flama performans\u0131 o kadar iyi olur.<\/p>\n<p><strong>Kimyasal stabilite:<\/strong> <a href=\"https:\/\/jinsuncarbon.com\/tr\/grafitin-kullanim-alanlari\/\">grafit<\/a> oda s\u0131cakl\u0131\u011f\u0131nda iyi kimyasal stabiliteye sahiptir. Asit, alkali ve organik \u00e7\u00f6z\u00fcc\u00fc korozyonuna kar\u015f\u0131 koyabilir.<\/p>\n<p>&nbsp;<\/p>\n<h2>Y\u00fcksek safl\u0131kta grafit tozu uygulamalar\u0131<\/h2>\n<p><strong>Ya\u011flay\u0131c\u0131:<\/strong> D\u00fc\u015f\u00fck s\u00fcrt\u00fcnme katsay\u0131s\u0131 ve tabaka yap\u0131s\u0131 nedeniyle grafit tozu, \u00f6zellikle y\u00fcksek s\u0131cakl\u0131k veya y\u00fcksek vakumlu ortamlarda genellikle kuru ya\u011flay\u0131c\u0131 olarak kullan\u0131l\u0131r. \u0130nsanlar bunu rulmanlar ve di\u015fliler gibi mekanik par\u00e7alar\u0131n ya\u011flanmas\u0131nda yayg\u0131n olarak kullanmaktad\u0131r.<\/p>\n<p><strong>Metal\u00fcrji end\u00fcstrisi:<\/strong> <a href=\"https:\/\/jinsuncarbon.com\/tr\/urun\/grafit-tozu\/\">Grafit tozu<\/a> ayn\u0131 zamanda metal\u00fcrji end\u00fcstrisinde yayg\u0131n bir indirgeyici maddedir. Metallerdeki safs\u0131zl\u0131klar\u0131 gidermeye ve metallerin safl\u0131\u011f\u0131n\u0131, sertli\u011fini ve mukavemetini art\u0131rmaya yard\u0131mc\u0131 olur. Ek olarak, ayn\u0131 zamanda a\u015fa\u011f\u0131dakiler i\u00e7in bir ala\u015f\u0131m katk\u0131s\u0131d\u0131r <a href=\"https:\/\/en.wikipedia.org\/wiki\/Steelmaking\" target=\"_blank\" rel=\"noopener\">\u00c7EL\u0130K \u00dcRET\u0130M\u0130<\/a> ve demir d\u0131\u015f\u0131 metaller.<\/p>\n<p><strong>Yanmaz malzemeler:<\/strong> Baz\u0131 grafit tozu t\u00fcrleri, yang\u0131na dayan\u0131kl\u0131l\u0131klar\u0131n\u0131 art\u0131rmak i\u00e7in yanmaz malzemelere eklenebilir.<\/p>\n<p><strong>D\u00f6k\u00fcm ve kal\u0131p ay\u0131r\u0131c\u0131 madde:<\/strong> s\u0131ras\u0131nda <a href=\"https:\/\/en.wikipedia.org\/wiki\/Casting\" target=\"_blank\" rel=\"noopener\">d\u00f6k\u00fcm<\/a> i\u015fleminde grafit tozu izole edici bir katman g\u00f6revi g\u00f6r\u00fcr. Metalin kal\u0131ba yap\u0131\u015fmas\u0131n\u0131 \u00f6nler ve d\u00fczg\u00fcn bir \u015fekilde ayr\u0131lmas\u0131n\u0131 sa\u011flar. Kal\u0131p imalat\u0131nda, ayn\u0131 zamanda ortak ay\u0131r\u0131c\u0131 madde olarak da i\u015flev g\u00f6r\u00fcr.<\/p>\n<p><strong>Korozyona dayan\u0131kl\u0131 ve s\u0131zd\u0131rmaz malzeme:<\/strong> Grafit tozu s\u0131zd\u0131rmazl\u0131k malzemelerinde de yayg\u0131nd\u0131r. Gran tozu (s\u0131zd\u0131rmazl\u0131k yap\u0131\u015fmaz gres) gibi. \u0130nsanlar bunu gemilerde, u\u00e7aklarda, lokomotiflerde ve di\u011fer b\u00fcy\u00fck makinelerde metal yap\u0131\u015ft\u0131rma y\u00fczeyinde, contan\u0131n flan\u015f ba\u011flant\u0131 par\u00e7alar\u0131nda ve yap\u0131\u015fmay\u0131 \u00f6nleyici olarak yayg\u0131n \u015fekilde kullan\u0131rlar. M\u00fckemmel korozyon direnci, grafitin zorlu ortamlarda uzun s\u00fcre etkili s\u0131zd\u0131rmazl\u0131k performans\u0131n\u0131 s\u00fcrd\u00fcrmesini sa\u011flar. Bu nedenle kimya ve petrol end\u00fcstrilerinde de yayg\u0131nd\u0131r.<\/p>\n<p><strong>Hafif sanayi:<\/strong> Grafit tozu, hafif end\u00fcstride cam ve ka\u011f\u0131t yap\u0131m\u0131 i\u00e7in bir parlatma maddesi ve pas \u00f6nleyici maddedir. Ayr\u0131ca kur\u015fun kalem, m\u00fcrekkep, siyah boya, m\u00fcrekkep ve sentetik elmas vb. \u00fcretimi i\u00e7in vazge\u00e7ilmez bir hammaddedir.<\/p>\n<p><strong>Kimya end\u00fcstrisi:<\/strong> \u0130nsanlar \u0131s\u0131 e\u015fanj\u00f6rleri ve reaksiyon tanklar\u0131 gibi kimyasal ekipmanlar yapmak i\u00e7in grafit tozu kullan\u0131rlar. Ayr\u0131ca g\u00fcbre end\u00fcstrisinde kataliz\u00f6r \u00fcretimi i\u00e7in sal\u0131n\u0131m ya\u011flay\u0131c\u0131lar\u0131 olarak da i\u015flev g\u00f6rebilir.<\/p>\n<p>&nbsp;<\/p>\n<p>Ayr\u0131ca grafit tozu, pigment ve kaplama malzemesi olarak, kablo \u00fcretiminde ya\u011flay\u0131c\u0131 olarak ve karbon film direnci, iletken kuru kal\u0131p \u00fcretimi i\u00e7in de kullan\u0131labilir. Genel olarak, grafit tozunun kullan\u0131m\u0131 \u00e7ok geni\u015ftir ve end\u00fcstriyel \u00fcretimin hemen hemen her alan\u0131n\u0131 kapsar.<\/p>","protected":false},"excerpt":{"rendered":"<p>Y\u00fcksek safl\u0131kta grafit tozu, 99.9%'den daha fazla safl\u0131\u011fa (karbon i\u00e7eri\u011fi) sahip grafit tozudur. Oksijenin izolasyonu ko\u015fulu alt\u0131nda, grafit tozunun erime noktas\u0131 3000 \u00b0 C'nin \u00fczerindedir, bu da onu s\u0131cakl\u0131\u011fa en dayan\u0131kl\u0131 minerallerden biri yapar. Dahas\u0131, grafit tozu oda s\u0131cakl\u0131\u011f\u0131 alt\u0131nda nispeten kararl\u0131 kimyasal \u00f6zelliklere sahiptir.<\/p>\n<p>Y\u00fcksek safl\u0131kta grafit tozu ya\u011flay\u0131c\u0131lar, elektrotlar, refrakter malzemeler ve kompozit malzemeler olarak kullan\u0131labilir.<\/p>","protected":false},"featured_media":7200,"template":"","meta":[],"product_brand":[],"product_cat":[67],"product_tag":[],"class_list":{"0":"post-7199","1":"product","2":"type-product","3":"status-publish","4":"has-post-thumbnail","6":"product_cat-graphite-material","8":"first","9":"instock","10":"shipping-taxable","11":"product-type-simple"},"yoast_head":"<!-- This site is optimized with the Yoast SEO Premium plugin v19.2.1 (Yoast SEO v25.3) - https:\/\/yoast.com\/wordpress\/plugins\/seo\/ -->\n<title>High Purity Graphite Powder | Jinsun Carbon<\/title>\n<meta name=\"description\" content=\"High purity graphite powder manufacturer in China, with a purity (carbon content) of more than 99.9%, widely used for lubricants, electrodes, refractory materials.\" \/>\n<meta name=\"robots\" content=\"index, follow, max-snippet:-1, max-image-preview:large, max-video-preview:-1\" \/>\n<link rel=\"canonical\" href=\"https:\/\/jinsuncarbon.com\/tr\/urun\/yuksek-saflikta-grafit-tozu\/\" \/>\n<meta property=\"og:locale\" content=\"tr_TR\" \/>\n<meta property=\"og:type\" content=\"article\" \/>\n<meta property=\"og:title\" content=\"High Purity Graphite Powder\" \/>\n<meta property=\"og:description\" content=\"High purity graphite powder manufacturer in China, with a purity (carbon content) of more than 99.9%, widely used for lubricants, electrodes, refractory materials.\" \/>\n<meta property=\"og:url\" content=\"https:\/\/jinsuncarbon.com\/tr\/urun\/yuksek-saflikta-grafit-tozu\/\" \/>\n<meta property=\"og:site_name\" content=\"Jinsun Carbon\" \/>\n<meta property=\"article:publisher\" content=\"https:\/\/www.facebook.com\/Graphite-Electrode-109336238661595\" \/>\n<meta property=\"article:modified_time\" content=\"2025-01-16T00:43:23+00:00\" \/>\n<meta property=\"og:image\" content=\"https:\/\/jinsuncarbon.com\/wp-content\/uploads\/2025\/01\/High-Purity-Graphite-Powder.jpg\" \/>\n\t<meta property=\"og:image:width\" content=\"1024\" \/>\n\t<meta property=\"og:image:height\" content=\"763\" \/>\n\t<meta property=\"og:image:type\" content=\"image\/jpeg\" \/>\n<meta name=\"twitter:card\" content=\"summary_large_image\" \/>\n<meta name=\"twitter:site\" content=\"@jinsuncarbon_\" \/>\n<meta name=\"twitter:label1\" content=\"Tahmini okuma s\u00fcresi\" \/>\n\t<meta name=\"twitter:data1\" content=\"3 dakika\" \/>\n<script type=\"application\/ld+json\" class=\"yoast-schema-graph\">{\"@context\":\"https:\/\/schema.org\",\"@graph\":[{\"@type\":\"WebPage\",\"@id\":\"https:\/\/jinsuncarbon.com\/product\/high-purity-graphite-powder\/\",\"url\":\"https:\/\/jinsuncarbon.com\/product\/high-purity-graphite-powder\/\",\"name\":\"High Purity Graphite Powder | Jinsun Carbon\",\"isPartOf\":{\"@id\":\"https:\/\/jinsuncarbon.com\/#website\"},\"primaryImageOfPage\":{\"@id\":\"https:\/\/jinsuncarbon.com\/product\/high-purity-graphite-powder\/#primaryimage\"},\"image\":{\"@id\":\"https:\/\/jinsuncarbon.com\/product\/high-purity-graphite-powder\/#primaryimage\"},\"thumbnailUrl\":\"https:\/\/jinsuncarbon.com\/wp-content\/uploads\/2025\/01\/High-Purity-Graphite-Powder.jpg\",\"datePublished\":\"2025-01-03T03:07:19+00:00\",\"dateModified\":\"2025-01-16T00:43:23+00:00\",\"description\":\"High purity graphite powder manufacturer in China, with a purity (carbon content) of more than 99.9%, widely used for lubricants, electrodes, refractory materials.\",\"breadcrumb\":{\"@id\":\"https:\/\/jinsuncarbon.com\/product\/high-purity-graphite-powder\/#breadcrumb\"},\"inLanguage\":\"tr\",\"potentialAction\":[{\"@type\":\"ReadAction\",\"target\":[\"https:\/\/jinsuncarbon.com\/product\/high-purity-graphite-powder\/\"]}]},{\"@type\":\"ImageObject\",\"inLanguage\":\"tr\",\"@id\":\"https:\/\/jinsuncarbon.com\/product\/high-purity-graphite-powder\/#primaryimage\",\"url\":\"https:\/\/jinsuncarbon.com\/wp-content\/uploads\/2025\/01\/High-Purity-Graphite-Powder.jpg\",\"contentUrl\":\"https:\/\/jinsuncarbon.com\/wp-content\/uploads\/2025\/01\/High-Purity-Graphite-Powder.jpg\",\"width\":1024,\"height\":763,\"caption\":\"High Purity Graphite Powder\"},{\"@type\":\"BreadcrumbList\",\"@id\":\"https:\/\/jinsuncarbon.com\/product\/high-purity-graphite-powder\/#breadcrumb\",\"itemListElement\":[{\"@type\":\"ListItem\",\"position\":1,\"name\":\"Home\",\"item\":\"https:\/\/jinsuncarbon.com\/\"},{\"@type\":\"ListItem\",\"position\":2,\"name\":\"Products\",\"item\":\"https:\/\/jinsuncarbon.com\/graphite-carbon\/\"},{\"@type\":\"ListItem\",\"position\":3,\"name\":\"High Purity Graphite Powder\"}]},{\"@type\":\"WebSite\",\"@id\":\"https:\/\/jinsuncarbon.com\/#website\",\"url\":\"https:\/\/jinsuncarbon.com\/\",\"name\":\"Jinsun Carbon\",\"description\":\"We are the successful graphite electrode manufacturer in China\",\"publisher\":{\"@id\":\"https:\/\/jinsuncarbon.com\/#organization\"},\"potentialAction\":[{\"@type\":\"SearchAction\",\"target\":{\"@type\":\"EntryPoint\",\"urlTemplate\":\"https:\/\/jinsuncarbon.com\/?s={search_term_string}\"},\"query-input\":{\"@type\":\"PropertyValueSpecification\",\"valueRequired\":true,\"valueName\":\"search_term_string\"}}],\"inLanguage\":\"tr\"},{\"@type\":\"Organization\",\"@id\":\"https:\/\/jinsuncarbon.com\/#organization\",\"name\":\"Jinsun Carbon\",\"alternateName\":\"Jinsun Carbon\",\"url\":\"https:\/\/jinsuncarbon.com\/\",\"logo\":{\"@type\":\"ImageObject\",\"inLanguage\":\"tr\",\"@id\":\"https:\/\/jinsuncarbon.com\/#\/schema\/logo\/image\/\",\"url\":\"https:\/\/jinsuncarbon.com\/wp-content\/uploads\/2022\/12\/LOGO-1.png\",\"contentUrl\":\"https:\/\/jinsuncarbon.com\/wp-content\/uploads\/2022\/12\/LOGO-1.png\",\"width\":207,\"height\":80,\"caption\":\"Jinsun Carbon\"},\"image\":{\"@id\":\"https:\/\/jinsuncarbon.com\/#\/schema\/logo\/image\/\"},\"sameAs\":[\"https:\/\/www.facebook.com\/Graphite-Electrode-109336238661595\",\"https:\/\/x.com\/jinsuncarbon_\",\"https:\/\/www.linkedin.com\/in\/jinsungraphite\",\"https:\/\/www.youtube.com\/channel\/UCysDNyvyR5-3cCWEmpkVC0g\"]}]}<\/script>\n<!-- \/ Yoast SEO Premium plugin. -->","yoast_head_json":{"title":"Y\u00fcksek Safl\u0131kta Grafit Tozu | Jinsun Carbon","description":"\u00c7in'de, ya\u011flay\u0131c\u0131lar, elektrotlar, refrakter malzemeler i\u00e7in yayg\u0131n olarak kullan\u0131lan 99.9%'den fazla safl\u0131\u011fa (karbon i\u00e7eri\u011fi) sahip y\u00fcksek safl\u0131kta grafit tozu \u00fcreticisi.","robots":{"index":"index","follow":"follow","max-snippet":"max-snippet:-1","max-image-preview":"max-image-preview:large","max-video-preview":"max-video-preview:-1"},"canonical":"https:\/\/jinsuncarbon.com\/tr\/urun\/yuksek-saflikta-grafit-tozu\/","og_locale":"tr_TR","og_type":"article","og_title":"High Purity Graphite Powder","og_description":"High purity graphite powder manufacturer in China, with a purity (carbon content) of more than 99.9%, widely used for lubricants, electrodes, refractory materials.","og_url":"https:\/\/jinsuncarbon.com\/tr\/urun\/yuksek-saflikta-grafit-tozu\/","og_site_name":"Jinsun Carbon","article_publisher":"https:\/\/www.facebook.com\/Graphite-Electrode-109336238661595","article_modified_time":"2025-01-16T00:43:23+00:00","og_image":[{"width":1024,"height":763,"url":"https:\/\/jinsuncarbon.com\/wp-content\/uploads\/2025\/01\/High-Purity-Graphite-Powder.jpg","type":"image\/jpeg"}],"twitter_card":"summary_large_image","twitter_site":"@jinsuncarbon_","twitter_misc":{"Tahmini okuma s\u00fcresi":"3 dakika"},"schema":{"@context":"https:\/\/schema.org","@graph":[{"@type":"WebPage","@id":"https:\/\/jinsuncarbon.com\/product\/high-purity-graphite-powder\/","url":"https:\/\/jinsuncarbon.com\/product\/high-purity-graphite-powder\/","name":"Y\u00fcksek Safl\u0131kta Grafit Tozu | Jinsun Carbon","isPartOf":{"@id":"https:\/\/jinsuncarbon.com\/#website"},"primaryImageOfPage":{"@id":"https:\/\/jinsuncarbon.com\/product\/high-purity-graphite-powder\/#primaryimage"},"image":{"@id":"https:\/\/jinsuncarbon.com\/product\/high-purity-graphite-powder\/#primaryimage"},"thumbnailUrl":"https:\/\/jinsuncarbon.com\/wp-content\/uploads\/2025\/01\/High-Purity-Graphite-Powder.jpg","datePublished":"2025-01-03T03:07:19+00:00","dateModified":"2025-01-16T00:43:23+00:00","description":"\u00c7in'de, ya\u011flay\u0131c\u0131lar, elektrotlar, refrakter malzemeler i\u00e7in yayg\u0131n olarak kullan\u0131lan 99.9%'den fazla safl\u0131\u011fa (karbon i\u00e7eri\u011fi) sahip y\u00fcksek safl\u0131kta grafit tozu \u00fcreticisi.","breadcrumb":{"@id":"https:\/\/jinsuncarbon.com\/product\/high-purity-graphite-powder\/#breadcrumb"},"inLanguage":"tr","potentialAction":[{"@type":"ReadAction","target":["https:\/\/jinsuncarbon.com\/product\/high-purity-graphite-powder\/"]}]},{"@type":"ImageObject","inLanguage":"tr","@id":"https:\/\/jinsuncarbon.com\/product\/high-purity-graphite-powder\/#primaryimage","url":"https:\/\/jinsuncarbon.com\/wp-content\/uploads\/2025\/01\/High-Purity-Graphite-Powder.jpg","contentUrl":"https:\/\/jinsuncarbon.com\/wp-content\/uploads\/2025\/01\/High-Purity-Graphite-Powder.jpg","width":1024,"height":763,"caption":"High Purity Graphite Powder"},{"@type":"BreadcrumbList","@id":"https:\/\/jinsuncarbon.com\/product\/high-purity-graphite-powder\/#breadcrumb","itemListElement":[{"@type":"ListItem","position":1,"name":"Home","item":"https:\/\/jinsuncarbon.com\/"},{"@type":"ListItem","position":2,"name":"Products","item":"https:\/\/jinsuncarbon.com\/graphite-carbon\/"},{"@type":"ListItem","position":3,"name":"High Purity Graphite Powder"}]},{"@type":"WebSite","@id":"https:\/\/jinsuncarbon.com\/#website","url":"https:\/\/jinsuncarbon.com\/","name":"Jinsun Karbon","description":"\u00c7in'deki ba\u015far\u0131l\u0131 grafit elektrot \u00fcreticisiyiz","publisher":{"@id":"https:\/\/jinsuncarbon.com\/#organization"},"potentialAction":[{"@type":"SearchAction","target":{"@type":"EntryPoint","urlTemplate":"https:\/\/jinsuncarbon.com\/?s={search_term_string}"},"query-input":{"@type":"PropertyValueSpecification","valueRequired":true,"valueName":"search_term_string"}}],"inLanguage":"tr"},{"@type":"Organization","@id":"https:\/\/jinsuncarbon.com\/#organization","name":"Jinsun Karbon","alternateName":"Jinsun Carbon","url":"https:\/\/jinsuncarbon.com\/","logo":{"@type":"ImageObject","inLanguage":"tr","@id":"https:\/\/jinsuncarbon.com\/#\/schema\/logo\/image\/","url":"https:\/\/jinsuncarbon.com\/wp-content\/uploads\/2022\/12\/LOGO-1.png","contentUrl":"https:\/\/jinsuncarbon.com\/wp-content\/uploads\/2022\/12\/LOGO-1.png","width":207,"height":80,"caption":"Jinsun Carbon"},"image":{"@id":"https:\/\/jinsuncarbon.com\/#\/schema\/logo\/image\/"},"sameAs":["https:\/\/www.facebook.com\/Graphite-Electrode-109336238661595","https:\/\/x.com\/jinsuncarbon_","https:\/\/www.linkedin.com\/in\/jinsungraphite","https:\/\/www.youtube.com\/channel\/UCysDNyvyR5-3cCWEmpkVC0g"]}]}},"_links":{"self":[{"href":"https:\/\/jinsuncarbon.com\/tr\/wp-json\/wp\/v2\/product\/7199","targetHints":{"allow":["GET"]}}],"collection":[{"href":"https:\/\/jinsuncarbon.com\/tr\/wp-json\/wp\/v2\/product"}],"about":[{"href":"https:\/\/jinsuncarbon.com\/tr\/wp-json\/wp\/v2\/types\/product"}],"wp:featuredmedia":[{"embeddable":true,"href":"https:\/\/jinsuncarbon.com\/tr\/wp-json\/wp\/v2\/media\/7200"}],"wp:attachment":[{"href":"https:\/\/jinsuncarbon.com\/tr\/wp-json\/wp\/v2\/media?parent=7199"}],"wp:term":[{"taxonomy":"product_brand","embeddable":true,"href":"https:\/\/jinsuncarbon.com\/tr\/wp-json\/wp\/v2\/product_brand?post=7199"},{"taxonomy":"product_cat","embeddable":true,"href":"https:\/\/jinsuncarbon.com\/tr\/wp-json\/wp\/v2\/product_cat?post=7199"},{"taxonomy":"product_tag","embeddable":true,"href":"https:\/\/jinsuncarbon.com\/tr\/wp-json\/wp\/v2\/product_tag?post=7199"}],"curies":[{"name":"wp","href":"https:\/\/api.w.org\/{rel}","templated":true}]}}