{"id":7192,"date":"2025-01-02T01:34:56","date_gmt":"2025-01-02T01:34:56","guid":{"rendered":"https:\/\/jinsuncarbon.com\/?post_type=product&#038;p=7192"},"modified":"2025-01-02T01:44:42","modified_gmt":"2025-01-02T01:44:42","slug":"grafit-nanopowder","status":"publish","type":"product","link":"https:\/\/jinsuncarbon.com\/tr\/urun\/grafit-nanopowder\/","title":{"rendered":"Grafit Nanopowder"},"content":{"rendered":"<p>Grafit nano toz: \u00dcretim s\u00fcrecinde, grafit nano tozun partik\u00fcl boyutu, belirli teknolojik ara\u00e7larla nanometre aral\u0131\u011f\u0131nda kontrol edilir. \u00d6zel gereksinimlerinizi kar\u015f\u0131lamak i\u00e7in grafit nano tozunu daha fazla i\u015fleyebiliriz. \u00c7e\u015fitli uygulama senaryolar\u0131n\u0131n ihtiya\u00e7lar\u0131n\u0131 kar\u015f\u0131layabilmesini sa\u011flamak i\u00e7in partik\u00fcl boyutunu hassas bir \u015fekilde ayarlay\u0131n. Jinsun, y\u00fcksek safl\u0131kta grafit nanopowder'\u0131 a\u011f boyutu: 50-5500 a\u011f ile tedarik edebilir.<\/p>\n<h2 class=\"ql-align-justify\">Grafit nanopowder'\u0131n avantajlar\u0131<\/h2>\n<p class=\"ql-align-justify\">Genel olarak grafit nano toz, toz formundad\u0131r. Belirgin avantajlar\u0131 vard\u0131r.<\/p>\n<p class=\"ql-align-justify\"><strong>\u0130yi termal kararl\u0131l\u0131k<\/strong><\/p>\n<p class=\"ql-align-justify\">Y\u00fcksek s\u0131cakl\u0131k ko\u015fullar\u0131nda oksidasyon direncine sahiptir.<\/p>\n<p class=\"ql-align-justify\"><strong>Kararl\u0131 kimyasal \u00f6zellikler<\/strong><\/p>\n<p class=\"ql-align-justify\">Asit ve alkali korozyon direncine sahiptir.<\/p>\n<p class=\"ql-align-justify\"><strong>Y\u00fcksek y\u00fczey aktivitesi<\/strong><\/p>\n<p class=\"ql-align-justify\">Boya, re\u00e7ine ve benzerlerinde tamamen kullanabilirsiniz.<\/p>\n<p class=\"ql-align-justify\"><strong>Y\u00fcksek iletkenlik, kayganl\u0131k ve adsorpsiyon<\/strong><\/p>\n<p class=\"ql-align-justify\">Neredeyse a\u015f\u0131nd\u0131r\u0131c\u0131 olmayan sert nano grafitin metal y\u00fczeyinde kimyasal bir ba\u011f olu\u015fturabilir. Ya\u011flama ya\u011f\u0131nda as\u0131l\u0131 \u00e7ok say\u0131da nano grafit, direnci ve s\u00fcrt\u00fcnmeyi azalt\u0131r, kendi kendini ya\u011flamay\u0131 s\u0131zd\u0131rmaz hale getirir. \u0130deal bir kat\u0131 ya\u011flama malzemesidir.<\/p>\n<p class=\"ql-align-justify\">Bunlar aras\u0131nda grafit nano tozu, iyi bariyer \u00f6zelli\u011fi, a\u015f\u0131nma direnci ve korozyon direncine sahip bir nanografen kaplama olu\u015fturabilir.<\/p>\n<p class=\"ql-align-justify\">Ayn\u0131 zamanda grafit nano toz, boyutu nanometre seviyesinde olan grafit nanopartik\u00fcller i\u00e7erir, bu da onu ya\u011flama, adsorpsiyon ve benzeri konularda ola\u011fan\u00fcst\u00fc k\u0131lar.<\/p>\n<h2 class=\"ql-align-justify\">Grafit nanopowder t\u00fcrleri<\/h2>\n<p class=\"ql-align-justify\">Grafit nanopowder, <a href=\"https:\/\/jinsuncarbon.com\/tr\/karbonun-kullanim-alanlari\/\">karbon<\/a> i\u00e7eri\u011fi genellikle yakla\u015f\u0131k 98%-99% ve hatta daha y\u00fcksektir. Ba\u015fl\u0131ca a\u015fa\u011f\u0131daki grafit nano toz t\u00fcrleri vard\u0131r.<\/p>\n<p class=\"ql-align-justify\">Genel nano grafit tozu<\/p>\n<p class=\"ql-align-justify\">D50 &lt;400nm, D100 &lt;1000nm, kimya end\u00fcstrisinde, \u00e7elik ya\u011flamada ve di\u011fer alanlarda yayg\u0131n olarak kullanabilirsiniz.<\/p>\n<p class=\"ql-align-justify\">Ultra k\u00fc\u00e7\u00fck par\u00e7ac\u0131k boyutlu nanometre grafit tozu<\/p>\n<p class=\"ql-align-justify\">D50 daha k\u00fc\u00e7\u00fckt\u00fcr, daha y\u00fcksek spesifik y\u00fczey alan\u0131na ve daha iyi performansa sahiptir. Genellikle y\u00fcksek malzeme performans\u0131 gereksinimleri olan baz\u0131 \u00f6zel alanlarda kullanabilirsiniz. \u00dcst d\u00fczey nanokompozit malzemeler, y\u00fcksek performansl\u0131 piller ve benzeri gibi.<\/p>\n<h2 class=\"ql-align-justify\">Grafit nanopowder'\u0131n kullan\u0131m alanlar\u0131<\/h2>\n<p class=\"ql-align-justify\">Grafit nano tozu yayg\u0131n olarak kullan\u0131lmaktad\u0131r, a\u015fa\u011f\u0131da baz\u0131 yayg\u0131n uygulama alanlar\u0131 verilmi\u015ftir.<\/p>\n<p class=\"ql-align-justify\"><strong>Elektronik ve elektrik alan\u0131:<\/strong><\/p>\n<p class=\"ql-align-justify\">\u0130letken bir katk\u0131 maddesi olarak, elektronik bile\u015fenlere, iletken kaplamalara ekleyebilirsiniz, <a href=\"https:\/\/www.britannica.com\/technology\/battery-electronics#:~:text=battery%2C%20in%20electricity%20and%20electrochemistry,single%20cell%20of%20this%20kind.\" target=\"_blank\" rel=\"noopener\">Pil<\/a> malzemeler vb. \u0130letkenlik \u00f6zelliklerini \u00f6nemli \u00f6l\u00e7\u00fcde iyile\u015ftirmek, elektronik ekipman\u0131n performans\u0131n\u0131 ve kararl\u0131l\u0131\u011f\u0131n\u0131 art\u0131rmaya yard\u0131mc\u0131 olmak.<\/p>\n<p class=\"ql-align-justify\"><strong>Enerji alan\u0131:<\/strong><\/p>\n<p class=\"ql-align-justify\">Lityum-iyon pillerde, s\u00fcperkapasit\u00f6rlerde vb. elektrot malzemeleri veya iletken katk\u0131 maddeleri olarak kullanabilirsiniz. Ak\u00fc \u015farj ve de\u015farj verimlili\u011fini ve \u00e7evrim \u00f6mr\u00fcn\u00fc iyile\u015ftirmek. \u0130\u00e7inde <a href=\"https:\/\/en.wikipedia.org\/wiki\/Fuel_cell\" target=\"_blank\" rel=\"noopener\">yak\u0131t h\u00fccresi<\/a>Yak\u0131t h\u00fccresinin verimlili\u011fini ve kararl\u0131l\u0131\u011f\u0131n\u0131 art\u0131rmak i\u00e7in y\u00fcksek performansl\u0131 kataliz\u00f6rler haz\u0131rlamak i\u00e7in kullanabilirsiniz.<\/p>\n<p class=\"ql-align-justify\"><strong>Makine end\u00fcstrisi:<\/strong><\/p>\n<p class=\"ql-align-justify\">Kat\u0131 bir ya\u011flay\u0131c\u0131 olarak, ya\u011flama ya\u011f\u0131na, grese ekleyebilir, mekanik par\u00e7alar\u0131n ya\u011flanmas\u0131 i\u00e7in kullanabilirsiniz. S\u00fcrt\u00fcnmeyi ve a\u015f\u0131nmay\u0131 azaltmak, mekanik verimlili\u011fi art\u0131rmak i\u00e7in. Metal i\u015fleme s\u00fcrecinde, i\u015fleme verimlili\u011fini ve \u00fcr\u00fcn kalitesini art\u0131rmak i\u00e7in bir ay\u0131r\u0131c\u0131 madde olarak kullanabilirsiniz.<\/p>\n<p class=\"ql-align-justify\"><strong>Kimyasal alan:<\/strong><\/p>\n<p class=\"ql-align-justify\">Bir kataliz\u00f6r olarak, reaksiyon verimlili\u011fini ve se\u00e7icili\u011fini art\u0131rmak i\u00e7in \u00e7e\u015fitli kimyasal reaksiyonlarda kullanabilirsiniz. Antikorozif kaplamada, kaplaman\u0131n antikorozif \u00f6zelli\u011fi ve hava ko\u015fullar\u0131na dayan\u0131kl\u0131l\u0131\u011f\u0131 geli\u015ftirilebilir.<\/p>\n<p class=\"ql-align-justify\"><strong>Havac\u0131l\u0131k ve uzay:<\/strong><\/p>\n<p class=\"ql-align-justify\">\u0130\u00e7inde <a href=\"https:\/\/jinsuncarbon.com\/tr\/urun\/karbon-karbon-kompozi%cc%87t\/\">karbon-karbon kompozi\u0307tler<\/a>Kompozitin ablatif direncini ve \u0131s\u0131 direncini art\u0131rabilir. Ve nanografen kaplama malzemenin performans\u0131n\u0131 daha da art\u0131rabilir.<\/p>","protected":false},"excerpt":{"rendered":"<p>Grafit nanopowder, grafitin \u00f6zel bir i\u015flemle \u00f6\u011f\u00fct\u00fclmesiyle olu\u015fan, karbon i\u00e7eri\u011fi 99,5% ile 99,9% aras\u0131nda olan bir t\u00fcr nanometre tozudur. Benzersiz fiziksel ve kimyasal \u00f6zellikleri nedeniyle elektronik, enerji, kompozit malzemeler ve benzeri alanlarda \u00f6nemli bir rol oynamaktad\u0131r. Y\u00fcksek spesifik y\u00fczey alan\u0131, iyi elektriksel ve termal iletkenli\u011fi, pil elektrot performans\u0131n\u0131 art\u0131rabilir, \u015farj edebilir. Hidrojen yak\u0131t h\u00fccresi reaksiyon h\u0131z\u0131n\u0131 te\u015fvik eder ve malzemenin mekanik mukavemetini ve a\u015f\u0131nma direncini artt\u0131r\u0131r.<\/p>","protected":false},"featured_media":7194,"template":"","meta":[],"product_brand":[],"product_cat":[67],"product_tag":[],"class_list":{"0":"post-7192","1":"product","2":"type-product","3":"status-publish","4":"has-post-thumbnail","6":"product_cat-graphite-material","8":"first","9":"instock","10":"shipping-taxable","11":"product-type-simple"},"yoast_head":"<!-- This site is optimized with the Yoast SEO Premium plugin v19.2.1 (Yoast SEO v25.3) - https:\/\/yoast.com\/wordpress\/plugins\/seo\/ -->\n<title>Graphite Nanopowder \/ Nanoparticles | Jinsun Carbon<\/title>\n<meta name=\"description\" content=\"Graphite nanopowder is a type of natural graphite powder with high purity and high carbon content, which is used as advanced refractory material and conductive coating in the metallurgical industry.\" \/>\n<meta name=\"robots\" content=\"index, follow, max-snippet:-1, max-image-preview:large, max-video-preview:-1\" \/>\n<link rel=\"canonical\" href=\"https:\/\/jinsuncarbon.com\/tr\/urun\/grafit-nanopowder\/\" \/>\n<meta property=\"og:locale\" content=\"tr_TR\" \/>\n<meta property=\"og:type\" content=\"article\" \/>\n<meta property=\"og:title\" content=\"Graphite Nanopowder\" \/>\n<meta property=\"og:description\" content=\"Graphite nanopowder is a type of natural graphite powder with high purity and high carbon content, which is used as advanced refractory material and conductive coating in the metallurgical industry.\" \/>\n<meta property=\"og:url\" content=\"https:\/\/jinsuncarbon.com\/tr\/urun\/grafit-nanopowder\/\" \/>\n<meta property=\"og:site_name\" content=\"Jinsun Carbon\" \/>\n<meta property=\"article:publisher\" content=\"https:\/\/www.facebook.com\/Graphite-Electrode-109336238661595\" \/>\n<meta property=\"article:modified_time\" content=\"2025-01-02T01:44:42+00:00\" \/>\n<meta property=\"og:image\" content=\"https:\/\/jinsuncarbon.com\/wp-content\/uploads\/2025\/01\/Graphite-nanopowder.jpg\" \/>\n\t<meta property=\"og:image:width\" content=\"1024\" \/>\n\t<meta property=\"og:image:height\" content=\"763\" \/>\n\t<meta property=\"og:image:type\" content=\"image\/jpeg\" \/>\n<meta name=\"twitter:card\" content=\"summary_large_image\" \/>\n<meta name=\"twitter:site\" content=\"@jinsuncarbon_\" \/>\n<meta name=\"twitter:label1\" content=\"Tahmini okuma s\u00fcresi\" \/>\n\t<meta name=\"twitter:data1\" content=\"3 dakika\" \/>\n<script type=\"application\/ld+json\" class=\"yoast-schema-graph\">{\"@context\":\"https:\/\/schema.org\",\"@graph\":[{\"@type\":\"WebPage\",\"@id\":\"https:\/\/jinsuncarbon.com\/product\/graphite-nanopowder\/\",\"url\":\"https:\/\/jinsuncarbon.com\/product\/graphite-nanopowder\/\",\"name\":\"Graphite Nanopowder \/ Nanoparticles | Jinsun Carbon\",\"isPartOf\":{\"@id\":\"https:\/\/jinsuncarbon.com\/#website\"},\"primaryImageOfPage\":{\"@id\":\"https:\/\/jinsuncarbon.com\/product\/graphite-nanopowder\/#primaryimage\"},\"image\":{\"@id\":\"https:\/\/jinsuncarbon.com\/product\/graphite-nanopowder\/#primaryimage\"},\"thumbnailUrl\":\"https:\/\/jinsuncarbon.com\/wp-content\/uploads\/2025\/01\/Graphite-nanopowder.jpg\",\"datePublished\":\"2025-01-02T01:34:56+00:00\",\"dateModified\":\"2025-01-02T01:44:42+00:00\",\"description\":\"Graphite nanopowder is a type of natural graphite powder with high purity and high carbon content, which is used as advanced refractory material and conductive coating in the metallurgical industry.\",\"breadcrumb\":{\"@id\":\"https:\/\/jinsuncarbon.com\/product\/graphite-nanopowder\/#breadcrumb\"},\"inLanguage\":\"tr\",\"potentialAction\":[{\"@type\":\"ReadAction\",\"target\":[\"https:\/\/jinsuncarbon.com\/product\/graphite-nanopowder\/\"]}]},{\"@type\":\"ImageObject\",\"inLanguage\":\"tr\",\"@id\":\"https:\/\/jinsuncarbon.com\/product\/graphite-nanopowder\/#primaryimage\",\"url\":\"https:\/\/jinsuncarbon.com\/wp-content\/uploads\/2025\/01\/Graphite-nanopowder.jpg\",\"contentUrl\":\"https:\/\/jinsuncarbon.com\/wp-content\/uploads\/2025\/01\/Graphite-nanopowder.jpg\",\"width\":1024,\"height\":763,\"caption\":\"Graphite nanopowder\"},{\"@type\":\"BreadcrumbList\",\"@id\":\"https:\/\/jinsuncarbon.com\/product\/graphite-nanopowder\/#breadcrumb\",\"itemListElement\":[{\"@type\":\"ListItem\",\"position\":1,\"name\":\"Home\",\"item\":\"https:\/\/jinsuncarbon.com\/\"},{\"@type\":\"ListItem\",\"position\":2,\"name\":\"Products\",\"item\":\"https:\/\/jinsuncarbon.com\/graphite-carbon\/\"},{\"@type\":\"ListItem\",\"position\":3,\"name\":\"Graphite Nanopowder\"}]},{\"@type\":\"WebSite\",\"@id\":\"https:\/\/jinsuncarbon.com\/#website\",\"url\":\"https:\/\/jinsuncarbon.com\/\",\"name\":\"Jinsun Carbon\",\"description\":\"We are the successful graphite electrode manufacturer in China\",\"publisher\":{\"@id\":\"https:\/\/jinsuncarbon.com\/#organization\"},\"potentialAction\":[{\"@type\":\"SearchAction\",\"target\":{\"@type\":\"EntryPoint\",\"urlTemplate\":\"https:\/\/jinsuncarbon.com\/?s={search_term_string}\"},\"query-input\":{\"@type\":\"PropertyValueSpecification\",\"valueRequired\":true,\"valueName\":\"search_term_string\"}}],\"inLanguage\":\"tr\"},{\"@type\":\"Organization\",\"@id\":\"https:\/\/jinsuncarbon.com\/#organization\",\"name\":\"Jinsun Carbon\",\"alternateName\":\"Jinsun Carbon\",\"url\":\"https:\/\/jinsuncarbon.com\/\",\"logo\":{\"@type\":\"ImageObject\",\"inLanguage\":\"tr\",\"@id\":\"https:\/\/jinsuncarbon.com\/#\/schema\/logo\/image\/\",\"url\":\"https:\/\/jinsuncarbon.com\/wp-content\/uploads\/2022\/12\/LOGO-1.png\",\"contentUrl\":\"https:\/\/jinsuncarbon.com\/wp-content\/uploads\/2022\/12\/LOGO-1.png\",\"width\":207,\"height\":80,\"caption\":\"Jinsun Carbon\"},\"image\":{\"@id\":\"https:\/\/jinsuncarbon.com\/#\/schema\/logo\/image\/\"},\"sameAs\":[\"https:\/\/www.facebook.com\/Graphite-Electrode-109336238661595\",\"https:\/\/x.com\/jinsuncarbon_\",\"https:\/\/www.linkedin.com\/in\/jinsungraphite\",\"https:\/\/www.youtube.com\/channel\/UCysDNyvyR5-3cCWEmpkVC0g\"]}]}<\/script>\n<!-- \/ Yoast SEO Premium plugin. -->","yoast_head_json":{"title":"Grafit Nanopowder \/ Nanopartik\u00fcller | Jinsun Carbon","description":"Grafit nanopowder, metal\u00fcrji end\u00fcstrisinde geli\u015fmi\u015f refrakter malzeme ve iletken kaplama olarak kullan\u0131lan, y\u00fcksek safl\u0131kta ve y\u00fcksek karbon i\u00e7eri\u011fine sahip bir t\u00fcr do\u011fal grafit tozudur.","robots":{"index":"index","follow":"follow","max-snippet":"max-snippet:-1","max-image-preview":"max-image-preview:large","max-video-preview":"max-video-preview:-1"},"canonical":"https:\/\/jinsuncarbon.com\/tr\/urun\/grafit-nanopowder\/","og_locale":"tr_TR","og_type":"article","og_title":"Graphite Nanopowder","og_description":"Graphite nanopowder is a type of natural graphite powder with high purity and high carbon content, which is used as advanced refractory material and conductive coating in the metallurgical industry.","og_url":"https:\/\/jinsuncarbon.com\/tr\/urun\/grafit-nanopowder\/","og_site_name":"Jinsun Carbon","article_publisher":"https:\/\/www.facebook.com\/Graphite-Electrode-109336238661595","article_modified_time":"2025-01-02T01:44:42+00:00","og_image":[{"width":1024,"height":763,"url":"https:\/\/jinsuncarbon.com\/wp-content\/uploads\/2025\/01\/Graphite-nanopowder.jpg","type":"image\/jpeg"}],"twitter_card":"summary_large_image","twitter_site":"@jinsuncarbon_","twitter_misc":{"Tahmini okuma s\u00fcresi":"3 dakika"},"schema":{"@context":"https:\/\/schema.org","@graph":[{"@type":"WebPage","@id":"https:\/\/jinsuncarbon.com\/product\/graphite-nanopowder\/","url":"https:\/\/jinsuncarbon.com\/product\/graphite-nanopowder\/","name":"Grafit Nanopowder \/ Nanopartik\u00fcller | Jinsun Carbon","isPartOf":{"@id":"https:\/\/jinsuncarbon.com\/#website"},"primaryImageOfPage":{"@id":"https:\/\/jinsuncarbon.com\/product\/graphite-nanopowder\/#primaryimage"},"image":{"@id":"https:\/\/jinsuncarbon.com\/product\/graphite-nanopowder\/#primaryimage"},"thumbnailUrl":"https:\/\/jinsuncarbon.com\/wp-content\/uploads\/2025\/01\/Graphite-nanopowder.jpg","datePublished":"2025-01-02T01:34:56+00:00","dateModified":"2025-01-02T01:44:42+00:00","description":"Grafit nanopowder, metal\u00fcrji end\u00fcstrisinde geli\u015fmi\u015f refrakter malzeme ve iletken kaplama olarak kullan\u0131lan, y\u00fcksek safl\u0131kta ve y\u00fcksek karbon i\u00e7eri\u011fine sahip bir t\u00fcr do\u011fal grafit tozudur.","breadcrumb":{"@id":"https:\/\/jinsuncarbon.com\/product\/graphite-nanopowder\/#breadcrumb"},"inLanguage":"tr","potentialAction":[{"@type":"ReadAction","target":["https:\/\/jinsuncarbon.com\/product\/graphite-nanopowder\/"]}]},{"@type":"ImageObject","inLanguage":"tr","@id":"https:\/\/jinsuncarbon.com\/product\/graphite-nanopowder\/#primaryimage","url":"https:\/\/jinsuncarbon.com\/wp-content\/uploads\/2025\/01\/Graphite-nanopowder.jpg","contentUrl":"https:\/\/jinsuncarbon.com\/wp-content\/uploads\/2025\/01\/Graphite-nanopowder.jpg","width":1024,"height":763,"caption":"Graphite nanopowder"},{"@type":"BreadcrumbList","@id":"https:\/\/jinsuncarbon.com\/product\/graphite-nanopowder\/#breadcrumb","itemListElement":[{"@type":"ListItem","position":1,"name":"Home","item":"https:\/\/jinsuncarbon.com\/"},{"@type":"ListItem","position":2,"name":"Products","item":"https:\/\/jinsuncarbon.com\/graphite-carbon\/"},{"@type":"ListItem","position":3,"name":"Graphite Nanopowder"}]},{"@type":"WebSite","@id":"https:\/\/jinsuncarbon.com\/#website","url":"https:\/\/jinsuncarbon.com\/","name":"Jinsun Karbon","description":"\u00c7in'deki ba\u015far\u0131l\u0131 grafit elektrot \u00fcreticisiyiz","publisher":{"@id":"https:\/\/jinsuncarbon.com\/#organization"},"potentialAction":[{"@type":"SearchAction","target":{"@type":"EntryPoint","urlTemplate":"https:\/\/jinsuncarbon.com\/?s={search_term_string}"},"query-input":{"@type":"PropertyValueSpecification","valueRequired":true,"valueName":"search_term_string"}}],"inLanguage":"tr"},{"@type":"Organization","@id":"https:\/\/jinsuncarbon.com\/#organization","name":"Jinsun Karbon","alternateName":"Jinsun Carbon","url":"https:\/\/jinsuncarbon.com\/","logo":{"@type":"ImageObject","inLanguage":"tr","@id":"https:\/\/jinsuncarbon.com\/#\/schema\/logo\/image\/","url":"https:\/\/jinsuncarbon.com\/wp-content\/uploads\/2022\/12\/LOGO-1.png","contentUrl":"https:\/\/jinsuncarbon.com\/wp-content\/uploads\/2022\/12\/LOGO-1.png","width":207,"height":80,"caption":"Jinsun Carbon"},"image":{"@id":"https:\/\/jinsuncarbon.com\/#\/schema\/logo\/image\/"},"sameAs":["https:\/\/www.facebook.com\/Graphite-Electrode-109336238661595","https:\/\/x.com\/jinsuncarbon_","https:\/\/www.linkedin.com\/in\/jinsungraphite","https:\/\/www.youtube.com\/channel\/UCysDNyvyR5-3cCWEmpkVC0g"]}]}},"_links":{"self":[{"href":"https:\/\/jinsuncarbon.com\/tr\/wp-json\/wp\/v2\/product\/7192","targetHints":{"allow":["GET"]}}],"collection":[{"href":"https:\/\/jinsuncarbon.com\/tr\/wp-json\/wp\/v2\/product"}],"about":[{"href":"https:\/\/jinsuncarbon.com\/tr\/wp-json\/wp\/v2\/types\/product"}],"wp:featuredmedia":[{"embeddable":true,"href":"https:\/\/jinsuncarbon.com\/tr\/wp-json\/wp\/v2\/media\/7194"}],"wp:attachment":[{"href":"https:\/\/jinsuncarbon.com\/tr\/wp-json\/wp\/v2\/media?parent=7192"}],"wp:term":[{"taxonomy":"product_brand","embeddable":true,"href":"https:\/\/jinsuncarbon.com\/tr\/wp-json\/wp\/v2\/product_brand?post=7192"},{"taxonomy":"product_cat","embeddable":true,"href":"https:\/\/jinsuncarbon.com\/tr\/wp-json\/wp\/v2\/product_cat?post=7192"},{"taxonomy":"product_tag","embeddable":true,"href":"https:\/\/jinsuncarbon.com\/tr\/wp-json\/wp\/v2\/product_tag?post=7192"}],"curies":[{"name":"wp","href":"https:\/\/api.w.org\/{rel}","templated":true}]}}