{"id":7178,"date":"2024-12-31T16:01:30","date_gmt":"2024-12-31T16:01:30","guid":{"rendered":"https:\/\/jinsuncarbon.com\/?post_type=product&#038;p=7178"},"modified":"2025-01-05T09:33:27","modified_gmt":"2025-01-05T09:33:27","slug":"grafit-kalipla-sekillendirilmis-halka","status":"publish","type":"product","link":"https:\/\/jinsuncarbon.com\/tr\/urun\/grafit-kalipla-sekillendirilmis-halka\/","title":{"rendered":"Grafit Kal\u0131pla \u015eekillendirilmi\u015f Halka"},"content":{"rendered":"<h2>Grafit kal\u0131pla \u015fekillendirilmi\u015f halka<\/h2>\n<p>Grafit kal\u0131pla \u015fekillendirilmi\u015f halka, y\u00fcksek safl\u0131kta grafit bile\u015fimi nedeniyle \u00e7ok zorlu end\u00fcstriyel uygulamalarda iyi performans g\u00f6sterir. \u0130lave, termal iletkenlikte art\u0131\u015f ile m\u00fckemmel kimyasal diren\u00e7 sa\u011flar. Oksitleyici olmayan atmosferlerde -200\u00b0C ila 3300\u00b0C s\u0131cakl\u0131k aral\u0131\u011f\u0131nda \u00e7al\u0131\u015fabilir. Uygulama ve konfig\u00fcrasyona ba\u011fl\u0131 olarak 10.000 psi'ye kadar dayanabilirler. \u00c7o\u011fu asit, baz ve \u00e7\u00f6z\u00fcc\u00fcye kar\u015f\u0131 direnci nedeniyle geni\u015f bir uygulanabilirli\u011fe sahiptir. Uygulaman\u0131n gerekli performans\u0131na ba\u011fl\u0131 olarak 1,1 ile 1,8 g\/cm3 aras\u0131nda de\u011fi\u015fen yo\u011funluklarda mevcuttur.<\/p>\n<p><strong>Dayan\u0131kl\u0131l\u0131k ve Verimlilik<\/strong><\/p>\n<p>Malzemenin d\u00fc\u015f\u00fck s\u00fcrt\u00fcnme katsay\u0131s\u0131 y\u00fczey s\u00fcrt\u00fcnmesini \u00f6nler. Bu da contan\u0131n dayan\u0131kl\u0131l\u0131\u011f\u0131n\u0131 b\u00fcy\u00fck \u00f6l\u00e7\u00fcde art\u0131rmaya yard\u0131mc\u0131 olur. Kendinden ya\u011flamal\u0131 yap\u0131s\u0131 harici ya\u011flama ihtiyac\u0131n\u0131 ortadan kald\u0131r\u0131r. B\u00f6ylece sistemin verimlili\u011fini bir b\u00fct\u00fcn olarak art\u0131r\u0131r. Malzeme standart ko\u015fullarda 30%'yi 50%'ye s\u0131k\u0131\u015ft\u0131r\u0131r. Dekompresyondan sonra, 10%'nin \u00fczerinde yeniden s\u0131zd\u0131rmazl\u0131k sa\u011flar ve \u00e7ok tutarl\u0131, istikrarl\u0131 s\u0131zd\u0131rmazl\u0131k performans\u0131 g\u00f6stermi\u015ftir. S\u0131z\u0131nt\u0131 oran\u0131 d\u00fc\u015f\u00fck oldu\u011fundan, y\u00fcksek hassasiyetli s\u0131zd\u0131rmazl\u0131k uygulamalar\u0131nda uygun bir uygulama alan\u0131 bulur. Dalgalanan s\u0131cakl\u0131klarda bile, d\u00fc\u015f\u00fck termal genle\u015fme nedeniyle performans \u00fczerindeki etkileri neredeyse hi\u00e7 hissedilmeyecektir. Oksidasyon inhibit\u00f6rlerinin daha fazla eklenmesi, oksitleyici ortamlarda hizmet \u00f6mr\u00fcn\u00fc uzat\u0131r ve verimlili\u011fi korur.<\/p>\n<h2>Grafit kal\u0131pla \u015fekillendirilmi\u015f halka uygulamas\u0131<\/h2>\n<h3>Y\u00fcksek Performansl\u0131 S\u0131zd\u0131rmazl\u0131k Uygulamalar\u0131<\/h3>\n<p>Grafit kal\u0131pla \u015fekillendirilmi\u015f halkalar, yo\u011fun \u0131s\u0131 ko\u015fullar\u0131 alt\u0131nda g\u00fcvenilebilecek bir s\u0131zd\u0131rmazl\u0131k sa\u011flayarak y\u00fcksek s\u0131cakl\u0131k valflerinde birincil \u00f6neme sahiptir. Bu tasar\u0131m \u00f6zellikle enerji \u00fcretimi, petrokimyasallar\u0131n i\u015flenmesi ve havac\u0131l\u0131k gibi end\u00fcstrilerde kullan\u0131m i\u00e7in daha uygun hale getirir. Ayr\u0131ca pompalarda ve kar\u0131\u015ft\u0131r\u0131c\u0131larda salmastra olarak da kullan\u0131l\u0131rlar. Grafit halka kal\u0131plar\u0131 ve bunlar\u0131n kal\u0131p kal\u0131plar\u0131, operasyonel verimlili\u011fi art\u0131rmak i\u00e7in s\u0131zd\u0131rmazl\u0131k ve d\u00fc\u015f\u00fck s\u00fcrt\u00fcnme i\u00e7in bu contalarda y\u00fcksek derecede hassasiyet sa\u011flamak i\u00e7in \u00fcretimde kullan\u0131l\u0131r.<\/p>\n<h3>Termokimyasal Sistem Uygulamalar\u0131<\/h3>\n<p><a href=\"https:\/\/jinsuncarbon.com\/tr\/urun\/grafit-yuzuk\/\">Grafit halkalar<\/a> Is\u0131 e\u015fanj\u00f6rlerinde s\u0131cak ve so\u011fuk ak\u0131\u015fkanlar\u0131 ay\u0131r\u0131r ve s\u0131cakl\u0131k de\u011fi\u015fimlerine dayan\u0131r. Petrokimyasallar\u0131n i\u015flenmesi s\u0131ras\u0131nda reakt\u00f6rleri ve dam\u0131tma \u00fcnitelerini kapatarak y\u00fcksek s\u0131cakl\u0131klardaki agresif kimyasallar\u0131n ekipman\u0131 etkilemesini \u00f6nlerler. Bu \u00f6zellik sayesinde kritik s\u00fcre\u00e7 g\u00fcvenlidir. Bu halkalar k\u00f6m\u00fcr, gaz ve n\u00fckleer enerji santrallerindeki t\u00fcrbin ve kazanlar\u0131n s\u0131zd\u0131rmazl\u0131\u011f\u0131n\u0131 sa\u011flar. Bu kullan\u0131m g\u00fcvenilir s\u00fcrekli \u00e7al\u0131\u015fmay\u0131 m\u00fcmk\u00fcn k\u0131lar.<\/p>\n<h3>N\u00fckleer ve Havac\u0131l\u0131k Uygulamalar\u0131<\/h3>\n<p>Uygulamadaki \u00e7ok y\u00fcksek s\u0131cakl\u0131klar ve radyasyonlar, grafit halkalar\u0131 reakt\u00f6rlerdeki contalar ve n\u00fckleer enerji santrallerindeki y\u00fcksek bas\u0131n\u00e7 uygulamalar\u0131 i\u00e7in uygun hale getirir. Havac\u0131l\u0131k ve uzay uygulamalar\u0131nda, halkalar\u0131n hafif ve kendi kendini ya\u011flama \u00f6zellikleri tahrik sistemlerinde ve y\u00fcksek s\u0131cakl\u0131ktaki boru hatlar\u0131nda kullan\u0131\u015fl\u0131d\u0131r. A\u015f\u0131nd\u0131r\u0131c\u0131 ve zorlu ortamlarda m\u00fckemmel performans, halkalar\u0131 rafineriler ve kimyasal i\u015fleme tesisleri i\u00e7in uygun hale getirir.<\/p>\n<h2>Grafit kal\u0131pla \u015fekillendirilmi\u015f halka nas\u0131l yap\u0131l\u0131r<\/h2>\n<p>Kal\u0131planm\u0131\u015f sinterlenmi\u015f grafit s\u0131zd\u0131rmazl\u0131k halkalar\u0131n\u0131n haz\u0131rlanmas\u0131nda kullan\u0131lan malzemeler grafit bazl\u0131, termoset re\u00e7ineler ve dolgu maddeleridir. Hammaddeler orant\u0131l\u0131 ve homojen bir \u015fekilde kar\u0131\u015ft\u0131r\u0131l\u0131r, gran\u00fcl bloklar halinde homojen bir yo\u011furma kar\u0131\u015f\u0131m\u0131 elde etmek i\u00e7in uygun bir \u00e7\u00f6z\u00fcc\u00fc eklenir. Yo\u011furma i\u015fleminden sonra bloklar so\u011futulur, ezilir ve d\u00fczg\u00fcn ve ince toz elde etmek i\u00e7in elenir. Toz, y\u00fcksek s\u0131cakl\u0131kta, y\u00fcksek bas\u0131n\u00e7l\u0131 kal\u0131plama yoluyla \u00f6n s\u0131zd\u0131rmazl\u0131k halkas\u0131 \u015fekillerine kal\u0131plan\u0131r.<\/p>\n<h2>Performans \u0130yile\u015ftirme ve Uygulamalar\u0131<\/h2>\n<p>Kal\u0131planan \u00fcr\u00fcn m\u00fchendisler taraf\u0131ndan y\u00fcksek s\u0131cakl\u0131ktaki vakum ortam\u0131nda sinterlenir; bu da malzeme yo\u011funlu\u011funu ve yap\u0131sal kararl\u0131l\u0131\u011f\u0131 art\u0131r\u0131r. Daha sonra sinterlenmi\u015f s\u0131zd\u0131rmazl\u0131k halkas\u0131n\u0131 bir vakum cihaz\u0131nda re\u00e7ine ile emprenye ederler. Re\u00e7ine emdirme i\u015flemi s\u0131zd\u0131rmazl\u0131k performans\u0131n\u0131, korozyon direncini ve mekanik \u00f6zellikleri geli\u015ftirir. Elde edilen grafit s\u0131zd\u0131rmazl\u0131k halkalar\u0131 y\u00fcksek s\u0131cakl\u0131k ve korozyona kar\u015f\u0131 m\u00fckemmel dirence sahiptir, kendinden ya\u011flama ve y\u00fcksek sertlik sa\u011flar. Bu nitelikler onlar\u0131 zorlu end\u00fcstriyel s\u0131zd\u0131rmazl\u0131k ko\u015fullar\u0131 i\u00e7in uygun hale getirir.<\/p>\n<h2>Neden Grafit Kal\u0131p Bi\u00e7imli Halkam\u0131z\u0131 Se\u00e7melisiniz?<\/h2>\n<p>Grafit kal\u0131pla \u015fekillendirilmi\u015f halkalar\u0131m\u0131z en zorlu ko\u015fullarda \u00fcst\u00fcn performans sunar. M\u00fckemmel termal kararl\u0131l\u0131k, y\u00fcksek kimyasal diren\u00e7 ve y\u00fcksek bas\u0131n\u00e7lar alt\u0131nda \u00e7ok iyi dayan\u0131kl\u0131l\u0131k elde ediyoruz. Bu gibi \u00f6zellikler, halkalar\u0131 enerji \u00fcretimi, petrokimya i\u015flemleri ve <a href=\"https:\/\/en.wikipedia.org\/wiki\/Aerospace\" target=\"_blank\" rel=\"noopener\">havac\u0131l\u0131k ve uzay<\/a> uygulamalar. Grafit halkalar ve kal\u0131plar i\u00e7in geli\u015fmi\u015f \u00fcretim s\u00fcre\u00e7leri, tutarl\u0131 s\u0131zd\u0131rmazl\u0131k performans\u0131 ile birlikte y\u00fcksek hassasiyet ve dayan\u0131kl\u0131l\u0131\u011f\u0131m\u0131z\u0131 garanti eder. y\u00fcksek s\u0131cakl\u0131k valfleri, pompalar ve kar\u0131\u015ft\u0131r\u0131c\u0131lar ile n\u00fckleer ve kimyasal ortamlarda en iyi hizmeti veriyoruz. Bu halkalardan baz\u0131lar\u0131 \u00f6zel ihtiya\u00e7lar i\u00e7in \u00f6zel olarak da \u00fcretilmektedir. Bu nedenle, tokluklar\u0131 ve verimlilikleri nedeniyle a\u011f\u0131r uygulamalar i\u00e7in g\u00fcveniliriz.<\/p>","protected":false},"excerpt":{"rendered":"<p>Grafit kal\u0131pla \u015fekillendirilmi\u015f halkalar, bir kal\u0131plama i\u015flemiyle y\u00fcksek safl\u0131kta grafit malzemelerden yap\u0131lan \u00f6zel s\u0131zd\u0131rmazl\u0131k bile\u015fenleridir. Hassasiyet ve dayan\u0131kl\u0131l\u0131k i\u00e7in tasarlanan bu grafit kal\u0131pla \u015fekillendirilmi\u015f halkalar, y\u00fcksek s\u0131cakl\u0131k direnci, iyi iletkenlik ve oksidasyon direnci ile karakterize edilir. End\u00fcstriyel vanalarda ve d\u00f6ner ekipmanlarda yayg\u0131n olarak kullan\u0131lan bu halkalar, y\u00fcksek s\u0131cakl\u0131ktaki buhar, asit ve alkali \u00e7\u00f6zeltileri ve y\u00fcksek bas\u0131n\u00e7l\u0131 ortamlarda s\u0131zd\u0131rmazl\u0131k i\u00e7in \u00e7ok uygundur. Yap\u0131lar\u0131, \u00e7e\u015fitli ekipmanlarla uyumluluk sa\u011flayarak onlar\u0131 s\u0131zd\u0131rmazl\u0131k \u00e7\u00f6z\u00fcmleri i\u00e7in g\u00fcvenilir bir se\u00e7im haline getirir.<\/p>","protected":false},"featured_media":7179,"template":"","meta":[],"product_brand":[],"product_cat":[38],"product_tag":[],"class_list":{"0":"post-7178","1":"product","2":"type-product","3":"status-publish","4":"has-post-thumbnail","6":"product_cat-graphite-products","8":"first","9":"instock","10":"shipping-taxable","11":"product-type-simple"},"yoast_head":"<!-- This site is optimized with the Yoast SEO Premium plugin v19.2.1 (Yoast SEO v25.3) - https:\/\/yoast.com\/wordpress\/plugins\/seo\/ -->\n<title>Graphite Die Formed Ring | Jinsun Carbon<\/title>\n<meta name=\"description\" content=\"Graphite die formed ring manufacturer in China, High purity, self-lubricating, high temperature resistant graphite rings are used for industrial sealing.\" \/>\n<meta name=\"robots\" content=\"index, follow, max-snippet:-1, max-image-preview:large, max-video-preview:-1\" \/>\n<link rel=\"canonical\" href=\"https:\/\/jinsuncarbon.com\/tr\/urun\/grafit-kalipla-sekillendirilmis-halka\/\" \/>\n<meta property=\"og:locale\" content=\"tr_TR\" \/>\n<meta property=\"og:type\" content=\"article\" \/>\n<meta property=\"og:title\" content=\"Graphite Die Formed Ring\" \/>\n<meta property=\"og:description\" content=\"Graphite die formed ring manufacturer in China, High purity, self-lubricating, high temperature resistant graphite rings are used for industrial sealing.\" \/>\n<meta property=\"og:url\" content=\"https:\/\/jinsuncarbon.com\/tr\/urun\/grafit-kalipla-sekillendirilmis-halka\/\" \/>\n<meta property=\"og:site_name\" content=\"Jinsun Carbon\" \/>\n<meta property=\"article:publisher\" content=\"https:\/\/www.facebook.com\/Graphite-Electrode-109336238661595\" \/>\n<meta property=\"article:modified_time\" content=\"2025-01-05T09:33:27+00:00\" \/>\n<meta property=\"og:image\" content=\"https:\/\/jinsuncarbon.com\/wp-content\/uploads\/2024\/12\/Graphite-die-formed-ring.jpg\" \/>\n\t<meta property=\"og:image:width\" content=\"1024\" \/>\n\t<meta property=\"og:image:height\" content=\"763\" \/>\n\t<meta property=\"og:image:type\" content=\"image\/jpeg\" \/>\n<meta name=\"twitter:card\" content=\"summary_large_image\" \/>\n<meta name=\"twitter:site\" content=\"@jinsuncarbon_\" \/>\n<meta name=\"twitter:label1\" content=\"Tahmini okuma s\u00fcresi\" \/>\n\t<meta name=\"twitter:data1\" content=\"4 dakika\" \/>\n<script type=\"application\/ld+json\" class=\"yoast-schema-graph\">{\"@context\":\"https:\/\/schema.org\",\"@graph\":[{\"@type\":\"WebPage\",\"@id\":\"https:\/\/jinsuncarbon.com\/product\/graphite-die-formed-ring\/\",\"url\":\"https:\/\/jinsuncarbon.com\/product\/graphite-die-formed-ring\/\",\"name\":\"Graphite Die Formed Ring | Jinsun Carbon\",\"isPartOf\":{\"@id\":\"https:\/\/jinsuncarbon.com\/#website\"},\"primaryImageOfPage\":{\"@id\":\"https:\/\/jinsuncarbon.com\/product\/graphite-die-formed-ring\/#primaryimage\"},\"image\":{\"@id\":\"https:\/\/jinsuncarbon.com\/product\/graphite-die-formed-ring\/#primaryimage\"},\"thumbnailUrl\":\"https:\/\/jinsuncarbon.com\/wp-content\/uploads\/2024\/12\/Graphite-die-formed-ring.jpg\",\"datePublished\":\"2024-12-31T16:01:30+00:00\",\"dateModified\":\"2025-01-05T09:33:27+00:00\",\"description\":\"Graphite die formed ring manufacturer in China, High purity, self-lubricating, high temperature resistant graphite rings are used for industrial sealing.\",\"breadcrumb\":{\"@id\":\"https:\/\/jinsuncarbon.com\/product\/graphite-die-formed-ring\/#breadcrumb\"},\"inLanguage\":\"tr\",\"potentialAction\":[{\"@type\":\"ReadAction\",\"target\":[\"https:\/\/jinsuncarbon.com\/product\/graphite-die-formed-ring\/\"]}]},{\"@type\":\"ImageObject\",\"inLanguage\":\"tr\",\"@id\":\"https:\/\/jinsuncarbon.com\/product\/graphite-die-formed-ring\/#primaryimage\",\"url\":\"https:\/\/jinsuncarbon.com\/wp-content\/uploads\/2024\/12\/Graphite-die-formed-ring.jpg\",\"contentUrl\":\"https:\/\/jinsuncarbon.com\/wp-content\/uploads\/2024\/12\/Graphite-die-formed-ring.jpg\",\"width\":1024,\"height\":763,\"caption\":\"Graphite die formed ring\"},{\"@type\":\"BreadcrumbList\",\"@id\":\"https:\/\/jinsuncarbon.com\/product\/graphite-die-formed-ring\/#breadcrumb\",\"itemListElement\":[{\"@type\":\"ListItem\",\"position\":1,\"name\":\"Home\",\"item\":\"https:\/\/jinsuncarbon.com\/\"},{\"@type\":\"ListItem\",\"position\":2,\"name\":\"Products\",\"item\":\"https:\/\/jinsuncarbon.com\/graphite-carbon\/\"},{\"@type\":\"ListItem\",\"position\":3,\"name\":\"Graphite Die Formed Ring\"}]},{\"@type\":\"WebSite\",\"@id\":\"https:\/\/jinsuncarbon.com\/#website\",\"url\":\"https:\/\/jinsuncarbon.com\/\",\"name\":\"Jinsun Carbon\",\"description\":\"We are the successful graphite electrode manufacturer in China\",\"publisher\":{\"@id\":\"https:\/\/jinsuncarbon.com\/#organization\"},\"potentialAction\":[{\"@type\":\"SearchAction\",\"target\":{\"@type\":\"EntryPoint\",\"urlTemplate\":\"https:\/\/jinsuncarbon.com\/?s={search_term_string}\"},\"query-input\":{\"@type\":\"PropertyValueSpecification\",\"valueRequired\":true,\"valueName\":\"search_term_string\"}}],\"inLanguage\":\"tr\"},{\"@type\":\"Organization\",\"@id\":\"https:\/\/jinsuncarbon.com\/#organization\",\"name\":\"Jinsun Carbon\",\"alternateName\":\"Jinsun Carbon\",\"url\":\"https:\/\/jinsuncarbon.com\/\",\"logo\":{\"@type\":\"ImageObject\",\"inLanguage\":\"tr\",\"@id\":\"https:\/\/jinsuncarbon.com\/#\/schema\/logo\/image\/\",\"url\":\"https:\/\/jinsuncarbon.com\/wp-content\/uploads\/2022\/12\/LOGO-1.png\",\"contentUrl\":\"https:\/\/jinsuncarbon.com\/wp-content\/uploads\/2022\/12\/LOGO-1.png\",\"width\":207,\"height\":80,\"caption\":\"Jinsun Carbon\"},\"image\":{\"@id\":\"https:\/\/jinsuncarbon.com\/#\/schema\/logo\/image\/\"},\"sameAs\":[\"https:\/\/www.facebook.com\/Graphite-Electrode-109336238661595\",\"https:\/\/x.com\/jinsuncarbon_\",\"https:\/\/www.linkedin.com\/in\/jinsungraphite\",\"https:\/\/www.youtube.com\/channel\/UCysDNyvyR5-3cCWEmpkVC0g\"]}]}<\/script>\n<!-- \/ Yoast SEO Premium plugin. -->","yoast_head_json":{"title":"Grafit Kal\u0131pla \u015eekillendirilmi\u015f Halka | Jinsun Carbon","description":"\u00c7in'de grafit kal\u0131p \u015fekillendirilmi\u015f halka \u00fcreticisi, Y\u00fcksek safl\u0131kta, kendinden ya\u011flamal\u0131, y\u00fcksek s\u0131cakl\u0131\u011fa dayan\u0131kl\u0131 grafit halkalar end\u00fcstriyel s\u0131zd\u0131rmazl\u0131k i\u00e7in kullan\u0131l\u0131r.","robots":{"index":"index","follow":"follow","max-snippet":"max-snippet:-1","max-image-preview":"max-image-preview:large","max-video-preview":"max-video-preview:-1"},"canonical":"https:\/\/jinsuncarbon.com\/tr\/urun\/grafit-kalipla-sekillendirilmis-halka\/","og_locale":"tr_TR","og_type":"article","og_title":"Graphite Die Formed Ring","og_description":"Graphite die formed ring manufacturer in China, High purity, self-lubricating, high temperature resistant graphite rings are used for industrial sealing.","og_url":"https:\/\/jinsuncarbon.com\/tr\/urun\/grafit-kalipla-sekillendirilmis-halka\/","og_site_name":"Jinsun Carbon","article_publisher":"https:\/\/www.facebook.com\/Graphite-Electrode-109336238661595","article_modified_time":"2025-01-05T09:33:27+00:00","og_image":[{"width":1024,"height":763,"url":"https:\/\/jinsuncarbon.com\/wp-content\/uploads\/2024\/12\/Graphite-die-formed-ring.jpg","type":"image\/jpeg"}],"twitter_card":"summary_large_image","twitter_site":"@jinsuncarbon_","twitter_misc":{"Tahmini okuma s\u00fcresi":"4 dakika"},"schema":{"@context":"https:\/\/schema.org","@graph":[{"@type":"WebPage","@id":"https:\/\/jinsuncarbon.com\/product\/graphite-die-formed-ring\/","url":"https:\/\/jinsuncarbon.com\/product\/graphite-die-formed-ring\/","name":"Grafit Kal\u0131pla \u015eekillendirilmi\u015f Halka | Jinsun Carbon","isPartOf":{"@id":"https:\/\/jinsuncarbon.com\/#website"},"primaryImageOfPage":{"@id":"https:\/\/jinsuncarbon.com\/product\/graphite-die-formed-ring\/#primaryimage"},"image":{"@id":"https:\/\/jinsuncarbon.com\/product\/graphite-die-formed-ring\/#primaryimage"},"thumbnailUrl":"https:\/\/jinsuncarbon.com\/wp-content\/uploads\/2024\/12\/Graphite-die-formed-ring.jpg","datePublished":"2024-12-31T16:01:30+00:00","dateModified":"2025-01-05T09:33:27+00:00","description":"\u00c7in'de grafit kal\u0131p \u015fekillendirilmi\u015f halka \u00fcreticisi, Y\u00fcksek safl\u0131kta, kendinden ya\u011flamal\u0131, y\u00fcksek s\u0131cakl\u0131\u011fa dayan\u0131kl\u0131 grafit halkalar end\u00fcstriyel s\u0131zd\u0131rmazl\u0131k i\u00e7in kullan\u0131l\u0131r.","breadcrumb":{"@id":"https:\/\/jinsuncarbon.com\/product\/graphite-die-formed-ring\/#breadcrumb"},"inLanguage":"tr","potentialAction":[{"@type":"ReadAction","target":["https:\/\/jinsuncarbon.com\/product\/graphite-die-formed-ring\/"]}]},{"@type":"ImageObject","inLanguage":"tr","@id":"https:\/\/jinsuncarbon.com\/product\/graphite-die-formed-ring\/#primaryimage","url":"https:\/\/jinsuncarbon.com\/wp-content\/uploads\/2024\/12\/Graphite-die-formed-ring.jpg","contentUrl":"https:\/\/jinsuncarbon.com\/wp-content\/uploads\/2024\/12\/Graphite-die-formed-ring.jpg","width":1024,"height":763,"caption":"Graphite die formed ring"},{"@type":"BreadcrumbList","@id":"https:\/\/jinsuncarbon.com\/product\/graphite-die-formed-ring\/#breadcrumb","itemListElement":[{"@type":"ListItem","position":1,"name":"Home","item":"https:\/\/jinsuncarbon.com\/"},{"@type":"ListItem","position":2,"name":"Products","item":"https:\/\/jinsuncarbon.com\/graphite-carbon\/"},{"@type":"ListItem","position":3,"name":"Graphite Die Formed Ring"}]},{"@type":"WebSite","@id":"https:\/\/jinsuncarbon.com\/#website","url":"https:\/\/jinsuncarbon.com\/","name":"Jinsun Karbon","description":"\u00c7in'deki ba\u015far\u0131l\u0131 grafit elektrot \u00fcreticisiyiz","publisher":{"@id":"https:\/\/jinsuncarbon.com\/#organization"},"potentialAction":[{"@type":"SearchAction","target":{"@type":"EntryPoint","urlTemplate":"https:\/\/jinsuncarbon.com\/?s={search_term_string}"},"query-input":{"@type":"PropertyValueSpecification","valueRequired":true,"valueName":"search_term_string"}}],"inLanguage":"tr"},{"@type":"Organization","@id":"https:\/\/jinsuncarbon.com\/#organization","name":"Jinsun Karbon","alternateName":"Jinsun Carbon","url":"https:\/\/jinsuncarbon.com\/","logo":{"@type":"ImageObject","inLanguage":"tr","@id":"https:\/\/jinsuncarbon.com\/#\/schema\/logo\/image\/","url":"https:\/\/jinsuncarbon.com\/wp-content\/uploads\/2022\/12\/LOGO-1.png","contentUrl":"https:\/\/jinsuncarbon.com\/wp-content\/uploads\/2022\/12\/LOGO-1.png","width":207,"height":80,"caption":"Jinsun Carbon"},"image":{"@id":"https:\/\/jinsuncarbon.com\/#\/schema\/logo\/image\/"},"sameAs":["https:\/\/www.facebook.com\/Graphite-Electrode-109336238661595","https:\/\/x.com\/jinsuncarbon_","https:\/\/www.linkedin.com\/in\/jinsungraphite","https:\/\/www.youtube.com\/channel\/UCysDNyvyR5-3cCWEmpkVC0g"]}]}},"_links":{"self":[{"href":"https:\/\/jinsuncarbon.com\/tr\/wp-json\/wp\/v2\/product\/7178","targetHints":{"allow":["GET"]}}],"collection":[{"href":"https:\/\/jinsuncarbon.com\/tr\/wp-json\/wp\/v2\/product"}],"about":[{"href":"https:\/\/jinsuncarbon.com\/tr\/wp-json\/wp\/v2\/types\/product"}],"wp:featuredmedia":[{"embeddable":true,"href":"https:\/\/jinsuncarbon.com\/tr\/wp-json\/wp\/v2\/media\/7179"}],"wp:attachment":[{"href":"https:\/\/jinsuncarbon.com\/tr\/wp-json\/wp\/v2\/media?parent=7178"}],"wp:term":[{"taxonomy":"product_brand","embeddable":true,"href":"https:\/\/jinsuncarbon.com\/tr\/wp-json\/wp\/v2\/product_brand?post=7178"},{"taxonomy":"product_cat","embeddable":true,"href":"https:\/\/jinsuncarbon.com\/tr\/wp-json\/wp\/v2\/product_cat?post=7178"},{"taxonomy":"product_tag","embeddable":true,"href":"https:\/\/jinsuncarbon.com\/tr\/wp-json\/wp\/v2\/product_tag?post=7178"}],"curies":[{"name":"wp","href":"https:\/\/api.w.org\/{rel}","templated":true}]}}