{"id":7174,"date":"2024-12-31T08:05:14","date_gmt":"2024-12-31T08:05:14","guid":{"rendered":"https:\/\/jinsuncarbon.com\/?post_type=product&#038;p=7174"},"modified":"2024-12-31T08:05:14","modified_gmt":"2024-12-31T08:05:14","slug":"suni-ipek-grafit-kece","status":"publish","type":"product","link":"https:\/\/jinsuncarbon.com\/tr\/urun\/suni-ipek-grafit-kece\/","title":{"rendered":"Rayon Grafit Ke\u00e7e"},"content":{"rendered":"<p>Rayon grafit ke\u00e7e malzemesi y\u00fcksek karbon i\u00e7erikli lifli bir karbondur. 3000\u00b0C \u0131s\u0131l i\u015flemde b\u00fct\u00fcnl\u00fc\u011f\u00fcn\u00fc korur. D\u00fc\u015f\u00fck yo\u011funlu\u011fa, d\u00fc\u015f\u00fck termal k\u00fctleye, h\u0131zl\u0131 \u0131s\u0131 da\u011f\u0131l\u0131m\u0131na ve y\u00fcksek \u0131s\u0131 direncine sahiptir. Malzeme ayr\u0131ca minimum k\u00fcl ve s\u00fclf\u00fcr safs\u0131zl\u0131klar\u0131 i\u00e7erir. Gazlanmay\u0131 azalt\u0131r ve m\u00fckemmel oksidasyon direnci g\u00f6sterir.<\/p>\n<h2>\u00a0Rayon grafit ke\u00e7e avantajlar\u0131<\/h2>\n<p>Rayon grafit ke\u00e7enin \u00f6zellikleri m\u00fckemmeldir: elektriksel olarak iletken, termal olarak kararl\u0131 ve kimyasal olarak kararl\u0131d\u0131r. \u00d6zellikle elektronik ve ileti\u015fimde uygulanabilen elektriksel olarak iletkendir. Malzeme, y\u00fcksek s\u0131cakl\u0131klar ve g\u00fc\u00e7l\u00fc asitler veya alkaliler gibi a\u015f\u0131r\u0131 ko\u015fullara kar\u015f\u0131 dayan\u0131kl\u0131d\u0131r.<\/p>\n<p>&nbsp;<\/p>\n<h2>Uygulama<\/h2>\n<p>Rayon grafit ke\u00e7e, \u00f6zellikleri nedeniyle bir\u00e7ok alanda uygulanabilir. Vakum ve inert gaz f\u0131r\u0131nlar\u0131nda y\u00fcksek s\u0131cakl\u0131k izolat\u00f6r\u00fc olarak kullan\u0131l\u0131r. Ayr\u0131ca f\u0131r\u0131n izolasyonunda ve par\u00e7alar\u0131nda da uygulama alan\u0131 bulur. Grafit ke\u00e7e, ak\u0131\u015f pilleri i\u00e7in katot olarak ve elektrokimyasal i\u015flemlerde reaksiyon y\u00fczeyleri olarak hizmet verdi\u011fi enerji end\u00fcstrilerinde bir\u00e7ok uygulamaya sahiptir. \u00dcretim uygulamalar\u0131 i\u00e7in \u0131s\u0131 kalkanlar\u0131, lavabolar ve kaynak ve lehim noktalar\u0131ndan \u0131s\u0131 yal\u0131t\u0131m\u0131 olarak hizmet eder. Ayr\u0131ca, cam \u00fcfleme, ultra hafif f\u0131r\u0131n fitilleri, araba egzoz borusu kaplamalar\u0131nda da uygulama alan\u0131 bulur. \u00c7ok y\u00f6nl\u00fcl\u00fc\u011f\u00fc pil teknolojilerine kadar uzan\u0131r,<a href=\"https:\/\/www.energy.gov\/eere\/fuelcells\/fuel-cells#:~:text=Fuel%20cells%20work%20like%20batteries,)%E2%80%94sandwiched%20around%20an%20electrolyte.\" target=\"_blank\" rel=\"noopener\"> yak\u0131t h\u00fccreleri<\/a>ve hassas yal\u0131t\u0131m ve termal y\u00f6netim i\u00e7in alan.<\/p>\n<p>&nbsp;<\/p>\n<h2>Suni ipek grafit ke\u00e7e nas\u0131l yap\u0131l\u0131r?<\/h2>\n<p>Rayon grafit ke\u00e7enin haz\u0131rlanmas\u0131nda yer alan ba\u015fl\u0131ca ad\u0131mlar hammadde se\u00e7imi, kar\u0131\u015ft\u0131rma, kal\u0131plama, \u0131s\u0131l i\u015flem ve y\u00fczey i\u015flemidir. Hammadde olarak genellikle yapay grafit kullan\u0131l\u0131r. <a href=\"https:\/\/jinsuncarbon.com\/tr\/sentetik-grafit\/\">Grafit<\/a> K\u0131rma ve eleme yoluyla uygun boyutlarda par\u00e7ac\u0131klar elde edilir. Par\u00e7ac\u0131klar ba\u011flay\u0131c\u0131lar ve plastikle\u015ftiriciler gibi katk\u0131 maddeleri ile kar\u0131\u015ft\u0131r\u0131larak homojen bir k\u0131vam elde edilir. Bu kar\u0131\u015f\u0131mlar kal\u0131plama veya ekstr\u00fczyon yoluyla \u015fekillendirilir. Is\u0131l i\u015flem, y\u00fcksek s\u0131cakl\u0131kta sinterleme yoluyla ba\u011flanmay\u0131 g\u00fc\u00e7lendirerek mekanik olarak diren\u00e7li grafit ke\u00e7e \u00fcretir. Y\u00fczey i\u015flemleri performans\u0131 art\u0131rarak \u0131slanabilirli\u011fi ve korozyon direncini geli\u015ftirir.<\/p>\n<p>&nbsp;<\/p>\n<h2>Karbon Ke\u00e7e VS Grafit Ke\u00e7e<\/h2>\n<p>Ayr\u0131ca bile\u015fim, \u00f6zellikler ve kullan\u0131mlar a\u00e7\u0131s\u0131ndan da farkl\u0131l\u0131k g\u00f6sterirler. Karbon ke\u00e7e, liflerin karbonla\u015ft\u0131r\u0131lmas\u0131 i\u015flemiyle yap\u0131l\u0131r. Grafit ke\u00e7e, termal ve elektrik iletkenliklerini art\u0131ran bir s\u00fcre\u00e7 olan grafitle\u015fmeye u\u011frar. <a href=\"https:\/\/jinsuncarbon.com\/tr\/urun\/karbon-kece\/\">Karbon ke\u00e7e<\/a>Bununla birlikte, grafit ke\u00e7e ultra y\u00fcksek s\u0131cakl\u0131klarda \u015fa\u015f\u0131rt\u0131c\u0131 bir \u015fekilde \u00e7al\u0131\u015f\u0131rken, orta s\u0131cakl\u0131klar i\u00e7in uygundur. Grafit ke\u00e7e daha pahal\u0131d\u0131r ve zorlu ortamlarda daha y\u00fcksek dayan\u0131kl\u0131l\u0131k ve verimlilik sa\u011flar.<\/p>\n<p>&nbsp;<\/p>\n<h2>Neden Rayon Grafit Ke\u00e7emizi Se\u00e7melisiniz?<\/h2>\n<p>Suni ipek grafit ke\u00e7elerimiz sel\u00fcloz malzemeden \u00fcretilmi\u015ftir. Malzeme, m\u00fckemmel termal ve elektriksel performanslar\u0131yla y\u00fcksek s\u0131cakl\u0131k ve elektronik sekt\u00f6r\u00fcnde \u00e7ok iyi hizmet vermektedir. \u00dcr\u00fcn\u00fcn a\u015fa\u011f\u0131daki gibi \u00f6zel ortamlarda \u00f6zelle\u015ftirilmesi kolayd\u0131r <a href=\"https:\/\/en.wikipedia.org\/wiki\/Vacuum_furnace\" target=\"_blank\" rel=\"noopener\">vakum f\u0131r\u0131nlar\u0131<\/a>. M\u00fckemmel \u0131s\u0131 yal\u0131t\u0131m\u0131, y\u00fcksek stabilite ve \u00fcst\u00fcn elektrik iletkenli\u011fi sa\u011flar. Yumu\u015fak ve hafiftir, kullan\u0131m kolayl\u0131\u011f\u0131na sahiptir ve kurulumu kolayd\u0131r. Malzemeler asitlerden, alkalilerden ve a\u015f\u0131nd\u0131r\u0131c\u0131 maddelerden kaynaklanan erozyona kar\u015f\u0131 etkili bir \u015fekilde dayan\u0131kl\u0131d\u0131r.<\/p>","protected":false},"excerpt":{"rendered":"<p>Rayon grafit ke\u00e7e, y\u00fcksek miktarda karbon elyaf\u0131ndan yap\u0131lm\u0131\u015f, esnek ve rayon bazl\u0131 bir yal\u0131t\u0131m ke\u00e7esidir.<\/p>\n<p>Rayon Esasl\u0131 Esnek Grafit \u0130zolasyon Ke\u00e7esinin \u00d6zellikleri:<\/p>\n<ul>\n<li>Hacim Yo\u011funlu\u011fu: 0,09-0,14 g\/cm3<\/li>\n<li>\u00c7ekme Dayan\u0131m\u0131: 0,12-0,30 Mpa<\/li>\n<li>Termal \u0130letkenlik: 0,09-0,13 (25\u2103) 0,20-0,28 (1000\u2103) W\/m.k<\/li>\n<li>\u00d6zg\u00fcl Diren\u00e7: 0,16-0,22 Ohm.cm<\/li>\n<li>Karbon \u0130\u00e7eri\u011fi: \u226599,5%<\/li>\n<li>K\u00fcl \u0130\u00e7eri\u011fi: \u22640,08%<\/li>\n<li>Nem Emme: \u22642%<\/li>\n<li>\u0130\u015fleme S\u0131cakl\u0131\u011f\u0131: 1100-1450 \u2103<\/li>\n<\/ul>","protected":false},"featured_media":7176,"template":"","meta":[],"product_brand":[],"product_cat":[38],"product_tag":[],"class_list":{"0":"post-7174","1":"product","2":"type-product","3":"status-publish","4":"has-post-thumbnail","6":"product_cat-graphite-products","8":"first","9":"instock","10":"shipping-taxable","11":"product-type-simple"},"yoast_head":"<!-- This site is optimized with the Yoast SEO Premium plugin v19.2.1 (Yoast SEO v25.3) - https:\/\/yoast.com\/wordpress\/plugins\/seo\/ -->\n<title>Rayon Graphite Felt for Sale | Jinsun Carbon<\/title>\n<meta name=\"description\" content=\"Rayon graphite felt is used as a high-temperature insulator in vacuum and inert gas furnaces. We supply rayon graphite felt at best price.\" \/>\n<meta name=\"robots\" content=\"index, follow, max-snippet:-1, max-image-preview:large, max-video-preview:-1\" \/>\n<link rel=\"canonical\" href=\"https:\/\/jinsuncarbon.com\/tr\/urun\/suni-ipek-grafit-kece\/\" \/>\n<meta property=\"og:locale\" content=\"tr_TR\" \/>\n<meta property=\"og:type\" content=\"article\" \/>\n<meta property=\"og:title\" content=\"Rayon Graphite Felt\" \/>\n<meta property=\"og:description\" content=\"Rayon graphite felt is used as a high-temperature insulator in vacuum and inert gas furnaces. We supply rayon graphite felt at best price.\" \/>\n<meta property=\"og:url\" content=\"https:\/\/jinsuncarbon.com\/tr\/urun\/suni-ipek-grafit-kece\/\" \/>\n<meta property=\"og:site_name\" content=\"Jinsun Carbon\" \/>\n<meta property=\"article:publisher\" content=\"https:\/\/www.facebook.com\/Graphite-Electrode-109336238661595\" \/>\n<meta property=\"og:image\" content=\"https:\/\/jinsuncarbon.com\/wp-content\/uploads\/2024\/12\/Rayon-graphite-felt.jpg\" \/>\n\t<meta property=\"og:image:width\" content=\"1024\" \/>\n\t<meta property=\"og:image:height\" content=\"763\" \/>\n\t<meta property=\"og:image:type\" content=\"image\/jpeg\" \/>\n<meta name=\"twitter:card\" content=\"summary_large_image\" \/>\n<meta name=\"twitter:site\" content=\"@jinsuncarbon_\" \/>\n<meta name=\"twitter:label1\" content=\"Tahmini okuma s\u00fcresi\" \/>\n\t<meta name=\"twitter:data1\" content=\"3 dakika\" \/>\n<script type=\"application\/ld+json\" class=\"yoast-schema-graph\">{\"@context\":\"https:\/\/schema.org\",\"@graph\":[{\"@type\":\"WebPage\",\"@id\":\"https:\/\/jinsuncarbon.com\/product\/rayon-graphite-felt\/\",\"url\":\"https:\/\/jinsuncarbon.com\/product\/rayon-graphite-felt\/\",\"name\":\"Rayon Graphite Felt for Sale | Jinsun Carbon\",\"isPartOf\":{\"@id\":\"https:\/\/jinsuncarbon.com\/#website\"},\"primaryImageOfPage\":{\"@id\":\"https:\/\/jinsuncarbon.com\/product\/rayon-graphite-felt\/#primaryimage\"},\"image\":{\"@id\":\"https:\/\/jinsuncarbon.com\/product\/rayon-graphite-felt\/#primaryimage\"},\"thumbnailUrl\":\"https:\/\/jinsuncarbon.com\/wp-content\/uploads\/2024\/12\/Rayon-graphite-felt.jpg\",\"datePublished\":\"2024-12-31T08:05:14+00:00\",\"description\":\"Rayon graphite felt is used as a high-temperature insulator in vacuum and inert gas furnaces. We supply rayon graphite felt at best price.\",\"breadcrumb\":{\"@id\":\"https:\/\/jinsuncarbon.com\/product\/rayon-graphite-felt\/#breadcrumb\"},\"inLanguage\":\"tr\",\"potentialAction\":[{\"@type\":\"ReadAction\",\"target\":[\"https:\/\/jinsuncarbon.com\/product\/rayon-graphite-felt\/\"]}]},{\"@type\":\"ImageObject\",\"inLanguage\":\"tr\",\"@id\":\"https:\/\/jinsuncarbon.com\/product\/rayon-graphite-felt\/#primaryimage\",\"url\":\"https:\/\/jinsuncarbon.com\/wp-content\/uploads\/2024\/12\/Rayon-graphite-felt.jpg\",\"contentUrl\":\"https:\/\/jinsuncarbon.com\/wp-content\/uploads\/2024\/12\/Rayon-graphite-felt.jpg\",\"width\":1024,\"height\":763,\"caption\":\"Rayon graphite felt\"},{\"@type\":\"BreadcrumbList\",\"@id\":\"https:\/\/jinsuncarbon.com\/product\/rayon-graphite-felt\/#breadcrumb\",\"itemListElement\":[{\"@type\":\"ListItem\",\"position\":1,\"name\":\"Home\",\"item\":\"https:\/\/jinsuncarbon.com\/\"},{\"@type\":\"ListItem\",\"position\":2,\"name\":\"Products\",\"item\":\"https:\/\/jinsuncarbon.com\/graphite-carbon\/\"},{\"@type\":\"ListItem\",\"position\":3,\"name\":\"Rayon Graphite Felt\"}]},{\"@type\":\"WebSite\",\"@id\":\"https:\/\/jinsuncarbon.com\/#website\",\"url\":\"https:\/\/jinsuncarbon.com\/\",\"name\":\"Jinsun Carbon\",\"description\":\"We are the successful graphite electrode manufacturer in China\",\"publisher\":{\"@id\":\"https:\/\/jinsuncarbon.com\/#organization\"},\"potentialAction\":[{\"@type\":\"SearchAction\",\"target\":{\"@type\":\"EntryPoint\",\"urlTemplate\":\"https:\/\/jinsuncarbon.com\/?s={search_term_string}\"},\"query-input\":{\"@type\":\"PropertyValueSpecification\",\"valueRequired\":true,\"valueName\":\"search_term_string\"}}],\"inLanguage\":\"tr\"},{\"@type\":\"Organization\",\"@id\":\"https:\/\/jinsuncarbon.com\/#organization\",\"name\":\"Jinsun Carbon\",\"alternateName\":\"Jinsun Carbon\",\"url\":\"https:\/\/jinsuncarbon.com\/\",\"logo\":{\"@type\":\"ImageObject\",\"inLanguage\":\"tr\",\"@id\":\"https:\/\/jinsuncarbon.com\/#\/schema\/logo\/image\/\",\"url\":\"https:\/\/jinsuncarbon.com\/wp-content\/uploads\/2022\/12\/LOGO-1.png\",\"contentUrl\":\"https:\/\/jinsuncarbon.com\/wp-content\/uploads\/2022\/12\/LOGO-1.png\",\"width\":207,\"height\":80,\"caption\":\"Jinsun Carbon\"},\"image\":{\"@id\":\"https:\/\/jinsuncarbon.com\/#\/schema\/logo\/image\/\"},\"sameAs\":[\"https:\/\/www.facebook.com\/Graphite-Electrode-109336238661595\",\"https:\/\/x.com\/jinsuncarbon_\",\"https:\/\/www.linkedin.com\/in\/jinsungraphite\",\"https:\/\/www.youtube.com\/channel\/UCysDNyvyR5-3cCWEmpkVC0g\"]}]}<\/script>\n<!-- \/ Yoast SEO Premium plugin. -->","yoast_head_json":{"title":"Sat\u0131l\u0131k Rayon Grafit Ke\u00e7e | Jinsun Carbon","description":"Rayon grafit ke\u00e7e, vakum ve inert gaz f\u0131r\u0131nlar\u0131nda y\u00fcksek s\u0131cakl\u0131k izolat\u00f6r\u00fc olarak kullan\u0131l\u0131r. Rayon grafit ke\u00e7eyi en iyi fiyata tedarik ediyoruz.","robots":{"index":"index","follow":"follow","max-snippet":"max-snippet:-1","max-image-preview":"max-image-preview:large","max-video-preview":"max-video-preview:-1"},"canonical":"https:\/\/jinsuncarbon.com\/tr\/urun\/suni-ipek-grafit-kece\/","og_locale":"tr_TR","og_type":"article","og_title":"Rayon Graphite Felt","og_description":"Rayon graphite felt is used as a high-temperature insulator in vacuum and inert gas furnaces. We supply rayon graphite felt at best price.","og_url":"https:\/\/jinsuncarbon.com\/tr\/urun\/suni-ipek-grafit-kece\/","og_site_name":"Jinsun Carbon","article_publisher":"https:\/\/www.facebook.com\/Graphite-Electrode-109336238661595","og_image":[{"width":1024,"height":763,"url":"https:\/\/jinsuncarbon.com\/wp-content\/uploads\/2024\/12\/Rayon-graphite-felt.jpg","type":"image\/jpeg"}],"twitter_card":"summary_large_image","twitter_site":"@jinsuncarbon_","twitter_misc":{"Tahmini okuma s\u00fcresi":"3 dakika"},"schema":{"@context":"https:\/\/schema.org","@graph":[{"@type":"WebPage","@id":"https:\/\/jinsuncarbon.com\/product\/rayon-graphite-felt\/","url":"https:\/\/jinsuncarbon.com\/product\/rayon-graphite-felt\/","name":"Sat\u0131l\u0131k Rayon Grafit Ke\u00e7e | Jinsun Carbon","isPartOf":{"@id":"https:\/\/jinsuncarbon.com\/#website"},"primaryImageOfPage":{"@id":"https:\/\/jinsuncarbon.com\/product\/rayon-graphite-felt\/#primaryimage"},"image":{"@id":"https:\/\/jinsuncarbon.com\/product\/rayon-graphite-felt\/#primaryimage"},"thumbnailUrl":"https:\/\/jinsuncarbon.com\/wp-content\/uploads\/2024\/12\/Rayon-graphite-felt.jpg","datePublished":"2024-12-31T08:05:14+00:00","description":"Rayon grafit ke\u00e7e, vakum ve inert gaz f\u0131r\u0131nlar\u0131nda y\u00fcksek s\u0131cakl\u0131k izolat\u00f6r\u00fc olarak kullan\u0131l\u0131r. Rayon grafit ke\u00e7eyi en iyi fiyata tedarik ediyoruz.","breadcrumb":{"@id":"https:\/\/jinsuncarbon.com\/product\/rayon-graphite-felt\/#breadcrumb"},"inLanguage":"tr","potentialAction":[{"@type":"ReadAction","target":["https:\/\/jinsuncarbon.com\/product\/rayon-graphite-felt\/"]}]},{"@type":"ImageObject","inLanguage":"tr","@id":"https:\/\/jinsuncarbon.com\/product\/rayon-graphite-felt\/#primaryimage","url":"https:\/\/jinsuncarbon.com\/wp-content\/uploads\/2024\/12\/Rayon-graphite-felt.jpg","contentUrl":"https:\/\/jinsuncarbon.com\/wp-content\/uploads\/2024\/12\/Rayon-graphite-felt.jpg","width":1024,"height":763,"caption":"Rayon graphite felt"},{"@type":"BreadcrumbList","@id":"https:\/\/jinsuncarbon.com\/product\/rayon-graphite-felt\/#breadcrumb","itemListElement":[{"@type":"ListItem","position":1,"name":"Home","item":"https:\/\/jinsuncarbon.com\/"},{"@type":"ListItem","position":2,"name":"Products","item":"https:\/\/jinsuncarbon.com\/graphite-carbon\/"},{"@type":"ListItem","position":3,"name":"Rayon Graphite Felt"}]},{"@type":"WebSite","@id":"https:\/\/jinsuncarbon.com\/#website","url":"https:\/\/jinsuncarbon.com\/","name":"Jinsun Karbon","description":"\u00c7in'deki ba\u015far\u0131l\u0131 grafit elektrot \u00fcreticisiyiz","publisher":{"@id":"https:\/\/jinsuncarbon.com\/#organization"},"potentialAction":[{"@type":"SearchAction","target":{"@type":"EntryPoint","urlTemplate":"https:\/\/jinsuncarbon.com\/?s={search_term_string}"},"query-input":{"@type":"PropertyValueSpecification","valueRequired":true,"valueName":"search_term_string"}}],"inLanguage":"tr"},{"@type":"Organization","@id":"https:\/\/jinsuncarbon.com\/#organization","name":"Jinsun Karbon","alternateName":"Jinsun Carbon","url":"https:\/\/jinsuncarbon.com\/","logo":{"@type":"ImageObject","inLanguage":"tr","@id":"https:\/\/jinsuncarbon.com\/#\/schema\/logo\/image\/","url":"https:\/\/jinsuncarbon.com\/wp-content\/uploads\/2022\/12\/LOGO-1.png","contentUrl":"https:\/\/jinsuncarbon.com\/wp-content\/uploads\/2022\/12\/LOGO-1.png","width":207,"height":80,"caption":"Jinsun Carbon"},"image":{"@id":"https:\/\/jinsuncarbon.com\/#\/schema\/logo\/image\/"},"sameAs":["https:\/\/www.facebook.com\/Graphite-Electrode-109336238661595","https:\/\/x.com\/jinsuncarbon_","https:\/\/www.linkedin.com\/in\/jinsungraphite","https:\/\/www.youtube.com\/channel\/UCysDNyvyR5-3cCWEmpkVC0g"]}]}},"_links":{"self":[{"href":"https:\/\/jinsuncarbon.com\/tr\/wp-json\/wp\/v2\/product\/7174","targetHints":{"allow":["GET"]}}],"collection":[{"href":"https:\/\/jinsuncarbon.com\/tr\/wp-json\/wp\/v2\/product"}],"about":[{"href":"https:\/\/jinsuncarbon.com\/tr\/wp-json\/wp\/v2\/types\/product"}],"wp:featuredmedia":[{"embeddable":true,"href":"https:\/\/jinsuncarbon.com\/tr\/wp-json\/wp\/v2\/media\/7176"}],"wp:attachment":[{"href":"https:\/\/jinsuncarbon.com\/tr\/wp-json\/wp\/v2\/media?parent=7174"}],"wp:term":[{"taxonomy":"product_brand","embeddable":true,"href":"https:\/\/jinsuncarbon.com\/tr\/wp-json\/wp\/v2\/product_brand?post=7174"},{"taxonomy":"product_cat","embeddable":true,"href":"https:\/\/jinsuncarbon.com\/tr\/wp-json\/wp\/v2\/product_cat?post=7174"},{"taxonomy":"product_tag","embeddable":true,"href":"https:\/\/jinsuncarbon.com\/tr\/wp-json\/wp\/v2\/product_tag?post=7174"}],"curies":[{"name":"wp","href":"https:\/\/api.w.org\/{rel}","templated":true}]}}