{"id":7166,"date":"2024-12-29T15:00:58","date_gmt":"2024-12-29T15:00:58","guid":{"rendered":"https:\/\/jinsuncarbon.com\/?post_type=product&#038;p=7166"},"modified":"2025-09-30T05:50:21","modified_gmt":"2025-09-30T05:50:21","slug":"silisyum-karbur-grafit-pota","status":"publish","type":"product","link":"https:\/\/jinsuncarbon.com\/tr\/urun\/silisyum-karbur-grafit-pota\/","title":{"rendered":"Silisyum Karb\u00fcr Grafit Pota"},"content":{"rendered":"<h2>Silisyum Karb\u00fcr Grafit Pota \u00d6zellikleri<\/h2>\n<table>\n<tbody>\n<tr>\n<td width=\"29\">HAYIR.<\/td>\n<td width=\"45\">T\u0130P<\/td>\n<td width=\"71\">\u00dcST \u00c7AP<\/td>\n<td width=\"85\">DI\u015e Y\u00dcKSEKL\u0130K<\/td>\n<td width=\"73\">\u0130\u00c7 \u00c7AP<\/td>\n<td width=\"95\">ALT DI\u015e \u00c7AP<\/td>\n<\/tr>\n<tr>\n<td width=\"29\">1<\/td>\n<td width=\"45\">D120<\/td>\n<td width=\"71\">120<\/td>\n<td width=\"85\">135<\/td>\n<td width=\"73\">96<\/td>\n<td width=\"95\">80<\/td>\n<\/tr>\n<tr>\n<td width=\"29\">2<\/td>\n<td width=\"45\">D140<\/td>\n<td width=\"71\">140<\/td>\n<td width=\"85\">155<\/td>\n<td width=\"73\">116<\/td>\n<td width=\"95\">100<\/td>\n<\/tr>\n<tr>\n<td width=\"29\">3<\/td>\n<td width=\"45\">D160<\/td>\n<td width=\"71\">160<\/td>\n<td width=\"85\">166<\/td>\n<td width=\"73\">130<\/td>\n<td width=\"95\">109<\/td>\n<\/tr>\n<tr>\n<td width=\"29\">4<\/td>\n<td width=\"45\">D230<\/td>\n<td width=\"71\">230<\/td>\n<td width=\"85\">400<\/td>\n<td width=\"73\">190<\/td>\n<td width=\"95\">225<\/td>\n<\/tr>\n<tr>\n<td width=\"29\">5<\/td>\n<td width=\"45\">D240<\/td>\n<td width=\"71\">240<\/td>\n<td width=\"85\">335<\/td>\n<td width=\"73\">200<\/td>\n<td width=\"95\">170<\/td>\n<\/tr>\n<tr>\n<td width=\"29\">6<\/td>\n<td width=\"45\">D300<\/td>\n<td width=\"71\">300<\/td>\n<td width=\"85\">600<\/td>\n<td width=\"73\">230<\/td>\n<td width=\"95\">295<\/td>\n<\/tr>\n<tr>\n<td width=\"29\">7<\/td>\n<td width=\"45\">D340<\/td>\n<td width=\"71\">340<\/td>\n<td width=\"85\">560<\/td>\n<td width=\"73\">270<\/td>\n<td width=\"95\">180<\/td>\n<\/tr>\n<tr>\n<td width=\"29\">8<\/td>\n<td width=\"45\">D510<\/td>\n<td width=\"71\">510<\/td>\n<td width=\"85\">900<\/td>\n<td width=\"73\">430<\/td>\n<td width=\"95\">280<\/td>\n<\/tr>\n<tr>\n<td width=\"29\">9<\/td>\n<td width=\"45\">D520<\/td>\n<td width=\"71\">520<\/td>\n<td width=\"85\">760<\/td>\n<td width=\"73\">440<\/td>\n<td width=\"95\">280<\/td>\n<\/tr>\n<tr>\n<td width=\"29\">10<\/td>\n<td width=\"45\">D560<\/td>\n<td width=\"71\">560<\/td>\n<td width=\"85\">665<\/td>\n<td width=\"73\">467<\/td>\n<td width=\"95\">330<\/td>\n<\/tr>\n<tr>\n<td width=\"29\">11<\/td>\n<td width=\"45\">D615<\/td>\n<td width=\"71\">615<\/td>\n<td width=\"85\">630<\/td>\n<td width=\"73\">532.5<\/td>\n<td width=\"95\">300<\/td>\n<\/tr>\n<tr>\n<td width=\"29\">12<\/td>\n<td width=\"45\">D700<\/td>\n<td width=\"71\">700<\/td>\n<td width=\"85\">520<\/td>\n<td width=\"73\">610<\/td>\n<td width=\"95\">290<\/td>\n<\/tr>\n<tr>\n<td width=\"29\">13<\/td>\n<td width=\"45\">D710<\/td>\n<td width=\"71\">710<\/td>\n<td width=\"85\">700<\/td>\n<td width=\"73\">619<\/td>\n<td width=\"95\">285<\/td>\n<\/tr>\n<tr>\n<td width=\"29\">14<\/td>\n<td width=\"45\">D770<\/td>\n<td width=\"71\">770<\/td>\n<td width=\"85\">900<\/td>\n<td width=\"73\">680<\/td>\n<td width=\"95\">310<\/td>\n<\/tr>\n<tr>\n<td width=\"29\">15<\/td>\n<td width=\"45\">D780<\/td>\n<td width=\"71\">780<\/td>\n<td width=\"85\">750<\/td>\n<td width=\"73\">695<\/td>\n<td width=\"95\">360<\/td>\n<\/tr>\n<\/tbody>\n<\/table>\n<p>&nbsp;<\/p>\n<h2>Silisyum Karb\u00fcr Grafit Pota<\/h2>\n<p>1. Silisyum karb\u00fcr\u00fcn (SiC) \u00e7ekirdek performans\u0131<\/p>\n<p>Y\u00fcksek sertlik ve y\u00fcksek mekanik mukavemet: silisyum karb\u00fcr\u00fcn Mohs sertli\u011fi 9,5 olup elmastan sonra ikinci s\u0131radad\u0131r ve m\u00fckemmel a\u015f\u0131nma direnci ve darbe direnci g\u00f6sterir.<\/p>\n<p>M\u00fckemmel termal iletkenlik ve y\u00fcksek s\u0131cakl\u0131k direnci: 120-200 W\/(m-K)'ye kadar termal iletkenlik, \u0131s\u0131y\u0131 h\u0131zl\u0131 ve e\u015fit bir \u015fekilde iletebilir. Potam\u0131z **1600\u00b0C ila 2000\u00b0C aras\u0131ndaki y\u00fcksek s\u0131cakl\u0131k ortam\u0131nda uzun s\u00fcre istikrarl\u0131 bir \u015fekilde \u00e7al\u0131\u015fabilir.<\/p>\n<p>Oksidasyon direnci ve kimyasal diren\u00e7: yo\u011fun bir SiO2 koruyucu tabaka olu\u015fturmak i\u00e7in y\u00fcksek s\u0131cakl\u0131kta silisyum karb\u00fcr, oksidasyonu etkili bir \u015fekilde \u00f6nler. Erimi\u015f metal ve a\u015f\u0131nd\u0131r\u0131c\u0131 c\u00fcruf gibi zorlu \u00e7al\u0131\u015fma ko\u015fullar\u0131 i\u00e7in uygundur.<\/p>\n<p>2. Grafitin \u00f6zellikleri ve i\u015flevleri<\/p>\n<p>Y\u00fcksek iletkenlik ve termal iletkenlik: <a href=\"https:\/\/jinsuncarbon.com\/tr\/grafi%cc%87t-nedi%cc%87r-ve-grafi%cc%87t-neyden-yapilir\/\">grafit<\/a> h\u0131zl\u0131 \u0131s\u0131 iletimini destekleyen ve eritme verimlili\u011fini art\u0131ran y\u00fcksek termal iletkenli\u011fe sahiptir.<\/p>\n<p>\u0130yi termal \u015fok direnci: d\u00fc\u015f\u00fck termal genle\u015fme katsay\u0131s\u0131, \u015fiddetli s\u0131cakl\u0131k de\u011fi\u015fikliklerine uyum sa\u011flar, \u00e7atlama riskini azalt\u0131r.<\/p>\n<p>3. Silisyum karb\u00fcr ve grafitin kompozit avantaj\u0131<\/p>\n<p>Malzeme sinerjisi: Silisyum karb\u00fcr ve grafitin kompozit yap\u0131s\u0131 hem y\u00fcksek mukavemete hem de y\u00fcksek termal iletkenli\u011fe sahiptir.<\/p>\n<p>Uzat\u0131lm\u0131\u015f hizmet \u00f6mr\u00fc: y\u00fcksek s\u0131cakl\u0131k direnci, oksidasyon direnci ve a\u015f\u0131nma direnci, \u00fcr\u00fcn\u00fcn hizmet \u00f6mr\u00fcn\u00fc b\u00fcy\u00fck \u00f6l\u00e7\u00fcde uzat\u0131r <a href=\"https:\/\/jinsuncarbon.com\/tr\/urun\/buyuk-grafit-pota\/\">POTA<\/a>.<\/p>\n<p>4. Temel performans parametreleri<\/p>\n<p>Termal genle\u015fme katsay\u0131s\u0131: d\u00fc\u015f\u00fck termal genle\u015fme, iyi termal stabilite.<\/p>\n<p>Oksidasyon direnci indeksi: y\u00fcksek s\u0131cakl\u0131k ko\u015fullar\u0131 alt\u0131nda kararl\u0131 yap\u0131y\u0131 korur.<\/p>\n<p>Termal iletkenlik ve termal \u015fok kararl\u0131l\u0131\u011f\u0131: eritme i\u015fleminin verimlili\u011fini art\u0131r\u0131r, karma\u015f\u0131k s\u0131cakl\u0131k ko\u015fullar\u0131na uyum sa\u011flar.<\/p>\n<p><img fetchpriority=\"high\" decoding=\"async\" class=\"alignnone  wp-image-8104\" src=\"https:\/\/jinsuncarbon.com\/wp-content\/uploads\/2024\/12\/Silicon-Carbide-Graphite-Crucible-1-225x300.jpg\" alt=\"Silisyum Karb\u00fcr Grafit Pota\" width=\"263\" height=\"351\" srcset=\"https:\/\/jinsuncarbon.com\/wp-content\/uploads\/2024\/12\/Silicon-Carbide-Graphite-Crucible-1-225x300.jpg 225w, https:\/\/jinsuncarbon.com\/wp-content\/uploads\/2024\/12\/Silicon-Carbide-Graphite-Crucible-1-768x1024.jpg 768w, https:\/\/jinsuncarbon.com\/wp-content\/uploads\/2024\/12\/Silicon-Carbide-Graphite-Crucible-1-9x12.jpg 9w, https:\/\/jinsuncarbon.com\/wp-content\/uploads\/2024\/12\/Silicon-Carbide-Graphite-Crucible-1-600x800.jpg 600w, https:\/\/jinsuncarbon.com\/wp-content\/uploads\/2024\/12\/Silicon-Carbide-Graphite-Crucible-1.jpg 960w\" sizes=\"(max-width: 263px) 100vw, 263px\" \/> <img decoding=\"async\" class=\"alignnone  wp-image-8105\" src=\"https:\/\/jinsuncarbon.com\/wp-content\/uploads\/2024\/12\/Silicon-Carbide-Graphite-Crucible-2-225x300.jpg\" alt=\"Silisyum Karb\u00fcr Grafit Pota\" width=\"262\" height=\"350\" srcset=\"https:\/\/jinsuncarbon.com\/wp-content\/uploads\/2024\/12\/Silicon-Carbide-Graphite-Crucible-2-225x300.jpg 225w, https:\/\/jinsuncarbon.com\/wp-content\/uploads\/2024\/12\/Silicon-Carbide-Graphite-Crucible-2-768x1024.jpg 768w, https:\/\/jinsuncarbon.com\/wp-content\/uploads\/2024\/12\/Silicon-Carbide-Graphite-Crucible-2-1152x1536.jpg 1152w, https:\/\/jinsuncarbon.com\/wp-content\/uploads\/2024\/12\/Silicon-Carbide-Graphite-Crucible-2-9x12.jpg 9w, https:\/\/jinsuncarbon.com\/wp-content\/uploads\/2024\/12\/Silicon-Carbide-Graphite-Crucible-2-600x800.jpg 600w, https:\/\/jinsuncarbon.com\/wp-content\/uploads\/2024\/12\/Silicon-Carbide-Graphite-Crucible-2.jpg 1280w\" sizes=\"(max-width: 262px) 100vw, 262px\" \/> <img decoding=\"async\" class=\"alignnone  wp-image-8106\" src=\"https:\/\/jinsuncarbon.com\/wp-content\/uploads\/2024\/12\/Silicon-Carbide-Graphite-Crucible-3-225x300.jpg\" alt=\"Silisyum Karb\u00fcr Grafit Pota\" width=\"261\" height=\"348\" srcset=\"https:\/\/jinsuncarbon.com\/wp-content\/uploads\/2024\/12\/Silicon-Carbide-Graphite-Crucible-3-225x300.jpg 225w, https:\/\/jinsuncarbon.com\/wp-content\/uploads\/2024\/12\/Silicon-Carbide-Graphite-Crucible-3-768x1024.jpg 768w, https:\/\/jinsuncarbon.com\/wp-content\/uploads\/2024\/12\/Silicon-Carbide-Graphite-Crucible-3-1152x1536.jpg 1152w, https:\/\/jinsuncarbon.com\/wp-content\/uploads\/2024\/12\/Silicon-Carbide-Graphite-Crucible-3-9x12.jpg 9w, https:\/\/jinsuncarbon.com\/wp-content\/uploads\/2024\/12\/Silicon-Carbide-Graphite-Crucible-3-600x800.jpg 600w, https:\/\/jinsuncarbon.com\/wp-content\/uploads\/2024\/12\/Silicon-Carbide-Graphite-Crucible-3.jpg 1280w\" sizes=\"(max-width: 261px) 100vw, 261px\" \/><\/p>\n<h2>Silisyum Karb\u00fcr Grafit Pota Kullan\u0131m Alanlar\u0131<\/h2>\n<p>Metalurji end\u00fcstrisi: al\u00fcminyum, bak\u0131r, magnezyum ve di\u011fer demir d\u0131\u015f\u0131 metallerin eritme i\u015fleminde, y\u00fcksek termal iletkenlik verimlili\u011fi ve iyi yap\u0131sal stabilite ile kullan\u0131l\u0131r.<\/p>\n<p>D\u00f6k\u00fcm end\u00fcstrisi: Y\u00fcksek hassasiyetli d\u00f6k\u00fcm \u00fcretimi sa\u011flar, ergitme s\u0131ras\u0131nda enerji kayb\u0131n\u0131 azalt\u0131r ve \u00fcretim verimlili\u011fini art\u0131r\u0131r.<\/p>\n<p>Yar\u0131 iletken end\u00fcstrisi: Monokristal silikonun eritilmesinde ve kristal \u00e7ekiminde y\u00fcksek safl\u0131k ve s\u0131cakl\u0131k kararl\u0131l\u0131\u011f\u0131 g\u00f6sterir ve <a href=\"https:\/\/en.wikipedia.org\/wiki\/Polycrystalline_silicon#:~:text=Polycrystalline%20silicon%20(or%20semi%2Dcrystalline,a%20%22metal%20flake%20effect%22.\" target=\"_blank\" rel=\"noopener\">polikristal silikon<\/a>.<\/p>\n<p>\u00d6nemliymi\u015f:<\/p>\n<p>Silisyum karb\u00fcr grafit pota uygulamas\u0131, end\u00fcstriyel \u00fcretim verimlili\u011fini art\u0131r\u0131r, \u00fcretim maliyetini d\u00fc\u015f\u00fcr\u00fcr, teknolojik yenili\u011fi ve end\u00fcstriyel geli\u015fimi te\u015fvik eder, \u00f6zellikle y\u00fcksek s\u0131cakl\u0131kta malzeme haz\u0131rlama ve yeni enerji end\u00fcstrisinde yeri doldurulamaz bir rol oynar.<\/p>\n<p><strong>Metal D\u00f6k\u00fcmhanelerinin Avantajlar\u0131<\/strong><\/p>\n<p>Y\u00fcksek s\u0131cakl\u0131k kararl\u0131l\u0131\u011f\u0131 ve m\u00fckemmel termal iletkenlik: verimli ve d\u00fczg\u00fcn \u0131s\u0131 iletimi, y\u00fcksek s\u0131cakl\u0131k ortam\u0131nda kararl\u0131l\u0131\u011f\u0131 korur.<\/p>\n<p>Uzun hizmet \u00f6mr\u00fc, y\u00fcksek ekonomi: bak\u0131m maliyetlerini d\u00fc\u015f\u00fcr\u00fcr, genel ekonomik faydalar\u0131 iyile\u015ftirir.<\/p>\n<p>Oksidasyon direnci, korozyon direnci ve y\u00fcksek mekanik mukavemet: zorlu \u00e7al\u0131\u015fma ko\u015fullar\u0131 i\u00e7in uygundur, potan\u0131n hizmet \u00f6mr\u00fcn\u00fc uzat\u0131r.<\/p>\n<h2>Silisyum karb\u00fcr grafit potalar\u0131n haz\u0131rlanma s\u00fcreci<\/h2>\n<p>Hammadde se\u00e7imi ve kullan\u0131m\u0131<\/p>\n<p>Y\u00fcksek safl\u0131kta silisyum karb\u00fcr tozu ve do\u011fal\/<a href=\"https:\/\/jinsuncarbon.com\/tr\/sentetik-grafit\/\">yapay grafit<\/a> se\u00e7ilir.<\/p>\n<p>Performans parametrelerini optimize etmek i\u00e7in partik\u00fcl boyutu da\u011f\u0131l\u0131m\u0131n\u0131 ve malzeme oran\u0131n\u0131 kontrol edin.<\/p>\n<p>\u015eekillendirme s\u00fcreci<\/p>\n<p>\u0130zostatik presleme kal\u0131plama: potan\u0131n homojen yo\u011funlu\u011funu ve y\u00fcksek kal\u0131plama do\u011frulu\u011funu sa\u011flar.<\/p>\n<p>Kal\u0131plama: b\u00fcy\u00fck \u00f6l\u00e7ekli \u00fcretim i\u00e7in uygun, d\u00fc\u015f\u00fck i\u015flem maliyeti.<\/p>\n<p>Sinterleme ve yo\u011funla\u015ft\u0131rma i\u015flemi<\/p>\n<p>Atmosfer sinterleme ve reaksiyon sinterleme: potan\u0131n yo\u011funlu\u011funu ve yap\u0131sal mukavemetini artt\u0131r\u0131r.<\/p>\n<p>S\u0131cak izostatik presleme (HIP): mekanik \u00f6zellikleri ve yo\u011funlu\u011fu daha da optimize eder.<\/p>\n<p>Y\u00fczey oksidasyonuna dayan\u0131kl\u0131 kaplama teknolojisi<\/p>\n<p>Koruyucu bir tabaka olu\u015fturmak i\u00e7in silikon oksit (SiO2) gibi kaplama malzemeleri se\u00e7ilir.<\/p>\n<p>Potan\u0131n oksidasyon direncini ve hizmet \u00f6mr\u00fcn\u00fc art\u0131r\u0131n.<\/p>\n<p>Kalite kontrol ve performans testi<\/p>\n<p>Mekanik mukavemet, termal iletkenlik ve oksidasyon direnci test edilmi\u015ftir.<\/p>\n<p>Hizmet \u00f6mr\u00fc ve termal \u015fok direnci, ger\u00e7ek \u00e7al\u0131\u015fma ko\u015fullar\u0131 sim\u00fcle edilerek test edilir.<\/p>","protected":false},"excerpt":{"rendered":"<p>Silisyum karb\u00fcr grafit pota, esas olarak demir d\u0131\u015f\u0131 metal eritme ve d\u00f6k\u00fcm i\u00e7in kullan\u0131lan grafit ve silisyum karb\u00fcr malzeme potas\u0131n\u0131n bir kombinasyonudur. \u0130nd\u00fcksiyon f\u0131r\u0131nlar\u0131 ve gaz f\u0131r\u0131nlar\u0131 i\u00e7in kullan\u0131l\u0131r. Silisyum karb\u00fcr grafit pota \u00f6zellikleri:<\/p>\n<ul>\n<li class=\"ql-align-justify\">Sic i\u00e7eri\u011fi:\u00a0<strong>\u2265\u00a0<\/strong>48%<\/li>\n<li>Refrakterlik: 1650 \u00b0C<\/li>\n<li class=\"ql-align-justify\">Karbon i\u00e7eri\u011fi:\u00a0<strong>\u2265<\/strong>\u00a030-45%<\/li>\n<li class=\"ql-align-justify\">A\u00e7\u0131k g\u00f6zeneklilik:\u00a0<strong>\u2264<\/strong>18-25%<\/li>\n<li class=\"ql-align-justify\">Y\u0131\u011f\u0131n Yo\u011funlu\u011fu:\u00a0<strong>\u2265<\/strong>1.9-2.1g\/cm<sup>3<\/sup><\/li>\n<\/ul>","protected":false},"featured_media":7167,"template":"","meta":[],"product_brand":[],"product_cat":[38],"product_tag":[],"class_list":{"0":"post-7166","1":"product","2":"type-product","3":"status-publish","4":"has-post-thumbnail","6":"product_cat-graphite-products","8":"first","9":"instock","10":"shipping-taxable","11":"product-type-simple"},"yoast_head":"<!-- This site is optimized with the Yoast SEO Premium plugin v19.2.1 (Yoast SEO v25.3) - https:\/\/yoast.com\/wordpress\/plugins\/seo\/ -->\n<title>Silicon Carbide Graphite Crucible Manufacturer- Best Price<\/title>\n<meta name=\"description\" content=\"Silicon carbide graphite crucible is used for metal smelting and casting, and can melt aluminum, copper and other non-metals.\" \/>\n<meta name=\"robots\" content=\"index, follow, max-snippet:-1, max-image-preview:large, max-video-preview:-1\" \/>\n<link rel=\"canonical\" href=\"https:\/\/jinsuncarbon.com\/tr\/urun\/silisyum-karbur-grafit-pota\/\" \/>\n<meta property=\"og:locale\" content=\"tr_TR\" \/>\n<meta property=\"og:type\" content=\"article\" \/>\n<meta property=\"og:title\" content=\"Silicon Carbide Graphite Crucible\" \/>\n<meta property=\"og:description\" content=\"Silicon carbide graphite crucible is used for metal smelting and casting, and can melt aluminum, copper and other non-metals.\" \/>\n<meta property=\"og:url\" content=\"https:\/\/jinsuncarbon.com\/tr\/urun\/silisyum-karbur-grafit-pota\/\" \/>\n<meta property=\"og:site_name\" content=\"Jinsun Carbon\" \/>\n<meta property=\"article:publisher\" content=\"https:\/\/www.facebook.com\/Graphite-Electrode-109336238661595\" \/>\n<meta property=\"article:modified_time\" content=\"2025-09-30T05:50:21+00:00\" \/>\n<meta property=\"og:image\" content=\"https:\/\/jinsuncarbon.com\/wp-content\/uploads\/2024\/12\/silicon-carbide-graphite-crucible.jpg\" \/>\n\t<meta property=\"og:image:width\" content=\"1024\" \/>\n\t<meta property=\"og:image:height\" content=\"763\" \/>\n\t<meta property=\"og:image:type\" content=\"image\/jpeg\" \/>\n<meta name=\"twitter:card\" content=\"summary_large_image\" \/>\n<meta name=\"twitter:site\" content=\"@jinsuncarbon_\" \/>\n<meta name=\"twitter:label1\" content=\"Tahmini okuma s\u00fcresi\" \/>\n\t<meta name=\"twitter:data1\" content=\"4 dakika\" \/>\n<script type=\"application\/ld+json\" class=\"yoast-schema-graph\">{\"@context\":\"https:\/\/schema.org\",\"@graph\":[{\"@type\":\"WebPage\",\"@id\":\"https:\/\/jinsuncarbon.com\/product\/silicon-carbide-graphite-crucible\/\",\"url\":\"https:\/\/jinsuncarbon.com\/product\/silicon-carbide-graphite-crucible\/\",\"name\":\"Silicon Carbide Graphite Crucible Manufacturer- Best Price\",\"isPartOf\":{\"@id\":\"https:\/\/jinsuncarbon.com\/#website\"},\"primaryImageOfPage\":{\"@id\":\"https:\/\/jinsuncarbon.com\/product\/silicon-carbide-graphite-crucible\/#primaryimage\"},\"image\":{\"@id\":\"https:\/\/jinsuncarbon.com\/product\/silicon-carbide-graphite-crucible\/#primaryimage\"},\"thumbnailUrl\":\"https:\/\/jinsuncarbon.com\/wp-content\/uploads\/2024\/12\/silicon-carbide-graphite-crucible.jpg\",\"datePublished\":\"2024-12-29T15:00:58+00:00\",\"dateModified\":\"2025-09-30T05:50:21+00:00\",\"description\":\"Silicon carbide graphite crucible is used for metal smelting and casting, and can melt aluminum, copper and other non-metals.\",\"breadcrumb\":{\"@id\":\"https:\/\/jinsuncarbon.com\/product\/silicon-carbide-graphite-crucible\/#breadcrumb\"},\"inLanguage\":\"tr\",\"potentialAction\":[{\"@type\":\"ReadAction\",\"target\":[\"https:\/\/jinsuncarbon.com\/product\/silicon-carbide-graphite-crucible\/\"]}]},{\"@type\":\"ImageObject\",\"inLanguage\":\"tr\",\"@id\":\"https:\/\/jinsuncarbon.com\/product\/silicon-carbide-graphite-crucible\/#primaryimage\",\"url\":\"https:\/\/jinsuncarbon.com\/wp-content\/uploads\/2024\/12\/silicon-carbide-graphite-crucible.jpg\",\"contentUrl\":\"https:\/\/jinsuncarbon.com\/wp-content\/uploads\/2024\/12\/silicon-carbide-graphite-crucible.jpg\",\"width\":1024,\"height\":763,\"caption\":\"silicon carbide graphite crucible\"},{\"@type\":\"BreadcrumbList\",\"@id\":\"https:\/\/jinsuncarbon.com\/product\/silicon-carbide-graphite-crucible\/#breadcrumb\",\"itemListElement\":[{\"@type\":\"ListItem\",\"position\":1,\"name\":\"Home\",\"item\":\"https:\/\/jinsuncarbon.com\/\"},{\"@type\":\"ListItem\",\"position\":2,\"name\":\"Products\",\"item\":\"https:\/\/jinsuncarbon.com\/graphite-carbon\/\"},{\"@type\":\"ListItem\",\"position\":3,\"name\":\"Silicon Carbide Graphite Crucible\"}]},{\"@type\":\"WebSite\",\"@id\":\"https:\/\/jinsuncarbon.com\/#website\",\"url\":\"https:\/\/jinsuncarbon.com\/\",\"name\":\"Jinsun Carbon\",\"description\":\"We are the successful graphite electrode manufacturer in China\",\"publisher\":{\"@id\":\"https:\/\/jinsuncarbon.com\/#organization\"},\"potentialAction\":[{\"@type\":\"SearchAction\",\"target\":{\"@type\":\"EntryPoint\",\"urlTemplate\":\"https:\/\/jinsuncarbon.com\/?s={search_term_string}\"},\"query-input\":{\"@type\":\"PropertyValueSpecification\",\"valueRequired\":true,\"valueName\":\"search_term_string\"}}],\"inLanguage\":\"tr\"},{\"@type\":\"Organization\",\"@id\":\"https:\/\/jinsuncarbon.com\/#organization\",\"name\":\"Jinsun Carbon\",\"alternateName\":\"Jinsun Carbon\",\"url\":\"https:\/\/jinsuncarbon.com\/\",\"logo\":{\"@type\":\"ImageObject\",\"inLanguage\":\"tr\",\"@id\":\"https:\/\/jinsuncarbon.com\/#\/schema\/logo\/image\/\",\"url\":\"https:\/\/jinsuncarbon.com\/wp-content\/uploads\/2022\/12\/LOGO-1.png\",\"contentUrl\":\"https:\/\/jinsuncarbon.com\/wp-content\/uploads\/2022\/12\/LOGO-1.png\",\"width\":207,\"height\":80,\"caption\":\"Jinsun Carbon\"},\"image\":{\"@id\":\"https:\/\/jinsuncarbon.com\/#\/schema\/logo\/image\/\"},\"sameAs\":[\"https:\/\/www.facebook.com\/Graphite-Electrode-109336238661595\",\"https:\/\/x.com\/jinsuncarbon_\",\"https:\/\/www.linkedin.com\/in\/jinsungraphite\",\"https:\/\/www.youtube.com\/channel\/UCysDNyvyR5-3cCWEmpkVC0g\"]}]}<\/script>\n<!-- \/ Yoast SEO Premium plugin. -->","yoast_head_json":{"title":"Silisyum Karb\u00fcr Grafit Pota \u00dcreticisi - En \u0130yi Fiyat","description":"Silisyum karb\u00fcr grafit pota, metal eritme ve d\u00f6k\u00fcm i\u00e7in kullan\u0131l\u0131r ve al\u00fcminyum, bak\u0131r ve di\u011fer metal olmayanlar\u0131 eritebilir.","robots":{"index":"index","follow":"follow","max-snippet":"max-snippet:-1","max-image-preview":"max-image-preview:large","max-video-preview":"max-video-preview:-1"},"canonical":"https:\/\/jinsuncarbon.com\/tr\/urun\/silisyum-karbur-grafit-pota\/","og_locale":"tr_TR","og_type":"article","og_title":"Silicon Carbide Graphite Crucible","og_description":"Silicon carbide graphite crucible is used for metal smelting and casting, and can melt aluminum, copper and other non-metals.","og_url":"https:\/\/jinsuncarbon.com\/tr\/urun\/silisyum-karbur-grafit-pota\/","og_site_name":"Jinsun Carbon","article_publisher":"https:\/\/www.facebook.com\/Graphite-Electrode-109336238661595","article_modified_time":"2025-09-30T05:50:21+00:00","og_image":[{"width":1024,"height":763,"url":"https:\/\/jinsuncarbon.com\/wp-content\/uploads\/2024\/12\/silicon-carbide-graphite-crucible.jpg","type":"image\/jpeg"}],"twitter_card":"summary_large_image","twitter_site":"@jinsuncarbon_","twitter_misc":{"Tahmini okuma s\u00fcresi":"4 dakika"},"schema":{"@context":"https:\/\/schema.org","@graph":[{"@type":"WebPage","@id":"https:\/\/jinsuncarbon.com\/product\/silicon-carbide-graphite-crucible\/","url":"https:\/\/jinsuncarbon.com\/product\/silicon-carbide-graphite-crucible\/","name":"Silisyum Karb\u00fcr Grafit Pota \u00dcreticisi - En \u0130yi Fiyat","isPartOf":{"@id":"https:\/\/jinsuncarbon.com\/#website"},"primaryImageOfPage":{"@id":"https:\/\/jinsuncarbon.com\/product\/silicon-carbide-graphite-crucible\/#primaryimage"},"image":{"@id":"https:\/\/jinsuncarbon.com\/product\/silicon-carbide-graphite-crucible\/#primaryimage"},"thumbnailUrl":"https:\/\/jinsuncarbon.com\/wp-content\/uploads\/2024\/12\/silicon-carbide-graphite-crucible.jpg","datePublished":"2024-12-29T15:00:58+00:00","dateModified":"2025-09-30T05:50:21+00:00","description":"Silisyum karb\u00fcr grafit pota, metal eritme ve d\u00f6k\u00fcm i\u00e7in kullan\u0131l\u0131r ve al\u00fcminyum, bak\u0131r ve di\u011fer metal olmayanlar\u0131 eritebilir.","breadcrumb":{"@id":"https:\/\/jinsuncarbon.com\/product\/silicon-carbide-graphite-crucible\/#breadcrumb"},"inLanguage":"tr","potentialAction":[{"@type":"ReadAction","target":["https:\/\/jinsuncarbon.com\/product\/silicon-carbide-graphite-crucible\/"]}]},{"@type":"ImageObject","inLanguage":"tr","@id":"https:\/\/jinsuncarbon.com\/product\/silicon-carbide-graphite-crucible\/#primaryimage","url":"https:\/\/jinsuncarbon.com\/wp-content\/uploads\/2024\/12\/silicon-carbide-graphite-crucible.jpg","contentUrl":"https:\/\/jinsuncarbon.com\/wp-content\/uploads\/2024\/12\/silicon-carbide-graphite-crucible.jpg","width":1024,"height":763,"caption":"silicon carbide graphite crucible"},{"@type":"BreadcrumbList","@id":"https:\/\/jinsuncarbon.com\/product\/silicon-carbide-graphite-crucible\/#breadcrumb","itemListElement":[{"@type":"ListItem","position":1,"name":"Home","item":"https:\/\/jinsuncarbon.com\/"},{"@type":"ListItem","position":2,"name":"Products","item":"https:\/\/jinsuncarbon.com\/graphite-carbon\/"},{"@type":"ListItem","position":3,"name":"Silicon Carbide Graphite Crucible"}]},{"@type":"WebSite","@id":"https:\/\/jinsuncarbon.com\/#website","url":"https:\/\/jinsuncarbon.com\/","name":"Jinsun Karbon","description":"\u00c7in'deki ba\u015far\u0131l\u0131 grafit elektrot \u00fcreticisiyiz","publisher":{"@id":"https:\/\/jinsuncarbon.com\/#organization"},"potentialAction":[{"@type":"SearchAction","target":{"@type":"EntryPoint","urlTemplate":"https:\/\/jinsuncarbon.com\/?s={search_term_string}"},"query-input":{"@type":"PropertyValueSpecification","valueRequired":true,"valueName":"search_term_string"}}],"inLanguage":"tr"},{"@type":"Organization","@id":"https:\/\/jinsuncarbon.com\/#organization","name":"Jinsun Karbon","alternateName":"Jinsun Carbon","url":"https:\/\/jinsuncarbon.com\/","logo":{"@type":"ImageObject","inLanguage":"tr","@id":"https:\/\/jinsuncarbon.com\/#\/schema\/logo\/image\/","url":"https:\/\/jinsuncarbon.com\/wp-content\/uploads\/2022\/12\/LOGO-1.png","contentUrl":"https:\/\/jinsuncarbon.com\/wp-content\/uploads\/2022\/12\/LOGO-1.png","width":207,"height":80,"caption":"Jinsun Carbon"},"image":{"@id":"https:\/\/jinsuncarbon.com\/#\/schema\/logo\/image\/"},"sameAs":["https:\/\/www.facebook.com\/Graphite-Electrode-109336238661595","https:\/\/x.com\/jinsuncarbon_","https:\/\/www.linkedin.com\/in\/jinsungraphite","https:\/\/www.youtube.com\/channel\/UCysDNyvyR5-3cCWEmpkVC0g"]}]}},"_links":{"self":[{"href":"https:\/\/jinsuncarbon.com\/tr\/wp-json\/wp\/v2\/product\/7166","targetHints":{"allow":["GET"]}}],"collection":[{"href":"https:\/\/jinsuncarbon.com\/tr\/wp-json\/wp\/v2\/product"}],"about":[{"href":"https:\/\/jinsuncarbon.com\/tr\/wp-json\/wp\/v2\/types\/product"}],"wp:featuredmedia":[{"embeddable":true,"href":"https:\/\/jinsuncarbon.com\/tr\/wp-json\/wp\/v2\/media\/7167"}],"wp:attachment":[{"href":"https:\/\/jinsuncarbon.com\/tr\/wp-json\/wp\/v2\/media?parent=7166"}],"wp:term":[{"taxonomy":"product_brand","embeddable":true,"href":"https:\/\/jinsuncarbon.com\/tr\/wp-json\/wp\/v2\/product_brand?post=7166"},{"taxonomy":"product_cat","embeddable":true,"href":"https:\/\/jinsuncarbon.com\/tr\/wp-json\/wp\/v2\/product_cat?post=7166"},{"taxonomy":"product_tag","embeddable":true,"href":"https:\/\/jinsuncarbon.com\/tr\/wp-json\/wp\/v2\/product_tag?post=7166"}],"curies":[{"name":"wp","href":"https:\/\/api.w.org\/{rel}","templated":true}]}}