{"id":7140,"date":"2024-12-28T00:44:38","date_gmt":"2024-12-28T00:44:38","guid":{"rendered":"https:\/\/jinsuncarbon.com\/?post_type=product&#038;p=7140"},"modified":"2024-12-28T00:44:39","modified_gmt":"2024-12-28T00:44:39","slug":"pirolitik-grafit-levha","status":"publish","type":"product","link":"https:\/\/jinsuncarbon.com\/tr\/urun\/pirolitik-grafit-levha\/","title":{"rendered":"Pirolitik Grafit Levha"},"content":{"rendered":"<p><strong>Pirolitik grafit levha \u00f6zellikleri<\/strong><\/p>\n<p class=\"ql-align-justify\">Tipik olarak, pirolitik grafit levhalar pul, disk veya rulo olarak g\u00f6r\u00fcn\u00fcr. Avantajlar\u0131 \u00e7ok a\u00e7\u0131kt\u0131r.<\/p>\n<p class=\"ql-align-justify\"><strong>M\u00fckemmel termal kararl\u0131l\u0131k<\/strong><\/p>\n<p class=\"ql-align-justify\">200\u00b0C'den yakla\u015f\u0131k 1500\u00b0C'ye kadar geni\u015f bir s\u0131cakl\u0131k aral\u0131\u011f\u0131nda kararl\u0131 olabilir.<\/p>\n<p class=\"ql-align-justify\"><strong>P\u00fcr\u00fczs\u00fcz y\u00fczey ve y\u00fcksek yans\u0131t\u0131c\u0131l\u0131k<\/strong><\/p>\n<p class=\"ql-align-justify\">M\u00fckemmel bir \u0131s\u0131 yal\u0131t\u0131m malzemesidir.<\/p>\n<p class=\"ql-align-justify\"><strong>D\u00fc\u015f\u00fck s\u00fcrt\u00fcnme katsay\u0131s\u0131<\/strong><\/p>\n<p class=\"ql-align-justify\">Kendinden ya\u011flamal\u0131 bir tabaka olarak kullanabilirsiniz; \u0130\u015flenmesi, \u015fekillendirilmesi veya kesilmesi kolayd\u0131r; Y\u00fcksek dayan\u0131kl\u0131l\u0131k.<\/p>\n<p class=\"ql-align-justify\"><strong>\u0130yi termal iletkenlik<\/strong><\/p>\n<p class=\"ql-align-justify\">Is\u0131y\u0131 h\u0131zl\u0131 bir \u015fekilde iletebilir, bu da bir\u00e7ok termal y\u00f6netim uygulamas\u0131nda kritik \u00f6neme sahiptir.<\/p>\n<p class=\"ql-align-justify\"><strong>\u0130yi elektrik iletkenli\u011fi<\/strong><\/p>\n<p class=\"ql-align-justify\">Bu da onu elektronik ve elektrik alanlar\u0131nda potansiyel bir uygulama haline getirir. Elektriksel ve termal iletkenlik gerektiren belirli par\u00e7alarda oldu\u011fu gibi.<\/p>\n<p>&nbsp;<\/p>\n<h3 class=\"ql-align-justify\">Pirolitik grafit levha \u00e7e\u015fitleri<\/h3>\n<p class=\"ql-align-justify\"><strong>Pul pirolitik grafit levha:<\/strong><\/p>\n<p class=\"ql-align-justify\">Bu daha yayg\u0131n bir formdur, \u015fekli d\u00fczenlidir, kesilmesi ve i\u015flenmesi kolayd\u0131r. K\u00fc\u00e7\u00fck elektronik ekipman pirolitik grafit \u0131s\u0131 emici veya k\u00fc\u00e7\u00fck s\u0131zd\u0131rmazl\u0131k contas\u0131n\u0131n uygun \u00fcretimi. Belirli \u015fekil ve boyut ihtiya\u00e7lar\u0131n\u0131 kar\u015f\u0131lamak i\u00e7in do\u011frudan belirli boyut gereksinimlerine g\u00f6re kesebilirsiniz.<\/p>\n<p class=\"ql-align-justify\"><strong>Disk \u015feklinde pirolitik grafit levha:<\/strong><\/p>\n<p class=\"ql-align-justify\">Bu \u015fekil, sarg\u0131lar\u0131n veya bobinlerin gerekli oldu\u011fu baz\u0131 uygulamalar i\u00e7in uygundur. Pirolitik grafit disk kolayca sar\u0131labilir. Ve bobinin kararl\u0131 \u00e7al\u0131\u015fmas\u0131n\u0131 sa\u011flamak i\u00e7in termal ve yal\u0131t\u0131m \u00f6zelliklerini kullanabilirsiniz.<\/p>\n<p class=\"ql-align-justify\"><strong>Haddelenmi\u015f pirolitik grafit levhalar:<\/strong><\/p>\n<p class=\"ql-align-justify\">Depolanmas\u0131 ve ta\u015f\u0131nmas\u0131 kolayd\u0131r, b\u00fcy\u00fck \u00f6l\u00e7ekli kullan\u0131m i\u00e7in uygundur. End\u00fcstriyel \u00fcretimde, \u00e7ok say\u0131da pirolitik grafit levha gerekiyorsa, s\u00fcrekli i\u015fleme y\u00f6ntemleriyle nihai \u00fcr\u00fcne d\u00f6n\u00fc\u015ft\u00fcrmek i\u00e7in haddelenmi\u015f pirolitik grafit levhalar\u0131 etkili bir \u015fekilde kullanabilirsiniz.<\/p>\n<p class=\"ql-align-justify\">Pirolitik grafit pullar\u0131n\u0131n fiyat\u0131 safl\u0131k, \u015fekil, boyut ve piyasa arz ve talebi gibi fakt\u00f6rlere ba\u011fl\u0131 olarak de\u011fi\u015fir. S\u0131radan saf pirolitik grafit levhan\u0131n maliyeti nispeten d\u00fc\u015f\u00fckt\u00fcr. Ve fiyat nispeten insanlara yak\u0131nd\u0131r. Y\u00fcksek safl\u0131kta pirolitik grafit levhalar, y\u00fcksek safl\u0131klar\u0131 ve \u00f6zel uygulama gereksinimleri nedeniyle nispeten y\u00fcksek fiyatl\u0131d\u0131r.<\/p>\n<h2 class=\"ql-align-justify\">Pirolitik grafit levhalar\u0131n kullan\u0131m alanlar\u0131<\/h2>\n<p class=\"ql-align-justify\"><strong>Elektronik ve elektrik alan\u0131<\/strong><\/p>\n<p class=\"ql-align-justify\">Is\u0131 da\u011f\u0131t\u0131m\u0131 i\u00e7in pirolitik grafit levha. Elektronik ekipman \u00e7al\u0131\u015fma s\u0131ras\u0131nda \u00e7ok fazla \u0131s\u0131 \u00fcretir ve pirolitik grafit levhalar y\u00fcksek termal iletkenlikle \u0131s\u0131y\u0131 h\u0131zla iletir. Bu, ekipman s\u0131cakl\u0131\u011f\u0131n\u0131 etkili bir \u015fekilde azalt\u0131r ve performans\u0131 ve kararl\u0131l\u0131\u011f\u0131 art\u0131r\u0131r.<\/p>\n<p class=\"ql-align-justify\"><strong>Enerji alan\u0131<\/strong><\/p>\n<p class=\"ql-align-justify\"><strong>Yak\u0131t h\u00fccreleri:<\/strong><\/p>\n<p class=\"ql-align-justify\">Pirolitik grafit levhalar, yak\u0131t ve oksitleyiciyi ay\u0131rmak, ak\u0131m\u0131 toplamak ve iletmek i\u00e7in iki kutuplu plakalar olarak i\u015flev g\u00f6r\u00fcr. Ve membran elektrotlar\u0131 destekler.<\/p>\n<p class=\"ql-align-justify\"><strong>G\u00fcne\u015f pilleri:<\/strong><\/p>\n<p class=\"ql-align-justify\">Pirolitik grafit levhalar\u0131 \u015funlar i\u00e7in kullanabilirsiniz <a href=\"https:\/\/en.wikipedia.org\/wiki\/Solar_cell\" target=\"_blank\" rel=\"noopener\">g\u00fcne\u015f pili<\/a> elektrotlar veya s\u0131v\u0131 toplay\u0131c\u0131lar. \u0130yi elektriksel iletkenlikleri ve kimyasal kararl\u0131l\u0131klar\u0131, g\u00fcne\u015f pillerinin fotoelektrik d\u00f6n\u00fc\u015f\u00fcm verimlili\u011fini ve kararl\u0131l\u0131\u011f\u0131n\u0131 art\u0131rmaya yard\u0131mc\u0131 olur.<\/p>\n<p class=\"ql-align-justify\"><strong>Mekanik end\u00fcstrisi<\/strong><\/p>\n<p class=\"ql-align-justify\"><strong>S\u0131zd\u0131rmazl\u0131k malzemesi:<\/strong><\/p>\n<p class=\"ql-align-justify\">Pirolitik grafit levha m\u00fckemmel esnekli\u011fe, korozyon direncine ve y\u00fcksek s\u0131cakl\u0131k kararl\u0131l\u0131\u011f\u0131na sahiptir. Mekanik salmastra \u00fcretimi i\u00e7in ideal bir malzemedir, <a href=\"https:\/\/jinsuncarbon.com\/tr\/urun\/grafit-conta\/\">conta<\/a>s. S\u0131v\u0131, gaz s\u0131z\u0131nt\u0131s\u0131n\u0131 \u00f6nlemek i\u00e7in end\u00fcstrilerde boru, pompa, vana ve di\u011fer ekipman contalar\u0131nda yayg\u0131n olarak kullanabilirsiniz.<\/p>\n<p class=\"ql-align-justify\"><strong>Ya\u011flama malzemesi:<\/strong><\/p>\n<p class=\"ql-align-justify\">Lamel yap\u0131s\u0131 nedeniyle <a href=\"https:\/\/jinsuncarbon.com\/tr\/pirolitik-grafit\/\">pirolitik grafit<\/a>S\u00fcrt\u00fcnme katsay\u0131s\u0131 d\u00fc\u015f\u00fckt\u00fcr. Mekanik par\u00e7alar\u0131 ya\u011flamak, s\u00fcrt\u00fcnmeyi ve a\u015f\u0131nmay\u0131 azaltmak ve mekanik verimlili\u011fi art\u0131rmak i\u00e7in kat\u0131 bir ya\u011flay\u0131c\u0131 olarak kullanabilirsiniz.<\/p>\n<p class=\"ql-align-justify\"><strong>Kimya end\u00fcstrisi<\/strong><\/p>\n<p class=\"ql-align-justify\"><strong>Korozyon \u00f6nleyici astar:<\/strong><\/p>\n<p class=\"ql-align-justify\">Pirolitik grafit levhalar\u0131 kimyasal kaplar i\u00e7in astar malzemesi olarak kullanabilirsiniz, <a href=\"https:\/\/en.wikipedia.org\/wiki\/Nuclear_reactor\" target=\"_blank\" rel=\"noopener\">reakt\u00f6rler<\/a>vb. Konteynerlerdeki a\u015f\u0131nd\u0131r\u0131c\u0131 ortam\u0131n ekipman\u0131 a\u015f\u0131nd\u0131rmas\u0131n\u0131 \u00f6nleyebilir ve ekipman\u0131n hizmet \u00f6mr\u00fcn\u00fc uzatabilir.<\/p>\n<p class=\"ql-align-justify\"><strong>Elektrolitik h\u00fccre elektrodu:<\/strong><\/p>\n<p class=\"ql-align-justify\">Elektrolitik i\u015flemdeki pirolitik grafit levha, y\u00fcksek s\u0131cakl\u0131k, g\u00fc\u00e7l\u00fc asit ve alkali ve di\u011fer sert ortamlara dayanabilir. Elektrolitik verimlili\u011fi ve \u00fcr\u00fcn kalitesini art\u0131r\u0131r.<\/p>","protected":false},"excerpt":{"rendered":"<p class=\"ql-align-justify\"><span data-type=\"2\" data-index=\"3\" data-gid=\"1\">Pirolitik grafit levha, pirolitik karbon malzemeden yap\u0131lan bir t\u00fcr ince levha malzemedir.<\/span>\u00a0Organik bile\u015fiklerin y\u00fcksek s\u0131cakl\u0131klarda ayr\u0131\u015fmas\u0131 ile belirli ko\u015fullar alt\u0131nda olu\u015fan y\u00fcksek oranda y\u00f6nlendirilmi\u015f kristal yap\u0131ya sahip bir grafit malzemedir.<\/p>\n<p class=\"ql-align-justify\">Benzersiz termal, elektriksel, kimyasal ve s\u00fcrt\u00fcnme \u00f6zellikleri ile \u00e7ok \u00e7e\u015fitli modern end\u00fcstriyel uygulamalarda m\u00fckemmel performans sergiler. Ayr\u0131ca \u00e7ok \u00e7e\u015fitli dinamik ihtiya\u00e7lar\u0131 kar\u015f\u0131layabilen y\u00fcksek performansl\u0131 ve dayan\u0131kl\u0131 bir malzemedir.<\/p>","protected":false},"featured_media":7145,"template":"","meta":[],"product_brand":[],"product_cat":[38],"product_tag":[],"class_list":{"0":"post-7140","1":"product","2":"type-product","3":"status-publish","4":"has-post-thumbnail","6":"product_cat-graphite-products","8":"first","9":"instock","10":"shipping-taxable","11":"product-type-simple"},"yoast_head":"<!-- This site is optimized with the Yoast SEO Premium plugin v19.2.1 (Yoast SEO v25.3) - https:\/\/yoast.com\/wordpress\/plugins\/seo\/ -->\n<title>Pyrolytic Graphite Sheet Manufacturer - Best Price | Jinsun Carbon<\/title>\n<meta name=\"description\" content=\"Pyrolytic Graphite Sheet for sale with high conductivity, high strength and high wear resistance as heat dissipation material. Pyrolytic Graphite Sheet at the best price.\" \/>\n<meta name=\"robots\" content=\"index, follow, max-snippet:-1, max-image-preview:large, max-video-preview:-1\" \/>\n<link rel=\"canonical\" href=\"https:\/\/jinsuncarbon.com\/tr\/urun\/pirolitik-grafit-levha\/\" \/>\n<meta property=\"og:locale\" content=\"tr_TR\" \/>\n<meta property=\"og:type\" content=\"article\" \/>\n<meta property=\"og:title\" content=\"Pyrolytic Graphite Sheet\" \/>\n<meta property=\"og:description\" content=\"Pyrolytic Graphite Sheet for sale with high conductivity, high strength and high wear resistance as heat dissipation material. Pyrolytic Graphite Sheet at the best price.\" \/>\n<meta property=\"og:url\" content=\"https:\/\/jinsuncarbon.com\/tr\/urun\/pirolitik-grafit-levha\/\" \/>\n<meta property=\"og:site_name\" content=\"Jinsun Carbon\" \/>\n<meta property=\"article:publisher\" content=\"https:\/\/www.facebook.com\/Graphite-Electrode-109336238661595\" \/>\n<meta property=\"article:modified_time\" content=\"2024-12-28T00:44:39+00:00\" \/>\n<meta property=\"og:image\" content=\"https:\/\/jinsuncarbon.com\/wp-content\/uploads\/2024\/12\/pyrolytic-graphite-sheets.jpg\" \/>\n\t<meta property=\"og:image:width\" content=\"1024\" \/>\n\t<meta property=\"og:image:height\" content=\"763\" \/>\n\t<meta property=\"og:image:type\" content=\"image\/jpeg\" \/>\n<meta name=\"twitter:card\" content=\"summary_large_image\" \/>\n<meta name=\"twitter:site\" content=\"@jinsuncarbon_\" \/>\n<meta name=\"twitter:label1\" content=\"Tahmini okuma s\u00fcresi\" \/>\n\t<meta name=\"twitter:data1\" content=\"3 dakika\" \/>\n<script type=\"application\/ld+json\" class=\"yoast-schema-graph\">{\"@context\":\"https:\/\/schema.org\",\"@graph\":[{\"@type\":\"WebPage\",\"@id\":\"https:\/\/jinsuncarbon.com\/product\/pyrolytic-graphite-sheet\/\",\"url\":\"https:\/\/jinsuncarbon.com\/product\/pyrolytic-graphite-sheet\/\",\"name\":\"Pyrolytic Graphite Sheet Manufacturer - Best Price | Jinsun Carbon\",\"isPartOf\":{\"@id\":\"https:\/\/jinsuncarbon.com\/#website\"},\"primaryImageOfPage\":{\"@id\":\"https:\/\/jinsuncarbon.com\/product\/pyrolytic-graphite-sheet\/#primaryimage\"},\"image\":{\"@id\":\"https:\/\/jinsuncarbon.com\/product\/pyrolytic-graphite-sheet\/#primaryimage\"},\"thumbnailUrl\":\"https:\/\/jinsuncarbon.com\/wp-content\/uploads\/2024\/12\/pyrolytic-graphite-sheets.jpg\",\"datePublished\":\"2024-12-28T00:44:38+00:00\",\"dateModified\":\"2024-12-28T00:44:39+00:00\",\"description\":\"Pyrolytic Graphite Sheet for sale with high conductivity, high strength and high wear resistance as heat dissipation material. Pyrolytic Graphite Sheet at the best price.\",\"breadcrumb\":{\"@id\":\"https:\/\/jinsuncarbon.com\/product\/pyrolytic-graphite-sheet\/#breadcrumb\"},\"inLanguage\":\"tr\",\"potentialAction\":[{\"@type\":\"ReadAction\",\"target\":[\"https:\/\/jinsuncarbon.com\/product\/pyrolytic-graphite-sheet\/\"]}]},{\"@type\":\"ImageObject\",\"inLanguage\":\"tr\",\"@id\":\"https:\/\/jinsuncarbon.com\/product\/pyrolytic-graphite-sheet\/#primaryimage\",\"url\":\"https:\/\/jinsuncarbon.com\/wp-content\/uploads\/2024\/12\/pyrolytic-graphite-sheets.jpg\",\"contentUrl\":\"https:\/\/jinsuncarbon.com\/wp-content\/uploads\/2024\/12\/pyrolytic-graphite-sheets.jpg\",\"width\":1024,\"height\":763,\"caption\":\"Pyrolytic graphite sheet\"},{\"@type\":\"BreadcrumbList\",\"@id\":\"https:\/\/jinsuncarbon.com\/product\/pyrolytic-graphite-sheet\/#breadcrumb\",\"itemListElement\":[{\"@type\":\"ListItem\",\"position\":1,\"name\":\"Home\",\"item\":\"https:\/\/jinsuncarbon.com\/\"},{\"@type\":\"ListItem\",\"position\":2,\"name\":\"Products\",\"item\":\"https:\/\/jinsuncarbon.com\/graphite-carbon\/\"},{\"@type\":\"ListItem\",\"position\":3,\"name\":\"Pyrolytic Graphite Sheet\"}]},{\"@type\":\"WebSite\",\"@id\":\"https:\/\/jinsuncarbon.com\/#website\",\"url\":\"https:\/\/jinsuncarbon.com\/\",\"name\":\"Jinsun Carbon\",\"description\":\"We are the successful graphite electrode manufacturer in China\",\"publisher\":{\"@id\":\"https:\/\/jinsuncarbon.com\/#organization\"},\"potentialAction\":[{\"@type\":\"SearchAction\",\"target\":{\"@type\":\"EntryPoint\",\"urlTemplate\":\"https:\/\/jinsuncarbon.com\/?s={search_term_string}\"},\"query-input\":{\"@type\":\"PropertyValueSpecification\",\"valueRequired\":true,\"valueName\":\"search_term_string\"}}],\"inLanguage\":\"tr\"},{\"@type\":\"Organization\",\"@id\":\"https:\/\/jinsuncarbon.com\/#organization\",\"name\":\"Jinsun Carbon\",\"alternateName\":\"Jinsun Carbon\",\"url\":\"https:\/\/jinsuncarbon.com\/\",\"logo\":{\"@type\":\"ImageObject\",\"inLanguage\":\"tr\",\"@id\":\"https:\/\/jinsuncarbon.com\/#\/schema\/logo\/image\/\",\"url\":\"https:\/\/jinsuncarbon.com\/wp-content\/uploads\/2022\/12\/LOGO-1.png\",\"contentUrl\":\"https:\/\/jinsuncarbon.com\/wp-content\/uploads\/2022\/12\/LOGO-1.png\",\"width\":207,\"height\":80,\"caption\":\"Jinsun Carbon\"},\"image\":{\"@id\":\"https:\/\/jinsuncarbon.com\/#\/schema\/logo\/image\/\"},\"sameAs\":[\"https:\/\/www.facebook.com\/Graphite-Electrode-109336238661595\",\"https:\/\/x.com\/jinsuncarbon_\",\"https:\/\/www.linkedin.com\/in\/jinsungraphite\",\"https:\/\/www.youtube.com\/channel\/UCysDNyvyR5-3cCWEmpkVC0g\"]}]}<\/script>\n<!-- \/ Yoast SEO Premium plugin. -->","yoast_head_json":{"title":"Pirolitik Grafit Levha \u00dcreticisi - En \u0130yi Fiyat | Jinsun Carbon","description":"Is\u0131 yayma malzemesi olarak y\u00fcksek iletkenlik, y\u00fcksek mukavemet ve y\u00fcksek a\u015f\u0131nma direncine sahip sat\u0131l\u0131k Pirolitik Grafit Levha. Pirolitik Grafit Levha en iyi fiyata.","robots":{"index":"index","follow":"follow","max-snippet":"max-snippet:-1","max-image-preview":"max-image-preview:large","max-video-preview":"max-video-preview:-1"},"canonical":"https:\/\/jinsuncarbon.com\/tr\/urun\/pirolitik-grafit-levha\/","og_locale":"tr_TR","og_type":"article","og_title":"Pyrolytic Graphite Sheet","og_description":"Pyrolytic Graphite Sheet for sale with high conductivity, high strength and high wear resistance as heat dissipation material. Pyrolytic Graphite Sheet at the best price.","og_url":"https:\/\/jinsuncarbon.com\/tr\/urun\/pirolitik-grafit-levha\/","og_site_name":"Jinsun Carbon","article_publisher":"https:\/\/www.facebook.com\/Graphite-Electrode-109336238661595","article_modified_time":"2024-12-28T00:44:39+00:00","og_image":[{"width":1024,"height":763,"url":"https:\/\/jinsuncarbon.com\/wp-content\/uploads\/2024\/12\/pyrolytic-graphite-sheets.jpg","type":"image\/jpeg"}],"twitter_card":"summary_large_image","twitter_site":"@jinsuncarbon_","twitter_misc":{"Tahmini okuma s\u00fcresi":"3 dakika"},"schema":{"@context":"https:\/\/schema.org","@graph":[{"@type":"WebPage","@id":"https:\/\/jinsuncarbon.com\/product\/pyrolytic-graphite-sheet\/","url":"https:\/\/jinsuncarbon.com\/product\/pyrolytic-graphite-sheet\/","name":"Pirolitik Grafit Levha \u00dcreticisi - En \u0130yi Fiyat | Jinsun Carbon","isPartOf":{"@id":"https:\/\/jinsuncarbon.com\/#website"},"primaryImageOfPage":{"@id":"https:\/\/jinsuncarbon.com\/product\/pyrolytic-graphite-sheet\/#primaryimage"},"image":{"@id":"https:\/\/jinsuncarbon.com\/product\/pyrolytic-graphite-sheet\/#primaryimage"},"thumbnailUrl":"https:\/\/jinsuncarbon.com\/wp-content\/uploads\/2024\/12\/pyrolytic-graphite-sheets.jpg","datePublished":"2024-12-28T00:44:38+00:00","dateModified":"2024-12-28T00:44:39+00:00","description":"Is\u0131 yayma malzemesi olarak y\u00fcksek iletkenlik, y\u00fcksek mukavemet ve y\u00fcksek a\u015f\u0131nma direncine sahip sat\u0131l\u0131k Pirolitik Grafit Levha. Pirolitik Grafit Levha en iyi fiyata.","breadcrumb":{"@id":"https:\/\/jinsuncarbon.com\/product\/pyrolytic-graphite-sheet\/#breadcrumb"},"inLanguage":"tr","potentialAction":[{"@type":"ReadAction","target":["https:\/\/jinsuncarbon.com\/product\/pyrolytic-graphite-sheet\/"]}]},{"@type":"ImageObject","inLanguage":"tr","@id":"https:\/\/jinsuncarbon.com\/product\/pyrolytic-graphite-sheet\/#primaryimage","url":"https:\/\/jinsuncarbon.com\/wp-content\/uploads\/2024\/12\/pyrolytic-graphite-sheets.jpg","contentUrl":"https:\/\/jinsuncarbon.com\/wp-content\/uploads\/2024\/12\/pyrolytic-graphite-sheets.jpg","width":1024,"height":763,"caption":"Pyrolytic graphite sheet"},{"@type":"BreadcrumbList","@id":"https:\/\/jinsuncarbon.com\/product\/pyrolytic-graphite-sheet\/#breadcrumb","itemListElement":[{"@type":"ListItem","position":1,"name":"Home","item":"https:\/\/jinsuncarbon.com\/"},{"@type":"ListItem","position":2,"name":"Products","item":"https:\/\/jinsuncarbon.com\/graphite-carbon\/"},{"@type":"ListItem","position":3,"name":"Pyrolytic Graphite Sheet"}]},{"@type":"WebSite","@id":"https:\/\/jinsuncarbon.com\/#website","url":"https:\/\/jinsuncarbon.com\/","name":"Jinsun Karbon","description":"\u00c7in'deki ba\u015far\u0131l\u0131 grafit elektrot \u00fcreticisiyiz","publisher":{"@id":"https:\/\/jinsuncarbon.com\/#organization"},"potentialAction":[{"@type":"SearchAction","target":{"@type":"EntryPoint","urlTemplate":"https:\/\/jinsuncarbon.com\/?s={search_term_string}"},"query-input":{"@type":"PropertyValueSpecification","valueRequired":true,"valueName":"search_term_string"}}],"inLanguage":"tr"},{"@type":"Organization","@id":"https:\/\/jinsuncarbon.com\/#organization","name":"Jinsun Karbon","alternateName":"Jinsun Carbon","url":"https:\/\/jinsuncarbon.com\/","logo":{"@type":"ImageObject","inLanguage":"tr","@id":"https:\/\/jinsuncarbon.com\/#\/schema\/logo\/image\/","url":"https:\/\/jinsuncarbon.com\/wp-content\/uploads\/2022\/12\/LOGO-1.png","contentUrl":"https:\/\/jinsuncarbon.com\/wp-content\/uploads\/2022\/12\/LOGO-1.png","width":207,"height":80,"caption":"Jinsun Carbon"},"image":{"@id":"https:\/\/jinsuncarbon.com\/#\/schema\/logo\/image\/"},"sameAs":["https:\/\/www.facebook.com\/Graphite-Electrode-109336238661595","https:\/\/x.com\/jinsuncarbon_","https:\/\/www.linkedin.com\/in\/jinsungraphite","https:\/\/www.youtube.com\/channel\/UCysDNyvyR5-3cCWEmpkVC0g"]}]}},"_links":{"self":[{"href":"https:\/\/jinsuncarbon.com\/tr\/wp-json\/wp\/v2\/product\/7140","targetHints":{"allow":["GET"]}}],"collection":[{"href":"https:\/\/jinsuncarbon.com\/tr\/wp-json\/wp\/v2\/product"}],"about":[{"href":"https:\/\/jinsuncarbon.com\/tr\/wp-json\/wp\/v2\/types\/product"}],"wp:featuredmedia":[{"embeddable":true,"href":"https:\/\/jinsuncarbon.com\/tr\/wp-json\/wp\/v2\/media\/7145"}],"wp:attachment":[{"href":"https:\/\/jinsuncarbon.com\/tr\/wp-json\/wp\/v2\/media?parent=7140"}],"wp:term":[{"taxonomy":"product_brand","embeddable":true,"href":"https:\/\/jinsuncarbon.com\/tr\/wp-json\/wp\/v2\/product_brand?post=7140"},{"taxonomy":"product_cat","embeddable":true,"href":"https:\/\/jinsuncarbon.com\/tr\/wp-json\/wp\/v2\/product_cat?post=7140"},{"taxonomy":"product_tag","embeddable":true,"href":"https:\/\/jinsuncarbon.com\/tr\/wp-json\/wp\/v2\/product_tag?post=7140"}],"curies":[{"name":"wp","href":"https:\/\/api.w.org\/{rel}","templated":true}]}}