{"id":7139,"date":"2024-12-28T00:12:55","date_gmt":"2024-12-28T00:12:55","guid":{"rendered":"https:\/\/jinsuncarbon.com\/?post_type=product&#038;p=7139"},"modified":"2025-10-02T07:02:55","modified_gmt":"2025-10-02T07:02:55","slug":"grafit-kilif","status":"publish","type":"product","link":"https:\/\/jinsuncarbon.com\/tr\/urun\/grafit-kilif\/","title":{"rendered":"Grafit Kol"},"content":{"rendered":"<h2>Grafit k\u0131l\u0131f<\/h2>\n<p>Genellikle grafit man\u015fonlar boru \u015feklindedir. Bir\u00e7ok avantaj\u0131 vard\u0131r.<\/p>\n<p><strong>Y\u00fcksek s\u0131cakl\u0131k kararl\u0131l\u0131\u011f\u0131<\/strong><\/p>\n<p>Grafit man\u015fon binlerce santigrat derece y\u00fcksek s\u0131cakl\u0131\u011fa dayanabilir. Y\u00fcksek s\u0131cakl\u0131k f\u0131r\u0131nlar\u0131nda ve di\u011fer uygulamalarda d\u00fczg\u00fcn \u00e7al\u0131\u015f\u0131r.<\/p>\n<p><strong>Y\u00fcksek y\u00fczey yans\u0131mas\u0131<\/strong><\/p>\n<p>\u0130yi bir \u0131s\u0131 yal\u0131t\u0131m bile\u015fenidir ve kimyasal \u00f6zellikleri stabildir.<\/p>\n<p><strong>D\u00fc\u015f\u00fck s\u00fcrt\u00fcnme katsay\u0131s\u0131<\/strong><\/p>\n<p>Kendinden ya\u011flamal\u0131 man\u015fon olarak kullanabilirsiniz, olduk\u00e7a dayan\u0131kl\u0131d\u0131r.<\/p>\n<p><strong>M\u00fckemmel \u0131s\u0131 iletkenli\u011fi<\/strong><\/p>\n<p>Is\u0131y\u0131 h\u0131zl\u0131 bir \u015fekilde iletebilir, bu da bir\u00e7ok termal y\u00f6netim uygulamas\u0131nda \u00f6nemlidir.<\/p>\n<p><strong>\u0130yi elektrik iletkenli\u011fi<\/strong><\/p>\n<p>Bu, iletken ve termal malzemeler gerektiren baz\u0131 par\u00e7alar gibi elektrik ve elektronik alanlar\u0131nda potansiyel bir uygulama haline getirir.<\/p>\n<p>Ve i\u015flenmesi ve kesilmesi kolayd\u0131r. Ama nas\u0131l kesilir <a href=\"https:\/\/jinsuncarbon.com\/tr\/grafitin-kullanim-alanlari\/\">grafit<\/a> malzeme \u00f6zelliklerine g\u00f6re do\u011fru ara\u00e7lar\u0131 ve y\u00f6ntemleri se\u00e7mesi gerekir. Buna ek olarak, grafit kovanl\u0131 rulmanlar, s\u00fcrt\u00fcnme kay\u0131plar\u0131n\u0131 azaltmak i\u00e7in d\u00fc\u015f\u00fck s\u00fcrt\u00fcnme katsay\u0131s\u0131 ve kendinden ya\u011flama \u00f6zelliklerini kullan\u0131r ve grafit bak\u0131r kovanlar da yayg\u0131n bir uygulama \u015feklidir.<\/p>\n<h2>Grafit man\u015fon \u00e7e\u015fitleri<\/h2>\n<p><strong>Is\u0131tma y\u00f6ntemine g\u00f6re b\u00f6l\u00fcnm\u00fc\u015f<\/strong><\/p>\n<p><strong>Uzunlamas\u0131na \u0131s\u0131t\u0131lm\u0131\u015f grafit man\u015fonlar:<\/strong><\/p>\n<p>Eksenel y\u00f6nde \u0131s\u0131t\u0131lan yayg\u0131n bir grafit man\u015fon t\u00fcr\u00fc, numuneyi \u0131s\u0131tmak i\u00e7in her iki u\u00e7taki ak\u0131m yoluyla \u0131s\u0131 \u00fcretir. Yap\u0131s\u0131 basittir, maliyeti d\u00fc\u015f\u00fckt\u00fcr, ancak s\u0131cakl\u0131k homojenli\u011fi zay\u0131ft\u0131r.<\/p>\n<p><strong>Enine \u0131s\u0131tma grafit kovan\u0131:<\/strong><\/p>\n<p>Is\u0131tma y\u00f6n\u00fc eksene diktir ve \u00f6zel yap\u0131 t\u00fcp\u00fcn e\u015fit \u015fekilde \u0131s\u0131t\u0131lmas\u0131n\u0131 sa\u011flar. Bu, s\u0131cakl\u0131k fark\u0131n\u0131 azaltabilir ve analiz do\u011frulu\u011funu ve hassasiyetini art\u0131rabilir. Y\u00fcksek s\u0131cakl\u0131k gereksinimleri ve hassas kontrol ile analiz \u00e7al\u0131\u015fmalar\u0131 i\u00e7in uygundur.<\/p>\n<p><strong>Performansa g\u00f6re b\u00f6l\u00fcn\u00fcr<\/strong><\/p>\n<p><strong>S\u0131radan grafit kovan (pirolitik olmayan) :<\/strong><\/p>\n<p><span data-type=\"2\" data-index=\"3\" data-gid=\"1\">\u015euradan i\u015flendi <a href=\"https:\/\/jinsuncarbon.com\/tr\/urun\/dogal-grafit\/\">do\u011fal grafit<\/a> malzemeler, belirli bir y\u00fcksek s\u0131cakl\u0131k direncine sahiptir ve y\u00fcksek s\u0131cakl\u0131kta oksitlenmesi kolayd\u0131r.<\/span>\u00a0Basit bir yap\u0131ya ve d\u00fc\u015f\u00fck maliyete sahiptir. Ve genel analiz i\u00e7in uygundur.<\/p>\n<p><strong>Pirolitik grafit k\u0131l\u0131f:<\/strong><\/p>\n<p>\u00d6zel yap\u0131m <a href=\"https:\/\/en.wikipedia.org\/wiki\/Pyrolysis\" target=\"_blank\" rel=\"noopener\">piroliz<\/a> prosesi, y\u00fcksek safl\u0131k, y\u00fcksek kristallik, y\u00fcksek stabilite ve y\u00fcksek s\u0131cakl\u0131klarda mekanik \u00f6zellikler. Gaz ka\u00e7\u0131\u015f\u0131n\u0131 ve safs\u0131zl\u0131k adsorpsiyonunu azaltabilir, analitik hassasiyeti ve do\u011frulu\u011fu art\u0131rabilir. Genellikle eser element analizi ve y\u00fcksek hassasiyet gereksinimleri olan analizler i\u00e7in kullanabilirsiniz.<\/p>\n<p><img fetchpriority=\"high\" decoding=\"async\" class=\"alignnone size-medium wp-image-8110\" src=\"https:\/\/jinsuncarbon.com\/wp-content\/uploads\/2024\/12\/Graphite-sleeve-300x224.jpg\" alt=\"Grafit k\u0131l\u0131f\" width=\"300\" height=\"224\" srcset=\"https:\/\/jinsuncarbon.com\/wp-content\/uploads\/2024\/12\/Graphite-sleeve-300x224.jpg 300w, https:\/\/jinsuncarbon.com\/wp-content\/uploads\/2024\/12\/Graphite-sleeve-768x572.jpg 768w, https:\/\/jinsuncarbon.com\/wp-content\/uploads\/2024\/12\/Graphite-sleeve-16x12.jpg 16w, https:\/\/jinsuncarbon.com\/wp-content\/uploads\/2024\/12\/Graphite-sleeve-600x447.jpg 600w, https:\/\/jinsuncarbon.com\/wp-content\/uploads\/2024\/12\/Graphite-sleeve.jpg 1024w\" sizes=\"(max-width: 300px) 100vw, 300px\" \/> \u00a0<img decoding=\"async\" class=\"alignnone size-medium wp-image-8111\" src=\"https:\/\/jinsuncarbon.com\/wp-content\/uploads\/2024\/12\/Graphite-sleeves-300x224.jpg\" alt=\"Grafit kollar\" width=\"300\" height=\"224\" srcset=\"https:\/\/jinsuncarbon.com\/wp-content\/uploads\/2024\/12\/Graphite-sleeves-300x224.jpg 300w, https:\/\/jinsuncarbon.com\/wp-content\/uploads\/2024\/12\/Graphite-sleeves-768x572.jpg 768w, https:\/\/jinsuncarbon.com\/wp-content\/uploads\/2024\/12\/Graphite-sleeves-16x12.jpg 16w, https:\/\/jinsuncarbon.com\/wp-content\/uploads\/2024\/12\/Graphite-sleeves-600x447.jpg 600w, https:\/\/jinsuncarbon.com\/wp-content\/uploads\/2024\/12\/Graphite-sleeves.jpg 1024w\" sizes=\"(max-width: 300px) 100vw, 300px\" \/>\u00a0 <img decoding=\"async\" class=\"alignnone size-medium wp-image-8113\" src=\"https:\/\/jinsuncarbon.com\/wp-content\/uploads\/2024\/12\/Graphite-sleeve-1--300x224.jpg\" alt=\"Grafit k\u0131l\u0131f \" width=\"300\" height=\"224\" srcset=\"https:\/\/jinsuncarbon.com\/wp-content\/uploads\/2024\/12\/Graphite-sleeve-1--300x224.jpg 300w, https:\/\/jinsuncarbon.com\/wp-content\/uploads\/2024\/12\/Graphite-sleeve-1--768x572.jpg 768w, https:\/\/jinsuncarbon.com\/wp-content\/uploads\/2024\/12\/Graphite-sleeve-1--16x12.jpg 16w, https:\/\/jinsuncarbon.com\/wp-content\/uploads\/2024\/12\/Graphite-sleeve-1--600x447.jpg 600w, https:\/\/jinsuncarbon.com\/wp-content\/uploads\/2024\/12\/Graphite-sleeve-1-.jpg 1024w\" sizes=\"(max-width: 300px) 100vw, 300px\" \/><\/p>\n<h2>Grafit man\u015fonlar\u0131n kullan\u0131m alanlar\u0131<\/h2>\n<p>Geni\u015f bir uygulama yelpazesine sahiptir.<\/p>\n<p><strong>Makine end\u00fcstrisi<\/strong><\/p>\n<p>Grafit man\u015fon, mekanik end\u00fcstrisinde \u00f6nemli bir s\u0131zd\u0131rmazl\u0131k malzemesidir. Y\u00fcksek y\u00fck ve y\u00fcksek h\u0131z ko\u015fullar\u0131nda a\u015f\u0131nmaya dayan\u0131kl\u0131, kararl\u0131 s\u0131zd\u0131rmazl\u0131\u011fa sahiptir. Ekipman\u0131n normal \u00e7al\u0131\u015fmas\u0131n\u0131 sa\u011flar ve \u00f6mr\u00fcn\u00fc uzat\u0131r.<\/p>\n<p><strong>Denizcilik end\u00fcstrisi<\/strong><\/p>\n<p>Denizcilik end\u00fcstrisinde, g\u00f6vde ve di\u011fer d\u00fcz olmayan y\u00fczey s\u0131zd\u0131rmazl\u0131\u011f\u0131 i\u00e7in grafit man\u015fon kullanabilirsiniz. Zorlu deniz ko\u015fullar\u0131nda gemilerin g\u00fcvenli \u00e7al\u0131\u015fmas\u0131n\u0131 sa\u011flayabilir. Ayr\u0131ca ithalat ve ihracat su sistemlerinde ve di\u011fer par\u00e7alarda da kullanabilirsiniz.<\/p>\n<p><strong>Petrokimya end\u00fcstrisi<\/strong><\/p>\n<p>Grafit man\u015fonlar petrokimya end\u00fcstrisinde \u00f6nemli bir rol oynar. Korozif ortam ekipmanlar\u0131n\u0131n ta\u015f\u0131nmas\u0131nda, a\u015f\u0131nma direnci, tam oyuna korozyon direnci, ortam s\u0131z\u0131nt\u0131s\u0131n\u0131 ve ekipman a\u015f\u0131nmas\u0131n\u0131 \u00f6nler. Korozyona dayan\u0131kl\u0131 ekipman \u00fcretiminde de kullanabilirsiniz.<\/p>\n<p><strong>Enerji end\u00fcstrisi<\/strong><\/p>\n<p>Enerji end\u00fcstrisinde, grafit kovan\u0131 \u015fu alanlarda kullanabilirsiniz <a href=\"https:\/\/en.wikipedia.org\/wiki\/Boiler\" target=\"_blank\" rel=\"noopener\">kazanlar<\/a>, buhar t\u00fcrbinleri ve di\u011fer ekipman s\u0131zd\u0131rmazl\u0131\u011f\u0131. Y\u00fcksek s\u0131cakl\u0131k direnci, bas\u0131n\u00e7 direnci, korozyon direnci onu vazge\u00e7ilmez k\u0131lar.<\/p>\n<p><strong>Laboratuvar uygulamalar\u0131<\/strong><\/p>\n<p>Grafit kovan\u0131, atomik absorpsiyon spektrometrelerinde numunelerin ta\u015f\u0131nmas\u0131 ve \u0131s\u0131t\u0131lmas\u0131 gibi laboratuvarlarda yayg\u0131n olarak kullanabilirsiniz. Ve di\u011fer deneysel cihazlarda ihtiya\u00e7lar\u0131 kar\u015f\u0131lamak i\u00e7in.<\/p>\n<p>Ayr\u0131ca, grafit kovan\u0131 otomotiv par\u00e7alar\u0131, havac\u0131l\u0131k ve uzay y\u00fcksek performansl\u0131 bile\u015fenleri, biyomedikal cihazlar\u0131n \u00fcretiminde de kullanabilirsiniz. Y\u00fcksek mukavemet, y\u00fcksek a\u015f\u0131nma direnci, y\u00fcksek korozyon direnci ve di\u011fer \u00f6zelliklerini kullanarak.<\/p>","protected":false},"excerpt":{"rendered":"<p>Grafit man\u015fon, genellikle mekanik end\u00fcstrisinde s\u0131zd\u0131rmazl\u0131k malzemesi olarak, astar veya bur\u00e7 olarak kullan\u0131lan, y\u00fcksek safl\u0131kta grafit i\u015flemeden yap\u0131lm\u0131\u015f dairesel bir man\u015fondur. Modern end\u00fcstriyel uygulamalarda iyi performans g\u00f6sterir ve y\u00fcksek s\u0131cakl\u0131\u011fa dayan\u0131kl\u0131 ve kendinden ya\u011flamal\u0131 bir malzemedir. Grafit man\u015fonlar, y\u00fcksek \u0131s\u0131l\u0131 ortamlar i\u00e7in uygun olan valf, pompa s\u0131zd\u0131rmazl\u0131\u011f\u0131 ve \u015faft hareketi uygulamalar\u0131nda kullan\u0131l\u0131r.<\/p>","protected":false},"featured_media":7143,"template":"","meta":[],"product_brand":[],"product_cat":[38],"product_tag":[],"class_list":{"0":"post-7139","1":"product","2":"type-product","3":"status-publish","4":"has-post-thumbnail","6":"product_cat-graphite-products","8":"first","9":"instock","10":"shipping-taxable","11":"product-type-simple"},"yoast_head":"<!-- This site is optimized with the Yoast SEO Premium plugin v19.2.1 (Yoast SEO v25.3) - https:\/\/yoast.com\/wordpress\/plugins\/seo\/ -->\n<title>Graphite Sleeve Manufacturer &amp; Supplier | Jinsun Carbon<\/title>\n<meta name=\"description\" content=\"Graphite sleeve is a circular sleeve made of high purity graphite processing, generally used as a sealing material in the mechanical industry, as a lining or bushing\u03a9\" \/>\n<meta name=\"robots\" content=\"index, follow, max-snippet:-1, max-image-preview:large, max-video-preview:-1\" \/>\n<link rel=\"canonical\" href=\"https:\/\/jinsuncarbon.com\/tr\/urun\/grafit-kilif\/\" \/>\n<meta property=\"og:locale\" content=\"tr_TR\" \/>\n<meta property=\"og:type\" content=\"article\" \/>\n<meta property=\"og:title\" content=\"Graphite Sleeve\" \/>\n<meta property=\"og:description\" content=\"Graphite sleeve is a circular sleeve made of high purity graphite processing, generally used as a sealing material in the mechanical industry, as a lining or bushing\u03a9\" \/>\n<meta property=\"og:url\" content=\"https:\/\/jinsuncarbon.com\/tr\/urun\/grafit-kilif\/\" \/>\n<meta property=\"og:site_name\" content=\"Jinsun Carbon\" \/>\n<meta property=\"article:publisher\" content=\"https:\/\/www.facebook.com\/Graphite-Electrode-109336238661595\" \/>\n<meta property=\"article:modified_time\" content=\"2025-10-02T07:02:55+00:00\" \/>\n<meta property=\"og:image\" content=\"https:\/\/jinsuncarbon.com\/wp-content\/uploads\/2024\/12\/Graphite-sleeve-.jpg\" \/>\n\t<meta property=\"og:image:width\" content=\"1024\" \/>\n\t<meta property=\"og:image:height\" content=\"763\" \/>\n\t<meta property=\"og:image:type\" content=\"image\/jpeg\" \/>\n<meta name=\"twitter:card\" content=\"summary_large_image\" \/>\n<meta name=\"twitter:site\" content=\"@jinsuncarbon_\" \/>\n<meta name=\"twitter:label1\" content=\"Tahmini okuma s\u00fcresi\" \/>\n\t<meta name=\"twitter:data1\" content=\"4 dakika\" \/>\n<script type=\"application\/ld+json\" class=\"yoast-schema-graph\">{\"@context\":\"https:\/\/schema.org\",\"@graph\":[{\"@type\":\"WebPage\",\"@id\":\"https:\/\/jinsuncarbon.com\/product\/graphite-sleeve\/\",\"url\":\"https:\/\/jinsuncarbon.com\/product\/graphite-sleeve\/\",\"name\":\"Graphite Sleeve Manufacturer & Supplier | Jinsun Carbon\",\"isPartOf\":{\"@id\":\"https:\/\/jinsuncarbon.com\/#website\"},\"primaryImageOfPage\":{\"@id\":\"https:\/\/jinsuncarbon.com\/product\/graphite-sleeve\/#primaryimage\"},\"image\":{\"@id\":\"https:\/\/jinsuncarbon.com\/product\/graphite-sleeve\/#primaryimage\"},\"thumbnailUrl\":\"https:\/\/jinsuncarbon.com\/wp-content\/uploads\/2024\/12\/Graphite-sleeve-.jpg\",\"datePublished\":\"2024-12-28T00:12:55+00:00\",\"dateModified\":\"2025-10-02T07:02:55+00:00\",\"description\":\"Graphite sleeve is a circular sleeve made of high purity graphite processing, generally used as a sealing material in the mechanical industry, as a lining or bushing\u03a9\",\"breadcrumb\":{\"@id\":\"https:\/\/jinsuncarbon.com\/product\/graphite-sleeve\/#breadcrumb\"},\"inLanguage\":\"tr\",\"potentialAction\":[{\"@type\":\"ReadAction\",\"target\":[\"https:\/\/jinsuncarbon.com\/product\/graphite-sleeve\/\"]}]},{\"@type\":\"ImageObject\",\"inLanguage\":\"tr\",\"@id\":\"https:\/\/jinsuncarbon.com\/product\/graphite-sleeve\/#primaryimage\",\"url\":\"https:\/\/jinsuncarbon.com\/wp-content\/uploads\/2024\/12\/Graphite-sleeve-.jpg\",\"contentUrl\":\"https:\/\/jinsuncarbon.com\/wp-content\/uploads\/2024\/12\/Graphite-sleeve-.jpg\",\"width\":1024,\"height\":763,\"caption\":\"Graphite sleeve\"},{\"@type\":\"BreadcrumbList\",\"@id\":\"https:\/\/jinsuncarbon.com\/product\/graphite-sleeve\/#breadcrumb\",\"itemListElement\":[{\"@type\":\"ListItem\",\"position\":1,\"name\":\"Home\",\"item\":\"https:\/\/jinsuncarbon.com\/\"},{\"@type\":\"ListItem\",\"position\":2,\"name\":\"Products\",\"item\":\"https:\/\/jinsuncarbon.com\/graphite-carbon\/\"},{\"@type\":\"ListItem\",\"position\":3,\"name\":\"Graphite Sleeve\"}]},{\"@type\":\"WebSite\",\"@id\":\"https:\/\/jinsuncarbon.com\/#website\",\"url\":\"https:\/\/jinsuncarbon.com\/\",\"name\":\"Jinsun Carbon\",\"description\":\"We are the successful graphite electrode manufacturer in China\",\"publisher\":{\"@id\":\"https:\/\/jinsuncarbon.com\/#organization\"},\"potentialAction\":[{\"@type\":\"SearchAction\",\"target\":{\"@type\":\"EntryPoint\",\"urlTemplate\":\"https:\/\/jinsuncarbon.com\/?s={search_term_string}\"},\"query-input\":{\"@type\":\"PropertyValueSpecification\",\"valueRequired\":true,\"valueName\":\"search_term_string\"}}],\"inLanguage\":\"tr\"},{\"@type\":\"Organization\",\"@id\":\"https:\/\/jinsuncarbon.com\/#organization\",\"name\":\"Jinsun Carbon\",\"alternateName\":\"Jinsun Carbon\",\"url\":\"https:\/\/jinsuncarbon.com\/\",\"logo\":{\"@type\":\"ImageObject\",\"inLanguage\":\"tr\",\"@id\":\"https:\/\/jinsuncarbon.com\/#\/schema\/logo\/image\/\",\"url\":\"https:\/\/jinsuncarbon.com\/wp-content\/uploads\/2022\/12\/LOGO-1.png\",\"contentUrl\":\"https:\/\/jinsuncarbon.com\/wp-content\/uploads\/2022\/12\/LOGO-1.png\",\"width\":207,\"height\":80,\"caption\":\"Jinsun Carbon\"},\"image\":{\"@id\":\"https:\/\/jinsuncarbon.com\/#\/schema\/logo\/image\/\"},\"sameAs\":[\"https:\/\/www.facebook.com\/Graphite-Electrode-109336238661595\",\"https:\/\/x.com\/jinsuncarbon_\",\"https:\/\/www.linkedin.com\/in\/jinsungraphite\",\"https:\/\/www.youtube.com\/channel\/UCysDNyvyR5-3cCWEmpkVC0g\"]}]}<\/script>\n<!-- \/ Yoast SEO Premium plugin. -->","yoast_head_json":{"title":"Grafit Kovan \u00dcretici ve Tedarik\u00e7i | Jinsun Carbon","description":"Grafit man\u015fon, genellikle mekanik end\u00fcstrisinde s\u0131zd\u0131rmazl\u0131k malzemesi olarak, astar veya bur\u00e7 olarak kullan\u0131lan, y\u00fcksek safl\u0131kta grafit i\u015flemeden yap\u0131lm\u0131\u015f dairesel bir man\u015fondur\u03a9","robots":{"index":"index","follow":"follow","max-snippet":"max-snippet:-1","max-image-preview":"max-image-preview:large","max-video-preview":"max-video-preview:-1"},"canonical":"https:\/\/jinsuncarbon.com\/tr\/urun\/grafit-kilif\/","og_locale":"tr_TR","og_type":"article","og_title":"Graphite Sleeve","og_description":"Graphite sleeve is a circular sleeve made of high purity graphite processing, generally used as a sealing material in the mechanical industry, as a lining or bushing\u03a9","og_url":"https:\/\/jinsuncarbon.com\/tr\/urun\/grafit-kilif\/","og_site_name":"Jinsun Carbon","article_publisher":"https:\/\/www.facebook.com\/Graphite-Electrode-109336238661595","article_modified_time":"2025-10-02T07:02:55+00:00","og_image":[{"width":1024,"height":763,"url":"https:\/\/jinsuncarbon.com\/wp-content\/uploads\/2024\/12\/Graphite-sleeve-.jpg","type":"image\/jpeg"}],"twitter_card":"summary_large_image","twitter_site":"@jinsuncarbon_","twitter_misc":{"Tahmini okuma s\u00fcresi":"4 dakika"},"schema":{"@context":"https:\/\/schema.org","@graph":[{"@type":"WebPage","@id":"https:\/\/jinsuncarbon.com\/product\/graphite-sleeve\/","url":"https:\/\/jinsuncarbon.com\/product\/graphite-sleeve\/","name":"Grafit Kovan \u00dcretici ve Tedarik\u00e7i | Jinsun Carbon","isPartOf":{"@id":"https:\/\/jinsuncarbon.com\/#website"},"primaryImageOfPage":{"@id":"https:\/\/jinsuncarbon.com\/product\/graphite-sleeve\/#primaryimage"},"image":{"@id":"https:\/\/jinsuncarbon.com\/product\/graphite-sleeve\/#primaryimage"},"thumbnailUrl":"https:\/\/jinsuncarbon.com\/wp-content\/uploads\/2024\/12\/Graphite-sleeve-.jpg","datePublished":"2024-12-28T00:12:55+00:00","dateModified":"2025-10-02T07:02:55+00:00","description":"Grafit man\u015fon, genellikle mekanik end\u00fcstrisinde s\u0131zd\u0131rmazl\u0131k malzemesi olarak, astar veya bur\u00e7 olarak kullan\u0131lan, y\u00fcksek safl\u0131kta grafit i\u015flemeden yap\u0131lm\u0131\u015f dairesel bir man\u015fondur\u03a9","breadcrumb":{"@id":"https:\/\/jinsuncarbon.com\/product\/graphite-sleeve\/#breadcrumb"},"inLanguage":"tr","potentialAction":[{"@type":"ReadAction","target":["https:\/\/jinsuncarbon.com\/product\/graphite-sleeve\/"]}]},{"@type":"ImageObject","inLanguage":"tr","@id":"https:\/\/jinsuncarbon.com\/product\/graphite-sleeve\/#primaryimage","url":"https:\/\/jinsuncarbon.com\/wp-content\/uploads\/2024\/12\/Graphite-sleeve-.jpg","contentUrl":"https:\/\/jinsuncarbon.com\/wp-content\/uploads\/2024\/12\/Graphite-sleeve-.jpg","width":1024,"height":763,"caption":"Graphite sleeve"},{"@type":"BreadcrumbList","@id":"https:\/\/jinsuncarbon.com\/product\/graphite-sleeve\/#breadcrumb","itemListElement":[{"@type":"ListItem","position":1,"name":"Home","item":"https:\/\/jinsuncarbon.com\/"},{"@type":"ListItem","position":2,"name":"Products","item":"https:\/\/jinsuncarbon.com\/graphite-carbon\/"},{"@type":"ListItem","position":3,"name":"Graphite Sleeve"}]},{"@type":"WebSite","@id":"https:\/\/jinsuncarbon.com\/#website","url":"https:\/\/jinsuncarbon.com\/","name":"Jinsun Karbon","description":"\u00c7in'deki ba\u015far\u0131l\u0131 grafit elektrot \u00fcreticisiyiz","publisher":{"@id":"https:\/\/jinsuncarbon.com\/#organization"},"potentialAction":[{"@type":"SearchAction","target":{"@type":"EntryPoint","urlTemplate":"https:\/\/jinsuncarbon.com\/?s={search_term_string}"},"query-input":{"@type":"PropertyValueSpecification","valueRequired":true,"valueName":"search_term_string"}}],"inLanguage":"tr"},{"@type":"Organization","@id":"https:\/\/jinsuncarbon.com\/#organization","name":"Jinsun Karbon","alternateName":"Jinsun Carbon","url":"https:\/\/jinsuncarbon.com\/","logo":{"@type":"ImageObject","inLanguage":"tr","@id":"https:\/\/jinsuncarbon.com\/#\/schema\/logo\/image\/","url":"https:\/\/jinsuncarbon.com\/wp-content\/uploads\/2022\/12\/LOGO-1.png","contentUrl":"https:\/\/jinsuncarbon.com\/wp-content\/uploads\/2022\/12\/LOGO-1.png","width":207,"height":80,"caption":"Jinsun Carbon"},"image":{"@id":"https:\/\/jinsuncarbon.com\/#\/schema\/logo\/image\/"},"sameAs":["https:\/\/www.facebook.com\/Graphite-Electrode-109336238661595","https:\/\/x.com\/jinsuncarbon_","https:\/\/www.linkedin.com\/in\/jinsungraphite","https:\/\/www.youtube.com\/channel\/UCysDNyvyR5-3cCWEmpkVC0g"]}]}},"_links":{"self":[{"href":"https:\/\/jinsuncarbon.com\/tr\/wp-json\/wp\/v2\/product\/7139","targetHints":{"allow":["GET"]}}],"collection":[{"href":"https:\/\/jinsuncarbon.com\/tr\/wp-json\/wp\/v2\/product"}],"about":[{"href":"https:\/\/jinsuncarbon.com\/tr\/wp-json\/wp\/v2\/types\/product"}],"wp:featuredmedia":[{"embeddable":true,"href":"https:\/\/jinsuncarbon.com\/tr\/wp-json\/wp\/v2\/media\/7143"}],"wp:attachment":[{"href":"https:\/\/jinsuncarbon.com\/tr\/wp-json\/wp\/v2\/media?parent=7139"}],"wp:term":[{"taxonomy":"product_brand","embeddable":true,"href":"https:\/\/jinsuncarbon.com\/tr\/wp-json\/wp\/v2\/product_brand?post=7139"},{"taxonomy":"product_cat","embeddable":true,"href":"https:\/\/jinsuncarbon.com\/tr\/wp-json\/wp\/v2\/product_cat?post=7139"},{"taxonomy":"product_tag","embeddable":true,"href":"https:\/\/jinsuncarbon.com\/tr\/wp-json\/wp\/v2\/product_tag?post=7139"}],"curies":[{"name":"wp","href":"https:\/\/api.w.org\/{rel}","templated":true}]}}