{"id":7131,"date":"2024-12-26T11:06:15","date_gmt":"2024-12-26T11:06:15","guid":{"rendered":"https:\/\/jinsuncarbon.com\/?post_type=product&#038;p=7131"},"modified":"2024-12-26T11:06:16","modified_gmt":"2024-12-26T11:06:16","slug":"grafit-kaynak-cubugu","status":"publish","type":"product","link":"https:\/\/jinsuncarbon.com\/tr\/urun\/grafit-kaynak-cubugu\/","title":{"rendered":"Grafit Kaynak \u00c7ubu\u011fu"},"content":{"rendered":"<h2>Sat\u0131l\u0131k Grafit Kaynak \u00c7ubu\u011fu<\/h2>\n<p>Genel olarak grafit kaynak \u00e7ubu\u011fu \u00e7ubuk \u015feklindedir. Avantajlar\u0131 olduk\u00e7a fazlad\u0131r.<\/p>\n<p><strong><b>E<\/b><\/strong><strong><b>m\u00fckemmel y\u00fcksek s\u0131cakl\u0131k dayan\u0131m\u0131<\/b><\/strong><\/p>\n<p>Y\u00fcksek s\u0131cakl\u0131k ortam\u0131nda kararl\u0131 olabilir. Kaynak i\u015fleminde, kaynak par\u00e7alar\u0131n\u0131n yap\u0131sal b\u00fct\u00fcnl\u00fc\u011f\u00fcn\u00fc sa\u011flamak i\u00e7in deformasyonu eritmek kolay de\u011fildir.<\/p>\n<p>&nbsp;<\/p>\n<p><strong><b>G<\/b><\/strong><strong><b>iyi elektrik iletkenli\u011fi<\/b><\/strong><\/p>\n<p>Kaynak devresindeki ak\u0131m\u0131 etkili bir \u015fekilde iletebilir, kaynak ark\u0131n\u0131n kararl\u0131 yanmas\u0131n\u0131 sa\u011flayabilir. B\u00f6ylece y\u00fcksek kaliteli kaynak ba\u011flant\u0131s\u0131 elde edilir.<\/p>\n<p>&nbsp;<\/p>\n<p><strong><b>R<\/b><\/strong><strong><b>nispeten istikrarl\u0131<\/b><\/strong><strong><b>\u00a0<\/b><\/strong><strong><b>ki\u0307myasal \u00f6zelli\u0307kler<\/b><\/strong><\/p>\n<p>Belirli bir dereceye kadar kimyasal erozyona dayanabilir. Ve karma\u015f\u0131k ortamlarda \u00e7evredeki ortamla olumsuz reaksiyon olas\u0131l\u0131\u011f\u0131n\u0131 azalt\u0131r.<\/p>\n<p>&nbsp;<\/p>\n<p><strong><b>C<\/b><\/strong><strong><b>Belirli bir kayganl\u0131k<\/b><\/strong><\/p>\n<p>Bu, kaynak i\u015fleminde lehimin akmas\u0131na ve dolmas\u0131na yard\u0131mc\u0131 olur, b\u00f6ylece kaynak daha d\u00fczg\u00fcn ve yo\u011fun olur.<\/p>\n<p>&nbsp;<\/p>\n<p><strong><b>Orta d\u00fczeyde<\/b><\/strong><strong><b>\u00a0<\/b><\/strong><strong><b>mekanik dayan\u0131m<\/b><\/strong><\/p>\n<p>Kaynakl\u0131 ba\u011flant\u0131lar\u0131n sa\u011flaml\u0131\u011f\u0131n\u0131 sa\u011flamak i\u00e7in belirli bir d\u0131\u015f etkiye dayanabilir.<\/p>\n<p>&nbsp;<\/p>\n<p><strong><b>L<\/b><\/strong><strong><b>ow \u0131s\u0131l genle\u015fme katsay\u0131s\u0131<\/b><\/strong><\/p>\n<p>Kaynak sonras\u0131 so\u011futma i\u015flemi s\u0131ras\u0131nda termal genle\u015fme ve daralman\u0131n neden oldu\u011fu i\u00e7 gerilimi etkili bir \u015fekilde azaltabilir. Ve kaynak \u00e7atlaklar\u0131 riskini azalt\u0131r. Bu, \u00f6zellikle y\u00fcksek hassasiyet ve stabilite gerektiren baz\u0131 kaynak yap\u0131lar\u0131 i\u00e7in \u00f6nemlidir.<\/p>\n<p><strong><b>\u00a0<\/b><\/strong><\/p>\n<h2>Grafit kaynak \u00e7ubuklar\u0131n\u0131n \u00e7e\u015fitleri<\/h2>\n<p>Jinsun karbon grafit kaynak \u00e7ubu\u011fu esas olarak a\u015fa\u011f\u0131daki tiplere sahiptir.<\/p>\n<p><strong>Grafit i\u00e7eri\u011fine g\u00f6re s\u0131n\u0131fland\u0131r\u0131lm\u0131\u015ft\u0131r: <\/strong><\/p>\n<p><strong><b>H<\/b><\/strong><strong><b>y\u00fcksek grafi\u0307t i\u0307\u00e7eri\u0307kli\u0307 elektrot<\/b><\/strong><\/p>\n<p>Grafit i\u00e7eri\u011fi 80% ve \u00fczeri olan bu elektrot, daha iyi iletkenli\u011fe ve y\u00fcksek s\u0131cakl\u0131k direncine sahiptir. Elektrikli ekipman kaynak onar\u0131m\u0131ndaki iletken par\u00e7alar gibi y\u00fcksek iletkenlik gereksinimleri olan metal ba\u011flant\u0131lar i\u00e7in uygundur.<\/p>\n<p>&nbsp;<\/p>\n<p><strong><b>Orta<\/b><\/strong>\u00a0<strong><b>grafit i\u00e7erikli elektrot<\/b><\/strong><\/p>\n<p>Bu <a href=\"https:\/\/jinsuncarbon.com\/tr\/grafi%cc%87t-nedi%cc%87r-ve-grafi%cc%87t-neyden-yapilir\/\">grafit<\/a> i\u00e7erik 60% ve 80% aras\u0131ndad\u0131r, kapsaml\u0131 performans daha dengelidir. Belirli bir elektrik iletkenli\u011fi ve y\u00fcksek s\u0131cakl\u0131k direnci sa\u011flayabilir, ancak ayn\u0131 zamanda iyi bir \u00e7al\u0131\u015fabilirli\u011fe sahiptir. Genel end\u00fcstriyel ekipmanlar\u0131n kayna\u011f\u0131nda s\u0131kl\u0131kla kullanabilirsiniz. S\u0131radan mekanik par\u00e7alar\u0131n onar\u0131m\u0131 ve ba\u011flant\u0131s\u0131 gibi.<\/p>\n<p>&nbsp;<\/p>\n<p><strong><b>Eklenen malzemelerin s\u0131n\u0131fland\u0131rmas\u0131na g\u00f6re: <\/b><\/strong><\/p>\n<p><strong><b>M<\/b><\/strong><strong><b>etal eklendi <\/b><\/strong><strong><b>grafit kaynak \u00e7ubu\u011fu<\/b><\/strong><\/p>\n<p>Gibi ekleme <a href=\"https:\/\/www.britannica.com\/science\/copper#:~:text=copper%20(Cu)%2C%20chemical%20element,conductor%20of%20electricity%20and%20heat.\" target=\"_blank\" rel=\"noopener\">bak\u0131r<\/a>grafitin performans\u0131n\u0131 sa\u011flamak temelinde g\u00fcm\u00fc\u015f ve di\u011fer metal tozu. Bunlar, daha b\u00fcy\u00fck mekanik stres alt\u0131ndaki par\u00e7alar\u0131n kayna\u011f\u0131 i\u00e7in uygun olan elektrotun mukavemetini ve toklu\u011funu art\u0131r\u0131r. Madencilik makineleri, in\u015faat makineleri anahtar bile\u015fenleri kayna\u011f\u0131 gibi.<\/p>\n<p>&nbsp;<\/p>\n<p><strong><b>Seramik ekleme tipi <\/b><\/strong><strong><b>grafit kaynak \u00e7ubu\u011fu<\/b><\/strong><\/p>\n<p>Seramik partik\u00fcllerin eklenmesi, a\u015f\u0131nma direncini ve korozyon direncini artt\u0131r\u0131r. <a href=\"https:\/\/jinsuncarbon.com\/tr\/urun\/grafit-cubuk-elektrot\/\">elektrot<\/a>. Par\u00e7a kayna\u011f\u0131n\u0131n sert a\u015f\u0131nma ve korozyon ortam\u0131nda kullanabilirsiniz. Kimyasal ekipmandaki kar\u0131\u015ft\u0131rma k\u00fcre\u011fi, boru hatt\u0131 valfi onar\u0131m\u0131 gibi.<\/p>\n<p>&nbsp;<\/p>\n<p><strong><b>\u00c7apa g\u00f6re s\u0131n\u0131fland\u0131rma:<\/b><\/strong><\/p>\n<p><strong><b>F<\/b><\/strong><strong><b>ine \u00e7ap <\/b><\/strong><strong><b>grafit kaynak \u00e7ubu\u011fu<\/b><\/strong><\/p>\n<p>\u00c7ap genellikle 2mm-4mm aras\u0131ndad\u0131r, kullan\u0131m\u0131 kolayd\u0131r, ince kaynak ve ince duvarl\u0131 par\u00e7alar\u0131n kayna\u011f\u0131 i\u00e7in uygundur. Kaynak \u0131s\u0131 giri\u015fini do\u011fru bir \u015fekilde kontrol edebilir, ana metal \u00fczerindeki \u0131s\u0131 etkisini azaltabilir.<\/p>\n<p><strong><b>\u00a0<\/b><\/strong><\/p>\n<p><strong><b>Kal\u0131n \u00e7ap <\/b><\/strong><strong><b>grafit kaynak \u00e7ubu\u011fu<\/b><\/strong><\/p>\n<p>6mm-10mm ve \u00fczeri \u00e7ap, y\u00fcksek biriktirme verimlili\u011fi. B\u00fcy\u00fck kal\u0131n duvar par\u00e7alar\u0131n\u0131n kayna\u011f\u0131 i\u00e7in uygundur, kayna\u011f\u0131 h\u0131zl\u0131 bir \u015fekilde doldurabilir, kaynak verimlili\u011fini art\u0131rabilir.<\/p>\n<p><strong><b>\u00a0<\/b><\/strong><\/p>\n<h2>Grafit kaynak \u00e7ubuklar\u0131n\u0131n kullan\u0131m alanlar\u0131<\/h2>\n<p>Grafit kaynak \u00e7ubu\u011fu yayg\u0131n olarak kullan\u0131lmaktad\u0131r.<\/p>\n<p><strong><b>Tala\u015fl\u0131 imalat ve \u00fcretim alan\u0131nda<\/b><\/strong><\/p>\n<p>Torna tak\u0131mlar\u0131n\u0131, freze b\u0131\u00e7aklar\u0131n\u0131 ve di\u011fer tak\u0131mlar\u0131 ve kal\u0131plar\u0131 onarmak i\u00e7in kullanabilirsiniz. Hizmet \u00f6m\u00fcrlerini uzatabilir, do\u011fruluk ve y\u00fczey kalitesi sa\u011flayabilir.<\/p>\n<p>&nbsp;<\/p>\n<p><strong><b>Elektrik enerjisi alan\u0131nda<\/b><\/strong><\/p>\n<p>Kararl\u0131 ve g\u00fcvenilir g\u00fc\u00e7 iletimi sa\u011flamak i\u00e7in transformat\u00f6rleri, motor iletken par\u00e7alar\u0131n\u0131 ve topraklama cihazlar\u0131n\u0131 onarmak i\u00e7in kullanabilirsiniz.<\/p>\n<p>&nbsp;<\/p>\n<p><strong><b>Kimya ve metal\u00fcrji end\u00fcstrileri<\/b><\/strong><\/p>\n<p>Reakt\u00f6r\u00fc, boru hatt\u0131n\u0131 onarmak i\u00e7in kullanabilirsiniz, <a href=\"https:\/\/en.wikipedia.org\/wiki\/Furnace_(central_heating)\" target=\"_blank\" rel=\"noopener\">F\u0131r\u0131n<\/a> par\u00e7alar vb. Ekipman de\u011fi\u015ftirme maliyetlerini azaltabilir, \u00fcretimi koruyabilir.<\/p>\n<p>&nbsp;<\/p>\n<p><strong><b>Otomotiv ve Denizcilik onar\u0131m\u0131 alan\u0131nda<\/b><\/strong><\/p>\n<p>Performans ve g\u00fcvenli navigasyon sa\u011flamak i\u00e7in motor d\u00f6kme demir bile\u015fenlerini ve Denizcilik bile\u015fenlerini onarmak i\u00e7in kullanabilirsiniz.<\/p>","protected":false},"excerpt":{"rendered":"<p>Grafit kaynak \u00e7ubu\u011fu, ana hammadde olarak y\u00fcksek safl\u0131kta grafitten yap\u0131lm\u0131\u015f, uygun miktarda ba\u015fka metal veya metal olmayan toz ekleyen bir t\u00fcr kaynak malzemesidir. \u0130yi elektrik iletkenli\u011fi, y\u00fcksek s\u0131cakl\u0131k direnci ve belirli bir mekanik mukavemeti ile benzersiz fiziksel ve kimyasal \u00f6zelliklere sahiptir, her t\u00fcrl\u00fc kaynak onar\u0131m ve ba\u011flant\u0131 i\u015fleminde m\u00fckemmel performans, son derece uyarlanabilir profesyonel bir malzemedir. Belirli ko\u015fullar alt\u0131nda kaynak ihtiya\u00e7lar\u0131n\u0131 kar\u015f\u0131layabilir.<\/p>","protected":false},"featured_media":7132,"template":"","meta":[],"product_brand":[],"product_cat":[38],"product_tag":[],"class_list":{"0":"post-7131","1":"product","2":"type-product","3":"status-publish","4":"has-post-thumbnail","6":"product_cat-graphite-products","8":"first","9":"instock","10":"shipping-taxable","11":"product-type-simple"},"yoast_head":"<!-- This site is optimized with the Yoast SEO Premium plugin v19.2.1 (Yoast SEO v25.3) - https:\/\/yoast.com\/wordpress\/plugins\/seo\/ -->\n<title>Graphite Welding Rod | Jinsun Carbon<\/title>\n<meta name=\"robots\" content=\"index, follow, max-snippet:-1, max-image-preview:large, max-video-preview:-1\" \/>\n<link rel=\"canonical\" href=\"https:\/\/jinsuncarbon.com\/tr\/urun\/grafit-kaynak-cubugu\/\" \/>\n<meta property=\"og:locale\" content=\"tr_TR\" \/>\n<meta property=\"og:type\" content=\"article\" \/>\n<meta property=\"og:title\" content=\"Graphite Welding Rod\" \/>\n<meta property=\"og:description\" content=\"Graphite welding rod is a kind of welding material made of high purity graphite as the main raw material, adding an appropriate amount of other metal or non-metal powder. It has unique physical and chemical properties, with its good electrical conductivity, high temperature resistance and a certain mechanical strength, in all kinds of welding repair and connection process excellent performance is a highly adaptable professional material. It can meet the welding needs under specific conditions.\" \/>\n<meta property=\"og:url\" content=\"https:\/\/jinsuncarbon.com\/tr\/urun\/grafit-kaynak-cubugu\/\" \/>\n<meta property=\"og:site_name\" content=\"Jinsun Carbon\" \/>\n<meta property=\"article:publisher\" content=\"https:\/\/www.facebook.com\/Graphite-Electrode-109336238661595\" \/>\n<meta property=\"article:modified_time\" content=\"2024-12-26T11:06:16+00:00\" \/>\n<meta property=\"og:image\" content=\"https:\/\/jinsuncarbon.com\/wp-content\/uploads\/2024\/12\/graphite-welding-rod.jpg\" \/>\n\t<meta property=\"og:image:width\" content=\"1024\" \/>\n\t<meta property=\"og:image:height\" content=\"763\" \/>\n\t<meta property=\"og:image:type\" content=\"image\/jpeg\" \/>\n<meta name=\"twitter:card\" content=\"summary_large_image\" \/>\n<meta name=\"twitter:site\" content=\"@jinsuncarbon_\" \/>\n<meta name=\"twitter:label1\" content=\"Tahmini okuma s\u00fcresi\" \/>\n\t<meta name=\"twitter:data1\" content=\"3 dakika\" \/>\n<script type=\"application\/ld+json\" class=\"yoast-schema-graph\">{\"@context\":\"https:\/\/schema.org\",\"@graph\":[{\"@type\":\"WebPage\",\"@id\":\"https:\/\/jinsuncarbon.com\/product\/graphite-welding-rod\/\",\"url\":\"https:\/\/jinsuncarbon.com\/product\/graphite-welding-rod\/\",\"name\":\"Graphite Welding Rod | Jinsun Carbon\",\"isPartOf\":{\"@id\":\"https:\/\/jinsuncarbon.com\/#website\"},\"primaryImageOfPage\":{\"@id\":\"https:\/\/jinsuncarbon.com\/product\/graphite-welding-rod\/#primaryimage\"},\"image\":{\"@id\":\"https:\/\/jinsuncarbon.com\/product\/graphite-welding-rod\/#primaryimage\"},\"thumbnailUrl\":\"https:\/\/jinsuncarbon.com\/wp-content\/uploads\/2024\/12\/graphite-welding-rod.jpg\",\"datePublished\":\"2024-12-26T11:06:15+00:00\",\"dateModified\":\"2024-12-26T11:06:16+00:00\",\"breadcrumb\":{\"@id\":\"https:\/\/jinsuncarbon.com\/product\/graphite-welding-rod\/#breadcrumb\"},\"inLanguage\":\"tr\",\"potentialAction\":[{\"@type\":\"ReadAction\",\"target\":[\"https:\/\/jinsuncarbon.com\/product\/graphite-welding-rod\/\"]}]},{\"@type\":\"ImageObject\",\"inLanguage\":\"tr\",\"@id\":\"https:\/\/jinsuncarbon.com\/product\/graphite-welding-rod\/#primaryimage\",\"url\":\"https:\/\/jinsuncarbon.com\/wp-content\/uploads\/2024\/12\/graphite-welding-rod.jpg\",\"contentUrl\":\"https:\/\/jinsuncarbon.com\/wp-content\/uploads\/2024\/12\/graphite-welding-rod.jpg\",\"width\":1024,\"height\":763,\"caption\":\"graphite welding rod\"},{\"@type\":\"BreadcrumbList\",\"@id\":\"https:\/\/jinsuncarbon.com\/product\/graphite-welding-rod\/#breadcrumb\",\"itemListElement\":[{\"@type\":\"ListItem\",\"position\":1,\"name\":\"Home\",\"item\":\"https:\/\/jinsuncarbon.com\/\"},{\"@type\":\"ListItem\",\"position\":2,\"name\":\"Products\",\"item\":\"https:\/\/jinsuncarbon.com\/graphite-carbon\/\"},{\"@type\":\"ListItem\",\"position\":3,\"name\":\"Graphite Welding Rod\"}]},{\"@type\":\"WebSite\",\"@id\":\"https:\/\/jinsuncarbon.com\/#website\",\"url\":\"https:\/\/jinsuncarbon.com\/\",\"name\":\"Jinsun Carbon\",\"description\":\"We are the successful graphite electrode manufacturer in China\",\"publisher\":{\"@id\":\"https:\/\/jinsuncarbon.com\/#organization\"},\"potentialAction\":[{\"@type\":\"SearchAction\",\"target\":{\"@type\":\"EntryPoint\",\"urlTemplate\":\"https:\/\/jinsuncarbon.com\/?s={search_term_string}\"},\"query-input\":{\"@type\":\"PropertyValueSpecification\",\"valueRequired\":true,\"valueName\":\"search_term_string\"}}],\"inLanguage\":\"tr\"},{\"@type\":\"Organization\",\"@id\":\"https:\/\/jinsuncarbon.com\/#organization\",\"name\":\"Jinsun Carbon\",\"alternateName\":\"Jinsun Carbon\",\"url\":\"https:\/\/jinsuncarbon.com\/\",\"logo\":{\"@type\":\"ImageObject\",\"inLanguage\":\"tr\",\"@id\":\"https:\/\/jinsuncarbon.com\/#\/schema\/logo\/image\/\",\"url\":\"https:\/\/jinsuncarbon.com\/wp-content\/uploads\/2022\/12\/LOGO-1.png\",\"contentUrl\":\"https:\/\/jinsuncarbon.com\/wp-content\/uploads\/2022\/12\/LOGO-1.png\",\"width\":207,\"height\":80,\"caption\":\"Jinsun Carbon\"},\"image\":{\"@id\":\"https:\/\/jinsuncarbon.com\/#\/schema\/logo\/image\/\"},\"sameAs\":[\"https:\/\/www.facebook.com\/Graphite-Electrode-109336238661595\",\"https:\/\/x.com\/jinsuncarbon_\",\"https:\/\/www.linkedin.com\/in\/jinsungraphite\",\"https:\/\/www.youtube.com\/channel\/UCysDNyvyR5-3cCWEmpkVC0g\"]}]}<\/script>\n<!-- \/ Yoast SEO Premium plugin. -->","yoast_head_json":{"title":"Grafit Kaynak \u00c7ubu\u011fu | Jinsun Carbon","robots":{"index":"index","follow":"follow","max-snippet":"max-snippet:-1","max-image-preview":"max-image-preview:large","max-video-preview":"max-video-preview:-1"},"canonical":"https:\/\/jinsuncarbon.com\/tr\/urun\/grafit-kaynak-cubugu\/","og_locale":"tr_TR","og_type":"article","og_title":"Graphite Welding Rod","og_description":"Graphite welding rod is a kind of welding material made of high purity graphite as the main raw material, adding an appropriate amount of other metal or non-metal powder. It has unique physical and chemical properties, with its good electrical conductivity, high temperature resistance and a certain mechanical strength, in all kinds of welding repair and connection process excellent performance is a highly adaptable professional material. It can meet the welding needs under specific conditions.","og_url":"https:\/\/jinsuncarbon.com\/tr\/urun\/grafit-kaynak-cubugu\/","og_site_name":"Jinsun Carbon","article_publisher":"https:\/\/www.facebook.com\/Graphite-Electrode-109336238661595","article_modified_time":"2024-12-26T11:06:16+00:00","og_image":[{"width":1024,"height":763,"url":"https:\/\/jinsuncarbon.com\/wp-content\/uploads\/2024\/12\/graphite-welding-rod.jpg","type":"image\/jpeg"}],"twitter_card":"summary_large_image","twitter_site":"@jinsuncarbon_","twitter_misc":{"Tahmini okuma s\u00fcresi":"3 dakika"},"schema":{"@context":"https:\/\/schema.org","@graph":[{"@type":"WebPage","@id":"https:\/\/jinsuncarbon.com\/product\/graphite-welding-rod\/","url":"https:\/\/jinsuncarbon.com\/product\/graphite-welding-rod\/","name":"Grafit Kaynak \u00c7ubu\u011fu | Jinsun Carbon","isPartOf":{"@id":"https:\/\/jinsuncarbon.com\/#website"},"primaryImageOfPage":{"@id":"https:\/\/jinsuncarbon.com\/product\/graphite-welding-rod\/#primaryimage"},"image":{"@id":"https:\/\/jinsuncarbon.com\/product\/graphite-welding-rod\/#primaryimage"},"thumbnailUrl":"https:\/\/jinsuncarbon.com\/wp-content\/uploads\/2024\/12\/graphite-welding-rod.jpg","datePublished":"2024-12-26T11:06:15+00:00","dateModified":"2024-12-26T11:06:16+00:00","breadcrumb":{"@id":"https:\/\/jinsuncarbon.com\/product\/graphite-welding-rod\/#breadcrumb"},"inLanguage":"tr","potentialAction":[{"@type":"ReadAction","target":["https:\/\/jinsuncarbon.com\/product\/graphite-welding-rod\/"]}]},{"@type":"ImageObject","inLanguage":"tr","@id":"https:\/\/jinsuncarbon.com\/product\/graphite-welding-rod\/#primaryimage","url":"https:\/\/jinsuncarbon.com\/wp-content\/uploads\/2024\/12\/graphite-welding-rod.jpg","contentUrl":"https:\/\/jinsuncarbon.com\/wp-content\/uploads\/2024\/12\/graphite-welding-rod.jpg","width":1024,"height":763,"caption":"graphite welding rod"},{"@type":"BreadcrumbList","@id":"https:\/\/jinsuncarbon.com\/product\/graphite-welding-rod\/#breadcrumb","itemListElement":[{"@type":"ListItem","position":1,"name":"Home","item":"https:\/\/jinsuncarbon.com\/"},{"@type":"ListItem","position":2,"name":"Products","item":"https:\/\/jinsuncarbon.com\/graphite-carbon\/"},{"@type":"ListItem","position":3,"name":"Graphite Welding Rod"}]},{"@type":"WebSite","@id":"https:\/\/jinsuncarbon.com\/#website","url":"https:\/\/jinsuncarbon.com\/","name":"Jinsun Karbon","description":"\u00c7in'deki ba\u015far\u0131l\u0131 grafit elektrot \u00fcreticisiyiz","publisher":{"@id":"https:\/\/jinsuncarbon.com\/#organization"},"potentialAction":[{"@type":"SearchAction","target":{"@type":"EntryPoint","urlTemplate":"https:\/\/jinsuncarbon.com\/?s={search_term_string}"},"query-input":{"@type":"PropertyValueSpecification","valueRequired":true,"valueName":"search_term_string"}}],"inLanguage":"tr"},{"@type":"Organization","@id":"https:\/\/jinsuncarbon.com\/#organization","name":"Jinsun Karbon","alternateName":"Jinsun Carbon","url":"https:\/\/jinsuncarbon.com\/","logo":{"@type":"ImageObject","inLanguage":"tr","@id":"https:\/\/jinsuncarbon.com\/#\/schema\/logo\/image\/","url":"https:\/\/jinsuncarbon.com\/wp-content\/uploads\/2022\/12\/LOGO-1.png","contentUrl":"https:\/\/jinsuncarbon.com\/wp-content\/uploads\/2022\/12\/LOGO-1.png","width":207,"height":80,"caption":"Jinsun Carbon"},"image":{"@id":"https:\/\/jinsuncarbon.com\/#\/schema\/logo\/image\/"},"sameAs":["https:\/\/www.facebook.com\/Graphite-Electrode-109336238661595","https:\/\/x.com\/jinsuncarbon_","https:\/\/www.linkedin.com\/in\/jinsungraphite","https:\/\/www.youtube.com\/channel\/UCysDNyvyR5-3cCWEmpkVC0g"]}]}},"_links":{"self":[{"href":"https:\/\/jinsuncarbon.com\/tr\/wp-json\/wp\/v2\/product\/7131","targetHints":{"allow":["GET"]}}],"collection":[{"href":"https:\/\/jinsuncarbon.com\/tr\/wp-json\/wp\/v2\/product"}],"about":[{"href":"https:\/\/jinsuncarbon.com\/tr\/wp-json\/wp\/v2\/types\/product"}],"wp:featuredmedia":[{"embeddable":true,"href":"https:\/\/jinsuncarbon.com\/tr\/wp-json\/wp\/v2\/media\/7132"}],"wp:attachment":[{"href":"https:\/\/jinsuncarbon.com\/tr\/wp-json\/wp\/v2\/media?parent=7131"}],"wp:term":[{"taxonomy":"product_brand","embeddable":true,"href":"https:\/\/jinsuncarbon.com\/tr\/wp-json\/wp\/v2\/product_brand?post=7131"},{"taxonomy":"product_cat","embeddable":true,"href":"https:\/\/jinsuncarbon.com\/tr\/wp-json\/wp\/v2\/product_cat?post=7131"},{"taxonomy":"product_tag","embeddable":true,"href":"https:\/\/jinsuncarbon.com\/tr\/wp-json\/wp\/v2\/product_tag?post=7131"}],"curies":[{"name":"wp","href":"https:\/\/api.w.org\/{rel}","templated":true}]}}